{"id":1221,"date":"2013-08-23T10:31:53","date_gmt":"2013-08-23T08:31:53","guid":{"rendered":"https:\/\/pcs-miete.de\/?page_id=1221"},"modified":"2023-07-05T14:30:41","modified_gmt":"2023-07-05T12:30:41","slug":"%d8%ad%d9%88%d8%a7%d9%85%d9%84-%d9%84%d8%b4%d8%a7%d8%b4%d8%a7%d8%aa-%d8%a7%d9%84%d8%b9%d8%b1%d8%b6-%d9%88%d8%a3%d8%ac%d9%87%d8%b2%d8%a9-%d8%a7%d9%84%d8%b9%d8%b1%d8%b6","status":"publish","type":"page","link":"https:\/\/konferenztechnik.de\/ar\/%d8%aa%d9%88%d8%b2%d9%8a%d8%b9-%d8%aa%d9%83%d9%86%d9%88%d9%84%d9%88%d8%ac%d9%8a%d8%a7-%d8%a7%d9%84%d9%85%d8%a4%d8%aa%d9%85%d8%b1%d8%a7%d8%aa-%d9%88%d9%88%d8%b3%d8%a7%d8%a6%d8%b7-%d8%a7%d9%84%d8%a5\/%d8%aa%d9%82%d9%86%d9%8a%d8%a9-%d8%a7%d9%84%d9%81%d9%8a%d8%af%d9%8a%d9%88\/%d8%ad%d9%88%d8%a7%d9%85%d9%84-%d9%84%d8%b4%d8%a7%d8%b4%d8%a7%d8%aa-%d8%a7%d9%84%d8%b9%d8%b1%d8%b6-%d9%88%d8%a3%d8%ac%d9%87%d8%b2%d8%a9-%d8%a7%d9%84%d8%b9%d8%b1%d8%b6\/","title":{"rendered":"\u062d\u0648\u0627\u0645\u0644 \u0644\u0644\u0634\u0627\u0634\u0627\u062a \u0648\u0623\u062c\u0647\u0632\u0629 \u0627\u0644\u0639\u0631\u0636"},"content":{"rendered":"<h1>\u062d\u0648\u0627\u0645\u0644 \u0644\u0644\u0634\u0627\u0634\u0627\u062a \u0648\u0623\u062c\u0647\u0632\u0629 \u0627\u0644\u0639\u0631\u0636<\/h1>\n<p>\u0633\u062a\u062c\u062f \u0641\u064a \u0645\u062c\u0645\u0648\u0639\u062a\u0646\u0627 \u062d\u0648\u0627\u0645\u0644 \u0644\u0645\u062c\u0645\u0648\u0639\u0629 \u0645\u062a\u0646\u0648\u0639\u0629 \u0645\u0646 \u0627\u0644\u062a\u0637\u0628\u064a\u0642\u0627\u062a: \u0633\u0648\u0627\u0621 \u0643\u0627\u0646 \u062c\u0647\u0627\u0632\u064b\u0627 \u0644\u0648\u062d\u064a\u064b\u0627 (\u0645\u062b\u0644 iPad) \u0623\u0648 \u062c\u0647\u0627\u0632 \u0639\u0631\u0636 \u0623\u0648 \u062d\u0627\u0626\u0637 \u0641\u064a\u062f\u064a\u0648\u060c \u0633\u0648\u0627\u0621 \u0643\u0627\u0646 \u062c\u0647\u0627\u0632\u064b\u0627 \u0644\u0648\u062d\u064a\u064b\u0627 (\u0645\u062b\u0644 iPad) \u0623\u0648 \u062c\u0647\u0627\u0632 \u0639\u0631\u0636 \u0623\u0648 \u062d\u0627\u0626\u0637 \u0641\u064a\u062f\u064a\u0648\u060c \u064a\u0648\u0636\u0639 \u0639\u0644\u0649 \u0627\u0644\u0623\u0631\u0636 \u0623\u0648 \u064a\u062a\u062f\u0644\u0649 \u0645\u0646 \u0627\u0644\u0633\u0642\u0641 \u0623\u0648 \u064a\u0639\u0644\u0642 \u0639\u0644\u0649 \u0627\u0644\u062d\u0627\u0626\u0637.<\/p>\n<p>\u062f\u0639 \u0645\u062c\u0645\u0648\u0639\u062a\u0646\u0627 \u0627\u0644\u0645\u062e\u062a\u0627\u0631\u0629 \u0645\u0646 \u0627\u0644\u0623\u0642\u0648\u0627\u0633 \u062a\u0642\u0646\u0639\u0643 \u0648\u0627\u062a\u0635\u0644 \u0628\u0646\u0627 \u0628\u0628\u0633\u0627\u0637\u0629 \u0625\u0630\u0627 \u0643\u0646\u062a \u0628\u062d\u0627\u062c\u0629 \u0625\u0644\u0649 \u0645\u0633\u0627\u0639\u062f\u0629 \u0641\u064a \u0627\u062e\u062a\u064a\u0627\u0631\u0643. \u0643\u0645\u0627 \u0646\u0642\u062f\u0645 \u0623\u064a\u0636\u0627\u064b \u062d\u0644\u0648\u0644\u0627\u064b \u062e\u0627\u0635\u0629 \u0648\u0645\u0646\u062a\u062c\u0627\u062a \u0645\u062e\u0635\u0635\u0629. \u062a\u062d\u062f\u062b \u0625\u0644\u0649 \u0641\u0631\u064a\u0642 \u0627\u0644\u062e\u062f\u0645\u0629 \u0644\u062f\u064a\u0646\u0627. \u0646\u062d\u0646 \u0646\u062a\u0637\u0644\u0639 \u0625\u0644\u0649 \u0627\u062a\u0635\u0627\u0644\u0643.<\/p>\n<h4>\u0623\u0642\u0648\u0627\u0633 \u0627\u0644\u062d\u0627\u0626\u0637<\/h4>\n<p><a href=\"\/ar\/%d8%aa%d9%88%d8%b2%d9%8a%d8%b9-%d8%aa%d9%83%d9%86%d9%88%d9%84%d9%88%d8%ac%d9%8a%d8%a7-%d8%a7%d9%84%d9%85%d8%a4%d8%aa%d9%85%d8%b1%d8%a7%d8%aa-%d9%88%d9%88%d8%b3%d8%a7%d8%a6%d8%b7-%d8%a7%d9%84%d8%a5\/%d8%aa%d9%82%d9%86%d9%8a%d8%a9-%d8%a7%d9%84%d9%81%d9%8a%d8%af%d9%8a%d9%88\/%d8%ad%d9%88%d8%a7%d9%85%d9%84-%d9%84%d8%b4%d8%a7%d8%b4%d8%a7%d8%aa-%d8%a7%d9%84%d8%b9%d8%b1%d8%b6-%d9%88%d8%a3%d8%ac%d9%87%d8%b2%d8%a9-%d8%a7%d9%84%d8%b9%d8%b1%d8%b6\/%d8%a3%d9%82%d9%88%d8%a7%d8%b3-%d8%a7%d9%84%d8%ad%d8%a7%d8%a6%d8%b7\/\"><img fetchpriority=\"high\" decoding=\"async\" width=\"288\" height=\"198\" class=\"alignleft size-full wp-image-1356\" src=\"https:\/\/konferenztechnik.de\/wp-content\/uploads\/2013\/08\/01-wandhalterungen-fuer-projektoren.jpg\" alt=\"\u062d\u0648\u0627\u0645\u0644 \u062c\u062f\u0627\u0631\u064a\u0629 \u0644\u0623\u062c\u0647\u0632\u0629 \u0627\u0644\u0639\u0631\u0636\" title=\"\"><\/a><\/p>\n<p>\u062d\u0648\u0627\u0645\u0644 \u0644\u0634\u0627\u0634\u0627\u062a \u0627\u0644\u0639\u0631\u0636 \u0623\u0648 \u0623\u062c\u0647\u0632\u0629 \u0627\u0644\u0639\u0631\u0636 \u0623\u0648 \u0627\u0644\u0623\u062c\u0647\u0632\u0629 \u0627\u0644\u0644\u0648\u062d\u064a\u0629 \u0623\u0648 \u0627\u0644\u0643\u0627\u0645\u064a\u0631\u0627\u062a \u0623\u0648 \u062c\u062f\u0631\u0627\u0646 \u0627\u0644\u0641\u064a\u062f\u064a\u0648<\/p>\n<p><a class=\"weiter\" href=\"\/ar\/%d8%aa%d9%88%d8%b2%d9%8a%d8%b9-%d8%aa%d9%83%d9%86%d9%88%d9%84%d9%88%d8%ac%d9%8a%d8%a7-%d8%a7%d9%84%d9%85%d8%a4%d8%aa%d9%85%d8%b1%d8%a7%d8%aa-%d9%88%d9%88%d8%b3%d8%a7%d8%a6%d8%b7-%d8%a7%d9%84%d8%a5\/%d8%aa%d9%82%d9%86%d9%8a%d8%a9-%d8%a7%d9%84%d9%81%d9%8a%d8%af%d9%8a%d9%88\/%d8%ad%d9%88%d8%a7%d9%85%d9%84-%d9%84%d8%b4%d8%a7%d8%b4%d8%a7%d8%aa-%d8%a7%d9%84%d8%b9%d8%b1%d8%b6-%d9%88%d8%a3%d8%ac%d9%87%d8%b2%d8%a9-%d8%a7%d9%84%d8%b9%d8%b1%d8%b6\/%d8%a3%d9%82%d9%88%d8%a7%d8%b3-%d8%a7%d9%84%d8%ad%d8%a7%d8%a6%d8%b7\/\">\u203a1T \u0627\u0644\u0645\u0632\u064a\u062f<\/a><\/p>\n<h4>\u062d\u0627\u0645\u0644 \u0623\u0631\u0636\u064a<\/h4>\n<p><a href=\"\/ar\/%d8%aa%d9%88%d8%b2%d9%8a%d8%b9-%d8%aa%d9%83%d9%86%d9%88%d9%84%d9%88%d8%ac%d9%8a%d8%a7-%d8%a7%d9%84%d9%85%d8%a4%d8%aa%d9%85%d8%b1%d8%a7%d8%aa-%d9%88%d9%88%d8%b3%d8%a7%d8%a6%d8%b7-%d8%a7%d9%84%d8%a5\/%d8%aa%d9%82%d9%86%d9%8a%d8%a9-%d8%a7%d9%84%d9%81%d9%8a%d8%af%d9%8a%d9%88\/%d8%ad%d9%88%d8%a7%d9%85%d9%84-%d9%84%d8%b4%d8%a7%d8%b4%d8%a7%d8%aa-%d8%a7%d9%84%d8%b9%d8%b1%d8%b6-%d9%88%d8%a3%d8%ac%d9%87%d8%b2%d8%a9-%d8%a7%d9%84%d8%b9%d8%b1%d8%b6\/%d8%ad%d8%a7%d9%85%d9%84-%d8%a3%d8%b1%d8%b6%d9%8a\/\"><img decoding=\"async\" width=\"288\" height=\"198\" class=\"alignleft size-full wp-image-1359\" src=\"https:\/\/konferenztechnik.de\/wp-content\/uploads\/2013\/08\/04-bodenstaender-fuer-projektoren.jpg\" alt=\"\u062d\u0627\u0645\u0644 \u0623\u0631\u0636\u064a \u0644\u0623\u062c\u0647\u0632\u0629 \u0627\u0644\u0639\u0631\u0636\" title=\"\"><\/a><\/p>\n<p>\u062d\u0648\u0627\u0645\u0644 \u0623\u0631\u0636\u064a\u0629 \u0644\u0623\u062c\u0647\u0632\u0629 \u0627\u0644\u0639\u0631\u0636 \u0648\u0634\u0627\u0634\u0627\u062a \u0627\u0644\u0639\u0631\u0636\u060c \u0648\u062d\u0648\u0627\u0645\u0644 \u0623\u0631\u0636\u064a\u0629 \u0645\u0646\u062e\u0641\u0636\u0629 \u0644\u0634\u0627\u0634\u0627\u062a \u0627\u0644\u0639\u0631\u0636\u060c \u0648\u062d\u0648\u0627\u0645\u0644 \u0623\u0631\u0636\u064a\u0629 \u064a\u0645\u0643\u0646 \u062a\u0641\u0643\u064a\u0643\u0647\u0627 \u0628\u0627\u0644\u0643\u0627\u0645\u0644\u060c \u0648\u0645\u0647\u0627\u064a\u0626 \u0648\u0644\u0648\u062d\u0627\u062a \u062f\u0639\u0645<\/p>\n<p><a class=\"weiter\" href=\"\/ar\/%d8%aa%d9%88%d8%b2%d9%8a%d8%b9-%d8%aa%d9%83%d9%86%d9%88%d9%84%d9%88%d8%ac%d9%8a%d8%a7-%d8%a7%d9%84%d9%85%d8%a4%d8%aa%d9%85%d8%b1%d8%a7%d8%aa-%d9%88%d9%88%d8%b3%d8%a7%d8%a6%d8%b7-%d8%a7%d9%84%d8%a5\/%d8%aa%d9%82%d9%86%d9%8a%d8%a9-%d8%a7%d9%84%d9%81%d9%8a%d8%af%d9%8a%d9%88\/%d8%ad%d9%88%d8%a7%d9%85%d9%84-%d9%84%d8%b4%d8%a7%d8%b4%d8%a7%d8%aa-%d8%a7%d9%84%d8%b9%d8%b1%d8%b6-%d9%88%d8%a3%d8%ac%d9%87%d8%b2%d8%a9-%d8%a7%d9%84%d8%b9%d8%b1%d8%b6\/%d8%ad%d8%a7%d9%85%d9%84-%d8%a3%d8%b1%d8%b6%d9%8a\/\">\u203a1T \u0627\u0644\u0645\u0632\u064a\u062f<\/a><\/p>\n<h4>\u062d\u0648\u0627\u0645\u0644 \u0627\u0644\u0633\u0642\u0641<\/h4>\n<p><a href=\"\/ar\/%d8%aa%d9%88%d8%b2%d9%8a%d8%b9-%d8%aa%d9%83%d9%86%d9%88%d9%84%d9%88%d8%ac%d9%8a%d8%a7-%d8%a7%d9%84%d9%85%d8%a4%d8%aa%d9%85%d8%b1%d8%a7%d8%aa-%d9%88%d9%88%d8%b3%d8%a7%d8%a6%d8%b7-%d8%a7%d9%84%d8%a5\/%d8%aa%d9%82%d9%86%d9%8a%d8%a9-%d8%a7%d9%84%d9%81%d9%8a%d8%af%d9%8a%d9%88\/%d8%ad%d9%88%d8%a7%d9%85%d9%84-%d9%84%d8%b4%d8%a7%d8%b4%d8%a7%d8%aa-%d8%a7%d9%84%d8%b9%d8%b1%d8%b6-%d9%88%d8%a3%d8%ac%d9%87%d8%b2%d8%a9-%d8%a7%d9%84%d8%b9%d8%b1%d8%b6\/%d8%ad%d9%88%d8%a7%d9%85%d9%84-%d8%a7%d9%84%d8%b3%d9%82%d9%81\/\"><img decoding=\"async\" width=\"288\" height=\"198\" class=\"alignleft size-full wp-image-1357\" src=\"https:\/\/konferenztechnik.de\/wp-content\/uploads\/2013\/08\/02-deckenhalterungen-fuer-projektoren.jpg\" alt=\"\u062d\u0648\u0627\u0645\u0644 \u0627\u0644\u0633\u0642\u0641 \u0644\u0623\u062c\u0647\u0632\u0629 \u0627\u0644\u0639\u0631\u0636\" title=\"\"><\/a><\/p>\n<p>\u0623\u0642\u0648\u0627\u0633 \u0628\u0623\u0637\u0648\u0627\u0644 \u0645\u062e\u062a\u0644\u0641\u0629\u060c \u0648\u0623\u0642\u0648\u0627\u0633 \u062f\u0648\u0631\u0627\u0646\u060c \u0648\u0623\u0637\u0642\u0645 \u0645\u0631\u0627\u064a\u0627\u060c \u0648\u0623\u0642\u0648\u0627\u0633 \u062a\u062b\u0628\u064a\u062a \u0644\u0644\u0639\u0648\u0627\u0631\u0636 \u0627\u0644\u0641\u0648\u0644\u0627\u0630\u064a\u0629<\/p>\n<p><a class=\"weiter\" href=\"\/ar\/%d8%aa%d9%88%d8%b2%d9%8a%d8%b9-%d8%aa%d9%83%d9%86%d9%88%d9%84%d9%88%d8%ac%d9%8a%d8%a7-%d8%a7%d9%84%d9%85%d8%a4%d8%aa%d9%85%d8%b1%d8%a7%d8%aa-%d9%88%d9%88%d8%b3%d8%a7%d8%a6%d8%b7-%d8%a7%d9%84%d8%a5\/%d8%aa%d9%82%d9%86%d9%8a%d8%a9-%d8%a7%d9%84%d9%81%d9%8a%d8%af%d9%8a%d9%88\/%d8%ad%d9%88%d8%a7%d9%85%d9%84-%d9%84%d8%b4%d8%a7%d8%b4%d8%a7%d8%aa-%d8%a7%d9%84%d8%b9%d8%b1%d8%b6-%d9%88%d8%a3%d8%ac%d9%87%d8%b2%d8%a9-%d8%a7%d9%84%d8%b9%d8%b1%d8%b6\/%d8%ad%d9%88%d8%a7%d9%85%d9%84-%d8%a7%d9%84%d8%b3%d9%82%d9%81\/\">\u203a1T \u0627\u0644\u0645\u0632\u064a\u062f<\/a><\/p>\n<h4>\u062f\u0639\u0627\u0645\u0627\u062a \u0627\u0644\u062c\u0645\u0627\u0644\u0648\u0646<\/h4>\n<p><a href=\"\/ar\/%d8%aa%d9%88%d8%b2%d9%8a%d8%b9-%d8%aa%d9%83%d9%86%d9%88%d9%84%d9%88%d8%ac%d9%8a%d8%a7-%d8%a7%d9%84%d9%85%d8%a4%d8%aa%d9%85%d8%b1%d8%a7%d8%aa-%d9%88%d9%88%d8%b3%d8%a7%d8%a6%d8%b7-%d8%a7%d9%84%d8%a5\/%d8%aa%d9%82%d9%86%d9%8a%d8%a9-%d8%a7%d9%84%d9%81%d9%8a%d8%af%d9%8a%d9%88\/%d8%ad%d9%88%d8%a7%d9%85%d9%84-%d9%84%d8%b4%d8%a7%d8%b4%d8%a7%d8%aa-%d8%a7%d9%84%d8%b9%d8%b1%d8%b6-%d9%88%d8%a3%d8%ac%d9%87%d8%b2%d8%a9-%d8%a7%d9%84%d8%b9%d8%b1%d8%b6\/%d8%af%d8%b9%d8%a7%d9%85%d8%a7%d8%aa-%d8%a7%d9%84%d8%ac%d9%85%d8%a7%d9%84%d9%88%d9%86\/\"><img loading=\"lazy\" decoding=\"async\" width=\"288\" height=\"198\" class=\"alignleft size-full wp-image-1358\" src=\"https:\/\/konferenztechnik.de\/wp-content\/uploads\/2013\/08\/03-trusshalterungen-fuer-projektoren.jpg\" alt=\"\u062d\u0648\u0627\u0645\u0644 \u0627\u0644\u062d\u0648\u0627\u0645\u0644 \u0644\u0623\u062c\u0647\u0632\u0629 \u0627\u0644\u0639\u0631\u0636\" title=\"\"><\/a><\/p>\n<p>\u062d\u0648\u0627\u0645\u0644 \u0627\u0644\u062d\u0648\u0627\u0645\u0644 \u0644\u0634\u0627\u0634\u0627\u062a \u0627\u0644\u0639\u0631\u0636 \u0648\u0623\u062c\u0647\u0632\u0629 \u0627\u0644\u0639\u0631\u0636\u060c \u0648\u062d\u0648\u0627\u0645\u0644 \u0645\u0632\u0648\u062f\u0629 \u0628\u0623\u062c\u0647\u0632\u0629 \u0644\u0633\u0647\u0648\u0644\u0629 \u0627\u0644\u0636\u0628\u0637 \u0627\u0644\u062f\u0642\u064a\u0642\u060c \u0648\u0625\u0637\u0627\u0631\u0627\u062a \u0645\u0643\u062f\u0633\u0629 (\u0645\u0628\u064a\u062a \u0648\u0627\u0642\u064a)\u060c \u0648\u062d\u0648\u0627\u0645\u0644 \u0644\u0644\u062a\u0631\u0643\u064a\u0628 \u0627\u0644\u0633\u0631\u064a\u0639 \u0644\u0644\u063a\u0627\u064a\u0629 \u0644\u0634\u0631\u0643\u0627\u062a \u062a\u0623\u062c\u064a\u0631 \u0627\u0644\u062a\u0643\u0646\u0648\u0644\u0648\u062c\u064a\u0627<\/p>\n<p><a class=\"weiter\" title=\"\u062f\u0648\u0631\u0629 \u0627\u0644\u062e\u0631\u064a\u0641 \u0627\u0644\u062a\u062f\u0631\u064a\u0628\u064a\u0629 \u0644\u0644\u0645\u062a\u0631\u062c\u0645\u064a\u0646 \u0627\u0644\u0641\u0648\u0631\u064a\u064a\u0646\" href=\"\/ar\/%d8%aa%d9%88%d8%b2%d9%8a%d8%b9-%d8%aa%d9%83%d9%86%d9%88%d9%84%d9%88%d8%ac%d9%8a%d8%a7-%d8%a7%d9%84%d9%85%d8%a4%d8%aa%d9%85%d8%b1%d8%a7%d8%aa-%d9%88%d9%88%d8%b3%d8%a7%d8%a6%d8%b7-%d8%a7%d9%84%d8%a5\/%d8%aa%d9%82%d9%86%d9%8a%d8%a9-%d8%a7%d9%84%d9%81%d9%8a%d8%af%d9%8a%d9%88\/%d8%ad%d9%88%d8%a7%d9%85%d9%84-%d9%84%d8%b4%d8%a7%d8%b4%d8%a7%d8%aa-%d8%a7%d9%84%d8%b9%d8%b1%d8%b6-%d9%88%d8%a3%d8%ac%d9%87%d8%b2%d8%a9-%d8%a7%d9%84%d8%b9%d8%b1%d8%b6\/%d8%af%d8%b9%d8%a7%d9%85%d8%a7%d8%aa-%d8%a7%d9%84%d8%ac%d9%85%d8%a7%d9%84%d9%88%d9%86\/\">\u203a1T \u0627\u0644\u0645\u0632\u064a\u062f<\/a><\/p>\n<h4>\u0623\u062b\u0627\u062b \u0627\u0644\u0645\u0624\u062a\u0645\u0631\u0627\u062a<\/h4>\n<p><a href=\"\/ar\/%d8%aa%d9%88%d8%b2%d9%8a%d8%b9-%d8%aa%d9%83%d9%86%d9%88%d9%84%d9%88%d8%ac%d9%8a%d8%a7-%d8%a7%d9%84%d9%85%d8%a4%d8%aa%d9%85%d8%b1%d8%a7%d8%aa-%d9%88%d9%88%d8%b3%d8%a7%d8%a6%d8%b7-%d8%a7%d9%84%d8%a5\/%d8%aa%d9%82%d9%86%d9%8a%d8%a9-%d8%a7%d9%84%d9%81%d9%8a%d8%af%d9%8a%d9%88\/%d8%ad%d9%88%d8%a7%d9%85%d9%84-%d9%84%d8%b4%d8%a7%d8%b4%d8%a7%d8%aa-%d8%a7%d9%84%d8%b9%d8%b1%d8%b6-%d9%88%d8%a3%d8%ac%d9%87%d8%b2%d8%a9-%d8%a7%d9%84%d8%b9%d8%b1%d8%b6\/%d8%a3%d8%ab%d8%a7%d8%ab-%d8%a7%d9%84%d9%85%d8%a4%d8%aa%d9%85%d8%b1%d8%a7%d8%aa\/\"><img loading=\"lazy\" decoding=\"async\" width=\"288\" height=\"191\" class=\"alignleft size-full wp-image-4381\" src=\"https:\/\/konferenztechnik.de\/wp-content\/uploads\/2013\/08\/konferenzmoebel.jpg\" alt=\"\u0623\u062b\u0627\u062b \u0627\u0644\u0645\u0624\u062a\u0645\u0631\u0627\u062a\" title=\"\"><\/a><\/p>\n<p>\u062e\u0632\u0627\u0626\u0646 \u0644\u0623\u0646\u0638\u0645\u0629 \u0645\u0624\u062a\u0645\u0631\u0627\u062a \u0627\u0644\u0641\u064a\u062f\u064a\u0648\u060c \u0648\u0623\u0644\u0648\u0627\u062d \u0628\u064a\u0636\u0627\u0621 \u0623\u0648 \u0634\u0627\u0634\u0627\u062a \u0639\u0631\u0636\u060c \u0648\u062d\u0648\u0627\u0645\u0644 \u0644\u0623\u062c\u0647\u0632\u0629 \u0627\u0644\u0639\u0631\u0636\u060c \u0648\u062d\u0644\u0648\u0644 \u0645\u062a\u0646\u0642\u0644\u0629 \u0639\u0644\u0649 \u0639\u062c\u0644\u0627\u062a<\/p>\n<p><a class=\"weiter\" title=\"\u062f\u0648\u0631\u0629 \u0627\u0644\u062e\u0631\u064a\u0641 \u0627\u0644\u062a\u062f\u0631\u064a\u0628\u064a\u0629 \u0644\u0644\u0645\u062a\u0631\u062c\u0645\u064a\u0646 \u0627\u0644\u0641\u0648\u0631\u064a\u064a\u0646\" href=\"\/ar\/%d8%aa%d9%88%d8%b2%d9%8a%d8%b9-%d8%aa%d9%83%d9%86%d9%88%d9%84%d9%88%d8%ac%d9%8a%d8%a7-%d8%a7%d9%84%d9%85%d8%a4%d8%aa%d9%85%d8%b1%d8%a7%d8%aa-%d9%88%d9%88%d8%b3%d8%a7%d8%a6%d8%b7-%d8%a7%d9%84%d8%a5\/%d8%aa%d9%82%d9%86%d9%8a%d8%a9-%d8%a7%d9%84%d9%81%d9%8a%d8%af%d9%8a%d9%88\/%d8%ad%d9%88%d8%a7%d9%85%d9%84-%d9%84%d8%b4%d8%a7%d8%b4%d8%a7%d8%aa-%d8%a7%d9%84%d8%b9%d8%b1%d8%b6-%d9%88%d8%a3%d8%ac%d9%87%d8%b2%d8%a9-%d8%a7%d9%84%d8%b9%d8%b1%d8%b6\/%d8%a3%d8%ab%d8%a7%d8%ab-%d8%a7%d9%84%d9%85%d8%a4%d8%aa%d9%85%d8%b1%d8%a7%d8%aa\/\">\u203a1T \u0627\u0644\u0645\u0632\u064a\u062f<\/a><\/p>\n<h4>\u0623\u0642\u0648\u0627\u0633 \u062e\u0627\u0635\u0629<\/h4>\n<p><a href=\"\/ar\/%d8%aa%d9%88%d8%b2%d9%8a%d8%b9-%d8%aa%d9%83%d9%86%d9%88%d9%84%d9%88%d8%ac%d9%8a%d8%a7-%d8%a7%d9%84%d9%85%d8%a4%d8%aa%d9%85%d8%b1%d8%a7%d8%aa-%d9%88%d9%88%d8%b3%d8%a7%d8%a6%d8%b7-%d8%a7%d9%84%d8%a5\/%d8%aa%d9%82%d9%86%d9%8a%d8%a9-%d8%a7%d9%84%d9%81%d9%8a%d8%af%d9%8a%d9%88\/%d8%ad%d9%88%d8%a7%d9%85%d9%84-%d9%84%d8%b4%d8%a7%d8%b4%d8%a7%d8%aa-%d8%a7%d9%84%d8%b9%d8%b1%d8%b6-%d9%88%d8%a3%d8%ac%d9%87%d8%b2%d8%a9-%d8%a7%d9%84%d8%b9%d8%b1%d8%b6\/%d8%a3%d9%82%d9%88%d8%a7%d8%b3-%d8%ae%d8%a7%d8%b5%d8%a9\/\"><img loading=\"lazy\" decoding=\"async\" width=\"288\" height=\"191\" class=\"alignleft size-full wp-image-4484\" src=\"https:\/\/konferenztechnik.de\/wp-content\/uploads\/2013\/08\/pcs-spezialanwendungen.jpg\" alt=\"\u062d\u0648\u0627\u0645\u0644 \u0644\u0634\u0627\u0634\u0627\u062a \u0627\u0644\u0639\u0631\u0636 \u0648\u0623\u062c\u0647\u0632\u0629 \u0627\u0644\u0639\u0631\u0636: \u062d\u0648\u0627\u0645\u0644 \u062e\u0627\u0635\u0629\" title=\"\"><\/a><\/p>\n<p>\u062d\u0648\u0627\u0645\u0644 \u0627\u0644\u062d\u0648\u0627\u0633\u064a\u0628 \u0627\u0644\u0644\u0648\u062d\u064a\u0629 (\u0645\u062b\u0644 iPad) \u0644\u0644\u062c\u062f\u0631\u0627\u0646 \u0648\u0627\u0644\u0623\u0631\u0636\u064a\u0627\u062a\u060c \u0648\u062d\u0648\u0627\u0645\u0644 \u062d\u0648\u0627\u0626\u0637 \u0627\u0644\u0641\u064a\u062f\u064a\u0648\u060c \u0648\u0625\u0637\u0627\u0631\u0627\u062a \u0627\u0644\u062a\u0643\u062f\u064a\u0633\u060c \u0648\u062d\u0648\u0627\u0645\u0644 \u0627\u0644\u062d\u0648\u0627\u0641 \u0648\u0627\u0644\u0644\u0645\u0633 (\u062d\u0648\u0627\u0645\u0644 \u0627\u0644\u0637\u0627\u0648\u0644\u0629 \u0644\u0644\u0634\u0627\u0634\u0627\u062a \u0627\u0644\u062a\u064a \u062a\u0639\u0645\u0644 \u0628\u0627\u0644\u0644\u0645\u0633)<\/p>\n<p><a class=\"weiter\" title=\"\u0623\u0642\u0648\u0627\u0633 \u062e\u0627\u0635\u0629\" href=\"\/ar\/%d8%aa%d9%88%d8%b2%d9%8a%d8%b9-%d8%aa%d9%83%d9%86%d9%88%d9%84%d9%88%d8%ac%d9%8a%d8%a7-%d8%a7%d9%84%d9%85%d8%a4%d8%aa%d9%85%d8%b1%d8%a7%d8%aa-%d9%88%d9%88%d8%b3%d8%a7%d8%a6%d8%b7-%d8%a7%d9%84%d8%a5\/%d8%aa%d9%82%d9%86%d9%8a%d8%a9-%d8%a7%d9%84%d9%81%d9%8a%d8%af%d9%8a%d9%88\/%d8%ad%d9%88%d8%a7%d9%85%d9%84-%d9%84%d8%b4%d8%a7%d8%b4%d8%a7%d8%aa-%d8%a7%d9%84%d8%b9%d8%b1%d8%b6-%d9%88%d8%a3%d8%ac%d9%87%d8%b2%d8%a9-%d8%a7%d9%84%d8%b9%d8%b1%d8%b6\/%d8%a3%d9%82%d9%88%d8%a7%d8%b3-%d8%ae%d8%a7%d8%b5%d8%a9\/\">\u203a1T \u0627\u0644\u0645\u0632\u064a\u062f<\/a><\/p>","protected":false},"excerpt":{"rendered":"<p>Halterungen f\u00fcr Displays und Projektoren In unserem Sortiment finden Sie Halterungen f\u00fcr die unterschiedlichsten Anwendungsgebiete: Ob Tablet (z. B. iPad), Display Projektor oder Videowall, auf den Boden gestellt, von der Decke h\u00e4ngend oder and der Wand befestigt. Lassen Sie sich von unserer Auswahl an Halterungen \u00fcberzeugen und kontaktieren Sie uns einfach, wenn Sie Unterst\u00fctzung bei [&hellip;]<\/p>","protected":false},"author":1,"featured_media":45482,"parent":1138,"menu_order":228,"comment_status":"closed","ping_status":"open","template":"","meta":{"_acf_changed":false,"footnotes":""},"class_list":["post-1221","page","type-page","status-publish","has-post-thumbnail","hentry"],"acf":[],"_links":{"self":[{"href":"https:\/\/konferenztechnik.de\/ar\/wp-json\/wp\/v2\/pages\/1221","targetHints":{"allow":["GET"]}}],"collection":[{"href":"https:\/\/konferenztechnik.de\/ar\/wp-json\/wp\/v2\/pages"}],"about":[{"href":"https:\/\/konferenztechnik.de\/ar\/wp-json\/wp\/v2\/types\/page"}],"author":[{"embeddable":true,"href":"https:\/\/konferenztechnik.de\/ar\/wp-json\/wp\/v2\/users\/1"}],"replies":[{"embeddable":true,"href":"https:\/\/konferenztechnik.de\/ar\/wp-json\/wp\/v2\/comments?post=1221"}],"version-history":[{"count":0,"href":"https:\/\/konferenztechnik.de\/ar\/wp-json\/wp\/v2\/pages\/1221\/revisions"}],"up":[{"embeddable":true,"href":"https:\/\/konferenztechnik.de\/ar\/wp-json\/wp\/v2\/pages\/1138"}],"wp:featuredmedia":[{"embeddable":true,"href":"https:\/\/konferenztechnik.de\/ar\/wp-json\/wp\/v2\/media\/45482"}],"wp:attachment":[{"href":"https:\/\/konferenztechnik.de\/ar\/wp-json\/wp\/v2\/media?parent=1221"}],"curies":[{"name":"\u062f\u0628\u0644\u064a\u0648 \u0628\u064a","href":"https:\/\/api.w.org\/{rel}","templated":true}]}}