{"id":1230,"date":"2013-08-23T11:04:32","date_gmt":"2013-08-23T09:04:32","guid":{"rendered":"https:\/\/pcs-miete.de\/?page_id=1230"},"modified":"2023-07-05T14:31:24","modified_gmt":"2023-07-05T12:31:24","slug":"%d8%a7%d9%84%d8%b3%d9%83%d9%86","status":"publish","type":"page","link":"https:\/\/konferenztechnik.de\/ar\/%d8%aa%d9%88%d8%b2%d9%8a%d8%b9-%d8%aa%d9%83%d9%86%d9%88%d9%84%d9%88%d8%ac%d9%8a%d8%a7-%d8%a7%d9%84%d9%85%d8%a4%d8%aa%d9%85%d8%b1%d8%a7%d8%aa-%d9%88%d9%88%d8%b3%d8%a7%d8%a6%d8%b7-%d8%a7%d9%84%d8%a5\/%d8%aa%d9%82%d9%86%d9%8a%d8%a9-%d8%a7%d9%84%d9%81%d9%8a%d8%af%d9%8a%d9%88\/%d8%a7%d9%84%d8%b3%d9%83%d9%86\/","title":{"rendered":"\u0627\u0644\u0625\u0633\u0643\u0627\u0646"},"content":{"rendered":"<h1>\u0627\u0644\u0625\u0633\u0643\u0627\u0646<\/h1>\n<h2>\u0627\u0644\u0639\u0644\u0628 \u0627\u0644\u0645\u0627\u0646\u0639\u0629 \u0644\u0644\u0633\u0631\u0642\u0629 \u0644\u0623\u062c\u0647\u0632\u0629 \u0627\u0644\u0639\u0631\u0636<\/h2>\n<p><a href=\"https:\/\/konferenztechnik.de\/wp-content\/uploads\/2013\/08\/Audipack_GehaeuseAntidiebstahl.jpg\"><img fetchpriority=\"high\" decoding=\"async\" width=\"792\" height=\"594\" class=\"alignleft size-full wp-image-2428\" src=\"https:\/\/konferenztechnik.de\/wp-content\/uploads\/2013\/08\/Audipack_GehaeuseAntidiebstahl.jpg\" alt=\"\u0645\u0628\u064a\u062a \u0645\u0627\u0646\u0639 \u0644\u0644\u0633\u0631\u0642\u0629 \u0644\u0623\u062c\u0647\u0632\u0629 \u0627\u0644\u0639\u0631\u0636\" title=\"\" srcset=\"https:\/\/konferenztechnik.de\/wp-content\/uploads\/2013\/08\/Audipack_GehaeuseAntidiebstahl.jpg 792w, https:\/\/konferenztechnik.de\/wp-content\/uploads\/2013\/08\/Audipack_GehaeuseAntidiebstahl-300x225.jpg 300w, https:\/\/konferenztechnik.de\/wp-content\/uploads\/2013\/08\/Audipack_GehaeuseAntidiebstahl-768x576.jpg 768w\" sizes=\"(max-width: 792px) 100vw, 792px\" \/><\/a><\/p>\n<p>\u0645\u0628\u064a\u062a \u0645\u0636\u0627\u062f \u0644\u0644\u0633\u0631\u0642\u0629 \u0644\u0623\u062c\u0647\u0632\u0629 \u0627\u0644\u0639\u0631\u0636 \u0628\u0647\u064a\u0643\u0644 \u0645\u0639\u062f\u0646\u064a \u0645\u0641\u062a\u0648\u062d \u0644\u0644\u0627\u0633\u062a\u062e\u062f\u0627\u0645 \u0627\u0644\u062f\u0627\u062e\u0644\u064a \u0648\u0627\u0644\u062e\u0627\u0631\u062c\u064a. \u0627\u0644\u062c\u0632\u0621 \u0627\u0644\u0623\u0645\u0627\u0645\u064a \u0645\u0646 \u0627\u0644\u063a\u0644\u0627\u0641 \u0645\u0641\u062a\u0648\u062d \u0648\u0645\u062b\u0628\u062a \u0628\u0642\u0636\u064a\u0628\u064a\u0646 \u0645\u0636\u0627\u062f\u064a\u0646 \u0644\u0644\u0633\u0631\u0642\u0629. \u064a\u0645\u0643\u0646 \u0648\u0636\u0639 \u0627\u0644\u0642\u0636\u0628\u0627\u0646 \u0628\u0634\u0643\u0644 \u0645\u062e\u062a\u0644\u0641 \u0628\u062d\u064a\u062b \u062a\u0638\u0644 \u0639\u062f\u0633\u0629 \u062c\u0647\u0627\u0632 \u0627\u0644\u0639\u0631\u0636 \u062d\u0631\u0629 \u062f\u0627\u0626\u0645\u0627\u064b\u060c \u0648\u0630\u0644\u0643 \u062d\u0633\u0628 \u0627\u0644\u0634\u0631\u0643\u0629 \u0627\u0644\u0645\u0635\u0646\u0639\u0629. \u062a\u062a\u0648\u0641\u0631 \u0623\u064a\u0636\u064b\u0627 \u0623\u062d\u062c\u0627\u0645 \u0645\u062e\u062a\u0644\u0641\u0629 \u0644\u0644\u0645\u0628\u064a\u062a. \u064a\u062a\u0648\u0641\u0631 \u0627\u0644\u063a\u0644\u0627\u0641 \u0628\u0627\u0644\u0644\u0648\u0646 \u0627\u0644\u0631\u0645\u0627\u062f\u064a \u0623\u0648 \u0627\u0644\u0623\u0628\u064a\u0636. \u062a\u062a\u0648\u0641\u0631 \u0623\u0644\u0648\u0627\u0646 \u0623\u062e\u0631\u0649 \u0639\u0646\u062f \u0627\u0644\u0637\u0644\u0628. \u0645\u0646 \u0627\u0644\u0645\u0645\u0643\u0646 \u062a\u0631\u0643\u064a\u0628 \u0627\u0644\u063a\u0644\u0627\u0641 \u0628\u0646\u0638\u0627\u0645 \u0625\u0646\u0630\u0627\u0631.<\/p>\n<h2>\u062d\u0627\u0641\u0638\u0629 \u0627\u0644\u0643\u0645\u0628\u064a\u0648\u062a\u0631 \u0627\u0644\u0644\u0648\u062d\u064a TC-IPAD \u0644\u0623\u062c\u0647\u0632\u0629 iPad 1 \u06482 \u06483 \u06484<\/h2>\n<p><a href=\"https:\/\/konferenztechnik.de\/wp-content\/uploads\/2014\/02\/audipack-ipad-tablet-housing.jpg\"><img decoding=\"async\" width=\"450\" height=\"311\" class=\"alignleft size-full wp-image-4263\" src=\"https:\/\/konferenztechnik.de\/wp-content\/uploads\/2014\/02\/audipack-ipad-tablet-housing.jpg\" alt=\"\u0645\u0628\u064a\u062a \u062c\u0647\u0627\u0632 iPad \u0627\u0644\u0644\u0648\u062d\u064a\" title=\"\" srcset=\"https:\/\/konferenztechnik.de\/wp-content\/uploads\/2014\/02\/audipack-ipad-tablet-housing.jpg 450w, https:\/\/konferenztechnik.de\/wp-content\/uploads\/2014\/02\/audipack-ipad-tablet-housing-300x207.jpg 300w\" sizes=\"(max-width: 450px) 100vw, 450px\" \/><\/a><\/p>\n<p>\u062a\u062d\u0645\u064a \u062d\u0627\u0641\u0638\u0629 TC-iPad \u0628\u0623\u0646\u0627\u0642\u0629 \u062c\u0647\u0627\u0632 iPad \u0627\u0644\u062e\u0627\u0635 \u0628\u0643 \u0639\u0646\u062f \u062a\u0631\u0643\u064a\u0628\u0647 \u0623\u0648 \u0639\u0631\u0636\u0647 \u0641\u064a \u0627\u0644\u0623\u0645\u0627\u0643\u0646 \u0627\u0644\u0639\u0627\u0645\u0629.<br \/>\n\u064a\u0645\u0643\u0646 \u062a\u0623\u0645\u064a\u0646 \u062c\u0647\u0627\u0632 iPad \u0628\u0633\u0631\u0639\u0629 \u0641\u064a \u0627\u0644\u062d\u0627\u0641\u0638\u0629 \u0648\u0628\u0627\u0644\u062a\u0627\u0644\u064a \u0641\u0647\u0648 \u0645\u062d\u0645\u064a \u0628\u0634\u0643\u0644 \u0641\u0639\u0627\u0644 \u0636\u062f \u0627\u0644\u0633\u0631\u0642\u0629. \u0628\u0641\u0636\u0644 \u0646\u0638\u0627\u0645 Smart Keylock\u060c \u0644\u0627 \u064a\u0645\u0643\u0646 \u0631\u0624\u064a\u0629 \u0623\u064a \u062b\u0642\u0648\u0628 \u0645\u0641\u0627\u062a\u064a\u062d \u0623\u0648 \u0628\u0631\u0627\u063a\u064a \u0645\u0646 \u0627\u0644\u062e\u0627\u0631\u062c. \u064a\u0645\u0643\u0646 \u0627\u0633\u062a\u062e\u062f\u0627\u0645 \u062d\u0642\u064a\u0628\u0629 TC \u0625\u0645\u0627 \u0644\u0644\u062a\u062b\u0628\u064a\u062a \u0639\u0644\u0649 \u0627\u0644\u062d\u0627\u0626\u0637 \u0623\u0648 \u0645\u0639 \u062d\u0627\u0645\u0644 \u0627\u062e\u062a\u064a\u0627\u0631\u064a \u0643\u062d\u0627\u0645\u0644 \u0623\u0631\u0636\u064a.<\/p>\n<h2>\u0643\u0627\u062a\u0645 \u0627\u0644\u0635\u0648\u062a Audipack Silencer<\/h2>\n<p><a href=\"https:\/\/konferenztechnik.de\/wp-content\/uploads\/2013\/08\/Audipack_Silencer.jpg\"><img decoding=\"async\" width=\"792\" height=\"592\" class=\"alignleft size-full wp-image-2430\" src=\"https:\/\/konferenztechnik.de\/wp-content\/uploads\/2013\/08\/Audipack_Silencer.jpg\" alt=\"\u0643\u0627\u062a\u0645 \u0627\u0644\u0635\u0648\u062a Audipack Silencer\" title=\"\" srcset=\"https:\/\/konferenztechnik.de\/wp-content\/uploads\/2013\/08\/Audipack_Silencer.jpg 792w, https:\/\/konferenztechnik.de\/wp-content\/uploads\/2013\/08\/Audipack_Silencer-300x224.jpg 300w, https:\/\/konferenztechnik.de\/wp-content\/uploads\/2013\/08\/Audipack_Silencer-768x574.jpg 768w\" sizes=\"(max-width: 792px) 100vw, 792px\" \/><\/a><\/p>\n<p>\u062a\u064f\u0633\u062a\u062e\u062f\u0645 \u0643\u0648\u0627\u062a\u0645 \u0627\u0644\u0635\u0648\u062a \u0644\u062a\u062e\u0641\u064a\u0641 \u0636\u0648\u0636\u0627\u0621 \u062a\u0634\u063a\u064a\u0644 \u0623\u062c\u0647\u0632\u0629 \u0627\u0644\u0639\u0631\u0636 (\u0639\u0644\u0649 \u0633\u0628\u064a\u0644 \u0627\u0644\u0645\u062b\u0627\u0644 \u0641\u064a \u0627\u0644\u0645\u0633\u0627\u0631\u062d \u0623\u0648 \u0627\u0644\u0645\u062a\u0627\u062d\u0641 \u0623\u0648 \u062f\u0648\u0631 \u0627\u0644\u0623\u0648\u0628\u0631\u0627). \u064a\u062e\u0645\u062f \u0643\u0627\u062a\u0645 \u0627\u0644\u0635\u0648\u062a Audipack \u0627\u0644\u0636\u0648\u0636\u0627\u0621 \u0628\u062d\u0648\u0627\u0644\u064a 16 \u2013 20 \u062f\u064a\u0633\u064a\u0628\u0644. \u064a\u062a\u0645 \u062a\u0648\u0641\u064a\u0631 \u0643\u0627\u062a\u0645 \u0627\u0644\u0635\u0648\u062a \u0628\u0634\u0643\u0644 \u0642\u064a\u0627\u0633\u064a \u0645\u0639 \u0645\u0631\u0648\u062d\u062a\u064a\u0646 \u0648\u0646\u0627\u0641\u0630\u0629 \u0639\u0631\u0636 \u0623\u0645\u0627\u0645 \u0627\u0644\u0639\u062f\u0633\u0629. \u0644\u0627 \u064a\u0644\u0632\u0645 \u0648\u062c\u0648\u062f \u062d\u0627\u0645\u0644 \u0625\u0636\u0627\u0641\u064a \u0644\u062c\u0647\u0627\u0632 \u0627\u0644\u0639\u0631\u0636. \u062a\u0628\u0644\u063a \u0627\u0644\u0623\u0628\u0639\u0627\u062f \u0627\u0644\u0642\u064a\u0627\u0633\u064a\u0629 \u0644\u0644\u0645\u0628\u064a\u062a \u062d\u0648\u0627\u0644\u064a 978 \u0645\u0645 \u00d7 470 \u0645\u0645 \u00d7 1054 \u0645\u0645\u060c \u0648\u0644\u0643\u0646 \u064a\u0645\u0643\u0646 \u0623\u064a\u0636\u064b\u0627 \u062a\u0648\u0641\u064a\u0631 \u0625\u0635\u062f\u0627\u0631\u0627\u062a \u0645\u062e\u0635\u0635\u0629. \u0627\u0644\u0645\u0628\u064a\u062a \u0645\u0646\u0627\u0633\u0628 \u0644\u0644\u0627\u0633\u062a\u062e\u062f\u0627\u0645 \u0627\u0644\u062f\u0627\u062e\u0644\u064a \u0641\u0642\u0637. \u0627\u0644\u0623\u0644\u0648\u0627\u0646 \u0627\u0644\u0642\u064a\u0627\u0633\u064a\u0629 \u0647\u064a \u0627\u0644\u0623\u0633\u0648\u062f \u0623\u0648 \u0627\u0644\u0623\u0628\u064a\u0636 \u0623\u0648 \u0627\u0644\u0631\u0645\u0627\u062f\u064a\u060c \u0648\u064a\u0645\u0643\u0646 \u0628\u0627\u0644\u0637\u0628\u0639 \u062a\u0648\u0641\u064a\u0631 \u0623\u0644\u0648\u0627\u0646 \u062e\u0627\u0635\u0629.<\/p>\n<h2>\u0625\u0637\u0627\u0631 \u0627\u0644\u0634\u0627\u0634\u0629<\/h2>\n<p><a href=\"https:\/\/konferenztechnik.de\/wp-content\/uploads\/2013\/08\/Audipack_PanelRahmen.jpg\"><img loading=\"lazy\" decoding=\"async\" width=\"792\" height=\"594\" class=\"alignleft size-full wp-image-2429\" src=\"https:\/\/konferenztechnik.de\/wp-content\/uploads\/2013\/08\/Audipack_PanelRahmen.jpg\" alt=\"\u0625\u0637\u0627\u0631 \u0639\u0631\u0636 \u0623\u0648\u062f\u064a\u0628\u0627\u0643\" title=\"\" srcset=\"https:\/\/konferenztechnik.de\/wp-content\/uploads\/2013\/08\/Audipack_PanelRahmen.jpg 792w, https:\/\/konferenztechnik.de\/wp-content\/uploads\/2013\/08\/Audipack_PanelRahmen-300x225.jpg 300w, https:\/\/konferenztechnik.de\/wp-content\/uploads\/2013\/08\/Audipack_PanelRahmen-768x576.jpg 768w\" sizes=\"(max-width: 792px) 100vw, 792px\" \/><\/a><\/p>\n<p>\u0635\u064f\u0645\u0645\u062a \u0625\u0637\u0627\u0631\u0627\u062a \u0639\u0631\u0636 Audipack \u0644\u062a\u0637\u0628\u064a\u0642\u0627\u062a DOOH \u0627\u0644\u062f\u0627\u062e\u0644\u064a\u0629. \u064a\u062a\u0645 \u062a\u0631\u0643\u064a\u0628 \u0634\u0627\u0634\u0629 \u0627\u0644\u0639\u0631\u0636 \u0641\u064a \u0627\u0644\u0625\u0637\u0627\u0631\u060c \u0645\u0645\u0627 \u064a\u0645\u0646\u062d\u0647\u0627 \u0645\u0638\u0647\u0631\u064b\u0627 \u062c\u0630\u0627\u0628\u064b\u0627 \u0648\u064a\u062d\u0645\u064a\u0647\u0627 \u0645\u0646 \u0627\u0644\u062a\u0644\u0641 \u0648\u064a\u0642\u064a\u0647\u0627 \u0645\u0646 \u0627\u0644\u0633\u0631\u0642\u0629. \u064a\u062a\u0645\u064a\u0632 \u0625\u0637\u0627\u0631 \u0627\u0644\u0639\u0631\u0636 \u0628\u062a\u0635\u0645\u064a\u0645 \u0623\u0646\u064a\u0642 \u0648\u0645\u062a\u0648\u0641\u0631 \u0628\u0627\u0644\u0623\u0644\u0648\u0627\u0646 \u0627\u0644\u0623\u062d\u0645\u0631 \u0648\u0627\u0644\u0623\u0628\u064a\u0636 \u0648\u0627\u0644\u0623\u0632\u0631\u0642 \u0648\u0627\u0644\u0623\u0633\u0648\u062f \u0628\u0634\u0643\u0644 \u0642\u064a\u0627\u0633\u064a. \u0645\u0646 \u0627\u0644\u0645\u0645\u0643\u0646 \u0623\u064a\u0636\u0627\u064b \u0637\u0628\u0627\u0639\u0629 \u0627\u0644\u0634\u0639\u0627\u0631\u0627\u062a. \u0627\u0644\u0625\u0637\u0627\u0631 \u0645\u0646\u0627\u0633\u0628 \u0644\u0644\u062a\u0631\u0643\u064a\u0628 \u0639\u0644\u0649 \u0627\u0644\u062c\u062f\u0631\u0627\u0646 \u0648\u0627\u0644\u0623\u0633\u0642\u0641 \u0623\u0648 \u064a\u0645\u0643\u0646 \u062a\u0631\u0643\u064a\u0628\u0647 \u0639\u0644\u0649 \u062d\u0627\u0645\u0644 \u0623\u0631\u0636\u064a.<\/p>\n<h2>\u0623\u0646\u0638\u0645\u0629 \u0627\u0644\u0645\u0639\u0644\u0648\u0645\u0627\u062a Audipack Eye-Point<\/h2>\n<p><a href=\"https:\/\/konferenztechnik.de\/wp-content\/uploads\/2013\/08\/Audipack_EyePoint.jpg\"><img loading=\"lazy\" decoding=\"async\" width=\"792\" height=\"594\" class=\"alignleft size-full wp-image-2427\" src=\"https:\/\/konferenztechnik.de\/wp-content\/uploads\/2013\/08\/Audipack_EyePoint.jpg\" alt=\"\u0623\u0646\u0638\u0645\u0629 \u0627\u0644\u0645\u0639\u0644\u0648\u0645\u0627\u062a Audipack Eye-Point\" title=\"\" srcset=\"https:\/\/konferenztechnik.de\/wp-content\/uploads\/2013\/08\/Audipack_EyePoint.jpg 792w, https:\/\/konferenztechnik.de\/wp-content\/uploads\/2013\/08\/Audipack_EyePoint-300x225.jpg 300w, https:\/\/konferenztechnik.de\/wp-content\/uploads\/2013\/08\/Audipack_EyePoint-768x576.jpg 768w\" sizes=\"(max-width: 792px) 100vw, 792px\" \/><\/a><\/p>\n<p>Eye-Point \u0639\u0628\u0627\u0631\u0629 \u0639\u0646 \u062d\u0627\u0645\u0644 \u0645\u062a\u0646\u0642\u0644 \u064a\u0639\u0645\u0644 \u0643\u062d\u0627\u0645\u0644 \u0644\u0644\u0634\u0627\u0634\u0627\u062a \u0627\u0644\u0645\u0633\u0637\u062d\u0629. \u064a\u064f\u0639\u062f Eye-Point \u0637\u0631\u064a\u0642\u0629 \u0645\u0631\u0646\u0629 \u0644\u0644\u063a\u0627\u064a\u0629 \u0644\u0639\u0631\u0636 \u0627\u0644\u0639\u0631\u0648\u0636 \u0627\u0644\u062a\u0642\u062f\u064a\u0645\u064a\u0629 \u0627\u0644\u0645\u062a\u0646\u0642\u0644\u0629. \u0643\u0645\u0627 \u0623\u0646\u0647 \u0645\u062b\u0627\u0644\u064a \u0623\u064a\u0636\u0627\u064b \u0643\u0639\u0644\u0627\u0645\u0629 \u0625\u0631\u0634\u0627\u062f\u064a\u0629 \u0648\/\u0623\u0648 \u0646\u0638\u0627\u0645 \u0625\u0631\u0634\u0627\u062f\u064a \u0644\u0644\u0641\u0646\u0627\u062f\u0642 \u0648\u0645\u0631\u0627\u0643\u0632 \u0627\u0644\u0645\u0624\u062a\u0645\u0631\u0627\u062a. \u062a\u064f\u0639\u062f Eye-Point \u0645\u0644\u0641\u062a\u0629 \u0644\u0644\u0646\u0638\u0631 \u0648\u064a\u0645\u0643\u0646 \u062f\u0645\u062c\u0647\u0627 \u0628\u0633\u0647\u0648\u0644\u0629 \u0641\u064a \u0623\u064a \u0628\u064a\u0626\u0629. \u0627\u0644\u0634\u0627\u0634\u0629 \u0627\u0644\u0645\u0633\u0637\u062d\u0629 \u0645\u062e\u0641\u064a\u0629 \u0641\u064a \u0627\u0644\u0645\u0628\u064a\u062a \u0648\u0645\u062d\u0645\u064a\u0629 \u0641\u064a \u0627\u0644\u0648\u0642\u062a \u0646\u0641\u0633\u0647. \u064a\u062a\u0648\u0641\u0631 Eye-Point \u062d\u0627\u0644\u064a\u064b\u0627 \u0644\u0623\u062d\u062c\u0627\u0645 \u0627\u0644\u0634\u0627\u0634\u0627\u062a \u0645\u0646 102 \u0625\u0644\u0649 165 \u0633\u0646\u062a\u064a\u0645\u062a\u0631\u064b\u0627 (40 \u0625\u0644\u0649 65 \u0628\u0648\u0635\u0629)\u060c \u0633\u0648\u0627\u0621\u064b \u0641\u064a \u0627\u0644\u0634\u0643\u0644 \u0627\u0644\u0623\u0641\u0642\u064a \u0623\u0648 \u0627\u0644\u0631\u0623\u0633\u064a. \u064a\u0645\u0643\u0646 \u0627\u0644\u0627\u062e\u062a\u064a\u0627\u0631 \u0645\u0646 \u0628\u064a\u0646 \u0645\u062c\u0645\u0648\u0639\u0629 \u0648\u0627\u0633\u0639\u0629 \u0645\u0646 \u0627\u0644\u0623\u0644\u0648\u0627\u0646 \u0648\u0627\u0644\u0645\u0648\u0627\u062f \u0627\u0644\u062d\u062f\u064a\u062b\u0629. \u062a\u062d\u062a\u0648\u064a \u062c\u0645\u064a\u0639 \u0627\u0644\u0637\u0631\u0627\u0632\u0627\u062a \u0639\u0644\u0649 \u0630\u0631\u0627\u0639 \u062f\u0648\u0651\u0627\u0631 L&amp;S 5 \u0645\u062f\u0645\u062c \u0644\u0644\u0634\u0627\u0634\u0627\u062a \u0627\u0644\u0645\u0633\u0637\u062d\u0629 \u0628\u0634\u0643\u0644 \u0642\u064a\u0627\u0633\u064a\u060c \u0648\u0645\u0633\u0627\u062d\u0629 \u0643\u0628\u064a\u0631\u0629 \u0644\u062a\u0631\u0643\u064a\u0628 \u0623\u062c\u0647\u0632\u0629 \u0627\u0644\u0643\u0645\u0628\u064a\u0648\u062a\u0631 \u0627\u0644\u0634\u062e\u0635\u064a \u0648\u063a\u064a\u0631\u0647\u0627 \u0645\u0646 \u0627\u0644\u0645\u0639\u062f\u0627\u062a. \u0628\u0641\u0636\u0644 \u0646\u0638\u0627\u0645 \u0627\u0644\u062a\u0631\u0643\u064a\u0628 L&amp;S 5 \u0627\u0644\u0639\u0627\u0644\u0645\u064a\u060c \u064a\u0645\u0643\u0646 \u062a\u0631\u0643\u064a\u0628 \u0634\u0627\u0634\u0627\u062a \u0627\u0644\u0639\u0631\u0636 \u0645\u0646 \u062c\u0645\u064a\u0639 \u0627\u0644\u0634\u0631\u0643\u0627\u062a \u0627\u0644\u0645\u0635\u0646\u0639\u0629 \u0648\u0627\u0644\u0623\u0646\u0648\u0627\u0639 \u062a\u0642\u0631\u064a\u0628\u064b\u0627 \u0641\u064a Eye-Point.<\/p>\n<p>\u0634\u0631\u0643\u0629 PCS GmbH \u0647\u064a \u0627\u0644\u0645\u0648\u0632\u0639 \u0627\u0644\u0623\u0644\u0645\u0627\u0646\u064a \u0627\u0644\u0631\u0633\u0645\u064a \u0644\u0634\u0631\u0643\u0629 Audipack. \u0646\u062d\u0646 \u0646\u0648\u0641\u0631 \u0644\u0643 \u0645\u0634\u0648\u0631\u0629 \u0627\u0644\u062e\u0628\u0631\u0627\u0621 \u0648\u0623\u0648\u0642\u0627\u062a \u062a\u0633\u0644\u064a\u0645 \u0633\u0631\u064a\u0639\u0629.<\/p>\n<p><img loading=\"lazy\" decoding=\"async\" class=\"alignright size-full wp-image-5489\" src=\"https:\/\/konferenztechnik.de\/wp-content\/uploads\/2013\/09\/PCS-GmbH-Audipack-authorized-dealer-small.jpg\" alt=\"\u0634\u0631\u0643\u0629 PCS GmbH \u0647\u064a \u0648\u0643\u064a\u0644 \u0645\u0639\u062a\u0645\u062f \u0645\u0646 Audipack\" width=\"200\" height=\"81\" title=\"\"><\/p>","protected":false},"excerpt":{"rendered":"<p>Housing Diebstahl hemmende Geh\u00e4use f\u00fcr Beamer Anti-Diebstahlgeh\u00e4use f\u00fcr Projektoren in offener Metallstruktur f\u00fcr innen und au\u00dfen. Die Vorderseite des Geh\u00e4uses ist offen und wird durch zwei Anti-Diebstahl-St\u00e4be gesichert. Die St\u00e4be k\u00f6nnen verschieden positioniert werden, damit die Projektorlinse je nach Hersteller immer frei bleibt. Es sind au\u00dferdem verschiedene Geh\u00e4usegr\u00f6\u00dfen erh\u00e4ltlich. Das Geh\u00e4use ist in grau oder [&hellip;]<\/p>","protected":false},"author":1,"featured_media":45482,"parent":1138,"menu_order":226,"comment_status":"closed","ping_status":"open","template":"","meta":{"_acf_changed":false,"footnotes":""},"class_list":["post-1230","page","type-page","status-publish","has-post-thumbnail","hentry"],"acf":[],"_links":{"self":[{"href":"https:\/\/konferenztechnik.de\/ar\/wp-json\/wp\/v2\/pages\/1230","targetHints":{"allow":["GET"]}}],"collection":[{"href":"https:\/\/konferenztechnik.de\/ar\/wp-json\/wp\/v2\/pages"}],"about":[{"href":"https:\/\/konferenztechnik.de\/ar\/wp-json\/wp\/v2\/types\/page"}],"author":[{"embeddable":true,"href":"https:\/\/konferenztechnik.de\/ar\/wp-json\/wp\/v2\/users\/1"}],"replies":[{"embeddable":true,"href":"https:\/\/konferenztechnik.de\/ar\/wp-json\/wp\/v2\/comments?post=1230"}],"version-history":[{"count":0,"href":"https:\/\/konferenztechnik.de\/ar\/wp-json\/wp\/v2\/pages\/1230\/revisions"}],"up":[{"embeddable":true,"href":"https:\/\/konferenztechnik.de\/ar\/wp-json\/wp\/v2\/pages\/1138"}],"wp:featuredmedia":[{"embeddable":true,"href":"https:\/\/konferenztechnik.de\/ar\/wp-json\/wp\/v2\/media\/45482"}],"wp:attachment":[{"href":"https:\/\/konferenztechnik.de\/ar\/wp-json\/wp\/v2\/media?parent=1230"}],"curies":[{"name":"\u062f\u0628\u0644\u064a\u0648 \u0628\u064a","href":"https:\/\/api.w.org\/{rel}","templated":true}]}}