{"id":12352,"date":"2018-02-06T10:01:08","date_gmt":"2018-02-06T09:01:08","guid":{"rendered":"https:\/\/www.konferenztechnik.de\/?page_id=12352"},"modified":"2018-02-06T10:01:08","modified_gmt":"2018-02-06T09:01:08","slug":"%d8%a8%d9%88%d8%b4-%d8%af%d9%8a%d8%b3%d9%8a%d9%86%d8%aa%d9%8a%d8%b3-%d8%af%d9%8a%d8%b3%d9%8a%d9%86%d8%aa%d9%8a%d8%b3-%d8%a5%d9%8a%d8%af%d9%8a%d9%83","status":"publish","type":"page","link":"https:\/\/konferenztechnik.de\/ar\/%d8%a8%d9%88%d8%b4-%d8%af%d9%8a%d8%b3%d9%8a%d9%86%d8%aa%d9%8a%d8%b3-%d8%af%d9%8a%d8%b3%d9%8a%d9%86%d8%aa%d9%8a%d8%b3-%d8%a5%d9%8a%d8%af%d9%8a%d9%83\/","title":{"rendered":"\u0628\u0648\u0634 \u062f\u064a\u0633\u064a\u0646\u062a\u064a\u0633 \u0625\u064a\u062f\u0633\u0643 \u0645\u0646 \u0628\u0648\u0634 \u062f\u064a\u0633\u064a\u0646\u062a\u064a\u0633"},"content":{"rendered":"<h1>\u062d\u0644\u0648\u0644 \u0627\u0644\u062a\u0631\u062c\u0645\u0629 \u0627\u0644\u0641\u0648\u0631\u064a\u0629 Bosch Dicentis IDESK \u2013 IDESK \u2013<\/h1>\n<div class=\"call-action-slider-img\">\n<p><img decoding=\"async\" src=\"https:\/\/konferenztechnik.de\/wp-content\/uploads\/2018\/02\/bosch-dicentis-dolmetschpult-i-desk.jpg\" alt=\"\u0645\u0643\u062a\u0628 Bosch Dicentis Dicentis IDESK \u0644\u0644\u062a\u0631\u062c\u0645\u0629 \u0627\u0644\u0641\u0648\u0631\u064a\u0629 \u0641\u064a \u0627\u0644\u0645\u0642\u0635\u0648\u0631\u0629\" class=\"alignleft size-full wp-image-12412\" title=\"\"><\/p>\n<p><button class=\"bbtn popmake-12386\">\u0627\u0637\u0644\u0628 \u0639\u0631\u0636 \u0623\u0633\u0639\u0627\u0631 &#x9B;<\/button>\n<\/div>\n<p>\u0648\u062d\u062f\u0629 \u062a\u062d\u0643\u0645 \u0627\u0644\u0645\u062a\u0631\u062c\u0645 \u0627\u0644\u0641\u0648\u0631\u064a DICENTIS (I-DESK) \u0647\u064a \u0648\u062d\u062f\u0629 \u062a\u062d\u0643\u0645 \u0627\u0644\u0645\u062a\u0631\u062c\u0645 \u0627\u0644\u0641\u0648\u0631\u064a \u0627\u0644\u062c\u062f\u064a\u062f\u0629 \u0645\u0646 \u0628\u0648\u0634. \u0648\u0647\u064a \u062c\u0632\u0621 \u0645\u0646 \u0639\u0627\u0626\u0644\u0629 \u0645\u0646\u062a\u062c\u0627\u062a Dicentis \u0645\u0646 Bosch Dicentis \u0648\u062a\u0648\u0633\u0639\u0629 \u0646\u0638\u0627\u0645 Dicentis Interpreter Interpreter Solution System.<br \/>\n\u0645\u0646 \u062e\u0644\u0627\u0644 \u0648\u062d\u062f\u0629 \u0627\u0644\u062a\u062d\u0643\u0645 \u0641\u064a \u0627\u0644\u062a\u0631\u062c\u0645\u0629 \u0627\u0644\u0641\u0648\u0631\u064a\u0629 DICENTIS (I-DESK)\u060c \u062a\u0633\u062a\u062c\u064a\u0628 \u0628\u0648\u0634 \u0644\u0645\u062a\u0637\u0644\u0628\u0627\u062a \u0627\u0644\u0633\u0648\u0642 \u0627\u0644\u0645\u062a\u063a\u064a\u0631\u0629 \u0644\u062a\u0643\u0646\u0648\u0644\u0648\u062c\u064a\u0627 \u0627\u0644\u062a\u0631\u062c\u0645\u0629 \u0627\u0644\u0641\u0648\u0631\u064a\u0629 \u0641\u064a \u0627\u0644\u0633\u0646\u0648\u0627\u062a \u0627\u0644\u0623\u062e\u064a\u0631\u0629. \u0648\u064a\u0634\u0645\u0644 \u0630\u0644\u0643 \u062f\u0639\u0645 \u0645\u0627 \u064a\u0635\u0644 \u0625\u0644\u0649 100 \u0644\u063a\u0629 (\u0645\u0647\u0645 \u0628\u0634\u0643\u0644 \u062e\u0627\u0635 \u0639\u0644\u0649 \u0645\u0633\u062a\u0648\u0649 \u0627\u0644\u0627\u062a\u062d\u0627\u062f \u0627\u0644\u0623\u0648\u0631\u0648\u0628\u064a)\u060c \u0648\u0627\u0644\u0648\u0641\u0627\u0621 \u0628\u0645\u0639\u0627\u064a\u064a\u0631 \u0627\u0644\u0645\u0646\u0638\u0645\u0629 \u0627\u0644\u062f\u0648\u0644\u064a\u0629 \u0644\u062a\u0648\u062d\u064a\u062f \u0627\u0644\u0645\u0642\u0627\u064a\u064a\u0633 (ISO) \u0644\u062a\u0643\u0646\u0648\u0644\u0648\u062c\u064a\u0627 \u0627\u0644\u062a\u0631\u062c\u0645\u0629 \u0627\u0644\u0641\u0648\u0631\u064a\u0629 \u0648\u0627\u0644\u0645\u062a\u0637\u0644\u0628\u0627\u062a \u0627\u0644\u0641\u0646\u064a\u0629 \u0644\u0644\u062a\u0631\u0643\u064a\u0628\u0627\u062a \u0648\u062a\u0643\u0627\u0645\u0644 \u0627\u0644\u0646\u0638\u0627\u0645 (<a href=\"https:\/\/de.wikipedia.org\/wiki\/Dante_(Netzwerkprotokoll)\" target=\"_blank\" rel=\"noopener noreferrer\">\u0627\u0644\u0643\u0644\u0645\u0629 \u0627\u0644\u0631\u0626\u064a\u0633\u064a\u0629: \u062f\u0627\u0646\u062a\u064a<\/a>). \u0633\u064a\u064f\u0637\u0631\u062d \u0646\u0638\u0627\u0645 \u0627\u0644\u062a\u0631\u062c\u0645\u0629 \u0627\u0644\u0641\u0648\u0631\u064a\u0629 Dicentis \u0644\u0644\u0628\u064a\u0639 \u0641\u064a \u0635\u064a\u0641 2018\u060c \u0648\u0642\u062f \u0644\u062e\u0635\u0646\u0627 \u0644\u0643 \u0628\u0627\u0644\u0641\u0639\u0644 \u0623\u0647\u0645 \u0648\u0638\u0627\u0626\u0641 \u0627\u0644\u0646\u0638\u0627\u0645 \u0648\u0645\u0643\u0648\u0646\u0627\u062a\u0647.<\/p>\n<h2>\u0627\u0644\u0645\u0644\u0627\u0645\u062d \u0627\u0644\u0628\u0627\u0631\u0632\u0629 \u0644\u0648\u062d\u062f\u0629 \u062a\u062d\u0643\u0645 \u0645\u062a\u0631\u062c\u0645 DICENTIS (I-DESK)<\/h2>\n<p>[\u062d\u062c\u0645 \u0627\u0644\u0639\u0645\u0648\u062f=\"1-2\" \u0622\u062e\u0631=\"0\"]<img fetchpriority=\"high\" decoding=\"async\" width=\"850\" height=\"680\" src=\"https:\/\/konferenztechnik.de\/wp-content\/uploads\/2018\/01\/bosch-dicentis-i-desk-2.jpg\" alt=\"\u0628\u0648\u0634 Dicentis Dicentis DCNM-IDESK \u0627\u0644\u0623\u0645\u0627\u0645\u064a\" class=\"alignleft size-full wp-image-12425\" title=\"\" srcset=\"https:\/\/konferenztechnik.de\/wp-content\/uploads\/2018\/01\/bosch-dicentis-i-desk-2.jpg 850w, https:\/\/konferenztechnik.de\/wp-content\/uploads\/2018\/01\/bosch-dicentis-i-desk-2-300x240.jpg 300w, https:\/\/konferenztechnik.de\/wp-content\/uploads\/2018\/01\/bosch-dicentis-i-desk-2-768x614.jpg 768w\" sizes=\"(max-width: 850px) 100vw, 850px\" \/>[\/\u0627\u0644\u0639\u0645\u0648\u062f]<br \/>\n[\u062d\u062c\u0645 \u0627\u0644\u0639\u0645\u0648\u062f=\"1-2\" \u0622\u062e\u0631=\"0\"]<img decoding=\"async\" width=\"850\" height=\"680\" src=\"https:\/\/konferenztechnik.de\/wp-content\/uploads\/2018\/01\/digitales-dolmetschpult-bosch-dicentis-b-1.jpg\" alt=\"\u0645\u0643\u062a\u0628 \u0627\u0644\u062a\u0631\u062c\u0645\u0629 \u0627\u0644\u0641\u0648\u0631\u064a\u0629 \u0627\u0644\u0631\u0642\u0645\u064a \u062a\u0641\u0627\u0635\u064a\u0644 \u0645\u0643\u062a\u0628 \u0628\u0648\u0634 \u062f\u064a\u0633\u064a\u0646\u062a\u064a\u0633 \u0645\u0646 \u0628\u0648\u0634 \u062f\u064a\u0633\u064a\u0646\u062a\u064a\u0633\" class=\"alignleft size-full wp-image-12427\" title=\"\" srcset=\"https:\/\/konferenztechnik.de\/wp-content\/uploads\/2018\/01\/digitales-dolmetschpult-bosch-dicentis-b-1.jpg 850w, https:\/\/konferenztechnik.de\/wp-content\/uploads\/2018\/01\/digitales-dolmetschpult-bosch-dicentis-b-1-300x240.jpg 300w, https:\/\/konferenztechnik.de\/wp-content\/uploads\/2018\/01\/digitales-dolmetschpult-bosch-dicentis-b-1-768x614.jpg 768w\" sizes=\"(max-width: 850px) 100vw, 850px\" \/>[\/\u0627\u0644\u0639\u0645\u0648\u062f]<br \/>\n[\u062d\u062c\u0645 \u0627\u0644\u0639\u0645\u0648\u062f=\"1-3\u2033 \u0622\u062e\u0631=\"1\u2033]<img decoding=\"async\" width=\"850\" height=\"654\" src=\"https:\/\/konferenztechnik.de\/wp-content\/uploads\/2018\/01\/i-desk-detail.jpg\" alt=\"\u0639\u0631\u0636 \u062a\u0641\u0635\u064a\u0644\u064a \u0644\u0640 Dicentis IDESK\" class=\"alignleft size-full wp-image-12363\" title=\"\" srcset=\"https:\/\/konferenztechnik.de\/wp-content\/uploads\/2018\/01\/i-desk-detail.jpg 850w, https:\/\/konferenztechnik.de\/wp-content\/uploads\/2018\/01\/i-desk-detail-300x231.jpg 300w, https:\/\/konferenztechnik.de\/wp-content\/uploads\/2018\/01\/i-desk-detail-768x591.jpg 768w\" sizes=\"(max-width: 850px) 100vw, 850px\" \/>[\/\u0627\u0644\u0639\u0645\u0648\u062f]<\/p>\n<p>[list icon=\"moon-checkmark\" color=\"#a62055\u2033]\u064a\u062f\u0639\u0645 \u0645\u0627 \u064a\u0635\u0644 \u0625\u0644\u0649 100 \u0644\u063a\u0629[\/list]<br \/>\n[list icon=\"moon-checkmark\" color=\"#a62055\u2033]\u0634\u0627\u0634\u0629 TFT \u0645\u0642\u0627\u0633 7 \u0628\u0648\u0635\u0629 800*480[\/list]<br \/>\n[list icon=\"moon-checkmark\" color=\"#a62055\u2033]\u0645\u062e\u0631\u062c \u0641\u064a\u062f\u064a\u0648 HDMI \u0644\u0644\u0639\u0631\u0648\u0636 \u0627\u0644\u062a\u0642\u062f\u064a\u0645\u064a\u0629 \u0623\u0648 \u0645\u0642\u0627\u0637\u0639 \u0627\u0644\u0641\u064a\u062f\u064a\u0648 (DCNM-IDESKVID \u0641\u0642\u0637)[\/list]<br \/>\n[list icon=\"moon-checkmark\" color=\"#a62055\u2033]\u0633\u0628\u0639 \u0644\u063a\u0627\u062a \u0648\u0627\u0631\u062f\u0629 \u0648\u062b\u0644\u0627\u062b \u0644\u063a\u0627\u062a \u0635\u0627\u062f\u0631\u0629[\/list]<br \/>\n[list icon=\"moon-checkmark\" color=\"#a62055\u2033]\u0642\u0627\u0631\u0626 NFC \u0645\u062f\u0645\u062c \u0644\u0644\u0648\u0635\u0648\u0644 \u0625\u0644\u0649 \u0627\u0644\u0625\u0639\u062f\u0627\u062f\u0627\u062a \u0627\u0644\u0634\u062e\u0635\u064a\u0629[\/list]<br \/>\n[list icon=\"moon-checkmark\" color=\"#a62055\u2033]\u062b\u0644\u0627\u062b\u0629 \u0645\u062e\u0627\u0631\u062c \u0644\u0633\u0645\u0627\u0639\u0627\u062a \u0627\u0644\u0631\u0623\u0633 (\u0627\u062b\u0646\u0627\u0646 \u0639\u0644\u0649 \u0627\u0644\u062c\u0627\u0646\u0628 \u0648\u0648\u0627\u062d\u062f \u0641\u064a \u0627\u0644\u0623\u0633\u0641\u0644)[\/list]<br \/>\n[list icon=\"moon-checkmark\" color=\"#a62055\u2033]\u0645\u064a\u0643\u0631\u0648\u0641\u0648\u0646 \u0627\u0644\u062a\u0648\u0635\u064a\u0644[\/list]<br \/>\n[list icon=\"moon-checkmark\" color=\"#a62055\u2033]\u062d\u0645\u0627\u064a\u0629 \u0627\u0644\u0633\u0645\u0639 \u0645\u0639 \u0633\u0645\u0627\u0639\u0627\u062a \u0627\u0644\u0631\u0623\u0633 \u0648\u0633\u0645\u0627\u0639\u0627\u062a \u0627\u0644\u0631\u0623\u0633 \u0627\u0644\u0645\u062d\u062f\u062f\u0629 \u0645\u0633\u0628\u0642\u064b\u0627[\/list]<\/p>\n<p>[spacer size=\"20\"]<\/p>\n<h2>\u0627\u0644\u0637\u0631\u0627\u0632\u0627\u0646 \u0627\u0644\u0645\u062e\u062a\u0644\u0641\u0627\u0646 Dicentis IDESK \u0648IDESKVID<\/h2>\n<p><img loading=\"lazy\" decoding=\"async\" width=\"850\" height=\"414\" src=\"https:\/\/konferenztechnik.de\/wp-content\/uploads\/2018\/01\/bosch-dicentis-interpreting-i-desk-2.jpg\" alt=\"Bosch Dicentis Dicentis Interpreting DCNM-IDESKVID\" class=\"alignleft size-full wp-image-12423\" title=\"\" srcset=\"https:\/\/konferenztechnik.de\/wp-content\/uploads\/2018\/01\/bosch-dicentis-interpreting-i-desk-2.jpg 850w, https:\/\/konferenztechnik.de\/wp-content\/uploads\/2018\/01\/bosch-dicentis-interpreting-i-desk-2-300x146.jpg 300w, https:\/\/konferenztechnik.de\/wp-content\/uploads\/2018\/01\/bosch-dicentis-interpreting-i-desk-2-768x374.jpg 768w\" sizes=\"(max-width: 850px) 100vw, 850px\" \/> <\/p>\n<p>\u0633\u062a\u062a\u0648\u0641\u0631 \u0648\u062d\u062f\u0629 \u0627\u0644\u062a\u062d\u0643\u0645 \u0641\u064a \u0627\u0644\u062a\u0631\u062c\u0645\u0629 \u0627\u0644\u0641\u0648\u0631\u064a\u0629 \u0645\u0646 Bosch \u0641\u064a \u0637\u0631\u0627\u0632\u064a\u0646 \u0645\u062e\u062a\u0644\u0641\u064a\u0646: DICENTIS (I-DESK) \u0648 DICENTIS (IDESKVID). \u064a\u062d\u062a\u0648\u064a I-DESK VID (= \u0641\u064a\u062f\u064a\u0648) \u0639\u0644\u0649 \u0645\u062e\u0631\u062c \u0641\u064a\u062f\u064a\u0648 HDMI. \u0648\u0647\u0630\u0627 \u064a\u062c\u0639\u0644 \u0645\u0646 \u0627\u0644\u0645\u0645\u0643\u0646 \u062a\u0648\u0635\u064a\u0644 \u0634\u0627\u0634\u0629 \u0639\u0631\u0636 \u0628\u0648\u062d\u062f\u0629 \u0627\u0644\u062a\u062d\u0643\u0645 \u0641\u064a \u0627\u0644\u062a\u0631\u062c\u0645\u0629 \u0627\u0644\u0641\u0648\u0631\u064a\u0629. \u064a\u0645\u0643\u0646 \u0628\u0639\u062f \u0630\u0644\u0643 \u0646\u0642\u0644 \u0627\u0644\u0639\u0631\u0648\u0636 \u0627\u0644\u062a\u0642\u062f\u064a\u0645\u064a\u0629 \u0623\u0648 \u0645\u0642\u0627\u0637\u0639 \u0627\u0644\u0641\u064a\u062f\u064a\u0648 \u0623\u0648 \u0627\u0644\u0635\u0648\u0631 \u0645\u0628\u0627\u0634\u0631\u0629 \u0625\u0644\u0649 \u0627\u0644\u0645\u062a\u0631\u062c\u0645\u064a\u0646 \u0627\u0644\u0641\u0648\u0631\u064a\u064a\u0646 \u0639\u0644\u0649 \u0627\u0644\u0634\u0627\u0634\u0629. \u064a\u062a\u0645 \u0627\u0633\u062a\u062e\u062f\u0627\u0645 \u0643\u0627\u0628\u0644 CAT \u0642\u064a\u0627\u0633\u064a \u0644\u0644\u062a\u0648\u0635\u064a\u0644.<\/p>\n<p>[spacer size=\"20\"]<\/p>\n<h2>\u0623\u062c\u0647\u0632\u0629 \u062d\u0644 DICENTIS INTERPRETING Solution \u0627\u0644\u0623\u062e\u0631\u0649<\/h2>\n<p>[spacer size=\"20\"]<br \/>\n<img loading=\"lazy\" decoding=\"async\" width=\"850\" height=\"287\" src=\"https:\/\/konferenztechnik.de\/wp-content\/uploads\/2018\/01\/audio-powering-switch-windows-server.jpg\" alt=\"\u0645\u0641\u062a\u0627\u062d \u062a\u0634\u063a\u064a\u0644 \u0627\u0644\u0635\u0648\u062a \u0645\u0646 Bosch Dicentis Dicentis (APS) \u0648\u062e\u0627\u062f\u0645 Windows\" class=\"size-full wp-image-12376\" title=\"\" srcset=\"https:\/\/konferenztechnik.de\/wp-content\/uploads\/2018\/01\/audio-powering-switch-windows-server.jpg 850w, https:\/\/konferenztechnik.de\/wp-content\/uploads\/2018\/01\/audio-powering-switch-windows-server-300x101.jpg 300w, https:\/\/konferenztechnik.de\/wp-content\/uploads\/2018\/01\/audio-powering-switch-windows-server-768x259.jpg 768w\" sizes=\"(max-width: 850px) 100vw, 850px\" \/><br \/>\n[spacer size=\"20\"]<\/p>\n<h3>Bosch ServerOS \u0645\u0639 \u0627\u0644\u0643\u0645\u0628\u064a\u0648\u062a\u0631 \u0627\u0644\u0634\u062e\u0635\u064a<\/h3>\n<p>\u064a\u064f\u0633\u062a\u062e\u062f\u0645 \u0628\u0631\u0646\u0627\u0645\u062c ServerOS \u0627\u0644\u062e\u0627\u0635 \u0628\u0634\u0631\u0643\u0629 Bosch \u0644\u062a\u0648\u062c\u064a\u0647 \u0627\u0644\u0625\u0634\u0627\u0631\u0627\u062a \u0648\u0625\u062f\u0627\u0631\u0629 \u0627\u0644\u0623\u062c\u0647\u0632\u0629 \u0627\u0644\u0645\u062a\u0635\u0644\u0629 \u0648\u0627\u0644\u062a\u062d\u0643\u0645 \u0641\u064a\u0647\u0627 \u0648\u0645\u0639\u0627\u0644\u062c\u0629 \u0627\u0644\u0628\u064a\u0627\u0646\u0627\u062a \u0627\u0644\u0646\u0627\u062a\u062c\u0629. \u0648\u0647\u0648 \u0645\u062d\u0648\u0631 \u062d\u0644 Dicentis Interpreting Solution. \u064a\u062a\u0648\u0641\u0631 \u0645\u0646 \u0628\u0648\u0634 \u062e\u0627\u062f\u0645 \u0648\u064a\u0646\u062f\u0648\u0632 \u0628\u062a\u0646\u0633\u064a\u0642 \u0627\u0644\u062d\u0627\u0645\u0644\u060c \u0648\u0627\u0644\u0630\u064a \u062a\u0645 \u062a\u062b\u0628\u064a\u062a \u0648\u062a\u0647\u064a\u0626\u0629 \u0646\u0638\u0627\u0645 Bosch ServerOS \u0639\u0644\u064a\u0647 \u0645\u0633\u0628\u0642\u0627\u064b.\n<\/p>\n<p>[spacer size=\"20\"]<\/p>\n<h3>\u0645\u0641\u062a\u0627\u062d \u062a\u0634\u063a\u064a\u0644 \u0627\u0644\u0635\u0648\u062a \u0645\u0646 Bosch Dicentis Dicentis (APS2)<\/h3>\n<p>\u0645\u0641\u062a\u0627\u062d \u062a\u0634\u063a\u064a\u0644 \u0627\u0644\u0635\u0648\u062a (APS2) \u0645\u0633\u0624\u0648\u0644 \u0623\u064a\u0636\u0627\u064b \u0639\u0646 \u062a\u0648\u062c\u064a\u0647 \u0627\u0644\u0625\u0634\u0627\u0631\u0627\u062a \u0627\u0644\u0635\u0648\u062a\u064a\u0629 \u0641\u064a \u0646\u0638\u0627\u0645 Dicentis. \u0648\u064a\u0639\u0645\u0644 \u0623\u064a\u0636\u064b\u0627 \u0643\u0648\u062d\u062f\u0629 \u0625\u0645\u062f\u0627\u062f \u0637\u0627\u0642\u0629 \u0648\u064a\u0648\u0641\u0631 \u0627\u0644\u062c\u0647\u062f \u0627\u0644\u0644\u0627\u0632\u0645 \u0644\u062c\u0645\u064a\u0639 \u0627\u0644\u0623\u062c\u0647\u0632\u0629 \u0627\u0644\u0645\u062f\u0645\u062c\u0629 \u0641\u064a \u0646\u0638\u0627\u0645 Dicentis. \u064a\u0645\u0643\u0646 \u062a\u063a\u0630\u064a\u0629 \u0627\u0644\u0625\u0634\u0627\u0631\u0627\u062a \u0627\u0644\u0635\u0648\u062a\u064a\u0629 \u0627\u0644\u062e\u0627\u0631\u062c\u064a\u0629 \u0639\u0628\u0631 4 \u0648\u0635\u0644\u0627\u062a XLR (2 \u0645\u062f\u062e\u0644\u060c 2 \u0645\u062e\u0631\u062c) \u0623\u0648 \u064a\u0645\u0643\u0646 \u0625\u062e\u0631\u0627\u062c \u0627\u0644\u0635\u0648\u062a \u0625\u0644\u0649 \u0645\u0635\u0627\u062f\u0631 \u062e\u0627\u0631\u062c\u064a\u0629. <\/p>\n<p>[spacer size=\"20\"]<\/p>\n<h2>\u0648\u062d\u062f\u0627\u062a \u0628\u0631\u0645\u062c\u064a\u0627\u062a DICENTIS<\/h2>\n<p>[spacer size=\"20\"]<br \/>\n<img loading=\"lazy\" decoding=\"async\" width=\"1032\" height=\"740\" src=\"https:\/\/konferenztechnik.de\/wp-content\/uploads\/2018\/01\/pult-workflow.jpg\" alt=\"\u062a\u062f\u0641\u0642 \u0625\u0634\u0627\u0631\u0629 \u0628\u0648\u0634 \u062f\u064a\u0633\u064a\u0646\u062a\u064a\u0633 \u0648\u062a\u0635\u0645\u064a\u0645 \u0627\u0644\u0646\u0638\u0627\u0645\" class=\"alignleft size-full wp-image-12421\" title=\"\" srcset=\"https:\/\/konferenztechnik.de\/wp-content\/uploads\/2018\/01\/pult-workflow.jpg 1032w, https:\/\/konferenztechnik.de\/wp-content\/uploads\/2018\/01\/pult-workflow-300x215.jpg 300w, https:\/\/konferenztechnik.de\/wp-content\/uploads\/2018\/01\/pult-workflow-1024x734.jpg 1024w, https:\/\/konferenztechnik.de\/wp-content\/uploads\/2018\/01\/pult-workflow-768x551.jpg 768w\" sizes=\"(max-width: 1032px) 100vw, 1032px\" \/><br \/>\n[spacer size=\"10\"]<\/p>\n<p>\u064a\u0645\u0643\u0646 \u0627\u0644\u062a\u062d\u0643\u0645 \u0641\u064a \u0646\u0638\u0627\u0645 Dicentis \u0648\u062a\u0647\u064a\u0626\u062a\u0647 \u0648\u062f\u0645\u062c\u0647 \u0641\u064a \u0623\u0646\u0638\u0645\u0629 DANTE \u0645\u0646 \u062c\u0647\u0627\u0632 \u0643\u0645\u0628\u064a\u0648\u062a\u0631 \u0628\u0627\u0633\u062a\u062e\u062f\u0627\u0645 \u0648\u062d\u062f\u0627\u062a \u0628\u0631\u0645\u062c\u064a\u0629 \u0645\u062a\u0648\u0641\u0631\u0629 \u0628\u0634\u0643\u0644 \u0645\u0646\u0641\u0635\u0644.<\/p>\n<h3>\u062a\u0631\u062e\u064a\u0635 \u0628\u0631\u0646\u0627\u0645\u062c \u062e\u0627\u062f\u0645 \u0646\u0638\u0627\u0645 DICENTIS System Server (DCNM-LSYS)<\/h3>\n<p>\u064a\u062f\u0639\u0645 \u0645\u0643\u062a\u0628 \u0627\u0644\u062a\u0631\u062c\u0645\u0629 \u0627\u0644\u0641\u0648\u0631\u064a\u0629 DICENTIS \u0648\u0647\u0648 \u0645\u0641\u064a\u062f \u0623\u062b\u0646\u0627\u0621 \u0627\u0644\u062a\u062b\u0628\u064a\u062a \u0648\u0627\u0644\u062a\u0647\u064a\u0626\u0629.<br \/>\n[spacer size=\"20\"]<\/p>\n<h3>\u0631\u062e\u0635\u0629 \u0627\u0644\u062a\u0631\u062c\u0645\u0629 \u0627\u0644\u0641\u0648\u0631\u064a\u0629 \u0645\u0646 DICENTIS (DCNM-LIN)<\/h3>\n<p>\u064a\u0636\u064a\u0641 \u0648\u0638\u0627\u0626\u0641 \u0627\u0644\u0625\u0639\u062f\u0627\u062f \u0648\u0627\u0644\u0625\u062f\u0627\u0631\u0629 \u0644\u0644\u062a\u0631\u062c\u0645\u0629 \u0627\u0644\u0641\u0648\u0631\u064a\u0629 \u0641\u064a \u062a\u0637\u0628\u064a\u0642 Bosch Meeting:<\/p>\n<p>\u0627\u0644\u062a\u0643\u0648\u064a\u0646: \u062a\u0643\u0648\u064a\u0646 \u0627\u0644\u0646\u0638\u0627\u0645 \u0648\u0627\u0644\u0645\u0642\u0635\u0648\u0631\u0629 \u0648\u0645\u0643\u062a\u0628 \u0627\u0644\u062a\u0631\u062c\u0645\u0629 \u0627\u0644\u0641\u0648\u0631\u064a\u0629<br \/>\n\u0627\u0644\u062a\u062d\u0636\u064a\u0631: \u062a\u062d\u062f\u064a\u062f \u0627\u0644\u0639\u062f\u062f \u0627\u0644\u0645\u0637\u0644\u0648\u0628 \u0645\u0646 \u0627\u0644\u0644\u063a\u0627\u062a \u0641\u064a \u0627\u0644\u0627\u062c\u062a\u0645\u0627\u0639<br \/>\n\u0627\u0644\u0625\u062f\u0627\u0631\u0629: \u0627\u0644\u062a\u062d\u0643\u0645 \u0639\u0646 \u0628\u064f\u0639\u062f \u0641\u064a \u0645\u0643\u0627\u062a\u0628 \u0627\u0644\u062a\u0631\u062c\u0645\u0629 \u0627\u0644\u0634\u0641\u0648\u064a\u0629<\/p>\n<p>[spacer size=\"20\"]<\/p>\n<h3>\u062a\u0631\u062e\u064a\u0635 \u0628\u0631\u0646\u0627\u0645\u062c DICENTIS Dante Software Licence (DCNM-LSDANTE)<\/h3>\n<p>\u062a\u062a\u064a\u062d \u0647\u0630\u0647 \u0627\u0644\u0648\u062d\u062f\u0629 \u0625\u0645\u0643\u0627\u0646\u064a\u0629 \u062a\u063a\u0630\u064a\u0629 \u0642\u0646\u0648\u0627\u062a \u0645\u062a\u0632\u0627\u0645\u0646\u0629 \u0645\u0646 Dicentis IDESK \u0645\u0628\u0627\u0634\u0631\u0629\u064b \u0641\u064a \u0646\u0638\u0627\u0645 DANTE.<br \/>\n[spacer size=\"20\"]<\/p>\n<h2>\u0645\u062a\u0649 \u0633\u064a\u062a\u0648\u0641\u0631 \u0646\u0638\u0627\u0645 Bosch IDESK DICENTIS \u0648\u0646\u0638\u0627\u0645 \u0627\u0644\u0645\u062a\u0631\u062c\u0645 \u0627\u0644\u0641\u0648\u0631\u064a\u061f<\/h2>\n<p>[spacer size=\"20\"]<\/p>\n<div class=\"call-action-slider-img\">\n<p><img loading=\"lazy\" decoding=\"async\" width=\"850\" height=\"373\" src=\"https:\/\/konferenztechnik.de\/wp-content\/uploads\/2018\/02\/bosch-dicentis-all-products.jpg\" alt=\"\u0628\u0648\u0634 Dicentis Dicentis DCNM-IDESKVID \u0648\u062c\u0645\u064a\u0639 \u0627\u0644\u0645\u0646\u062a\u062c\u0627\u062a\" class=\"alignleft size-full wp-image-12354\" title=\"\"><br \/>\n<button class=\"bbtn popmake-12386\">\u0627\u0637\u0644\u0628 \u0639\u0631\u0636 \u0623\u0633\u0639\u0627\u0631 &#x9B;<\/button>\n<\/div>\n<p>[list icon=\"moon-checkmark\" color=\"#a62055\u2033]\u0639\u0631\u0636 \u0627\u0644\u0645\u0646\u062a\u062c: \u0645\u0639\u0631\u0636 ISE 2018 \u0627\u0644\u062a\u062c\u0627\u0631\u064a (\u0641\u0628\u0631\u0627\u064a\u0631 2018)[\/list]<br \/>\n[list icon=\"moon-checkmark\" color=\"#a62055\u2033]\u0625\u0637\u0644\u0627\u0642 \u0627\u0644\u0645\u0628\u064a\u0639\u0627\u062a \u0627\u0644\u0645\u062e\u0637\u0637 \u0644\u0647: \u0635\u064a\u0641 2018[\/list]<br \/>\n[list icon=\"moon-checkmark\" color=\"#a62055\u2033]\u0627\u0644\u062f\u0645\u062c \u0627\u0644\u0646\u0647\u0627\u0626\u064a \u0644\u062c\u0645\u064a\u0639 \u0627\u0644\u0648\u0638\u0627\u0626\u0641: Q2 2019[\/list][\/list]<\/p>\n<p>[spacer size=\"20\"]<\/p>\n<h2>\u0627\u0644\u0631\u0648\u0627\u0628\u0637 \u0648\u0645\u0632\u064a\u062f \u0645\u0646 \u0627\u0644\u0645\u0639\u0644\u0648\u0645\u0627\u062a<\/h2>\n<ul>\n<li><a href=\"https:\/\/konferenztechnik.de\/ar\/%d8%aa%d9%82%d8%b1%d9%8a%d8%b1-%d8%a7%d8%ae%d8%aa%d8%a8%d8%a7%d8%b1-%d8%a8%d9%88%d8%b4-%d8%af%d9%8a%d8%b3%d9%8a%d9%86%d8%aa%d9%8a%d8%b3-%d8%af%d9%8a%d8%b3%d9%8a%d9%86%d8%aa%d9%8a%d8%b3-%d8%a2%d9%8a\/\">\u062a\u0642\u0631\u064a\u0631 \u0627\u062e\u062a\u0628\u0627\u0631 \u0639\u0644\u0649 \u062c\u0647\u0627\u0632 Dicentis IDESK \u0645\u0646 PCS<\/a><\/li>\n<li><a href=\"https:\/\/konferenztechnik.de\/ar\/%d8%a8%d9%88%d8%b4-%d8%af%d9%8a%d8%b3%d9%8a%d9%86%d8%aa%d9%8a%d8%b3\/\">\u0627\u0646\u0637\u0628\u0627\u0639\u0627\u062a Bosch Dicentis \u2013 \u0645\u0646 \u0645\u0639\u0631\u0636 ISE 2018<\/a><\/li>\n<li><a href=\"https:\/\/konferenztechnik.de\/ar\/%d8%b4%d8%b1%d9%83%d8%a9-pcs-%d9%87%d9%8a-%d8%b4%d8%b1%d9%8a%d9%83-%d9%85%d8%b9%d8%aa%d9%85%d8%af-%d9%85%d9%86-%d8%a8%d9%88%d8%b4\/\">\u0634\u0631\u0643\u0629 PCS \u0648\u0643\u064a\u0644 \u0645\u0639\u062a\u0645\u062f \u0645\u0646 Bosch<\/a><\/li>\n<li><a href=\"https:\/\/konferenztechnik.de\/ar\/%d8%aa%d9%88%d8%b2%d9%8a%d8%b9-%d8%aa%d9%83%d9%86%d9%88%d9%84%d9%88%d8%ac%d9%8a%d8%a7-%d8%a7%d9%84%d9%85%d8%a4%d8%aa%d9%85%d8%b1%d8%a7%d8%aa-%d9%88%d9%88%d8%b3%d8%a7%d8%a6%d8%b7-%d8%a7%d9%84%d8%a5\/%d8%a3%d9%86%d8%b8%d9%85%d8%a9-%d8%a7%d9%84%d8%aa%d8%b1%d8%ac%d9%85%d8%a9-%d8%a7%d9%84%d9%81%d9%88%d8%b1%d9%8a%d8%a9\/\">\u0645\u0639\u0644\u0648\u0645\u0627\u062a \u0639\u0646 \u0623\u0646\u0638\u0645\u0629 \u0627\u0644\u062a\u0631\u062c\u0645\u0629 \u0627\u0644\u0641\u0648\u0631\u064a\u0629<\/a>\n<\/ul>","protected":false},"excerpt":{"rendered":"<p>Bosch Dicentis IDESK \u2013 Interpreter Solutions Angebot anfordern &#x9B; Das DICENTIS Dolmetschpult (I-DESK) ist das neue Dolmetscherpult der Firma Bosch. Es ist Teil der Bosch Dicentis-Produktfamilie und erweitert diese zum Dicentis-Interpreter-Solution-System. Mit dem DICENTIS Dolmetschpult (I-DESK) reagiert Bosch auf die sich in den letzten Jahren ge\u00e4nderten Markt-Anforderungen f\u00fcr Dolmetschertechnik. Dazu geh\u00f6rt die Unterst\u00fctzung von bis [&hellip;]<\/p>","protected":false},"author":1,"featured_media":45482,"parent":0,"menu_order":0,"comment_status":"closed","ping_status":"closed","template":"page-right-sidebar.php","meta":{"_acf_changed":false,"footnotes":""},"class_list":["post-12352","page","type-page","status-publish","has-post-thumbnail","hentry"],"acf":[],"_links":{"self":[{"href":"https:\/\/konferenztechnik.de\/ar\/wp-json\/wp\/v2\/pages\/12352","targetHints":{"allow":["GET"]}}],"collection":[{"href":"https:\/\/konferenztechnik.de\/ar\/wp-json\/wp\/v2\/pages"}],"about":[{"href":"https:\/\/konferenztechnik.de\/ar\/wp-json\/wp\/v2\/types\/page"}],"author":[{"embeddable":true,"href":"https:\/\/konferenztechnik.de\/ar\/wp-json\/wp\/v2\/users\/1"}],"replies":[{"embeddable":true,"href":"https:\/\/konferenztechnik.de\/ar\/wp-json\/wp\/v2\/comments?post=12352"}],"version-history":[{"count":0,"href":"https:\/\/konferenztechnik.de\/ar\/wp-json\/wp\/v2\/pages\/12352\/revisions"}],"wp:featuredmedia":[{"embeddable":true,"href":"https:\/\/konferenztechnik.de\/ar\/wp-json\/wp\/v2\/media\/45482"}],"wp:attachment":[{"href":"https:\/\/konferenztechnik.de\/ar\/wp-json\/wp\/v2\/media?parent=12352"}],"curies":[{"name":"\u062f\u0628\u0644\u064a\u0648 \u0628\u064a","href":"https:\/\/api.w.org\/{rel}","templated":true}]}}