{"id":1289,"date":"2013-08-23T13:43:12","date_gmt":"2013-08-23T11:43:12","guid":{"rendered":"https:\/\/pcs-miete.de\/?page_id=1289"},"modified":"2023-07-05T14:11:50","modified_gmt":"2023-07-05T12:11:50","slug":"%d9%85%d9%8a%d9%83%d8%b1%d9%88%d9%81%d9%88%d9%86%d8%a7%d8%aa-%d8%aa%d9%82%d9%86%d9%8a%d8%a9-%d8%a7%d9%84%d8%b5%d9%88%d8%aa-%d9%85%d9%8a%d9%83%d8%b1%d9%88%d9%81%d9%88%d9%86%d8%a7%d8%aa-%d8%aa%d9%82","status":"publish","type":"page","link":"https:\/\/konferenztechnik.de\/ar\/%d8%aa%d9%88%d8%b2%d9%8a%d8%b9-%d8%aa%d9%83%d9%86%d9%88%d9%84%d9%88%d8%ac%d9%8a%d8%a7-%d8%a7%d9%84%d9%85%d8%a4%d8%aa%d9%85%d8%b1%d8%a7%d8%aa-%d9%88%d9%88%d8%b3%d8%a7%d8%a6%d8%b7-%d8%a7%d9%84%d8%a5\/%d9%85%d9%8a%d9%83%d8%b1%d9%88%d9%81%d9%88%d9%86%d8%a7%d8%aa-%d8%aa%d9%82%d9%86%d9%8a%d8%a9-%d8%a7%d9%84%d8%b5%d9%88%d8%aa-%d9%85%d9%8a%d9%83%d8%b1%d9%88%d9%81%d9%88%d9%86%d8%a7%d8%aa-%d8%aa%d9%82\/","title":{"rendered":"\u0645\u064a\u0643\u0631\u0648\u0641\u0648\u0646\u0627\u062a \u062a\u0642\u0646\u064a\u0629 \u0627\u0644\u0635\u0648\u062a \u0645\u064a\u0643\u0631\u0648\u0641\u0648\u0646\u0627\u062a \u062a\u0642\u0648\u064a\u0629 \u0627\u0644\u0635\u0648\u062a \u063a\u0631\u0641\u0629 \u0627\u0644\u062a\u062d\u0643\u0645 \u0641\u064a \u0627\u0644\u0635\u0648\u062a \u0648\u0627\u0644\u062a\u0634\u063a\u064a\u0644"},"content":{"rendered":"<h1>\u062a\u0643\u0646\u0648\u0644\u0648\u062c\u064a\u0627 \u0627\u0644\u0635\u0648\u062a: \u0627\u0644\u0645\u064a\u0643\u0631\u0648\u0641\u0648\u0646\u0627\u062a\u060c \u0648\u0648\u062d\u062f\u0627\u062a \u062a\u062d\u0643\u0645 \u0627\u0644\u0645\u0632\u062c\u060c \u0648\u0646\u0638\u0627\u0645 \u0627\u0644\u0635\u0648\u062a<\/h1>\n<p><a href=\"\/ar\/%d8%aa%d9%88%d8%b2%d9%8a%d8%b9-%d8%aa%d9%83%d9%86%d9%88%d9%84%d9%88%d8%ac%d9%8a%d8%a7-%d8%a7%d9%84%d9%85%d8%a4%d8%aa%d9%85%d8%b1%d8%a7%d8%aa-%d9%88%d9%88%d8%b3%d8%a7%d8%a6%d8%b7-%d8%a7%d9%84%d8%a5\/%d9%85%d9%8a%d9%83%d8%b1%d9%88%d9%81%d9%88%d9%86%d8%a7%d8%aa-%d8%aa%d9%82%d9%86%d9%8a%d8%a9-%d8%a7%d9%84%d8%b5%d9%88%d8%aa-%d9%85%d9%8a%d9%83%d8%b1%d9%88%d9%81%d9%88%d9%86%d8%a7%d8%aa-%d8%aa%d9%82\/%d8%a7%d9%84%d9%85%d9%8a%d9%83%d8%b1%d9%88%d9%81%d9%88%d9%86%d8%a7%d8%aa\/\"><img fetchpriority=\"high\" decoding=\"async\" class=\"alignnone size-full wp-image-1208\" alt=\"a1\" src=\"https:\/\/konferenztechnik.de\/wp-content\/uploads\/2013\/08\/a1.jpg\" width=\"288\" height=\"198\" title=\"\"><\/a><a href=\"\/ar\/%d8%aa%d9%88%d8%b2%d9%8a%d8%b9-%d8%aa%d9%83%d9%86%d9%88%d9%84%d9%88%d8%ac%d9%8a%d8%a7-%d8%a7%d9%84%d9%85%d8%a4%d8%aa%d9%85%d8%b1%d8%a7%d8%aa-%d9%88%d9%88%d8%b3%d8%a7%d8%a6%d8%b7-%d8%a7%d9%84%d8%a5\/%d9%85%d9%8a%d9%83%d8%b1%d9%88%d9%81%d9%88%d9%86%d8%a7%d8%aa-%d8%aa%d9%82%d9%86%d9%8a%d8%a9-%d8%a7%d9%84%d8%b5%d9%88%d8%aa-%d9%85%d9%8a%d9%83%d8%b1%d9%88%d9%81%d9%88%d9%86%d8%a7%d8%aa-%d8%aa%d9%82\/%d8%a7%d9%84%d9%85%d9%8a%d9%83%d8%b1%d9%88%d9%81%d9%88%d9%86%d8%a7%d8%aa\/\"><br \/>\n\u0627\u0644\u0645\u064a\u0643\u0631\u0648\u0641\u0648\u0646\u0627\u062a<\/a><\/p>\n<p><a href=\"\/ar\/%d8%aa%d9%88%d8%b2%d9%8a%d8%b9-%d8%aa%d9%83%d9%86%d9%88%d9%84%d9%88%d8%ac%d9%8a%d8%a7-%d8%a7%d9%84%d9%85%d8%a4%d8%aa%d9%85%d8%b1%d8%a7%d8%aa-%d9%88%d9%88%d8%b3%d8%a7%d8%a6%d8%b7-%d8%a7%d9%84%d8%a5\/%d9%85%d9%8a%d9%83%d8%b1%d9%88%d9%81%d9%88%d9%86%d8%a7%d8%aa-%d8%aa%d9%82%d9%86%d9%8a%d8%a9-%d8%a7%d9%84%d8%b5%d9%88%d8%aa-%d9%85%d9%8a%d9%83%d8%b1%d9%88%d9%81%d9%88%d9%86%d8%a7%d8%aa-%d8%aa%d9%82\/%d9%86%d8%b8%d8%a7%d9%85-%d8%a7%d9%84%d8%b5%d9%88%d8%aa\/\"><img decoding=\"async\" class=\"alignnone size-full wp-image-1208\" alt=\"\u0627\u0644\u0634\u0627\u0634\u0627\u062a \u0648\u0634\u0627\u0634\u0627\u062a \u0627\u0644\u0639\u0631\u0636\" src=\"https:\/\/konferenztechnik.de\/wp-content\/uploads\/2013\/08\/a2.jpg\" width=\"288\" height=\"198\" title=\"\"><\/a><a href=\"\/ar\/%d8%aa%d9%88%d8%b2%d9%8a%d8%b9-%d8%aa%d9%83%d9%86%d9%88%d9%84%d9%88%d8%ac%d9%8a%d8%a7-%d8%a7%d9%84%d9%85%d8%a4%d8%aa%d9%85%d8%b1%d8%a7%d8%aa-%d9%88%d9%88%d8%b3%d8%a7%d8%a6%d8%b7-%d8%a7%d9%84%d8%a5\/%d9%85%d9%8a%d9%83%d8%b1%d9%88%d9%81%d9%88%d9%86%d8%a7%d8%aa-%d8%aa%d9%82%d9%86%d9%8a%d8%a9-%d8%a7%d9%84%d8%b5%d9%88%d8%aa-%d9%85%d9%8a%d9%83%d8%b1%d9%88%d9%81%d9%88%d9%86%d8%a7%d8%aa-%d8%aa%d9%82\/%d9%86%d8%b8%d8%a7%d9%85-%d8%a7%d9%84%d8%b5%d9%88%d8%aa\/\"><br \/>\n\u0646\u0638\u0627\u0645 \u0627\u0644\u0635\u0648\u062a<\/a><\/p>\n<p><a href=\"\/ar\/%d8%aa%d9%88%d8%b2%d9%8a%d8%b9-%d8%aa%d9%83%d9%86%d9%88%d9%84%d9%88%d8%ac%d9%8a%d8%a7-%d8%a7%d9%84%d9%85%d8%a4%d8%aa%d9%85%d8%b1%d8%a7%d8%aa-%d9%88%d9%88%d8%b3%d8%a7%d8%a6%d8%b7-%d8%a7%d9%84%d8%a5\/%d9%85%d9%8a%d9%83%d8%b1%d9%88%d9%81%d9%88%d9%86%d8%a7%d8%aa-%d8%aa%d9%82%d9%86%d9%8a%d8%a9-%d8%a7%d9%84%d8%b5%d9%88%d8%aa-%d9%85%d9%8a%d9%83%d8%b1%d9%88%d9%81%d9%88%d9%86%d8%a7%d8%aa-%d8%aa%d9%82\/%d9%88%d8%ad%d8%af%d8%a7%d8%aa-%d8%aa%d8%ad%d9%83%d9%85-%d8%a7%d9%84%d9%85%d8%b2%d8%ac\/\"><img decoding=\"async\" class=\"alignnone size-full wp-image-1209\" alt=\"\u062d\u0648\u0627\u0645\u0644 \u0644\u0623\u062c\u0647\u0632\u0629 \u0627\u0644\u0639\u0631\u0636 \u0627\u0644\u0636\u0648\u0626\u064a \u0648\u0623\u062c\u0647\u0632\u0629 \u0627\u0644\u0639\u0631\u0636\" src=\"https:\/\/konferenztechnik.de\/wp-content\/uploads\/2013\/08\/a3.jpg\" width=\"288\" height=\"198\" title=\"\"><\/a><a href=\"\/ar\/%d8%aa%d9%88%d8%b2%d9%8a%d8%b9-%d8%aa%d9%83%d9%86%d9%88%d9%84%d9%88%d8%ac%d9%8a%d8%a7-%d8%a7%d9%84%d9%85%d8%a4%d8%aa%d9%85%d8%b1%d8%a7%d8%aa-%d9%88%d9%88%d8%b3%d8%a7%d8%a6%d8%b7-%d8%a7%d9%84%d8%a5\/%d9%85%d9%8a%d9%83%d8%b1%d9%88%d9%81%d9%88%d9%86%d8%a7%d8%aa-%d8%aa%d9%82%d9%86%d9%8a%d8%a9-%d8%a7%d9%84%d8%b5%d9%88%d8%aa-%d9%85%d9%8a%d9%83%d8%b1%d9%88%d9%81%d9%88%d9%86%d8%a7%d8%aa-%d8%aa%d9%82\/%d9%88%d8%ad%d8%af%d8%a7%d8%aa-%d8%aa%d8%ad%d9%83%d9%85-%d8%a7%d9%84%d9%85%d8%b2%d8%ac\/\"><br \/>\n\u0648\u062d\u062f\u0627\u062a \u062a\u062d\u0643\u0645 \u0627\u0644\u0645\u0632\u062c<\/a><\/p>\n<p><a href=\"\/ar\/%d8%aa%d9%88%d8%b2%d9%8a%d8%b9-%d8%aa%d9%83%d9%86%d9%88%d9%84%d9%88%d8%ac%d9%8a%d8%a7-%d8%a7%d9%84%d9%85%d8%a4%d8%aa%d9%85%d8%b1%d8%a7%d8%aa-%d9%88%d9%88%d8%b3%d8%a7%d8%a6%d8%b7-%d8%a7%d9%84%d8%a5\/%d9%85%d9%8a%d9%83%d8%b1%d9%88%d9%81%d9%88%d9%86%d8%a7%d8%aa-%d8%aa%d9%82%d9%86%d9%8a%d8%a9-%d8%a7%d9%84%d8%b5%d9%88%d8%aa-%d9%85%d9%8a%d9%83%d8%b1%d9%88%d9%81%d9%88%d9%86%d8%a7%d8%aa-%d8%aa%d9%82\/%d8%a7%d9%84%d8%af%d9%8a%d9%86%d8%a7%d9%85%d9%8a%d9%83%d9%8a%d8%a7%d8%aa-%d9%88%d8%a7%d9%84%d8%aa%d8%a3%d8%ab%d9%8a%d8%b1%d8%a7%d8%aa\/\"><img loading=\"lazy\" decoding=\"async\" class=\"alignnone size-full wp-image-1211\" alt=\"\u0645\u0628\u064a\u062a \u0644\u0623\u062c\u0647\u0632\u0629 \u0627\u0644\u0639\u0631\u0636\" src=\"https:\/\/konferenztechnik.de\/wp-content\/uploads\/2013\/08\/a4.jpg\" width=\"288\" height=\"198\" title=\"\"><\/a><a href=\"\/ar\/%d8%aa%d9%88%d8%b2%d9%8a%d8%b9-%d8%aa%d9%83%d9%86%d9%88%d9%84%d9%88%d8%ac%d9%8a%d8%a7-%d8%a7%d9%84%d9%85%d8%a4%d8%aa%d9%85%d8%b1%d8%a7%d8%aa-%d9%88%d9%88%d8%b3%d8%a7%d8%a6%d8%b7-%d8%a7%d9%84%d8%a5\/%d9%85%d9%8a%d9%83%d8%b1%d9%88%d9%81%d9%88%d9%86%d8%a7%d8%aa-%d8%aa%d9%82%d9%86%d9%8a%d8%a9-%d8%a7%d9%84%d8%b5%d9%88%d8%aa-%d9%85%d9%8a%d9%83%d8%b1%d9%88%d9%81%d9%88%d9%86%d8%a7%d8%aa-%d8%aa%d9%82\/%d8%a7%d9%84%d8%af%d9%8a%d9%86%d8%a7%d9%85%d9%8a%d9%83%d9%8a%d8%a7%d8%aa-%d9%88%d8%a7%d9%84%d8%aa%d8%a3%d8%ab%d9%8a%d8%b1%d8%a7%d8%aa\/\"><br \/>\n\u0645\u0639\u0627\u0644\u062c\u0629 \u0627\u0644\u0625\u0634\u0627\u0631\u0627\u062a \u0627\u0644\u0631\u0642\u0645\u064a\u0629 (DSP)<\/a><\/p>\n<p><a href=\"\/ar\/%d8%aa%d9%88%d8%b2%d9%8a%d8%b9-%d8%aa%d9%83%d9%86%d9%88%d9%84%d9%88%d8%ac%d9%8a%d8%a7-%d8%a7%d9%84%d9%85%d8%a4%d8%aa%d9%85%d8%b1%d8%a7%d8%aa-%d9%88%d9%88%d8%b3%d8%a7%d8%a6%d8%b7-%d8%a7%d9%84%d8%a5\/%d8%aa%d8%b3%d8%ac%d9%8a%d9%84-%d8%a7%d9%84%d8%af%d8%ae%d9%88%d9%84\/\"><img loading=\"lazy\" decoding=\"async\" src=\"https:\/\/konferenztechnik.de\/wp-content\/uploads\/2013\/08\/audiotechnik-bei-pcs_marantz-mp3-rekorder.jpg\" alt=\"\u062a\u0643\u0646\u0648\u0644\u0648\u062c\u064a\u0627 \u0627\u0644\u0635\u0648\u062a \u0641\u064a PCS - \u0627\u0644\u062a\u0633\u062c\u064a\u0644 \u0648\u0627\u0644\u062a\u0633\u062c\u064a\u0644\" width=\"288\" height=\"198\" class=\"alignleft size-full wp-image-3491\" title=\"\"><br \/>\n\u0627\u0644\u062a\u0633\u062c\u064a\u0644 \u0648\u0627\u0644\u062a\u0634\u063a\u064a\u0644<\/a><\/p>\n<div class=\"boxcontainer\">\n<div class=\"box1-2\">\n<h1>\u0627\u0644\u0634\u062e\u0635 \u0627\u0644\u0630\u064a \u064a\u0645\u0643\u0646 \u0627\u0644\u0627\u062a\u0635\u0627\u0644 \u0628\u0647<\/h1>\n<\/div>\n<div class=\"box1-2-order\">\n<h1>\u0631\u0648\u0627\u0628\u0637 \u0623\u062e\u0631\u0649<\/h1>\n<\/div>\n<div class=\"box1-4\">\n<div class=\"box-head\">\u0627\u0644\u062a\u0648\u0632\u064a\u0639 \u0648\u0627\u0644\u0645\u0628\u064a\u0639\u0627\u062a<\/div>\n<\/div>\n<div class=\"box2-4-2\" style=\"order:1;\">\n<div class=\"weiterlinks\">\n<ul>\n<a title=\"\u0627\u0644\u062a\u0648\u0632\u064a\u0639 \u062d\u0633\u0628 \u0645\u062c\u0645\u0648\u0639\u0629 \u0627\u0644\u0645\u0646\u062a\u062c\u0627\u062a\" href=\"\/ar\/%d9%85%d8%ac%d9%85%d9%88%d8%b9%d8%a7%d8%aa-%d8%a7%d9%84%d9%85%d9%86%d8%aa%d8%ac%d8%a7%d8%aa\/\">\u0627\u0644\u062a\u0648\u0632\u064a\u0639 \u062d\u0633\u0628 \u0645\u062c\u0645\u0648\u0639\u0629 \u0627\u0644\u0645\u0646\u062a\u062c\u0627\u062a<\/a><br \/>\n<a title=\"\u0627\u0644\u062a\u0648\u0632\u064a\u0639 \u062d\u0633\u0628 \u0627\u0644\u0634\u0631\u0643\u0629 \u0627\u0644\u0645\u0635\u0646\u0639\u0629\" href=\"\/ar\/%d8%a7%d9%84%d8%b4%d8%b1%d9%83%d8%a9-%d8%a7%d9%84%d9%85%d8%b5%d9%86%d8%b9%d8%a9\/\">\u0627\u0644\u062a\u0648\u0632\u064a\u0639 \u062d\u0633\u0628 \u0627\u0644\u0634\u0631\u0643\u0629 \u0627\u0644\u0645\u0635\u0646\u0639\u0629<\/a><br \/>\n<a title=\"\u0627\u0644\u0645\u0646\u062a\u062c\u0627\u062a \u0648\u0627\u0644\u0635\u064a\u0627\u0646\u0629 \u0648\u0627\u0644\u0625\u0635\u0644\u0627\u062d\u0627\u062a \u0627\u0644\u0645\u062e\u0635\u0635\u0629 \u062d\u0633\u0628 \u0627\u0644\u0637\u0644\u0628\" href=\"\/ar\/%d8%a7%d9%84%d8%ae%d8%af%d9%85%d8%a7%d8%aa-2\/%d8%a7%d9%84%d8%b5%d9%8a%d8%a7%d9%86%d8%a9-%d9%88%d8%a7%d9%84%d8%a5%d8%b5%d9%84%d8%a7%d8%ad\/\">\u0627\u0644\u0645\u0646\u062a\u062c\u0627\u062a \u0648\u0627\u0644\u0635\u064a\u0627\u0646\u0629 \u0648\u0627\u0644\u0625\u0635\u0644\u0627\u062d\u0627\u062a \u0627\u0644\u0645\u062e\u0635\u0635\u0629 \u062d\u0633\u0628 \u0627\u0644\u0637\u0644\u0628<\/a><br \/>\n<a title=\"10 \u0623\u0633\u0628\u0627\u0628 \u0648\u062c\u064a\u0647\u0629 \u0644\u0640 PCS\" href=\"\/ar\/%d9%86%d8%a8%d8%b0%d8%a9-%d8%b9%d9%86%d8%a7\/10-%d8%a3%d8%b3%d8%a8%d8%a7%d8%a8-%d9%88%d8%ac%d9%8a%d9%87%d8%a9-%d9%84%d8%a3%d8%ac%d9%87%d8%b2%d8%a9-%d8%a7%d9%84%d9%83%d9%85%d8%a8%d9%8a%d9%88%d8%aa%d8%b1-%d8%a7%d9%84%d8%b4%d8%ae%d8%b5%d9%8a%d8%a9\/\">10 \u0623\u0633\u0628\u0627\u0628 \u0648\u062c\u064a\u0647\u0629 \u0644\u0640 PCS<\/a><br \/>\n<a title=\"\u0627\u0644\u0645\u0631\u0627\u062c\u0639\" href=\"\/ar\/%d9%86%d8%a8%d8%b0%d8%a9-%d8%b9%d9%86%d8%a7\/%d8%aa%d8%ab%d8%a8%d9%8a%d8%aa-%d8%a7%d9%84%d9%82%d8%a7%d8%a6%d9%85%d8%a9-%d8%a7%d9%84%d9%85%d8%b1%d8%ac%d8%b9%d9%8a%d8%a9\/\">\u0627\u0644\u0645\u0631\u0627\u062c\u0639 \u0627\u0644\u062a\u062b\u0628\u064a\u062a \u0648\u0627\u0644\u062a\u0643\u0627\u0645\u0644<\/a><br \/>\n<a title=\"PCS: \u0644\u0645\u062d\u0629 \u0633\u0631\u064a\u0639\u0629 \u0639\u0646 \u062c\u0645\u064a\u0639 \u0627\u0644\u062e\u062f\u0645\u0627\u062a\" href=\"\/ar\/%d8%a7%d9%84%d8%ae%d8%af%d9%85%d8%a7%d8%aa-2\/\">PCS: \u0644\u0645\u062d\u0629 \u0633\u0631\u064a\u0639\u0629 \u0639\u0646 \u062c\u0645\u064a\u0639 \u0627\u0644\u062e\u062f\u0645\u0627\u062a<\/a><\/ul>\n<\/div>\n<\/div>\n<\/div>","protected":false},"excerpt":{"rendered":"<p>Audiotechnik: Mikrofone, Mischpulte, Beschallung Mikrofone Beschallung Mischpulte Digital Signal Processing (DSP) Aufnahme und Wiedergabe Ansprechpartner Weiterf\u00fchrende Links Vertrieb und Verkauf Vertrieb nach Produktgruppen Vertrieb nach Hersteller Sonderanfertigungen, Wartung und Reparaturen 10 gute Gr\u00fcnde f\u00fcr PCS Referenzen Installation und Integration PCS: Alle Leistungen im \u00dcberblick<\/p>","protected":false},"author":1,"featured_media":45482,"parent":3614,"menu_order":219,"comment_status":"closed","ping_status":"open","template":"","meta":{"_acf_changed":false,"footnotes":""},"class_list":["post-1289","page","type-page","status-publish","has-post-thumbnail","hentry"],"acf":[],"_links":{"self":[{"href":"https:\/\/konferenztechnik.de\/ar\/wp-json\/wp\/v2\/pages\/1289","targetHints":{"allow":["GET"]}}],"collection":[{"href":"https:\/\/konferenztechnik.de\/ar\/wp-json\/wp\/v2\/pages"}],"about":[{"href":"https:\/\/konferenztechnik.de\/ar\/wp-json\/wp\/v2\/types\/page"}],"author":[{"embeddable":true,"href":"https:\/\/konferenztechnik.de\/ar\/wp-json\/wp\/v2\/users\/1"}],"replies":[{"embeddable":true,"href":"https:\/\/konferenztechnik.de\/ar\/wp-json\/wp\/v2\/comments?post=1289"}],"version-history":[{"count":0,"href":"https:\/\/konferenztechnik.de\/ar\/wp-json\/wp\/v2\/pages\/1289\/revisions"}],"up":[{"embeddable":true,"href":"https:\/\/konferenztechnik.de\/ar\/wp-json\/wp\/v2\/pages\/3614"}],"wp:featuredmedia":[{"embeddable":true,"href":"https:\/\/konferenztechnik.de\/ar\/wp-json\/wp\/v2\/media\/45482"}],"wp:attachment":[{"href":"https:\/\/konferenztechnik.de\/ar\/wp-json\/wp\/v2\/media?parent=1289"}],"curies":[{"name":"\u062f\u0628\u0644\u064a\u0648 \u0628\u064a","href":"https:\/\/api.w.org\/{rel}","templated":true}]}}