{"id":12945,"date":"2023-09-01T13:20:51","date_gmt":"2023-09-01T11:20:51","guid":{"rendered":"https:\/\/www.konferenztechnik.de\/?page_id=12945"},"modified":"2023-09-01T13:20:52","modified_gmt":"2023-09-01T11:20:52","slug":"%d8%a7%d8%b4%d8%aa%d8%b1-sennheiser-tourguide-2020-d","status":"publish","type":"page","link":"https:\/\/konferenztechnik.de\/ar\/%d8%a7%d8%b4%d8%aa%d8%b1-sennheiser-tourguide-2020-d\/","title":{"rendered":"\u0627\u0634\u062a\u0631 Sennheiser Tourguide 2020 D"},"content":{"rendered":"<h1>\u0627\u0634\u062a\u0631\u0650 \u0646\u0638\u0627\u0645 \u0627\u0644\u0625\u0631\u0634\u0627\u062f \u0627\u0644\u0633\u064a\u0627\u062d\u064a \u0627\u0644\u0631\u0642\u0645\u064a Sennheiser Tourguide 2020 D \u2013 \u0645\u0646 \u0633\u0646\u0647\u0627\u064a\u0632\u0631<\/h1>\n<h2>Sennheiser Tourguide 2020 D<\/h2>\n<div class=\"call-action-slider-img\">\n<img fetchpriority=\"high\" decoding=\"async\" width=\"850\" height=\"388\" src=\"https:\/\/konferenztechnik.de\/wp-content\/uploads\/2018\/01\/sennheiser-tourguide-kaufen-set.jpg\" alt=\"\u0627\u0634\u062a\u0631 \u0645\u062c\u0645\u0648\u0639\u0629 Sennheiser Tourguide\" class=\"alignnone size-full wp-image-12216\" title=\"\" srcset=\"https:\/\/konferenztechnik.de\/wp-content\/uploads\/2018\/01\/sennheiser-tourguide-kaufen-set.jpg 850w, https:\/\/konferenztechnik.de\/wp-content\/uploads\/2018\/01\/sennheiser-tourguide-kaufen-set-300x137.jpg 300w, https:\/\/konferenztechnik.de\/wp-content\/uploads\/2018\/01\/sennheiser-tourguide-kaufen-set-768x351.jpg 768w\" sizes=\"(max-width: 850px) 100vw, 850px\" \/><br \/>\n<button class=\"bbtn popmake-12226\">\u0627\u0637\u0644\u0628 \u0639\u0631\u0636 \u0623\u0633\u0639\u0627\u0631 &#x9B;<\/button><\/div>\n<p>\u064a\u062c\u0645\u0639 \u0646\u0638\u0627\u0645 \u0627\u0644\u062f\u0644\u064a\u0644 \u0627\u0644\u0633\u064a\u0627\u062d\u064a \u0627\u0644\u0631\u0642\u0645\u064a Sennheiser 2020-D \u0645\u0646 \u0633\u0646\u0647\u0627\u064a\u0632\u0631 \u0628\u064a\u0646 \u0633\u0647\u0648\u0644\u0629 \u0627\u0644\u0627\u0633\u062a\u062e\u062f\u0627\u0645 \u0648\u0627\u0644\u0648\u0638\u0627\u0626\u0641 \u0627\u0644\u0627\u062d\u062a\u0631\u0627\u0641\u064a\u0629: \u064a\u0645\u0643\u0646 \u0627\u0633\u062a\u062e\u062f\u0627\u0645 \u0646\u0638\u0627\u0645 \u0627\u0644\u0645\u0631\u0634\u062f \u0627\u0644\u0633\u064a\u0627\u062d\u064a \u0645\u0646 \u0633\u0646\u0647\u0627\u064a\u0632\u0631 \u0628\u0633\u0647\u0648\u0644\u0629 \u0641\u064a \u0627\u0644\u062c\u0648\u0644\u0627\u062a \u0627\u0644\u0625\u0631\u0634\u0627\u062f\u064a\u0629 \u0623\u0648 \u0627\u0644\u0645\u0624\u062a\u0645\u0631\u0627\u062a \u0623\u0648 \u0644\u062f\u0639\u0645 \u0627\u0644\u0633\u0645\u0639. \u062a\u062c\u0645\u0639 \u0623\u062c\u0647\u0632\u0629 \u0627\u0633\u062a\u0642\u0628\u0627\u0644 \u0645\u0633\u0646\u062f \u0627\u0644\u0630\u0642\u0646 HDE-2020 \u0628\u064a\u0646 \u0633\u0645\u0627\u0639\u0627\u062a \u0627\u0644\u0631\u0623\u0633 \u0648\u062c\u0647\u0627\u0632 \u0627\u0644\u0627\u0633\u062a\u0642\u0628\u0627\u0644 \u0641\u064a \u062c\u0647\u0627\u0632 \u0648\u0627\u062d\u062f. \u064a\u062a\u0645 \u062a\u0634\u063a\u064a\u0644 \u0623\u062c\u0647\u0632\u0629 \u0627\u0644\u0627\u0633\u062a\u0642\u0628\u0627\u0644 \u062a\u0644\u0642\u0627\u0626\u064a\u064b\u0627 \u0639\u0646\u062f \u062a\u0634\u063a\u064a\u0644\u0647\u0627 \u0648\u0625\u064a\u0642\u0627\u0641 \u062a\u0634\u063a\u064a\u0644\u0647\u0627 \u0645\u0631\u0629 \u0623\u062e\u0631\u0649 \u0639\u0646\u062f \u0627\u0633\u062a\u062e\u062f\u0627\u0645\u0647\u0627 \u0644\u0641\u062a\u0631\u0627\u062a \u0623\u0637\u0648\u0644.<\/p>\n<p>[\u0648\u0627\u0636\u062d]<\/p>\n<div id=\"newscontainer\">\n<div class=\"newskasten\">\n\u0645\u0633\u062a\u0644\u0645 \u0627\u0644\u062f\u0644\u064a\u0644 \u0627\u0644\u0633\u064a\u0627\u062d\u064a<br \/>\n<img decoding=\"async\" width=\"580\" height=\"450\" src=\"https:\/\/konferenztechnik.de\/wp-content\/uploads\/2013\/12\/Sennheiser_tourguide-2020-kopfbuegelempfaenger.jpg\" alt=\"\" class=\"alignleft size-full wp-image-4195\" title=\"\" srcset=\"https:\/\/konferenztechnik.de\/wp-content\/uploads\/2013\/12\/Sennheiser_tourguide-2020-kopfbuegelempfaenger.jpg 580w, https:\/\/konferenztechnik.de\/wp-content\/uploads\/2013\/12\/Sennheiser_tourguide-2020-kopfbuegelempfaenger-300x233.jpg 300w\" sizes=\"(max-width: 580px) 100vw, 580px\" \/><\/div>\n<div class=\"newskasten newskastenfixodd\">\n\u0645\u0633\u062a\u0644\u0645 \u0627\u0644\u062f\u0644\u064a\u0644 \u0627\u0644\u0633\u064a\u0627\u062d\u064a<br \/>\n<img decoding=\"async\" width=\"580\" height=\"450\" src=\"https:\/\/konferenztechnik.de\/wp-content\/uploads\/2013\/12\/Sennheiser_tourguide-2020-kopfbuegelempfaenger.jpg\" alt=\"\" class=\"alignleft size-full wp-image-4195\" title=\"\" srcset=\"https:\/\/konferenztechnik.de\/wp-content\/uploads\/2013\/12\/Sennheiser_tourguide-2020-kopfbuegelempfaenger.jpg 580w, https:\/\/konferenztechnik.de\/wp-content\/uploads\/2013\/12\/Sennheiser_tourguide-2020-kopfbuegelempfaenger-300x233.jpg 300w\" sizes=\"(max-width: 580px) 100vw, 580px\" \/><\/div>\n<div class=\"newskasten newskastenfixodd\">\n\u0645\u0633\u062a\u0644\u0645 \u0627\u0644\u062f\u0644\u064a\u0644 \u0627\u0644\u0633\u064a\u0627\u062d\u064a<br \/>\n<img decoding=\"async\" width=\"580\" height=\"450\" src=\"https:\/\/konferenztechnik.de\/wp-content\/uploads\/2013\/12\/Sennheiser_tourguide-2020-kopfbuegelempfaenger.jpg\" alt=\"\" class=\"alignleft size-full wp-image-4195\" title=\"\" srcset=\"https:\/\/konferenztechnik.de\/wp-content\/uploads\/2013\/12\/Sennheiser_tourguide-2020-kopfbuegelempfaenger.jpg 580w, https:\/\/konferenztechnik.de\/wp-content\/uploads\/2013\/12\/Sennheiser_tourguide-2020-kopfbuegelempfaenger-300x233.jpg 300w\" sizes=\"(max-width: 580px) 100vw, 580px\" \/><\/div>\n<\/div>","protected":false},"excerpt":{"rendered":"<p>Sennheiser Tourguide 2020 D kaufen &#8211; Digitale Personenf\u00fchrungsanlage Sennheiser Tourguide 2020 D Angebot anfordern &#x9B; Das digitale Sennheiser 2020-D Tourguide-System kombiniert einfache Handhabung mit professionellen Funktionen: Die Sennheiser F\u00fchrungsanlage kann unkompliziert bei Besucherf\u00fchrungen, Konferenzen oder zur H\u00f6runterst\u00fctzung eingesetzt werden. Die HDE-2020 Kinnb\u00fcgelempf\u00e4nger vereinen Kopfh\u00f6rer und Empf\u00e4nger in einem Ger\u00e4t. Die Empf\u00e4nger schalten sich beim Aufsetzen [&hellip;]<\/p>","protected":false},"author":1,"featured_media":45482,"parent":0,"menu_order":0,"comment_status":"closed","ping_status":"closed","template":"","meta":{"_acf_changed":false,"footnotes":""},"class_list":["post-12945","page","type-page","status-publish","has-post-thumbnail","hentry"],"acf":[],"_links":{"self":[{"href":"https:\/\/konferenztechnik.de\/ar\/wp-json\/wp\/v2\/pages\/12945","targetHints":{"allow":["GET"]}}],"collection":[{"href":"https:\/\/konferenztechnik.de\/ar\/wp-json\/wp\/v2\/pages"}],"about":[{"href":"https:\/\/konferenztechnik.de\/ar\/wp-json\/wp\/v2\/types\/page"}],"author":[{"embeddable":true,"href":"https:\/\/konferenztechnik.de\/ar\/wp-json\/wp\/v2\/users\/1"}],"replies":[{"embeddable":true,"href":"https:\/\/konferenztechnik.de\/ar\/wp-json\/wp\/v2\/comments?post=12945"}],"version-history":[{"count":0,"href":"https:\/\/konferenztechnik.de\/ar\/wp-json\/wp\/v2\/pages\/12945\/revisions"}],"wp:featuredmedia":[{"embeddable":true,"href":"https:\/\/konferenztechnik.de\/ar\/wp-json\/wp\/v2\/media\/45482"}],"wp:attachment":[{"href":"https:\/\/konferenztechnik.de\/ar\/wp-json\/wp\/v2\/media?parent=12945"}],"curies":[{"name":"\u062f\u0628\u0644\u064a\u0648 \u0628\u064a","href":"https:\/\/api.w.org\/{rel}","templated":true}]}}