{"id":13037,"date":"2018-05-02T18:50:17","date_gmt":"2018-05-02T17:50:17","guid":{"rendered":"https:\/\/www.konferenztechnik.de\/?page_id=13037"},"modified":"2023-09-01T13:16:24","modified_gmt":"2023-09-01T11:16:24","slug":"%d8%b4%d8%b1%d8%a7%d8%a1-%d9%85%d8%b1%d8%b4%d8%af-%d8%b3%d9%8a%d8%a7%d8%ad%d9%8a-%d9%85%d9%86-%d8%b3%d9%86%d9%87%d8%a7%d9%8a%d8%b2%d8%b1","status":"publish","type":"page","link":"https:\/\/konferenztechnik.de\/ar\/%d8%b4%d8%b1%d8%a7%d8%a1-%d9%85%d8%b1%d8%b4%d8%af-%d8%b3%d9%8a%d8%a7%d8%ad%d9%8a-%d9%85%d9%86-%d8%b3%d9%86%d9%87%d8%a7%d9%8a%d8%b2%d8%b1\/","title":{"rendered":"\u0627\u0634\u062a\u0631 Sennheiser Tourguide"},"content":{"rendered":"<h1>\u0627\u0634\u062a\u0631 Sennheiser Tourguide 2020 D<\/h1>\n<div class=\"call-action-slider-img\">\n<img decoding=\"async\" src=\"https:\/\/konferenztechnik.de\/wp-content\/uploads\/2018\/05\/EK-2020-D-II-kaufen.jpg\" alt=\"\u0627\u0634\u062a\u0631 Sennheiser Tourguide \u0645\u0646 PCS Konferenztechnik\" class=\"alignnone size-full wp-image-12201\" title=\"\"><br \/>\n<button class=\"bbtn popmake-12226\">\u0627\u0637\u0644\u0628 \u0639\u0631\u0636 \u0623\u0633\u0639\u0627\u0631 &#x9B;<\/button><\/div>\n<h2>\u062c\u0647\u0627\u0632 \u0627\u0644\u0627\u0633\u062a\u0642\u0628\u0627\u0644 EK 2020-D-II<\/h2>\n<p>[spacer size=\"10\"]<\/p>\n<p>\u0625\u0646 \u062c\u0647\u0627\u0632 \u0627\u0644\u0627\u0633\u062a\u0642\u0628\u0627\u0644 \u0627\u0644\u0645\u062d\u0645\u0648\u0644 \u0627\u0644\u0642\u0648\u064a \u062c\u062f\u0627\u064b \u0648\u0627\u0644\u0645\u062a\u0639\u062f\u062f \u0627\u0644\u0627\u0633\u062a\u062e\u062f\u0627\u0645\u0627\u062a \u0647\u0648<br \/>\n\u0645\u062b\u0627\u0644\u064a\u0629 \u0644\u0644\u0627\u0633\u062a\u062e\u062f\u0627\u0645 \u0641\u064a \u0645\u062c\u0627\u0644\u0627\u062a \u0627\u0644\u062c\u0648\u0644\u0627\u062a \u0627\u0644\u0625\u0631\u0634\u0627\u062f\u064a\u0629 \u0648\u0627\u0644\u0645\u0624\u062a\u0645\u0631\u0627\u062a \u0648\u0627\u0644\u0645\u0633\u0627\u0639\u062f\u0629 \u0627\u0644\u0633\u0645\u0639\u064a\u0629: \u0645\u0627 \u0639\u0644\u064a\u0643 \u0633\u0648\u0649 \u0627\u062e\u062a\u064a\u0627\u0631 \u0633\u0645\u0627\u0639\u0627\u062a \u0627\u0644\u0631\u0623\u0633 \u0627\u0644\u0645\u0646\u0627\u0633\u0628\u0629<br \/>\n\u0623\u0648 \u062d\u0644\u0642\u0629 \u0627\u0644\u062d\u062b \u0644\u0627\u0633\u062a\u062e\u062f\u0627\u0645 \u0627\u0644\u0645\u0639\u064a\u0646\u0627\u062a \u0627\u0644\u0633\u0645\u0639\u064a\u0629 \u0645\u0639 \u0645\u0644\u0641 T\u060c \u062a\u0645! \u0625\u0631\u0633\u0627\u0644 \u0625\u0634\u0627\u0631\u0629 \u0631\u0642\u0645\u064a\u0629 \u0644\u0625\u0631\u0633\u0627\u0644 \u0625\u0634\u0627\u0631\u0629 \u0631\u0642\u0645\u064a\u0629 \u0644\u0640<br \/>\n\u062c\u0648\u062f\u0629 \u0627\u0644\u0635\u0648\u062a \u0648\u0645\u0641\u0647\u0648\u0645 \u0627\u0644\u062a\u0634\u063a\u064a\u0644 \u0627\u0644\u0628\u062f\u064a\u0647\u064a \u0641\u0631\u064a\u062f\u0627\u0646 \u0645\u0646 \u0646\u0648\u0639\u0647\u0645\u0627. \u0645\u0633\u062a\u0648\u0649 \u0627\u0644\u0635\u0648\u062a \u0648\u062c\u0648\u062f\u0629 \u0627\u0644\u0627\u0633\u062a\u0642\u0628\u0627\u0644 \u0648\u062d\u0627\u0644\u0629 \u0627\u0644\u0628\u0637\u0627\u0631\u064a\u0629 \u0648\u0642\u0646\u0627\u0629 \u0627\u0644\u0627\u0633\u062a\u0642\u0628\u0627\u0644<br \/>\n\u062a\u064f\u0642\u0631\u0623 \u0645\u0646 \u0634\u0627\u0634\u0629 LCD \u0630\u0627\u062a \u0625\u0636\u0627\u0621\u0629 \u062e\u0644\u0641\u064a\u0629. \u064a\u0633\u0645\u062d \u0627\u0644\u0645\u0634\u0628\u0643 \u0627\u0644\u0645\u062f\u0645\u062c \u0628\u0627\u0631\u062a\u062f\u0627\u0626\u0647\u0627 \u0639\u0644\u0649 \u0627\u0644\u0642\u0645\u064a\u0635 \u0623\u0648 \u0627\u0644\u062d\u0632\u0627\u0645 \u0623\u0648 \u0627\u0644\u062d\u0628\u0644.<\/p>\n<p>1: \u062a\u0648\u0641\u0631 \u0634\u0627\u0634\u0629 LCD \u0630\u0627\u062a \u0627\u0644\u0625\u0636\u0627\u0621\u0629 \u0627\u0644\u062e\u0644\u0641\u064a\u0629 \u0645\u0639\u0644\u0648\u0645\u0627\u062a \u062d\u0648\u0644 \u0642\u0646\u0627\u0629 \u0627\u0644\u0627\u0633\u062a\u0642\u0628\u0627\u0644 \u0648\u0645\u0633\u062a\u0648\u0649 \u0627\u0644\u0635\u0648\u062a \u0648\u062d\u0627\u0644\u0629 \u0627\u0644\u0628\u0637\u0627\u0631\u064a\u0629 \u0648\u062c\u0648\u062f\u0629 \u0627\u0644\u0627\u0633\u062a\u0642\u0628\u0627\u0644<\/p>\n<p>2: \u0623\u0632\u0631\u0627\u0631 \u0627\u062e\u062a\u064a\u0627\u0631 \u0627\u0644\u0642\u0646\u0627\u0629<\/p>\n<p>3: \u0627\u0644\u062a\u062d\u0643\u0645 \u0641\u064a \u0645\u0633\u062a\u0648\u0649 \u0627\u0644\u0635\u0648\u062a<\/p>\n<p>\u0648\u0638\u064a\u0641\u0629 \u0625\u064a\u0642\u0627\u0641 \u0627\u0644\u062a\u0634\u063a\u064a\u0644 \u0627\u0644\u062a\u0644\u0642\u0627\u0626\u064a (\u0639\u0646\u062f \u0625\u064a\u0642\u0627\u0641 \u062a\u0634\u063a\u064a\u0644 \u062c\u0647\u0627\u0632 \u0627\u0644\u0625\u0631\u0633\u0627\u0644 \u0623\u0648<br \/>\n\u0625\u0632\u0627\u0644\u0629 \u0633\u0645\u0627\u0639\u0627\u062a \u0627\u0644\u0631\u0623\u0633) \u064a\u062d\u0641\u0638 \u0627\u0644\u0628\u0637\u0627\u0631\u064a\u0629 (\u0639\u0645\u0631 \u0627\u0644\u0628\u0637\u0627\u0631\u064a\u0629 \u064a\u0635\u0644 \u0625\u0644\u0649 16 \u0633\u0627\u0639\u0629). \u064a\u0628\u0644\u063a \u0645\u062f\u0649 \u0627\u0644\u0627\u0633\u062a\u0642\u0628\u0627\u0644 \u0641\u064a \u0627\u0644\u0647\u0648\u0627\u0621 \u0627\u0644\u0637\u0644\u0642 \u062d\u0648\u0627\u0644\u064a 100 \u0645\u062a\u0631,<br \/>\n\u062d\u0648\u0627\u0644\u064a 50 \u0645\u062a\u0631\u0627\u064b \u0641\u064a \u0627\u0644\u063a\u0631\u0641 \u0627\u0644\u0645\u063a\u0644\u0642\u0629<\/p>\n<hr style=\"background-color:#999999; margin-bottom:30px;\">\n<div class=\"call-action-slider-img\">\n<img decoding=\"async\" src=\"https:\/\/konferenztechnik.de\/wp-content\/uploads\/2018\/05\/HDE-2020-D-II-kaufen.jpg\" alt=\"\u0627\u0634\u062a\u0631 \u062f\u0644\u064a\u0644 \u062c\u0648\u0644\u0629 \u0645\u0633\u0646\u062f \u0627\u0644\u0630\u0642\u0646 Sennheiser \u0645\u0646 PCS Konferenztechnik\" class=\"alignnone size-full wp-image-12201\" title=\"\"><\/p>\n<\/div>\n<h2>\u062c\u0647\u0627\u0632 \u0627\u0644\u0627\u0633\u062a\u0642\u0628\u0627\u0644 HDE 2020-D-II<\/h2>\n<p>[spacer size=\"10\"]<\/p>\n<p>\u0633\u0645\u0627\u0639\u0627\u062a \u0631\u0623\u0633 \u0645\u0633\u0646\u062f \u0627\u0644\u0630\u0642\u0646 \u0627\u0644\u0645\u0631\u064a\u062d\u0629 \u0644\u0644\u0645\u0633\u062a\u0645\u0639\u064a\u0646 \u0639\u0646\u062f \u0627\u0631\u062a\u062f\u0627\u0626\u0647\u0627\u060c \u062a\u0632\u0646<br \/>\n70 \u062c\u0645 \u0641\u0642\u0637. \u0625\u0646\u0647 \u062c\u0647\u0627\u0632 \u0627\u0633\u062a\u0642\u0628\u0627\u0644 \u0648\u0633\u0645\u0627\u0639\u0627\u062a \u0631\u0623\u0633 \u0641\u064a \u062c\u0647\u0627\u0632 \u0648\u0627\u062d\u062f\u060c \u0628\u062f\u0648\u0646 \u0643\u0627\u0628\u0644\u0627\u062a \u0645\u062a\u0634\u0627\u0628\u0643\u0629. \u0644\u0630\u0627 \u0644\u0627 \u064a\u062d\u0645\u0644 \u0627\u0644\u0645\u0633\u062a\u0645\u0639\u0648\u0646 \u0623\u0643\u062b\u0631 \u0645\u0645\u0627 \u064a\u062d\u062a\u0627\u062c\u0648\u0646 \u0625\u0644\u064a\u0647 \u0641\u0639\u0644\u0627\u064b.<br \/>\n\u062a\u0648\u0641\u0631 \u0627\u0644\u0628\u0637\u0627\u0631\u064a\u0629 \u0627\u0644\u0642\u0648\u064a\u0629 \u0644\u0644\u0647\u0627\u062a\u0641 \u0645\u0627 \u064a\u0635\u0644 \u0625\u0644\u0649 8 \u0633\u0627\u0639\u0627\u062a \u0645\u0646 \u0648\u0642\u062a \u0627\u0644\u062a\u0634\u063a\u064a\u0644\u060c \u0644\u0630\u0627 \u064a\u0645\u0643\u0646 \u0627\u0644\u0642\u064a\u0627\u0645 \u0628\u062c\u0648\u0644\u0629 \u0644\u064a\u0648\u0645 \u0643\u0627\u0645\u0644 \u0641\u064a \u0627\u0644\u0645\u062f\u064a\u0646\u0629.<br \/>\n\u0645\u0631\u0643\u0632 \u062b\u0642\u0627\u0641\u064a \u0623\u0648 \u0634\u0631\u0643\u0629 \u0643\u0628\u064a\u0631\u0629. \u064a\u062a\u0645 \u062a\u0634\u063a\u064a\u0644 \u0633\u0645\u0627\u0639\u0629 \u0627\u0644\u0631\u0623\u0633 \u062a\u0644\u0642\u0627\u0626\u064a\u0627\u064b \u0639\u0646\u062f \u0627\u0631\u062a\u062f\u0627\u0626\u0647\u0627 \u0648\u062e\u0644\u0639\u0647\u0627<br \/>\n\u0648\u0625\u064a\u0642\u0627\u0641 \u0627\u0644\u062a\u0634\u063a\u064a\u0644. \u0647\u0630\u0627 \u064a\u062d\u0641\u0638 \u0627\u0644\u0628\u0637\u0627\u0631\u064a\u0629.<\/p>\n<p>\u064a\u0628\u0644\u063a \u0645\u062f\u0649 \u0627\u0633\u062a\u0642\u0628\u0627\u0644 \u062c\u0647\u0627\u0632 \u0627\u0633\u062a\u0642\u0628\u0627\u0644 \u0645\u0633\u0646\u062f \u0627\u0644\u0630\u0642\u0646 \u062d\u0648\u0627\u0644\u064a 100 \u0645\u062a\u0631 \u0641\u064a \u0627\u0644\u0647\u0648\u0627\u0621 \u0627\u0644\u0637\u0644\u0642\u060c \u0648\u062d\u0648\u0627\u0644\u064a 100 \u0645\u062a\u0631 \u0641\u064a \u0627\u0644\u062f\u0627\u062e\u0644.<br \/>\n\u063a\u0631\u0641 \u0639\u0644\u0649 \u0628\u064f\u0639\u062f 50 \u0645\u062a\u0631\u0627\u064b \u062a\u0642\u0631\u064a\u0628\u0627\u064b.<\/p>\n<hr style=\"background-color:#999999; margin-bottom:30px;\">\n<div class=\"call-action-slider-img\">\n<img decoding=\"async\" src=\"https:\/\/konferenztechnik.de\/wp-content\/uploads\/2018\/05\/SK-2020-D-kaufen.jpg\" alt=\"\u0627\u0634\u062a\u0631 \u062c\u0647\u0627\u0632 \u0625\u0631\u0633\u0627\u0644 Sennheiser Tourguide \u0627\u0644\u0645\u062d\u0645\u0648\u0644 \u0639\u0644\u0649 \u0627\u0644\u062c\u0633\u0645 \u0645\u0646 \u0633\u0646\u0647\u0627\u064a\u0632\u0631\" class=\"alignnone size-full wp-image-12201\" title=\"\"><\/p>\n<\/div>\n<h2>\u062c\u0647\u0627\u0632 \u0627\u0644\u0625\u0631\u0633\u0627\u0644 \u0627\u0644\u062c\u064a\u0628 SK 2020-D<\/h2>\n<p>[spacer size=\"10\"]<\/p>\n<p>\u064a\u0645\u0646\u062d\u0643 \u0627\u0644\u062c\u0645\u0639 \u0628\u064a\u0646 \u062c\u0647\u0627\u0632 \u0627\u0644\u0625\u0631\u0633\u0627\u0644 \u0627\u0644\u0645\u062d\u0645\u0648\u0644 \u0639\u0644\u0649 \u0627\u0644\u062c\u0633\u0645 \u0648\u0645\u064a\u0643\u0631\u0648\u0641\u0648\u0646 \u0633\u0645\u0627\u0639\u0629 \u0627\u0644\u0631\u0623\u0633 (HS 2-ew) \u0623\u0642\u0635\u0649 \u0642\u062f\u0631 \u0645\u0646 \u062d\u0631\u064a\u0629 \u0627\u0644\u062d\u0631\u0643\u0629 \u0623\u062b\u0646\u0627\u0621 \u0627\u0644\u062c\u0648\u0644\u0629.<br \/>\n\u064a\u0645\u0643\u0646\u0643 \u0634\u0631\u062d \u0634\u064a\u0621 \u0645\u0627 \u0628\u0647\u062f\u0648\u0621 \u0623\u0648 \u0625\u0638\u0647\u0627\u0631 \u0634\u064a\u0621 \u0645\u0627 \u0628\u0643\u0644\u062a\u0627 \u064a\u062f\u064a\u0643.<br \/>\n\u064a\u0645\u0643\u0646\u0643 \u0623\u064a\u0636\u064b\u0627 \u0627\u0633\u062a\u062e\u062f\u0627\u0645 \u0645\u062f\u062e\u0644 \u062e\u0637 \u062c\u0647\u0627\u0632 \u0627\u0644\u0625\u0631\u0633\u0627\u0644 \u0644\u062a\u0634\u063a\u064a\u0644 \u0645\u0635\u0627\u062f\u0631 \u0627\u0644\u0635\u0648\u062a \u0627\u0644\u062e\u0627\u0631\u062c\u064a\u0629 \u2013 \u0623\u062b\u0646\u0627\u0621 \u0645\u062a\u0627\u0628\u0639\u0629 \u0627\u0644\u062a\u062d\u062f\u062b \u0623\u0648<br \/>\n\u0643\u062a\u0645 \u0635\u0648\u062a \u0627\u0644\u0645\u064a\u0643\u0631\u0648\u0641\u0648\u0646. \u064a\u0645\u0643\u0646 \u062a\u0634\u063a\u064a\u0644 \u062c\u0647\u0627\u0632 \u0627\u0644\u0625\u0631\u0633\u0627\u0644 \u0628\u0634\u0643\u0644 \u0628\u062f\u064a\u0647\u064a \u0644\u0644\u063a\u0627\u064a\u0629\u060c \u0648\u062a\u064f\u0639\u0644\u0645\u0643 \u0634\u0627\u0634\u0629 \u0627\u0644\u0639\u0631\u0636 \u0630\u0627\u062a \u0627\u0644\u0625\u0636\u0627\u0621\u0629 \u0627\u0644\u062e\u0644\u0641\u064a\u0629 \u0639\u0646<br \/>\n\u0625\u0639\u062f\u0627\u062f \u0627\u0644\u0642\u0646\u0627\u0629\u060c \u0648\u062d\u0627\u0644\u0629 \u0627\u0644\u0628\u0637\u0627\u0631\u064a\u0629 \u0648\u0645\u0633\u062a\u0648\u0649 \u0625\u062f\u062e\u0627\u0644 \u0627\u0644\u0645\u064a\u0643\u0631\u0648\u0641\u0648\u0646 \u0648\u0627\u0644\u062e\u0637. \u062c\u0647\u0627\u0632 \u0627\u0644\u0625\u0631\u0633\u0627\u0644 \u0642\u0648\u064a<br \/>\n\u0645\u0639 \u063a\u0644\u0627\u0641\u0647\u0627 \u0627\u0644\u0645\u0639\u062f\u0646\u064a.<\/p>\n<hr style=\"background-color:#999999; margin-bottom:30px;\">\n<div class=\"call-action-slider-img\">\n<img decoding=\"async\" src=\"https:\/\/konferenztechnik.de\/wp-content\/uploads\/2018\/05\/SKM-2020-D-kaufen.jpg\" alt=\"\u0627\u0634\u062a\u0631 \u062c\u0647\u0627\u0632 \u0627\u0644\u0625\u0631\u0633\u0627\u0644 \u0627\u0644\u0645\u062d\u0645\u0648\u0644 \u0628\u0627\u0644\u064a\u062f Sennheiser Tourguide\" class=\"alignnone size-full wp-image-12201\" title=\"\"><\/p>\n<\/div>\n<h2>\u062c\u0647\u0627\u0632 \u0627\u0644\u0625\u0631\u0633\u0627\u0644 \u0627\u0644\u0645\u062d\u0645\u0648\u0644 \u0628\u0627\u0644\u064a\u062f SKM 2020-D<\/h2>\n<p>[spacer size=\"10\"]<\/p>\n<p>\u064a\u0639\u0645\u0644 \u0627\u0644\u0645\u064a\u0643\u0631\u0648\u0641\u0648\u0646 \u0627\u0644\u0645\u062d\u0645\u0648\u0644 \u0628\u0627\u0644\u064a\u062f SKM 2020-D \u0639\u0644\u0649 \u0643\u062a\u0645 \u0636\u0648\u0636\u0627\u0621 \u0627\u0644\u062e\u0644\u0641\u064a\u0629 \u063a\u064a\u0631 \u0627\u0644\u0645\u0631\u063a\u0648\u0628 \u0641\u064a\u0647\u0627. \u062c\u0647\u0627\u0632 \u0627\u0644\u0625\u0631\u0633\u0627\u0644 \u0627\u0644\u0642\u0648\u064a \u0644\u0644\u063a\u0627\u064a\u0629 \u0633\u0647\u0644 \u0648\u0645\u0631\u064a\u062d \u0641\u064a \u0627\u0644\u062a\u0634\u063a\u064a\u0644. \u062a\u0639\u0631\u0636 \u0627\u0644\u0634\u0627\u0634\u0629 \u0630\u0627\u062a \u0627\u0644\u0625\u0636\u0627\u0621\u0629 \u0627\u0644\u062e\u0644\u0641\u064a\u0629 \u0642\u0646\u0627\u0629 \u0627\u0644\u0625\u0631\u0633\u0627\u0644 \u0648<br \/>\n\u0639\u0631\u0636 \u062d\u0627\u0644\u0629 \u0627\u0644\u0628\u0637\u0627\u0631\u064a\u0629. \u062a\u062a\u064a\u062d \u0627\u0644\u0628\u0637\u0627\u0631\u064a\u0629 \u0627\u0644\u0642\u0627\u0628\u0644\u0629 \u0644\u0625\u0639\u0627\u062f\u0629 \u0627\u0644\u0634\u062d\u0646 \u0625\u0645\u0643\u0627\u0646\u064a\u0629 \u0627\u0644\u0642\u064a\u0627\u0645 \u0628\u062c\u0648\u0644\u0627\u062a \u062a\u062f\u0648\u0645 \u062d\u062a\u0649 8 \u0633\u0627\u0639\u0627\u062a.<\/p>\n<p>1: \u0645\u0641\u062a\u0627\u062d \u0627\u0644\u062a\u0634\u063a\u064a\u0644\/\u0625\u064a\u0642\u0627\u0641 \u0627\u0644\u062a\u0634\u063a\u064a\u0644<\/p>\n<p>2: \u063a\u0637\u0627\u0621 \u0642\u0627\u0628\u0644 \u0644\u0644\u062f\u0648\u0631\u0627\u0646 \u0648\u0627\u0644\u0625\u0632\u0627\u0644\u0629 (\u0644\u062d\u0645\u0627\u064a\u0629 \u0639\u0646\u0627\u0635\u0631 \u0627\u0644\u062a\u0634\u063a\u064a\u0644)<\/p>\n<p>3: \u062d\u062c\u0631\u0629 \u0627\u0644\u0628\u0637\u0627\u0631\u064a\u0629<\/p>\n<hr style=\"background-color:#999999; margin-bottom:30px;\">\n<div class=\"call-action-slider-img\">\n<img decoding=\"async\" src=\"https:\/\/konferenztechnik.de\/wp-content\/uploads\/2018\/05\/EZL-2020-20-L-kaufen.jpg\" alt=\"\u0634\u0631\u0627\u0621 \u0645\u0644\u062d\u0642\u0627\u062a Sennheiser Tourguide\" class=\"alignnone size-full wp-image-12201\" title=\"\"><\/p>\n<\/div>\n<h2>\u0639\u0644\u0628\u0629 \u0627\u0644\u0634\u062d\u0646 EZL 2020-20-L<\/h2>\n<p>[spacer size=\"10\"]<\/p>\n<p>\u062d\u0627\u0644\u0629 \u0627\u0644\u062a\u062d\u0645\u064a\u0644\u060c \u0648\u0627\u0644\u062a\u064a \u064a\u0645\u0643\u0646 \u0627\u0633\u062a\u062e\u062f\u0627\u0645\u0647\u0627 \u0643\u0640<br \/>\n\u0645\u0633\u0627\u062d\u0629 \u062a\u062e\u0632\u064a\u0646 \u0644\u062c\u0645\u064a\u0639 \u0645\u0639\u062f\u0627\u062a\u0643 \u0628\u0627\u0644\u0625\u0636\u0627\u0641\u0629 \u0625\u0644\u0649 \u0645\u062d\u0637\u0629 \u0634\u062d\u0646 \u0644\u0644\u0647\u0648\u0627\u062a\u0641 \u0648\u0623\u062c\u0647\u0632\u0629 \u0627\u0644\u0625\u0631\u0633\u0627\u0644. 20 \u0641\u062a\u062d\u0629 \u0634\u062d\u0646 \u0644\u0640<br \/>\n\u064a\u062a\u0645 \u062a\u0648\u0641\u064a\u0631 \u062c\u0647\u0627\u0632 \u0627\u0633\u062a\u0642\u0628\u0627\u0644 \u0628\u062d\u0632\u0627\u0645 \u0630\u0642\u0646 \u0648\u0641\u062a\u062d\u062a\u064a \u0634\u062d\u0646 \u0644\u062c\u0647\u0627\u0632 \u0627\u0644\u0625\u0631\u0633\u0627\u0644 \u0648\u0628\u0637\u0627\u0631\u064a\u0629 \u0627\u062d\u062a\u064a\u0627\u0637\u064a\u0629 \u0644\u0647\u0630\u0627 \u0627\u0644\u063a\u0631\u0636.<br \/>\n\u064a\u0648\u0641\u0631 \u0632\u0631 \"\u0646\u0633\u062e\" \u0627\u0644\u0623\u062e\u0636\u0631 \u0627\u0644\u0643\u062b\u064a\u0631 \u0645\u0646 \u0627\u0644\u0639\u0645\u0644: \u0645\u0627 \u0639\u0644\u064a\u0643 \u0633\u0648\u0649 \u0636\u0628\u0637 \u0633\u0645\u0627\u0639\u0629 \u0627\u0644\u0647\u0627\u062a\u0641 \u0639\u0644\u0649 \u0642\u0646\u0627\u0629 \u0627\u0644\u0627\u0633\u062a\u0642\u0628\u0627\u0644 \u0627\u0644\u0645\u0637\u0644\u0648\u0628\u0629 \u0648\u0627\u0644\u0636\u063a\u0637 \u0639\u0644\u0649 \u0627\u0644\u0632\u0631,<br \/>\n\u0648\u064a\u062a\u0645 \u0636\u0628\u0637 \u062c\u0645\u064a\u0639 \u0623\u062c\u0647\u0632\u0629 \u0627\u0644\u0627\u0633\u062a\u0642\u0628\u0627\u0644 \u0627\u0644\u0645\u0633\u062a\u062e\u062f\u0645\u0629 \u062a\u0644\u0642\u0627\u0626\u064a\u0627\u064b \u0639\u0644\u0649 \u0646\u0641\u0633 \u0627\u0644\u062a\u0631\u062f\u062f \u0648\u0645\u0633\u062a\u0648\u0649 \u0627\u0644\u0635\u0648\u062a \u0627\u0644\u0645\u062a\u0648\u0633\u0637.<\/p>\n<hr style=\"background-color:#999999; margin-bottom:30px;\">\n<div class=\"call-action-slider-img\">\n<img decoding=\"async\" src=\"https:\/\/konferenztechnik.de\/wp-content\/uploads\/2018\/05\/EK2020-Mikro.jpg\" alt=\"\u0646\u0638\u0627\u0645 \u0627\u0644\u0625\u0631\u0634\u0627\u062f \u0627\u0644\u0633\u064a\u0627\u062d\u064a Sennheiser Tourguide \u0645\u0639 \u0633\u0645\u0627\u0639\u0627\u062a \u0627\u0644\u0631\u0623\u0633\" class=\"alignnone size-full wp-image-12201\" title=\"\"><\/p>\n<\/div>\n<div class=\"call-action-slider-img\">\n<img decoding=\"async\" src=\"https:\/\/konferenztechnik.de\/wp-content\/uploads\/2018\/05\/sennheiser-personenfuehrung-tourguide.jpg\" alt=\"\u0645\u0633\u0646\u062f \u0627\u0644\u0630\u0642\u0646 \u0628\u0646\u0638\u0627\u0645 \u0627\u0644\u062a\u0648\u062c\u064a\u0647 \u0627\u0644\u0634\u062e\u0635\u064a Sennheiser Tourguide\" class=\"alignnone size-full wp-image-12201\" title=\"\"><br \/>\n<button class=\"bbtn popmake-12226\">\u0627\u0637\u0644\u0628 \u0639\u0631\u0636 \u0623\u0633\u0639\u0627\u0631 &#x9B;<\/button><\/div>\n<div style=\"background-color:#f2f2f2; width:100%; display:block; margin-bottom:40px;\">\n<div style=\"text-align:center; width:100%; padding:left:10px; padding-top:18px;\"><img decoding=\"async\" src=\"https:\/\/konferenztechnik.de\/wp-content\/uploads\/2018\/05\/bewerten-happy.png\" alt=\"\" width=\"142\" height=\"42\" class=\"aligncenter size-full wp-image-13128\" title=\"\"><\/div>\n<div style=\"text-align:left; padding:10px;\">\u064a\u0646\u0627\u0633\u0628\u0643 \u062a\u0645\u0627\u0645\u0627\u064b! \u0627\u0633\u062a\u0641\u062f \u0645\u0646 \u0646\u0635\u0627\u0626\u062d\u0646\u0627. \u0633\u0646\u0643\u0648\u0646 \u0633\u0639\u062f\u0627\u0621 \u0628\u0627\u0644\u0639\u0645\u0644 \u0645\u0639\u0643 \u0644\u062a\u062d\u062f\u064a\u062f \u0627\u0644\u0646\u0638\u0627\u0645 \u0627\u0644\u0625\u0631\u0634\u0627\u062f\u064a \u0627\u0644\u0630\u064a \u064a\u0644\u0628\u064a \u0645\u062a\u0637\u0644\u0628\u0627\u062a\u0643 \u0641\u064a \u0623\u064a \u0645\u0643\u0627\u0646.<\/div>\n<\/div>\n<div class=\"callouthoch\">\n[callout add_button_button=\"no\" button_text=\"Learn More\" button_url=\"#\" button_color=\"#a62055\u2033]<br \/>\n\u064a\u0645\u0643\u0646\u0643 \u0627\u0644\u062a\u0648\u0627\u0635\u0644 \u0645\u0639\u0646\u0627 \u0645\u0628\u0627\u0634\u0631\u0629\u064b \u0639\u0628\u0631 \u0627\u0644\u0647\u0627\u062a\u0641:<br \/>\n[v_con color=\"#a62055\u2033 \u0627\u0644\u062d\u062c\u0645=\"20px\" target=\"_blank\" name=\"moon-phone-2\u2033] +49 211 737798 20<br \/>\n[\/callout]<\/div>\n<div class=\"callouthoch\">\n[callout add_button_button=\"no\" button_text=\"Learn More\" button_url=\"#\" button_color=\"#a62055\u2033]<br \/>\n\u064a\u0631\u062c\u0649 \u0625\u0631\u0633\u0627\u0644 \u0627\u0644\u0627\u0633\u062a\u0641\u0633\u0627\u0631\u0627\u062a \u0639\u0628\u0631 \u0627\u0644\u0628\u0631\u064a\u062f \u0627\u0644\u0625\u0644\u0643\u062a\u0631\u0648\u0646\u064a \u0625\u0644\u0649:<br \/>\n[v_con color=\"#a62055\u2033 \u0627\u0644\u062d\u062c\u0645=\"20px\" target=\"_blank\" name=\"moon-envelop-2\u2033] <a href=\"mailto:vertrieb@konferenztechnik.de\" onclick=\"ga('send', 'event', 'Email-Klick', 'F\u00fchrungsanlagen kaufen  Vertrieb');\"> vertrieb@konferenztechnik.de<\/a><br \/>\n[\/callout]<\/div>\n<p>[spacer size=\"10\"]<\/p>\n<div class=\"weiterlinks\" style=\"background-color:#ffffff;\">\n<h1>\u0631\u0648\u0627\u0628\u0637 \u0623\u062e\u0631\u0649<\/h1>\n<p>[list icon=\"moon-arrow-right-2\" \u0627\u0644\u0644\u0648\u0646=\"#a62055\"]<a title=\"\u062f\u0639\u0645 \u0627\u0644\u0641\u0639\u0627\u0644\u064a\u0627\u062a \u0645\u062a\u0639\u062f\u062f\u0629 \u0627\u0644\u0644\u063a\u0627\u062a\" href=\"\/ar\/%d8%b4%d8%b1%d8%a7%d8%a1-%d9%86%d8%b8%d8%a7%d9%85-%d8%a7%d9%84%d8%aa%d9%88%d8%ac%d9%8a%d9%87-%d8%a7%d9%84%d8%b4%d8%ae%d8%b5%d9%8a\/\">\u0635\u0641\u062d\u0629 \u0646\u0638\u0631\u0629 \u0639\u0627\u0645\u0629 \u0639\u0644\u0649 \u0623\u0646\u0638\u0645\u0629 \u062a\u0648\u062c\u064a\u0647 \u0627\u0644\u0631\u0643\u0627\u0628<\/a>[\/\u0627\u0644\u0642\u0627\u0626\u0645\u0629]<br \/>\n[list icon=\"moon-arrow-right-2\" \u0627\u0644\u0644\u0648\u0646=\"#a62055\"]<a title=\"\u062f\u0639\u0645 \u0627\u0644\u0641\u0639\u0627\u0644\u064a\u0627\u062a \u0645\u062a\u0639\u062f\u062f\u0629 \u0627\u0644\u0644\u063a\u0627\u062a\" href=\"\/ar\/%d9%86%d8%b8%d8%a7%d9%85-%d8%a7%d9%84%d8%a7%d8%aa%d8%b5%d8%a7%d9%84-%d8%a7%d9%84%d9%85%d9%88%d8%ad%d8%af-%d9%85%d9%86-%d8%a8%d8%a7%d9%8a%d8%b1%d8%af%d8%a7%d9%8a%d9%86%d8%a7%d9%85%d9%8a%d9%83-%d9%8a\/\">\u0645\u062a\u0648\u0641\u0631 \u0642\u0631\u064a\u0628\u0627\u064b: \u0646\u0638\u0627\u0645 \u0627\u0644\u062a\u0648\u062c\u064a\u0647 Beyerdynamic Unite<\/a>[\/\u0627\u0644\u0642\u0627\u0626\u0645\u0629]<br \/>\n[list icon=\"moon-arrow-right-2\" \u0627\u0644\u0644\u0648\u0646=\"#a62055\"]<a title=\"\u062f\u0639\u0645 \u0627\u0644\u0641\u0639\u0627\u0644\u064a\u0627\u062a \u0645\u062a\u0639\u062f\u062f\u0629 \u0627\u0644\u0644\u063a\u0627\u062a\" href=\"\/ar\/%d8%b4%d8%b1%d8%a7%d8%a1-%d8%aa%d9%83%d9%86%d9%88%d9%84%d9%88%d8%ac%d9%8a%d8%a7-%d8%a7%d9%84%d9%85%d8%a4%d8%aa%d9%85%d8%b1%d8%a7%d8%aa\/\">\u0645\u0628\u064a\u0639\u0627\u062a \u062a\u0643\u0646\u0648\u0644\u0648\u062c\u064a\u0627 \u0627\u0644\u0645\u0624\u062a\u0645\u0631\u0627\u062a<\/a>[\/\u0627\u0644\u0642\u0627\u0626\u0645\u0629]<br \/>\n[list icon=\"moon-arrow-right-2\" \u0627\u0644\u0644\u0648\u0646=\"#a62055\"]<a title=\"\u0627\u0644\u0645\u0631\u0627\u062c\u0639\" href=\"\/ar\/%d8%aa%d8%b1%d9%83%d9%8a%d8%a8-%d9%88%d8%af%d9%85%d8%ac-%d8%aa%d9%83%d9%86%d9%88%d9%84%d9%88%d8%ac%d9%8a%d8%a7-%d8%a7%d9%84%d9%85%d8%a4%d8%aa%d9%85%d8%b1%d8%a7%d8%aa-%d9%88%d8%a7%d9%84%d8%a3%d9%86\/\">\u062a\u0631\u0643\u064a\u0628 \u062a\u0643\u0646\u0648\u0644\u0648\u062c\u064a\u0627 \u0627\u0644\u0645\u0624\u062a\u0645\u0631\u0627\u062a \u0648\u0627\u0644\u0625\u0639\u0644\u0627\u0645<\/a>[\/\u0627\u0644\u0642\u0627\u0626\u0645\u0629]<br \/>\n[list icon=\"moon-arrow-right-2\" \u0627\u0644\u0644\u0648\u0646=\"#a62055\"]<a title=\"\u0627\u0644\u062a\u062f\u0631\u064a\u0628 \u0648\u0627\u0644\u062e\u062f\u0645\u0627\u062a \u0644\u0644\u0645\u062a\u0631\u062c\u0645\u064a\u0646 \u0627\u0644\u0641\u0648\u0631\u064a\u064a\u0646\" href=\"\/ar\/%d8%a7%d9%84%d8%af%d9%88%d8%b1%d8%a7%d8%aa-%d8%a7%d9%84%d8%aa%d8%af%d8%b1%d9%8a%d8%a8%d9%8a%d8%a9-%d9%88%d8%a7%d9%84%d8%ae%d8%af%d9%85%d8%a7%d8%aa-%d8%a7%d9%84%d9%85%d9%82%d8%af%d9%85%d8%a9-%d9%84\/\">\u0627\u0644\u062a\u062f\u0631\u064a\u0628 \u0648\u0627\u0644\u062e\u062f\u0645\u0627\u062a \u0644\u0644\u0645\u062a\u0631\u062c\u0645\u064a\u0646 \u0627\u0644\u0641\u0648\u0631\u064a\u064a\u0646<\/a>[\/\u0627\u0644\u0642\u0627\u0626\u0645\u0629]<br \/>\n[list icon=\"moon-arrow-right-2\" \u0627\u0644\u0644\u0648\u0646=\"#a62055\"]<a title=\"10 \u0623\u0633\u0628\u0627\u0628 \u0648\u062c\u064a\u0647\u0629 \u0644\u0640 PCS\" href=\"\/ar\/%d9%86%d8%a8%d8%b0%d8%a9-%d8%b9%d9%86%d8%a7\/10-%d8%a3%d8%b3%d8%a8%d8%a7%d8%a8-%d9%88%d8%ac%d9%8a%d9%87%d8%a9-%d9%84%d8%a3%d8%ac%d9%87%d8%b2%d8%a9-%d8%a7%d9%84%d9%83%d9%85%d8%a8%d9%8a%d9%88%d8%aa%d8%b1-%d8%a7%d9%84%d8%b4%d8%ae%d8%b5%d9%8a%d8%a9\/\">10 \u0623\u0633\u0628\u0627\u0628 \u0648\u062c\u064a\u0647\u0629 \u0644\u0640 PCS<\/a>[\/\u0627\u0644\u0642\u0627\u0626\u0645\u0629]<br \/>\n[list icon=\"moon-arrow-right-2\" \u0627\u0644\u0644\u0648\u0646=\"#a62055\"]<a title=\"PCS: \u0644\u0645\u062d\u0629 \u0633\u0631\u064a\u0639\u0629 \u0639\u0646 \u062c\u0645\u064a\u0639 \u0627\u0644\u062e\u062f\u0645\u0627\u062a\" href=\"\/ar\/%d8%a7%d9%84%d8%ae%d8%af%d9%85%d8%a7%d8%aa-2\/\">PCS: \u0644\u0645\u062d\u0629 \u0633\u0631\u064a\u0639\u0629 \u0639\u0646 \u062c\u0645\u064a\u0639 \u0627\u0644\u062e\u062f\u0645\u0627\u062a<\/a>[\/\u0627\u0644\u0642\u0627\u0626\u0645\u0629]<\/ul>\n<\/div>\n<\/div>\n<p>[spacer size=\"20\"]<\/p>","protected":false},"excerpt":{"rendered":"<p>Sennheiser Tourguide 2020 D kaufen Angebot anfordern &#x9B; Empf\u00e4nger EK 2020-D-II [spacer size=&#8220;10&#8243;] Der sehr robuste, vielseitige Bodypack-Empf\u00e4nger ist ideal f\u00fcr den Einsatz in den Bereichen Personenf\u00fchrungen, Konferenzen und H\u00f6runterst\u00fctzung: Einfach passenden Kopfh\u00f6rer oder Induktionsschlinge f\u00fcr den Einsatz von H\u00f6rger\u00e4ten mit T-Spule w\u00e4hlen, fertig! Die digitale Signal\u00fcbertragung f\u00fcr hohe Audioqualit\u00e4t und das intuitive Bedienkonzept sind [&hellip;]<\/p>","protected":false},"author":1,"featured_media":45482,"parent":0,"menu_order":0,"comment_status":"closed","ping_status":"closed","template":"","meta":{"_acf_changed":false,"footnotes":""},"class_list":["post-13037","page","type-page","status-publish","has-post-thumbnail","hentry"],"acf":[],"_links":{"self":[{"href":"https:\/\/konferenztechnik.de\/ar\/wp-json\/wp\/v2\/pages\/13037","targetHints":{"allow":["GET"]}}],"collection":[{"href":"https:\/\/konferenztechnik.de\/ar\/wp-json\/wp\/v2\/pages"}],"about":[{"href":"https:\/\/konferenztechnik.de\/ar\/wp-json\/wp\/v2\/types\/page"}],"author":[{"embeddable":true,"href":"https:\/\/konferenztechnik.de\/ar\/wp-json\/wp\/v2\/users\/1"}],"replies":[{"embeddable":true,"href":"https:\/\/konferenztechnik.de\/ar\/wp-json\/wp\/v2\/comments?post=13037"}],"version-history":[{"count":0,"href":"https:\/\/konferenztechnik.de\/ar\/wp-json\/wp\/v2\/pages\/13037\/revisions"}],"wp:featuredmedia":[{"embeddable":true,"href":"https:\/\/konferenztechnik.de\/ar\/wp-json\/wp\/v2\/media\/45482"}],"wp:attachment":[{"href":"https:\/\/konferenztechnik.de\/ar\/wp-json\/wp\/v2\/media?parent=13037"}],"curies":[{"name":"\u062f\u0628\u0644\u064a\u0648 \u0628\u064a","href":"https:\/\/api.w.org\/{rel}","templated":true}]}}