{"id":13067,"date":"2018-05-03T09:28:17","date_gmt":"2018-05-03T08:28:17","guid":{"rendered":"https:\/\/www.konferenztechnik.de\/?page_id=13067"},"modified":"2023-09-01T13:12:43","modified_gmt":"2023-09-01T11:12:43","slug":"%d8%b4%d8%b1%d8%a7%d8%a1-%d9%86%d8%b8%d8%a7%d9%85-%d8%af%d9%84%d9%8a%d9%84-%d9%85%d9%8a%d8%a8%d8%b1%d9%88","status":"publish","type":"page","link":"https:\/\/konferenztechnik.de\/ar\/%d8%b4%d8%b1%d8%a7%d8%a1-%d9%86%d8%b8%d8%a7%d9%85-%d8%af%d9%84%d9%8a%d9%84-%d9%85%d9%8a%d8%a8%d8%b1%d9%88\/","title":{"rendered":"\u0627\u0634\u062a\u0631 \u0646\u0638\u0627\u0645 \u062f\u0644\u064a\u0644 \u0645\u064a\u0628\u0631\u0648"},"content":{"rendered":"<h1>\u0627\u0634\u062a\u0631 \u0646\u0638\u0627\u0645 \u062f\u0644\u064a\u0644 \u0645\u064a\u0628\u0631\u0648<\/h1>\n<div class=\"call-action-slider-img\">\n<img decoding=\"async\" src=\"https:\/\/konferenztechnik.de\/wp-content\/uploads\/2018\/05\/mipro-tour-guide-kaufen.jpg\" alt=\"\u0627\u0634\u062a\u0631 \u0646\u0638\u0627\u0645 \u062f\u0644\u064a\u0644 \u0645\u064a\u0628\u0631\u0648\" class=\"alignnone size-full wp-image-12201\" title=\"\"><br \/>\n<button class=\"bbtn popmake-12226\">\u0627\u0637\u0644\u0628 \u0639\u0631\u0636 \u0623\u0633\u0639\u0627\u0631 &#x9B;<\/button><\/div>\n<h2>\u062c\u0647\u0627\u0632 \u0627\u0644\u0627\u0633\u062a\u0642\u0628\u0627\u0644 MTG-100R<\/h2>\n<p>[spacer size=\"10\"]<\/p>\n<p>\u062c\u0647\u0627\u0632 \u0627\u0644\u0627\u0633\u062a\u0642\u0628\u0627\u0644 \u0627\u0644\u0623\u0635\u063a\u0631 \u0648\u0627\u0644\u0623\u062e\u0641 \u0648\u0632\u0646\u0627\u064b \u0641\u064a \u0627\u0644\u0639\u0627\u0644\u0645 \u0641\u064a \u0634\u0643\u0644 \u062c\u064a\u0628 \u0627\u0644\u0635\u062f\u0631. \u0642\u0648\u064a \u0648\u0645\u062a\u064a\u0646 \u0648\u0633\u0647\u0644 \u0627\u0644\u0627\u0633\u062a\u062e\u062f\u0627\u0645.<\/p>\n<p>1: \u0627\u0644\u062a\u062d\u0643\u0645 \u0641\u064a \u0645\u0633\u062a\u0648\u0649 \u0627\u0644\u0635\u0648\u062a (\u0642\u0627\u0628\u0644 \u0644\u0644\u062a\u0639\u062f\u064a\u0644 \u0641\u064a 20 \u0645\u0633\u062a\u0648\u0649)<\/p>\n<p>2: \u0645\u0641\u062a\u0627\u062d \u0627\u0644\u062a\u0634\u063a\u064a\u0644\/\u0625\u064a\u0642\u0627\u0641 \u0627\u0644\u062a\u0634\u063a\u064a\u0644 (\u0627\u0636\u063a\u0637 \u0645\u0639 \u0627\u0644\u0627\u0633\u062a\u0645\u0631\u0627\u0631 \u0644\u0645\u062f\u0629 \u062b\u0627\u0646\u064a\u062a\u064a\u0646)<br \/>\n\u0645\u0639 \u0627\u0644\u0627\u0633\u062a\u0645\u0631\u0627\u0631 \u0644\u0644\u062a\u0634\u063a\u064a\u0644 \u0623\u0648 \u0627\u0644\u0625\u064a\u0642\u0627\u0641)<\/p>\n<p>3: \u0634\u0627\u0634\u0629 LCD (\u0639\u0631\u0636 \u0644\u0644\u0642\u0646\u0627\u0629 \u0648\u0642\u0648\u0629 \u0627\u0644\u0627\u0633\u062a\u0642\u0628\u0627\u0644,<br \/>\n\u0645\u0633\u062a\u0648\u0649 \u0627\u0644\u0635\u0648\u062a \u0648\u062d\u0627\u0644\u0629 \u0627\u0644\u0628\u0637\u0627\u0631\u064a\u0629)<\/p>\n<p>4: \u0645\u0641\u062a\u0627\u062d \u0627\u062e\u062a\u064a\u0627\u0631 \u0627\u0644\u0642\u0646\u0627\u0629 (16 \u0642\u0646\u0627\u0629)<\/p>\n<p>5: \u0645\u0633\u062a\u0634\u0639\u0631 \u0627\u0644\u0623\u0634\u0639\u0629 \u062a\u062d\u062a \u0627\u0644\u062d\u0645\u0631\u0627\u0621 (\u0644\u0644\u0627\u062e\u062a\u064a\u0627\u0631 \u0627\u0644\u062a\u0644\u0642\u0627\u0626\u064a \u0644\u0644\u0642\u0646\u0627\u0629)<br \/>\n\u0627\u0644\u0645\u0632\u0627\u0645\u0646\u0629 \u0641\u064a \u0645\u062d\u0637\u0629 \u0627\u0644\u0634\u062d\u0646)<\/p>\n<p>6: \u0645\u0644\u0627\u0645\u0633\u0627\u062a \u0627\u0644\u0634\u062d\u0646 (\u0644\u0644\u0634\u062d\u0646 \u0627\u0644\u062a\u0644\u0642\u0627\u0626\u064a<br \/>\n\u0645\u0646 \u0627\u0644\u0628\u0637\u0627\u0631\u064a\u0627\u062a \u0641\u064a \u0645\u062d\u0637\u0629 \u0627\u0644\u0634\u062d\u0646)<\/p>\n<p>\u062a\u0634\u0641\u064a\u0631 \u0631\u0642\u0645\u064a \u0644\u0646\u0642\u0644 \u0627\u0644\u0625\u0634\u0627\u0631\u0627\u062a \u0628\u0623\u0645\u0627\u0646<br \/>\n\u064a\u062d\u0645\u064a \u0645\u0646 \u0627\u0644\u0645\u0633\u062a\u0645\u0639\u064a\u0646 \u063a\u064a\u0631 \u0627\u0644\u0645\u0635\u0631\u062d \u0644\u0647\u0645.<br \/>\n\u062a\u0642\u0646\u064a\u0629 \u0627\u0644\u062a\u0646\u0648\u0639 \u0627\u0644\u062d\u0642\u064a\u0642\u064a \u0627\u0644\u0631\u0642\u0645\u064a \u062a\u0645\u0646\u0639<br \/>\n\u0627\u0644\u062a\u0633\u0631\u0628 \u0648\u0632\u064a\u0627\u062f\u0629 \u0645\u0633\u0627\u062d\u0629 \u0627\u0644\u0627\u0633\u062a\u0642\u0628\u0627\u0644. \u0645\u0646 \u062e\u0644\u0627\u0644<br \/>\n\u0627\u0644\u0625\u0631\u0633\u0627\u0644 \u0627\u0644\u0631\u0642\u0645\u064a \u0627\u0644\u0645\u0633\u062a\u0645\u0631\u060c \u0641\u0644\u0627 \u062d\u0627\u062c\u0629 \u0625\u0644\u0649<br \/>\n\u062a\u0648\u0647\u064a\u0646 \u0627\u0644\u0625\u0634\u0627\u0631\u0629 \u0628\u0633\u0628\u0628 \u0627\u0644\u0645\u0633\u0627\u0631.<br \/>\n\u0635\u0648\u062a \u0648\u0627\u0636\u062d \u062c\u062f\u0627\u064b \u0648\u0648\u0636\u0648\u062d \u0627\u0644\u0643\u0644\u0627\u0645 \u062c\u064a\u062f \u062c\u062f\u0627\u064b.<br \/>\n\u062a\u0645 \u062a\u0642\u0644\u064a\u0644 \u0648\u0638\u064a\u0641\u0629 \u0627\u0644\u0625\u064a\u0642\u0627\u0641 \u0627\u0644\u062a\u0644\u0642\u0627\u0626\u064a<br \/>\n\u0627\u0633\u062a\u0647\u0644\u0627\u0643 \u0627\u0644\u0637\u0627\u0642\u0629 \u0641\u064a \u0648\u0636\u0639 \u0627\u0644\u0627\u0633\u062a\u0639\u062f\u0627\u062f \u0648\u064a\u0632\u064a\u062f \u0645\u0646 \u0627\u0633\u062a\u0647\u0644\u0627\u0643 \u0627\u0644\u0637\u0627\u0642\u0629 \u0641\u064a \u0648\u0636\u0639 \u0627\u0644\u0627\u0633\u062a\u0639\u062f\u0627\u062f<br \/>\n\u0648\u0628\u0627\u0644\u062a\u0627\u0644\u064a \u0625\u062c\u0645\u0627\u0644\u064a \u0648\u0642\u062a \u0627\u0644\u062a\u0634\u063a\u064a\u0644.<\/p>\n<hr style=\"background-color:#999999; margin-bottom:30px;\">\n<div class=\"call-action-slider-img\">\n<img decoding=\"async\" src=\"https:\/\/konferenztechnik.de\/wp-content\/uploads\/2018\/05\/mipro-personenfuehrungsanlage-kaufen.jpg\" alt=\"\u0627\u0634\u062a\u0631 \u0646\u0638\u0627\u0645 \u062a\u0648\u062c\u064a\u0647 \u0627\u0644\u0623\u0634\u062e\u0627\u0635 \u0645\u0646 \u0645\u064a\u0628\u0631\u0648\" class=\"alignnone size-full wp-image-12201\" title=\"\"><\/p>\n<\/div>\n<h2>\u062c\u0647\u0627\u0632 \u0627\u0644\u0625\u0631\u0633\u0627\u0644 \u0627\u0644\u062c\u064a\u0628 MTG-100T \/ MTG-100Ta<\/h2>\n<p>[spacer size=\"10\"]<\/p>\n<p>\u064a\u0648\u0641\u0631 \u062c\u0647\u0627\u0632 MTG-100 \u0641\u0627\u0626\u0642 \u0627\u0644\u0635\u063a\u0631 \u0648\u062e\u0641\u064a\u0641 \u0627\u0644\u0648\u0632\u0646 \u0644\u0644\u063a\u0627\u064a\u0629 \u0648\u0641\u064a \u0634\u0643\u0644 \u062c\u064a\u0628 \u0627\u0644\u0635\u062f\u0631\u060c \u0635\u0648\u062a\u064b\u0627 \u0641\u0627\u0626\u0642 \u0627\u0644\u0648\u0636\u0648\u062d \u0641\u064a \u0646\u0637\u0627\u0642 ISM \u0627\u0644\u062e\u0627\u0644\u064a \u0645\u0646 \u0627\u0644\u062a\u0631\u062e\u064a\u0635 863-865 \u0645\u064a\u063a\u0627\u0647\u064a\u0631\u062a\u0632. \u064a\u0645\u0643\u0646 \u062a\u062e\u0635\u064a\u0635 \u0645\u0627 \u064a\u0635\u0644 \u0625\u0644\u0649 16 \u0642\u0646\u0627\u0629 \u0645\u0628\u0631\u0645\u062c\u0629 \u0645\u0633\u0628\u0642\u0627\u064b \u062e\u0627\u0644\u064a\u0629 \u0645\u0646 \u0627\u0644\u062a\u062f\u0627\u062e\u0644 \u0644\u0645\u062c\u0645\u0648\u0639\u0627\u062a \u0645\u062e\u062a\u0644\u0641\u0629 \u0645\u0646 \u0627\u0644\u0632\u0648\u0627\u0631 \u062f\u0648\u0646 \u0627\u0644\u062a\u062f\u0627\u062e\u0644 \u0645\u0639 \u0628\u0639\u0636\u0647\u0627 \u0627\u0644\u0628\u0639\u0636.<\/p>\n<p>MTG100T: \u0645\u0639 \u0628\u0637\u0627\u0631\u064a\u0629 \u0644\u064a\u062b\u064a\u0648\u0645 \u0623\u064a\u0648\u0646 (45 \u00d7 84 \u00d7 21 \u0645\u0645\u060c 65 \u062c\u0645)<\/p>\n<p>MTG100Ta: \u0645\u0639 \u0628\u0637\u0627\u0631\u064a\u0627\u062a AA (45 \u00d7 84 \u00d7 28 \u0645\u0645\u060c 72 \u062c\u0645)<\/p>\n<hr style=\"background-color:#999999; margin-bottom:30px;\">\n<div class=\"call-action-slider-img\">\n<img decoding=\"async\" src=\"https:\/\/konferenztechnik.de\/wp-content\/uploads\/2018\/05\/mipro-handsender-MTG-100Ha.jpg\" alt=\"\u0645\u064a\u0643\u0631\u0648\u0641\u0648\u0646 Mipro \u0627\u0644\u0645\u062d\u0645\u0648\u0644 \u0628\u0627\u0644\u064a\u062f PFA\" class=\"alignnone size-full wp-image-12201\" title=\"\"><\/p>\n<\/div>\n<h2>\u062c\u0647\u0627\u0632 \u0625\u0631\u0633\u0627\u0644 \u064a\u062f\u0648\u064a \u0645\u062d\u0645\u0648\u0644 \u0628\u0627\u0644\u064a\u062f MTG-100Ha<\/h2>\n<p>[spacer size=\"10\"]<\/p>\n<p>\u0635\u0648\u062a \u0646\u0642\u064a \u062c\u062f\u0627\u064b \u0648\u0648\u0636\u0648\u062d \u0643\u0644\u0627\u0645 \u062c\u064a\u062f \u062c\u062f\u0627\u064b. \u0642\u0648\u064a \u0648\u0645\u062a\u064a\u0646 \u0648\u0633\u0647\u0644 \u0627\u0644\u0627\u0633\u062a\u062e\u062f\u0627\u0645. \u0645\u0642\u0627\u0648\u0645 \u0644\u0644\u062a\u062f\u0627\u062e\u0644 \u0645\u0646 Bluetooth \u0648WLAN \u06482.4 \u062c\u064a\u062c\u0627 \u0647\u0631\u062a\u0632 \u0644\u0644\u0625\u0631\u0633\u0627\u0644 \u0627\u0644\u0644\u0627\u0633\u0644\u0643\u064a.<\/p>\n<p>1: \u0634\u0627\u0634\u0629 LCD \u0628\u0625\u0636\u0627\u0621\u0629 \u062e\u0644\u0641\u064a\u0629<\/p>\n<p>2: \u062d\u062c\u0631\u0629 \u0627\u0644\u0628\u0637\u0627\u0631\u064a\u0629<\/p>\n<hr style=\"background-color:#999999; margin-bottom:30px;\">\n<div class=\"call-action-slider-img\">\n<img decoding=\"async\" src=\"https:\/\/konferenztechnik.de\/wp-content\/uploads\/2018\/05\/mipro-sender-pfa.jpg\" alt=\"\u062c\u0647\u0627\u0632 \u0627\u0644\u0625\u0631\u0633\u0627\u0644 Mipro PFA\" class=\"alignnone size-full wp-image-12201\" title=\"\"><\/p>\n<\/div>\n<h2>\u062c\u0647\u0627\u0632 \u0627\u0644\u0625\u0631\u0633\u0627\u0644 \u0627\u0644\u0631\u0642\u0645\u064a \u0627\u0644\u062b\u0627\u0628\u062a MTS-100<\/h2>\n<p>[spacer size=\"10\"]<\/p>\n<p>\u064a\u0645\u0643\u0646 \u0627\u0633\u062a\u062e\u062f\u0627\u0645 \u062c\u0647\u0627\u0632 \u0627\u0644\u0625\u0631\u0633\u0627\u0644 \u0627\u0644\u062b\u0627\u0628\u062a MTS-100 \u0643\u0645\u062d\u0637\u0629 \u0625\u0631\u0633\u0627\u0644 \u0644\u0623\u062c\u0647\u0632\u0629 \u0627\u0644\u0627\u0633\u062a\u0642\u0628\u0627\u0644 MTG-100R \u0648MTG-100Ra. \u0648\u064a\u0645\u0643\u0646 \u062a\u0648\u0635\u064a\u0644 \u0645\u0635\u0627\u062f\u0631 \u0627\u0644\u0635\u0648\u062a \u0627\u0644\u062e\u0627\u0631\u062c\u064a\u0629 \u0645\u062b\u0644 \u0627\u0644\u0645\u064a\u0643\u0631\u0648\u0641\u0648\u0646 \u0627\u0644\u0633\u0644\u0643\u064a \u0623\u0648 \u0645\u0634\u063a\u0644 \u0627\u0644\u0623\u0642\u0631\u0627\u0635 \u0627\u0644\u0645\u0636\u063a\u0648\u0637\u0629\/\u0645\u0634\u063a\u0644 MP3 \u0623\u0648 \u062c\u0647\u0627\u0632 \u0645\u0632\u062c \u0627\u0644\u0635\u0648\u062a \u0628\u0633\u0647\u0648\u0644\u0629 \u0639\u0628\u0631 \u0645\u0642\u0628\u0633 XLR\/6.35 \u0645\u0645.<\/p>\n<p>1: \u0639\u0631\u0636 \u0625\u0634\u0627\u0631\u0629 \u0627\u0644\u0635\u0648\u062a (\u064a\u064f\u0638\u0647\u0631 \u0645\u0633\u062a\u0648\u0649 \u0627\u0644\u0625\u062f\u062e\u0627\u0644<br \/>\n\u0644\u0644\u0625\u0634\u0627\u0631\u0629 \u0627\u0644\u0635\u0648\u062a\u064a\u0629)<\/p>\n<p>2: \u0639\u0631\u0636 \u0625\u0634\u0627\u0631\u0629 \u0627\u0644\u0625\u0631\u0633\u0627\u0644 (\u064a\u0638\u0647\u0631 \u0645\u0633\u062a\u0648\u0649<br \/>\n\u0625\u0634\u0627\u0631\u0629 \u0627\u0644\u0625\u0631\u0633\u0627\u0644 \u0639\u0627\u0644\u064a\u0629 \u0627\u0644\u062a\u0631\u062f\u062f \u0627\u0644\u0639\u0627\u0644\u064a)<\/p>\n<p>3: \u0648\u062d\u062f\u0629 \u062c\u0647\u0627\u0632 \u0627\u0644\u0625\u0631\u0633\u0627\u0644 (\u0645\u0639\u064a\u0627\u0631\u064a\u060c \u0642\u0627\u0628\u0644 \u0644\u0644\u062a\u0628\u062f\u064a\u0644<br \/>\n\u0648\u062d\u062f\u0629 \u0627\u0644\u0625\u0631\u0633\u0627\u0644 \u0645\u0639 16 \u0642\u0646\u0627\u0629 \u0645\u0628\u0631\u0645\u062c\u0629 \u0645\u0633\u0628\u0642\u0627\u064b)<\/p>\n<hr style=\"background-color:#999999; margin-bottom:30px;\">\n<div class=\"call-action-slider-img\">\n<img decoding=\"async\" src=\"https:\/\/konferenztechnik.de\/wp-content\/uploads\/2018\/05\/mipro-ladekoffer.jpg\" alt=\"\u0639\u0644\u0628\u0629 \u0634\u062d\u0646 Mipro\" class=\"alignnone size-full wp-image-12201\" title=\"\"><\/p>\n<\/div>\n<h2>\u0639\u0644\u0628\u0629 \u0627\u0644\u0634\u062d\u0646 \u0648\u0627\u0644\u0646\u0642\u0644 MTG-100C-12 \/ MTG-100C-28<\/h2>\n<p>[spacer size=\"10\"]<\/p>\n<p>\u0634\u062d\u0646 \u0633\u0631\u064a\u0639 \u0641\u064a \u0623\u0642\u0644 \u0645\u0646 4 \u0633\u0627\u0639\u0627\u062a;<br \/>\n\u0645\u0624\u0634\u0631 \u0645\u0633\u062a\u0648\u0649 \u0627\u0644\u0634\u062d\u0646 LED \u0644\u0643\u0644 \u062d\u062c\u0631\u0629 (\u0623\u062d\u0645\u0631: \u0634\u062d\u0646\u061b \u0623\u062e\u0636\u0631: \u0645\u0634\u062d\u0648\u0646);<br \/>\n\u064a\u0636\u0645\u0646 \u0632\u0631 ACT\u2122 (\u0627\u0644\u0627\u0633\u062a\u0647\u062f\u0627\u0641 \u0627\u0644\u062a\u0644\u0642\u0627\u0626\u064a \u0644\u0644\u0642\u0646\u0627\u0629) \u0645\u0632\u0627\u0645\u0646\u0629 \u062f\u0642\u064a\u0642\u0629 \u0648\u0633\u0631\u064a\u0639\u0629 \u0644\u0644\u062a\u0631\u062f\u062f \u0628\u064a\u0646 \u062c\u0647\u0627\u0632 \u0627\u0644\u0625\u0631\u0633\u0627\u0644 \u0648\u062c\u0645\u064a\u0639 \u0623\u062c\u0647\u0632\u0629 \u0627\u0644\u0627\u0633\u062a\u0642\u0628\u0627\u0644;<br \/>\n\u0645\u0632\u0648\u062f \u0637\u0627\u0642\u0629 \u062f\u0627\u062e\u0644\u064a \u0628\u062a\u0628\u062f\u064a\u0644 \u062f\u0627\u062e\u0644\u064a 100-240 \u0641\u0648\u0644\u062a \u062a\u064a\u0627\u0631 \u0645\u062a\u0631\u062f\u062f.<\/p>\n<p>MTG-100C-12 (\u0644\u0640 12 \u062c\u0647\u0627\u0632 \u0627\u0633\u062a\u0642\u0628\u0627\u0644)<\/p>\n<p>MTG-100C-28 (\u0644\u0640 28 \u062c\u0647\u0627\u0632 \u0627\u0633\u062a\u0642\u0628\u0627\u0644)<\/p>\n<hr style=\"background-color:#999999; margin-bottom:30px;\">\n<div class=\"call-action-slider-img\">\n<img decoding=\"async\" src=\"https:\/\/konferenztechnik.de\/wp-content\/uploads\/2018\/05\/MTG-100C4-Ladestation.jpg\" alt=\"\u0645\u062d\u0637\u0629 \u0634\u062d\u0646 Mipro \u062a\u0631\u0643\u064a\u0628 \u0646\u0638\u0627\u0645 \u062a\u0648\u062c\u064a\u0647 \u0627\u0644\u0623\u0634\u062e\u0627\u0635\" class=\"alignnone size-full wp-image-12201\" title=\"\"><\/p>\n<\/div>\n<h2>\u0645\u062d\u0637\u0629 \u0627\u0644\u0634\u062d\u0646 MTG-100C4<\/h2>\n<p>[spacer size=\"10\"]<\/p>\n<p>\u0645\u062d\u0637\u0629 \u0634\u062d\u0646 \u0631\u0628\u0627\u0639\u064a\u0629 \u0627\u0644\u0627\u062a\u062c\u0627\u0647\u0627\u062a \u0644\u062c\u0647\u0627\u0632 \u0627\u0644\u0625\u0631\u0633\u0627\u0644\/\u0627\u0644\u0627\u0633\u062a\u0642\u0628\u0627\u0644 MTG-100;<br \/>\n\u0634\u062d\u0646 \u0633\u0631\u064a\u0639 \u0641\u064a \u0623\u0642\u0644 \u0645\u0646 4 \u0633\u0627\u0639\u0627\u062a;<br \/>\n\u0645\u0624\u0634\u0631 \u0645\u0633\u062a\u0648\u0649 \u0627\u0644\u0634\u062d\u0646 LED \u0644\u0643\u0644 \u062d\u062c\u0631\u0629 (\u0623\u062d\u0645\u0631: \u0634\u062d\u0646\u061b \u0623\u062e\u0636\u0631: \u0645\u0634\u062d\u0648\u0646);<br \/>\n\u062a\u0648\u0635\u064a\u0644\u0629 \u0644\u0648\u062d\u062f\u0629 \u0625\u0645\u062f\u0627\u062f \u0637\u0627\u0642\u0629 8 \u0641\u0648\u0644\u062a\/0.75 \u0623\u0645\u0628\u064a\u0631 \u062a\u064a\u0627\u0631 \u0645\u0633\u062a\u0645\u0631.<\/p>\n<p>\u0642\u0627\u0628\u0644 \u0644\u0644\u062a\u0648\u0633\u064a\u0639 \u0627\u0644\u0645\u0639\u064a\u0627\u0631\u064a\u060c \u0648\u0645\u0646\u0627\u0633\u0628 \u0644\u0644\u062a\u0631\u0643\u064a\u0628 \u0627\u0644\u062b\u0627\u0628\u062a \u0648\u0627\u0644\u062a\u0631\u0643\u064a\u0628 \u0639\u0644\u0649 \u062d\u0627\u0645\u0644 (\u062a\u062a\u0648\u0641\u0631 \u0648\u062d\u062f\u0629 \u0645\u0643\u0648\u0646\u0629 \u0645\u0646 4 \u0648\u062d\u062f\u0627\u062a \u0641\u064a \u0634\u0643\u0644 MTG-100C-16).<\/p>\n<hr style=\"background-color:#999999; margin-bottom:30px;\">\n<div class=\"call-action-slider-img\">\n<img decoding=\"async\" src=\"https:\/\/konferenztechnik.de\/wp-content\/uploads\/2018\/05\/mipro-mikrofone-kopfhoerer.jpg\" alt=\"\u0645\u0644\u062d\u0642\u0627\u062a \u0633\u0645\u0627\u0639\u0627\u062a \u0627\u0644\u0631\u0623\u0633 \u0645\u064a\u0643\u0631\u0648\u0641\u0648\u0646\u0627\u062a \u0645\u064a\u0628\u0631\u0648\" class=\"alignnone size-full wp-image-12201\" title=\"\"><\/p>\n<\/div>\n<h2>\u0627\u0644\u0645\u064a\u0643\u0631\u0648\u0641\u0648\u0646\u0627\u062a \u0648\u0633\u0645\u0627\u0639\u0627\u062a \u0627\u0644\u0631\u0623\u0633 \u0648\u0627\u0644\u0645\u0644\u062d\u0642\u0627\u062a<\/h2>\n<p>[spacer size=\"10\"]<\/p>\n<p>\u0645\u062c\u0645\u0648\u0639\u0629 \u0643\u0628\u064a\u0631\u0629 \u0645\u0646 \u0645\u064a\u0643\u0631\u0648\u0641\u0648\u0646\u0627\u062a \u2013\u060c \u0633\u0648\u0627\u0621 \u0643\u0627\u0646\u062a \u0645\u062b\u0628\u062a\u0629 \u0628\u0645\u0634\u0628\u0643 \u0623\u0648 \u062d\u0648\u0644 \u0627\u0644\u0631\u0642\u0628\u0629 (\u0645\u062a\u0639\u062f\u062f\u0629 \u0627\u0644\u0627\u062a\u062c\u0627\u0647\u0627\u062a \u0623\u0648 \u0642\u0644\u0628\u064a\u0629)\u060c \u0648\u062d\u0644\u0642\u0627\u062a \u0627\u0644\u062d\u062b\u060c \u0648\u0633\u0645\u0627\u0639\u0627\u062a \u0627\u0644\u0623\u0630\u0646\u060c \u0648\u0633\u0645\u0627\u0639\u0627\u062a \u0627\u0644\u0631\u0623\u0633 \u0627\u0644\u0627\u0633\u062a\u0631\u064a\u0648...<\/p>\n<p>\u0642\u0627\u0628\u0644 \u0644\u0644\u062a\u0648\u0633\u064a\u0639 \u0627\u0644\u0645\u0639\u064a\u0627\u0631\u064a\u060c \u0648\u0645\u0646\u0627\u0633\u0628 \u0644\u0644\u062a\u0631\u0643\u064a\u0628 \u0627\u0644\u062b\u0627\u0628\u062a \u0648\u0627\u0644\u062a\u0631\u0643\u064a\u0628 \u0639\u0644\u0649 \u062d\u0627\u0645\u0644 (\u062a\u062a\u0648\u0641\u0631 \u0648\u062d\u062f\u0629 \u0645\u0643\u0648\u0646\u0629 \u0645\u0646 4 \u0648\u062d\u062f\u0627\u062a \u0641\u064a \u0634\u0643\u0644 MTG-100C-16).<\/p>\n<hr style=\"background-color:#999999; margin-bottom:30px;\">\n<div class=\"call-action-slider-img\">\n<img decoding=\"async\" src=\"https:\/\/konferenztechnik.de\/wp-content\/uploads\/2018\/05\/mipro-fuehrungsanlage.jpg\" alt=\"\u0627\u0634\u062a\u0631 \u0646\u0638\u0627\u0645 \u062f\u0644\u064a\u0644 \u0645\u064a\u0628\u0631\u0648\" class=\"alignnone size-full wp-image-12201\" title=\"\"><br \/>\n<button class=\"bbtn popmake-12226\">\u0627\u0637\u0644\u0628 \u0639\u0631\u0636 \u0623\u0633\u0639\u0627\u0631 &#x9B;<\/button><\/div>\n<div style=\"background-color:#f2f2f2; width:100%; display:block; margin-bottom:40px;\">\n<div style=\"text-align:center; width:100%; padding:left:10px; padding-top:18px;\"><img decoding=\"async\" src=\"https:\/\/konferenztechnik.de\/wp-content\/uploads\/2018\/05\/bewerten-happy.png\" alt=\"\" width=\"142\" height=\"42\" class=\"aligncenter size-full wp-image-13128\" title=\"\"><\/div>\n<div style=\"text-align:left; padding:10px;\">\u064a\u0646\u0627\u0633\u0628\u0643 \u062a\u0645\u0627\u0645\u0627\u064b! \u0627\u0633\u062a\u0641\u062f \u0645\u0646 \u0646\u0635\u0627\u0626\u062d\u0646\u0627. \u064a\u0633\u0639\u062f\u0646\u0627 \u0627\u0644\u0639\u0645\u0644 \u0645\u0639\u0643 \u0644\u062a\u062d\u062f\u064a\u062f \u0627\u0644\u0646\u0638\u0627\u0645 \u0627\u0644\u062a\u0648\u062c\u064a\u0647\u064a \u0627\u0644\u0630\u064a \u064a\u0644\u0628\u064a \u0645\u062a\u0637\u0644\u0628\u0627\u062a\u0643 \u0639\u0644\u0649 \u0623\u0641\u0636\u0644 \u0648\u062c\u0647.<\/div>\n<\/div>\n<div class=\"callouthoch\">\n[callout add_button_button=\"no\" button_text=\"Learn More\" button_url=\"#\" button_color=\"#a62055\u2033]<br \/>\n\u064a\u0645\u0643\u0646\u0643 \u0627\u0644\u062a\u0648\u0627\u0635\u0644 \u0645\u0639\u0646\u0627 \u0645\u0628\u0627\u0634\u0631\u0629\u064b \u0639\u0628\u0631 \u0627\u0644\u0647\u0627\u062a\u0641:<br \/>\n[v_con color=\"#a62055\u2033 \u0627\u0644\u062d\u062c\u0645=\"20px\" target=\"_blank\" name=\"moon-phone-2\u2033] +49 211 737798 20<br \/>\n[\/callout]<\/div>\n<div class=\"callouthoch\">\n[callout add_button_button=\"no\" button_text=\"Learn More\" button_url=\"#\" button_color=\"#a62055\u2033]<br \/>\n\u064a\u0631\u062c\u0649 \u0625\u0631\u0633\u0627\u0644 \u0627\u0644\u0627\u0633\u062a\u0641\u0633\u0627\u0631\u0627\u062a \u0639\u0628\u0631 \u0627\u0644\u0628\u0631\u064a\u062f \u0627\u0644\u0625\u0644\u0643\u062a\u0631\u0648\u0646\u064a \u0625\u0644\u0649:<br \/>\n[v_con color=\"#a62055\u2033 \u0627\u0644\u062d\u062c\u0645=\"20px\" target=\"_blank\" name=\"moon-envelop-2\u2033] <a href=\"mailto:vertrieb@konferenztechnik.de\" onclick=\"ga('send', 'event', 'Email-Klick', 'F\u00fchrungsanlagen kaufen  Vertrieb');\"> vertrieb@konferenztechnik.de<\/a><br \/>\n[\/callout]<\/div>\n<p>[spacer size=\"10\"]<\/p>\n<div class=\"weiterlinks\" style=\"background-color:#ffffff;\">\n<h1>\u0631\u0648\u0627\u0628\u0637 \u0623\u062e\u0631\u0649<\/h1>\n<p>[list icon=\"moon-arrow-right-2\" \u0627\u0644\u0644\u0648\u0646=\"#a62055\"]<a title=\"\u062f\u0639\u0645 \u0627\u0644\u0641\u0639\u0627\u0644\u064a\u0627\u062a \u0645\u062a\u0639\u062f\u062f\u0629 \u0627\u0644\u0644\u063a\u0627\u062a\" href=\"\/ar\/%d8%b4%d8%b1%d8%a7%d8%a1-%d9%86%d8%b8%d8%a7%d9%85-%d8%a7%d9%84%d8%aa%d9%88%d8%ac%d9%8a%d9%87-%d8%a7%d9%84%d8%b4%d8%ae%d8%b5%d9%8a\/\">\u0635\u0641\u062d\u0629 \u0646\u0638\u0631\u0629 \u0639\u0627\u0645\u0629 \u0639\u0644\u0649 \u0623\u0646\u0638\u0645\u0629 \u062a\u0648\u062c\u064a\u0647 \u0627\u0644\u0631\u0643\u0627\u0628<\/a>[\/\u0627\u0644\u0642\u0627\u0626\u0645\u0629]<br \/>\n[list icon=\"moon-arrow-right-2\" \u0627\u0644\u0644\u0648\u0646=\"#a62055\"]<a title=\"\u062f\u0639\u0645 \u0627\u0644\u0641\u0639\u0627\u0644\u064a\u0627\u062a \u0645\u062a\u0639\u062f\u062f\u0629 \u0627\u0644\u0644\u063a\u0627\u062a\" href=\"\/ar\/%d9%86%d8%b8%d8%a7%d9%85-%d8%a7%d9%84%d8%a7%d8%aa%d8%b5%d8%a7%d9%84-%d8%a7%d9%84%d9%85%d9%88%d8%ad%d8%af-%d9%85%d9%86-%d8%a8%d8%a7%d9%8a%d8%b1%d8%af%d8%a7%d9%8a%d9%86%d8%a7%d9%85%d9%8a%d9%83-%d9%8a\/\">\u0645\u062a\u0648\u0641\u0631 \u0642\u0631\u064a\u0628\u0627\u064b: \u0646\u0638\u0627\u0645 \u0627\u0644\u062a\u0648\u062c\u064a\u0647 Beyerdynamic Unite<\/a>[\/\u0627\u0644\u0642\u0627\u0626\u0645\u0629]<br \/>\n[list icon=\"moon-arrow-right-2\" \u0627\u0644\u0644\u0648\u0646=\"#a62055\"]<a title=\"\u062f\u0639\u0645 \u0627\u0644\u0641\u0639\u0627\u0644\u064a\u0627\u062a \u0645\u062a\u0639\u062f\u062f\u0629 \u0627\u0644\u0644\u063a\u0627\u062a\" href=\"\/ar\/%d8%b4%d8%b1%d8%a7%d8%a1-%d8%aa%d9%83%d9%86%d9%88%d9%84%d9%88%d8%ac%d9%8a%d8%a7-%d8%a7%d9%84%d9%85%d8%a4%d8%aa%d9%85%d8%b1%d8%a7%d8%aa\/\">\u0645\u0628\u064a\u0639\u0627\u062a \u062a\u0643\u0646\u0648\u0644\u0648\u062c\u064a\u0627 \u0627\u0644\u0645\u0624\u062a\u0645\u0631\u0627\u062a<\/a>[\/\u0627\u0644\u0642\u0627\u0626\u0645\u0629]<br \/>\n[list icon=\"moon-arrow-right-2\" \u0627\u0644\u0644\u0648\u0646=\"#a62055\"]<a title=\"\u0627\u0644\u0645\u0631\u0627\u062c\u0639\" href=\"\/ar\/%d8%aa%d8%b1%d9%83%d9%8a%d8%a8-%d9%88%d8%af%d9%85%d8%ac-%d8%aa%d9%83%d9%86%d9%88%d9%84%d9%88%d8%ac%d9%8a%d8%a7-%d8%a7%d9%84%d9%85%d8%a4%d8%aa%d9%85%d8%b1%d8%a7%d8%aa-%d9%88%d8%a7%d9%84%d8%a3%d9%86\/\">\u062a\u0631\u0643\u064a\u0628 \u062a\u0643\u0646\u0648\u0644\u0648\u062c\u064a\u0627 \u0627\u0644\u0645\u0624\u062a\u0645\u0631\u0627\u062a \u0648\u0627\u0644\u0625\u0639\u0644\u0627\u0645<\/a>[\/\u0627\u0644\u0642\u0627\u0626\u0645\u0629]<br \/>\n[list icon=\"moon-arrow-right-2\" \u0627\u0644\u0644\u0648\u0646=\"#a62055\"]<a title=\"\u0627\u0644\u062a\u062f\u0631\u064a\u0628 \u0648\u0627\u0644\u062e\u062f\u0645\u0627\u062a \u0644\u0644\u0645\u062a\u0631\u062c\u0645\u064a\u0646 \u0627\u0644\u0641\u0648\u0631\u064a\u064a\u0646\" href=\"\/ar\/%d8%a7%d9%84%d8%af%d9%88%d8%b1%d8%a7%d8%aa-%d8%a7%d9%84%d8%aa%d8%af%d8%b1%d9%8a%d8%a8%d9%8a%d8%a9-%d9%88%d8%a7%d9%84%d8%ae%d8%af%d9%85%d8%a7%d8%aa-%d8%a7%d9%84%d9%85%d9%82%d8%af%d9%85%d8%a9-%d9%84\/\">\u0627\u0644\u062a\u062f\u0631\u064a\u0628 \u0648\u0627\u0644\u062e\u062f\u0645\u0627\u062a \u0644\u0644\u0645\u062a\u0631\u062c\u0645\u064a\u0646 \u0627\u0644\u0641\u0648\u0631\u064a\u064a\u0646<\/a>[\/\u0627\u0644\u0642\u0627\u0626\u0645\u0629]<br \/>\n[list icon=\"moon-arrow-right-2\" \u0627\u0644\u0644\u0648\u0646=\"#a62055\"]<a title=\"10 \u0623\u0633\u0628\u0627\u0628 \u0648\u062c\u064a\u0647\u0629 \u0644\u0640 PCS\" href=\"\/ar\/%d9%86%d8%a8%d8%b0%d8%a9-%d8%b9%d9%86%d8%a7\/10-%d8%a3%d8%b3%d8%a8%d8%a7%d8%a8-%d9%88%d8%ac%d9%8a%d9%87%d8%a9-%d9%84%d8%a3%d8%ac%d9%87%d8%b2%d8%a9-%d8%a7%d9%84%d9%83%d9%85%d8%a8%d9%8a%d9%88%d8%aa%d8%b1-%d8%a7%d9%84%d8%b4%d8%ae%d8%b5%d9%8a%d8%a9\/\">10 \u0623\u0633\u0628\u0627\u0628 \u0648\u062c\u064a\u0647\u0629 \u0644\u0640 PCS<\/a>[\/\u0627\u0644\u0642\u0627\u0626\u0645\u0629]<br \/>\n[list icon=\"moon-arrow-right-2\" \u0627\u0644\u0644\u0648\u0646=\"#a62055\"]<a title=\"PCS: \u0644\u0645\u062d\u0629 \u0633\u0631\u064a\u0639\u0629 \u0639\u0646 \u062c\u0645\u064a\u0639 \u0627\u0644\u062e\u062f\u0645\u0627\u062a\" href=\"\/ar\/%d8%a7%d9%84%d8%ae%d8%af%d9%85%d8%a7%d8%aa-2\/\">PCS: \u0644\u0645\u062d\u0629 \u0633\u0631\u064a\u0639\u0629 \u0639\u0646 \u062c\u0645\u064a\u0639 \u0627\u0644\u062e\u062f\u0645\u0627\u062a<\/a>[\/\u0627\u0644\u0642\u0627\u0626\u0645\u0629]<\/ul>\n<\/div>\n<\/div>\n<p>[spacer size=\"20\"]<\/p>","protected":false},"excerpt":{"rendered":"<p>Mipro F\u00fchrungsanlage kaufen Angebot anfordern &#x9B; Empf\u00e4nger MTG-100R [spacer size=&#8220;10&#8243;] Der weltweit kleinste und leichteste Empf\u00e4nger im Brusttaschenformat. Robust, langlebig und einfach zu bedienen. 1: Lautst\u00e4rkeregelung (in 20 Stufen einstellbar) 2: Ein-\/Ausschalter (dr\u00fccken und 2 Sekunden halten, um ein- oder auszuschalten) 3: LCD-Display (Anzeige f\u00fcr Kanal, Empfangsst\u00e4rke, Lautst\u00e4rke und Batteriestatus) 4: Kanalwahlschalter (16 Kan\u00e4le) 5: [&hellip;]<\/p>","protected":false},"author":1,"featured_media":45482,"parent":0,"menu_order":0,"comment_status":"closed","ping_status":"closed","template":"","meta":{"_acf_changed":false,"footnotes":""},"class_list":["post-13067","page","type-page","status-publish","has-post-thumbnail","hentry"],"acf":[],"_links":{"self":[{"href":"https:\/\/konferenztechnik.de\/ar\/wp-json\/wp\/v2\/pages\/13067","targetHints":{"allow":["GET"]}}],"collection":[{"href":"https:\/\/konferenztechnik.de\/ar\/wp-json\/wp\/v2\/pages"}],"about":[{"href":"https:\/\/konferenztechnik.de\/ar\/wp-json\/wp\/v2\/types\/page"}],"author":[{"embeddable":true,"href":"https:\/\/konferenztechnik.de\/ar\/wp-json\/wp\/v2\/users\/1"}],"replies":[{"embeddable":true,"href":"https:\/\/konferenztechnik.de\/ar\/wp-json\/wp\/v2\/comments?post=13067"}],"version-history":[{"count":0,"href":"https:\/\/konferenztechnik.de\/ar\/wp-json\/wp\/v2\/pages\/13067\/revisions"}],"wp:featuredmedia":[{"embeddable":true,"href":"https:\/\/konferenztechnik.de\/ar\/wp-json\/wp\/v2\/media\/45482"}],"wp:attachment":[{"href":"https:\/\/konferenztechnik.de\/ar\/wp-json\/wp\/v2\/media?parent=13067"}],"curies":[{"name":"\u062f\u0628\u0644\u064a\u0648 \u0628\u064a","href":"https:\/\/api.w.org\/{rel}","templated":true}]}}