{"id":15542,"date":"2020-01-13T11:20:39","date_gmt":"2020-01-13T10:20:39","guid":{"rendered":"https:\/\/www.konferenztechnik.de\/?page_id=15542"},"modified":"2023-08-29T14:45:39","modified_gmt":"2023-08-29T12:45:39","slug":"%d8%ae%d8%af%d9%85%d8%a9-%d8%a7%d9%84%d9%85%d8%b4%d8%a7%d8%b1%d9%8a%d8%b9","status":"publish","type":"page","link":"https:\/\/konferenztechnik.de\/ar\/%d8%ae%d8%af%d9%85%d8%a9-%d8%a7%d9%84%d9%85%d8%b4%d8%a7%d8%b1%d9%8a%d8%b9\/","title":{"rendered":"\u062e\u062f\u0645\u0629 \u0627\u0644\u0645\u0634\u0627\u0631\u064a\u0639"},"content":{"rendered":"<div data-elementor-type=\"wp-page\" data-elementor-id=\"15542\" class=\"elementor elementor-15542\" data-elementor-post-type=\"page\">\n\t\t\t\t\t\t<section data-particle_enable=\"false\" data-particle-mobile-disabled=\"false\" class=\"elementor-section elementor-top-section elementor-element elementor-element-1642ea5a elementor-section-boxed elementor-section-height-default elementor-section-height-default\" data-id=\"1642ea5a\" data-element_type=\"section\">\n\t\t\t\t\t\t<div class=\"elementor-container elementor-column-gap-default\">\n\t\t\t\t\t<div class=\"elementor-column elementor-col-100 elementor-top-column elementor-element elementor-element-5d2018ab\" data-id=\"5d2018ab\" data-element_type=\"column\">\n\t\t\t<div class=\"elementor-widget-wrap elementor-element-populated\">\n\t\t\t\t\t\t<div class=\"elementor-element elementor-element-5096329c elementor-widget elementor-widget-text-editor\" data-id=\"5096329c\" data-element_type=\"widget\" data-widget_type=\"text-editor.default\">\n\t\t\t\t<div class=\"elementor-widget-container\">\n\t\t\t\t\t\t\t\t\t<h1>\u0641\u0646\u062a\u064a\u0633 -\u062a\u0643\u0646\u0648\u0644\u0648\u062c\u064a\u0627 \u0627\u0644\u0645\u0624\u062a\u0645\u0631\u0627\u062a \u0648\u0627\u0644\u0648\u0633\u0627\u0626\u0637 \u0627\u0644\u0645\u062a\u0639\u062f\u062f\u0629<\/h1>\n<p><br><\/p>\n<p>\u062a\u0642\u0648\u0645 \u0634\u0631\u0643\u0629 PCS \u0628\u062a\u0648\u0632\u064a\u0639 \u062a\u0642\u0646\u064a\u0627\u062a \u0627\u062d\u062a\u0631\u0627\u0641\u064a\u0629 \u0644\u0644\u0627\u0633\u062a\u062e\u062f\u0627\u0645 \u0627\u0644\u062a\u062c\u0627\u0631\u064a \u0641\u064a \u0638\u0644 \u0634\u0631\u0648\u0637 \u064a\u062a\u0645 \u062a\u062d\u062f\u064a\u062b\u0647\u0627 \u0628\u0627\u0646\u062a\u0638\u0627\u0645 \u0648\u062a\u0642\u062f\u0645 \u062e\u062f\u0645\u0627\u062a \u0627\u0633\u062a\u0634\u0627\u0631\u064a\u0629 \u0648\u062e\u062f\u0645\u0627\u062a \u0645\u0627 \u0628\u0639\u062f \u0627\u0644\u0628\u064a\u0639.<\/p>\n<p>\u0646\u062d\u0646 \u0646\u0633\u062a\u0634\u064a\u0631\u0643 \u0628\u0634\u0643\u0644 \u0645\u0633\u062a\u0642\u0644 \u0639\u0646 \u0627\u0644\u0645\u0635\u0646\u0639\u064a\u0646 \u0648\u0646\u0634\u0639\u0631 \u0628\u0627\u0644\u0633\u0639\u0627\u062f\u0629 \u0627\u0644\u063a\u0627\u0645\u0631\u0629 \u0641\u064a \u0648\u0636\u0639 \u0646\u0638\u0627\u0645 \u064a\u062a\u0643\u064a\u0641 \u0645\u0639 \u0627\u062d\u062a\u064a\u0627\u062c\u0627\u062a\u0643.<\/p>\n<p>\u0647\u0644 \u062a\u0628\u062d\u062b \u0639\u0646 \u0623\u0646\u0638\u0645\u0629 \u0627\u0644\u0645\u0624\u062a\u0645\u0631\u0627\u062a \u0648\u0627\u0644\u0648\u0633\u0627\u0626\u0637 \u0627\u0644\u0645\u062a\u0639\u062f\u062f\u0629 \u0623\u0648 \u0647\u0644 \u062a\u062d\u062a\u0627\u062c \u0625\u0644\u0649 \u062a\u0642\u0646\u064a\u0629 \u0627\u0644\u0635\u0648\u062a \u0623\u0648 \u0627\u0644\u0641\u064a\u062f\u064a\u0648\u061f<br>\u0646\u062d\u0646 \u0634\u0631\u0643\u0627\u0621 \u0627\u0644\u062a\u0648\u0632\u064a\u0639 \u0644\u0623\u0643\u0628\u0631 \u0627\u0644\u0645\u0635\u0646\u0639\u064a\u0646 \u0627\u0644\u0645\u062d\u062a\u0631\u0641\u064a\u0646 \u0627\u0644\u0645\u0634\u0647\u0648\u0631\u064a\u0646 \u0641\u064a \u0647\u0630\u0647 \u0627\u0644\u0645\u062c\u0627\u0644\u0627\u062a.<br>\u064a\u0645\u0643\u0646\u0643 \u0634\u0631\u0627\u0621 \u0623\u0646\u0638\u0645\u0629 \u0633\u0645\u0639\u064a\u0629 \u0628\u0635\u0631\u064a\u0629 \u0635\u063a\u064a\u0631\u0629 \u0648\u0643\u0628\u064a\u0631\u0629 \u0627\u0644\u062d\u062c\u0645 \u0645\u0646 \u0639\u0646\u062f\u0646\u0627 \u0648\u0643\u0630\u0644\u0643 \u0627\u0644\u0645\u0643\u0648\u0651\u0646\u0627\u062a \u0627\u0644\u0641\u0631\u062f\u064a\u0629 \u0648\u0623\u062c\u0647\u0632\u0629 \u0625\u0639\u0627\u062f\u0629 \u0627\u0644\u062a\u0631\u0643\u064a\u0628 \u0648\u0627\u0644\u0623\u0643\u0633\u0633\u0648\u0627\u0631\u0627\u062a.<\/p>\n<h2>\u0627\u0644\u0627\u062e\u062a\u064a\u0627\u0631 \u062d\u0633\u0628 \u0645\u062c\u0645\u0648\u0639\u0627\u062a \u0627\u0644\u0645\u0646\u062a\u062c\u0627\u062a<\/h2>\n<p><br><\/p>\n<p><img decoding=\"async\" src=\"https:\/\/konferenztechnik.de\/wp-content\/uploads\/2018\/07\/fuehrungsanlagen-kaufen-1.jpg\" alt=\"\u0634\u0631\u0627\u0621 \u0627\u0644\u0623\u0646\u0638\u0645\u0629 \u0627\u0644\u0625\u0631\u0634\u0627\u062f\u064a\u0629\" class=\"alignleft size-full wp-image-13481\" title=\"\"><\/p>\n<h3><b><br><\/b><\/h3><h3><b><br><\/b><\/h3><h3><b><br><\/b><\/h3><h3><b><br><\/b><\/h3><h3><b>\u0634\u0631\u0627\u0621 \u0646\u0638\u0627\u0645\/\u062f\u0644\u064a\u0644 \u0635\u0648\u062a\u064a (\u0623\u0646\u0638\u0645\u0629 \u0627\u0644\u0625\u0631\u0634\u0627\u062f \u0627\u0644\u0633\u064a\u0627\u062d\u064a)<\/b><\/h3>\n<p>\u0645\u062a\u064a\u0646\u0629\u060c \u0648\u062c\u0648\u062f\u0629 \u0635\u0648\u062a\u064a\u0629 \u0645\u0645\u062a\u0627\u0632\u0629\u060c \u0648\u0628\u0637\u0627\u0631\u064a\u0627\u062a \u0644\u064a\u062b\u064a\u0648\u0645 \u0623\u064a\u0648\u0646 \u062c\u062f\u064a\u062f\u0629 \u0630\u0627\u062a \u0639\u0645\u0631 \u062a\u0634\u063a\u064a\u0644\u064a \u0637\u0648\u064a\u0644<\/p>\n<p><br><\/p>\n<p><img decoding=\"async\" class=\"alignnone size-full wp-image-1287\" src=\"https:\/\/konferenztechnik.de\/wp-content\/uploads\/2013\/06\/quinta.jpg\" alt=\"\u0643\u064a\u0646\u062a\u0627\" title=\"\"><\/p>\n<h3><b>\u0627\u0642\u062a\u0646\u0627\u0621 \u0645\u064a\u0643\u0631\u0648\u0641\u0648\u0646\u0627\u062a \u0627\u0644\u0637\u0627\u0648\u0644\u0629<\/b><\/h3>\n<p>\u0627\u0634\u062a\u0631\u0650 \u0645\u0639\u062f\u0627\u062a \u0627\u062d\u062a\u0631\u0627\u0641\u064a\u0629 \u0645\u0646 \u0634\u0631\u0643\u062a\u0646\u0627: \u0645\u0639 \u0623\u0648 \u0628\u062f\u0648\u0646 \u0641\u0644\u062a\u0631 \u2013 \u0628\u062c\u0648\u062f\u0629 \u0635\u0648\u062a \u0645\u0645\u062a\u0627\u0632\u0629<\/p>\n<p><br><\/p>\n<p><img decoding=\"async\" src=\"https:\/\/konferenztechnik.de\/wp-content\/uploads\/2018\/07\/dolmetscherkabinen-kaufen-1.jpg\" alt=\"\u0634\u0631\u0627\u0621 \u0645\u0642\u0635\u0648\u0631\u0627\u062a \u0627\u0644\u062a\u0631\u062c\u0645\u0629 \u0627\u0644\u0641\u0648\u0631\u064a\u0629\" class=\"alignleft size-full wp-image-13486\" title=\"\"><\/p>\n<h3><b><br><\/b><\/h3><h3><b><br><\/b><\/h3><h3><b><br><\/b><\/h3><h3><b><br><\/b><\/h3><h3><b>\u0627\u0642\u062a\u0646\u0627\u0621 \u0643\u0628\u0627\u0626\u0646 \u0627\u0644\u0627\u0633\u062a\u0642\u0628\u0627\u0644<\/b><\/h3>\n<p>Cabines d'interpr\u00e9tation,<br>\u0634\u0647\u0627\u062f\u0627\u062a \u0627\u0644\u0623\u064a\u0632\u0648,<br>\u0627\u0644\u0647\u0648\u0627\u062a\u0641 \u0627\u0644\u0645\u062d\u0645\u0648\u0644\u0629 \u0648\u0627\u0644\u0645\u0631\u0646\u0629<br>\u0645\u062a\u0648\u0641\u0631\u0629 \u0639\u0644\u0649 \u0627\u0644\u0641\u0648\u0631 \u0627\u0639\u062a\u0628\u0627\u0631\u064b\u0627 \u0645\u0646 \u062a\u0627\u0631\u064a\u062e \u062f\u062e\u0648\u0644\u0643 \u0625\u0644\u0649 \u0645\u0631\u0643\u0632 \u0627\u0644\u062e\u062f\u0645\u0627\u062a \u0627\u0644\u0639\u0627\u0645\u0629<\/p>\n<p><br><\/p>\n<p><img fetchpriority=\"high\" decoding=\"async\" width=\"288\" height=\"198\" class=\"alignleft size-full wp-image-3750\" src=\"https:\/\/konferenztechnik.de\/wp-content\/uploads\/2013\/11\/03-mediensteuerungen.jpg\" alt=\"\u0623\u062f\u0648\u0627\u062a \u0627\u0644\u062a\u062d\u0643\u0645 \u0641\u064a \u0627\u0644\u0648\u0633\u0627\u0626\u0637 \u0641\u064a PCS - Crestron\u060c AMX\u060c RTI\" title=\"\"><\/p>\n<h3><b><br><\/b><\/h3><h3><b><br><\/b><\/h3><h3><b><br><\/b><\/h3><h3><b><br><\/b><\/h3><h3><b><br><\/b><\/h3><h3><b>\u0643\u0648\u0645\u0627\u0646\u062f\u0648 \u0627\u0644\u0648\u0633\u0627\u0626\u0637 \u0627\u0644\u0645\u062a\u0639\u062f\u062f\u0629<\/b><\/h3>\n<p>\u0646\u0638\u0627\u0645 \u0627\u0644\u062a\u062d\u0643\u0645 \u0627\u0644\u0645\u0646\u0632\u0644\u064a: \u064a\u0645\u0643\u0646\u0643 \u0627\u0644\u062a\u062d\u0643\u0645 \u0641\u064a \u0627\u0644\u062a\u0631\u0643\u064a\u0628\u0627\u062a \u0627\u0644\u062a\u0642\u0646\u064a\u0629 \u0645\u062a\u0639\u062f\u062f\u0629 \u0627\u0644\u0648\u0633\u0627\u0626\u0637 (\u0627\u0644\u0641\u064a\u062f\u064a\u0648 \u0648\u0627\u0644\u0635\u0648\u062a \u0648\u0627\u0644\u0625\u0636\u0627\u0621\u0629) \u0641\u064a \u0635\u0627\u0644\u0627\u062a\u0643 \u0648\u0645\u0633\u0627\u0643\u0646\u0643 \u0628\u0637\u0631\u064a\u0642\u0629 \u0645\u0631\u0643\u0632\u064a\u0629.<\/p>\n<p><br><\/p>\n<p><img decoding=\"async\" width=\"288\" height=\"198\" class=\"alignleft size-full wp-image-3748\" src=\"https:\/\/konferenztechnik.de\/wp-content\/uploads\/2013\/11\/01-i3.jpg\" alt=\"\u0627\u0644\u0633\u0628\u0648\u0631\u0629 \u0627\u0644\u0628\u064a\u0636\u0627\u0621 \u0627\u0644\u062a\u0641\u0627\u0639\u0644\u064a\u0629 \u0641\u0627\u0646\u064a\u0631\u0648\u0645 i3 \u0627\u0644\u062a\u0641\u0627\u0639\u0644\u064a\u0629\" title=\"\"><\/p>\n<h3><b><br><\/b><\/h3><h3><b><br><\/b><\/h3><h3><b><br><\/b><\/h3><h3><b><br><\/b><\/h3><h3><b><br><\/b><\/h3><h3><b>\u0623\u062f\u0648\u0627\u062a \u0627\u0644\u062a\u062f\u0631\u064a\u0628 \u0648\u0627\u0644\u0645\u0645\u0627\u0631\u0633\u0629 \u0648\u0627\u0644\u0639\u0645\u0644 \u0627\u0644\u062a\u0639\u0627\u0648\u0646\u064a.<\/b><\/h3>\n<p>\u062a\u0627\u0628\u0644\u0648 \u0628\u0644\u0648 \u0628\u0644\u0627\u0646\u0643 \u0627\u0641\u062a\u0631\u0627\u0636\u064a\u060c \u0648\u0623\u0633\u0637\u0648\u0627\u0646\u0627\u062a \u0648\u0641\u064a\u062f\u064a\u0648 \u062a\u0641\u0627\u0639\u0644\u064a<\/p>\n<p><br><\/p>\n<p><img decoding=\"async\" src=\"https:\/\/konferenztechnik.de\/wp-content\/uploads\/2018\/07\/dolmetschertechnik-kaufen-1.jpg\" alt=\"\u0634\u0631\u0627\u0621 \u0645\u0639\u062f\u0627\u062a \u0627\u0644\u062a\u0631\u062c\u0645\u0629 \u0627\u0644\u0641\u0648\u0631\u064a\u0629\" class=\"alignleft size-full wp-image-13484\" title=\"\"><\/p>\n<h3><b><br><\/b><\/h3><h3><b><br><\/b><\/h3><h3><b><br><\/b><\/h3><h3><b><br><\/b><\/h3><h3><b><br><\/b><\/h3><h3><b>\u0627\u0644\u0645\u0639\u062f\u0627\u062a \u0627\u0644\u0628\u064a\u0646\u064a\u0629<\/b><\/h3>\n<p>\u0643\u0628\u0627\u0626\u0646 \u0644\u0644\u0645\u062a\u0631\u062c\u0645\u064a\u0646 \u0627\u0644\u0634\u0641\u0648\u064a\u064a\u0646\u060c \u0648 pupitres d'interpr\u00e8tation par infrarouge\u060c \u0648 technique d'interpr\u00e9tation par l'radio \/ hertzienne<\/p>\n<p><br><\/p>\n<p><img decoding=\"async\" width=\"288\" height=\"198\" class=\"alignleft size-full wp-image-3751\" src=\"https:\/\/konferenztechnik.de\/wp-content\/uploads\/2013\/11\/07-projektorenhalterungen.jpg\" alt=\"\u062d\u0648\u0627\u0645\u0644 \u0644\u0623\u062c\u0647\u0632\u0629 \u0627\u0644\u0639\u0631\u0636 \u0648\u0623\u062c\u0647\u0632\u0629 \u0627\u0644\u0639\u0631\u0636 \u0627\u0644\u0636\u0648\u0626\u064a\" title=\"\"><\/p>\n<h3><b><br><\/b><\/h3><h3><b><br><\/b><\/h3><h3><b><br><\/b><\/h3><h3><b><br><\/b><\/h3><h3><b><br><\/b><\/h3><h3><b>\u0627\u0644\u062f\u0639\u0627\u0645\u0627\u062a\/\u062f\u0639\u0627\u0645\u0627\u062a \/ \u062a\u062b\u0628\u064a\u062a \u0627\u0644\u0634\u0627\u0634\u0629 \u0648\u0627\u0644\u0639\u0627\u0631\u0636<\/b><\/h3>\n<p>\u062a\u062b\u0628\u064a\u062a \u0627\u0644\u0623\u0644\u0648\u0627\u062d\u060c \u0623\u0646\u0638\u0645\u0629 \u062a\u0631\u0643\u064a\u0628 \u0623\u062c\u0647\u0632\u0629 \u0627\u0644\u0639\u0631\u0636 \u0648\u0627\u0644\u0634\u0627\u0634\u0627\u062a\u060c \u0623\u0646\u0638\u0645\u0629 \u062a\u0631\u0643\u064a\u0628 \u0623\u062c\u0647\u0632\u0629 \u0627\u0644\u0639\u0631\u0636\u060c \u0623\u0646\u0638\u0645\u0629 \u062a\u0631\u0643\u064a\u0628 \u0623\u062c\u0647\u0632\u0629 \u0627\u0644\u0639\u0631\u0636\u060c \u0623\u0646\u0638\u0645\u0629 \u0627\u0644\u0639\u0632\u0644 \u0627\u0644\u0635\u0648\u062a\u064a \u0648\u0627\u0644\u0639\u0632\u0644 \u0627\u0644\u0635\u0648\u062a\u064a<\/p>\n<p><br><\/p>\n<p><img loading=\"lazy\" decoding=\"async\" width=\"288\" height=\"198\" class=\"alignleft size-full wp-image-3752\" src=\"https:\/\/konferenztechnik.de\/wp-content\/uploads\/2013\/11\/08-funklautsprecher.jpg\" alt=\"\u0645\u0643\u0628\u0631 \u0627\u0644\u0635\u0648\u062a \u0627\u0644\u0644\u0627\u0633\u0644\u0643\u064a Sennheiser LSP 500 PRO\" title=\"\"><\/p>\n<h3><b><br><\/b><\/h3><h3><b><br><\/b><\/h3><h3><b><br><\/b><\/h3><h3><b><br><\/b><\/h3><h3><b><br><\/b><\/h3><h3><b>\u062a\u0643\u0646\u0648\u0644\u0648\u062c\u064a\u0627 \u0627\u0644\u0635\u0648\u062a \u0648\u062a\u0643\u0646\u0648\u0644\u0648\u062c\u064a\u0627 \u0627\u0644\u0641\u064a\u062f\u064a\u0648 \u0648\u062a\u0643\u0646\u0648\u0644\u0648\u062c\u064a\u0627 \u0627\u0644\u0635\u0648\u062a \u0648\u0627\u0644\u0641\u064a\u062f\u064a\u0648<\/b><\/h3>\n<p>\u0623\u0646\u0638\u0645\u0629 \u0627\u0644\u0635\u0648\u062a\u060c \u0648\u0627\u0644\u0645\u064a\u0643\u0631\u0648\u0641\u0648\u0646\u0627\u062a\u060c \u0648\u0627\u0644\u0645\u064a\u0643\u0631\u0648\u0641\u0648\u0646\u0627\u062a\u060c \u0648\u0637\u0627\u0648\u0644\u0627\u062a \u0627\u0644\u0645\u0632\u062c\u060c \u0648\u0623\u062c\u0647\u0632\u0629 \u0627\u0644\u0641\u064a\u062f\u064a\u0648\u060c \u0648\u0627\u0644\u0641\u064a\u062f\u064a\u0648\u060c \u0648\u0627\u0644\u0641\u064a\u062f\u064a\u0648 \u0627\u0644\u0645\u0633\u0642\u0637\u060c \u0648\u0627\u0644\u0641\u064a\u062f\u064a\u0648 \u0627\u0644\u062a\u0641\u0627\u0639\u0644\u064a\u060c \u0648\u0627\u0644\u0643\u0627\u0645\u064a\u0631\u0627\u062a\u060c \u0648\u0627\u0644\u0643\u0627\u0645\u064a\u0631\u0627\u062a \u0627\u0644\u0645\u0631\u0626\u064a\u0629\u060c \u0648\u0627\u0644\u0643\u0627\u0645\u064a\u0631\u0627\u062a \u0627\u0644\u0639\u0631\u0636\u060c \u0648\u0627\u0644\u0625\u0634\u0627\u0631\u0627\u062a \u0627\u0644\u0631\u0642\u0645\u064a\u0629<\/p>\n<p><br><\/p>\n<p>\n<img loading=\"lazy\" decoding=\"async\" width=\"288\" height=\"198\" class=\"alignnone size-full wp-image-3851\" src=\"https:\/\/konferenztechnik.de\/wp-content\/uploads\/2013\/11\/barco_clickshare_bei-pcs.jpg\" alt=\"\u0628\u0627\u0631\u0643\u0648_\u0643\u0644\u064a\u0643 \u0634\u064a\u0631_\u0628\u0627\u064a-\u0628\u064a-\u0628\u064a-\u0633\u064a\" title=\"\"><\/p>\n<h3><br><\/h3><div class=\"rahmen\">\n<p><br><\/p><\/div>\t\t\t\t\t\t\t\t<\/div>\n\t\t\t\t<\/div>\n\t\t\t\t\t<\/div>\n\t\t<\/div>\n\t\t\t\t\t<\/div>\n\t\t<\/section>\n\t\t\t\t<\/div>","protected":false},"excerpt":{"rendered":"<p>Ventes -Technologie de conf\u00e9rence et multimedias PCS distribue des technologies professionnelles \u00e0 usage commercial \u00e0 des conditions r\u00e9guli\u00e8rement mises \u00e0 jour, et propose des services de conseil et de service apr\u00e8s-vente. Nous vous conseillons ind\u00e9pendamment des fabricants et nous nous ferons un plaisir de vous mettre en place un syst\u00e8me adapt\u00e9 \u00e0 vos besoins. Vous [&hellip;]<\/p>","protected":false},"author":1,"featured_media":45482,"parent":0,"menu_order":0,"comment_status":"closed","ping_status":"closed","template":"","meta":{"_acf_changed":false,"footnotes":""},"class_list":["post-15542","page","type-page","status-publish","has-post-thumbnail","hentry"],"acf":[],"_links":{"self":[{"href":"https:\/\/konferenztechnik.de\/ar\/wp-json\/wp\/v2\/pages\/15542","targetHints":{"allow":["GET"]}}],"collection":[{"href":"https:\/\/konferenztechnik.de\/ar\/wp-json\/wp\/v2\/pages"}],"about":[{"href":"https:\/\/konferenztechnik.de\/ar\/wp-json\/wp\/v2\/types\/page"}],"author":[{"embeddable":true,"href":"https:\/\/konferenztechnik.de\/ar\/wp-json\/wp\/v2\/users\/1"}],"replies":[{"embeddable":true,"href":"https:\/\/konferenztechnik.de\/ar\/wp-json\/wp\/v2\/comments?post=15542"}],"version-history":[{"count":0,"href":"https:\/\/konferenztechnik.de\/ar\/wp-json\/wp\/v2\/pages\/15542\/revisions"}],"wp:featuredmedia":[{"embeddable":true,"href":"https:\/\/konferenztechnik.de\/ar\/wp-json\/wp\/v2\/media\/45482"}],"wp:attachment":[{"href":"https:\/\/konferenztechnik.de\/ar\/wp-json\/wp\/v2\/media?parent=15542"}],"curies":[{"name":"\u062f\u0628\u0644\u064a\u0648 \u0628\u064a","href":"https:\/\/api.w.org\/{rel}","templated":true}]}}