{"id":1813,"date":"2013-09-05T11:30:23","date_gmt":"2013-09-05T09:30:23","guid":{"rendered":"https:\/\/konferenztechnik.de\/?page_id=1813"},"modified":"2023-06-29T14:15:16","modified_gmt":"2023-06-29T12:15:16","slug":"%d8%aa%d9%83%d9%86%d9%88%d9%84%d9%88%d8%ac%d9%8a%d8%a7-%d8%a7%d9%84%d8%b7%d9%8a%d8%b1%d8%a7%d9%86-%d9%88%d8%a7%d9%84%d9%81%d8%b6%d8%a7%d8%a1-%d8%a7%d9%84%d9%85%d9%8a%d9%83%d8%b1%d9%88%d9%81%d9%88","status":"publish","type":"page","link":"https:\/\/konferenztechnik.de\/ar\/%d8%a7%d8%b3%d8%aa%d8%a6%d8%ac%d8%a7%d8%b1-%d9%85%d8%b9%d8%af%d8%a7%d8%aa-%d8%a7%d9%84%d9%85%d8%a4%d8%aa%d9%85%d8%b1%d8%a7%d8%aa\/%d8%aa%d9%83%d9%86%d9%88%d9%84%d9%88%d8%ac%d9%8a%d8%a7-%d8%a7%d9%84%d8%b7%d9%8a%d8%b1%d8%a7%d9%86-%d9%88%d8%a7%d9%84%d9%81%d8%b6%d8%a7%d8%a1-%d8%a7%d9%84%d9%85%d9%8a%d9%83%d8%b1%d9%88%d9%81%d9%88\/","title":{"rendered":"\u0627\u0644\u062a\u0643\u0646\u0648\u0644\u0648\u062c\u064a\u0627 \u0627\u0644\u0633\u0645\u0639\u064a\u0629 \u0648\u0627\u0644\u0628\u0635\u0631\u064a\u0629: \u0627\u0644\u0645\u064a\u0643\u0631\u0648\u0641\u0648\u0646\u0627\u062a\u060c \u0648\u0645\u0639\u062f\u0627\u062a \u0627\u0644\u0635\u0648\u062a\u060c \u0648\u062c\u0647\u0627\u0632 \u0627\u0644\u0639\u0631\u0636"},"content":{"rendered":"<h1>\u0627\u0644\u062a\u0643\u0646\u0648\u0644\u0648\u062c\u064a\u0627 \u0627\u0644\u0633\u0645\u0639\u064a\u0629 \u0648\u0627\u0644\u0628\u0635\u0631\u064a\u0629: \u0627\u0644\u0645\u064a\u0643\u0631\u0648\u0641\u0648\u0646\u0627\u062a\u060c \u0648\u0645\u0639\u062f\u0627\u062a \u0627\u0644\u0635\u0648\u062a\u060c \u0648\u062c\u0647\u0627\u0632 \u0627\u0644\u0639\u0631\u0636<\/h1>\n<p>\u0645\u064a\u0643\u0631\u0648\u0641\u0648\u0646\u0627\u062a\u060c \u0648\u062a\u0642\u0646\u064a\u0629 \u0645\u062e\u0627\u0637\u0628\u0629 \u0627\u0644\u062c\u0645\u0647\u0648\u0631\u060c \u0648\u0645\u0646\u0635\u0627\u062a \u0645\u062d\u0627\u0636\u0631\u0627\u062a\u060c \u0648\u0623\u062c\u0647\u0632\u0629 \u0647\u0627\u062a\u0641 \u0647\u062c\u064a\u0646\u0629\u060c \u0648\u0645\u0648\u0632\u0639\u0627\u062a \u0635\u062d\u0641\u064a\u0629\u060c \u0648\u0628\u0631\u0627\u0645\u062c \u062a\u0633\u062c\u064a\u0644 \u0627\u0644\u0627\u062e\u062a\u0632\u0627\u0644\u060c \u0648\u0623\u062c\u0647\u0632\u0629 \u062a\u0633\u062c\u064a\u0644\u060c \u0648\u0623\u062c\u0647\u0632\u0629 \u0625\u0634\u0627\u0631\u0629\u060c \u0648\u0623\u062c\u0647\u0632\u0629 \u0639\u0631\u0636\u060c \u0648\u0634\u0627\u0634\u0627\u062a \u0639\u0631\u0636\u060c \u0648\u063a\u064a\u0631 \u0630\u0644\u0643 \u0627\u0644\u0643\u062b\u064a\u0631... \u0645\u0639\u062f\u0627\u062a\u0646\u0627 \u0627\u0644\u0635\u0648\u062a\u064a\u0629 \u0648\u0627\u0644\u0645\u0631\u0626\u064a\u0629 \u0645\u0635\u0645\u0645\u0629 \u0644\u0644\u0645\u0624\u062a\u0645\u0631\u0627\u062a \u0648\u0627\u0644\u0645\u0624\u062a\u0645\u0631\u0627\u062a \u0645\u0646 \u062c\u0645\u064a\u0639 \u0627\u0644\u0623\u062d\u062c\u0627\u0645.<\/p>\n<p><img fetchpriority=\"high\" decoding=\"async\" width=\"1200\" height=\"387\" src=\"https:\/\/konferenztechnik.de\/wp-content\/uploads\/2016\/10\/audio-videotechnik-mieten.jpg\" alt=\"\u0627\u0633\u062a\u0626\u062c\u0627\u0631 \u062a\u0643\u0646\u0648\u0644\u0648\u062c\u064a\u0627 \u0627\u0644\u0635\u0648\u062a \u0648\u0627\u0644\u0641\u064a\u062f\u064a\u0648\" class=\"alignnone size-full wp-image-8507\" title=\"\" srcset=\"https:\/\/konferenztechnik.de\/wp-content\/uploads\/2016\/10\/audio-videotechnik-mieten.jpg 1200w, https:\/\/konferenztechnik.de\/wp-content\/uploads\/2016\/10\/audio-videotechnik-mieten-300x97.jpg 300w, https:\/\/konferenztechnik.de\/wp-content\/uploads\/2016\/10\/audio-videotechnik-mieten-1024x330.jpg 1024w, https:\/\/konferenztechnik.de\/wp-content\/uploads\/2016\/10\/audio-videotechnik-mieten-768x248.jpg 768w\" sizes=\"(max-width: 1200px) 100vw, 1200px\" \/><br \/>\n<img decoding=\"async\" src=\"https:\/\/konferenztechnik.de\/wp-content\/uploads\/2016\/10\/beamer-beschallung-mieten.jpg\" alt=\"\u062c\u0647\u0627\u0632 \u0639\u0631\u0636-\u0635\u0648\u062a-\u0635\u0648\u062a-\u0646\u0638\u0627\u0645-\u062a\u0623\u062c\u064a\u0631-\u0635\u0648\u062a-\u0635\u0648\u062a-\u0645\u0634\u063a\u0644\" class=\"alignnone size-full wp-image-8506\" title=\"\"><br \/>\n<img decoding=\"async\" width=\"1200\" height=\"346\" src=\"https:\/\/konferenztechnik.de\/wp-content\/uploads\/2016\/10\/event-technik-mieten.jpg\" alt=\"\u062a\u0623\u062c\u064a\u0631 \u062a\u0643\u0646\u0648\u0644\u0648\u062c\u064a\u0627 \u0627\u0644\u0641\u0639\u0627\u0644\u064a\u0627\u062a\" class=\"alignnone size-full wp-image-8510\" title=\"\" srcset=\"https:\/\/konferenztechnik.de\/wp-content\/uploads\/2016\/10\/event-technik-mieten.jpg 1200w, https:\/\/konferenztechnik.de\/wp-content\/uploads\/2016\/10\/event-technik-mieten-300x87.jpg 300w, https:\/\/konferenztechnik.de\/wp-content\/uploads\/2016\/10\/event-technik-mieten-1024x295.jpg 1024w, https:\/\/konferenztechnik.de\/wp-content\/uploads\/2016\/10\/event-technik-mieten-768x221.jpg 768w\" sizes=\"(max-width: 1200px) 100vw, 1200px\" \/><\/p>\n<p>[callout add_button_button=\"no\" button_text=\"Learn More\" button_url=\"#\" button_color=\"#a62055\u2033]<br \/>\n\u0627\u0633\u062a\u0623\u062c\u0631 \u0645\u0646 PCS \u0628\u0623\u0633\u0639\u0627\u0631 \u0645\u062d\u062f\u062b\u0629 \u064a\u0648\u0645\u064a\u0627\u064b \u0645\u0646 \u0623\u0633\u0637\u0648\u0644\u0646\u0627 \u0627\u0644\u0648\u0627\u0633\u0639 \u0644\u0644\u062a\u0623\u062c\u064a\u0631. \u0633\u064a\u0631\u0633\u0644 \u0644\u0643 \u0641\u0631\u064a\u0642\u0646\u0627 \u0627\u0644\u0645\u062e\u062a\u0635 \u0639\u0631\u0636\u0627\u064b \u0645\u063a\u0631\u064a\u0627\u064b \u0639\u0644\u0649 \u0627\u0644\u0641\u0648\u0631.<br \/>\n[\/callout]<\/p>\n<p>[spacer size=\"3\"]<br \/>\n[\u0648\u0627\u0636\u062d]<\/p>\n<div class=\"boxcontainer\">\n<div class=\"box1-4\">\n<div class=\"box-head\">\u0627\u0644\u0634\u0645\u0627\u0644 \u0648\u0627\u0644\u063a\u0631\u0628<\/div>\n<p><img decoding=\"async\" width=\"800\" height=\"533\" src=\"https:\/\/konferenztechnik.de\/wp-content\/uploads\/2013\/09\/monika_van_den_boogaard_pcs-gmbh.jpg\" alt=\"Monika_van_van_den_boogaard_poogaard_pcs-gmbh\" class=\"alignleft size-full wp-image-2312\" title=\"\" srcset=\"https:\/\/konferenztechnik.de\/wp-content\/uploads\/2013\/09\/monika_van_den_boogaard_pcs-gmbh.jpg 800w, https:\/\/konferenztechnik.de\/wp-content\/uploads\/2013\/09\/monika_van_den_boogaard_pcs-gmbh-300x200.jpg 300w, https:\/\/konferenztechnik.de\/wp-content\/uploads\/2013\/09\/monika_van_den_boogaard_pcs-gmbh-768x512.jpg 768w\" sizes=\"(max-width: 800px) 100vw, 800px\" \/><br \/>\n\u0645\u0648\u0646\u064a\u0643\u0627 \u0641\u0627\u0646 \u062f\u0646 \u0628\u0648\u063a\u0627\u0631\u062f<br \/>\n\u0627\u0633\u062a\u0634\u0627\u0631\u064a \u0645\u0634\u0627\u0631\u064a\u0639 \u0627\u0644\u062a\u0623\u062c\u064a\u0631 \u0627\u0644\u062a\u0645\u0648\u064a\u0644\u064a<br \/>\n\u0631\u0642\u0645 \u0627\u0644\u0647\u0627\u062a\u0641 +49 211 737798 737798 10<br \/>\n<span class=\"volleansicht\">\u0627\u0644\u0628\u0631\u064a\u062f \u0627\u0644\u0625\u0644\u0643\u062a\u0631\u0648\u0646\u064a <a href=\"mailto:vandenboogaard@konferenztechnik.de\" onclick=\"ga('send', 'event', 'Email-Klick', 'Kontakt Boogaard');\">\u0627\u0643\u062a\u0628<\/a><br \/>\n<\/span><br \/>\n<span class=\"mobileansicht\">\u0627\u0644\u0628\u0631\u064a\u062f \u0627\u0644\u0625\u0644\u0643\u062a\u0631\u0648\u0646\u064a <a href=\"mailto:vandenboogaard@konferenztechnik.de\" onclick=\"ga('send', 'event', 'Email-Klick', 'Kontakt Boogaard');\">\u0627\u0643\u062a\u0628<\/a><br \/>\n<\/span><\/p>\n<\/div>\n<div class=\"box1-4\">\n<div class=\"box-head\">\u0627\u0644\u0634\u0631\u0642<\/div>\n<p><img loading=\"lazy\" decoding=\"async\" width=\"2316\" height=\"1543\" src=\"https:\/\/konferenztechnik.de\/wp-content\/uploads\/2017\/05\/sebastian-meyer-pcs-gmbh.jpg\" alt=\"Sebastian Meyer Meyer PCS GmbH - Disposition\" class=\"alignleft size-full wp-image-10048\" title=\"\" srcset=\"https:\/\/konferenztechnik.de\/wp-content\/uploads\/2017\/05\/sebastian-meyer-pcs-gmbh.jpg 2316w, https:\/\/konferenztechnik.de\/wp-content\/uploads\/2017\/05\/sebastian-meyer-pcs-gmbh-300x200.jpg 300w, https:\/\/konferenztechnik.de\/wp-content\/uploads\/2017\/05\/sebastian-meyer-pcs-gmbh-1024x682.jpg 1024w, https:\/\/konferenztechnik.de\/wp-content\/uploads\/2017\/05\/sebastian-meyer-pcs-gmbh-768x512.jpg 768w, https:\/\/konferenztechnik.de\/wp-content\/uploads\/2017\/05\/sebastian-meyer-pcs-gmbh-1536x1023.jpg 1536w, https:\/\/konferenztechnik.de\/wp-content\/uploads\/2017\/05\/sebastian-meyer-pcs-gmbh-2048x1364.jpg 2048w\" sizes=\"(max-width: 2316px) 100vw, 2316px\" \/><br \/>\n\u0633\u064a\u0628\u0627\u0633\u062a\u064a\u0627\u0646 \u0645\u0627\u064a\u0631<br \/>\n\u0627\u0633\u062a\u0634\u0627\u0631\u064a \u0645\u0634\u0627\u0631\u064a\u0639 \u0627\u0644\u062a\u0623\u062c\u064a\u0631 \u0627\u0644\u062a\u0645\u0648\u064a\u0644\u064a<br \/>\n\u0627\u0644\u0647\u0627\u062a\u0641 +49 30 30 695969690 15<br \/>\n<span class=\"volleansicht\">\u0627\u0644\u0628\u0631\u064a\u062f \u0627\u0644\u0625\u0644\u0643\u062a\u0631\u0648\u0646\u064a <a href=\"mailto:meyer@konferenztechnik.de\" onclick=\"ga('send', 'event', 'Email-Klick', 'Kontakt Meyer');\">\u0627\u0643\u062a\u0628<\/a><br \/>\n<\/span><br \/>\n<span class=\"mobileansicht\">\u0627\u0644\u0628\u0631\u064a\u062f \u0627\u0644\u0625\u0644\u0643\u062a\u0631\u0648\u0646\u064a <a href=\"mailto:meyer@konferenztechnik.de\" onclick=\"ga('send', 'event', 'Email-Klick', 'Kontakt Meyer');\">\u0627\u0643\u062a\u0628<\/a><br \/>\n<\/span><\/p>\n<\/div>\n<div class=\"box1-4\">\n<div class=\"box-head\">\u0627\u0644\u062c\u0646\u0648\u0628<\/div>\n<p><img loading=\"lazy\" decoding=\"async\" width=\"800\" height=\"533\" src=\"https:\/\/konferenztechnik.de\/wp-content\/uploads\/2013\/09\/sebastian_gegusch_pcs-gmbh.jpg\" alt=\"\u0634\u0631\u0643\u0629 \u0633\u064a\u0628\u0627\u0633\u062a\u064a\u0627\u0646 \u062c\u064a\u062c\u0648\u0634 PCS-GmbH\" class=\"alignleft size-full wp-image-3153\" title=\"\" srcset=\"https:\/\/konferenztechnik.de\/wp-content\/uploads\/2013\/09\/sebastian_gegusch_pcs-gmbh.jpg 800w, https:\/\/konferenztechnik.de\/wp-content\/uploads\/2013\/09\/sebastian_gegusch_pcs-gmbh-300x200.jpg 300w, https:\/\/konferenztechnik.de\/wp-content\/uploads\/2013\/09\/sebastian_gegusch_pcs-gmbh-768x512.jpg 768w\" sizes=\"(max-width: 800px) 100vw, 800px\" \/><br \/>\n\u0633\u064a\u0628\u0627\u0633\u062a\u064a\u0627\u0646 \u062c\u064a\u062c\u0648\u0634<br \/>\n\u0625\u062f\u0627\u0631\u0629 \u0627\u0644\u0645\u0634\u0631\u0648\u0639 \u0648\u062c\u062f\u0648\u0644\u062a\u0647<br \/>\n\u0627\u0644\u0647\u0627\u062a\u0641 +49 89 89 248830021<br \/>\n<span class=\"volleansicht\">\u0627\u0644\u0628\u0631\u064a\u062f \u0627\u0644\u0625\u0644\u0643\u062a\u0631\u0648\u0646\u064a <a href=\"mailto:gegusch@konferenztechnik.de\" onclick=\"ga('send', 'event', 'Email-Klick', 'Kontakt Gegusch');\">\u0627\u0643\u062a\u0628<\/a><br \/>\n<\/span><br \/>\n<span class=\"mobileansicht\">\u0627\u0644\u0628\u0631\u064a\u062f \u0627\u0644\u0625\u0644\u0643\u062a\u0631\u0648\u0646\u064a <a href=\"mailto:gegusch@konferenztechnik.de\" onclick=\"ga('send', 'event', 'Email-Klick', 'Kontakt Gegusch');\">\u0627\u0643\u062a\u0628<\/a><br \/>\n<\/span><\/p>\n<\/div>\n<div class=\"box1-4-empty\"><\/div>\n<\/div>","protected":false},"excerpt":{"rendered":"<p>AV-Technik: Mikrofone, Beschallungstechnik, Beamer Mikrofonierung, Beschallungstechnik, Rednerpulte, Telefonhybriden, Presseverteiler, steno-s Protokollierungssoftware, Aufzeichnungsger\u00e4te, Signalgeber, Beamer, Leinw\u00e4nde und vieles mehr&#8230; Unser Audio- und Videoequipment ist f\u00fcr Tagungen und Kongresse jeder Gr\u00f6\u00dfenordnung ausgelegt. [callout add_button=&#8220;no&#8220; button_text=&#8220;Learn More&#8220; button_url=&#8220;#&#8220; button_color=&#8220;#a62055&#8243;] Mieten Sie bei PCS zu tagesaktuellen Preisen aus unserem umfangreichen Vermietpark. Unser kompetentes Team l\u00e4sst Ihnen umgehend ein attraktives [&hellip;]<\/p>","protected":false},"author":1,"featured_media":45482,"parent":3618,"menu_order":157,"comment_status":"closed","ping_status":"open","template":"","meta":{"_acf_changed":false,"footnotes":""},"class_list":["post-1813","page","type-page","status-publish","has-post-thumbnail","hentry"],"acf":[],"_links":{"self":[{"href":"https:\/\/konferenztechnik.de\/ar\/wp-json\/wp\/v2\/pages\/1813","targetHints":{"allow":["GET"]}}],"collection":[{"href":"https:\/\/konferenztechnik.de\/ar\/wp-json\/wp\/v2\/pages"}],"about":[{"href":"https:\/\/konferenztechnik.de\/ar\/wp-json\/wp\/v2\/types\/page"}],"author":[{"embeddable":true,"href":"https:\/\/konferenztechnik.de\/ar\/wp-json\/wp\/v2\/users\/1"}],"replies":[{"embeddable":true,"href":"https:\/\/konferenztechnik.de\/ar\/wp-json\/wp\/v2\/comments?post=1813"}],"version-history":[{"count":0,"href":"https:\/\/konferenztechnik.de\/ar\/wp-json\/wp\/v2\/pages\/1813\/revisions"}],"up":[{"embeddable":true,"href":"https:\/\/konferenztechnik.de\/ar\/wp-json\/wp\/v2\/pages\/3618"}],"wp:featuredmedia":[{"embeddable":true,"href":"https:\/\/konferenztechnik.de\/ar\/wp-json\/wp\/v2\/media\/45482"}],"wp:attachment":[{"href":"https:\/\/konferenztechnik.de\/ar\/wp-json\/wp\/v2\/media?parent=1813"}],"curies":[{"name":"\u062f\u0628\u0644\u064a\u0648 \u0628\u064a","href":"https:\/\/api.w.org\/{rel}","templated":true}]}}