{"id":18772,"date":"2022-01-13T13:17:51","date_gmt":"2022-01-13T12:17:51","guid":{"rendered":"https:\/\/www.konferenztechnik.de\/?page_id=18772"},"modified":"2023-07-05T14:29:08","modified_gmt":"2023-07-05T12:29:08","slug":"%d8%a7%d8%b3%d8%aa%d9%88%d8%af%d9%8a%d9%88%d9%87%d8%a7%d8%aa-%d8%a7%d9%84%d8%aa%d8%b1%d8%ac%d9%85%d8%a9-%d8%a7%d9%84%d9%81%d9%88%d8%b1%d9%8a%d8%a9-%d9%81%d9%8a-%d8%a8%d8%b1%d9%84%d9%8a%d9%86","status":"publish","type":"page","link":"https:\/\/konferenztechnik.de\/ar\/%d8%a7%d8%b3%d8%aa%d9%88%d8%af%d9%8a%d9%88%d9%87%d8%a7%d8%aa-%d8%a7%d9%84%d8%aa%d8%b1%d8%ac%d9%85%d8%a9-%d8%a7%d9%84%d9%81%d9%88%d8%b1%d9%8a%d8%a9-%d9%81%d9%8a-%d8%a8%d8%b1%d9%84%d9%8a%d9%86\/","title":{"rendered":"\u0627\u0633\u062a\u0648\u062f\u064a\u0648\u0647\u0627\u062a \u0627\u0644\u062a\u0631\u062c\u0645\u0629 \u0627\u0644\u0641\u0648\u0631\u064a\u0629 \u0628\u0631\u0644\u064a\u0646"},"content":{"rendered":"<h1 class=\"pcs-color\"><b>\u0627\u0633\u062a\u0648\u062f\u064a\u0648\u0647\u0627\u062a PCS \u0644\u0644\u062a\u0631\u062c\u0645\u0629 \u0627\u0644\u0641\u0648\u0631\u064a\u0629 \u0628\u0631\u0644\u064a\u0646 K\u00f6penicker Stra\u00dfe 154<\/b><\/h1>\n<p><iframe class=\"maps-full\" style=\"border: 0;\" src=\"https:\/\/www.google.com\/maps\/embed?pb=!1m18!1m12!1m3!1d2428.532610250432!2d13.427603016006886!3d52.505699645041084!2m3!1f0!2f0!3f0!3m2!1i1024!2i768!4f13.1!3m3!1m2!1s0x47a84e37d9891a73%3A0xee3a2da62f925ce!2sK%C3%B6penicker%20Str.%20154%2C%2010997%20Berlin!5e0!3m2!1sde!2sde!4v1641994730437!5m2!1sde!2sde\" allowfullscreen=\"allowfullscreen\"><\/iframe><\/p>\n<p>\u064a\u062a\u0645 \u062d\u0627\u0644\u064a\u0627\u064b \u0628\u0646\u0627\u0621 \u0627\u0633\u062a\u0648\u062f\u064a\u0648\u0647\u0627\u062a \u062a\u0631\u062c\u0645\u0629 \u0641\u0648\u0631\u064a\u0629 \u062d\u062f\u064a\u062b\u0629 \u0648\u0645\u0648\u0642\u0639\u0647\u0627 \u0645\u0631\u0643\u0632\u064a \u0648\u0645\u062d\u062a\u0631\u0641\u0629 \u0648\u0645\u0631\u064a\u062d\u0629 \u0641\u064a \u0645\u0648\u0642\u0639\u0646\u0627 \u0627\u0644\u062c\u062f\u064a\u062f. \u0645\u0639 \u0648\u062c\u0648\u062f \u0623\u0643\u062b\u0631 \u0645\u0646 50 \u0645\u062d\u0637\u0629 \u0639\u0645\u0644\u060c \u064a\u0639\u062f \u0647\u0630\u0627 \u0623\u0643\u0628\u0631 \u0645\u0631\u0643\u0632 \u0644\u0644\u062a\u0631\u062c\u0645\u0629 \u0627\u0644\u0641\u0648\u0631\u064a\u0629 \u0641\u064a \u0623\u0644\u0645\u0627\u0646\u064a\u0627: \u0628\u062b \u0645\u062a\u0648\u0627\u0641\u0642 \u0645\u0639 \u0627\u0644\u0644\u0627\u0626\u062d\u0629 \u0627\u0644\u0639\u0627\u0645\u0629 \u0644\u062d\u0645\u0627\u064a\u0629 \u0627\u0644\u0628\u064a\u0627\u0646\u0627\u062a \u0644\u0644\u0645\u0624\u062a\u0645\u0631\u0627\u062a \u0648\u0627\u0644\u0641\u0639\u0627\u0644\u064a\u0627\u062a \u0648\u0627\u0633\u062a\u0648\u062f\u064a\u0648\u0647\u0627\u062a \u0627\u0644\u0628\u062b \u0648\u0627\u0644\u0627\u062c\u062a\u0645\u0627\u0639\u0627\u062a \u0648\u0645\u0624\u062a\u0645\u0631\u0627\u062a \u0627\u0644\u0641\u064a\u062f\u064a\u0648.<\/p>\n<p>\u062e\u062f\u0645\u0627\u062a\u0646\u0627 \u0641\u064a \u0627\u0644\u0645\u0648\u0642\u0639: \u062f\u0639\u0645 \u0641\u0631\u062f\u064a \u0645\u0646 \u0627\u0644\u0641\u0646\u064a\u064a\u0646\u060c \u0648\u062a\u0646\u0633\u064a\u0642 \u0627\u0644\u0641\u0639\u0627\u0644\u064a\u0627\u062a\u060c \u0648\u062a\u0645\u0648\u064a\u0646 \u0627\u0644\u0637\u0639\u0627\u0645\u060c \u0648\u0627\u0633\u062a\u0648\u062f\u064a\u0648 \u0627\u0644\u0634\u0627\u0634\u0629 \u0627\u0644\u062e\u0636\u0631\u0627\u0621\u060c \u0648\u0645\u0633\u0627\u062d\u0627\u062a \u0639\u0645\u0644 \u0645\u0634\u062a\u0631\u0643\u0629\u060c \u0648\u0635\u0627\u0644\u0629.<\/p>\n<p><img decoding=\"async\" class=\"alignleft size-full wp-image-18760\" src=\"https:\/\/konferenztechnik.de\/wp-content\/uploads\/2022\/01\/koep-1.jpg\" alt=\"Dolmetsch Hubs - PCS GmbH K\u00f6penicker Stra\u00dfe 154\" title=\"\"><\/p>\n<div class=\"small-text\">\n<h2 class=\"pcs-color\">\u0627\u0644\u0639\u0646\u0648\u0627\u0646<\/h2>\n<p>\u0634\u0627\u0631\u0639 \u0643\u0648\u0628\u064a\u0646\u064a\u0643\u0631 \u0634\u062a\u0631\u0627\u0633\u0647 154<br \/>\n\u0627\u0644\u0645\u0646\u0632\u0644 J<br \/>\n10997 \u0628\u0631\u0644\u064a\u0646 10997 \u0628\u0631\u0644\u064a\u0646<br \/>\n\u0647\u0627\u062a\u0641. <a href=\"\/ar\/tel&quot;+49306959690\/\"><b>+49 30 6959690 0<\/b><\/a><br \/>\n<span class=\"volleansicht\">\u0627\u0644\u0628\u0631\u064a\u062f \u0627\u0644\u0625\u0644\u0643\u062a\u0631\u0648\u0646\u064a: <a href=\"mailto:berlin@konferenztechnik.de\">berlin@konferenztechnik.de<\/a><\/span><br \/>\n<span class=\"mobileansicht\">\u0627\u0644\u0628\u0631\u064a\u062f \u0627\u0644\u0625\u0644\u0643\u062a\u0631\u0648\u0646\u064a: <a href=\"mailto:berlin@konferenztechnik.de\">\u0627\u0643\u062a\u0628<\/a><\/span><\/p>\n<h2 class=\"pcs-color\">\u0627\u0644\u0646\u0647\u062c<\/h2>\n<p>\u0623\u0641\u0636\u0644 \u0637\u0631\u064a\u0642\u0629 \u0644\u0644\u0648\u0635\u0648\u0644 \u0625\u0644\u064a\u0646\u0627 \u0647\u064a \u0645\u0646 \u0645\u062d\u0637\u0627\u062a \u0623\u0648\u0633\u062a\u0628\u0627\u0646\u0647\u0648\u0641 (S-Bahnhof (S-Bahn\u060c \u0627\u0644\u0633\u0643\u0643 \u0627\u0644\u062d\u062f\u064a\u062f\u064a\u0629 \u0627\u0644\u0625\u0642\u0644\u064a\u0645\u064a\u0629) \u0623\u0648 U Heinrich-Heine-Stra\u00dfe (U-Bahn) \u0623\u0648 Bethaniendamm (\u062d\u0627\u0641\u0644\u0629).<\/p>\n<p><b>\u0645\u0646 \u0623\u0648\u0633\u062a\u0628\u0627\u0646\u0647\u0648\u0641<\/b><\/p>\n<ul>\n<li>\u064a\u0642\u0639 \u0639\u0644\u0649 \u0628\u0639\u062f 900 \u0645\u062a\u0631 \u0633\u064a\u0631\u0627\u064b \u0639\u0644\u0649 \u0627\u0644\u0623\u0642\u062f\u0627\u0645\u060c \u0623\u064a \u062d\u0648\u0627\u0644\u064a 10 \u062f\u0642\u0627\u0626\u0642.<\/li>\n<li>\u0627\u0633\u062a\u0642\u0644 \u0627\u0644\u062d\u0627\u0641\u0644\u0629 140 \u0641\u064a \u0627\u062a\u062c\u0627\u0647 \u064a\u0648 \u0645\u0647\u0631\u064a\u0646\u062c\u062f\u0627\u0645 \u0645\u062d\u0637\u0629 \u0648\u0627\u062d\u062f\u0629 \u0625\u0644\u0649 \u0628\u064a\u062b\u0627\u0646\u064a\u0646\u062f\u0627\u0645.<\/li>\n<li>\u0627\u0633\u062a\u0642\u0644 \u0627\u0644\u062d\u0627\u0641\u0644\u0629 147 \u0641\u064a \u0627\u062a\u062c\u0627\u0647 \u064a\u0648 \u0644\u064a\u0648\u0628\u0648\u0644\u062f \u0628\u0644\u0627\u062a\u0632 \u0645\u062d\u0637\u0629 \u0648\u0627\u062d\u062f\u0629 \u0625\u0644\u0649 \u0628\u064a\u062b\u0627\u0646\u064a\u0627\u0646\u062f\u0627\u0645.<\/li>\n<li>\u0648\u0628\u062f\u0644\u0627\u064b \u0645\u0646 \u0630\u0644\u0643\u060c \u064a\u0645\u0643\u0646\u0643 \u0627\u0633\u062a\u062e\u062f\u0627\u0645 \u0633\u064a\u0627\u0631\u0627\u062a \u0627\u0644\u0623\u062c\u0631\u0629\u060c \u0623\u0648 \u0623\u0648\u0628\u0631\u060c \u0623\u0648 \u0641\u0631\u064a\u0646\u0648 \u0623\u0648 \u0627\u0644\u062f\u0631\u0627\u062c\u0627\u062a \u0627\u0644\u0628\u062e\u0627\u0631\u064a\u0629 \u0627\u0644\u0625\u0644\u0643\u062a\u0631\u0648\u0646\u064a\u0629 \u0623\u0648 \u0645\u0634\u0627\u0631\u0643\u0629 \u0627\u0644\u062f\u0631\u0627\u062c\u0627\u062a.<\/li>\n<\/ul>\n<p><b>\u0645\u0646 \u0645\u062d\u0637\u0629 \u0645\u062a\u0631\u0648 \u0623\u0646\u0641\u0627\u0642 \u0647\u0627\u064a\u0646\u0631\u064a\u0634 \u0647\u0627\u064a\u0646\u0647 \u0634\u062a\u0631\u0627\u0633\u0647 (U8)<\/b><\/p>\n<ul>\n<li>\u0625\u0646\u0647\u0627 \u0645\u0633\u0627\u0641\u0629 1000 \u0645\u062a\u0631 \u0633\u064a\u0631\u0627\u064b \u0639\u0644\u0649 \u0627\u0644\u0623\u0642\u062f\u0627\u0645\u060c \u062d\u0648\u0627\u0644\u064a 12 \u062f\u0642\u064a\u0642\u0629.<\/li>\n<li>\u0627\u0631\u0643\u0628 \u0627\u0644\u062d\u0627\u0641\u0644\u0629 265 \u0641\u064a \u0627\u062a\u062c\u0627\u0647 \u0634\u0627\u0631\u0639 \u0625\u0633 \u0634\u0648\u0646\u064a\u0648\u064a\u062f\u0647 \u062b\u0644\u0627\u062b \u0645\u062d\u0637\u0627\u062a \u0625\u0644\u0649 \u0628\u064a\u062b\u0627\u0646\u064a\u0627\u0646\u062f\u0627\u0645.<\/li>\n<li>\u0627\u0633\u062a\u0642\u0644 \u0627\u0644\u062d\u0627\u0641\u0644\u0629 \u0631\u0642\u0645 147 \u0641\u064a \u0627\u062a\u062c\u0627\u0647 S Ostbahnhof \u0648\u062a\u0648\u0642\u0641 \u062b\u0644\u0627\u062b \u0645\u062d\u0637\u0627\u062a \u0625\u0644\u0649 \u0628\u064a\u062b\u0627\u0646\u064a\u0627\u0646\u062f\u0627\u0645.<\/li>\n<li>\u0648\u0628\u062f\u0644\u0627\u064b \u0645\u0646 \u0630\u0644\u0643\u060c \u064a\u0645\u0643\u0646\u0643 \u0627\u0633\u062a\u062e\u062f\u0627\u0645 \u0633\u064a\u0627\u0631\u0627\u062a \u0627\u0644\u0623\u062c\u0631\u0629\u060c \u0623\u0648 \u0623\u0648\u0628\u0631\u060c \u0623\u0648 \u0641\u0631\u064a\u0646\u0648 \u0623\u0648 \u0627\u0644\u062f\u0631\u0627\u062c\u0627\u062a \u0627\u0644\u0628\u062e\u0627\u0631\u064a\u0629 \u0627\u0644\u0625\u0644\u0643\u062a\u0631\u0648\u0646\u064a\u0629 \u0623\u0648 \u0645\u0634\u0627\u0631\u0643\u0629 \u0627\u0644\u062f\u0631\u0627\u062c\u0627\u062a.<\/li>\n<\/ul>\n<p>\u062a\u062a\u0648\u0641\u0631 \u0633\u062a\u0629 \u0623\u0645\u0627\u0643\u0646 \u0645\u062c\u0627\u0646\u064a\u0629 \u0644\u0631\u0643\u0646 \u0627\u0644\u0633\u064a\u0627\u0631\u0627\u062a \u0641\u064a \u0641\u0646\u0627\u0621 \u0627\u0644\u0641\u0646\u062f\u0642. \u0625\u0630\u0627 \u0643\u0627\u0646\u062a \u0647\u0630\u0647 \u0627\u0644\u0623\u0645\u0627\u0643\u0646 \u0645\u0645\u062a\u0644\u0626\u0629\u060c \u064a\u0645\u0643\u0646\u0643 \u0625\u064a\u0642\u0627\u0641 \u0633\u064a\u0627\u0631\u062a\u0643 \u0645\u062c\u0627\u0646\u0627\u064b \u0641\u064a \u0627\u0644\u0623\u0645\u0627\u0643\u0646 \u0627\u0644\u0639\u0627\u0645\u0629 \u0641\u064a \u0627\u0644\u0645\u0646\u0637\u0642\u0629 \u0627\u0644\u0645\u062d\u064a\u0637\u0629.<\/p>\n<p>\u062a\u062a\u0648\u0641\u0631 \u0623\u0642\u0648\u0627\u0633 \u0642\u0641\u0644 \u0644\u0644\u062f\u0631\u0627\u062c\u0627\u062a \u0641\u064a \u0627\u0644\u0641\u0646\u0627\u0621 \u0627\u0644\u062f\u0627\u062e\u0644\u064a \u0627\u0644\u0646\u0627\u0628\u0636 \u0628\u0627\u0644\u062d\u064a\u0627\u0629.<\/p>\n<ul>\n<li>\u0627\u0633\u062a\u0642\u0644 \u0627\u0644\u0642\u0637\u0627\u0631 \u0627\u0644\u0633\u0631\u064a\u0639 \u0627\u0644\u0625\u0642\u0644\u064a\u0645\u064a RE7 \u0645\u0628\u0627\u0634\u0631\u0629\u064b \u0645\u0646 \u0645\u0628\u0646\u0649 \u0627\u0644\u0631\u0643\u0627\u0628 1-2 \u0625\u0644\u0649 \u0623\u0648\u0633\u062a\u0628\u0627\u0646\u0647\u0648\u0641. \u0645\u0646 \u0623\u0648\u0633\u062a\u0628\u0627\u0646\u0647\u0648\u0641 \u064a\u0645\u0643\u0646\u0643 \u0628\u0639\u062f \u0630\u0644\u0643 \u0627\u0644\u0648\u0635\u0648\u0644 \u0625\u0644\u064a\u0646\u0627 \u0643\u0645\u0627 \u0647\u0648 \u0645\u0648\u0636\u062d \u0623\u0639\u0644\u0627\u0647.<\/li>\n<li>\u0627\u0633\u062a\u0642\u0644 \u0642\u0637\u0627\u0631 \u0627\u0644\u0645\u0637\u0627\u0631 \u0627\u0644\u0633\u0631\u064a\u0639 FEX \u0645\u0628\u0627\u0634\u0631\u0629\u064b \u0645\u0646 \u0645\u0628\u0646\u0649 \u0627\u0644\u0631\u0643\u0627\u0628 1-2 \u0625\u0644\u0649 \u0623\u0648\u0633\u062a\u0643\u0631\u0648\u0632 \u062b\u0645 \u0627\u0633\u062a\u0642\u0644 \u0642\u0637\u0627\u0631 S-Bahn (S 41\u060c S 3\u060c S 5\u060c S 7\u060c RE1) \u0645\u062d\u0637\u0629 \u0648\u0627\u062d\u062f\u0629 \u0625\u0644\u0649 \u0623\u0648\u0633\u062a\u0628\u0627\u0646\u0647\u0648\u0641. \u0645\u0646 \u0623\u0648\u0633\u062a\u0628\u0627\u0646\u0647\u0648\u0641 \u064a\u0645\u0643\u0646\u0643 \u0628\u0639\u062f \u0630\u0644\u0643 \u0627\u0644\u0648\u0635\u0648\u0644 \u0625\u0644\u064a\u0646\u0627 \u0643\u0645\u0627 \u0647\u0648 \u0645\u0648\u0636\u062d \u0623\u0639\u0644\u0627\u0647.<\/li>\n<\/ul>\n<\/div>","protected":false},"excerpt":{"rendered":"<p>PCS Dolmetschstudios Berlin K\u00f6penicker Stra\u00dfe 154 An unserem neuen Standort entstehen aktuell moderne Dolmetschstudios, zentral gelegen, professionell und komfortabel. Mit \u00fcber 50 Arbeitspl\u00e4tzen ist dies der gr\u00f6\u00dfte Dolmetsch-Hub f\u00fcr Simultandolmetschen in Deutschland: DSGVO-konformes Streaming zu Konferenzen, Events, Broadcaststudios, Tagungen und Videokonferenzen. Unser Service vor Ort: Individuelle Betreuung durch Techniker:innen, Eventkoordination, Catering, Greenscreenstudio, Coworking-Spaces, Lounge. Adresse [&hellip;]<\/p>","protected":false},"author":1,"featured_media":45482,"parent":0,"menu_order":0,"comment_status":"closed","ping_status":"closed","template":"","meta":{"_acf_changed":false,"footnotes":""},"class_list":["post-18772","page","type-page","status-publish","has-post-thumbnail","hentry"],"acf":[],"_links":{"self":[{"href":"https:\/\/konferenztechnik.de\/ar\/wp-json\/wp\/v2\/pages\/18772","targetHints":{"allow":["GET"]}}],"collection":[{"href":"https:\/\/konferenztechnik.de\/ar\/wp-json\/wp\/v2\/pages"}],"about":[{"href":"https:\/\/konferenztechnik.de\/ar\/wp-json\/wp\/v2\/types\/page"}],"author":[{"embeddable":true,"href":"https:\/\/konferenztechnik.de\/ar\/wp-json\/wp\/v2\/users\/1"}],"replies":[{"embeddable":true,"href":"https:\/\/konferenztechnik.de\/ar\/wp-json\/wp\/v2\/comments?post=18772"}],"version-history":[{"count":0,"href":"https:\/\/konferenztechnik.de\/ar\/wp-json\/wp\/v2\/pages\/18772\/revisions"}],"wp:featuredmedia":[{"embeddable":true,"href":"https:\/\/konferenztechnik.de\/ar\/wp-json\/wp\/v2\/media\/45482"}],"wp:attachment":[{"href":"https:\/\/konferenztechnik.de\/ar\/wp-json\/wp\/v2\/media?parent=18772"}],"curies":[{"name":"\u062f\u0628\u0644\u064a\u0648 \u0628\u064a","href":"https:\/\/api.w.org\/{rel}","templated":true}]}}