{"id":18928,"date":"2022-03-30T14:02:02","date_gmt":"2022-03-30T13:02:02","guid":{"rendered":"https:\/\/www.konferenztechnik.de\/?page_id=18928"},"modified":"2023-08-28T15:44:31","modified_gmt":"2023-08-28T13:44:31","slug":"%d8%a7%d9%84%d8%aa%d9%86%d8%b3%d9%8a%d9%82-%d8%a7%d9%84%d9%81%d9%86%d9%8a-%d9%88%d8%a7%d9%84%d8%af%d8%b9%d9%85-%d8%a7%d9%84%d9%81%d9%86%d9%8a-%d9%84%d8%a7%d8%b3%d8%aa%d9%88%d8%af%d9%8a%d9%88%d9%87","status":"publish","type":"page","link":"https:\/\/konferenztechnik.de\/ar\/%d8%a7%d9%84%d8%ad%d9%8a%d8%a7%d8%a9-%d8%a7%d9%84%d9%85%d9%87%d9%86%d9%8a%d8%a9\/%d8%a7%d9%84%d8%aa%d9%86%d8%b3%d9%8a%d9%82-%d8%a7%d9%84%d9%81%d9%86%d9%8a-%d9%88%d8%a7%d9%84%d8%af%d8%b9%d9%85-%d8%a7%d9%84%d9%81%d9%86%d9%8a-%d9%84%d8%a7%d8%b3%d8%aa%d9%88%d8%af%d9%8a%d9%88%d9%87\/","title":{"rendered":"\u0627\u0644\u062a\u0646\u0633\u064a\u0642 \u0648\u0627\u0644\u062f\u0639\u0645 \u0627\u0644\u0641\u0646\u064a \u0644\u0627\u0633\u062a\u0648\u062f\u064a\u0648\u0647\u0627\u062a \u0627\u0644\u062a\u0631\u062c\u0645\u0629 \u0627\u0644\u0641\u0648\u0631\u064a\u0629 (\u062f\/\u0648\/\u0645)"},"content":{"rendered":"<h1><b>\u0627\u0644\u062a\u0646\u0633\u064a\u0642 \u0648\u0627\u0644\u062f\u0639\u0645 \u0627\u0644\u0641\u0646\u064a \u0644\u0627\u0633\u062a\u0648\u062f\u064a\u0648\u0647\u0627\u062a \u0627\u0644\u062a\u0631\u062c\u0645\u0629 \u0627\u0644\u0641\u0648\u0631\u064a\u0629 (\u062f\/\u0648\/\u0645)<\/b><\/h1>\n<p>[\u0645\u0644\u0627\u062d\u0638\u0629 \u0627\u0644\u0644\u0648\u0646=\"#FFCCCC00\u2033]<br \/>\n[spacer size=\"20\"]<br \/>\n\u062a\u0645 \u0634\u063a\u0644 \u0627\u0644\u0645\u0646\u0635\u0628 \u0627\u0644\u0622\u0646. \u0634\u0643\u0631\u064b\u0627 \u0644\u0643\u0645 \u0639\u0644\u0649 \u0637\u0644\u0628\u0627\u062a\u0643\u0645!<br \/>\n[spacer size=\"20\"]<br \/>\n[\/\u0645\u0644\u0627\u062d\u0638\u0629]<br \/>\n[\u0645\u0642\u0627\u0633 \u0627\u0644\u0639\u0645\u0648\u062f=\"3-4\u2033 \u0622\u062e\u0631=\"0\u2033]<\/p>\n<h2><b>\u0627\u0644\u0648\u0635\u0641 \u0627\u0644\u0648\u0638\u064a\u0641\u064a<\/b><\/h2>\n<p>\u0623\u0646\u062a \u0645\u0633\u0624\u0648\u0644 \u0627\u0644\u0627\u062a\u0635\u0627\u0644 (\u0627\u0644\u062a\u0642\u0646\u064a) \u0627\u0644\u0645\u0631\u0643\u0632\u064a \u0644\u0627\u0633\u062a\u0648\u062f\u064a\u0648\u0647\u0627\u062a\u0646\u0627 \u0641\u064a \u0628\u0631\u0644\u064a\u0646 \u0627\u0644\u062a\u064a \u062a\u0636\u0645 \u0623\u0643\u062b\u0631 \u0645\u0646 50 \u0645\u062d\u0637\u0629 \u0639\u0645\u0644 \u0644\u0644\u0645\u062a\u0631\u062c\u0645\u064a\u0646 \u0627\u0644\u0641\u0648\u0631\u064a\u064a\u0646. \u0633\u062a\u0643\u0648\u0646 \u0645\u0633\u0624\u0648\u0644\u0627\u064b \u0639\u0646 \u0627\u0644\u0625\u0639\u062f\u0627\u062f \u0627\u0644\u0641\u0646\u064a \u0644\u0644\u0641\u0639\u0627\u0644\u064a\u0627\u062a \u0641\u064a \u0627\u0633\u062a\u0648\u062f\u064a\u0648\u0647\u0627\u062a\u0646\u0627 \u0648\u062a\u0646\u0633\u064a\u0642\u0647\u0627 \u0648\u0627\u0644\u0625\u0634\u0631\u0627\u0641 \u0639\u0644\u064a\u0647\u0627\u060c \u0648\u0633\u062a\u062a\u0648\u0644\u0649 \u0627\u0644\u0645\u062a\u0627\u0628\u0639\u0629 \u0648\u0623\u064a \u0623\u0639\u0645\u0627\u0644 \u062a\u062d\u0648\u064a\u0644 \u0648\u062a\u0641\u0643\u064a\u0643 \u0636\u0631\u0648\u0631\u064a\u0629. \u0648\u0627\u0639\u062a\u0645\u0627\u062f\u0627\u064b \u0639\u0644\u0649 \u062d\u062c\u0645 \u0627\u0644\u0641\u0639\u0627\u0644\u064a\u0629\u060c \u0633\u062a\u0639\u0645\u0644 \u0643\u062c\u0632\u0621 \u0645\u0646 \u0641\u0631\u064a\u0642 \u0645\u0639 \u0627\u0644\u0641\u0646\u064a\u064a\u0646 \u0644\u062f\u064a\u0646\u0627.<\/p>\n<p>[\/\u0627\u0644\u0639\u0645\u0648\u062f]<br \/>\n[\u062d\u062c\u0645 \u0627\u0644\u0639\u0645\u0648\u062f=\"1-3\u2033 \u0622\u062e\u0631=\"1\u2033]<\/p>\n<div class=\"box1-4\">\n<img fetchpriority=\"high\" decoding=\"async\" width=\"800\" height=\"533\" src=\"https:\/\/konferenztechnik.de\/wp-content\/uploads\/2013\/09\/gunnar_hermenau_pcs-gmbh.jpg\" alt=\"gunnar_Hermenau_pcs_gmbh\" class=\"alignleft size-full wp-image-2301\" title=\"\" srcset=\"https:\/\/konferenztechnik.de\/wp-content\/uploads\/2013\/09\/gunnar_hermenau_pcs-gmbh.jpg 800w, https:\/\/konferenztechnik.de\/wp-content\/uploads\/2013\/09\/gunnar_hermenau_pcs-gmbh-300x200.jpg 300w, https:\/\/konferenztechnik.de\/wp-content\/uploads\/2013\/09\/gunnar_hermenau_pcs-gmbh-768x512.jpg 768w\" sizes=\"(max-width: 800px) 100vw, 800px\" \/><br \/>\n\u064a\u0631\u062c\u0649 \u0625\u0631\u0633\u0627\u0644 \u0627\u0644\u0637\u0644\u0628\u0627\u062a \u0625\u0644\u0649<br \/>\n\u063a\u0648\u0646\u0627\u0631 \u0647\u064a\u0631\u0645\u064a\u0646\u0627\u0648<br \/>\n\u0647\u0627\u062a\u0641. <a href=\"tel:+49\" 30 6959690 14\">+49 30 6959690 14<\/a><br \/>\n<span class=\"volleansicht\">\u0627\u0644\u0628\u0631\u064a\u062f \u0627\u0644\u0625\u0644\u0643\u062a\u0631\u0648\u0646\u064a <a href=\"mailto:hermenau@konferenztechnik.de\" onclick=\"ga('send', 'event', 'Email-Klick', 'Kontakt Hermenau');\">\u0627\u0643\u062a\u0628<\/a><br \/>\n<\/span><br \/>\n<span class=\"mobileansicht\">\u0627\u0644\u0628\u0631\u064a\u062f \u0627\u0644\u0625\u0644\u0643\u062a\u0631\u0648\u0646\u064a <a href=\"mailto:hermenau@konferenztechnik.de\" onclick=\"ga('send', 'event', 'Email-Klick', 'Kontakt Hermenau');\">\u0627\u0643\u062a\u0628<\/a><br \/>\n<\/span><\/div>\n<p>[\/\u0627\u0644\u0639\u0645\u0648\u062f]<\/p>\n<h2><b>\u0645\u0647\u0627\u0645\u0643<\/b><\/h2>\n<ul>\n<li>\u0625\u0639\u062f\u0627\u062f \u0648\u062a\u0634\u063a\u064a\u0644 \u0648\u062f\u0639\u0645 \u062c\u0645\u064a\u0639 \u0627\u0644\u0645\u0639\u062f\u0627\u062a \u0627\u0644\u062a\u0642\u0646\u064a\u0629 \u0641\u064a \u0627\u0633\u062a\u0648\u062f\u064a\u0648\u0647\u0627\u062a\u0646\u0627 (\u0627\u0644\u062a\u0631\u0643\u064a\u0632 \u0639\u0644\u0649 \u0627\u0644\u0635\u0648\u062a \u0648\u0627\u0644\u0625\u0636\u0627\u0621\u0629 \u0648\u0627\u0644\u0635\u0648\u0631\u0629 \u0648\u062a\u0643\u0646\u0648\u0644\u0648\u062c\u064a\u0627 \u0627\u0644\u0645\u0639\u0644\u0648\u0645\u0627\u062a \u0627\u0644\u062e\u0627\u0635\u0629 \u0628\u0627\u0644\u0641\u0639\u0627\u0644\u064a\u0627\u062a \u0648\u062a\u0643\u0646\u0648\u0644\u0648\u062c\u064a\u0627 \u0627\u0644\u062a\u0631\u062c\u0645\u0629 \u0627\u0644\u0641\u0648\u0631\u064a\u0629)<\/li>\n<li>\u0627\u0644\u062a\u062d\u0636\u064a\u0631 \u0644\u0644\u0641\u0639\u0627\u0644\u064a\u0627\u062a \u0648\u0645\u062a\u0627\u0628\u0639\u062a\u0647\u0627 \u0641\u064a \u0627\u0633\u062a\u0648\u062f\u064a\u0648\u0647\u0627\u062a\u0646\u0627<\/li>\n<li>\u0635\u064a\u0627\u0646\u0629 \u0648\u062e\u062f\u0645\u0629 \u062a\u0643\u0646\u0648\u0644\u0648\u062c\u064a\u0627 \u0627\u0644\u0627\u0633\u062a\u0648\u062f\u064a\u0648 \u0627\u0644\u062e\u0627\u0635 \u0628\u0646\u0627<\/li>\n<li>\u0627\u0644\u062f\u0639\u0645 \u0627\u0644\u0641\u0646\u064a \u0642\u0628\u0644 \u0627\u0644\u0641\u0639\u0627\u0644\u064a\u0627\u062a \u0648\u0623\u062b\u0646\u0627\u0621\u0647\u0627 \u0648\u0628\u0639\u062f\u0647\u0627<\/li>\n<li>\u062a\u0646\u0633\u064a\u0642 \u0627\u0644\u0623\u062d\u062f\u0627\u062b \u0648\u0627\u0644\u0641\u0639\u0627\u0644\u064a\u0627\u062a \u0627\u0644\u0631\u0642\u0645\u064a\u0629 \u0648\u0627\u0644\u0641\u0639\u0627\u0644\u064a\u0627\u062a \u0627\u0644\u0645\u062e\u062a\u0644\u0637\u0629<\/li>\n<li>\u0625\u0639\u062f\u0627\u062f \u062a\u0643\u0646\u0648\u0644\u0648\u062c\u064a\u0627 \u0627\u0644\u0641\u0639\u0627\u0644\u064a\u0627\u062a \u0648\u062a\u0631\u0643\u064a\u0628\u0647\u0627 \u0648\u062a\u0634\u063a\u064a\u0644\u0647\u0627 \u0641\u064a \u0627\u0644\u0641\u0639\u0627\u0644\u064a\u0627\u062a \u0641\u064a \u0627\u0644\u0645\u0648\u0642\u0639<\/li>\n<\/ul>\n<p>[spacer size=\"20\"]<\/p>\n<h2><b>\u0645\u0644\u0641\u0643 \u0627\u0644\u0634\u062e\u0635\u064a<\/b><\/h2>\n<ul>\n<li>\u0625\u0643\u0645\u0627\u0644 \u0627\u0644\u062a\u062f\u0631\u064a\u0628 \u0628\u0646\u062c\u0627\u062d \u0643\u0645\u062a\u062e\u0635\u0635 \u0641\u064a \u062a\u0643\u0646\u0648\u0644\u0648\u062c\u064a\u0627 \u0627\u0644\u0641\u0639\u0627\u0644\u064a\u0627\u062a \u0641\u064a \u0645\u062c\u0627\u0644\u0627\u062a \u0647\u0646\u062f\u0633\u0629 \u0627\u0644\u0635\u0648\u062a \u0623\u0648 \u0647\u0646\u062f\u0633\u0629 \u0627\u0644\u0641\u0639\u0627\u0644\u064a\u0627\u062a \u0623\u0648 \u0645\u0627 \u0634\u0627\u0628\u0647 \u0630\u0644\u0643 \u0645\u0646 \u062a\u062f\u0631\u064a\u0628\/\u062f\u0631\u0627\u0633\u0627\u062a \u0623\u0648 \u0639\u062f\u0629 \u0633\u0646\u0648\u0627\u062a \u0645\u0646 \u0627\u0644\u062e\u0628\u0631\u0629 \u0627\u0644\u0645\u0647\u0646\u064a\u0629 \u0630\u0627\u062a \u0627\u0644\u0635\u0644\u0629<\/li>\n<li>\u0645\u0639\u0631\u0641\u0629 \u062c\u064a\u062f\u0629 \u062c\u062f\u0627\u064b \u0628\u062a\u0643\u0646\u0648\u0644\u0648\u062c\u064a\u0627 \u0627\u0644\u0635\u0648\u062a \u0648\u0627\u0644\u0641\u064a\u062f\u064a\u0648 \u0648\u0627\u0644\u062a\u0631\u062c\u0645\u0629 \u0627\u0644\u0641\u0648\u0631\u064a\u0629 \u0628\u0627\u0644\u0625\u0636\u0627\u0641\u0629 \u0625\u0644\u0649 \u062a\u0643\u0646\u0648\u0644\u0648\u062c\u064a\u0627 \u0627\u0644\u0645\u0639\u0644\u0648\u0645\u0627\u062a \u0627\u0644\u062e\u0627\u0635\u0629 \u0628\u0627\u0644\u0641\u0639\u0627\u0644\u064a\u0627\u062a<\/li>\n<li>\u0645\u0647\u0627\u0631\u0627\u062a \u0643\u0645\u0628\u064a\u0648\u062a\u0631 \u062c\u064a\u062f\u0629 \u062c\u062f\u064b\u0627 (\u0643\u0645\u0628\u064a\u0648\u062a\u0631 \u0634\u062e\u0635\u064a\/\u0645\u0627\u0643\/\u0623\u0646\u0638\u0645\u0629 \u062a\u0634\u063a\u064a\u0644)<\/li>\n<li>\u0645\u0639\u0631\u0641\u0629 \u062c\u064a\u062f\u0629 \u0628\u0645\u0627\u062f\u0629 MS Office \u0623\u0648 MS Teams \u0623\u0648 Zoom \u0623\u0648 \u063a\u064a\u0631\u0647\u0627 \u0645\u0646 \u0623\u0646\u0638\u0645\u0629 \u0645\u0624\u062a\u0645\u0631\u0627\u062a \u0627\u0644\u0641\u064a\u062f\u064a\u0648 \u0623\u0648 \u0645\u0646\u0635\u0627\u062a \u0627\u0644\u0641\u0639\u0627\u0644\u064a\u0627\u062a<\/li>\n<li>\u0645\u0647\u0627\u0631\u0627\u062a \u062a\u0648\u0627\u0635\u0644 \u062c\u064a\u062f\u0629 \u062c\u062f\u0627\u064b \u0641\u064a \u0627\u0644\u0644\u063a\u0629 \u0627\u0644\u0623\u0644\u0645\u0627\u0646\u064a\u0629 \u0648\u062c\u064a\u062f\u0629 \u0641\u064a \u0627\u0644\u0644\u063a\u0629 \u0627\u0644\u0625\u0646\u062c\u0644\u064a\u0632\u064a\u0629<\/li>\n<li>\u0623\u0646 \u062a\u0633\u062a\u0645\u062a\u0639 \u0628\u0627\u0644\u0639\u0645\u0644 \u0636\u0645\u0646 \u0641\u0631\u064a\u0642 \u0648\u0644\u062f\u064a\u0643 \u0645\u0633\u062a\u0648\u0649 \u0639\u0627\u0644\u064d \u0645\u0646 \u0645\u0647\u0627\u0631\u0627\u062a \u0627\u0644\u062a\u0646\u0638\u064a\u0645 \u0648\u0627\u0644\u062a\u0648\u0627\u0635\u0644<\/li>\n<li>\u0623\u0646\u062a \u0645\u0648\u062b\u0648\u0642 \u0628\u0647 \u0648\u062a\u062d\u0627\u0641\u0638 \u0639\u0644\u0649 \u0646\u0638\u0631\u0629 \u0639\u0627\u0645\u0629 \u062d\u062a\u0649 \u0641\u064a \u0627\u0644\u0645\u0648\u0627\u0642\u0641 \u0627\u0644\u0639\u0635\u064a\u0628\u0629<\/li>\n<\/ul>\n<p>[spacer size=\"20\"]<\/p>\n<h2><b>\u0646\u062d\u0646 \u0646\u0642\u062f\u0645<\/b><\/h2>\n<ul>\n<li>\u0648\u0638\u064a\u0641\u0629 \u062f\u0627\u0626\u0645\u0629 \u0628\u0623\u062c\u0631 \u0639\u0627\u062f\u0644<\/li>\n<li>\u0641\u0631\u064a\u0642 \u0639\u0645\u0644 \u0631\u0627\u0626\u0639 \u0648\u0645\u062a\u062d\u0645\u0633<\/li>\n<li>\u0627\u0644\u062a\u0633\u0644\u0633\u0644\u0627\u062a \u0627\u0644\u0647\u0631\u0645\u064a\u0629 \u0627\u0644\u0645\u0633\u0637\u062d\u0629 \u0648\u0639\u0645\u0644\u064a\u0627\u062a \u0635\u0646\u0639 \u0627\u0644\u0642\u0631\u0627\u0631 \u0627\u0644\u0642\u0635\u064a\u0631\u0629<\/li>\n<li>\u0645\u0643\u0627\u0646 \u0639\u0645\u0644 \u0639\u0635\u0631\u064a \u0630\u0648 \u0645\u0648\u0642\u0639 \u0645\u0631\u0643\u0632\u064a \u0648\u062d\u062f\u064a\u062b<\/li>\n<li>\u0633\u0627\u0639\u0627\u062a \u0639\u0645\u0644 \u0645\u0631\u0646\u0629<\/li>\n<li>\u0646\u0638\u0627\u0645 \u062a\u0642\u0627\u0639\u062f \u0627\u0644\u0634\u0631\u0643\u0629 \u0648\u0627\u0644\u062a\u0623\u0645\u064a\u0646 \u0627\u0644\u062a\u0643\u0645\u064a\u0644\u064a \u0644\u0637\u0628 \u0627\u0644\u0623\u0633\u0646\u0627\u0646<\/li>\n<li>\u062f\u0631\u0627\u062c\u0629 \u0627\u0644\u0639\u0645\u0644<\/li>\n<\/ul>","protected":false},"excerpt":{"rendered":"<p>Technische Koordination und Betreuung Dolmetschstudios (d\/w\/m) [note color=&#8220;#FFCC00&#8243;] [spacer size=&#8220;20&#8243;] Die Stelle ist mittlerweile besetzt. Vielen Dank f\u00fcr Ihre Bewerbungen! [spacer size=&#8220;20&#8243;] [\/note] [column size=&#8220;3-4&#8243; last=&#8220;0&#8243;] Stellenbeschreibung Du bist zentrale (technische) Ansprechperson f\u00fcr unsere Berliner Studios mit \u00fcber 50 Arbeitspl\u00e4tzen f\u00fcr Simultandolmetscher:innen. Du \u00fcbernimmst die technische Einrichtung, die Koordination und Betreuung von Events in unseren [&hellip;]<\/p>","protected":false},"author":1,"featured_media":45482,"parent":5827,"menu_order":0,"comment_status":"closed","ping_status":"closed","template":"","meta":{"_acf_changed":false,"footnotes":""},"class_list":["post-18928","page","type-page","status-publish","has-post-thumbnail","hentry"],"acf":[],"_links":{"self":[{"href":"https:\/\/konferenztechnik.de\/ar\/wp-json\/wp\/v2\/pages\/18928","targetHints":{"allow":["GET"]}}],"collection":[{"href":"https:\/\/konferenztechnik.de\/ar\/wp-json\/wp\/v2\/pages"}],"about":[{"href":"https:\/\/konferenztechnik.de\/ar\/wp-json\/wp\/v2\/types\/page"}],"author":[{"embeddable":true,"href":"https:\/\/konferenztechnik.de\/ar\/wp-json\/wp\/v2\/users\/1"}],"replies":[{"embeddable":true,"href":"https:\/\/konferenztechnik.de\/ar\/wp-json\/wp\/v2\/comments?post=18928"}],"version-history":[{"count":0,"href":"https:\/\/konferenztechnik.de\/ar\/wp-json\/wp\/v2\/pages\/18928\/revisions"}],"up":[{"embeddable":true,"href":"https:\/\/konferenztechnik.de\/ar\/wp-json\/wp\/v2\/pages\/5827"}],"wp:featuredmedia":[{"embeddable":true,"href":"https:\/\/konferenztechnik.de\/ar\/wp-json\/wp\/v2\/media\/45482"}],"wp:attachment":[{"href":"https:\/\/konferenztechnik.de\/ar\/wp-json\/wp\/v2\/media?parent=18928"}],"curies":[{"name":"\u062f\u0628\u0644\u064a\u0648 \u0628\u064a","href":"https:\/\/api.w.org\/{rel}","templated":true}]}}