{"id":1899,"date":"2013-09-06T11:43:05","date_gmt":"2013-09-06T09:43:05","guid":{"rendered":"https:\/\/konferenztechnik.de\/?page_id=1899"},"modified":"2013-09-06T11:43:05","modified_gmt":"2013-09-06T09:43:05","slug":"%d8%a3%d9%86%d8%b8%d9%85%d8%a9-%d8%a7%d9%84%d8%aa%d9%88%d8%ac%d9%8a%d9%87-sennheiser","status":"publish","type":"page","link":"https:\/\/konferenztechnik.de\/ar\/%d8%aa%d9%88%d8%b2%d9%8a%d8%b9-%d8%aa%d9%83%d9%86%d9%88%d9%84%d9%88%d8%ac%d9%8a%d8%a7-%d8%a7%d9%84%d9%85%d8%a4%d8%aa%d9%85%d8%b1%d8%a7%d8%aa-%d9%88%d9%88%d8%b3%d8%a7%d8%a6%d8%b7-%d8%a7%d9%84%d8%a5\/%d8%a3%d9%86%d8%b8%d9%85%d8%a9-%d8%a7%d9%84%d8%aa%d9%88%d8%ac%d9%8a%d9%87-sennheiser\/","title":{"rendered":"\u0623\u0646\u0638\u0645\u0629 \u0627\u0644\u062a\u0648\u062c\u064a\u0647 Sennheiser"},"content":{"rendered":"<h1>\u0623\u0646\u0638\u0645\u0629 \u0627\u0644\u0625\u0631\u0634\u0627\u062f \u0648\u0623\u0646\u0638\u0645\u0629 \u0627\u0644\u0625\u0631\u0634\u0627\u062f \u0627\u0644\u0633\u064a\u0627\u062d\u064a \u0645\u0646 Sennheiser<\/h1>\n<p>\u064a\u0639\u062f \u0646\u0638\u0627\u0645 Sennheiser TourGuide \u0627\u0644\u0648\u0633\u064a\u0644\u0629 \u0627\u0644\u0645\u062b\u0627\u0644\u064a\u0629 \u0644\u062c\u0648\u0644\u0627\u062a \u0627\u0644\u0645\u0635\u0627\u0646\u0639 \u0648\u0627\u0644\u062c\u0648\u0644\u0627\u062a \u0641\u064a \u0627\u0644\u0645\u062f\u0646 \u0628\u0645\u062c\u0631\u062f \u0623\u0646 \u064a\u062a\u062c\u0627\u0648\u0632 \u0639\u062f\u062f \u0627\u0644\u0645\u062c\u0645\u0648\u0639\u0629 \u0627\u0644\u0645\u0631\u0627\u062f \u0625\u0631\u0634\u0627\u062f\u0647\u0627 \u0639\u062f\u062f\u064b\u0627 \u0645\u0639\u064a\u0646\u064b\u0627 \u0645\u0646 \u0627\u0644\u0623\u0634\u062e\u0627\u0635 \u0648\u0628\u0645\u062c\u0631\u062f \u0623\u0646 \u062a\u0643\u0648\u0646 \u0627\u0644\u0636\u0648\u0636\u0627\u0621 \u0627\u0644\u0645\u062d\u064a\u0637\u0629 \u2013 \u0643\u0645\u0627 \u0647\u0648 \u0627\u0644\u062d\u0627\u0644 \u0641\u064a \u0645\u0646\u0634\u0622\u062a \u0627\u0644\u0625\u0646\u062a\u0627\u062c \u2013 \u0639\u0627\u0644\u064a\u0629 \u062c\u062f\u064b\u0627 \u0628\u062d\u064a\u062b \u0644\u0627 \u064a\u0645\u0643\u0646 \u0627\u0644\u062a\u0648\u0627\u0635\u0644 \u0628\u062f\u0648\u0646 \u0647\u0630\u0647 \u0627\u0644\u0648\u0633\u064a\u0644\u0629 \u0627\u0644\u0645\u0633\u0627\u0639\u062f\u0629.<\/p>\n<p>\u0641\u064a\u0645\u0627 \u064a\u0644\u064a \u0645\u064a\u0632\u0627\u062a \u0646\u0638\u0627\u0645 TourGuide \u0628\u0627\u0644\u062a\u0641\u0635\u064a\u0644:<\/p>\n<ul>\n<li>6 \u0642\u0646\u0648\u0627\u062a \u0641\u064a \u0646\u0637\u0627\u0642 \u0627\u0644\u062a\u0631\u062f\u062f \u0627\u0644\u0623\u0648\u0631\u0648\u0628\u064a \u0627\u0644\u062e\u0627\u0644\u064a \u0645\u0646 \u0627\u0644\u062a\u0631\u062e\u064a\u0635: 863-865 \u0645\u064a\u063a\u0627\u0647\u064a\u0631\u062a\u0632<\/li>\n<li>\u062a\u0642\u0646\u064a\u0629 \u0627\u0644\u0625\u0631\u0633\u0627\u0644 \u0627\u0644\u0644\u0627\u0633\u0644\u0643\u064a \u0627\u0644\u0631\u0642\u0645\u064a<\/li>\n<li>\u0633\u0647\u0648\u0644\u0629 \u0627\u0644\u0627\u0633\u062a\u062e\u062f\u0627\u0645 \u0648\u0627\u0644\u062a\u0634\u063a\u064a\u0644<\/li>\n<li>\u0645\u0628\u064a\u062a \u062c\u0647\u0627\u0632 \u0625\u0631\u0633\u0627\u0644 \u0645\u062d\u0645\u0648\u0644 \u0628\u0627\u0644\u064a\u062f \u0645\u062a\u064a\u0646 \u0648\u0645\u062b\u0628\u062a \u0639\u0644\u0649 \u0627\u0644\u0645\u0633\u0631\u062d<\/li>\n<li>\u0645\u062b\u0627\u0644\u064a\u0629 \u0641\u064a \u0627\u0644\u0628\u064a\u0626\u0627\u062a \u0627\u0644\u0635\u0627\u062e\u0628\u0629<\/li>\n<li>\u0634\u0627\u0634\u0629 \u0628\u0625\u0636\u0627\u0621\u0629 \u062e\u0644\u0641\u064a\u0629 \u0645\u0639 \u0645\u0624\u0634\u0631<\/li>\n<li>\u0625\u0639\u062f\u0627\u062f \u0642\u0646\u0627\u0629 \u0628\u0633\u064a\u0637\u0629<\/li>\n<li>\u0639\u0631\u0636 \u062d\u0627\u0644\u0629 \u0627\u0644\u0628\u0637\u0627\u0631\u064a\u0629<\/li>\n<\/ul>\n<p>[spacer size=\"20\"]<br \/>\n[\u0639\u0644\u0627\u0645\u0627\u062a \u0627\u0644\u062a\u0628\u0648\u064a\u0628 style=\"1\"]<br \/>\n[\u0639\u0646\u0648\u0627\u0646 \u0627\u0644\u062a\u0628\u0648\u064a\u0628=\"\u0645\u0642\u0627\u0644\"]<\/p>\n<h2>\u062c\u0647\u0627\u0632 \u0627\u0633\u062a\u0642\u0628\u0627\u0644 \u0645\u0633\u0646\u062f \u0627\u0644\u0630\u0642\u0646 HDE 2020-D<\/h2>\n<p>[\u062d\u062c\u0645 \u0627\u0644\u0639\u0645\u0648\u062f=\"2-5\u2033 \u0622\u062e\u0631=\"0\u2033]<\/p>\n<p><a href=\"https:\/\/konferenztechnik.de\/wp-content\/uploads\/2013\/09\/TourGuide_Empfaenger_HDE2020-D_gross.jpg\"><img fetchpriority=\"high\" decoding=\"async\" width=\"410\" height=\"497\" src=\"https:\/\/konferenztechnik.de\/wp-content\/uploads\/2013\/09\/TourGuide_Empfaenger_HDE2020-D_gross.jpg\" alt=\"\u062c\u0647\u0627\u0632 \u0627\u0644\u0627\u0633\u062a\u0642\u0628\u0627\u0644 Sennheiser TourGuide HDE2020-D\" class=\"alignnone size-full wp-image-1905\" title=\"\" srcset=\"https:\/\/konferenztechnik.de\/wp-content\/uploads\/2013\/09\/TourGuide_Empfaenger_HDE2020-D_gross.jpg 410w, https:\/\/konferenztechnik.de\/wp-content\/uploads\/2013\/09\/TourGuide_Empfaenger_HDE2020-D_gross-247x300.jpg 247w\" sizes=\"(max-width: 410px) 100vw, 410px\" \/><\/a><\/p>\n<p>[\/\u0627\u0644\u0639\u0645\u0648\u062f]<br \/>\n[\u062d\u062c\u0645 \u0627\u0644\u0639\u0645\u0648\u062f=\"3-5\u2033 \u0622\u062e\u0631=\"1\u2033]<br \/>\n\u0633\u0645\u0627\u0639\u0629 HDE 2020-D \u0647\u064a \u0633\u0645\u0627\u0639\u0629 \u0631\u0623\u0633 \u0645\u0631\u064a\u062d\u0629 \u0644\u0644\u0627\u0631\u062a\u062f\u0627\u0621 \u0645\u0646 \u0646\u0638\u0627\u0645 TourGuide 2020-D \u0645\u0646 Sennheiser. \u0648\u0647\u064a \u0639\u0628\u0627\u0631\u0629 \u0639\u0646 \u062c\u0647\u0627\u0632 \u0627\u0633\u062a\u0642\u0628\u0627\u0644 \u0648\u0633\u0645\u0627\u0639\u0629 \u0631\u0623\u0633 \u0641\u064a \u062c\u0647\u0627\u0632 \u0648\u0627\u062d\u062f \u2013 \u0628\u062f\u0648\u0646 \u0623\u064a \u0643\u0627\u0628\u0644\u0627\u062a \u0645\u0632\u0639\u062c\u0629. \u0648\u062a\u0648\u0641\u0631 \u0628\u0637\u0627\u0631\u064a\u0629 \u0633\u0645\u0627\u0639\u0629 \u0627\u0644\u0631\u0623\u0633 \u0627\u0644\u0642\u0627\u0628\u0644\u0629 \u0644\u0625\u0639\u0627\u062f\u0629 \u0627\u0644\u0634\u062d\u0646 \u0645\u0627 \u064a\u0635\u0644 \u0625\u0644\u0649 8 \u0633\u0627\u0639\u0627\u062a \u0645\u0646 \u0627\u0644\u062a\u0634\u063a\u064a\u0644 \u0644\u0644\u062c\u0648\u0644\u0627\u062a \u0627\u0644\u0646\u0645\u0648\u0630\u062c\u064a\u0629 \u0641\u064a \u0627\u0644\u0645\u0635\u0627\u0646\u0639 \u0648\u0627\u0644\u062c\u0648\u0644\u0627\u062a \u0641\u064a \u0627\u0644\u0645\u062f\u0646. \u0648\u062a\u0648\u0641\u0631 \u0634\u0627\u0634\u0629 LCD \u0645\u062f\u0645\u062c\u0629 \u0645\u0639\u0644\u0648\u0645\u0627\u062a \u0639\u0646 \u0645\u0633\u062a\u0648\u0649 \u0627\u0644\u0635\u0648\u062a \u0648\u062c\u0648\u062f\u0629 \u0627\u0644\u0627\u0633\u062a\u0642\u0628\u0627\u0644 \u0648\u062d\u0627\u0644\u0629 \u0627\u0644\u0628\u0637\u0627\u0631\u064a\u0629 \u0648\u0642\u0646\u0627\u0629 \u0627\u0644\u0627\u0633\u062a\u0642\u0628\u0627\u0644 \u0627\u0644\u0645\u062d\u062f\u062f\u0629.<br \/>\n[\/\u0627\u0644\u0639\u0645\u0648\u062f]<br \/>\n[\/tab]<br \/>\n[\/tabs]<\/p>\n<p>[spacer size=\"20\"]<br \/>\n[\u0639\u0644\u0627\u0645\u0627\u062a \u0627\u0644\u062a\u0628\u0648\u064a\u0628 style=\"1\"]<br \/>\n[\u0639\u0646\u0648\u0627\u0646 \u0627\u0644\u062a\u0628\u0648\u064a\u0628=\"\u0645\u0642\u0627\u0644\"]<\/p>\n<h2>\u062c\u0647\u0627\u0632 \u0627\u0633\u062a\u0642\u0628\u0627\u0644 \u0627\u0644\u062c\u064a\u0628 EK 2020-D<\/h2>\n<p>[\u062d\u062c\u0645 \u0627\u0644\u0639\u0645\u0648\u062f=\"2-5\u2033 \u0622\u062e\u0631=\"0\u2033]<\/p>\n<p><a href=\"https:\/\/konferenztechnik.de\/wp-content\/uploads\/2013\/09\/sennheiser-tourguide-EK_2020-D_gross.jpg\"><img decoding=\"async\" width=\"275\" height=\"413\" src=\"https:\/\/konferenztechnik.de\/wp-content\/uploads\/2013\/09\/sennheiser-tourguide-EK_2020-D_gross.jpg\" alt=\"Sennheiser Tourguide EK2020-D\" class=\"alignnone size-full wp-image-1907\" title=\"\" srcset=\"https:\/\/konferenztechnik.de\/wp-content\/uploads\/2013\/09\/sennheiser-tourguide-EK_2020-D_gross.jpg 275w, https:\/\/konferenztechnik.de\/wp-content\/uploads\/2013\/09\/sennheiser-tourguide-EK_2020-D_gross-200x300.jpg 200w\" sizes=\"(max-width: 275px) 100vw, 275px\" \/><\/a><br \/>\n[\/\u0627\u0644\u0639\u0645\u0648\u062f]<br \/>\n[\u062d\u062c\u0645 \u0627\u0644\u0639\u0645\u0648\u062f=\"3-5\u2033 \u0622\u062e\u0631=\"1\u2033]<br \/>\nEK 2020-D \u0639\u0628\u0627\u0631\u0629 \u0639\u0646 \u062c\u0647\u0627\u0632 \u0627\u0633\u062a\u0642\u0628\u0627\u0644 \u0641\u064a \u0627\u0644\u062c\u064a\u0628 \u064a\u0645\u0643\u0646 \u062a\u0634\u063a\u064a\u0644\u0647 \u0628\u0633\u0645\u0627\u0639\u0627\u062a \u0631\u0623\u0633 \u0641\u0631\u062f\u064a\u0629 \u0623\u0648 \u062d\u0644\u0642\u0629 \u062d\u062b. \u0648\u0647\u0648 \u0645\u062b\u0627\u0644\u064a \u0644\u0644\u0627\u0633\u062a\u062e\u062f\u0627\u0645 \u0645\u0639 \u0627\u0644\u0645\u0633\u0627\u0639\u062f\u0629 \u0627\u0644\u0633\u0645\u0639\u064a\u0629 \u0623\u0648 \u0627\u0644\u062a\u0648\u062c\u064a\u0647 \u0627\u0644\u0634\u062e\u0635\u064a \u0623\u0648 \u0641\u064a \u0627\u0644\u0645\u0624\u062a\u0645\u0631\u0627\u062a. \u064a\u0645\u0643\u0646 \u0627\u0633\u062a\u062e\u062f\u0627\u0645 \u062c\u0647\u0627\u0632 \u0627\u0644\u0627\u0633\u062a\u0642\u0628\u0627\u0644 \u0645\u0639 \u0627\u0644\u0645\u0639\u064a\u0646\u0627\u062a \u0627\u0644\u0633\u0645\u0639\u064a\u0629 \u0627\u0644\u0645\u0632\u0648\u062f\u0629 \u0628\u0645\u0644\u0641 \u0639\u0644\u0649 \u0634\u0643\u0644 \u062d\u0631\u0641 T.<br \/>\n[\/\u0627\u0644\u0639\u0645\u0648\u062f]<br \/>\n[\/tab]<br \/>\n[\u0639\u0646\u0648\u0627\u0646 \u0627\u0644\u062a\u0628\u0648\u064a\u0628=\"\u0627\u0644\u062a\u0641\u0627\u0635\u064a\u0644 \u0627\u0644\u0641\u0646\u064a\u0629\"]<\/p>\n<h2>\u062c\u0647\u0627\u0632 \u0627\u0633\u062a\u0642\u0628\u0627\u0644 \u0627\u0644\u062c\u064a\u0628 EK 2020-D<\/h2>\n<p>\u064a\u0628\u0644\u063a \u0645\u062f\u0649 \u0627\u0633\u062a\u0642\u0628\u0627\u0644 EK 2020-D \u062d\u0648\u0627\u0644\u064a 50 \u0645\u062a\u0631\u064b\u0627 \u0641\u064a \u0627\u0644\u0647\u0648\u0627\u0621 \u0627\u0644\u0637\u0644\u0642 \u0648\u062d\u0648\u0627\u0644\u064a 100 \u0645\u062a\u0631 \u0641\u064a \u0627\u0644\u062f\u0627\u062e\u0644. \u064a\u0645\u0643\u0646 \u0642\u0631\u0627\u0621\u0629 \u0645\u0633\u062a\u0648\u0649 \u0627\u0644\u0635\u0648\u062a \u0648\u062c\u0648\u062f\u0629 \u0627\u0644\u0627\u0633\u062a\u0642\u0628\u0627\u0644 \u0648\u062d\u0627\u0644\u0629 \u0627\u0644\u0628\u0637\u0627\u0631\u064a\u0629 \u0648\u0642\u0646\u0627\u0629 \u0627\u0644\u0627\u0633\u062a\u0642\u0628\u0627\u0644 \u0645\u0646 \u0634\u0627\u0634\u0629 LCD. \u0643\u0645\u0627 \u064a\u0645\u0643\u0646 \u0627\u0633\u062a\u062e\u062f\u0627\u0645\u0647 \u0641\u064a \u0627\u0644\u062a\u0634\u063a\u064a\u0644 \u0627\u0644\u0645\u062e\u062a\u0644\u0637 \u0645\u0639 \u0623\u062c\u0647\u0632\u0629 \u0627\u0633\u062a\u0642\u0628\u0627\u0644 \u0645\u0633\u0646\u062f \u0627\u0644\u0630\u0642\u0646 HDE 2020-D \u062f\u0648\u0646 \u0623\u064a \u0645\u0634\u0627\u0643\u0644.<\/p>\n<ul>\n<li>\u062e\u064a\u0627\u0631 \u0645\u062c\u0627\u0646\u064a \u0644\u0633\u0645\u0627\u0639\u0627\u062a \u0627\u0644\u0631\u0623\u0633 \u0623\u0648 \u0627\u0633\u062a\u062e\u062f\u0627\u0645 \u062d\u0644\u0642\u0629 \u0627\u0644\u062d\u062b<\/li>\n<li>\u0639\u0645\u0631 \u0627\u0644\u0628\u0637\u0627\u0631\u064a\u0629 16 \u0633\u0627\u0639\u0629<\/li>\n<li>\u0625\u0631\u0633\u0627\u0644 \u0625\u0634\u0627\u0631\u0627\u062a \u0627\u0644\u062a\u0631\u062f\u062f \u0627\u0644\u0639\u0627\u0644\u064a \u0627\u0644\u0631\u0642\u0645\u064a<\/li>\n<li>\u0634\u0627\u0634\u0629 LCD \u0628\u0625\u0636\u0627\u0621\u0629 \u062e\u0644\u0641\u064a\u0629<\/li>\n<li>\u0625\u0645\u0643\u0627\u0646\u064a\u0629 \u0627\u0644\u062a\u0634\u063a\u064a\u0644 \u0627\u0644\u0645\u062e\u062a\u0644\u0637 \u0645\u0639 \u062c\u0647\u0627\u0632 \u0627\u0633\u062a\u0642\u0628\u0627\u0644 \u0645\u0633\u0646\u062f \u0627\u0644\u0630\u0642\u0646 HDE 2020-D<\/li>\n<\/ul>\n<p>[\/tab]<br \/>\n[\/tabs]<br \/>\n[spacer size=\"20\"]<br \/>\n[\u0639\u0644\u0627\u0645\u0627\u062a \u0627\u0644\u062a\u0628\u0648\u064a\u0628 style=\"1\"]<br \/>\n[\u0639\u0646\u0648\u0627\u0646 \u0627\u0644\u062a\u0628\u0648\u064a\u0628=\"\u0645\u0642\u0627\u0644\"]<\/p>\n<h2>\u062c\u0647\u0627\u0632 \u0627\u0644\u0625\u0631\u0633\u0627\u0644 \u0627\u0644\u0645\u062d\u0645\u0648\u0644 \u0628\u0627\u0644\u064a\u062f SKM 2020-D<\/h2>\n<p>[\u062d\u062c\u0645 \u0627\u0644\u0639\u0645\u0648\u062f=\"2-5\u2033 \u0622\u062e\u0631=\"0\u2033]<\/p>\n<p><a href=\"https:\/\/konferenztechnik.de\/wp-content\/uploads\/2013\/09\/TourGuide_Handsender_SKM2020-D_gross.jpg\"><img decoding=\"async\" width=\"527\" height=\"198\" src=\"https:\/\/konferenztechnik.de\/wp-content\/uploads\/2013\/09\/TourGuide_Handsender_SKM2020-D_gross.jpg\" alt=\"\u062c\u0647\u0627\u0632 \u0627\u0644\u0625\u0631\u0633\u0627\u0644 \u0627\u0644\u0645\u062d\u0645\u0648\u0644 \u0628\u0627\u0644\u064a\u062f SKM2020-D \u0645\u0646 TourGuide\" class=\"alignnone size-full wp-image-1909\" title=\"\" srcset=\"https:\/\/konferenztechnik.de\/wp-content\/uploads\/2013\/09\/TourGuide_Handsender_SKM2020-D_gross.jpg 527w, https:\/\/konferenztechnik.de\/wp-content\/uploads\/2013\/09\/TourGuide_Handsender_SKM2020-D_gross-300x113.jpg 300w\" sizes=\"(max-width: 527px) 100vw, 527px\" \/><\/a><br \/>\n[\/\u0627\u0644\u0639\u0645\u0648\u062f]<br \/>\n[\u062d\u062c\u0645 \u0627\u0644\u0639\u0645\u0648\u062f=\"3-5\u2033 \u0622\u062e\u0631=\"1\u2033]<\/p>\n<p>\u064a\u0648\u0641\u0631 \u062c\u0647\u0627\u0632 \u0627\u0644\u0625\u0631\u0633\u0627\u0644 \u0627\u0644\u0645\u062d\u0645\u0648\u0644 \u0628\u0627\u0644\u064a\u062f SKM 2020-D \u0644\u0646\u0638\u0627\u0645 TourGuide \u0645\u062f\u0649 \u064a\u0635\u0644 \u0625\u0644\u0649 100 \u0645\u062a\u0631 \u0641\u064a \u0627\u0644\u0647\u0648\u0627\u0621 \u0627\u0644\u0637\u0644\u0642 \u0648\u062d\u0648\u0627\u0644\u064a 50 \u0645\u062a\u0631\u0627\u064b \u0641\u064a \u0627\u0644\u062f\u0627\u062e\u0644.<\/p>\n<p>\u062c\u0647\u0627\u0632 \u0627\u0644\u0625\u0631\u0633\u0627\u0644 \u0633\u0647\u0644 \u0648\u0645\u0631\u064a\u062d \u0641\u064a \u0627\u0644\u062a\u0634\u063a\u064a\u0644. \u062a\u0639\u0631\u0636 \u0627\u0644\u0634\u0627\u0634\u0629 \u0630\u0627\u062a \u0627\u0644\u0625\u0636\u0627\u0621\u0629 \u0627\u0644\u062e\u0644\u0641\u064a\u0629 \u0642\u0646\u0627\u0629 \u0627\u0644\u0625\u0631\u0633\u0627\u0644 \u0648\u062d\u0627\u0644\u0629 \u0627\u0644\u0628\u0637\u0627\u0631\u064a\u0629. \u062a\u062a\u064a\u062d \u0627\u0644\u0628\u0637\u0627\u0631\u064a\u0629 \u0627\u0644\u0642\u0627\u0628\u0644\u0629 \u0644\u0625\u0639\u0627\u062f\u0629 \u0627\u0644\u0634\u062d\u0646 \u062c\u0648\u0644\u0627\u062a \u062a\u062f\u0648\u0645 \u062d\u062a\u0649 8 \u0633\u0627\u0639\u0627\u062a. \u0641\u064a \u0646\u0647\u0627\u064a\u0629 \u0643\u0644 \u062c\u0648\u0644\u0629\u060c \u064a\u0645\u0643\u0646 \u0625\u0639\u0627\u062f\u0629 \u0634\u062d\u0646\u0647\u0627 \u0628\u0633\u0631\u0639\u0629 \u0641\u064a \u0639\u0644\u0628\u0629 \u0627\u0644\u0634\u062d\u0646 EZL 2020-20L. <\/p>\n<p>[\/\u0627\u0644\u0639\u0645\u0648\u062f]<br \/>\n[\/tab]<br \/>\n[\/tabs]<br \/>\n[spacer size=\"20\"]<br \/>\n[\u0639\u0644\u0627\u0645\u0627\u062a \u0627\u0644\u062a\u0628\u0648\u064a\u0628 style=\"1\"]<br \/>\n[\u0639\u0646\u0648\u0627\u0646 \u0627\u0644\u062a\u0628\u0648\u064a\u0628=\"\u0645\u0642\u0627\u0644\"]<\/p>\n<h2>\u062c\u0647\u0627\u0632 \u0627\u0644\u0625\u0631\u0633\u0627\u0644 \u0627\u0644\u062c\u064a\u0628 SK 2020-D<\/h2>\n<p>[\u062d\u062c\u0645 \u0627\u0644\u0639\u0645\u0648\u062f=\"2-5\u2033 \u0622\u062e\u0631=\"0\u2033]<\/p>\n<p><a href=\"https:\/\/konferenztechnik.de\/wp-content\/uploads\/2013\/09\/TourGuide_Taschensender_SK2020-D_gross.jpg\"><img loading=\"lazy\" decoding=\"async\" width=\"280\" height=\"420\" src=\"https:\/\/konferenztechnik.de\/wp-content\/uploads\/2013\/09\/TourGuide_Taschensender_SK2020-D_gross.jpg\" alt=\"\u062c\u0647\u0627\u0632 \u0627\u0644\u0625\u0631\u0633\u0627\u0644 \u0627\u0644\u0645\u062d\u0645\u0648\u0644 \u0639\u0644\u0649 \u0627\u0644\u062c\u0633\u0645 Sennheiser TourGuide SK2020-D\" class=\"alignnone size-full wp-image-1911\" title=\"\" srcset=\"https:\/\/konferenztechnik.de\/wp-content\/uploads\/2013\/09\/TourGuide_Taschensender_SK2020-D_gross.jpg 280w, https:\/\/konferenztechnik.de\/wp-content\/uploads\/2013\/09\/TourGuide_Taschensender_SK2020-D_gross-200x300.jpg 200w\" sizes=\"(max-width: 280px) 100vw, 280px\" \/><\/a><br \/>\n[\/\u0627\u0644\u0639\u0645\u0648\u062f]<br \/>\n[\u062d\u062c\u0645 \u0627\u0644\u0639\u0645\u0648\u062f=\"3-5\u2033 \u0622\u062e\u0631=\"1\u2033]<\/p>\n<p>\u064a\u0645\u0646\u062d\u0643 \u062c\u0647\u0627\u0632 \u0627\u0644\u0625\u0631\u0633\u0627\u0644 \u0627\u0644\u0645\u062d\u0645\u0648\u0644 \u0639\u0644\u0649 \u0627\u0644\u062c\u0633\u0645 TourGuide SK 2020-D \u0645\u0639 \u0645\u064a\u0643\u0631\u0648\u0641\u0648\u0646 \u0633\u0645\u0627\u0639\u0629 \u0627\u0644\u0631\u0623\u0633 \u0623\u0648 \u0645\u064a\u0643\u0631\u0648\u0641\u0648\u0646 \u0645\u062b\u0628\u062a \u0628\u0645\u0634\u0628\u0643 \u0623\u0642\u0635\u0649 \u0642\u062f\u0631 \u0645\u0646 \u062d\u0631\u064a\u0629 \u0627\u0644\u062d\u0631\u0643\u0629 \u0623\u062b\u0646\u0627\u0621 \u0627\u0644\u062c\u0648\u0644\u0629. \u064a\u0645\u0643\u0646\u0643 \u0634\u0631\u062d \u0634\u064a\u0621 \u0645\u0627 \u0623\u0648 \u062a\u0648\u0636\u064a\u062d \u0634\u064a\u0621 \u0645\u0627 \u0628\u0643\u0644\u062a\u0627 \u064a\u062f\u064a\u0643 \u0641\u064a \u0648\u0642\u062a \u0641\u0631\u0627\u063a\u0643.<\/p>\n<p>\u064a\u0645\u0643\u0646\u0643 \u0623\u064a\u0636\u064b\u0627 \u0627\u0633\u062a\u062e\u062f\u0627\u0645 \u0627\u0644\u0645\u062f\u062e\u0644 \u0627\u0644\u062e\u0637\u064a \u0644\u062c\u0647\u0627\u0632 \u0627\u0644\u0625\u0631\u0633\u0627\u0644 \u0644\u062a\u0633\u062c\u064a\u0644 \u0645\u0635\u0627\u062f\u0631 \u0627\u0644\u0635\u0648\u062a \u0627\u0644\u062e\u0627\u0631\u062c\u064a\u0629 \u0623\u062b\u0646\u0627\u0621 \u0645\u062a\u0627\u0628\u0639\u0629 \u0627\u0644\u062a\u062d\u062f\u062b \u0623\u0648 \u0643\u062a\u0645 \u0635\u0648\u062a \u0627\u0644\u0645\u064a\u0643\u0631\u0648\u0641\u0648\u0646. \u062c\u0647\u0627\u0632 \u0627\u0644\u0625\u0631\u0633\u0627\u0644 \u0633\u0647\u0644 \u0627\u0644\u062a\u0634\u063a\u064a\u0644 \u0644\u0644\u063a\u0627\u064a\u0629\u060c \u0648\u062a\u064f\u0639\u0644\u0645\u0643 \u0634\u0627\u0634\u0629 \u0627\u0644\u0639\u0631\u0636 \u0630\u0627\u062a \u0627\u0644\u0625\u0636\u0627\u0621\u0629 \u0627\u0644\u062e\u0644\u0641\u064a\u0629 \u0628\u0625\u0639\u062f\u0627\u062f\u0627\u062a \u0627\u0644\u0642\u0646\u0627\u0629 \u0648\u062d\u0627\u0644\u0629 \u0627\u0644\u0628\u0637\u0627\u0631\u064a\u0629 \u0648\u0645\u0633\u062a\u0648\u0649 \u0627\u0644\u0635\u0648\u062a \u0644\u0645\u062f\u062e\u0644 \u0627\u0644\u0645\u064a\u0643\u0631\u0648\u0641\u0648\u0646 \u0648\u0627\u0644\u0645\u062f\u062e\u0644 \u0627\u0644\u062e\u0637\u064a. \u0648\u0628\u0641\u0636\u0644 \u063a\u0644\u0627\u0641\u0647 \u0627\u0644\u0645\u0639\u062f\u0646\u064a\u060c \u0641\u0625\u0646 \u062c\u0647\u0627\u0632 \u0627\u0644\u0625\u0631\u0633\u0627\u0644 \u0642\u0648\u064a \u0644\u0644\u063a\u0627\u064a\u0629.<\/p>\n<p>[\/\u0627\u0644\u0639\u0645\u0648\u062f]<br \/>\n[\/tab]<br \/>\n[\/tabs]<br \/>\n[spacer size=\"20\"]<\/p>\n<p>[\u0639\u0644\u0627\u0645\u0627\u062a \u0627\u0644\u062a\u0628\u0648\u064a\u0628 style=\"1\"]<br \/>\n[\u0639\u0646\u0648\u0627\u0646 \u0627\u0644\u062a\u0628\u0648\u064a\u0628=\"\u0645\u0642\u0627\u0644\"]<\/p>\n<h2> \u0645\u064a\u0643\u0631\u0648\u0641\u0648\u0646 \u0633\u0645\u0627\u0639\u0629 \u0627\u0644\u0631\u0623\u0633 HS 2<\/h2>\n<p>[\u062d\u062c\u0645 \u0627\u0644\u0639\u0645\u0648\u062f=\"2-5\u2033 \u0622\u062e\u0631=\"0\u2033]<\/p>\n<p><a href=\"https:\/\/konferenztechnik.de\/wp-content\/uploads\/2013\/09\/Kopfbuegelmikrofon_HS2_gross.jpg\"><img loading=\"lazy\" decoding=\"async\" width=\"544\" height=\"413\" src=\"https:\/\/konferenztechnik.de\/wp-content\/uploads\/2013\/09\/Kopfbuegelmikrofon_HS2_gross.jpg\" alt=\"\u0645\u064a\u0643\u0631\u0648\u0641\u0648\u0646 \u0633\u0645\u0627\u0639\u0629 \u0627\u0644\u0631\u0623\u0633 Sennheiser HS2\" class=\"alignnone size-full wp-image-1913\" title=\"\" srcset=\"https:\/\/konferenztechnik.de\/wp-content\/uploads\/2013\/09\/Kopfbuegelmikrofon_HS2_gross.jpg 544w, https:\/\/konferenztechnik.de\/wp-content\/uploads\/2013\/09\/Kopfbuegelmikrofon_HS2_gross-300x228.jpg 300w\" sizes=\"(max-width: 544px) 100vw, 544px\" \/><\/a><br \/>\n[\/\u0627\u0644\u0639\u0645\u0648\u062f]<br \/>\n[\u062d\u062c\u0645 \u0627\u0644\u0639\u0645\u0648\u062f=\"3-5\u2033 \u0622\u062e\u0631=\"1\u2033]<\/p>\n<p>HS 2 \u0647\u0648 \u0645\u064a\u0643\u0631\u0648\u0641\u0648\u0646 \u0633\u0645\u0627\u0639\u0629 \u0631\u0623\u0633 \u0645\u0632\u0648\u062f \u0628\u0643\u0627\u0628\u0644 \u0634\u062d\u0646 \u0641\u0648\u0644\u0627\u0630\u064a \u0648\u0642\u0627\u0628\u0633 \u062e\u0627\u0635. \u064a\u0644\u0628\u064a \u0645\u064a\u0643\u0631\u0648\u0641\u0648\u0646 \u0627\u0644\u0645\u0643\u062b\u0641 \u0645\u062a\u0639\u062f\u062f \u0627\u0644\u0627\u062a\u062c\u0627\u0647\u0627\u062a \u0623\u0639\u0644\u0649 \u0627\u0644\u0645\u062a\u0637\u0644\u0628\u0627\u062a \u0645\u0646 \u062d\u064a\u062b \u062c\u0648\u062f\u0629 \u0627\u0644\u0635\u0648\u062a \u0648\u0627\u0644\u0645\u062a\u0627\u0646\u0629. \u0648\u0647\u0648 \u0645\u0646\u0627\u0633\u0628 \u0644\u0644\u0625\u0631\u0633\u0627\u0644 \u0627\u0644\u0635\u0648\u062a\u064a \u0648\u0627\u0644\u0643\u0644\u0627\u0645 \u0641\u064a \u062c\u0645\u064a\u0639 \u0645\u062c\u0627\u0644\u0627\u062a \u062a\u0642\u0646\u064a\u0629 \u0627\u0644\u0625\u0631\u0633\u0627\u0644 \u0648\u0647\u0648 \u0627\u0644\u0645\u0643\u0645\u0644 \u0627\u0644\u0645\u062b\u0627\u0644\u064a \u0644\u062c\u0647\u0627\u0632 \u0627\u0644\u0625\u0631\u0633\u0627\u0644 \u0627\u0644\u0645\u062d\u0645\u0648\u0644 SK 2020-D \u0627\u0644\u0645\u0630\u0643\u0648\u0631 \u0623\u0639\u0644\u0627\u0647.<\/p>\n<p>[\/\u0627\u0644\u0639\u0645\u0648\u062f]<br \/>\n[\/tab]<br \/>\n[\/tabs]<br \/>\n[spacer size=\"20\"]<br \/>\n[\u0639\u0644\u0627\u0645\u0627\u062a \u0627\u0644\u062a\u0628\u0648\u064a\u0628 style=\"1\"]<br \/>\n[\u0639\u0646\u0648\u0627\u0646 \u0627\u0644\u062a\u0628\u0648\u064a\u0628=\"\u0645\u0642\u0627\u0644\"]<\/p>\n<h2>\u0639\u0644\u0628\u0629 \u0627\u0644\u0646\u0642\u0644 \u0648\u0627\u0644\u0634\u062d\u0646 EZL 2020-D<\/h2>\n<p>[\u062d\u062c\u0645 \u0627\u0644\u0639\u0645\u0648\u062f=\"2-5\u2033 \u0622\u062e\u0631=\"0\u2033]<\/p>\n<p><a href=\"https:\/\/konferenztechnik.de\/wp-content\/uploads\/2013\/09\/TourGuide_Ladekoffer_EZL2020-20L_gross.jpg\"><img loading=\"lazy\" decoding=\"async\" width=\"410\" height=\"454\" src=\"https:\/\/konferenztechnik.de\/wp-content\/uploads\/2013\/09\/TourGuide_Ladekoffer_EZL2020-20L_gross.jpg\" alt=\"\u062d\u0642\u064a\u0628\u0629 \u0627\u0644\u0634\u062d\u0646 Sennheiser TourGuide_EZL2020-20L\" class=\"alignnone size-full wp-image-1915\" title=\"\" srcset=\"https:\/\/konferenztechnik.de\/wp-content\/uploads\/2013\/09\/TourGuide_Ladekoffer_EZL2020-20L_gross.jpg 410w, https:\/\/konferenztechnik.de\/wp-content\/uploads\/2013\/09\/TourGuide_Ladekoffer_EZL2020-20L_gross-271x300.jpg 271w\" sizes=\"(max-width: 410px) 100vw, 410px\" \/><\/a><br \/>\n[\/\u0627\u0644\u0639\u0645\u0648\u062f]<br \/>\n[\u062d\u062c\u0645 \u0627\u0644\u0639\u0645\u0648\u062f=\"3-5\u2033 \u0622\u062e\u0631=\"1\u2033]<\/p>\n<p>\u062a\u064f\u0633\u062a\u062e\u062f\u0645 \u0639\u0644\u0628\u0629 \u0627\u0644\u0634\u062d\u0646 \u0627\u0644\u0639\u0645\u0644\u064a\u0629 EZL 2020-20L \u0643\u0645\u0643\u0627\u0646 \u0644\u062a\u062e\u0632\u064a\u0646 \u062c\u0645\u064a\u0639 \u0627\u0644\u0645\u0639\u062f\u0627\u062a \u0648\u0643\u0645\u062d\u0637\u0629 \u0634\u062d\u0646 \u0644\u0644\u0647\u0627\u062a\u0641 \u0648\u062c\u0647\u0627\u0632 \u0627\u0644\u0625\u0631\u0633\u0627\u0644. \u0647\u0646\u0627\u0643 20 \u0641\u062a\u062d\u0629 \u0634\u062d\u0646 \u0644\u0633\u0645\u0627\u0639\u0627\u062a \u0627\u0644\u0630\u0642\u0646 \u0648\u0641\u062a\u062d\u062a\u0627\u0646 \u0644\u0634\u062d\u0646 \u062c\u0647\u0627\u0632 \u0627\u0644\u0625\u0631\u0633\u0627\u0644 \u0648\u0628\u0637\u0627\u0631\u064a\u062a\u0647. \u0648\u064a\u0648\u0641\u0631 \u0632\u0631 \"\u0646\u0633\u062e\" \u0627\u0644\u0623\u062e\u0636\u0631 \u0627\u0644\u0643\u062b\u064a\u0631 \u0645\u0646 \u0627\u0644\u0639\u0645\u0644: \u0645\u0627 \u0639\u0644\u064a\u0643 \u0633\u0648\u0649 \u0636\u0628\u0637 \u062c\u0647\u0627\u0632 \u0627\u0644\u0627\u0633\u062a\u0642\u0628\u0627\u0644 \u0639\u0644\u0649 \u0642\u0646\u0627\u0629 \u0627\u0644\u0627\u0633\u062a\u0642\u0628\u0627\u0644 \u0627\u0644\u0645\u0637\u0644\u0648\u0628\u0629\u060c \u0648\u0627\u0644\u0636\u063a\u0637 \u0639\u0644\u0649 \u0627\u0644\u0632\u0631 \u0648\u0633\u064a\u062a\u0645 \u0636\u0628\u0637 \u062c\u0645\u064a\u0639 \u0623\u062c\u0647\u0632\u0629 \u0627\u0644\u0627\u0633\u062a\u0642\u0628\u0627\u0644 \u0627\u0644\u0645\u0633\u062a\u062e\u062f\u0645\u0629 \u062a\u0644\u0642\u0627\u0626\u064a\u0627\u064b \u0639\u0644\u0649 \u0646\u0641\u0633 \u0627\u0644\u062a\u0631\u062f\u062f \u0648\u0645\u0633\u062a\u0648\u0649 \u0627\u0644\u0635\u0648\u062a \u0627\u0644\u0645\u062a\u0648\u0633\u0637. <\/p>\n<p>[\/\u0627\u0644\u0639\u0645\u0648\u062f]<br \/>\n[\/tab]<br \/>\n[\/tabs]<br \/>\n[spacer size=\"20\"]<\/p>","protected":false},"excerpt":{"rendered":"<p>F\u00fchrungsanlagen und Tourguide Systeme der Firma Sennheiser Eine Sennheiser-TourGuide-Anlage ist das ideale Medium f\u00fcr Werksf\u00fchrungen und Stadtbesichtigungen, sobald die zu f\u00fchrende Gruppe eine bestimmte Personenzahl \u00fcberschritten hat und sobald die Umgebungsger\u00e4usche &#8211; wie in Produktionsst\u00e4tten &#8211; so hoch sind, dass man sich ohne ein solches Hilfmittel nicht mehr verst\u00e4ndigen kann. Hier die Merkmale dieser TourGuide-Anlage [&hellip;]<\/p>","protected":false},"author":1,"featured_media":45482,"parent":3614,"menu_order":153,"comment_status":"closed","ping_status":"open","template":"page-right-sidebar.php","meta":{"_acf_changed":false,"footnotes":""},"class_list":["post-1899","page","type-page","status-publish","has-post-thumbnail","hentry"],"acf":[],"_links":{"self":[{"href":"https:\/\/konferenztechnik.de\/ar\/wp-json\/wp\/v2\/pages\/1899","targetHints":{"allow":["GET"]}}],"collection":[{"href":"https:\/\/konferenztechnik.de\/ar\/wp-json\/wp\/v2\/pages"}],"about":[{"href":"https:\/\/konferenztechnik.de\/ar\/wp-json\/wp\/v2\/types\/page"}],"author":[{"embeddable":true,"href":"https:\/\/konferenztechnik.de\/ar\/wp-json\/wp\/v2\/users\/1"}],"replies":[{"embeddable":true,"href":"https:\/\/konferenztechnik.de\/ar\/wp-json\/wp\/v2\/comments?post=1899"}],"version-history":[{"count":0,"href":"https:\/\/konferenztechnik.de\/ar\/wp-json\/wp\/v2\/pages\/1899\/revisions"}],"up":[{"embeddable":true,"href":"https:\/\/konferenztechnik.de\/ar\/wp-json\/wp\/v2\/pages\/3614"}],"wp:featuredmedia":[{"embeddable":true,"href":"https:\/\/konferenztechnik.de\/ar\/wp-json\/wp\/v2\/media\/45482"}],"wp:attachment":[{"href":"https:\/\/konferenztechnik.de\/ar\/wp-json\/wp\/v2\/media?parent=1899"}],"curies":[{"name":"\u062f\u0628\u0644\u064a\u0648 \u0628\u064a","href":"https:\/\/api.w.org\/{rel}","templated":true}]}}