{"id":20181,"date":"2022-11-16T10:08:18","date_gmt":"2022-11-16T09:08:18","guid":{"rendered":"https:\/\/www.konferenztechnik.de\/?page_id=20181"},"modified":"2023-08-28T15:41:32","modified_gmt":"2023-08-28T13:41:32","slug":"%d9%85%d8%b7%d9%84%d9%88%d8%a8-%d9%85%d9%88%d8%b8%d9%81-%d8%ae%d8%af%d9%85%d8%a9-%d9%85%d9%83%d8%aa%d8%a8%d9%8a%d8%a9-%d9%85-%d9%81-%d8%af-%d9%85%d8%b7%d9%84%d9%88%d8%a8","status":"publish","type":"page","link":"https:\/\/konferenztechnik.de\/ar\/%d8%a7%d9%84%d8%ad%d9%8a%d8%a7%d8%a9-%d8%a7%d9%84%d9%85%d9%87%d9%86%d9%8a%d8%a9\/%d9%85%d8%b7%d9%84%d9%88%d8%a8-%d9%85%d9%88%d8%b8%d9%81-%d8%ae%d8%af%d9%85%d8%a9-%d9%85%d9%83%d8%aa%d8%a8%d9%8a%d8%a9-%d9%85-%d9%81-%d8%af-%d9%85%d8%b7%d9%84%d9%88%d8%a8\/","title":{"rendered":"\u0645\u0637\u0644\u0648\u0628 \u0645\u0648\u0638\u0641 \u062e\u062f\u0645\u0627\u062a \u0645\u0643\u062a\u0628\u064a\u0629 (\u0645\/\u0648\/\u062f)"},"content":{"rendered":"<div class=\"center-box-medium\">\n<h1><strong>\u0645\u0637\u0644\u0648\u0628 \u0645\u0648\u0638\u0641 \u062e\u062f\u0645\u0629 \u0645\u0643\u062a\u0628\u064a\u0629 (\u0645\/\u0641\/\u062f) (\u0628\u0631\u0644\u064a\u0646)<\/strong><\/h1>\n<p>\u0646\u062d\u0646 \u0646\u0628\u062d\u062b \u0639\u0646 \u0645\u0648\u0638\u0641 \u062e\u062f\u0645\u0629 \u0645\u0643\u062a\u0628\u064a\u0629 (\u062f\/\u0645\/\u0645) \u0644\u062a\u0646\u0638\u064a\u0645 \u0645\u0643\u062a\u0628\u0646\u0627 \u0648\u0627\u0633\u062a\u0648\u062f\u064a\u0648\u0647\u0627\u062a \u0627\u0644\u062a\u0631\u062c\u0645\u0629 \u0627\u0644\u0641\u0648\u0631\u064a\u0629 \u0642\u0628\u0644 \u0648\u0628\u0639\u062f \u0627\u0644\u0627\u062c\u062a\u0645\u0627\u0639\u0627\u062a \u0648\u0627\u0644\u0645\u0624\u062a\u0645\u0631\u0627\u062a. \u0646\u062d\u0646 \u0646\u0628\u062d\u062b \u0639\u0646 \u062a\u0648\u0638\u064a\u0641 \u0645\u0648\u0638\u0641\u064a\u0646 \u0627\u062b\u0646\u064a\u0646 (\u2013) \u0644\u0645\u062f\u0629 3 \u0623\u064a\u0627\u0645 \u0641\u064a \u0627\u0644\u0623\u0633\u0628\u0648\u0639 \u0645\u0639 \u0633\u0627\u0639\u0627\u062a \u0639\u0645\u0644 \u0645\u0631\u0646\u0629.<\/p>\n<p>[spacer size=\"20\"]<\/p>\n<h2><strong>\u0645\u062c\u0645\u0648\u0639\u0629 \u0645\u062e\u062a\u0627\u0631\u0629 \u0645\u0646 \u0627\u0644\u0645\u0647\u0627\u0645<\/strong><\/h2>\n<ul>\n<li>\u062a\u062c\u0647\u064a\u0632 \u0642\u0627\u0639\u0627\u062a \u0627\u0644\u0627\u062c\u062a\u0645\u0627\u0639\u0627\u062a \u0648\u0627\u0644\u0645\u0624\u062a\u0645\u0631\u0627\u062a \u0648\u0645\u062a\u0627\u0628\u0639\u062a\u0647\u0627<\/li>\n<li>\u0627\u0644\u0645\u0633\u0627\u0639\u062f\u0629 \u0641\u064a \u0625\u0639\u062f\u0627\u062f \u0627\u0644\u0628\u0648\u0641\u064a\u0647 \u0648\u0627\u0644\u0645\u0623\u0643\u0648\u0644\u0627\u062a<\/li>\n<li>\u0625\u0639\u0627\u062f\u0629 \u062a\u0639\u0628\u0626\u0629 \u0627\u0644\u0645\u0648\u0627\u062f \u0627\u0644\u0627\u0633\u062a\u0647\u0644\u0627\u0643\u064a\u0629<\/li>\n<li>\u062a\u0646\u0638\u064a\u0641 \u0625\u0636\u0627\u0641\u064a \u0644\u0644\u0645\u0646\u0627\u0637\u0642 \u0627\u0644\u0641\u0631\u062f\u064a\u0629 \u0630\u0627\u062a \u0627\u0644\u0627\u0632\u062f\u062d\u0627\u0645 \u0627\u0644\u0634\u062f\u064a\u062f \u0645\u062b\u0644 \u0627\u0644\u0645\u0637\u0628\u062e \u0648\u0627\u0644\u0645\u0631\u0627\u062d\u064a\u0636 \u0648\u0627\u0644\u0645\u0646\u0627\u0637\u0642 \u0627\u0644\u0645\u0634\u062a\u0631\u0643\u0629 (\u064a\u062a\u0645 \u0625\u062c\u0631\u0627\u0621 \u0627\u0644\u062a\u0646\u0638\u064a\u0641 \u0627\u0644\u0623\u0633\u0627\u0633\u064a \u0623\u0633\u0628\u0648\u0639\u064a\u064b\u0627 \u0628\u0648\u0627\u0633\u0637\u0629 \u062e\u062f\u0645\u0629 \u062a\u0646\u0638\u064a\u0641)<\/li>\n<\/ul>\n<p>[spacer size=\"20\"]<\/p>\n<h2><strong>\u0645\u0644\u0641\u0643 \u0627\u0644\u0634\u062e\u0635\u064a<\/strong><\/h2>\n<ul>\n<li>\u0637\u0631\u064a\u0642\u0629 \u0639\u0645\u0644 \u0648\u062f\u064a\u0629 \u0648\u0645\u0641\u064a\u062f\u0629<\/li>\n<li>\u0644\u062f\u064a\u0643 \u0645\u0647\u0627\u0631\u0627\u062a \u062a\u0646\u0638\u064a\u0645\u064a\u0629 \u062c\u064a\u062f\u0629 \u0648\u0639\u064a\u0646 \u062c\u064a\u062f\u0629 \u0644\u0644\u0645\u0647\u0627\u0645 \u0627\u0644\u062a\u064a \u062a\u0642\u0648\u0645 \u0628\u0647\u0627<\/li>\n<li>\u0645\u0647\u0627\u0631\u0627\u062a \u0627\u0644\u0644\u063a\u0629 \u0627\u0644\u0623\u0644\u0645\u0627\u0646\u064a\u0629<\/li>\n<\/ul>\n<p>[spacer size=\"20\"]<\/p>\n<h2><strong>\u0645\u0627 \u0646\u0642\u062f\u0645\u0647<\/strong><\/h2>\n<ul>\n<li>\u0648\u0638\u064a\u0641\u0629 \u062f\u0627\u0626\u0645\u0629 \u0628\u0623\u062c\u0631 \u0639\u0627\u062f\u0644 \u0639\u0644\u0649 \u0623\u0633\u0627\u0633 510 \u064a\u0648\u0631\u0648<\/li>\n<li>\u0641\u0631\u064a\u0642 \u0639\u0645\u0644 \u0631\u0627\u0626\u0639 \u0648\u0648\u062f\u0648\u062f<\/li>\n<li>\u0627\u0644\u062a\u0633\u0644\u0633\u0644\u0627\u062a \u0627\u0644\u0647\u0631\u0645\u064a\u0629 \u0627\u0644\u0645\u0633\u0637\u062d\u0629 \u0648\u0639\u0645\u0644\u064a\u0627\u062a \u0635\u0646\u0639 \u0627\u0644\u0642\u0631\u0627\u0631 \u0627\u0644\u0642\u0635\u064a\u0631\u0629<\/li>\n<li>\u0645\u0643\u0627\u0646 \u0639\u0645\u0644 \u0639\u0635\u0631\u064a \u0630\u0648 \u0645\u0648\u0642\u0639 \u0645\u0631\u0643\u0632\u064a \u0648\u062d\u062f\u064a\u062b<\/li>\n<li>\u0627\u0644\u062a\u0646\u0638\u064a\u0645 \u0627\u0644\u062d\u0631 \u0644\u0633\u0627\u0639\u0627\u062a \u0627\u0644\u0639\u0645\u0644<\/li>\n<\/ul>\n<p>[spacer size=\"20\"]<\/p>\n<h2>\u062a\u0642\u062f\u0645 \u0628\u0637\u0644\u0628\u0643 \u0627\u0644\u0622\u0646<\/h2>\n<p>\u0646\u062d\u0646 \u0646\u062a\u0637\u0644\u0639 \u0625\u0644\u0649 \u062a\u0644\u0642\u064a \u0637\u0644\u0628\u0643! \u0645\u0627 \u0639\u0644\u064a\u0643 \u0633\u0648\u0649 \u0625\u0631\u0633\u0627\u0644 \u0628\u0631\u064a\u062f \u0625\u0644\u0643\u062a\u0631\u0648\u0646\u064a \u0625\u0644\u0649:<\/p>\n<p>\u063a\u0648\u0646\u0627\u0631 \u0647\u064a\u0631\u0645\u064a\u0646\u0627\u0648<br \/>\n<a href=\"mailto:hermenau@konferenztechnik.de\">hermenau@konferenztechnik.de<\/a><\/p>\n<p>\u0646\u062d\u0646 \u0644\u0627 \u0646\u0637\u0644\u0628 \u062e\u0637\u0627\u0628 \u062a\u063a\u0637\u064a\u0629 \u0645\u062d\u062f\u062f\u060c \u0648\u0627\u0644\u0633\u064a\u0631\u0629 \u0627\u0644\u0630\u0627\u062a\u064a\u0629 \u0648\u0627\u0644\u0645\u0631\u0627\u062c\u0639 \u0627\u062e\u062a\u064a\u0627\u0631\u064a\u0629.<\/p>\n<p>\u0625\u0630\u0627 \u0643\u0627\u0646\u062a \u0644\u062f\u064a\u0643 \u0623\u064a \u0623\u0633\u0626\u0644\u0629 \u0623\u062e\u0631\u0649\u060c \u064a\u064f\u0631\u062c\u0649 \u0627\u0644\u0627\u062a\u0635\u0627\u0644 \u0628\u063a\u0648\u0646\u0627\u0631 \u0647\u064a\u0631\u0645\u064a\u0646\u0627\u0648 \u0639\u0644\u0649 : <a href=\"tel:+4930695969014\">030 6959690 14<\/a> \u0623\u0648 \u0639\u0646 \u0637\u0631\u064a\u0642 \u0627\u0644\u0628\u0631\u064a\u062f \u0627\u0644\u0625\u0644\u0643\u062a\u0631\u0648\u0646\u064a.<\/p>\n<\/div>","protected":false},"excerpt":{"rendered":"<p>B\u00fcro Servicekraft (m\/w\/d) gesucht (Berlin) Wir suchen eine B\u00fcro Servicekraft (d\/w\/m) f\u00fcr die Organisation unseres B\u00fcros und unserer Dolmetschstudios vor und nach Meetings und Konferenzen. Wir gehen von einer Besch\u00e4ftigung von 2 &#8211; 3 Tagen die Woche mit flexiblen Arbeitszeiten aus. [spacer size=&#8220;20&#8243;] Eine Auswahl an Aufgaben Vor- und Nachbereitung von Meeting- und Konferenzr\u00e4umen Hilfe [&hellip;]<\/p>","protected":false},"author":1,"featured_media":45482,"parent":5827,"menu_order":0,"comment_status":"closed","ping_status":"closed","template":"","meta":{"_acf_changed":false,"footnotes":""},"class_list":["post-20181","page","type-page","status-publish","has-post-thumbnail","hentry"],"acf":[],"_links":{"self":[{"href":"https:\/\/konferenztechnik.de\/ar\/wp-json\/wp\/v2\/pages\/20181","targetHints":{"allow":["GET"]}}],"collection":[{"href":"https:\/\/konferenztechnik.de\/ar\/wp-json\/wp\/v2\/pages"}],"about":[{"href":"https:\/\/konferenztechnik.de\/ar\/wp-json\/wp\/v2\/types\/page"}],"author":[{"embeddable":true,"href":"https:\/\/konferenztechnik.de\/ar\/wp-json\/wp\/v2\/users\/1"}],"replies":[{"embeddable":true,"href":"https:\/\/konferenztechnik.de\/ar\/wp-json\/wp\/v2\/comments?post=20181"}],"version-history":[{"count":0,"href":"https:\/\/konferenztechnik.de\/ar\/wp-json\/wp\/v2\/pages\/20181\/revisions"}],"up":[{"embeddable":true,"href":"https:\/\/konferenztechnik.de\/ar\/wp-json\/wp\/v2\/pages\/5827"}],"wp:featuredmedia":[{"embeddable":true,"href":"https:\/\/konferenztechnik.de\/ar\/wp-json\/wp\/v2\/media\/45482"}],"wp:attachment":[{"href":"https:\/\/konferenztechnik.de\/ar\/wp-json\/wp\/v2\/media?parent=20181"}],"curies":[{"name":"\u062f\u0628\u0644\u064a\u0648 \u0628\u064a","href":"https:\/\/api.w.org\/{rel}","templated":true}]}}