{"id":2278,"date":"2013-09-20T14:10:18","date_gmt":"2013-09-20T12:10:18","guid":{"rendered":"https:\/\/konferenztechnik.de\/?page_id=2278"},"modified":"2023-07-05T14:29:38","modified_gmt":"2023-07-05T12:29:38","slug":"%d8%a7%d9%84%d8%af%d9%8a%d9%86%d8%a7%d9%85%d9%8a%d9%83%d9%8a%d8%a7%d8%aa-%d9%88%d8%a7%d9%84%d8%aa%d8%a3%d8%ab%d9%8a%d8%b1%d8%a7%d8%aa","status":"publish","type":"page","link":"https:\/\/konferenztechnik.de\/ar\/%d8%aa%d9%88%d8%b2%d9%8a%d8%b9-%d8%aa%d9%83%d9%86%d9%88%d9%84%d9%88%d8%ac%d9%8a%d8%a7-%d8%a7%d9%84%d9%85%d8%a4%d8%aa%d9%85%d8%b1%d8%a7%d8%aa-%d9%88%d9%88%d8%b3%d8%a7%d8%a6%d8%b7-%d8%a7%d9%84%d8%a5\/%d9%85%d9%8a%d9%83%d8%b1%d9%88%d9%81%d9%88%d9%86%d8%a7%d8%aa-%d8%aa%d9%82%d9%86%d9%8a%d8%a9-%d8%a7%d9%84%d8%b5%d9%88%d8%aa-%d9%85%d9%8a%d9%83%d8%b1%d9%88%d9%81%d9%88%d9%86%d8%a7%d8%aa-%d8%aa%d9%82\/%d8%a7%d9%84%d8%af%d9%8a%d9%86%d8%a7%d9%85%d9%8a%d9%83%d9%8a%d8%a7%d8%aa-%d9%88%d8%a7%d9%84%d8%aa%d8%a3%d8%ab%d9%8a%d8%b1%d8%a7%d8%aa\/","title":{"rendered":"\u0627\u0644\u062f\u064a\u0646\u0627\u0645\u064a\u0643\u064a\u0627\u062a \u0648\u0627\u0644\u062a\u0623\u062b\u064a\u0631\u0627\u062a"},"content":{"rendered":"<h1>\u0627\u0644\u062f\u064a\u0646\u0627\u0645\u064a\u0643\u064a\u0627\u062a \u0648\u0627\u0644\u062a\u0623\u062b\u064a\u0631\u0627\u062a<\/h1>\n<h2>\u0646\u064a\u0643\u0633\u064a\u0627<\/h2>\n<p><a href=\"https:\/\/konferenztechnik.de\/wp-content\/uploads\/2013\/09\/Biamp_Nexia_CS_gross.jpg\"><img fetchpriority=\"high\" decoding=\"async\" width=\"603\" height=\"217\" class=\"alignleft size-full wp-image-2408\" src=\"https:\/\/konferenztechnik.de\/wp-content\/uploads\/2013\/09\/Biamp_Nexia_CS_gross.jpg\" alt=\"\u0646\u064a\u0643\u0633\u064a\u0627\" title=\"\" srcset=\"https:\/\/konferenztechnik.de\/wp-content\/uploads\/2013\/09\/Biamp_Nexia_CS_gross.jpg 603w, https:\/\/konferenztechnik.de\/wp-content\/uploads\/2013\/09\/Biamp_Nexia_CS_gross-300x108.jpg 300w\" sizes=\"(max-width: 603px) 100vw, 603px\" \/><\/a><\/p>\n<p>Nexia \u0647\u0648 \u0646\u0638\u0627\u0645 \u0635\u0648\u062a\u064a \u0631\u0642\u0645\u064a \u0641\u0639\u0627\u0644 \u0645\u0646 \u062d\u064a\u062b \u0627\u0644\u062a\u0643\u0644\u0641\u0629 \u064a\u0645\u0643\u0646 \u0628\u0631\u0645\u062c\u062a\u0647 \u0628\u062d\u0631\u064a\u0629 \u0639\u0628\u0631 \u0648\u0627\u062c\u0647\u0629 \u0645\u0633\u062a\u062e\u062f\u0645 \u0631\u0633\u0648\u0645\u064a\u0629. \u062a\u062a\u0648\u0641\u0631 \u0633\u0644\u0633\u0644\u0629 Nexia \u0641\u064a \u062a\u0643\u0648\u064a\u0646\u0627\u062a \u0645\u062e\u062a\u0644\u0641\u0629 \u0644\u0644\u0625\u062f\u062e\u0627\u0644\/\u0627\u0644\u0625\u062e\u0631\u0627\u062c\u060c \u0645\u0645\u0627 \u064a\u062c\u0639\u0644 \u0645\u0646 \u0627\u0644\u0633\u0647\u0644 \u0627\u0644\u0639\u062b\u0648\u0631 \u0639\u0644\u0649 \u0627\u0644\u062c\u0647\u0627\u0632 \u0627\u0644\u0645\u0646\u0627\u0633\u0628 \u0644\u0623\u064a \u062a\u0637\u0628\u064a\u0642. \u064a\u0645\u0643\u0646 \u0631\u0628\u0637 \u0645\u0627 \u064a\u0635\u0644 \u0625\u0644\u0649 \u0623\u0631\u0628\u0639\u0629 \u0623\u0646\u0638\u0645\u0629 Nexia \u0645\u0639\u0627\u064b \u0639\u0644\u0649 \u062c\u0627\u0646\u0628 \u0627\u0644\u0635\u0648\u062a \u0639\u0628\u0631 \u0646\u0627\u0642\u0644 NexLink \u0627\u0644\u062f\u0627\u062e\u0644\u064a. \u0648\u0628\u0627\u0644\u062a\u0627\u0644\u064a \u064a\u0645\u0643\u0646 \u0627\u0633\u062a\u062e\u062f\u0627\u0645 Nexia \u0641\u064a \u0645\u0631\u0627\u0643\u0632 \u0627\u0644\u0645\u0624\u062a\u0645\u0631\u0627\u062a\u060c \u0623\u0648 \u0627\u0644\u0642\u0627\u0639\u0627\u062a \u0645\u062a\u0639\u062f\u062f\u0629 \u0627\u0644\u0623\u063a\u0631\u0627\u0636\u060c \u0623\u0648 \u0642\u0627\u0639\u0627\u062a \u0627\u0644\u062a\u062f\u0631\u064a\u0628\u060c \u0623\u0648 \u0627\u0644\u0645\u0637\u0627\u0639\u0645\u060c \u0623\u0648 \u0641\u064a \u0623\u064a \u0645\u0643\u0627\u0646 \u064a\u062a\u0637\u0644\u0628 \u0646\u0638\u0627\u0645 \u0635\u0648\u062a\u064a \u0642\u0627\u0628\u0644 \u0644\u0644\u0628\u0631\u0645\u062c\u0629 \u0628\u062d\u0631\u064a\u0629.<\/p>\n<h2>\u0646\u064a\u0643\u0633\u064a\u0627<\/h2>\n<p>\u062a\u062a\u0648\u0641\u0631 \u0623\u0646\u0648\u0627\u0639 Nexia \u0627\u0644\u062a\u0627\u0644\u064a\u0629:<\/p>\n<ul>\n<li>Nexia CS: \u0644\u0644\u062a\u0637\u0628\u064a\u0642\u0627\u062a \u0643\u062b\u064a\u0641\u0629 \u0627\u0644\u0645\u064a\u0643\u0631\u0648\u0641\u0648\u0646\u0627\u062a \u0645\u062b\u0644 \u0642\u0627\u0639\u0627\u062a \u0627\u0644\u0645\u0624\u062a\u0645\u0631\u0627\u062a<\/li>\n<li>Nexia PM: \u0645\u0646\u0627\u0633\u0628 \u0628\u0634\u0643\u0644 \u062e\u0627\u0635 \u0644\u062a\u0637\u0628\u064a\u0642\u0627\u062a \u0627\u0644\u0635\u0648\u062a \u0648\u0627\u0644\u0635\u0648\u0631\u0629 \u062d\u064a\u062b \u064a\u062a\u0645 \u0627\u0633\u062a\u062e\u062f\u0627\u0645 \u0643\u0644 \u0645\u0646 \u0627\u0644\u0645\u064a\u0643\u0631\u0648\u0641\u0648\u0646\u0627\u062a \u0648\u0623\u062c\u0647\u0632\u0629 \u0627\u0644\u062a\u0634\u063a\u064a\u0644<\/li>\n<li>Nexia SP: \u0645\u062b\u0627\u0644\u064a \u0644\u0644\u062a\u0637\u0628\u064a\u0642\u0627\u062a \u0627\u0644\u062a\u064a \u062a\u062d\u062a\u0627\u062c \u0625\u0644\u0649 \u062a\u0648\u0632\u064a\u0639 \u0625\u0634\u0627\u0631\u0627\u062a \u0627\u0644\u062e\u0637 \u0639\u0644\u0649 \u0639\u062f\u062f \u0643\u0628\u064a\u0631 \u0645\u0646 \u0627\u0644\u0645\u062e\u0631\u062c\u0627\u062a<\/li>\n<li>Nexia TC: \u0645\u062b\u0627\u0644\u064a \u0644\u0645\u062c\u0645\u0648\u0639\u0629 \u0643\u0628\u064a\u0631\u0629 \u0645\u0646 \u062a\u0637\u0628\u064a\u0642\u0627\u062a \u0627\u0644\u0645\u0643\u0627\u0644\u0645\u0627\u062a \u0627\u0644\u062c\u0645\u0627\u0639\u064a\u0629<\/li>\n<li>Nexia VC: \u0645\u0646\u0627\u0633\u0628 \u0628\u0634\u0643\u0644 \u0645\u062b\u0627\u0644\u064a \u0644\u0645\u062c\u0645\u0648\u0639\u0629 \u0648\u0627\u0633\u0639\u0629 \u0645\u0646 \u062a\u0637\u0628\u064a\u0642\u0627\u062a \u0645\u0624\u062a\u0645\u0631\u0627\u062a \u0627\u0644\u0641\u064a\u062f\u064a\u0648<\/li>\n<\/ul>\n<h2>\u0633\u0627\u0628\u064a\u0646 FBX-2400<\/h2>\n<p><a href=\"https:\/\/konferenztechnik.de\/wp-content\/uploads\/2013\/09\/Sabine_FBX1200-2400_gross.jpg\"><img decoding=\"async\" width=\"800\" height=\"75\" class=\"alignleft size-full wp-image-2407\" src=\"https:\/\/konferenztechnik.de\/wp-content\/uploads\/2013\/09\/Sabine_FBX1200-2400_gross.jpg\" alt=\"\u0633\u0627\u0628\u064a\u0646 FBX-2400\" title=\"\" srcset=\"https:\/\/konferenztechnik.de\/wp-content\/uploads\/2013\/09\/Sabine_FBX1200-2400_gross.jpg 800w, https:\/\/konferenztechnik.de\/wp-content\/uploads\/2013\/09\/Sabine_FBX1200-2400_gross-300x28.jpg 300w, https:\/\/konferenztechnik.de\/wp-content\/uploads\/2013\/09\/Sabine_FBX1200-2400_gross-768x72.jpg 768w\" sizes=\"(max-width: 800px) 100vw, 800px\" \/><\/a><\/p>\n<p>\u0645\u0639 <em>\u0633\u0627\u0628\u064a\u0646 \u0641\u064a\u062f\u0628\u0627\u0643-\u0627\u0644\u0645\u0628\u064a\u062f<\/em> \u064a\u0645\u0643\u0646 \u0643\u0628\u062d \u0631\u062f\u0648\u062f \u0627\u0644\u0641\u0639\u0644 \u062a\u0644\u0642\u0627\u0626\u064a\u0627\u064b \u0648\u0628\u0634\u0643\u0644 \u0645\u0648\u062b\u0648\u0642. \u0625\u0646 \u0627\u0644\u062a\u0642\u0646\u064a\u0629 \u0627\u0644\u062a\u064a \u062a\u0642\u0641 \u0648\u0631\u0627\u0621\u0647\u0627 \u0647\u064a \u0627\u0644\u0622\u0646 \u0641\u064a \u062c\u064a\u0644\u0647\u0627 \u0627\u0644\u062e\u0627\u0645\u0633 \u0648\u062a\u0639\u0645\u0644 \u0645\u0639 <em>\u062a\u0642\u0646\u064a\u0629 SMARTFilter<\/em>.<\/p>\n<h2>\u0633\u0627\u0628\u064a\u0646 FBX-2400<\/h2>\n<ul>\n<li>\u0645\u0627 \u064a\u0635\u0644 \u0625\u0644\u0649 12 \u0645\u0631\u0634\u062d\u0627\u064b \u062a\u0644\u0642\u0627\u0626\u064a\u0627\u064b \u0644\u0644\u062a\u063a\u0630\u064a\u0629 \u0627\u0644\u0631\u0627\u062c\u0639\u0629 \u0644\u0643\u0644 \u0642\u0646\u0627\u0629<\/li>\n<li>2 \u0642\u0646\u0648\u0627\u062a<\/li>\n<li>\u0645\u062f\u062e\u0644\u0627\u062a\/\u0645\u062e\u0627\u0631\u062c \u0627\u0644\u0635\u0648\u062a \u0639\u0628\u0631 XLR<\/li>\n<li>1\/10 \u06481\/5 \u0623\u0648\u0643\u062a\u0627\u0641 \u0642\u0627\u0628\u0644\u0629 \u0644\u0644\u062a\u0628\u062f\u064a\u0644 \u062d\u0633\u0628 \u0627\u0644\u062a\u0637\u0628\u064a\u0642<\/li>\n<li>\u0627\u0644\u0645\u0631\u0634\u062d\u0627\u062a \u0627\u0644\u062b\u0627\u0628\u062a\u0629 \u0648\u0627\u0644\u062f\u064a\u0646\u0627\u0645\u064a\u0643\u064a\u0629<\/li>\n<li>\u062a\u0642\u0646\u064a\u0629 \u0627\u0644\u0641\u0644\u062a\u0631 \u0627\u0644\u0630\u0643\u064a<\/li>\n<\/ul>","protected":false},"excerpt":{"rendered":"<p>Dynamics und Effekte Nexia Nexia ist ein kosteneffektives digitales Audiosystem, das \u00fcber eine grafische Oberfl\u00e4che frei programmiert werden kann. Die Nexia-Serie ist in verschiedenen I\/O-Konfigurationen erh\u00e4ltlich, so l\u00e4sst sich f\u00fcr jede Anwendung schnell das passende Ger\u00e4t finden. Bis zu vier Nexia Systeme k\u00f6nnen \u00fcber den internen NexLink Bus miteinander audioseitig gekoppelt werden. Nexia kommt so [&hellip;]<\/p>","protected":false},"author":1,"featured_media":45482,"parent":1289,"menu_order":139,"comment_status":"closed","ping_status":"open","template":"","meta":{"_acf_changed":false,"footnotes":""},"class_list":["post-2278","page","type-page","status-publish","has-post-thumbnail","hentry"],"acf":[],"_links":{"self":[{"href":"https:\/\/konferenztechnik.de\/ar\/wp-json\/wp\/v2\/pages\/2278","targetHints":{"allow":["GET"]}}],"collection":[{"href":"https:\/\/konferenztechnik.de\/ar\/wp-json\/wp\/v2\/pages"}],"about":[{"href":"https:\/\/konferenztechnik.de\/ar\/wp-json\/wp\/v2\/types\/page"}],"author":[{"embeddable":true,"href":"https:\/\/konferenztechnik.de\/ar\/wp-json\/wp\/v2\/users\/1"}],"replies":[{"embeddable":true,"href":"https:\/\/konferenztechnik.de\/ar\/wp-json\/wp\/v2\/comments?post=2278"}],"version-history":[{"count":0,"href":"https:\/\/konferenztechnik.de\/ar\/wp-json\/wp\/v2\/pages\/2278\/revisions"}],"up":[{"embeddable":true,"href":"https:\/\/konferenztechnik.de\/ar\/wp-json\/wp\/v2\/pages\/1289"}],"wp:featuredmedia":[{"embeddable":true,"href":"https:\/\/konferenztechnik.de\/ar\/wp-json\/wp\/v2\/media\/45482"}],"wp:attachment":[{"href":"https:\/\/konferenztechnik.de\/ar\/wp-json\/wp\/v2\/media?parent=2278"}],"curies":[{"name":"\u062f\u0628\u0644\u064a\u0648 \u0628\u064a","href":"https:\/\/api.w.org\/{rel}","templated":true}]}}