{"id":24878,"date":"2023-04-18T11:03:15","date_gmt":"2023-04-18T09:03:15","guid":{"rendered":"http:\/\/dev.konferenztechnik.de\/?page_id=24878"},"modified":"2026-01-13T21:38:08","modified_gmt":"2026-01-13T20:38:08","slug":"%d8%a7%d9%84%d8%b4%d8%b1%d9%83%d8%a9-2","status":"publish","type":"page","link":"https:\/\/konferenztechnik.de\/ar\/%d8%a7%d9%84%d8%b4%d8%b1%d9%83%d8%a9-2\/","title":{"rendered":"\u0634\u0631\u0643\u0629 \u062a\u0643\u0646\u0648\u0644\u0648\u062c\u064a\u0627 \u0627\u0644\u0645\u0639\u0644\u0648\u0645\u0627\u062a"},"content":{"rendered":"<div data-elementor-type=\"wp-page\" data-elementor-id=\"24878\" class=\"elementor elementor-24878\" data-elementor-post-type=\"page\">\n\t\t\t\t<div data-particle_enable=\"false\" data-particle-mobile-disabled=\"false\" class=\"elementor-element elementor-element-d8aba58 e-flex e-con-boxed e-con e-parent\" data-id=\"d8aba58\" data-element_type=\"container\">\n\t\t\t\t\t<div class=\"e-con-inner\">\n\t\t\t\t<div class=\"elementor-element elementor-element-366d4e5 elementor-widget__width-inherit elementor-widget elementor-widget-heading\" data-id=\"366d4e5\" data-element_type=\"widget\" data-widget_type=\"heading.default\">\n\t\t\t\t<div class=\"elementor-widget-container\">\n\t\t\t\t\t<h1 class=\"elementor-heading-title elementor-size-default\">\u0634\u0631\u0643\u0629 \u062a\u0643\u0646\u0648\u0644\u0648\u062c\u064a\u0627 \u0627\u0644\u0645\u0639\u0644\u0648\u0645\u0627\u062a<\/h1>\t\t\t\t<\/div>\n\t\t\t\t<\/div>\n\t\t\t\t<div class=\"elementor-element elementor-element-e4b6b7a elementor-widget elementor-widget-image\" data-id=\"e4b6b7a\" data-element_type=\"widget\" data-widget_type=\"image.default\">\n\t\t\t\t<div class=\"elementor-widget-container\">\n\t\t\t\t\t\t\t\t\t\t\t\t\t\t\t<img fetchpriority=\"high\" decoding=\"async\" width=\"1300\" height=\"486\" src=\"https:\/\/konferenztechnik.de\/wp-content\/uploads\/2023\/04\/it-unternehmen.jpg\" class=\"attachment-full size-full wp-image-24879\" alt=\"\u0641\u0646\u064a \u062a\u0643\u0646\u0648\u0644\u0648\u062c\u064a\u0627 \u0627\u0644\u0645\u0639\u0644\u0648\u0645\u0627\u062a \u064a\u0642\u0648\u0645 \u0628\u062a\u0648\u0635\u064a\u0644 \u0643\u0627\u0628\u0644\u0627\u062a LAN \u0641\u064a \u062d\u0627\u0626\u0637 \u0645\u0644\u064a\u0621 \u0628\u0623\u062c\u0647\u0632\u0629 \u0627\u0644\u0643\u0645\u0628\u064a\u0648\u062a\u0631\" srcset=\"https:\/\/konferenztechnik.de\/wp-content\/uploads\/2023\/04\/it-unternehmen.jpg 1300w, https:\/\/konferenztechnik.de\/wp-content\/uploads\/2023\/04\/it-unternehmen-300x112.jpg 300w, https:\/\/konferenztechnik.de\/wp-content\/uploads\/2023\/04\/it-unternehmen-1024x383.jpg 1024w, https:\/\/konferenztechnik.de\/wp-content\/uploads\/2023\/04\/it-unternehmen-768x287.jpg 768w, https:\/\/konferenztechnik.de\/wp-content\/uploads\/2023\/04\/it-unternehmen-18x7.jpg 18w\" sizes=\"(max-width: 1300px) 100vw, 1300px\" title=\"\">\t\t\t\t\t\t\t\t\t\t\t\t\t\t\t<\/div>\n\t\t\t\t<\/div>\n\t\t\t\t\t<\/div>\n\t\t\t\t<\/div>\n\t\t<div data-particle_enable=\"false\" data-particle-mobile-disabled=\"false\" class=\"elementor-element elementor-element-9deafd4 e-flex e-con-boxed e-con e-parent\" data-id=\"9deafd4\" data-element_type=\"container\">\n\t\t\t\t\t<div class=\"e-con-inner\">\n\t\t\t\t<div class=\"elementor-element elementor-element-66ea8b4 elementor-widget elementor-widget-heading\" data-id=\"66ea8b4\" data-element_type=\"widget\" data-settings=\"{&quot;_animation&quot;:&quot;none&quot;}\" data-widget_type=\"heading.default\">\n\t\t\t\t<div class=\"elementor-widget-container\">\n\t\t\t\t\t<h2 class=\"elementor-heading-title elementor-size-default\">AV over IP: \u0645\u0633\u062a\u0642\u0628\u0644 \u062a\u0643\u0646\u0648\u0644\u0648\u062c\u064a\u0627 \u0627\u0644\u0641\u0639\u0627\u0644\u064a\u0627\u062a \u0648\u0627\u0644\u0625\u0639\u0644\u0627\u0645<\/h2>\t\t\t\t<\/div>\n\t\t\t\t<\/div>\n\t\t\t\t<div class=\"elementor-element elementor-element-d16fcf6 elementor-widget__width-inherit elementor-widget elementor-widget-text-editor\" data-id=\"d16fcf6\" data-element_type=\"widget\" data-widget_type=\"text-editor.default\">\n\t\t\t\t<div class=\"elementor-widget-container\">\n\t\t\t\t\t\t\t\t\t<p>\u0645\u0633\u062a\u0642\u0628\u0644 \u062a\u0642\u0646\u064a\u0629 \u0627\u0644\u0648\u0633\u0627\u0626\u0637 \u0627\u0644\u0633\u0645\u0639\u064a\u0629 \u0627\u0644\u0628\u0635\u0631\u064a\u0629 \u064a\u0639\u062a\u0645\u062f \u0639\u0644\u0649 \u0627\u0644\u0634\u0628\u0643\u0627\u062a. \u0647\u0630\u0627 \u0627\u0644\u062a\u062d\u0648\u0644 \u0645\u0633\u062a\u0645\u0631 \u0645\u0646\u0630 \u0633\u0646\u0648\u0627\u062a \u0648\u0642\u062f \u0623\u062b\u0628\u062a \u0641\u0639\u0627\u0644\u064a\u062a\u0647 \u0639\u0644\u0649 \u0627\u0644\u0645\u062f\u0649 \u0627\u0644\u0637\u0648\u064a\u0644. \u0641\u064a \u062a\u0642\u0646\u064a\u0629 \u0627\u0644\u0641\u0639\u0627\u0644\u064a\u0627\u062a \u0648\u0627\u0644\u0648\u0633\u0627\u0626\u0637 \u0627\u0644\u062d\u062f\u064a\u062b\u0629\u060c \u064a\u062a\u0645 \u0646\u0642\u0644 \u0625\u0634\u0627\u0631\u0627\u062a \u0627\u0644\u0635\u0648\u062a \u0648\u0627\u0644\u0641\u064a\u062f\u064a\u0648 \u0648\u0627\u0644\u062a\u062d\u0643\u0645 \u0628\u0623\u0639\u0644\u0649 \u062c\u0648\u062f\u0629 \u0639\u0628\u0631 \u0634\u0628\u0643\u0627\u062a IP. \u062a\u0633\u062a\u062e\u062f\u0645 \u062a\u0642\u0646\u064a\u0629 AV over IP \u0627\u0644\u0645\u0639\u0627\u064a\u064a\u0631 \u0627\u0644\u0631\u0627\u0633\u062e\u0629 \u0644\u062a\u0642\u0646\u064a\u0629 \u0627\u0644\u0645\u0639\u0644\u0648\u0645\u0627\u062a \u0648\u0627\u0644\u0634\u0628\u0643\u0627\u062a \u0648\u062a\u062a\u064a\u062d \u0625\u0646\u0634\u0627\u0621 \u0628\u0646\u0649 \u062a\u062d\u062a\u064a\u0629 \u0633\u0645\u0639\u064a\u0629 \u0628\u0635\u0631\u064a\u0629 \u0645\u0631\u0646\u0629 \u0648\u0642\u0627\u0628\u0644\u0629 \u0644\u0644\u062a\u0637\u0648\u064a\u0631 \u0648\u0639\u0627\u0644\u064a\u0629 \u0627\u0644\u0623\u062f\u0627\u0621.<\/p><p>\u0623\u0635\u0628\u062d\u062a \u0627\u0644\u0623\u062c\u0647\u0632\u0629 \u0627\u0644\u062d\u062f\u064a\u062b\u0629 \u0644\u062a\u0642\u0646\u064a\u0627\u062a \u0627\u0644\u0635\u0648\u062a \u0648\u0627\u0644\u0641\u064a\u062f\u064a\u0648 \u0627\u0644\u064a\u0648\u0645 \u0623\u0646\u0638\u0645\u0629 \u0642\u0627\u0626\u0645\u0629 \u0639\u0644\u0649 \u062a\u0643\u0646\u0648\u0644\u0648\u062c\u064a\u0627 \u0627\u0644\u0645\u0639\u0644\u0648\u0645\u0627\u062a. \u0648\u0628\u0627\u0644\u062a\u0627\u0644\u064a\u060c \u062a\u062a\u0637\u0648\u0631 \u0645\u062a\u0637\u0644\u0628\u0627\u062a \u0627\u0644\u0645\u0648\u0638\u0641\u064a\u0646 \u0627\u0644\u0645\u062a\u062e\u0635\u0635\u064a\u0646 \u0623\u064a\u0636\u064b\u0627: \u064a\u0639\u0645\u0644 \u0641\u0646\u064a\u0648 \u0627\u0644\u0635\u0648\u062a \u0648\u0627\u0644\u0641\u064a\u062f\u064a\u0648 \u0628\u0634\u0643\u0644 \u0645\u062a\u0632\u0627\u064a\u062f \u0639\u0644\u0649 \u0627\u0644\u062a\u0642\u0627\u0637\u0639 \u0628\u064a\u0646 \u062a\u0643\u0646\u0648\u0644\u0648\u062c\u064a\u0627 \u0627\u0644\u0645\u0639\u0644\u0648\u0645\u0627\u062a \u0648\u062a\u0643\u0646\u0648\u0644\u0648\u062c\u064a\u0627 \u0627\u0644\u0634\u0628\u0643\u0627\u062a. \u0648\u0641\u064a \u0627\u0644\u0648\u0642\u062a \u0646\u0641\u0633\u0647\u060c \u064a\u0632\u062f\u0627\u062f \u0639\u062f\u062f \u0627\u0644\u0639\u0645\u0644\u0627\u0621 \u0645\u0646 \u0645\u062c\u0627\u0644 \u062a\u0643\u0646\u0648\u0644\u0648\u062c\u064a\u0627 \u0627\u0644\u0645\u0639\u0644\u0648\u0645\u0627\u062a\u060c \u0645\u0645\u0627 \u064a\u0624\u062f\u064a \u0625\u0644\u0649 \u0645\u0632\u064a\u062f \u0645\u0646 \u0627\u0644\u062a\u0643\u0627\u0645\u0644 \u0628\u064a\u0646 \u0639\u0627\u0644\u0645\u064a \u0627\u0644\u0635\u0648\u062a \u0648\u0627\u0644\u0641\u064a\u062f\u064a\u0648 \u0648\u062a\u0643\u0646\u0648\u0644\u0648\u062c\u064a\u0627 \u0627\u0644\u0645\u0639\u0644\u0648\u0645\u0627\u062a.<\/p><p>\u0646\u062d\u0646 \u0646\u062f\u0639\u0645 \u0647\u0630\u0627 \u0627\u0644\u062a\u062d\u0648\u0644 \u0627\u0644\u062a\u0643\u0646\u0648\u0644\u0648\u062c\u064a \u0628\u0634\u0643\u0644 \u062b\u0627\u0628\u062a \u0648\u0646\u0631\u0649 \u0641\u064a\u0647 \u0625\u0645\u0643\u0627\u0646\u0627\u062a \u0643\u0628\u064a\u0631\u0629 \u0644\u062a\u062d\u0642\u064a\u0642 \u0643\u0641\u0627\u0621\u0629 \u0627\u0644\u0645\u0648\u0627\u0631\u062f \u0648\u0627\u0644\u0627\u0633\u062a\u062f\u0627\u0645\u0629. \u062a\u062a\u064a\u062d \u0627\u0644\u0623\u0646\u0638\u0645\u0629 \u0627\u0644\u0645\u0631\u0643\u0632\u064a\u0629 \u0648\u0627\u0644\u0628\u0646\u064a\u0629 \u0627\u0644\u062a\u062d\u062a\u064a\u0629 \u0627\u0644\u0627\u0641\u062a\u0631\u0627\u0636\u064a\u0629 \u0648\u062a\u0642\u0646\u064a\u0629 \u0627\u0644\u0634\u0628\u0643\u0627\u062a \u0627\u0644\u0630\u0643\u064a\u0629 \u0625\u0646\u0634\u0627\u0621 \u0628\u0646\u064a\u0629 AV \u0645\u0648\u0641\u0631\u0629 \u0644\u0644\u0637\u0627\u0642\u0629 \u0648\u0627\u0644\u0645\u0648\u0627\u0631\u062f \u2013 \u0628\u062f\u0621\u064b\u0627 \u0645\u0646 \u0645\u0631\u0627\u0643\u0632 \u0627\u0644\u0628\u064a\u0627\u0646\u0627\u062a \u0627\u0644\u062e\u0636\u0631\u0627\u0621 \u0648\u0635\u0648\u0644\u064b\u0627 \u0625\u0644\u0649 \u062a\u0642\u0646\u064a\u0629 AV \u0627\u0644\u0645\u0633\u062a\u062f\u0627\u0645\u0629 \u0641\u064a \u0627\u0644\u062a\u0634\u063a\u064a\u0644.<\/p><p>\u0641\u064a\u0645\u0627 \u064a\u062a\u0639\u0644\u0642 \u0628\u0627\u0644\u062a\u0648\u062c\u0647 \u0627\u0644\u0627\u0633\u062a\u0631\u0627\u062a\u064a\u062c\u064a\u060c \u0641\u0625\u0646\u0646\u0627 \u0646\u0633\u062a\u0631\u0634\u062f \u0628\u0627\u0644\u062a\u0637\u0648\u0631\u0627\u062a \u0627\u0644\u062a\u064a \u062a\u0634\u0647\u062f\u0647\u0627 \u0627\u0644\u0634\u0631\u0643\u0627\u062a \u0627\u0644\u062a\u0643\u0646\u0648\u0644\u0648\u062c\u064a\u0629 \u0627\u0644\u0631\u0627\u0626\u062f\u0629. \u0648\u0646\u062d\u0646 \u0646\u0641\u062a\u0631\u0636 \u0623\u0646 \u0639\u0645\u0644\u0627\u0621\u0646\u0627 \u0648\u0634\u0631\u0643\u0627\u0621\u0646\u0627 \u0641\u064a \u0627\u0644\u0645\u0634\u0627\u0631\u064a\u0639 \u0633\u064a\u0643\u0648\u0646\u0648\u0646 \u0641\u064a \u0627\u0644\u0645\u0633\u062a\u0642\u0628\u0644 \u0645\u0646 \u0645\u062c\u0627\u0644 \u062a\u0643\u0646\u0648\u0644\u0648\u062c\u064a\u0627 \u0627\u0644\u0645\u0639\u0644\u0648\u0645\u0627\u062a \u0648\u0627\u0644\u0631\u0642\u0645\u0646\u0629 \u0628\u0634\u0643\u0644 \u0623\u0643\u0628\u0631\u060c \u0648\u0623\u0646\u0647\u0645 \u0633\u064a\u062c\u0639\u0644\u0648\u0646 \u062a\u0642\u0646\u064a\u0629 AV over IP \u0645\u0639\u064a\u0627\u0631\u064b\u0627 \u0641\u064a \u0645\u062c\u0627\u0644 \u062a\u0643\u0646\u0648\u0644\u0648\u062c\u064a\u0627 \u0627\u0644\u0641\u0639\u0627\u0644\u064a\u0627\u062a \u0648\u0627\u0644\u0625\u0639\u0644\u0627\u0645 \u0627\u0644\u0627\u062d\u062a\u0631\u0627\u0641\u064a\u0629.<\/p>\t\t\t\t\t\t\t\t<\/div>\n\t\t\t\t<\/div>\n\t\t\t\t\t<\/div>\n\t\t\t\t<\/div>\n\t\t<div data-particle_enable=\"false\" data-particle-mobile-disabled=\"false\" class=\"elementor-element elementor-element-455c20b e-flex e-con-boxed e-con e-parent\" data-id=\"455c20b\" data-element_type=\"container\" data-settings=\"{&quot;animation&quot;:&quot;none&quot;}\">\n\t\t\t\t\t<div class=\"e-con-inner\">\n\t\t\t\t<div class=\"elementor-element elementor-element-7734196 elementor-widget elementor-widget-heading\" data-id=\"7734196\" data-element_type=\"widget\" data-settings=\"{&quot;_animation&quot;:&quot;none&quot;}\" data-widget_type=\"heading.default\">\n\t\t\t\t<div class=\"elementor-widget-container\">\n\t\t\t\t\t<h2 class=\"elementor-heading-title elementor-size-default\">\u0627\u0644\u0645\u0648\u0627\u0636\u064a\u0639 \u0627\u0644\u0645\u062a\u062f\u0627\u0648\u0644\u0629<\/h2>\t\t\t\t<\/div>\n\t\t\t\t<\/div>\n\t\t\t\t<div class=\"elementor-element elementor-element-1e5ddfb elementor-widget__width-inherit smart-post-list-4-col elementor-widget elementor-widget-eael-post-list\" data-id=\"1e5ddfb\" data-element_type=\"widget\" data-settings=\"{&quot;_animation&quot;:&quot;none&quot;}\" data-widget_type=\"eael-post-list.default\">\n\t\t\t\t<div class=\"elementor-widget-container\">\n\t\t\t\t\t<div class=\"eael-post-list-container advanced layout-advanced\"><div class=\"eael-post-list-wrap\"><div class=\"eael-post-list-posts-wrap eael-post-appender eael-post-appender-1e5ddfb\"><div class=\"eael-post-list-post\"><div class=\"eael-post-list-post-inner\"><div class=\"eael-post-list-thumbnail\"><a href=\"https:\/\/konferenztechnik.de\/ar\/%d8%a7%d9%84%d8%aa%d8%ad%d9%83%d9%85-%d8%a7%d9%84%d8%b0%d9%83%d9%8a-%d9%81%d9%8a-%d9%85%d9%81%d8%aa%d8%a7%d8%ad-%d8%a7%d9%84%d8%b7%d8%a7%d9%82%d8%a9-%d8%b9%d9%86-%d8%a8%d9%8f%d8%b9%d8%af-%d9%84%d8%a5\/\">\n                <img decoding=\"async\" src=\"https:\/\/konferenztechnik.de\/wp-content\/uploads\/2023\/03\/green-conferenceroom.jpg\" alt=\"\" title=\"\">\n            <\/a><\/div><div class=\"eael-post-list-content\"><h3 class=\"eael-post-list-title\"><a href=\"https:\/\/konferenztechnik.de\/ar\/%d8%a7%d9%84%d8%aa%d8%ad%d9%83%d9%85-%d8%a7%d9%84%d8%b0%d9%83%d9%8a-%d9%81%d9%8a-%d9%85%d9%81%d8%aa%d8%a7%d8%ad-%d8%a7%d9%84%d8%b7%d8%a7%d9%82%d8%a9-%d8%b9%d9%86-%d8%a8%d9%8f%d8%b9%d8%af-%d9%84%d8%a5\/\" >\u062a\u062d\u0643\u0645 \u0630\u0643\u064a \u0641\u064a \u0645\u0635\u062f\u0631 \u0627\u0644\u0637\u0627\u0642\u0629 \u0627\u0644\u0630\u0643\u064a \u2013 \u0639\u0628\u0631 \u0645\u0641\u062a\u0627\u062d \u0627\u0644\u0637\u0627\u0642\u0629 \u0639\u0646 \u0628\u064f\u0639\u062f<\/a><\/h3><p>\u062a\u062d\u0643\u0645 \u0630\u0643\u064a \u0641\u064a \u0645\u0632\u0648\u062f \u0627\u0644\u0637\u0627\u0642\u0629 \u2013 \u0639\u0628\u0631 \u0645\u0641\u062a\u0627\u062d \u0627\u0644\u0637\u0627\u0642\u0629 \u0639\u0646 \u0628\u064f\u0639\u062f \u0645\u0641\u062a\u0627\u062d \u0627\u0644\u0637\u0627\u0642\u0629 \u0639\u0646 \u0628\u064f\u0639\u062f: \u0645\u0641\u062a\u0627\u062d \u0627\u0644\u0637\u0627\u0642\u0629 \u0639\u0646 \u0628\u064f\u0639\u062f...<\/p><a href=\"https:\/\/konferenztechnik.de\/ar\/%d8%a7%d9%84%d8%aa%d8%ad%d9%83%d9%85-%d8%a7%d9%84%d8%b0%d9%83%d9%8a-%d9%81%d9%8a-%d9%85%d9%81%d8%aa%d8%a7%d8%ad-%d8%a7%d9%84%d8%b7%d8%a7%d9%82%d8%a9-%d8%b9%d9%86-%d8%a8%d9%8f%d8%b9%d8%af-%d9%84%d8%a5\/\" class=\"eael-post-elements-readmore-btn\" >\u203a \u0623\u0643\u062b\u0631<\/a><div class=\"boxed-meta\"><\/div><\/div><\/div><\/div><div class=\"eael-post-list-post\"><div class=\"eael-post-list-post-inner\"><div class=\"eael-post-list-thumbnail\"><a href=\"https:\/\/konferenztechnik.de\/ar\/%d8%a7%d9%84%d8%a8%d8%ab\/\">\n                <img decoding=\"async\" src=\"https:\/\/konferenztechnik.de\/wp-content\/uploads\/2023\/04\/streaming-hosting-events-jpg.webp\" alt=\"\u0625\u062e\u0631\u0627\u062c \u0627\u0644\u0635\u0648\u062a \u0648\u0625\u062e\u0631\u0627\u062c \u0627\u0644\u0641\u064a\u062f\u064a\u0648 \u0645\u0639 \u0641\u0646\u064a\u064a \u0627\u0644\u062d\u062f\u062b \u0641\u064a \u0642\u0627\u0639\u0629 \u0645\u0624\u062a\u0645\u0631\u0627\u062a\u060c \u0648\u0623\u0645\u0627\u0645\u0647 \u062d\u0631\u0648\u0641 &quot;Live - Live - Live&quot; \u0639\u062f\u0629 \u0645\u0631\u0627\u062a\" title=\"\">\n            <\/a><\/div><div class=\"eael-post-list-content\"><h3 class=\"eael-post-list-title\"><a href=\"https:\/\/konferenztechnik.de\/ar\/%d8%a7%d9%84%d8%a8%d8%ab\/\" >\u0627\u0644\u0628\u062b \u0648\u0627\u0644\u0627\u0633\u062a\u0636\u0627\u0641\u0629<\/a><\/h3><p>\u0628\u062b \u0627\u0644\u0645\u062d\u062a\u0648\u0649 \u0627\u0644\u0645\u0628\u0627\u0634\u0631 \u0648\u0645\u062d\u062a\u0648\u0649 \u0627\u0644\u0641\u064a\u062f\u064a\u0648 \u0648\u0627\u0644\u0623\u0631\u0634\u0641\u0629 \u0648\u0627\u0644\u062a\u0632\u0648\u064a\u062f \u0639\u0644\u0649 \u0627\u0644\u062e\u0648\u0627\u062f\u0645 \u0648\u0645\u0646\u0635\u0627\u062a \u0627\u0644\u0641\u064a\u062f\u064a\u0648<\/p><a href=\"https:\/\/konferenztechnik.de\/ar\/%d8%a7%d9%84%d8%a8%d8%ab\/\" class=\"eael-post-elements-readmore-btn\" >\u203a \u0623\u0643\u062b\u0631<\/a><div class=\"boxed-meta\"><\/div><\/div><\/div><\/div><div class=\"eael-post-list-post\"><div class=\"eael-post-list-post-inner\"><div class=\"eael-post-list-thumbnail\"><a href=\"https:\/\/konferenztechnik.de\/ar\/%d8%a7%d9%84%d9%85%d8%a4%d8%aa%d9%85%d8%b1-%d8%a7%d9%84%d8%a5%d8%b9%d9%84%d8%a7%d9%85%d9%8a-%d9%84%d9%84%d9%85%d8%b4%d8%aa%d8%b1%d9%8a%d8%a7%d8%aa-%d8%a7%d9%84%d9%85%d8%b3%d8%aa%d8%af%d8%a7%d9%85\/\">\n                <img decoding=\"async\" src=\"https:\/\/konferenztechnik.de\/wp-content\/uploads\/2022\/06\/nachhaltige-konferezraeume-jpg.webp\" alt=\"\u0645\u0643\u062a\u0628 \u0635\u063a\u064a\u0631 \u0645\u063a\u0645\u0648\u0631 \u0628\u0627\u0644\u0636\u0648\u0621 \u0641\u064a \u0645\u0628\u0646\u0649 \u0632\u062c\u0627\u062c\u064a \u0623\u0646\u064a\u0642 \u0648\u0639\u0627\u0632\u0644 \u0644\u0644\u0635\u0648\u062a \u062f\u0627\u062e\u0644 \u0642\u0627\u0639\u0629\" title=\"\">\n            <\/a><\/div><div class=\"eael-post-list-content\"><h3 class=\"eael-post-list-title\"><a href=\"https:\/\/konferenztechnik.de\/ar\/%d8%a7%d9%84%d9%85%d8%a4%d8%aa%d9%85%d8%b1-%d8%a7%d9%84%d8%a5%d8%b9%d9%84%d8%a7%d9%85%d9%8a-%d9%84%d9%84%d9%85%d8%b4%d8%aa%d8%b1%d9%8a%d8%a7%d8%aa-%d8%a7%d9%84%d9%85%d8%b3%d8%aa%d8%af%d8%a7%d9%85\/\" >\u0627\u0644\u0645\u0634\u062a\u0631\u064a\u0627\u062a \u0627\u0644\u0645\u0633\u062a\u062f\u0627\u0645\u0629 \u2013 \u0644\u0648\u0633\u0627\u0626\u0644 \u0627\u0644\u0625\u0639\u0644\u0627\u0645 \u0648\u0627\u0644\u0645\u0624\u062a\u0645\u0631\u0627\u062a \u0648\u062a\u0643\u0646\u0648\u0644\u0648\u062c\u064a\u0627 \u062a\u0643\u0646\u0648\u0644\u0648\u062c\u064a\u0627 \u0627\u0644\u0645\u0639\u0644\u0648\u0645\u0627\u062a<\/a><\/h3><p>\u0627\u0644\u0635\u0648\u062a \u0648\u0627\u0644\u0635\u0648\u0631\u0629 \u0627\u0644\u062e\u0636\u0631\u0627\u0621: \u062d\u0644\u0648\u0644 \u0645\u0641\u0627\u0647\u064a\u0645\u064a\u0629 \u0648\u062a\u0642\u0646\u064a\u0629 \u0643\u0641\u0627\u0621\u0629 \u0627\u0644\u0637\u0627\u0642\u0629 \u0648\u0623\u0645\u0627\u0643\u0646 \u0627\u0644\u0639\u0645\u0644 \u0627\u0644\u0645\u062d\u0633\u0651\u0646\u0629 \u0645\u0639 \u062d\u0644\u0648\u0644 \u062c\u062f\u064a\u062f\u0629...<\/p><a href=\"https:\/\/konferenztechnik.de\/ar\/%d8%a7%d9%84%d9%85%d8%a4%d8%aa%d9%85%d8%b1-%d8%a7%d9%84%d8%a5%d8%b9%d9%84%d8%a7%d9%85%d9%8a-%d9%84%d9%84%d9%85%d8%b4%d8%aa%d8%b1%d9%8a%d8%a7%d8%aa-%d8%a7%d9%84%d9%85%d8%b3%d8%aa%d8%af%d8%a7%d9%85\/\" class=\"eael-post-elements-readmore-btn\" >\u203a \u0623\u0643\u062b\u0631<\/a><div class=\"boxed-meta\"><\/div><\/div><\/div><\/div><div class=\"eael-post-list-post\"><div class=\"eael-post-list-post-inner\"><div class=\"eael-post-list-thumbnail\"><a href=\"https:\/\/konferenztechnik.de\/ar\/%d8%a8%d8%a7%d9%82%d8%a7%d8%aa-%d8%ba%d8%b1%d9%81-%d8%a7%d8%ac%d8%aa%d9%85%d8%a7%d8%b9%d8%a7%d8%aa-%d8%a3%d8%ac%d9%87%d8%b2%d8%a9-%d8%a7%d9%84%d9%83%d9%85%d8%a8%d9%8a%d9%88%d8%aa%d8%b1-%d8%a7%d9%84\/\">\n                <img decoding=\"async\" src=\"https:\/\/konferenztechnik.de\/wp-content\/uploads\/2023\/03\/konferenzraum-bundles.jpg\" alt=\"\" title=\"\">\n            <\/a><\/div><div class=\"eael-post-list-content\"><h3 class=\"eael-post-list-title\"><a href=\"https:\/\/konferenztechnik.de\/ar\/%d8%a8%d8%a7%d9%82%d8%a7%d8%aa-%d8%ba%d8%b1%d9%81-%d8%a7%d8%ac%d8%aa%d9%85%d8%a7%d8%b9%d8%a7%d8%aa-%d8%a3%d8%ac%d9%87%d8%b2%d8%a9-%d8%a7%d9%84%d9%83%d9%85%d8%a8%d9%8a%d9%88%d8%aa%d8%b1-%d8%a7%d9%84\/\" >\u062d\u0632\u0645 \u063a\u0631\u0641 \u0627\u0644\u0627\u062c\u062a\u0645\u0627\u0639\u0627\u062a<\/a><\/h3><p>\u0642\u0627\u0639\u0627\u062a \u0627\u062c\u062a\u0645\u0627\u0639\u0627\u062a \u062a\u0641\u0627\u0639\u0644\u064a\u0629 \u0648\u0644\u0627\u0633\u0644\u0643\u064a\u0629 \u0647\u062c\u064a\u0646\u0629 \u0648\u0645\u0631\u0646\u0629 \u062a\u0641\u0627\u0639\u0644\u064a\u0629 \u0648\u0645\u0631\u0646\u0629 \u0627\u0628\u062a\u062f\u0627\u0621\u064b \u0645\u0646 5,000 \u064a\u0648\u0631\u0648<\/p><a href=\"https:\/\/konferenztechnik.de\/ar\/%d8%a8%d8%a7%d9%82%d8%a7%d8%aa-%d8%ba%d8%b1%d9%81-%d8%a7%d8%ac%d8%aa%d9%85%d8%a7%d8%b9%d8%a7%d8%aa-%d8%a3%d8%ac%d9%87%d8%b2%d8%a9-%d8%a7%d9%84%d9%83%d9%85%d8%a8%d9%8a%d9%88%d8%aa%d8%b1-%d8%a7%d9%84\/\" class=\"eael-post-elements-readmore-btn\" >\u203a \u0623\u0643\u062b\u0631<\/a><div class=\"boxed-meta\"><\/div><\/div><\/div><\/div><div class=\"eael-post-list-post\"><div class=\"eael-post-list-post-inner\"><div class=\"eael-post-list-thumbnail\"><a href=\"https:\/\/konferenztechnik.de\/ar\/%d8%a7%d9%84%d8%ad%d9%84%d9%88%d9%84-%d8%a7%d9%84%d8%aa%d9%82%d9%86%d9%8a%d8%a9-%d9%88%d8%a7%d9%84%d9%85%d9%81%d8%a7%d9%87%d9%8a%d9%85%d9%8a%d8%a9-%d9%84%d9%84%d8%b7%d8%a7%d8%a6%d8%b1%d8%a7%d8%aa\/\">\n                <img decoding=\"async\" src=\"https:\/\/konferenztechnik.de\/wp-content\/uploads\/2023\/06\/green-av-konzepte.png\" alt=\"\" title=\"\">\n            <\/a><\/div><div class=\"eael-post-list-content\"><h3 class=\"eael-post-list-title\"><a href=\"https:\/\/konferenztechnik.de\/ar\/%d8%a7%d9%84%d8%ad%d9%84%d9%88%d9%84-%d8%a7%d9%84%d8%aa%d9%82%d9%86%d9%8a%d8%a9-%d9%88%d8%a7%d9%84%d9%85%d9%81%d8%a7%d9%87%d9%8a%d9%85%d9%8a%d8%a9-%d9%84%d9%84%d8%b7%d8%a7%d8%a6%d8%b1%d8%a7%d8%aa\/\" >\u0627\u0644\u0633\u0645\u0639\u064a \u0627\u0644\u0628\u0635\u0631\u064a \u0627\u0644\u0623\u062e\u0636\u0631: \u0627\u0644\u062d\u0644\u0648\u0644 \u0627\u0644\u0645\u0641\u0627\u0647\u064a\u0645\u064a\u0629 \u0648\u0627\u0644\u062a\u0642\u0646\u064a\u0629<\/a><\/h3><p>\u0627\u0644\u0635\u0648\u062a \u0648\u0627\u0644\u0635\u0648\u0631\u0629 \u0627\u0644\u062e\u0636\u0631\u0627\u0621: \u0627\u0644\u062d\u0644\u0648\u0644 \u0627\u0644\u0645\u0641\u0627\u0647\u064a\u0645\u064a\u0629 \u0648\u0627\u0644\u062a\u0642\u0646\u064a\u0629 \u0644\u0644\u0645\u0634\u0627\u0631\u064a\u0639 \u0648\u0627\u0633\u0639\u0629 \u0627\u0644\u0646\u0637\u0627\u0642 \u062a\u0643\u0646\u0648\u0644\u0648\u062c\u064a\u0627 \u0627\u0644\u0645\u0639\u0644\u0648\u0645\u0627\u062a \u0627\u0644\u062e\u0636\u0631\u0627\u0621 \u0648\u0627\u0644\u0645\u0643\u0627\u062a\u0628 \u0627\u0644\u062e\u0636\u0631\u0627\u0621 \u0648\u0627\u0644\u0645\u0643\u0627\u062a\u0628 \u0627\u0644\u062e\u0636\u0631\u0627\u0621...<\/p><a href=\"https:\/\/konferenztechnik.de\/ar\/%d8%a7%d9%84%d8%ad%d9%84%d9%88%d9%84-%d8%a7%d9%84%d8%aa%d9%82%d9%86%d9%8a%d8%a9-%d9%88%d8%a7%d9%84%d9%85%d9%81%d8%a7%d9%87%d9%8a%d9%85%d9%8a%d8%a9-%d9%84%d9%84%d8%b7%d8%a7%d8%a6%d8%b1%d8%a7%d8%aa\/\" class=\"eael-post-elements-readmore-btn\" >\u203a \u0623\u0643\u062b\u0631<\/a><div class=\"boxed-meta\"><\/div><\/div><\/div><\/div><\/div><\/div>\n\t\t<\/div>\t\t\t\t<\/div>\n\t\t\t\t<\/div>\n\t\t\t\t\t<\/div>\n\t\t\t\t<\/div>\n\t\t<div data-particle_enable=\"false\" data-particle-mobile-disabled=\"false\" class=\"elementor-element elementor-element-eaddbcf e-flex e-con-boxed e-con e-parent\" data-id=\"eaddbcf\" data-element_type=\"container\">\n\t\t\t\t\t<div class=\"e-con-inner\">\n\t\t\t\t<div class=\"elementor-element elementor-element-1f7d5a4 elementor-icon-list--layout-traditional elementor-list-item-link-full_width elementor-widget elementor-widget-icon-list\" data-id=\"1f7d5a4\" data-element_type=\"widget\" data-widget_type=\"icon-list.default\">\n\t\t\t\t<div class=\"elementor-widget-container\">\n\t\t\t\t\t\t\t<ul class=\"elementor-icon-list-items\">\n\t\t\t\t\t\t\t<li class=\"elementor-icon-list-item\">\n\t\t\t\t\t\t\t\t\t\t\t<a href=\"\/ar\/%d8%a7%d9%84%d9%85%d8%b1%d8%a7%d8%ac%d8%b9\/\">\n\n\t\t\t\t\t\t\t\t\t\t\t\t<span class=\"elementor-icon-list-icon\">\n\t\t\t\t\t\t\t<svg aria-hidden=\"true\" class=\"e-font-icon-svg e-fas-chevron-right\" viewbox=\"0 0 320 512\" xmlns=\"http:\/\/www.w3.org\/2000\/svg\"><path d=\"M285.476 272.971L91.132 467.314c-9.373 9.373-24.569 9.373-33.941 0l-22.667-22.667c-9.357-9.357-9.375-24.522-.04-33.901L188.505 256 34.484 101.255c-9.335-9.379-9.317-24.544.04-33.901l22.667-22.667c9.373-9.373 24.569-9.373 33.941 0L285.475 239.03c9.373 9.372 9.373 24.568.001 33.941z\"><\/path><\/svg>\t\t\t\t\t\t<\/span>\n\t\t\t\t\t\t\t\t\t\t<span class=\"elementor-icon-list-text\">\u0627\u0644\u0645\u0631\u0627\u062c\u0639<\/span>\n\t\t\t\t\t\t\t\t\t\t\t<\/a>\n\t\t\t\t\t\t\t\t\t<\/li>\n\t\t\t\t\t\t<\/ul>\n\t\t\t\t\t\t<\/div>\n\t\t\t\t<\/div>\n\t\t\t\t\t<\/div>\n\t\t\t\t<\/div>\n\t\t<div data-particle_enable=\"false\" data-particle-mobile-disabled=\"false\" class=\"elementor-element elementor-element-97c330b e-flex e-con-boxed e-con e-parent\" data-id=\"97c330b\" data-element_type=\"container\">\n\t\t\t\t\t<div class=\"e-con-inner\">\n\t\t\t\t<div class=\"elementor-element elementor-element-b17fc3e elementor-widget elementor-widget-shortcode\" data-id=\"b17fc3e\" data-element_type=\"widget\" data-widget_type=\"shortcode.default\">\n\t\t\t\t<div class=\"elementor-widget-container\">\n\t\t\t\t\t\t\t<div class=\"elementor-shortcode\"><\/div>\n\t\t\t\t\t\t<\/div>\n\t\t\t\t<\/div>\n\t\t\t\t\t<\/div>\n\t\t\t\t<\/div>\n\t\t<div data-particle_enable=\"false\" data-particle-mobile-disabled=\"false\" class=\"elementor-element elementor-element-14d115f e-flex e-con-boxed e-con e-parent\" data-id=\"14d115f\" data-element_type=\"container\">\n\t\t\t\t\t<div class=\"e-con-inner\">\n\t\t\t\t<div class=\"elementor-element elementor-element-0f53c4b elementor-widget elementor-widget-shortcode\" data-id=\"0f53c4b\" data-element_type=\"widget\" data-widget_type=\"shortcode.default\">\n\t\t\t\t<div class=\"elementor-widget-container\">\n\t\t\t\t\t\t\t<div class=\"elementor-shortcode\"><\/div>\n\t\t\t\t\t\t<\/div>\n\t\t\t\t<\/div>\n\t\t\t\t\t<\/div>\n\t\t\t\t<\/div>\n\t\t\t\t<\/div>","protected":false},"excerpt":{"rendered":"<p>IT-Unternehmen AV over IP: Die Zukunft der Veranstaltungs- und Medientechnik Die Zukunft der AV-Medientechnik ist netzwerkbasiert. Dieser Wandel vollzieht sich seit Jahren und hat sich nachhaltig bew\u00e4hrt. In der modernen Veranstaltungs- und Medientechnik werden Audio-, Video- und Steuerungssignale in h\u00f6chster Qualit\u00e4t \u00fcber IPNetzwerke \u00fcbertragen. AV over IP nutzt etablierte Standards der IT- und Netzwerktechnik und [&hellip;]<\/p>","protected":false},"author":2,"featured_media":24879,"parent":0,"menu_order":0,"comment_status":"closed","ping_status":"closed","template":"","meta":{"_acf_changed":false,"footnotes":""},"class_list":["post-24878","page","type-page","status-publish","has-post-thumbnail","hentry"],"acf":[],"_links":{"self":[{"href":"https:\/\/konferenztechnik.de\/ar\/wp-json\/wp\/v2\/pages\/24878","targetHints":{"allow":["GET"]}}],"collection":[{"href":"https:\/\/konferenztechnik.de\/ar\/wp-json\/wp\/v2\/pages"}],"about":[{"href":"https:\/\/konferenztechnik.de\/ar\/wp-json\/wp\/v2\/types\/page"}],"author":[{"embeddable":true,"href":"https:\/\/konferenztechnik.de\/ar\/wp-json\/wp\/v2\/users\/2"}],"replies":[{"embeddable":true,"href":"https:\/\/konferenztechnik.de\/ar\/wp-json\/wp\/v2\/comments?post=24878"}],"version-history":[{"count":0,"href":"https:\/\/konferenztechnik.de\/ar\/wp-json\/wp\/v2\/pages\/24878\/revisions"}],"wp:featuredmedia":[{"embeddable":true,"href":"https:\/\/konferenztechnik.de\/ar\/wp-json\/wp\/v2\/media\/24879"}],"wp:attachment":[{"href":"https:\/\/konferenztechnik.de\/ar\/wp-json\/wp\/v2\/media?parent=24878"}],"curies":[{"name":"\u062f\u0628\u0644\u064a\u0648 \u0628\u064a","href":"https:\/\/api.w.org\/{rel}","templated":true}]}}