{"id":2522,"date":"2013-09-23T13:37:16","date_gmt":"2013-09-23T11:37:16","guid":{"rendered":"https:\/\/konferenztechnik.de\/?page_id=2522"},"modified":"2023-07-05T15:01:31","modified_gmt":"2023-07-05T13:01:31","slug":"%d8%b6%d9%88%d8%a7%d8%a8%d8%b7-%d8%a7%d9%84%d9%88%d8%b3%d8%a7%d8%a6%d8%b7","status":"publish","type":"page","link":"https:\/\/konferenztechnik.de\/ar\/%d8%aa%d9%88%d8%b2%d9%8a%d8%b9-%d8%aa%d9%83%d9%86%d9%88%d9%84%d9%88%d8%ac%d9%8a%d8%a7-%d8%a7%d9%84%d9%85%d8%a4%d8%aa%d9%85%d8%b1%d8%a7%d8%aa-%d9%88%d9%88%d8%b3%d8%a7%d8%a6%d8%b7-%d8%a7%d9%84%d8%a5\/%d8%b6%d9%88%d8%a7%d8%a8%d8%b7-%d8%a7%d9%84%d9%88%d8%b3%d8%a7%d8%a6%d8%b7\/","title":{"rendered":"\u0636\u0648\u0627\u0628\u0637 \u0627\u0644\u0648\u0633\u0627\u0626\u0637"},"content":{"rendered":"<h1>\u0636\u0648\u0627\u0628\u0637 \u0627\u0644\u0648\u0633\u0627\u0626\u0637<\/h1>\n<p>\u062a\u0639\u0645\u0644 \u0623\u0646\u0638\u0645\u0629 \u0627\u0644\u062a\u062d\u0643\u0645 \u0641\u064a \u0627\u0644\u0648\u0633\u0627\u0626\u0637 \u0639\u0644\u0649 \u062a\u0646\u0638\u064a\u0645 \u062a\u0643\u0646\u0648\u0644\u0648\u062c\u064a\u0627 \u0627\u0644\u0641\u064a\u062f\u064a\u0648 \u0648\u0627\u0644\u0635\u0648\u062a \u0648\u0627\u0644\u0625\u0636\u0627\u0621\u0629 \u0641\u064a \u063a\u0631\u0641\u0629 \u0623\u0648 \u062d\u062a\u0649 \u0645\u0628\u0646\u0649 \u0628\u0623\u0643\u0645\u0644\u0647. \u0648\u0628\u0627\u0644\u0625\u0636\u0627\u0641\u0629 \u0625\u0644\u0649 \u0630\u0644\u0643\u060c \u064a\u0645\u0643\u0646 \u062a\u0634\u063a\u064a\u0644 \u062a\u0642\u0646\u064a\u0627\u062a \u0627\u0644\u0645\u0628\u0646\u0649 \u0627\u0644\u0623\u062e\u0631\u0649 \u0645\u062b\u0644 \u0623\u0646\u0638\u0645\u0629 \u0627\u0644\u062a\u062f\u0641\u0626\u0629 \u0623\u0648 \u0627\u0644\u0633\u062a\u0627\u0626\u0631 \u0623\u0648 \u0627\u0644\u0634\u0627\u0634\u0627\u062a \u0623\u0648 \u0623\u0646\u0638\u0645\u0629 \u0627\u0644\u0645\u0624\u062a\u0645\u0631\u0627\u062a \u0627\u0644\u0647\u0627\u062a\u0641\u064a\u0629 \u0628\u0633\u0647\u0648\u0644\u0629 \u0628\u0627\u0633\u062a\u062e\u062f\u0627\u0645 \u062c\u0647\u0627\u0632 \u062a\u062d\u0643\u0645 \u0648\u0627\u062d\u062f. \u062a\u064f\u0633\u062a\u062e\u062f\u0645 \u0623\u0646\u0638\u0645\u0629 \u0627\u0644\u062a\u062d\u0643\u0645 \u0641\u064a \u0627\u0644\u0648\u0633\u0627\u0626\u0637 \u0641\u064a \u0643\u0644 \u0645\u0646 \u0627\u0644\u0623\u0639\u0645\u0627\u0644 (\u0645\u062b\u0644 \u063a\u0631\u0641\u0629 \u0627\u0644\u0627\u062c\u062a\u0645\u0627\u0639\u0627\u062a) \u0648\u0627\u0644\u0645\u0646\u0627\u0637\u0642 \u0627\u0644\u062e\u0627\u0635\u0629 (\u0645\u062b\u0644 \u063a\u0631\u0641\u0629 \u0627\u0644\u0645\u0639\u064a\u0634\u0629). \u064a\u0645\u0643\u0646 \u062a\u0634\u063a\u064a\u0644 \u0647\u0630\u0647 \u0627\u0644\u062a\u0642\u0646\u064a\u0629 \u0628\u0627\u0633\u062a\u062e\u062f\u0627\u0645 \u0644\u0648\u062d\u0627\u062a \u062a\u062d\u0643\u0645 \u0628\u0633\u064a\u0637\u0629 \u0645\u062b\u0628\u062a\u0629 \u0639\u0644\u0649 \u0627\u0644\u062d\u0627\u0626\u0637 \u0623\u0648 \u0644\u0648\u062d\u0627\u062a \u062a\u0639\u0645\u0644 \u0628\u0627\u0644\u0644\u0645\u0633 \u0623\u0648 \u062d\u062a\u0649 \u0627\u0644\u0647\u0627\u062a\u0641 \u0627\u0644\u0630\u0643\u064a. \u0633\u064a\u062c\u062f \u0645\u0648\u0638\u0641\u0648\u0646\u0627 \u0627\u0644\u062d\u0644 \u0627\u0644\u0623\u0645\u062b\u0644 \u0644\u0643.<\/p>\n<h2>\u062a\u062d\u0643\u064f\u0651\u0645 \u0645\u0631\u0643\u0632\u064a \u2013 \u0623\u064a\u0636\u0627\u064b \u0628\u0627\u0633\u062a\u062e\u062f\u0627\u0645 \u0627\u0644\u0647\u0627\u062a\u0641 \u0627\u0644\u0630\u0643\u064a<\/h2>\n<p>\u062a\u062a\u064a\u062d \u0648\u062d\u062f\u0629 \u0627\u0644\u062a\u0634\u063a\u064a\u0644 \u0627\u0644\u0645\u0631\u0643\u0632\u064a\u0629 \u0627\u0644\u062a\u0634\u063a\u064a\u0644 \u0627\u0644\u0628\u0633\u064a\u0637 \u0648\u0627\u0644\u0622\u0645\u0646 \u0644\u0644\u062a\u0642\u0646\u064a\u0629 \u0628\u0623\u0643\u0645\u0644\u0647\u0627. \u062a\u062a\u0648\u0641\u0631 \u062e\u064a\u0627\u0631\u0627\u062a \u0645\u062e\u062a\u0644\u0641\u0629 \u0647\u0646\u0627: \u0644\u0648\u062d\u0627\u062a \u062a\u062d\u0643\u0645 \u0645\u062b\u0628\u062a\u0629 \u0639\u0644\u0649 \u0627\u0644\u062d\u0627\u0626\u0637 \u0623\u0648 \u0644\u0648\u062d\u0627\u062a \u062a\u062d\u0643\u0645 \u062b\u0627\u0628\u062a\u0629 \u0623\u0648 \u0645\u062a\u0646\u0642\u0644\u0629 \u062a\u0639\u0645\u0644 \u0628\u0627\u0644\u0644\u0645\u0633 \u0628\u0623\u062d\u062c\u0627\u0645 \u0645\u062e\u062a\u0644\u0641\u0629 \u0623\u0648 \u0627\u0644\u062a\u0634\u063a\u064a\u0644 \u0639\u0628\u0631 \u0627\u0644\u0647\u0627\u062a\u0641 \u0627\u0644\u0630\u0643\u064a \u0623\u0648 \u0627\u0644\u0643\u0645\u0628\u064a\u0648\u062a\u0631 \u0627\u0644\u0644\u0648\u062d\u064a (\u0645\u062b\u0644 iPad). \u0627\u0639\u062a\u0645\u0627\u062f\u0627\u064b \u0639\u0644\u0649 \u0627\u0644\u0634\u0631\u0643\u0629 \u0627\u0644\u0645\u0635\u0646\u0651\u0639\u0629\u060c \u062a\u062a\u0648\u0641\u0631 \u0625\u0635\u062f\u0627\u0631\u0627\u062a \u0644\u0646\u0638\u0627\u0645 \u0627\u0644\u062a\u0634\u063a\u064a\u0644 iOS \u0623\u0648 Android \u0623\u0648 Windows Phone. \u064a\u0645\u0643\u0646 \u062a\u062e\u0635\u064a\u0635 \u0648\u0627\u062c\u0647\u0627\u062a \u0627\u0644\u0645\u0633\u062a\u062e\u062f\u0645 \u062d\u0633\u0628 \u0627\u0644\u062d\u0627\u062c\u0629 (\u0639\u0644\u0649 \u0633\u0628\u064a\u0644 \u0627\u0644\u0645\u062b\u0627\u0644\u060c \u064a\u0645\u0643\u0646 \u062a\u0643\u064a\u064a\u0641\u0647\u0627 \u0645\u0639 CI \u0627\u0644\u062e\u0627\u0635 \u0628\u0643 \u0623\u0648 \u0645\u0639 \u0634\u0639\u0627\u0631\u0643).<\/p>\n<p><a href=\"https:\/\/konferenztechnik.de\/wp-content\/uploads\/2013\/09\/touchpanels_mediensteuerung.jpg\"><img decoding=\"async\" src=\"https:\/\/konferenztechnik.de\/wp-content\/uploads\/2013\/09\/touchpanels_mediensteuerung.jpg\" alt=\"\u0644\u0648\u062d\u0627\u062a \u062a\u0639\u0645\u0644 \u0628\u0627\u0644\u0644\u0645\u0633 \u0644\u0639\u0646\u0627\u0635\u0631 \u0627\u0644\u062a\u062d\u0643\u0645 \u0641\u064a \u0627\u0644\u0648\u0633\u0627\u0626\u0637\" title=\"\"><\/a><\/p>\n<h2>\u0639\u0645\u0644\u064a\u0629 \u0628\u0633\u064a\u0637\u0629<\/h2>\n<p>\u064a\u0645\u0643\u0646 \u062a\u0648\u0635\u064a\u0644 \u0623\u062c\u0647\u0632\u0629 \u0627\u0644\u0643\u0645\u0628\u064a\u0648\u062a\u0631 \u0627\u0644\u0645\u062d\u0645\u0648\u0644\u0629 \u0623\u0648 \u0623\u062c\u0647\u0632\u0629 iPod \u0623\u0648 \u063a\u064a\u0631\u0647\u0627 \u0645\u0646 \u0627\u0644\u0645\u0635\u0627\u062f\u0631 \u0627\u0644\u062e\u0627\u0631\u062c\u064a\u0629 \u0628\u0633\u0647\u0648\u0644\u0629 \u0628\u0646\u0638\u0627\u0645 \u0627\u0644\u062a\u062d\u0643\u0645 \u0641\u064a \u0627\u0644\u0648\u0633\u0627\u0626\u0637 \u0639\u0628\u0631 \u0644\u0648\u062d\u0627\u062a \u0627\u0644\u062a\u0648\u0635\u064a\u0644 \u0641\u064a \u0627\u0644\u0637\u0627\u0648\u0644\u0627\u062a \u0623\u0648 \u0641\u064a \u0627\u0644\u0623\u0631\u0636\u064a\u0629. \u0625\u0630\u0627 \u0644\u0632\u0645 \u0627\u0644\u0623\u0645\u0631\u060c \u064a\u0645\u0643\u0646 \u0627\u0644\u062a\u0639\u0631\u0641 \u0639\u0644\u0649 \u0627\u0644\u0645\u0635\u0627\u062f\u0631 \u0627\u0644\u0645\u062f\u0645\u062c\u0629 \u0641\u064a \u0627\u0644\u0646\u0638\u0627\u0645 \u062a\u0644\u0642\u0627\u0626\u064a\u0627\u064b:<\/p>\n<p><a href=\"https:\/\/konferenztechnik.de\/wp-content\/uploads\/2013\/09\/Mediensteuerung_Extron-Tischtank_gross.jpg\"><img fetchpriority=\"high\" decoding=\"async\" width=\"600\" height=\"326\" class=\"alignright size-full wp-image-2929\" src=\"https:\/\/konferenztechnik.de\/wp-content\/uploads\/2013\/09\/Mediensteuerung_Extron-Tischtank_gross.jpg\" alt=\"\u062e\u0632\u0627\u0646 \u0645\u0646\u0636\u062f\u064a\u0629 \u0625\u0643\u0633\u062a\u0631\u0648\u0646\" title=\"\" srcset=\"https:\/\/konferenztechnik.de\/wp-content\/uploads\/2013\/09\/Mediensteuerung_Extron-Tischtank_gross.jpg 600w, https:\/\/konferenztechnik.de\/wp-content\/uploads\/2013\/09\/Mediensteuerung_Extron-Tischtank_gross-300x163.jpg 300w\" sizes=\"(max-width: 600px) 100vw, 600px\" \/><\/a><\/p>\n<p>\u0625\u0630\u0627 \u062a\u0645 \u062a\u0648\u0635\u064a\u0644 \u062c\u0647\u0627\u0632 \u0643\u0645\u0628\u064a\u0648\u062a\u0631 \u0645\u062d\u0645\u0648\u0644\u060c \u0639\u0644\u0649 \u0633\u0628\u064a\u0644 \u0627\u0644\u0645\u062b\u0627\u0644\u060c \u064a\u062a\u0639\u0631\u0641 \u0627\u0644\u0646\u0638\u0627\u0645 \u062a\u0644\u0642\u0627\u0626\u064a\u0627\u064b \u0639\u0644\u0649 \u0630\u0644\u0643 \u0648\u064a\u0628\u062f\u0623 \u062a\u0634\u063a\u064a\u0644 \u062c\u0647\u0627\u0632 \u0627\u0644\u0639\u0631\u0636 \u0648\u064a\u0645\u062f \u0627\u0644\u0634\u0627\u0634\u0629. \u0625\u0630\u0627 \u062a\u0645 \u0641\u0635\u0644 \u0627\u0644\u0643\u0645\u0628\u064a\u0648\u062a\u0631 \u0627\u0644\u062f\u0641\u062a\u0631\u064a \u0645\u0631\u0629 \u0623\u062e\u0631\u0649\u060c \u064a\u062a\u0645 \u0625\u064a\u0642\u0627\u0641 \u062a\u0634\u063a\u064a\u0644 \u0627\u0644\u0646\u0638\u0627\u0645 \u062a\u0644\u0642\u0627\u0626\u064a\u0627\u064b. \u0628\u0647\u0630\u0647 \u0627\u0644\u0637\u0631\u064a\u0642\u0629\u060c \u064a\u0645\u0643\u0646 \u0628\u0631\u0645\u062c\u0629 \u0633\u064a\u0646\u0627\u0631\u064a\u0648\u0647\u0627\u062a \u0645\u062e\u062a\u0644\u0641\u0629 \u0644\u0645\u062c\u0645\u0648\u0639\u0629 \u0648\u0627\u0633\u0639\u0629 \u0645\u0646 \u0627\u0644\u0645\u062a\u0637\u0644\u0628\u0627\u062a.<\/p>\n<h2>\u0627\u0644\u062a\u0634\u063a\u064a\u0644 \u0645\u0646 \u0645\u0633\u0627\u0641\u0629 \u0628\u0639\u064a\u062f\u0629<\/h2>\n<p>\u064a\u0645\u0643\u0646 \u0623\u064a\u0636\u0627\u064b \u0627\u0644\u062a\u062d\u0643\u0645 \u0641\u064a \u062c\u0645\u064a\u0639 \u0627\u0644\u063a\u0631\u0641 \u0627\u0644\u0645\u062c\u0647\u0632\u0629 \u0628\u0627\u0644\u062a\u062d\u0643\u0645 \u0641\u064a \u0627\u0644\u0648\u0633\u0627\u0626\u0637 \u0639\u0646 \u0628\u064f\u0639\u062f \u0639\u0628\u0631 \u0627\u0644\u0634\u0628\u0643\u0629 \u0623\u0648 \u0627\u0644\u0625\u0646\u062a\u0631\u0646\u062a \u0625\u0630\u0627 \u0644\u0632\u0645 \u0627\u0644\u0623\u0645\u0631. \u0648\u0647\u0630\u0627 \u0645\u0641\u064a\u062f \u0628\u0634\u0643\u0644 \u062e\u0627\u0635\u060c \u0639\u0644\u0649 \u0633\u0628\u064a\u0644 \u0627\u0644\u0645\u062b\u0627\u0644\u060c \u0644\u0645\u0631\u0627\u0642\u0628\u0629 \u0627\u0644\u062a\u0643\u0646\u0648\u0644\u0648\u062c\u064a\u0627 \u0627\u0644\u0645\u062b\u0628\u062a\u0629\u060c \u0643\u062f\u0639\u0645 \u0644\u0644\u062d\u0645\u0627\u064a\u0629 \u0645\u0646 \u0627\u0644\u0633\u0631\u0642\u0629\u060c \u0623\u0648 \u0644\u0623\u0639\u0645\u0627\u0644 \u0627\u0644\u0635\u064a\u0627\u0646\u0629\u060c \u0623\u0648 \u0644\u0645\u0631\u0627\u0642\u0628\u0629 \u0648\u0642\u062a \u0627\u062d\u062a\u0631\u0627\u0642 \u0645\u0635\u0628\u0627\u062d \u0623\u062c\u0647\u0632\u0629 \u0627\u0644\u0639\u0631\u0636 \u0623\u0648 \u0644\u0644\u062a\u0645\u0643\u0646 \u0645\u0646 \u0627\u0633\u062a\u062f\u0639\u0627\u0621 \u0633\u064a\u0646\u0627\u0631\u064a\u0648\u0647\u0627\u062a \u0645\u062e\u062a\u0644\u0641\u0629 \u0644\u0644\u063a\u0631\u0641 (\u0639\u0644\u0649 \u0633\u0628\u064a\u0644 \u0627\u0644\u0645\u062b\u0627\u0644 \u0641\u064a \u0639\u0637\u0644\u0629 \u0646\u0647\u0627\u064a\u0629 \u0627\u0644\u0623\u0633\u0628\u0648\u0639 \u0623\u064a\u0636\u0627\u064b).<\/p>\n<p>\u0628\u0639\u0636 \u0634\u0631\u0643\u0627\u0626\u0646\u0627 \u0641\u064a \u0645\u062c\u0627\u0644 \u0627\u0644\u0631\u0642\u0627\u0628\u0629 \u0627\u0644\u0625\u0639\u0644\u0627\u0645\u064a\u0629<\/p>\n<div class=\"rahmen\">\n<p><a href=\"https:\/\/konferenztechnik.de\/ar\/%d8%a7%d9%84%d8%b4%d8%b1%d9%83%d8%a9-%d8%a7%d9%84%d9%85%d8%b5%d9%86%d8%b9%d8%a9\/amx\/\"><img decoding=\"async\" width=\"250\" height=\"250\" class=\"alignleft size-full wp-image-6607\" src=\"https:\/\/konferenztechnik.de\/wp-content\/uploads\/2016\/04\/logo-amx.jpg\" alt=\"\u0634\u0639\u0627\u0631 AMX\" title=\"\" srcset=\"https:\/\/konferenztechnik.de\/wp-content\/uploads\/2016\/04\/logo-amx.jpg 250w, https:\/\/konferenztechnik.de\/wp-content\/uploads\/2016\/04\/logo-amx-150x150.jpg 150w\" sizes=\"(max-width: 250px) 100vw, 250px\" \/><\/a><\/p>\n<p><a href=\"https:\/\/konferenztechnik.de\/ar\/%d9%83%d8%b1%d9%8a%d8%b3%d8%aa%d8%b1%d9%88%d9%86\/\"><img decoding=\"async\" width=\"250\" height=\"250\" class=\"alignnone size-full wp-image-6617\" src=\"https:\/\/konferenztechnik.de\/wp-content\/uploads\/2016\/04\/logo-crestron.jpg\" alt=\"\u0634\u0639\u0627\u0631 \u0643\u0631\u064a\u0633\u062a\u0631\u0648\u0646\" title=\"\" srcset=\"https:\/\/konferenztechnik.de\/wp-content\/uploads\/2016\/04\/logo-crestron.jpg 250w, https:\/\/konferenztechnik.de\/wp-content\/uploads\/2016\/04\/logo-crestron-150x150.jpg 150w\" sizes=\"(max-width: 250px) 100vw, 250px\" \/><\/a><\/p>\n<p><a href=\"https:\/\/konferenztechnik.de\/ar\/%d8%a5%d9%83%d8%b3%d8%aa%d8%b1%d9%88%d9%86\/\"><img loading=\"lazy\" decoding=\"async\" width=\"250\" height=\"250\" class=\"alignnone size-full wp-image-6638\" src=\"https:\/\/konferenztechnik.de\/wp-content\/uploads\/2016\/04\/logo-extron.jpg\" alt=\"\u0634\u0639\u0627\u0631 \u0625\u0643\u0633\u062a\u0631\u0648\u0646\" title=\"\" srcset=\"https:\/\/konferenztechnik.de\/wp-content\/uploads\/2016\/04\/logo-extron.jpg 250w, https:\/\/konferenztechnik.de\/wp-content\/uploads\/2016\/04\/logo-extron-150x150.jpg 150w\" sizes=\"(max-width: 250px) 100vw, 250px\" \/><\/a><\/p>\n<p><a href=\"https:\/\/konferenztechnik.de\/ar\/%d8%b1%d8%aa%d9%8a\/\"><img loading=\"lazy\" decoding=\"async\" width=\"250\" height=\"250\" class=\"alignnone size-full wp-image-6656\" src=\"https:\/\/konferenztechnik.de\/wp-content\/uploads\/2016\/04\/logo-rti.jpg\" alt=\"\u0634\u0639\u0627\u0631 RTI\" title=\"\" srcset=\"https:\/\/konferenztechnik.de\/wp-content\/uploads\/2016\/04\/logo-rti.jpg 250w, https:\/\/konferenztechnik.de\/wp-content\/uploads\/2016\/04\/logo-rti-150x150.jpg 150w\" sizes=\"(max-width: 250px) 100vw, 250px\" \/><\/a><\/p>\n<\/div>\n<p><!--\n<a href=\"https:\/\/konferenztechnik.de\/wp-content\/uploads\/2013\/09\/partner_mediensteuerung_PCS.jpg\"><img loading=\"lazy\" decoding=\"async\" src=\"https:\/\/konferenztechnik.de\/wp-content\/uploads\/2013\/09\/partner_mediensteuerung_PCS.jpg\" alt=\"PCS-Partner im Bereich Mediensteuerungen\" width=\"650\" height=\"55\" class=\"alignleft size-full wp-image-2930\" title=\"\" srcset=\"https:\/\/konferenztechnik.de\/wp-content\/uploads\/2013\/09\/partner_mediensteuerung_PCS.jpg 650w, https:\/\/konferenztechnik.de\/wp-content\/uploads\/2013\/09\/partner_mediensteuerung_PCS-300x25.jpg 300w\" sizes=\"(max-width: 650px) 100vw, 650px\" \/><\/a>\n--><\/p>","protected":false},"excerpt":{"rendered":"<p>Mediensteuerungen Mediensteuerungen regeln die Video-, Audio- und Lichttechnik in einem Raum oder sogar einem ganzen Geb\u00e4ude. Au\u00dferdem l\u00e4sst sich weitere Geb\u00e4udetechnik wie Heizungsanlagen, Jalousien, Leinw\u00e4nde oder Telefonkonferenzsysteme bequem mit einem einzigen Steuerger\u00e4t bedienen. Mediensteuerungen kommen sowohl im gesch\u00e4ftlichen (z.B. Konferenzraum) als auch im privaten Bereich (z.B. Wohnzimmer) zum Einsatz. Die Bedienung der Technik kann mit [&hellip;]<\/p>","protected":false},"author":1,"featured_media":45482,"parent":3614,"menu_order":133,"comment_status":"closed","ping_status":"open","template":"","meta":{"_acf_changed":false,"footnotes":""},"class_list":["post-2522","page","type-page","status-publish","has-post-thumbnail","hentry"],"acf":[],"_links":{"self":[{"href":"https:\/\/konferenztechnik.de\/ar\/wp-json\/wp\/v2\/pages\/2522","targetHints":{"allow":["GET"]}}],"collection":[{"href":"https:\/\/konferenztechnik.de\/ar\/wp-json\/wp\/v2\/pages"}],"about":[{"href":"https:\/\/konferenztechnik.de\/ar\/wp-json\/wp\/v2\/types\/page"}],"author":[{"embeddable":true,"href":"https:\/\/konferenztechnik.de\/ar\/wp-json\/wp\/v2\/users\/1"}],"replies":[{"embeddable":true,"href":"https:\/\/konferenztechnik.de\/ar\/wp-json\/wp\/v2\/comments?post=2522"}],"version-history":[{"count":0,"href":"https:\/\/konferenztechnik.de\/ar\/wp-json\/wp\/v2\/pages\/2522\/revisions"}],"up":[{"embeddable":true,"href":"https:\/\/konferenztechnik.de\/ar\/wp-json\/wp\/v2\/pages\/3614"}],"wp:featuredmedia":[{"embeddable":true,"href":"https:\/\/konferenztechnik.de\/ar\/wp-json\/wp\/v2\/media\/45482"}],"wp:attachment":[{"href":"https:\/\/konferenztechnik.de\/ar\/wp-json\/wp\/v2\/media?parent=2522"}],"curies":[{"name":"\u062f\u0628\u0644\u064a\u0648 \u0628\u064a","href":"https:\/\/api.w.org\/{rel}","templated":true}]}}