{"id":4489,"date":"2014-04-17T15:45:59","date_gmt":"2014-04-17T13:45:59","guid":{"rendered":"https:\/\/konferenztechnik.de\/?page_id=4489"},"modified":"2023-07-05T10:59:55","modified_gmt":"2023-07-05T08:59:55","slug":"%d8%a3%d9%82%d9%88%d8%a7%d8%b3-%d8%ae%d8%a7%d8%b5%d8%a9","status":"publish","type":"page","link":"https:\/\/konferenztechnik.de\/ar\/%d8%aa%d9%88%d8%b2%d9%8a%d8%b9-%d8%aa%d9%83%d9%86%d9%88%d9%84%d9%88%d8%ac%d9%8a%d8%a7-%d8%a7%d9%84%d9%85%d8%a4%d8%aa%d9%85%d8%b1%d8%a7%d8%aa-%d9%88%d9%88%d8%b3%d8%a7%d8%a6%d8%b7-%d8%a7%d9%84%d8%a5\/%d8%aa%d9%82%d9%86%d9%8a%d8%a9-%d8%a7%d9%84%d9%81%d9%8a%d8%af%d9%8a%d9%88\/%d8%ad%d9%88%d8%a7%d9%85%d9%84-%d9%84%d8%b4%d8%a7%d8%b4%d8%a7%d8%aa-%d8%a7%d9%84%d8%b9%d8%b1%d8%b6-%d9%88%d8%a3%d8%ac%d9%87%d8%b2%d8%a9-%d8%a7%d9%84%d8%b9%d8%b1%d8%b6\/%d8%a3%d9%82%d9%88%d8%a7%d8%b3-%d8%ae%d8%a7%d8%b5%d8%a9\/","title":{"rendered":"\u0623\u0642\u0648\u0627\u0633 \u062e\u0627\u0635\u0629"},"content":{"rendered":"<h1>\u062d\u0648\u0627\u0645\u0644 \u062e\u0627\u0635\u0629 \u0644\u0634\u0627\u0634\u0627\u062a \u0627\u0644\u0639\u0631\u0636 \u0648\u0623\u062c\u0647\u0632\u0629 \u0627\u0644\u0639\u0631\u0636<\/h1>\n<h2>\u062d\u0627\u0641\u0638\u0629 \u0627\u0644\u0643\u0645\u0628\u064a\u0648\u062a\u0631 \u0627\u0644\u0644\u0648\u062d\u064a TC-IPAD \u0644\u0623\u062c\u0647\u0632\u0629 iPad 1 \u06482 \u06483 \u06484<\/h2>\n<p><a href=\"https:\/\/konferenztechnik.de\/wp-content\/uploads\/2014\/02\/audipack-ipad-tablet-housing.jpg\"><img fetchpriority=\"high\" decoding=\"async\" width=\"450\" height=\"311\" class=\"alignleft size-full wp-image-4263\" src=\"https:\/\/konferenztechnik.de\/wp-content\/uploads\/2014\/02\/audipack-ipad-tablet-housing.jpg\" alt=\"\u0645\u0628\u064a\u062a \u062c\u0647\u0627\u0632 iPad \u0627\u0644\u0644\u0648\u062d\u064a\" title=\"\" srcset=\"https:\/\/konferenztechnik.de\/wp-content\/uploads\/2014\/02\/audipack-ipad-tablet-housing.jpg 450w, https:\/\/konferenztechnik.de\/wp-content\/uploads\/2014\/02\/audipack-ipad-tablet-housing-300x207.jpg 300w\" sizes=\"(max-width: 450px) 100vw, 450px\" \/><\/a><\/p>\n<p>\u062a\u062d\u0645\u064a \u062d\u0627\u0641\u0638\u0629 TC-iPad \u0628\u0623\u0646\u0627\u0642\u0629 \u062c\u0647\u0627\u0632 iPad \u0627\u0644\u062e\u0627\u0635 \u0628\u0643 \u0639\u0646\u062f \u062a\u0631\u0643\u064a\u0628\u0647 \u0623\u0648 \u0639\u0631\u0636\u0647 \u0641\u064a \u0627\u0644\u0623\u0645\u0627\u0643\u0646 \u0627\u0644\u0639\u0627\u0645\u0629.<br \/>\n\u064a\u0645\u0643\u0646 \u062a\u0623\u0645\u064a\u0646 \u062c\u0647\u0627\u0632 iPad \u0628\u0633\u0631\u0639\u0629 \u0641\u064a \u0627\u0644\u062d\u0627\u0641\u0638\u0629 \u0648\u0628\u0627\u0644\u062a\u0627\u0644\u064a \u0641\u0647\u0648 \u0645\u062d\u0645\u064a \u0628\u0634\u0643\u0644 \u0641\u0639\u0627\u0644 \u0636\u062f \u0627\u0644\u0633\u0631\u0642\u0629. \u0628\u0641\u0636\u0644 \u0646\u0638\u0627\u0645 Smart Keylock\u060c \u0644\u0627 \u064a\u0645\u0643\u0646 \u0631\u0624\u064a\u0629 \u0623\u064a \u062b\u0642\u0648\u0628 \u0645\u0641\u0627\u062a\u064a\u062d \u0623\u0648 \u0628\u0631\u0627\u063a\u064a \u0645\u0646 \u0627\u0644\u062e\u0627\u0631\u062c. \u064a\u0645\u0643\u0646 \u0627\u0633\u062a\u062e\u062f\u0627\u0645 \u062d\u0642\u064a\u0628\u0629 TC \u0625\u0645\u0627 \u0644\u0644\u062a\u062b\u0628\u064a\u062a \u0639\u0644\u0649 \u0627\u0644\u062d\u0627\u0626\u0637 \u0623\u0648 \u0645\u0639 \u062d\u0627\u0645\u0644 \u0627\u062e\u062a\u064a\u0627\u0631\u064a \u0643\u062d\u0627\u0645\u0644 \u0623\u0631\u0636\u064a.<\/p>\n<h2>\u0645\u0639\u0627\u062f\u0646 \u0630\u0643\u064a\u0629 \u2013 VideoWall \u2013 2\u00d72<\/h2>\n<p><a href=\"https:\/\/konferenztechnik.de\/wp-content\/uploads\/2013\/09\/smart-metals_video-wall082502202-landscape.jpg\"><img decoding=\"async\" class=\"alignleft size-medium wp-image-4463\" src=\"https:\/\/konferenztechnik.de\/wp-content\/uploads\/2013\/09\/smart-metals_video-wall082502202-landscape-300x280.jpg\" alt=\"\u062d\u0627\u0626\u0637 \u0641\u064a\u062f\u064a\u0648 \u0645\u064a\u062a\u0627\u0644\u0632 \u0627\u0644\u0630\u0643\u064a\u0629 082502202\" width=\"300\" height=\"280\" title=\"\" srcset=\"https:\/\/konferenztechnik.de\/wp-content\/uploads\/2013\/09\/smart-metals_video-wall082502202-landscape-300x280.jpg 300w, https:\/\/konferenztechnik.de\/wp-content\/uploads\/2013\/09\/smart-metals_video-wall082502202-landscape-768x717.jpg 768w, https:\/\/konferenztechnik.de\/wp-content\/uploads\/2013\/09\/smart-metals_video-wall082502202-landscape.jpg 1017w\" sizes=\"(max-width: 300px) 100vw, 300px\" \/><\/a><\/p>\n<p>\u062c\u062f\u0627\u0631 \u0641\u064a\u062f\u064a\u0648 \u0635\u063a\u064a\u0631 \u0627\u0644\u062d\u062c\u0645 \u0648\u0633\u0647\u0644 \u0627\u0644\u0646\u0642\u0644. \u0627\u0644\u062d\u0627\u0626\u0637 \u0645\u0631\u0646 \u0644\u0644\u063a\u0627\u064a\u0629 \u0641\u064a \u0627\u0644\u0627\u0633\u062a\u062e\u062f\u0627\u0645: \u064a\u0645\u0643\u0646 \u062a\u0631\u0643\u064a\u0628\u0647 \u0639\u0644\u0649 \u0627\u0644\u0623\u0631\u0636 \u0623\u0648 \u062a\u062b\u0628\u064a\u062a\u0647 \u0639\u0644\u0649 \u0627\u0644\u062c\u062f\u0631\u0627\u0646 \u0623\u0648 \u0627\u0644\u062f\u0639\u0627\u0645\u0627\u062a. \u0645\u0646 \u0627\u0644\u0633\u0647\u0644 \u062c\u062f\u0627\u064b \u062a\u0631\u0643\u064a\u0628 \u0627\u0644\u0634\u0627\u0634\u0627\u062a \u0639\u0644\u0649 \u062d\u0627\u0626\u0637 \u0627\u0644\u0641\u064a\u062f\u064a\u0648. \u064a\u062a\u0645 \u062a\u0648\u0635\u064a\u0644 \u0627\u0644\u0634\u0627\u0634\u0627\u062a \u0628\u0628\u0639\u0636\u0647\u0627 \u0627\u0644\u0628\u0639\u0636 \u0648\u0628\u0627\u0644\u0625\u0637\u0627\u0631 \u0628\u0627\u0633\u062a\u062e\u062f\u0627\u0645 \u0645\u0634\u0627\u0628\u0643 \u062e\u0627\u0635\u0629. \u062a\u0648\u062c\u062f \u0623\u062c\u0647\u0632\u0629 \u0623\u0641\u0642\u064a\u0629 \u0648\u0631\u0623\u0633\u064a\u0629 \u0644\u0644\u0636\u0628\u0637 \u0627\u0644\u062f\u0642\u064a\u0642. \u064a\u0645\u0643\u0646 \u0627\u0633\u062a\u062e\u062f\u0627\u0645 \u062d\u0627\u0626\u0637 \u0627\u0644\u0641\u064a\u062f\u064a\u0648 \u0641\u064a \u0627\u0644\u0648\u0636\u0639 \u0627\u0644\u0631\u0623\u0633\u064a \u0648\u0627\u0644\u0623\u0641\u0642\u064a.<\/p>\n<h2>\u0645\u0639\u0627\u062f\u0646 \u0630\u0643\u064a\u0629 \u2013 VideoWall \u2013 2\u00d72<\/h2>\n<ul>\n<li>\u0627\u0644\u0648\u0632\u0646: 147.78 \u0643\u062c\u0645<\/li>\n<li>\u0627\u0644\u0644\u0648\u0646: \u0623\u0633\u0648\u062f<\/li>\n<li>\u062a\u0643\u0648\u064a\u0646 \u0627\u0644\u0634\u0627\u0634\u0629: 2\u00d72<\/li>\n<li>\u0648\u0636\u0639 \u0627\u0644\u0634\u0627\u0634\u0629: \u0623\u0641\u0642\u064a \u0623\u0648 \u0639\u0645\u0648\u062f\u064a<\/li>\n<li>\u0642\u0627\u0628\u0644\u064a\u0629 \u0636\u0628\u0637 \u0627\u0644\u0627\u0631\u062a\u0641\u0627\u0639: \u062a\u0639\u062f\u064a\u0644 \u062f\u0642\u064a\u0642<\/li>\n<li>\u0642\u0648\u0633\/\u0648\u0627\u062c\u0647\u0629: \u0645\u062a\u0636\u0645\u0646\u0629<\/li>\n<li>\u0627\u0644\u062f\u0648\u0631\u0627\u0646: 90 \u062f\u0631\u062c\u0629<\/li>\n<li>\u0646\u0638\u0627\u0645 \u0627\u0644\u062a\u062b\u0628\u064a\u062a: \u0622\u0644\u064a\u0629 \u0627\u0642\u062a\u0631\u0627\u0646 \u0628\u0645\u0633\u0627\u0645\u064a\u0631 \u0627\u0644\u0633\u062d\u0628<\/li>\n<li>\u0645\u0639\u0644\u0648\u0645\u0627\u062a \u0625\u0636\u0627\u0641\u064a\u0629: \u062a\u0648\u0641\u0631 \u0648\u062d\u062f\u0627\u062a \u0627\u0644\u062a\u062d\u0643\u0645 \u0627\u0644\u062c\u062f\u064a\u062f\u0629 \u0625\u0645\u0643\u0627\u0646\u064a\u0629 \u0627\u0644\u0636\u0628\u0637 \u0627\u0644\u0623\u0641\u0642\u064a \u0648\u0627\u0644\u0631\u0623\u0633\u064a \u0627\u0644\u062f\u0642\u064a\u0642 \u0644\u0644\u0634\u0627\u0634\u0627\u062a \u0648\u062e\u064a\u0627\u0631 \u0627\u0644\u062a\u0628\u062f\u064a\u0644 \u0628\u064a\u0646 \u0627\u0644\u0648\u0636\u0639 \u0627\u0644\u0631\u0623\u0633\u064a \u0648\u0627\u0644\u0623\u0641\u0642\u064a. \u0623\u0642\u062f\u0627\u0645 \u0642\u0627\u0628\u0644\u0629 \u0644\u0644\u062a\u0639\u062f\u064a\u0644 \u0645\u062f\u0645\u062c\u0629 \u0641\u064a \u0625\u0637\u0627\u0631 \u0627\u0644\u0623\u0631\u0636\u064a\u0629.<\/li>\n<\/ul>\n<p><a href=\"https:\/\/konferenztechnik.de\/wp-content\/uploads\/2013\/09\/082502202_manualEN.pdf\">\u062d\u0627\u0626\u0637 \u0627\u0644\u0641\u064a\u062f\u064a\u0648 082502202 \u062f\u0644\u064a\u0644 082502202 EN<\/a><\/p>\n<p><a href=\"https:\/\/konferenztechnik.de\/wp-content\/uploads\/2013\/09\/082502202_SmartMetals_productleafletEN.pdf\">\u062d\u0627\u0626\u0637 \u0627\u0644\u0641\u064a\u062f\u064a\u0648 082502202 \u0648\u0631\u0642\u0629 \u0627\u0644\u0645\u0646\u062a\u062c EN<\/a><\/p>\n<h2>\u062d\u0627\u0645\u0644 \u0645\u0639\u0627\u062f\u0646 \u0630\u0643\u064a\u0629 \u2013 \u2013 \u0630\u0648 \u0637\u0631\u0641 \u0648\u0644\u0645\u0633<\/h2>\n<p>\u062a\u0645 \u062a\u0637\u0648\u064a\u0631 \u0647\u0630\u0627 \u0627\u0644\u062d\u0627\u0645\u0644 \u062e\u0635\u064a\u0635\u064b\u0627 \u0644\u0644\u0634\u0627\u0634\u0627\u062a \u0627\u0644\u062a\u064a \u062a\u0639\u0645\u0644 \u0628\u0627\u0644\u0644\u0645\u0633 \u0627\u0644\u062a\u064a \u0633\u064a\u062a\u0645 \u0627\u0633\u062a\u062e\u062f\u0627\u0645\u0647\u0627 \u0641\u064a \u0648\u0636\u0639 \u0627\u0644\u0637\u0627\u0648\u0644\u0629. \u064a\u062d\u062a\u0648\u064a \u0627\u0644\u062d\u0627\u0645\u0644 \u0627\u0644\u0645\u062a\u062d\u0631\u0643 \u0639\u0644\u0649 \u062e\u0627\u0635\u064a\u0629 \u062a\u0639\u062f\u064a\u0644 \u0627\u0644\u0627\u0631\u062a\u0641\u0627\u0639 \u0643\u0647\u0631\u0628\u0627\u0626\u064a\u0627\u064b \u0645\u0646 660-1320 \u0645\u0645 \u0644\u0627\u0631\u062a\u0641\u0627\u0639 \u0627\u0644\u0637\u0627\u0648\u0644\u0629. \u062a\u0645 \u062f\u0645\u062c \u062d\u0627\u0645\u0644 \u0645\u062a\u0648\u0627\u0641\u0642 \u0645\u0639 \u0645\u0639\u0638\u0645 \u0648\u0627\u062c\u0647\u0627\u062a VESA. \u064a\u0645\u0643\u0646 \u062a\u0631\u0643\u064a\u0628 \u0634\u0627\u0634\u0627\u062a \u0627\u0644\u0644\u0645\u0633 \u0627\u0644\u062a\u064a \u064a\u0635\u0644 \u0648\u0632\u0646\u0647\u0627 \u0625\u0644\u0649 60 \u0643\u062c\u0645.<\/p>\n<h2>\u062d\u0627\u0645\u0644 \u0645\u0639\u0627\u062f\u0646 \u0630\u0643\u064a\u0629 \u2013 \u2013 \u0630\u0648 \u0637\u0631\u0641 \u0648\u0644\u0645\u0633<\/h2>\n<ul>\n<li>\u0627\u0644\u062d\u062f \u0627\u0644\u0623\u062f\u0646\u0649 \u0644\u0644\u0637\u0648\u0644: 660 \u0645\u0645<\/li>\n<li>\u0623\u0642\u0635\u0649 \u0627\u0631\u062a\u0641\u0627\u0639: 1320 \u0645\u0645 (\u0627\u0631\u062a\u0641\u0627\u0639 \u0627\u0644\u0637\u0627\u0648\u0644\u0629)<\/li>\n<li>\u0627\u0644\u0648\u0632\u0646: 66 \u0643\u062c\u0645<\/li>\n<li>\u0627\u0644\u0644\u0648\u0646: \u0623\u0633\u0648\u062f<\/li>\n<li>\u0627\u0644\u062d\u0645\u0648\u0644\u0629 \u0627\u0644\u0642\u0635\u0648\u0649: 60 \u0643\u062c\u0645<\/li>\n<li>\u0645\u0648\u0636\u0639 \u0627\u0644\u0634\u0627\u0634\u0629: \u0623\u0641\u0642\u064a<\/li>\n<li>\u0646\u0637\u0627\u0642 \u0627\u0644\u0628\u0648\u0635\u0629: 32 \u0625\u0644\u0649 50 \u0628\u0648\u0635\u0629\u060c 50 \u0625\u0644\u0649 65 \u0628\u0648\u0635\u0629<\/li>\n<li>\u062a\u0639\u062f\u064a\u0644 \u0627\u0644\u0627\u0631\u062a\u0641\u0627\u0639: \u0643\u0647\u0631\u0628\u0627\u0626\u064a<\/li>\n<li>\u0642\u0648\u0633 \/ \u0648\u0627\u062c\u0647\u0629: \u0645\u062a\u0636\u0645\u0646\u0629<\/li>\n<li>\u0627\u0644\u062d\u0627\u0645\u0644 \/ \u0627\u0644\u0648\u0627\u062c\u0647\u0629: VESA 200\u060c 400\u060c 600-400<\/li>\n<li>\u0648\u0638\u064a\u0641\u0629 \u0627\u0644\u0625\u0645\u0627\u0644\u0629: 90 \u062f\u0631\u062c\u0629<\/li>\n<li>\u0645\u0639\u0644\u0648\u0645\u0627\u062a \u0625\u0636\u0627\u0641\u064a\u0629: \u0648\u0638\u064a\u0641\u0629 \u0627\u0644\u0637\u0631\u0641 \u0627\u0644\u0645\u0632\u0648\u062f \u0628\u0645\u062d\u0631\u0643<\/li>\n<\/ul>\n<p><a href=\"https:\/\/konferenztechnik.de\/wp-content\/uploads\/2014\/04\/0628222_SmartMetals_productleafletEN.pdf\" target=\"_blank&quot;\" rel=\"noopener\">\u0635\u062d\u064a\u0641\u0629 \u0645\u0639\u0644\u0648\u0645\u0627\u062a \u0645\u0646\u062a\u062c \u0627\u0644\u0645\u0639\u0627\u062f\u0646 \u0627\u0644\u0630\u0643\u064a\u0629 062.7650 (\u0627\u0644\u0625\u0646\u062c\u0644\u064a\u0632\u064a\u0629)<\/a><\/p>\n<h2>\u0645\u0639\u0627\u062f\u0646 \u0630\u0643\u064a\u0629 \u2013 VideoWall \u2013 3\u00d73<\/h2>\n<p><a href=\"https:\/\/konferenztechnik.de\/wp-content\/uploads\/2013\/09\/smart-metals_video-wall_082503302_front.jpg\"><img decoding=\"async\" class=\"alignleft size-medium wp-image-4468\" src=\"https:\/\/konferenztechnik.de\/wp-content\/uploads\/2013\/09\/smart-metals_video-wall_082503302_front-300x275.jpg\" alt=\"\u062d\u0627\u0626\u0637 \u0641\u064a\u062f\u064a\u0648 \u0645\u064a\u062a\u0627\u0644\u0632 \u0627\u0644\u0630\u0643\u064a\u0629 082503302\" width=\"300\" height=\"275\" title=\"\" srcset=\"https:\/\/konferenztechnik.de\/wp-content\/uploads\/2013\/09\/smart-metals_video-wall_082503302_front-300x275.jpg 300w, https:\/\/konferenztechnik.de\/wp-content\/uploads\/2013\/09\/smart-metals_video-wall_082503302_front-1024x940.jpg 1024w, https:\/\/konferenztechnik.de\/wp-content\/uploads\/2013\/09\/smart-metals_video-wall_082503302_front-768x705.jpg 768w, https:\/\/konferenztechnik.de\/wp-content\/uploads\/2013\/09\/smart-metals_video-wall_082503302_front.jpg 1035w\" sizes=\"(max-width: 300px) 100vw, 300px\" \/><\/a><\/p>\n<p>\u062c\u062f\u0627\u0631 \u0641\u064a\u062f\u064a\u0648 \u0635\u063a\u064a\u0631 \u0627\u0644\u062d\u062c\u0645 \u0648\u0633\u0647\u0644 \u0627\u0644\u0646\u0642\u0644. \u0627\u0644\u062d\u0627\u0626\u0637 \u0645\u0631\u0646 \u0644\u0644\u063a\u0627\u064a\u0629 \u0641\u064a \u0627\u0644\u0627\u0633\u062a\u062e\u062f\u0627\u0645: \u064a\u0645\u0643\u0646 \u062a\u0631\u0643\u064a\u0628\u0647 \u0639\u0644\u0649 \u0627\u0644\u0623\u0631\u0636 \u0623\u0648 \u062a\u062b\u0628\u064a\u062a\u0647 \u0639\u0644\u0649 \u0627\u0644\u062c\u062f\u0631\u0627\u0646 \u0623\u0648 \u0627\u0644\u062f\u0639\u0627\u0645\u0627\u062a. \u064a\u0645\u0643\u0646 \u062a\u0631\u0643\u064a\u0628 \u0627\u0644\u0634\u0627\u0634\u0627\u062a \u0628\u0633\u0647\u0648\u0644\u0629 \u0634\u062f\u064a\u062f\u0629 \u0639\u0644\u0649 \u062d\u0627\u0626\u0637 \u0627\u0644\u0641\u064a\u062f\u064a\u0648. \u064a\u062a\u0645 \u062a\u0648\u0635\u064a\u0644 \u0627\u0644\u0634\u0627\u0634\u0627\u062a \u0628\u0628\u0639\u0636\u0647\u0627 \u0627\u0644\u0628\u0639\u0636 \u0648\u0628\u0627\u0644\u0625\u0637\u0627\u0631 \u0628\u0627\u0633\u062a\u062e\u062f\u0627\u0645 \u0645\u0634\u0627\u0628\u0643 \u062e\u0627\u0635\u0629. \u062a\u0648\u062c\u062f \u0623\u062c\u0647\u0632\u0629 \u0623\u0641\u0642\u064a\u0629 \u0648\u0631\u0623\u0633\u064a\u0629 \u0644\u0644\u0636\u0628\u0637 \u0627\u0644\u062f\u0642\u064a\u0642. \u064a\u0645\u0643\u0646 \u0627\u0633\u062a\u062e\u062f\u0627\u0645 \u0627\u0644\u062d\u0627\u0626\u0637 \u0641\u064a \u0627\u0644\u0648\u0636\u0639 \u0627\u0644\u0631\u0623\u0633\u064a \u0648\u0627\u0644\u0623\u0641\u0642\u064a.<\/p>\n<h2>\u0645\u0639\u0627\u062f\u0646 \u0630\u0643\u064a\u0629 \u2013 VideoWall \u2013 3\u00d73<\/h2>\n<ul>\n<li>\u0627\u0644\u0648\u0632\u0646: 319.08 \u0643\u062c\u0645<\/li>\n<li>\u0627\u0644\u0644\u0648\u0646: \u0623\u0633\u0648\u062f<\/li>\n<li>\u062a\u0643\u0648\u064a\u0646 \u0627\u0644\u0634\u0627\u0634\u0629: 3 \u00d7 3 \u00d7 3<\/li>\n<li>\u0648\u0636\u0639 \u0627\u0644\u0634\u0627\u0634\u0629: \u0623\u0641\u0642\u064a \u0623\u0648 \u0639\u0645\u0648\u062f\u064a<\/li>\n<li>\u0642\u0627\u0628\u0644\u064a\u0629 \u0636\u0628\u0637 \u0627\u0644\u0627\u0631\u062a\u0641\u0627\u0639: \u062a\u0639\u062f\u064a\u0644 \u062f\u0642\u064a\u0642<\/li>\n<li>\u0642\u0648\u0633 \/ \u0648\u0627\u062c\u0647\u0629: \u0645\u062a\u0636\u0645\u0646\u0629<\/li>\n<li>\u0646\u0648\u0639 \u0627\u0644\u062d\u0627\u0645\u0644\/\u0627\u0644\u0648\u0627\u062c\u0647\u0629: \u062e\u0627\u0635 \u0628\u0627\u0644\u0634\u0627\u0634\u0629<\/li>\n<li>\u0627\u0644\u062f\u0648\u0631\u0627\u0646: 90 \u062f\u0631\u062c\u0629<\/li>\n<li>\u0646\u0638\u0627\u0645 \u0627\u0644\u062a\u062b\u0628\u064a\u062a: \u0622\u0644\u064a\u0629 \u0627\u0642\u062a\u0631\u0627\u0646 \u0628\u0645\u0633\u0627\u0645\u064a\u0631 \u0627\u0644\u0633\u062d\u0628<\/li>\n<li>\u0645\u0639\u0644\u0648\u0645\u0627\u062a \u0625\u0636\u0627\u0641\u064a\u0629: \u062a\u0648\u0641\u0631 \u0648\u062d\u062f\u0627\u062a \u0627\u0644\u062a\u062d\u0643\u0645 \u0627\u0644\u062c\u062f\u064a\u062f\u0629 \u0625\u0645\u0643\u0627\u0646\u064a\u0629 \u0627\u0644\u0636\u0628\u0637 \u0627\u0644\u0623\u0641\u0642\u064a \u0648\u0627\u0644\u0631\u0623\u0633\u064a \u0627\u0644\u062f\u0642\u064a\u0642 \u0644\u0644\u0634\u0627\u0634\u0627\u062a \u0648\u062e\u064a\u0627\u0631 \u0627\u0644\u062a\u0628\u062f\u064a\u0644 \u0628\u064a\u0646 \u0627\u0644\u0648\u0636\u0639 \u0627\u0644\u0631\u0623\u0633\u064a \u0648\u0627\u0644\u0623\u0641\u0642\u064a. \u0623\u0642\u062f\u0627\u0645 \u0642\u0627\u0628\u0644\u0629 \u0644\u0644\u062a\u0639\u062f\u064a\u0644 \u0645\u062f\u0645\u062c\u0629 \u0641\u064a \u0625\u0637\u0627\u0631 \u0627\u0644\u0623\u0631\u0636\u064a\u0629.<\/li>\n<\/ul>\n<p><a href=\"https:\/\/konferenztechnik.de\/wp-content\/uploads\/2013\/09\/082503302_SmartMetals_productleafletEN.pdf\">\u0648\u0631\u0642\u0629 \u0627\u0644\u0645\u0646\u062a\u062c Smart Metals Video Wall 3\u00d73 \u062d\u0627\u0626\u0637 \u0627\u0644\u0641\u064a\u062f\u064a\u0648 \u0627\u0644\u0630\u0643\u064a 3\u00d73 \u0648\u0631\u0642\u0629 \u0627\u0644\u0645\u0646\u062a\u062c \u0627\u0644\u0625\u0646\u062c\u0644\u064a\u0632\u064a\u0629<\/a><\/p>\n<h2>\u0625\u0637\u0627\u0631 \u0645\u0643\u062f\u0633 Audipack \u0644\u0623\u062c\u0647\u0632\u0629 \u0627\u0644\u0639\u0631\u0636<\/h2>\n<p><a href=\"https:\/\/konferenztechnik.de\/wp-content\/uploads\/2013\/09\/Audipack_Trusshalterung_StackFrame.jpg\"><img loading=\"lazy\" decoding=\"async\" width=\"792\" height=\"594\" class=\"alignleft size-full wp-image-2772\" src=\"https:\/\/konferenztechnik.de\/wp-content\/uploads\/2013\/09\/Audipack_Trusshalterung_StackFrame.jpg\" alt=\"\u0625\u0637\u0627\u0631 \u0645\u0643\u062f\u0633 Audipack \u0644\u0623\u062c\u0647\u0632\u0629 \u0627\u0644\u0639\u0631\u0636\" title=\"\" srcset=\"https:\/\/konferenztechnik.de\/wp-content\/uploads\/2013\/09\/Audipack_Trusshalterung_StackFrame.jpg 792w, https:\/\/konferenztechnik.de\/wp-content\/uploads\/2013\/09\/Audipack_Trusshalterung_StackFrame-300x225.jpg 300w, https:\/\/konferenztechnik.de\/wp-content\/uploads\/2013\/09\/Audipack_Trusshalterung_StackFrame-768x576.jpg 768w\" sizes=\"(max-width: 792px) 100vw, 792px\" \/><\/a><\/p>\n<p>\u0625\u0637\u0627\u0631 \u062a\u0643\u062f\u064a\u0633 \u062b\u0644\u0627\u062b\u064a \u0627\u0644\u0623\u0628\u0639\u0627\u062f \u0644\u0623\u062c\u0647\u0632\u0629 \u0627\u0644\u0639\u0631\u0636 \u0645\u0646 \u0645\u062e\u062a\u0644\u0641 \u0627\u0644\u0634\u0631\u0643\u0627\u062a \u0627\u0644\u0645\u0635\u0646\u0639\u0629. \u064a\u0648\u0641\u0631 \u0627\u0644\u0625\u0637\u0627\u0631 \u062d\u0645\u0627\u064a\u0629 \u062e\u0627\u0635\u0629 \u0644\u0623\u062c\u0647\u0632\u0629 \u0627\u0644\u0639\u0631\u0636\u060c \u062e\u0627\u0635\u0629 \u0623\u062b\u0646\u0627\u0621 \u0627\u0644\u0646\u0642\u0644 \u0627\u0644\u0645\u062a\u0643\u0631\u0631 \u0623\u0648 \u0627\u0644\u062a\u062c\u0645\u064a\u0639 \u0648\u0627\u0644\u062a\u0641\u0643\u064a\u0643. \u2013 \u0645\u062b\u064a\u0631 \u0644\u0644\u0627\u0647\u062a\u0645\u0627\u0645 \u0628\u0634\u0643\u0644 \u062e\u0627\u0635 \u0644\u0634\u0631\u0643\u0627\u062a \u0627\u0644\u062a\u0623\u062c\u064a\u0631 \u0623\u0648 \u0645\u0646\u0638\u0645\u064a \u0627\u0644\u0641\u0639\u0627\u0644\u064a\u0627\u062a \u0627\u0644\u0645\u062a\u0646\u0642\u0644\u0629!<\/p>\n<h2>\u0625\u0637\u0627\u0631 \u0645\u0643\u062f\u0633 Audipack \u0644\u0623\u062c\u0647\u0632\u0629 \u0627\u0644\u0639\u0631\u0636<\/h2>\n<p>\u064a\u062a\u0645 \u062a\u0631\u0643\u064a\u0628 \u062c\u0647\u0627\u0632 \u0627\u0644\u0639\u0631\u0636 \u0641\u064a \u0627\u0644\u0625\u0637\u0627\u0631 \u0639\u0644\u0649 \u0644\u0648\u062d\u0629. \u062a\u062a\u064a\u062d \u062b\u0644\u0627\u062b \u0639\u062c\u0644\u0627\u062a \u0644\u0644\u0636\u0628\u0637 \u0625\u0645\u0643\u0627\u0646\u064a\u0629 \u0636\u0628\u0637 \u0645\u062d\u0627\u0630\u0627\u0629 \u0627\u0644\u0635\u0648\u0631\u0629 \u0628\u062f\u0642\u0629 \u0645\u062a\u0646\u0627\u0647\u064a\u0629. \u0628\u0627\u0644\u0627\u0642\u062a\u0631\u0627\u0646 \u0645\u0639 \u0627\u0644\u0645\u0644\u062d\u0642\u0627\u062a \u0627\u0644\u0645\u062e\u062a\u0644\u0641\u0629\u060c \u064a\u0645\u0643\u0646 \u062a\u0645\u062f\u064a\u062f \u0627\u0644\u0625\u0637\u0627\u0631 \u2013 \u0639\u0644\u0649 \u0627\u0644\u0646\u062d\u0648 \u0627\u0644\u0623\u0645\u062b\u0644 \u0644\u0644\u0627\u0633\u062a\u062e\u062f\u0627\u0645 \u0645\u0639 \u0627\u0644\u0639\u062f\u064a\u062f \u0645\u0646 \u0623\u062c\u0647\u0632\u0629 \u0627\u0644\u0639\u0631\u0636.<\/p>\n<ul>\n<li>\u062d\u0645\u0627\u064a\u0629 \u062c\u064a\u062f\u0629 \u062c\u062f\u0627\u064b \u0636\u062f \u0623\u0636\u0631\u0627\u0631 \u0627\u0644\u0646\u0642\u0644<\/li>\n<li>\u0645\u062b\u0627\u0644\u064a\u0629 \u0644\u0634\u0631\u0643\u0627\u062a \u0627\u0644\u062a\u0623\u062c\u064a\u0631 \u0623\u0648 \u0645\u0646\u0638\u0645\u064a \u0627\u0644\u0641\u0639\u0627\u0644\u064a\u0627\u062a \u0627\u0644\u0645\u062a\u0646\u0642\u0644\u0629<\/li>\n<li>\u062a\u0645\u0643\u064a\u0646 \u0645\u062d\u0627\u0630\u0627\u0629 \u0627\u0644\u0635\u0648\u0631\u0629 \u0627\u0644\u0623\u0643\u062b\u0631 \u062f\u0642\u0629 \u062d\u062a\u0649 \u0639\u0646\u062f \u0627\u0644\u062a\u0634\u063a\u064a\u0644 \u0628\u0627\u0633\u062a\u062e\u062f\u0627\u0645 \u0623\u062c\u0647\u0632\u0629 \u0639\u0631\u0636 \u0645\u062a\u0639\u062f\u062f\u0629<\/li>\n<li>\u062a\u0631\u0643\u064a\u0628 \u062c\u0647\u0627\u0632 \u0639\u0631\u0636 \u0628\u0633\u064a\u0637<\/li>\n<\/ul>\n<p>\u0634\u0631\u0643\u0629 PCS GmbH \u0647\u064a \u0627\u0644\u0645\u0648\u0632\u0639 \u0627\u0644\u0623\u0644\u0645\u0627\u0646\u064a \u0627\u0644\u0631\u0633\u0645\u064a \u0644\u0634\u0631\u0643\u0629 Audipack. \u0646\u062d\u0646 \u0646\u0648\u0641\u0631 \u0644\u0643 \u0645\u0634\u0648\u0631\u0629 \u0627\u0644\u062e\u0628\u0631\u0627\u0621 \u0648\u0623\u0648\u0642\u0627\u062a \u062a\u0633\u0644\u064a\u0645 \u0633\u0631\u064a\u0639\u0629.<\/p>\n<p><img loading=\"lazy\" decoding=\"async\" class=\"alignright size-full wp-image-5489\" src=\"https:\/\/konferenztechnik.de\/wp-content\/uploads\/2013\/09\/PCS-GmbH-Audipack-authorized-dealer-small.jpg\" alt=\"\u0634\u0631\u0643\u0629 PCS GmbH \u0647\u064a \u0648\u0643\u064a\u0644 \u0645\u0639\u062a\u0645\u062f \u0645\u0646 Audipack\" width=\"200\" height=\"81\" title=\"\"><\/p>","protected":false},"excerpt":{"rendered":"<p>Spezialhalterungen f\u00fcr Displays und Projektoren Tablet Case TC-IPAD f\u00fcr iPad 1, 2, 3 und 4 Das TC-iPad Case, sch\u00fctzt ihr iPad auf elegante Weise, wenn es an \u00f6ffentlichen Pl\u00e4tzen installiert oder ausgestellt werden soll. Das iPad kann schnell in der H\u00fclle befestigt werden und wird so wirksam gegen Diebstahl gesch\u00fctzt. Durch das Smart-Keylock-System sind nach [&hellip;]<\/p>","protected":false},"author":1,"featured_media":45482,"parent":1221,"menu_order":100,"comment_status":"closed","ping_status":"open","template":"","meta":{"_acf_changed":false,"footnotes":""},"class_list":["post-4489","page","type-page","status-publish","has-post-thumbnail","hentry"],"acf":[],"_links":{"self":[{"href":"https:\/\/konferenztechnik.de\/ar\/wp-json\/wp\/v2\/pages\/4489","targetHints":{"allow":["GET"]}}],"collection":[{"href":"https:\/\/konferenztechnik.de\/ar\/wp-json\/wp\/v2\/pages"}],"about":[{"href":"https:\/\/konferenztechnik.de\/ar\/wp-json\/wp\/v2\/types\/page"}],"author":[{"embeddable":true,"href":"https:\/\/konferenztechnik.de\/ar\/wp-json\/wp\/v2\/users\/1"}],"replies":[{"embeddable":true,"href":"https:\/\/konferenztechnik.de\/ar\/wp-json\/wp\/v2\/comments?post=4489"}],"version-history":[{"count":0,"href":"https:\/\/konferenztechnik.de\/ar\/wp-json\/wp\/v2\/pages\/4489\/revisions"}],"up":[{"embeddable":true,"href":"https:\/\/konferenztechnik.de\/ar\/wp-json\/wp\/v2\/pages\/1221"}],"wp:featuredmedia":[{"embeddable":true,"href":"https:\/\/konferenztechnik.de\/ar\/wp-json\/wp\/v2\/media\/45482"}],"wp:attachment":[{"href":"https:\/\/konferenztechnik.de\/ar\/wp-json\/wp\/v2\/media?parent=4489"}],"curies":[{"name":"\u062f\u0628\u0644\u064a\u0648 \u0628\u064a","href":"https:\/\/api.w.org\/{rel}","templated":true}]}}