{"id":4984,"date":"2015-02-02T14:48:25","date_gmt":"2015-02-02T13:48:25","guid":{"rendered":"https:\/\/konferenztechnik.de\/?page_id=4984"},"modified":"2023-09-01T11:47:24","modified_gmt":"2023-09-01T09:47:24","slug":"%d8%a3%d8%ac%d9%87%d8%b2%d8%a9-%d8%a7%d9%84%d9%83%d9%85%d8%a8%d9%8a%d9%88%d8%aa%d8%b1-%d8%a7%d9%84%d9%85%d8%ae%d8%aa%d8%a7%d8%b1%d8%a9-%d8%b5%d9%81%d9%82%d8%a9-%d8%ae%d8%a7%d8%b5%d8%a9-%d9%85%d8%ae","status":"publish","type":"page","link":"https:\/\/konferenztechnik.de\/ar\/%d8%a3%d8%ac%d9%87%d8%b2%d8%a9-%d8%a7%d9%84%d9%83%d9%85%d8%a8%d9%8a%d9%88%d8%aa%d8%b1-%d8%a7%d9%84%d9%85%d8%ae%d8%aa%d8%a7%d8%b1%d8%a9-%d8%b5%d9%81%d9%82%d8%a9-%d8%ae%d8%a7%d8%b5%d8%a9-%d9%85%d8%ae\/","title":{"rendered":"\u0623\u062c\u0647\u0632\u0629 \u0627\u0644\u0643\u0645\u0628\u064a\u0648\u062a\u0631 \u0627\u0644\u0634\u062e\u0635\u064a\u0629 \u0627\u0644\u0645\u062e\u062a\u0627\u0631\u0629: \u0627\u0634\u062a\u0631\u0650 Bosch CCS 1000D"},"content":{"rendered":"<p>[\u062d\u062c\u0645 \u0627\u0644\u0639\u0645\u0648\u062f=\"2-3\u2033 \u0627\u0644\u0623\u062e\u064a\u0631=\"0\u2033]<\/p>\n<h1>\u0627\u0634\u062a\u0631\u0650 \u0639\u0631\u0636\u064b\u0627 \u062a\u0645\u0647\u064a\u062f\u064a\u064b\u0627 \u0645\u0646 Bosch CCS 1000 D \u2013: \u0646\u0638\u0627\u0645 \u0627\u0644\u0645\u0646\u0627\u0642\u0634\u0629 \u0627\u0644\u0631\u0642\u0645\u064a Bosch CCS 1000 D<\/h1>\n<p>[\/\u0627\u0644\u0639\u0645\u0648\u062f]<br \/>\n[\u062d\u062c\u0645 \u0627\u0644\u0639\u0645\u0648\u062f=\"1-3\u2033 \u0622\u062e\u0631=\"1\u2033]<\/p>\n<p>[\/\u0627\u0644\u0639\u0645\u0648\u062f]<\/p>\n<p><a href=\"https:\/\/konferenztechnik.de\/wp-content\/uploads\/2015\/02\/8.jpg\"><img fetchpriority=\"high\" decoding=\"async\" class=\"alignnone size-full wp-image-5243\" src=\"https:\/\/konferenztechnik.de\/wp-content\/uploads\/2015\/02\/8.jpg\" alt=\"_8\" width=\"941\" height=\"228\" title=\"\" srcset=\"https:\/\/konferenztechnik.de\/wp-content\/uploads\/2015\/02\/8.jpg 941w, https:\/\/konferenztechnik.de\/wp-content\/uploads\/2015\/02\/8-300x73.jpg 300w, https:\/\/konferenztechnik.de\/wp-content\/uploads\/2015\/02\/8-768x186.jpg 768w\" sizes=\"(max-width: 941px) 100vw, 941px\" \/><\/a><br \/>\n<a href=\"https:\/\/konferenztechnik.de\/wp-content\/uploads\/2015\/02\/Bosch-CCS-1000-D-PCSAngebot.jpg\"><img decoding=\"async\" class=\"alignnone size-full wp-image-5346\" src=\"https:\/\/konferenztechnik.de\/wp-content\/uploads\/2015\/02\/Bosch-CCS-1000-D-PCSAngebot.jpg\" alt=\"\u0627\u0634\u062a\u0631\u064a Bosch-CCS-1000 D\" width=\"940\" height=\"411\" title=\"\" srcset=\"https:\/\/konferenztechnik.de\/wp-content\/uploads\/2015\/02\/Bosch-CCS-1000-D-PCSAngebot.jpg 940w, https:\/\/konferenztechnik.de\/wp-content\/uploads\/2015\/02\/Bosch-CCS-1000-D-PCSAngebot-300x131.jpg 300w, https:\/\/konferenztechnik.de\/wp-content\/uploads\/2015\/02\/Bosch-CCS-1000-D-PCSAngebot-768x336.jpg 768w\" sizes=\"(max-width: 940px) 100vw, 940px\" \/><\/a><br \/>\n\u0633\u062a\u0642\u062f\u0645 Bosch \u0646\u0638\u0627\u0645\u064b\u0627 \u062c\u062f\u064a\u062f\u064b\u0627 \u0644\u0644\u0645\u0646\u0627\u0642\u0634\u0629 \u0627\u0644\u0631\u0642\u0645\u064a\u0629 \u0641\u064a \u0645\u0639\u0631\u0636 \u0627\u0644\u0623\u0646\u0638\u0645\u0629 \u0627\u0644\u0645\u062a\u0643\u0627\u0645\u0644\u0629 \u0641\u064a \u0623\u0648\u0631\u0648\u0628\u0627 \u0641\u064a \u0623\u0645\u0633\u062a\u0631\u062f\u0627\u0645 \u0641\u064a 10 \u0641\u0628\u0631\u0627\u064a\u0631 2015. \u0644\u0642\u062f \u062a\u0645\u0643\u0646\u0627 \u0628\u0627\u0644\u0641\u0639\u0644 \u0645\u0646 \u0627\u062e\u062a\u0628\u0627\u0631 \u0627\u0644\u0646\u0638\u0627\u0645 \u0648\u0646\u062d\u0646 \u0633\u0639\u062f\u0627\u0621 \u0628\u0630\u0644\u0643.<\/p>\n<p>\u0648\u0642\u062f \u062d\u0642\u0642 \u0627\u0644\u0645\u0631\u0641\u0642 \u0627\u0644\u062c\u062f\u064a\u062f\u060c \u0627\u0644\u0645\u0635\u0645\u0645 \u0644\u0644\u0627\u062c\u062a\u0645\u0627\u0639\u0627\u062a \u0648\u0627\u0644\u0641\u0639\u0627\u0644\u064a\u0627\u062a \u0627\u0644\u0635\u063a\u064a\u0631\u0629 \u0648\u0627\u0644\u0645\u062a\u0648\u0633\u0637\u0629 \u0627\u0644\u062d\u062c\u0645\u060c \u0646\u062a\u0627\u0626\u062c \u0639\u0627\u0644\u064a\u0629 \u0641\u064a \u062c\u0645\u064a\u0639 \u0627\u0644\u0645\u062c\u0627\u0644\u0627\u062a.<\/p>\n<p>\u062a\u0642\u062f\u0645 \u0628\u0648\u0634 \u0633\u0639\u0631\u064b\u0627 \u062a\u0645\u0647\u064a\u062f\u064a\u064b\u0627 \u0644\u0627 \u064a\u064f\u0636\u0627\u0647\u0649 \u0644\u0646\u0638\u0627\u0645 \u0645\u0646\u0627\u0642\u0634\u0629 \u062c\u062f\u064a\u062f \u0648\u0646\u0627\u062c\u062d \u0645\u0646 \u062c\u0645\u064a\u0639 \u0627\u0644\u0646\u0648\u0627\u062d\u064a. \u062a\u0631\u063a\u0628 \u0628\u0648\u0634 \u0641\u064a \u0646\u0634\u0631 \u0627\u0644\u0646\u0638\u0627\u0645 \u0628\u0633\u0631\u0639\u0629 \u0641\u064a \u0627\u0644\u0633\u0648\u0642 \u0627\u0644\u062f\u0648\u0644\u064a\u0629. \u0646\u062d\u0646 \u0645\u0642\u062a\u0646\u0639\u0648\u0646 \u0628\u0627\u0644\u0646\u0638\u0627\u0645 \u0648\u064a\u0633\u0639\u062f\u0646\u0627 \u0623\u0646 \u0646\u0646\u0642\u0644 \u0627\u0644\u0645\u064a\u0632\u0629 \u0644\u0643.<br \/>\n[spacer size=\"20\"]<\/p>\n<h1>\u0639\u0631\u0636 \u062a\u0645\u0647\u064a\u062f\u064a \u2013 Bosch\/PCS \u0639\u0631\u0636 \u062a\u0645\u0647\u064a\u062f\u064a \u2013 \u0646\u0638\u0627\u0645 \u0627\u0644\u0645\u0646\u0627\u0642\u0634\u0629 \u0627\u0644\u0631\u0642\u0645\u064a \u0628\u0648\u0634 CCS 1000 D<\/h1>\n<p>\u0645\u062d\u0637\u062a\u0627\u0646 \u0644\u0644\u0627\u062a\u0635\u0627\u0644 \u0627\u0644\u062f\u0627\u062e\u0644\u064a \u0645\u062c\u0627\u0646\u0627\u064b \u0644\u0643\u0644 \u0645\u062c\u0645\u0648\u0639\u0629 \u0645\u0646 6 \u0645\u062d\u0637\u0627\u062a\u060c \u0639\u0631\u0636 \u062a\u0645\u0647\u064a\u062f\u064a \u0644\u0645\u0631\u0629 \u0648\u0627\u062d\u062f\u0629 \u0641\u0642\u0637 \u064a\u0633\u0631\u064a \u0645\u0646 5 \u0641\u0628\u0631\u0627\u064a\u0631 \u0625\u0644\u0649 5 \u0645\u0627\u0631\u0633 2015.<\/p>\n<p><a href=\"https:\/\/konferenztechnik.de\/wp-content\/uploads\/2015\/02\/Bosch-CCS-1000-D-PCSAngebot2.jpg\"><img decoding=\"async\" class=\"alignnone size-full wp-image-5350\" src=\"https:\/\/konferenztechnik.de\/wp-content\/uploads\/2015\/02\/Bosch-CCS-1000-D-PCSAngebot2.jpg\" alt=\"\u0639\u0631\u0636 \u062e\u0627\u0635 \u0645\u0646 \u0628\u0648\u0634-CCS-1000 D\" width=\"940\" height=\"411\" title=\"\" srcset=\"https:\/\/konferenztechnik.de\/wp-content\/uploads\/2015\/02\/Bosch-CCS-1000-D-PCSAngebot2.jpg 940w, https:\/\/konferenztechnik.de\/wp-content\/uploads\/2015\/02\/Bosch-CCS-1000-D-PCSAngebot2-300x131.jpg 300w, https:\/\/konferenztechnik.de\/wp-content\/uploads\/2015\/02\/Bosch-CCS-1000-D-PCSAngebot2-768x336.jpg 768w\" sizes=\"(max-width: 940px) 100vw, 940px\" \/><\/a><br \/>\n\u0635\u0627\u0644\u062d \u0644\u0643\u0644 \u0645\u062c\u0645\u0648\u0639\u0629 \u0623\u0633\u0627\u0633\u064a\u0629 \u0645\u0646 6 \u0648\u062d\u062f\u0627\u062a \u0645\u064a\u0643\u0631\u0648\u0641\u0648\u0646 + \u0633\u0639\u0631 \u062e\u0627\u0635 \u0644\u0648\u062d\u062f\u0629 \u0627\u0644\u062a\u062d\u0643\u0645 \u0648\u0643\u0627\u0628\u0644 \u0627\u0644\u062a\u0645\u062f\u064a\u062f \u0648\u0627\u0644\u0645\u0644\u062d\u0642\u0627\u062a. \u0627\u0634\u062a\u0631\u0650 \u0646\u0638\u0627\u0645 \u0627\u0644\u0627\u062a\u0635\u0627\u0644 \u0627\u0644\u062f\u0627\u062e\u0644\u064a \u0627\u0644\u062c\u062f\u064a\u062f \u0645\u0646 \u0628\u0648\u0634 \u0628\u0633\u0639\u0631 \u062a\u0645\u0647\u064a\u062f\u064a \u0644\u0627 \u064a\u064f\u0636\u0627\u0647\u0649.<\/p>\n<p>\u064a\u0645\u0643\u0646\u0643 \u0627\u0644\u062a\u0639\u0631\u0641 \u0639\u0644\u0649 \u0627\u0644\u0646\u0638\u0627\u0645 \u0641\u064a \u0641\u0631\u0648\u0639\u0646\u0627. \u0641\u064a \u0627\u0644\u0641\u062a\u0631\u0629 \u0645\u0646 10 \u0641\u0628\u0631\u0627\u064a\u0631 \u0625\u0644\u0649 12 \u0641\u0628\u0631\u0627\u064a\u0631\u060c \u0633\u062a\u0639\u0631\u0636 \u0628\u0648\u0634 \u0627\u0644\u0646\u0638\u0627\u0645 \u0641\u064a \u0645\u0639\u0631\u0636 ISE \u0644\u0644\u0623\u0646\u0638\u0645\u0629 \u0627\u0644\u0645\u062a\u0643\u0627\u0645\u0644\u0629 \u0641\u064a \u0623\u0648\u0631\u0648\u0628\u0627 \u0628\u0623\u0645\u0633\u062a\u0631\u062f\u0627\u0645 \u0641\u064a \u0627\u0644\u062c\u0646\u0627\u062d 3-A81. \u0646\u0631\u062d\u0628 \u0628\u0643 \u0644\u062a\u062d\u062f\u064a\u062f \u0645\u0648\u0639\u062f \u0645\u0639\u0646\u0627 \u0647\u0646\u0627\u0643. <a href=\"mailto:peschka@konferenztechnik.de?subject=Treffen auf der ISE Amsterdam\">\u0627\u0644\u062a\u0639\u064a\u064a\u0646<\/a>.<\/p>\n<p><a href=\"https:\/\/www.iseurope.org\/home.php?navi=148&amp;clean_cat=search&amp;searchstring=bosch\" target=\"_blank\" rel=\"noopener\">\u0628\u0648\u0634 \u0645\u0639 \u0646\u0638\u0627\u0645 CCS 1000 D \u0641\u064a \u0645\u0639\u0631\u0636 ISE \u0644\u0644\u0623\u0646\u0638\u0645\u0629 \u0627\u0644\u0645\u062a\u0643\u0627\u0645\u0644\u0629 \u0641\u064a \u0623\u0648\u0631\u0648\u0628\u0627 \u0628\u0623\u0645\u0633\u062a\u0631\u062f\u0627\u0645<\/a><\/p>\n<p>[spacer size=\"10\"]<\/p>\n<p><a style=\"line-height: 1.8em;\" title=\"\" href=\"\/ar\/%d8%a8%d9%88%d8%b4-ccs-1000-d\/\">\u0645\u0642\u062f\u0645\u0629 \u062c\u062f\u064a\u062f\u0629 Bosch CCS 1000 D<\/a><br \/>\n<a style=\"line-height: 1.8em;\" title=\"R\" href=\"\/ar\/%d9%86%d8%aa%d9%8a%d8%ac%d8%a9-%d8%a7%d8%ae%d8%aa%d8%a8%d8%a7%d8%b1-%d8%a8%d9%88%d8%b4-ccs-1000-d\/\">\u0646\u062a\u064a\u062c\u0629 \u0627\u062e\u062a\u0628\u0627\u0631 PCS Bosch CCS 1000 D<\/a><br \/>\n<a style=\"line-height: 1.8em;\" title=\"\" href=\"\/ar\/%d9%85%d9%8a%d8%b2%d8%a7%d8%aa-bosch-ccs-1000d\/\">\u0637\u064a\u0641 \u0627\u0644\u0623\u062f\u0627\u0621\/\u0627\u0644\u0645\u064a\u0632\u0627\u062a \u0628\u0648\u0634 CCS 1000 D<\/a><br \/>\n<!--\n<b>Highend-Ausstattung zum Einsteigerpreis<\/b>\n[list icon=\"moon-checkmark-3\" color=\"#a62055\"]Exzellenter Klang und h\u00f6here Lautst\u00e4rken ohne R\u00fcckkopplung[\/list]\n[list icon=\"moon-checkmark-3\" color=\"#a62055\"]Kompakt, einfach aufzubauen, einfach zu bedienen[\/list]\n[list icon=\"moon-checkmark-3\" color=\"#a62055\"]Komfortable Aufzeichnung einfach auf den USB-Stick[\/list]\n[list icon=\"moon-checkmark-3\" color=\"#a62055\"]Steuerung der Anlage einach \u00fcber Tablet, Smartphone oder Web-Browser[\/list]\n[list icon=\"moon-checkmark-3\" color=\"#a62055\"]Integrierte, automatische Steuerung von DOM z. B. f\u00fcr Videokonferenzen[\/list]\n[spacer size=\"30\"]\n--><\/p>\n<p>[spacer size=\"20\"]<\/p>\n<p><!--\n\n<b>Zusatzangebot \u201eISE-Besuch\u201c \/ die Anlage auf der ISE kennenlernen<\/b>\n\nBesuchen Sie Bosch auf der ISE in Amsterdam. Bringen Sie unser PCS-Angebot als Ausdruck mit und Sie erhalten zus\u00e4tzlich 100 EUR Er\u00f6ffnungsrabatt.\n\nBesuchen Sie Bosch auf dem Stand 3-A81 und legen Sie dort unser Angebot zum Unterzeichnen vor und Sie erhalten im Aktionszeitraum nochmals zus\u00e4tzlich 100 EUR Preisnachlass auf Ihre erste Bestellung.\n\n* G\u00fcltig ab Abnahmemenge 1 Basiskoffer (5 + 1 for free) + 100 EUR ISE-Aktion. Angebot g\u00fcltig f\u00fcr den Gesamtzeitraum 5. Februar bis 31. M\u00e4rz, Abzeichnung Angebot nur auf der ISE m\u00f6glich.\n\nISE Integrated Systems Europe Amsterdam\n10.02.2015 - 12.02.2015\nAusstellung f\u00fcr professionelle AV Systemintegration &amp; elektronische Integration in Gesch\u00e4fts- und Wohngeb\u00e4uden\n\nBesuchen Sie Bosch und nutzen Sie die Chance, die Anlage kennenzulernen; Bosch CCS 1000 D, Stand 3-A81\n--><\/p>\n<p>[spacer size=\"20\"]<\/p>\n<h1>\u062c\u0647\u0627\u062a \u0627\u0644\u0627\u062a\u0635\u0627\u0644 \u0627\u0644\u062e\u0627\u0635\u0629 \u0628\u0643<\/h1>\n<p>[spacer size=\"20\"]<br \/>\n[\u062d\u062c\u0645 \u0627\u0644\u0639\u0645\u0648\u062f=\"1-2\" \u0622\u062e\u0631=\"0\"]<br \/>\n[\u0639\u0644\u0627\u0645\u0627\u062a \u0627\u0644\u062a\u0628\u0648\u064a\u0628 style=\"2\"]<br \/>\n[\u0639\u0646\u0648\u0627\u0646 \u0627\u0644\u062a\u0628\u0648\u064a\u0628=\"\u0628\u0631\u0644\u064a\u0646\"]<br \/>\n<img loading=\"lazy\" decoding=\"async\" width=\"800\" height=\"533\" class=\"alignleft size-full wp-image-2301\" src=\"https:\/\/konferenztechnik.de\/wp-content\/uploads\/2013\/09\/gunnar_hermenau_pcs-gmbh.jpg\" alt=\"gunnar_Hermenau_pcs_gmbh\" title=\"\" srcset=\"https:\/\/konferenztechnik.de\/wp-content\/uploads\/2013\/09\/gunnar_hermenau_pcs-gmbh.jpg 800w, https:\/\/konferenztechnik.de\/wp-content\/uploads\/2013\/09\/gunnar_hermenau_pcs-gmbh-300x200.jpg 300w, https:\/\/konferenztechnik.de\/wp-content\/uploads\/2013\/09\/gunnar_hermenau_pcs-gmbh-768x512.jpg 768w\" sizes=\"(max-width: 800px) 100vw, 800px\" \/><br \/>\n\u063a\u0648\u0646\u0627\u0631 \u0647\u064a\u0631\u0645\u064a\u0646\u0627\u0648<br \/>\n\u0645\u062f\u064a\u0631 \u0641\u0631\u0639 \u0628\u0631\u0644\u064a\u0646<br \/>\n\u0627\u0644\u0647\u0627\u062a\u0641 +49 30 30 695969690 14<br \/>\n\u0627\u0644\u0628\u0631\u064a\u062f \u0627\u0644\u0625\u0644\u0643\u062a\u0631\u0648\u0646\u064a <a href=\"mailto:hermenau@konferenztechnik.de\">hermenau@konferenztechnik.de<\/a><br \/>\n\u0631\u0645\u0632 \u0627\u0644\u0627\u0633\u062a\u062c\u0627\u0628\u0629 \u0627\u0644\u0633\u0631\u064a\u0639\u0629 <a title=\"\u0631\u0645\u0632 \u0627\u0644\u0627\u0633\u062a\u062c\u0627\u0628\u0629 \u0627\u0644\u0633\u0631\u064a\u0639\u0629 \u062c\u0648\u0646\u0627\u0631 \u0647\u064a\u0631\u0645\u064a\u0646\u0627\u0648\" href=\"https:\/\/konferenztechnik.de\/wp-content\/uploads\/2013\/09\/gunnar_hermenau_qrcode.png\">\u0639\u0631\u0636 \u203a<\/a><br \/>\n[\/tab]<br \/>\n[\/tabs]<br \/>\n[\/\u0627\u0644\u0639\u0645\u0648\u062f]<br \/>\n[\u062d\u062c\u0645 \u0627\u0644\u0639\u0645\u0648\u062f=\"1-2\" \u0622\u062e\u0631=\"1\"]<br \/>\n[\u0639\u0644\u0627\u0645\u0627\u062a \u0627\u0644\u062a\u0628\u0648\u064a\u0628 style=\"2\"]<br \/>\n[\u0639\u0646\u0648\u0627\u0646 \u0627\u0644\u062a\u0628\u0648\u064a\u0628 = \"\u0647\u0627\u064a\u0644\u0628\u0631\u0648\u0646\"]<br \/>\n<img loading=\"lazy\" decoding=\"async\" width=\"800\" height=\"533\" class=\"alignleft size-full wp-image-2289\" src=\"https:\/\/konferenztechnik.de\/wp-content\/uploads\/2013\/09\/carsten_adam_pcs-gmbh.jpg\" alt=\"carsten_adam_adam_pcs-gmbh\" title=\"\" srcset=\"https:\/\/konferenztechnik.de\/wp-content\/uploads\/2013\/09\/carsten_adam_pcs-gmbh.jpg 800w, https:\/\/konferenztechnik.de\/wp-content\/uploads\/2013\/09\/carsten_adam_pcs-gmbh-300x200.jpg 300w, https:\/\/konferenztechnik.de\/wp-content\/uploads\/2013\/09\/carsten_adam_pcs-gmbh-768x512.jpg 768w\" sizes=\"(max-width: 800px) 100vw, 800px\" \/><br \/>\n\u0643\u0627\u0631\u0633\u062a\u0646 \u0622\u062f\u0645<br \/>\n\u0645\u062f\u064a\u0631 \u0641\u0631\u0639 \u0647\u0627\u064a\u0644\u0628\u0631\u0648\u0646 \u0648\u0645\u064a\u0648\u0646\u064a\u062e<br \/>\n\u0627\u0644\u0647\u0627\u062a\u0641 +49 7131 27801010 11 +49 7131 278010 11<br \/>\n\u0627\u0644\u0628\u0631\u064a\u062f \u0627\u0644\u0625\u0644\u0643\u062a\u0631\u0648\u0646\u064a <a href=\"mailto:adam@konferenztechnik.de\">adam@konferenztechnik.de<\/a><br \/>\n\u0631\u0645\u0632 \u0627\u0644\u0627\u0633\u062a\u062c\u0627\u0628\u0629 \u0627\u0644\u0633\u0631\u064a\u0639\u0629 <a title=\"\u0631\u0645\u0632 \u0627\u0644\u0627\u0633\u062a\u062c\u0627\u0628\u0629 \u0627\u0644\u0633\u0631\u064a\u0639\u0629 \u0643\u0627\u0631\u0633\u062a\u0646 \u0622\u062f\u0645\" href=\"https:\/\/konferenztechnik.de\/wp-content\/uploads\/2013\/09\/carsten_adam_qrcode.png\">\u0639\u0631\u0636 \u203a<\/a><br \/>\n[\/tab]<br \/>\n[\/tabs]<br \/>\n[\/\u0627\u0644\u0639\u0645\u0648\u062f]<\/p>\n<p>[\u062d\u062c\u0645 \u0627\u0644\u0639\u0645\u0648\u062f=\"1-2\" \u0622\u062e\u0631=\"1\"]<br \/>\n[\u0639\u0644\u0627\u0645\u0627\u062a \u0627\u0644\u062a\u0628\u0648\u064a\u0628 style=\"2\"]<br \/>\n[\u0639\u0646\u0648\u0627\u0646 \u0627\u0644\u062a\u0628\u0648\u064a\u0628 = \"\u062f\u0648\u0633\u0644\u062f\u0648\u0631\u0641\"]<br \/>\n<a href=\"https:\/\/konferenztechnik.de\/wp-content\/uploads\/2013\/09\/dirk_neumann_pcs-gmbh.jpg\"><img loading=\"lazy\" decoding=\"async\" width=\"800\" height=\"533\" class=\"alignleft size-full wp-image-2297\" src=\"https:\/\/konferenztechnik.de\/wp-content\/uploads\/2013\/09\/dirk_neumann_pcs-gmbh.jpg\" alt=\"\u062f\u064a\u0631\u0643 \u0646\u064a\u0648\u0645\u0627\u0646 \u0627\u0644\u0639\u0636\u0648 \u0627\u0644\u0645\u0646\u062a\u062f\u0628 \u0644\u0634\u0631\u0643\u0629 PCS GmbH\" title=\"\" srcset=\"https:\/\/konferenztechnik.de\/wp-content\/uploads\/2013\/09\/dirk_neumann_pcs-gmbh.jpg 800w, https:\/\/konferenztechnik.de\/wp-content\/uploads\/2013\/09\/dirk_neumann_pcs-gmbh-300x200.jpg 300w, https:\/\/konferenztechnik.de\/wp-content\/uploads\/2013\/09\/dirk_neumann_pcs-gmbh-768x512.jpg 768w\" sizes=\"(max-width: 800px) 100vw, 800px\" \/><\/a><br \/>\n\u062f\u064a\u0631\u0643 \u0646\u064a\u0648\u0645\u0627\u0646<br \/>\n\u0627\u0644\u0645\u062f\u064a\u0631 \u0627\u0644\u0639\u0627\u0645<br \/>\n\u0627\u0644\u0647\u0627\u062a\u0641 +49 211 737798 737798 49+ 0<br \/>\n\u0627\u0644\u0628\u0631\u064a\u062f \u0627\u0644\u0625\u0644\u0643\u062a\u0631\u0648\u0646\u064a <a href=\"mailto:vertrieb@konferenztechnik.de\">vertrieb@konferenztechnik.de<\/a><br \/>\n\u0631\u0645\u0632 \u0627\u0644\u0627\u0633\u062a\u062c\u0627\u0628\u0629 \u0627\u0644\u0633\u0631\u064a\u0639\u0629 <a title=\"\u0631\u0645\u0632 \u0627\u0644\u0627\u0633\u062a\u062c\u0627\u0628\u0629 \u0627\u0644\u0633\u0631\u064a\u0639\u0629 \u062f\u064a\u0631\u0643 \u0646\u064a\u0648\u0645\u0627\u0646\" href=\"https:\/\/konferenztechnik.de\/wp-content\/uploads\/2013\/09\/dirk_neumann_qrcode.png\">\u0639\u0631\u0636 \u203a<\/a>[\/tab]<br \/>\n[\/tabs]<br \/>\n[\/\u0627\u0644\u0639\u0645\u0648\u062f]<\/p>\n<p>[spacer size=\"30\"]<\/p>\n<div class=\"weiterlinks\">\n<h1>\u0631\u0648\u0627\u0628\u0637 \u0623\u062e\u0631\u0649:<\/h1>\n<ul>\n<li>\u203a <a title=\"\u0627\u0644\u062a\u0648\u0632\u064a\u0639\" href=\"\/ar\/%d8%aa%d9%88%d8%b2%d9%8a%d8%b9-%d8%aa%d9%83%d9%86%d9%88%d9%84%d9%88%d8%ac%d9%8a%d8%a7-%d8%a7%d9%84%d9%85%d8%a4%d8%aa%d9%85%d8%b1%d8%a7%d8%aa-%d9%88%d9%88%d8%b3%d8%a7%d8%a6%d8%b7-%d8%a7%d9%84%d8%a5\/\">\u062a\u0648\u0632\u064a\u0639 \u062a\u0643\u0646\u0648\u0644\u0648\u062c\u064a\u0627 \u0627\u0644\u0645\u0624\u062a\u0645\u0631\u0627\u062a \u0648\u0627\u0644\u0625\u0639\u0644\u0627\u0645<\/a><\/li>\n<li>\u203a <a title=\"\u0627\u0644\u062a\u0631\u0643\u064a\u0628\" href=\"\/ar\/%d8%aa%d8%b1%d9%83%d9%8a%d8%a8-%d9%88%d8%af%d9%85%d8%ac-%d8%aa%d9%83%d9%86%d9%88%d9%84%d9%88%d8%ac%d9%8a%d8%a7-%d8%a7%d9%84%d9%85%d8%a4%d8%aa%d9%85%d8%b1%d8%a7%d8%aa-%d9%88%d8%a7%d9%84%d8%a3%d9%86\/\">\u062a\u0631\u0643\u064a\u0628 \u0648\u062f\u0645\u062c \u062a\u0643\u0646\u0648\u0644\u0648\u062c\u064a\u0627 \u0627\u0644\u0645\u0624\u062a\u0645\u0631\u0627\u062a \u0648\u0627\u0644\u0623\u0646\u0638\u0645\u0629 \u0627\u0644\u0625\u0639\u0644\u0627\u0645\u064a\u0629<\/a><\/li>\n<li>\u203a <a title=\"\u062f\u0639\u0645 \u0627\u0644\u0641\u0639\u0627\u0644\u064a\u0627\u062a \u0645\u062a\u0639\u062f\u062f\u0629 \u0627\u0644\u0644\u063a\u0627\u062a\" href=\"\/ar\/%d8%a7%d9%84%d8%ae%d8%af%d9%85%d8%a7%d8%aa-2\/%d8%af%d8%b9%d9%85-%d8%a7%d9%84%d9%81%d8%b9%d8%a7%d9%84%d9%8a%d8%a7%d8%aa-%d9%85%d8%aa%d8%b9%d8%af%d8%af%d8%a9-%d8%a7%d9%84%d9%84%d8%ba%d8%a7%d8%aa\/\">\u062f\u0639\u0645 \u0627\u0644\u0641\u0639\u0627\u0644\u064a\u0627\u062a \u0645\u062a\u0639\u062f\u062f\u0629 \u0627\u0644\u0644\u063a\u0627\u062a<\/a><\/li>\n<\/ul>\n<\/div>","protected":false},"excerpt":{"rendered":"<p>[column size=&#8220;2-3&#8243; last=&#8220;0&#8243;] Bosch CCS 1000 D kaufen \u2013 Einf\u00fchrungsangebot: Digital Discussion System Bosch CCS 1000 D [\/column] [column size=&#8220;1-3&#8243; last=&#8220;1&#8243;] [\/column] Bosch stellt am 10. Februar 2015 auf der Integrated Systems Europe in Amsterdam eine neue digitale Diskussionsanlage vor. Wir konnten die Anlage schon auf Herz und Nieren testen und sind begeistert. Die neue [&hellip;]<\/p>","protected":false},"author":1,"featured_media":45482,"parent":0,"menu_order":34,"comment_status":"closed","ping_status":"open","template":"","meta":{"_acf_changed":false,"footnotes":""},"class_list":["post-4984","page","type-page","status-publish","has-post-thumbnail","hentry"],"acf":[],"_links":{"self":[{"href":"https:\/\/konferenztechnik.de\/ar\/wp-json\/wp\/v2\/pages\/4984","targetHints":{"allow":["GET"]}}],"collection":[{"href":"https:\/\/konferenztechnik.de\/ar\/wp-json\/wp\/v2\/pages"}],"about":[{"href":"https:\/\/konferenztechnik.de\/ar\/wp-json\/wp\/v2\/types\/page"}],"author":[{"embeddable":true,"href":"https:\/\/konferenztechnik.de\/ar\/wp-json\/wp\/v2\/users\/1"}],"replies":[{"embeddable":true,"href":"https:\/\/konferenztechnik.de\/ar\/wp-json\/wp\/v2\/comments?post=4984"}],"version-history":[{"count":0,"href":"https:\/\/konferenztechnik.de\/ar\/wp-json\/wp\/v2\/pages\/4984\/revisions"}],"wp:featuredmedia":[{"embeddable":true,"href":"https:\/\/konferenztechnik.de\/ar\/wp-json\/wp\/v2\/media\/45482"}],"wp:attachment":[{"href":"https:\/\/konferenztechnik.de\/ar\/wp-json\/wp\/v2\/media?parent=4984"}],"curies":[{"name":"\u062f\u0628\u0644\u064a\u0648 \u0628\u064a","href":"https:\/\/api.w.org\/{rel}","templated":true}]}}