{"id":5029,"date":"2015-02-02T17:32:01","date_gmt":"2015-02-02T16:32:01","guid":{"rendered":"https:\/\/konferenztechnik.de\/?page_id=5029"},"modified":"2023-09-01T11:47:12","modified_gmt":"2023-09-01T09:47:12","slug":"%d9%85%d9%8a%d8%b2%d8%a7%d8%aa-bosch-ccs-1000d","status":"publish","type":"page","link":"https:\/\/konferenztechnik.de\/ar\/%d9%85%d9%8a%d8%b2%d8%a7%d8%aa-bosch-ccs-1000d\/","title":{"rendered":"\u0646\u0638\u0631\u0629 \u0639\u0627\u0645\u0629 \u0639\u0644\u0649 \u0627\u0644\u0645\u064a\u0632\u0627\u062a \u0628\u0648\u0634 CCS 1000 D \u0646\u0638\u0631\u0629 \u0639\u0627\u0645\u0629"},"content":{"rendered":"<p>[\u062d\u062c\u0645 \u0627\u0644\u0639\u0645\u0648\u062f=\"2-3\u2033 \u0627\u0644\u0623\u062e\u064a\u0631=\"0\u2033]<\/p>\n<h1>\u0627\u0644\u0645\u064a\u0632\u0627\u062a: \u0646\u0638\u0627\u0645 \u0627\u0644\u0645\u0646\u0627\u0642\u0634\u0629 \u0627\u0644\u0631\u0642\u0645\u064a\u0629 Bosch CCS 1000 D<\/h1>\n<p>[\/\u0627\u0644\u0639\u0645\u0648\u062f]<br \/>\n[\u062d\u062c\u0645 \u0627\u0644\u0639\u0645\u0648\u062f=\"1-3\u2033 \u0622\u062e\u0631=\"1\u2033]<br \/>\n<img decoding=\"async\" class=\"alignright size-full wp-image-3924\" src=\"https:\/\/konferenztechnik.de\/wp-content\/uploads\/2013\/11\/logo-pcs-selected-quality.png\" alt=\"\u0634\u0639\u0627\u0631 PCS \u0627\u0644\u062c\u0648\u062f\u0629 \u0627\u0644\u0645\u062e\u062a\u0627\u0631\u0629\" width=\"143\" height=\"88\" title=\"\"><br \/>\n[\/\u0627\u0644\u0639\u0645\u0648\u062f]<\/p>\n<p><a href=\"https:\/\/konferenztechnik.de\/wp-content\/uploads\/2015\/02\/Bosch-CCS-1000-D-features.jpg\"><img fetchpriority=\"high\" decoding=\"async\" class=\"alignnone size-full wp-image-5365\" src=\"https:\/\/konferenztechnik.de\/wp-content\/uploads\/2015\/02\/Bosch-CCS-1000-D-features.jpg\" alt=\"Bosch-CCS-1000-D-features\" width=\"940\" height=\"411\" title=\"\" srcset=\"https:\/\/konferenztechnik.de\/wp-content\/uploads\/2015\/02\/Bosch-CCS-1000-D-features.jpg 940w, https:\/\/konferenztechnik.de\/wp-content\/uploads\/2015\/02\/Bosch-CCS-1000-D-features-300x131.jpg 300w, https:\/\/konferenztechnik.de\/wp-content\/uploads\/2015\/02\/Bosch-CCS-1000-D-features-768x336.jpg 768w\" sizes=\"(max-width: 940px) 100vw, 940px\" \/><\/a><\/p>\n<p>\u064a\u0628\u0647\u0631 \u0646\u0638\u0627\u0645 CCS 1000 D \u0627\u0644\u062c\u062f\u064a\u062f \u062a\u0645\u0627\u0645\u0627\u064b \u0628\u0628\u0633\u0627\u0637\u062a\u0647 \u0648\u0633\u0647\u0648\u0644\u0629 \u0627\u0633\u062a\u062e\u062f\u0627\u0645\u0647\u060c \u062f\u0648\u0646 \u0627\u0644\u062d\u0627\u062c\u0629 \u0625\u0644\u0649 \u0627\u0644\u0627\u0633\u062a\u063a\u0646\u0627\u0621 \u0639\u0646 \u0623\u062d\u062f\u062b \u0627\u0644\u0627\u0628\u062a\u0643\u0627\u0631\u0627\u062a \u0627\u0644\u062a\u0642\u0646\u064a\u0629. \u0627\u062d\u0635\u0644 \u0639\u0644\u0649 \u0646\u0638\u0631\u0629 \u0639\u0627\u0645\u0629 \u0639\u0644\u0649 \u0645\u064a\u0632\u0627\u062a \u0627\u0644\u0646\u0638\u0627\u0645 \u0647\u0646\u0627.<\/p>\n<h2>\u0645\u064a\u0632\u0627\u062a \u0646\u0638\u0627\u0645 \u0627\u0644\u0645\u0646\u0627\u0642\u0634\u0629 \u0627\u0644\u0631\u0642\u0645\u064a\u0629 CCS 1000 D \u0645\u0646 \u0628\u0648\u0634<\/h2>\n<p>[spacer size=\"20\"]<\/p>\n<div class=\"kasten\">\n<div class=\"kastenlinks\"><span class=\"zahl\">1.<\/span><\/div>\n<div class=\"kastenrechts\">\n<h1>\u0645\u062f\u0645\u062c\u0629 \u0648\u0633\u0647\u0644\u0629 \u0627\u0644\u0625\u0639\u062f\u0627\u062f \u0648\u0633\u0647\u0644\u0629 \u0627\u0644\u062a\u0634\u063a\u064a\u0644<\/h1>\n<p>\u2013 \u062a\u0648\u0635\u064a\u0644 \u0648\u062a\u0634\u063a\u064a\u0644 \u2013<br \/>\n\u2013 \u0644\u0627 \u064a\u0648\u062c\u062f \u062a\u062f\u0631\u064a\u0628 \u0645\u0637\u0644\u0648\u0628<br \/>\n\u2013 \u062a\u0631\u0643\u064a\u0628 \u063a\u064a\u0631 \u0645\u0639\u0642\u062f \u0648\u0645\u0628\u0627\u0634\u0631<br \/>\n\u2013 \u0644\u0627 \u062d\u0627\u062c\u0629 \u0644\u062a\u0647\u064a\u0626\u0629 \u0648\u0627\u0633\u0639\u0629 \u0627\u0644\u0646\u0637\u0627\u0642<\/p>\n<\/div>\n<p>[\u0648\u0627\u0636\u062d]<\/p>\n<\/div>\n<p>[spacer size=\"20\"]<\/p>\n<div class=\"kasten\">\n<div class=\"kastenlinks\"><span class=\"zahl\">2.<\/span><\/div>\n<div class=\"kastenrechts\">\n<h1>\u0635\u0648\u062a \u062c\u064a\u062f \u0648\u0645\u0633\u062a\u0648\u064a\u0627\u062a \u0635\u0648\u062a \u0623\u0639\u0644\u0649 \u0628\u062f\u0648\u0646 \u0631\u062f\u0648\u062f \u0641\u0639\u0644<\/h1>\n<p>\u2013 \u0645\u0643\u0628\u0631 \u0635\u0648\u062a \u0648\u0645\u064a\u0643\u0631\u0648\u0641\u0648\u0646 \u0646\u0634\u0637 \u0641\u064a \u0627\u0644\u0648\u0642\u062a \u0646\u0641\u0633\u0647<br \/>\n\u2013 \u0643\u0627\u0628\u062a \u0627\u0644\u062a\u063a\u0630\u064a\u0629 \u0627\u0644\u0631\u0627\u062c\u0639\u0629 \u0627\u0644\u0631\u0642\u0645\u064a \u0627\u0644\u0645\u062f\u0645\u062c (DAFS)<br \/>\n\u2013 \u0648\u0636\u0648\u062d \u0643\u0644\u0627\u0645 \u0645\u0645\u062a\u0627\u0632 \u0644\u062c\u0645\u064a\u0639 \u0627\u0644\u0645\u0634\u0627\u0631\u0643\u064a\u0646<\/p>\n<\/div>\n<p>[\u0648\u0627\u0636\u062d]<\/p>\n<\/div>\n<p>[spacer size=\"20\"]<\/p>\n<div class=\"kasten\">\n<div class=\"kastenlinks\"><span class=\"zahl\">3.<\/span><\/div>\n<div class=\"kastenrechts\">\n<h1>\u062a\u0633\u062c\u064a\u0644 \u0645\u0631\u064a\u062d<\/h1>\n<p>\u2013 \u0627\u0644\u062a\u0633\u062c\u064a\u0644 \u0627\u0644\u0631\u0642\u0645\u064a \u0639\u0644\u0649 \u0627\u0644\u0630\u0627\u0643\u0631\u0629 \u0627\u0644\u062f\u0627\u062e\u0644\u064a\u0629: \u062d\u062a\u0649 8 \u0633\u0627\u0639\u0627\u062a<br \/>\n\u2013 \u062a\u0633\u062c\u064a\u0644 \u0631\u0642\u0645\u064a \u0645\u0639 \u0648\u062d\u062f\u0629 \u062a\u062e\u0632\u064a\u0646 USB \u0633\u0639\u0629 128 \u062c\u064a\u062c\u0627\u0628\u0627\u064a\u062a: \u062d\u062a\u0649 4000 \u0633\u0627\u0639\u0629<\/p>\n<\/div>\n<p>[\u0648\u0627\u0636\u062d]<\/p>\n<\/div>\n<p>[spacer size=\"20\"]<\/p>\n<div class=\"kasten\">\n<div class=\"kastenlinks\"><span class=\"zahl\">4.<\/span><\/div>\n<div class=\"kastenrechts\">\n<h1>\u0648\u0627\u062c\u0647\u0629 \u0648\u064a\u0628 \u0628\u0633\u064a\u0637\u0629 \u0644\u0644\u062a\u0643\u0648\u064a\u0646 \u0648\u0627\u0644\u062a\u062d\u0643\u0645 \u0627\u0644\u0645\u062a\u0642\u062f\u0645\u064a\u0646<\/h1>\n<p>\u2013 \u062e\u064a\u0627\u0631\u0627\u062a \u0627\u0644\u0625\u0639\u062f\u0627\u062f\u0627\u062a \u0627\u0644\u0645\u0648\u0633\u0639\u0629 \u0644\u0644\u0641\u0646\u064a\u064a\u0646<br \/>\n\u2013 \u062a\u062d\u0643\u0645 \u0628\u062f\u064a\u0647\u064a \u0641\u064a \u0627\u0644\u0645\u064a\u0643\u0631\u0648\u0641\u0648\u0646 \u0644\u0631\u0626\u064a\u0633 \u0645\u062c\u0644\u0633 \u0627\u0644\u0625\u062f\u0627\u0631\u0629<br \/>\n\u2013 \u0645\u0631\u0627\u0642\u0628\u0629 \u0648\u062a\u0633\u062c\u064a\u0644 \u0627\u0644\u0645\u0646\u0627\u0642\u0634\u0629<\/p>\n<\/div>\n<p>[\u0648\u0627\u0636\u062d]<\/p>\n<\/div>\n<p>[spacer size=\"20\"]<\/p>\n<div class=\"kasten\">\n<div class=\"kastenlinks\"><span class=\"zahl\">5.<\/span><\/div>\n<div class=\"kastenrechts\">\n<h1>\u062f\u0639\u0645 \u0637\u0628\u064a\u0639\u064a \u0644\u0644\u062a\u062d\u0643\u0645 \u0627\u0644\u062a\u0644\u0642\u0627\u0626\u064a \u0641\u064a \u0627\u0644\u0643\u0627\u0645\u064a\u0631\u0627<\/h1>\n<p>\u062f\u0639\u0645 \u0642\u064a\u0627\u0633\u064a \u2013 \u0644\u0645\u0627 \u064a\u0635\u0644 \u0625\u0644\u0649 6 \u0643\u0627\u0645\u064a\u0631\u0627\u062a \u0642\u0628\u0629 \u0645\u0624\u062a\u0645\u0631\u0627\u062a \u0639\u0627\u0644\u064a\u0629 \u0627\u0644\u062f\u0642\u0629 (HD)<br \/>\n\u062a\u0647\u064a\u0626\u0629 \u2013 \u0639\u0628\u0631 \u0645\u062a\u0635\u0641\u062d \u0627\u0644\u0648\u064a\u0628\u060c \u0644\u0627 \u062d\u0627\u062c\u0629 \u0625\u0644\u0649 \u0628\u0631\u0627\u0645\u062c \u0625\u0636\u0627\u0641\u064a\u0629<br \/>\n\u2013 \u0639\u0631\u0636 \u0648\u0627\u0636\u062d \u0644\u0644\u063a\u0627\u064a\u0629 \u0644\u0644\u0633\u0645\u0627\u0639\u0629 \u0627\u0644\u0646\u0634\u0637\u0629<\/p>\n<\/div>\n<p>[\u0648\u0627\u0636\u062d]<\/p>\n<\/div>\n<p><span style=\"font-size: 2.0em;\"><br \/>\n+<br \/>\n<\/span><\/p>\n<div class=\"kasten\">\n<div class=\"kastenlinks\"><span class=\"zahl\">6.<\/span><\/div>\n<div class=\"kastenrechts\">\n<p>\u2013 \u0641\u0631\u064a\u062f \u0645\u0646 \u0646\u0648\u0639\u0647 \"\u0625\u0645\u0643\u0627\u0646\u064a\u0629 \u0627\u0644\u062a\u062d\u062f\u062b\u201d \u0639\u0631\u0636 (\u0625\u0645\u0643\u0627\u0646\u064a\u0629 \u0627\u0644\u062a\u062d\u062f\u062b)<br \/>\n\u2013 \"\u0637\u0644\u0628 \u0627\u0644\u062a\u062d\u062f\u062b\u201d \u0639\u0631\u0636 (\u0642\u0627\u0626\u0645\u0629 \u0627\u0644\u0627\u0646\u062a\u0638\u0627\u0631 \u0627\u0644\u062a\u0644\u0642\u0627\u0626\u064a\u0629)<br \/>\n\u2013 \u0648\u0636\u0639 \u062a\u0648\u0641\u064a\u0631 \u0627\u0644\u0637\u0627\u0642\u0629<br \/>\n\u2013 \u0645\u0646\u0627\u0639\u0629 \u0636\u062f \u0627\u0644\u0647\u0648\u0627\u062a\u0641 \u0627\u0644\u0645\u062d\u0645\u0648\u0644\u0629 \u0648\u0627\u0644\u0647\u0648\u0627\u062a\u0641 \u0627\u0644\u0630\u0643\u064a\u0629 (\u0645\u0646\u0627\u0639\u0629 GSM)<\/p>\n<\/div>\n<p>[\u0648\u0627\u0636\u062d]<\/p>\n<\/div>\n<p>[spacer size=\"40\"]<\/p>\n<p>\u0648\u0635\u0644\u0627\u062a \u0625\u0644\u0649 \u0646\u0638\u0627\u0645 \u0645\u0624\u062a\u0645\u0631\u0627\u062a Bosch CCS 1000 D<\/p>\n<p>&#x9B; <a style=\"line-height: 1.8em;\" title=\"\" href=\"\/ar\/%d8%a3%d8%ac%d9%87%d8%b2%d8%a9-%d8%a7%d9%84%d9%83%d9%85%d8%a8%d9%8a%d9%88%d8%aa%d8%b1-%d8%a7%d9%84%d9%85%d8%ae%d8%aa%d8%a7%d8%b1%d8%a9-%d8%b5%d9%81%d9%82%d8%a9-%d8%ae%d8%a7%d8%b5%d8%a9-%d9%85%d8%ae\/\">\u0627\u0644\u0639\u0631\u0636 \u0627\u0644\u062a\u0645\u0647\u064a\u062f\u064a PCS\/Bosch \u0639\u0631\u0636 \u062a\u0645\u0647\u064a\u062f\u064a Bosch CCS 1000 D<\/a><br \/>\n&#x9B; <a style=\"line-height: 1.5em;\" title=\"\" href=\"\/ar\/%d9%86%d8%aa%d9%8a%d8%ac%d8%a9-%d8%a7%d8%ae%d8%aa%d8%a8%d8%a7%d8%b1-%d8%a8%d9%88%d8%b4-ccs-1000-d\/\">\u0646\u062a\u064a\u062c\u0629 \u0627\u062e\u062a\u0628\u0627\u0631 PCS Bosch CCS 1000 D<\/a><br \/>\n&#x9B; <a style=\"line-height: 1.8em;\" title=\"\" href=\"\/ar\/%d8%a8%d9%88%d8%b4-ccs-1000-d\/\">\u0645\u0642\u062f\u0645\u0629 \u062c\u062f\u064a\u062f\u0629 Bosch CCS 1000 D<\/a><\/p>\n<p>[spacer size=\"40\"]<\/p>\n<div class=\"weiterlinks\">\n<h1>\u0631\u0648\u0627\u0628\u0637 \u0623\u062e\u0631\u0649:<\/h1>\n<ul>\n<li>\u203a <a title=\"\u0627\u0644\u062a\u0648\u0632\u064a\u0639\" href=\"\/ar\/%d8%aa%d9%88%d8%b2%d9%8a%d8%b9-%d8%aa%d9%83%d9%86%d9%88%d9%84%d9%88%d8%ac%d9%8a%d8%a7-%d8%a7%d9%84%d9%85%d8%a4%d8%aa%d9%85%d8%b1%d8%a7%d8%aa-%d9%88%d9%88%d8%b3%d8%a7%d8%a6%d8%b7-%d8%a7%d9%84%d8%a5\/\">\u062a\u0648\u0632\u064a\u0639 \u062a\u0643\u0646\u0648\u0644\u0648\u062c\u064a\u0627 \u0627\u0644\u0645\u0624\u062a\u0645\u0631\u0627\u062a \u0648\u0627\u0644\u0625\u0639\u0644\u0627\u0645<\/a><\/li>\n<li>\u203a <a title=\"\u0627\u0644\u062a\u0631\u0643\u064a\u0628\" href=\"\/ar\/%d8%aa%d8%b1%d9%83%d9%8a%d8%a8-%d9%88%d8%af%d9%85%d8%ac-%d8%aa%d9%83%d9%86%d9%88%d9%84%d9%88%d8%ac%d9%8a%d8%a7-%d8%a7%d9%84%d9%85%d8%a4%d8%aa%d9%85%d8%b1%d8%a7%d8%aa-%d9%88%d8%a7%d9%84%d8%a3%d9%86\/\">\u062a\u0631\u0643\u064a\u0628 \u0648\u062f\u0645\u062c \u062a\u0643\u0646\u0648\u0644\u0648\u062c\u064a\u0627 \u0627\u0644\u0645\u0624\u062a\u0645\u0631\u0627\u062a \u0648\u0627\u0644\u0623\u0646\u0638\u0645\u0629 \u0627\u0644\u0625\u0639\u0644\u0627\u0645\u064a\u0629<\/a><\/li>\n<li>\u203a <a title=\"\u062f\u0639\u0645 \u0627\u0644\u0641\u0639\u0627\u0644\u064a\u0627\u062a \u0645\u062a\u0639\u062f\u062f\u0629 \u0627\u0644\u0644\u063a\u0627\u062a\" href=\"\/ar\/%d8%a7%d9%84%d8%ae%d8%af%d9%85%d8%a7%d8%aa-2\/%d8%af%d8%b9%d9%85-%d8%a7%d9%84%d9%81%d8%b9%d8%a7%d9%84%d9%8a%d8%a7%d8%aa-%d9%85%d8%aa%d8%b9%d8%af%d8%af%d8%a9-%d8%a7%d9%84%d9%84%d8%ba%d8%a7%d8%aa\/\">\u062f\u0639\u0645 \u0627\u0644\u0641\u0639\u0627\u0644\u064a\u0627\u062a \u0645\u062a\u0639\u062f\u062f\u0629 \u0627\u0644\u0644\u063a\u0627\u062a<\/a><\/li>\n<\/ul>\n<\/div>","protected":false},"excerpt":{"rendered":"<p>[column size=&#8220;2-3&#8243; last=&#8220;0&#8243;] Features: Digital Discussion System Bosch CCS 1000 D [\/column] [column size=&#8220;1-3&#8243; last=&#8220;1&#8243;] [\/column] Die brandneue CCS 1000 D \u00fcberzeugt durch Einfachheit und Benutzerfreundlichkeit und das, ohne auf neuste technische Innovationen verzichten zu m\u00fcssen. Verschaffen Sie sich hier einen \u00dcberblick \u00fcber die Features der Anlage. Bosch CCS 1000 D Digital Discussion System Features [&hellip;]<\/p>","protected":false},"author":1,"featured_media":45482,"parent":0,"menu_order":33,"comment_status":"closed","ping_status":"open","template":"","meta":{"_acf_changed":false,"footnotes":""},"class_list":["post-5029","page","type-page","status-publish","has-post-thumbnail","hentry"],"acf":[],"_links":{"self":[{"href":"https:\/\/konferenztechnik.de\/ar\/wp-json\/wp\/v2\/pages\/5029","targetHints":{"allow":["GET"]}}],"collection":[{"href":"https:\/\/konferenztechnik.de\/ar\/wp-json\/wp\/v2\/pages"}],"about":[{"href":"https:\/\/konferenztechnik.de\/ar\/wp-json\/wp\/v2\/types\/page"}],"author":[{"embeddable":true,"href":"https:\/\/konferenztechnik.de\/ar\/wp-json\/wp\/v2\/users\/1"}],"replies":[{"embeddable":true,"href":"https:\/\/konferenztechnik.de\/ar\/wp-json\/wp\/v2\/comments?post=5029"}],"version-history":[{"count":0,"href":"https:\/\/konferenztechnik.de\/ar\/wp-json\/wp\/v2\/pages\/5029\/revisions"}],"wp:featuredmedia":[{"embeddable":true,"href":"https:\/\/konferenztechnik.de\/ar\/wp-json\/wp\/v2\/media\/45482"}],"wp:attachment":[{"href":"https:\/\/konferenztechnik.de\/ar\/wp-json\/wp\/v2\/media?parent=5029"}],"curies":[{"name":"\u062f\u0628\u0644\u064a\u0648 \u0628\u064a","href":"https:\/\/api.w.org\/{rel}","templated":true}]}}