{"id":6443,"date":"2016-04-07T15:41:05","date_gmt":"2016-04-07T14:41:05","guid":{"rendered":"https:\/\/konferenztechnik.de\/?page_id=6443"},"modified":"2023-09-01T12:08:03","modified_gmt":"2023-09-01T10:08:03","slug":"%d9%83%d8%a7%d8%a8%d9%84-%d8%b5%d9%8a%d9%81%d9%8a","status":"publish","type":"page","link":"https:\/\/konferenztechnik.de\/ar\/%d8%a7%d9%84%d8%b4%d8%b1%d9%83%d8%a9-%d8%a7%d9%84%d9%85%d8%b5%d9%86%d8%b9%d8%a9\/%d9%83%d8%a7%d8%a8%d9%84-%d8%b5%d9%8a%d9%81%d9%8a\/","title":{"rendered":"\u0643\u0627\u0628\u0644 \u0635\u064a\u0641\u064a"},"content":{"rendered":"<p>[\u062d\u062c\u0645 \u0627\u0644\u0639\u0645\u0648\u062f=\"1-2\" \u0622\u062e\u0631=\"0\"]<\/p>\n<h1>\u0643\u0627\u0628\u0644 \u0635\u064a\u0641\u064a<\/h1>\n<p>[\/\u0627\u0644\u0639\u0645\u0648\u062f]<br \/>\n[\u062d\u062c\u0645 \u0627\u0644\u0639\u0645\u0648\u062f=\"1-2\" \u0622\u062e\u0631=\"1\"]<img decoding=\"async\" width=\"407\" height=\"74\" src=\"https:\/\/konferenztechnik.de\/wp-content\/uploads\/2016\/04\/logo-sommercable.jpg\" alt=\"\u0634\u0639\u0627\u0631 \u0633\u0648\u0645\u0631 \u0643\u0627\u0628\u0644\" class=\"alignright size-full wp-image-6445\" title=\"\" srcset=\"https:\/\/konferenztechnik.de\/wp-content\/uploads\/2016\/04\/logo-sommercable.jpg 407w, https:\/\/konferenztechnik.de\/wp-content\/uploads\/2016\/04\/logo-sommercable-300x55.jpg 300w\" sizes=\"(max-width: 407px) 100vw, 407px\" \/>[\/\u0627\u0644\u0639\u0645\u0648\u062f]<\/p>\n<p>\u062a\u062a\u062e\u0635\u0635 \u0634\u0631\u0643\u0629 Sommercable \u0641\u064a \u062a\u0643\u0646\u0648\u0644\u0648\u062c\u064a\u0627 \u0627\u0644\u0643\u0627\u0628\u0644\u0627\u062a \u0648\u0627\u0644\u062a\u0648\u0635\u064a\u0644\u0627\u062a \u0627\u0644\u0627\u062d\u062a\u0631\u0627\u0641\u064a\u0629\u060c \u062e\u0627\u0635\u0629\u064b \u0641\u064a \u0645\u062c\u0627\u0644 \u0627\u0644\u0635\u0648\u062a \u0648\u0627\u0644\u0641\u064a\u062f\u064a\u0648 \u0648\u0627\u0644\u0628\u062b \u0648\u0627\u0644\u0627\u0633\u062a\u0648\u062f\u064a\u0648 \u0648\u062a\u0643\u0646\u0648\u0644\u0648\u062c\u064a\u0627 \u0627\u0644\u0648\u0633\u0627\u0626\u0637.<\/p>\n<p><img fetchpriority=\"high\" decoding=\"async\" width=\"933\" height=\"425\" src=\"https:\/\/konferenztechnik.de\/wp-content\/uploads\/2016\/04\/sommercable-pcs.jpg\" alt=\"\u0633\u0648\u0645\u0631\u0643\u0627\u0628\u0644 \u0641\u064a PCS\" class=\"alignleft size-full wp-image-6450\" title=\"\" srcset=\"https:\/\/konferenztechnik.de\/wp-content\/uploads\/2016\/04\/sommercable-pcs.jpg 933w, https:\/\/konferenztechnik.de\/wp-content\/uploads\/2016\/04\/sommercable-pcs-300x137.jpg 300w, https:\/\/konferenztechnik.de\/wp-content\/uploads\/2016\/04\/sommercable-pcs-768x350.jpg 768w\" sizes=\"(max-width: 933px) 100vw, 933px\" \/><\/p>\n<p>\u0644\u0627 \u062a\u0642\u062f\u0645 \u0634\u0631\u0643\u0629 Sommer Cable \u0627\u0644\u0643\u0627\u0628\u0644 \u0627\u0644\u0645\u062b\u0627\u0644\u064a \u0644\u0643\u0644 \u0627\u0633\u062a\u062e\u062f\u0627\u0645 \u0641\u062d\u0633\u0628\u060c \u0628\u0644 \u062a\u0642\u062f\u0645 \u0623\u064a\u0636\u064b\u0627 \u062e\u062f\u0645\u0629 \u0645\u062b\u0627\u0644\u064a\u0629 \u0648\u0623\u0648\u0642\u0627\u062a \u062a\u0633\u0644\u064a\u0645 \u0633\u0631\u064a\u0639\u0629 \u0648\u062d\u0644\u0648\u0644\u0627\u064b \u0644\u0644\u0627\u0633\u062a\u0641\u0633\u0627\u0631\u0627\u062a \u0627\u0644\u0641\u0631\u062f\u064a\u0629. \u0643\u0645\u0627 \u0623\u0646\u0646\u0627 \u0646\u0648\u0641\u0631 \u0623\u064a\u0636\u064b\u0627 \u0627\u0644\u0645\u0643\u0648\u0646\u0627\u062a \u0627\u0644\u0646\u0634\u0637\u0629 \u0648\u0644\u0648\u062d\u0627\u062a \u0627\u0644\u062a\u0648\u0635\u064a\u0644 \u0648\u0627\u0644\u0645\u062d\u0648\u0644\u0627\u062a \u0648\u0627\u0644\u0639\u062f\u064a\u062f \u0645\u0646 \u062d\u0644\u0648\u0644 \u0627\u0644\u0645\u0634\u0627\u0643\u0644 \u0644\u0644\u062a\u0631\u0643\u064a\u0628\u0627\u062a \u0627\u0644\u062b\u0627\u0628\u062a\u0629 \u0645\u0646 Sommer Cable.<\/p>\n<p>[\u062d\u062c\u0645 \u0627\u0644\u0639\u0645\u0648\u062f=\"1-2\" \u0622\u062e\u0631=\"0\"]<\/p>\n<h2>\u0627\u0644\u0643\u0627\u0628\u0644\u0627\u062a<\/h2>\n<p>\u0627\u0644\u0635\u0648\u062a \u0628\u0627\u0644\u0645\u062a\u0631<br \/>\n\u0623\u062f\u0627\u0629 \u0628\u0627\u0644\u0645\u062a\u0631<br \/>\n\u0645\u0643\u0628\u0631 \u0627\u0644\u0635\u0648\u062a \u0628\u0627\u0644\u0645\u062a\u0631<br \/>\n\u0641\u064a\u062f\u064a\u0648 \u0628\u0627\u0644\u0645\u062a\u0631<br \/>\n\u0627\u0644\u0623\u0644\u064a\u0627\u0641 \u0627\u0644\u0636\u0648\u0626\u064a\u0629\/\u0634\u0628\u0643\u0629 \u0627\u0644\u0623\u0644\u064a\u0627\u0641 \u0627\u0644\u0636\u0648\u0626\u064a\u0629\/\u0627\u0644\u062a\u0631\u062f\u062f\u0627\u062a \u0627\u0644\u0645\u0642\u0637\u0639\u064a\u0629 \u0628\u0627\u0644\u0645\u062a\u0631<br \/>\n\u0637\u0627\u0642\u0629\/\u062a\u062d\u0643\u0645 \u0628\u0623\u062f\u0648\u0627\u062a \u0627\u0644\u0642\u064a\u0627\u0633 \u0627\u0644\u0645\u062a\u0631<br \/>\n\u0647\u062c\u064a\u0646\/\u0645\u0631\u0643\u0628 \u0628\u0627\u0644\u0645\u062a\u0631<br \/>\n\u0643\u0627\u0628\u0644 \u0627\u0644\u0635\u0648\u062a\/\u0645\u0643\u0628\u0631 \u0627\u0644\u0635\u0648\u062a<br \/>\n\u0643\u0627\u0628\u0644 BNC\/\u0641\u064a\u062f\u064a\u0648<br \/>\n\u0643\u0627\u0628\u0644 \u0627\u0644\u0643\u0645\u0628\u064a\u0648\u062a\u0631\/\u0627\u0644\u0648\u0633\u0627\u0626\u0637<br \/>\n\u0647\u0627\u064a \u0641\u0627\u064a \u0622\u0646\u062f \u0647\u0648\u0645<br \/>\n\u0643\u0627\u0628\u0644 \u0627\u0644\u062c\u0647\u0627\u0632<br \/>\n\u0643\u0627\u0628\u0644 \u0627\u0644\u062d\u0645\u0644\/\u0627\u0644\u0637\u0627\u0642\u0629<br \/>\n\u0645\u062a\u0639\u062f\u062f \u0627\u0644\u0642\u0646\u0648\u0627\u062a\/\u0645\u062a\u0639\u062f\u062f\u0629 \u0627\u0644\u0642\u0646\u0648\u0627\u062a\/\u0645\u062a\u0639\u062f\u062f\u0629 \u0627\u0644\u0646\u0648\u0627\u0629<br \/>\n\u0643\u0627\u0628\u0644 \u0645\u064a\u0643\u0631\u0648\u0641\u0648\u0646<br \/>\n\u0643\u0627\u0628\u0644 \u062a\u0648\u0635\u064a\u0644\/\u0645\u062d\u0648\u0644 \u062a\u0648\u0635\u064a\u0644<br \/>\n\u0623\u0646\u0648\u0627\u0644 \u0627\u0644\u0627\u0633\u062a\u0648\u062f\u064a\u0648<br \/>\n\u0623\u062e\u0631\u0649<br \/>\n[\/\u0627\u0644\u0639\u0645\u0648\u062f]<\/p>\n<p>[\u062d\u062c\u0645 \u0627\u0644\u0639\u0645\u0648\u062f=\"1-2\" \u0622\u062e\u0631=\"0\"]<\/p>\n<h2>\u0645\u0648\u0635\u0644 \u0627\u0644\u062a\u0648\u0635\u064a\u0644<\/h2>\n<p>\u0627\u0644\u0645\u062d\u0648\u0644<br \/>\nBNC\/\u0643\u0648\u0643\u0633<br \/>\n\u0633\u064a\u0646\u0634 (RCA)<br \/>\n\u0647\u0627\u064a \u0641\u0627\u064a<br \/>\n\u062c\u0627\u0643\/\u062c\u0627\u0643<br \/>\n\u0627\u0644\u062d\u0645\u0648\u0644\u0629\/\u0627\u0644\u0637\u0627\u0642\u0629<br \/>\n\u0645\u062a\u0639\u062f\u062f \u0627\u0644\u0642\u0646\u0648\u0627\u062a\/\u0645\u062a\u0639\u062f\u062f\u0629 \u0627\u0644\u0645\u0633\u0627\u0645\u064a\u0631<br \/>\nRJ45\/CAT\/FIBER<br \/>\n\u0645\u0643\u0628\u0631 \u0627\u0644\u0635\u0648\u062a<br \/>\nXLR<br \/>\n\u0623\u062e\u0631\u0649<br \/>\n\u0627\u0644\u0625\u0643\u0633\u0633\u0648\u0627\u0631\u0627\u062a<br \/>\n[\/\u0627\u0644\u0639\u0645\u0648\u062f]<\/p>\n<p>[\u062d\u062c\u0645 \u0627\u0644\u0639\u0645\u0648\u062f=\"1-3\u2033 \u0622\u062e\u0631=\"1\u2033]<\/p>\n<h2>\u0623\u0646\u0638\u0645\u0629 \u0627\u0644\u062a\u0648\u0632\u064a\u0639<\/h2>\n<p>\u0644\u0648\u062d\u0627\u062a \u0627\u0644\u062a\u0648\u0635\u064a\u0644 19\u2033<br \/>\n\u0627\u0644\u062a\u062b\u0628\u064a\u062a \u0627\u0644\u062b\u0627\u0628\u062a<br \/>\n\u0627\u0644\u062d\u0645\u0648\u0644\u0629\/\u0627\u0644\u0637\u0627\u0642\u0629<br \/>\n\u0627\u0644\u0648\u0633\u0627\u0626\u0637 \u0627\u0644\u0645\u062a\u0639\u062f\u062f\u0629\/\u0627\u0644\u0623\u0644\u064a\u0627\u0641 \u0627\u0644\u0636\u0648\u0626\u064a\u0629\/\u0627\u0644\u0647\u062c\u064a\u0646<br \/>\n\u0645\u0643\u0628\u0631 \u0627\u0644\u0635\u0648\u062a<br \/>\n\u0635\u0646\u0627\u062f\u064a\u0642 \u0627\u0644\u0645\u0633\u0631\u062d<br \/>\n\u0633\u062a\u0627\u062c\u064a\u0631\u064a\u0644\u0632<br \/>\n\u0627\u0644\u0645\u0631\u062d\u0644\u0629 \u0645\u062a\u0639\u062f\u062f\u0629 \u0627\u0644\u0646\u0648\u0649<br \/>\n\u0646\u0638\u0627\u0645 \u0627\u0644\u0636\u0645\u064a\u0645\u0629 SYSBOX<br \/>\n\u0635\u0646\u062f\u0648\u0642 \u0627\u0644\u0625\u0632\u0627\u062d\u0629 \u0627\u0644\u062c\u062f\u0627\u0631\u064a SYSBOARD<br \/>\n\u062e\u0632\u0627\u0646 \u0645\u0646\u0636\u062f\u064a\u0629 SYSDESK<br \/>\n\u0625\u0637\u0627\u0631 \u0627\u0644\u062e\u0632\u0627\u0646 \u0627\u0644\u0623\u0631\u0636\u064a SYSFLOOR<br \/>\n\u0646\u0638\u0627\u0645 \u0627\u0644\u062a\u062b\u0628\u064a\u062a SYSPANEL 1U<br \/>\n\u0646\u0638\u0627\u0645 \u0627\u0644\u0648\u062d\u062f\u0627\u062a \u0627\u0644\u062c\u062f\u0627\u0631\u064a\u0629 SYSWALL<br \/>\n\u0627\u0644\u0625\u0643\u0633\u0633\u0648\u0627\u0631\u0627\u062a<br \/>\n[\/\u0627\u0644\u0639\u0645\u0648\u062f]<\/p>\n<p>[\u0632\u0631 \u0627\u0644\u0627\u0631\u062a\u0628\u0627\u0637=\"https:\/\/konferenztechnik.de\/hersteller\/\" target=\"self\" \u0623\u064a\u0642\u0648\u0646\u0629=\"moon-arrow-larft-9\u2033 \u0627\u0644\u0644\u0648\u0646=\"#a62055\u2033 \u0627\u0644\u0646\u0635=\"\u0641\u0627\u062a\u062d\"]\u0631\u062c\u0648\u0639[\/\u0632\u0631]<\/p>","protected":false},"excerpt":{"rendered":"<p>[column size=&#8220;1-2&#8243; last=&#8220;0&#8243;] Sommer Cable [\/column] [column size=&#8220;1-2&#8243; last=&#8220;1&#8243;][\/column] Sommercable ist der Spezialist f\u00fcr professionelle Kabel- und Anschlusstechnik, insbesondere in Sachen Audio, Video, Broadcast, Studio- und Medientechnik. Sommercable bietet nicht nur f\u00fcr jeden Anwendungsfall das perfekte Kabel, sondern auch perfekten Service, schnelle Lieferzeiten und L\u00f6sungen f\u00fcr individuelle Anfragen. Wir beziehen bei Sommercable au\u00dferdem aktive Komponenten, [&hellip;]<\/p>","protected":false},"author":1,"featured_media":45482,"parent":6152,"menu_order":41,"comment_status":"closed","ping_status":"closed","template":"","meta":{"_acf_changed":false,"footnotes":""},"class_list":["post-6443","page","type-page","status-publish","has-post-thumbnail","hentry"],"acf":[],"_links":{"self":[{"href":"https:\/\/konferenztechnik.de\/ar\/wp-json\/wp\/v2\/pages\/6443","targetHints":{"allow":["GET"]}}],"collection":[{"href":"https:\/\/konferenztechnik.de\/ar\/wp-json\/wp\/v2\/pages"}],"about":[{"href":"https:\/\/konferenztechnik.de\/ar\/wp-json\/wp\/v2\/types\/page"}],"author":[{"embeddable":true,"href":"https:\/\/konferenztechnik.de\/ar\/wp-json\/wp\/v2\/users\/1"}],"replies":[{"embeddable":true,"href":"https:\/\/konferenztechnik.de\/ar\/wp-json\/wp\/v2\/comments?post=6443"}],"version-history":[{"count":0,"href":"https:\/\/konferenztechnik.de\/ar\/wp-json\/wp\/v2\/pages\/6443\/revisions"}],"up":[{"embeddable":true,"href":"https:\/\/konferenztechnik.de\/ar\/wp-json\/wp\/v2\/pages\/6152"}],"wp:featuredmedia":[{"embeddable":true,"href":"https:\/\/konferenztechnik.de\/ar\/wp-json\/wp\/v2\/media\/45482"}],"wp:attachment":[{"href":"https:\/\/konferenztechnik.de\/ar\/wp-json\/wp\/v2\/media?parent=6443"}],"curies":[{"name":"\u062f\u0628\u0644\u064a\u0648 \u0628\u064a","href":"https:\/\/api.w.org\/{rel}","templated":true}]}}