{"id":6727,"date":"2016-05-03T10:09:19","date_gmt":"2016-05-03T08:09:19","guid":{"rendered":"https:\/\/konferenztechnik.de\/?page_id=6727"},"modified":"2023-09-01T13:24:03","modified_gmt":"2023-09-01T11:24:03","slug":"%d8%aa%d9%83%d9%86%d9%88%d9%84%d9%88%d8%ac%d9%8a%d8%a7-%d9%85%d8%a4%d8%aa%d9%85%d8%b1%d8%a7%d8%aa-%d8%a7%d9%84%d9%85%d8%a8%d9%8a%d8%b9%d8%a7%d8%aa","status":"publish","type":"page","link":"https:\/\/konferenztechnik.de\/ar\/%d8%aa%d9%83%d9%86%d9%88%d9%84%d9%88%d8%ac%d9%8a%d8%a7-%d9%85%d8%a4%d8%aa%d9%85%d8%b1%d8%a7%d8%aa-%d8%a7%d9%84%d9%85%d8%a8%d9%8a%d8%b9%d8%a7%d8%aa\/","title":{"rendered":"\u0645\u0628\u064a\u0639\u0627\u062a \u062a\u0643\u0646\u0648\u0644\u0648\u062c\u064a\u0627 \u0627\u0644\u0645\u0624\u062a\u0645\u0631\u0627\u062a"},"content":{"rendered":"<h1>\u062a\u0648\u0632\u064a\u0639 \u062a\u0643\u0646\u0648\u0644\u0648\u062c\u064a\u0627 \u0627\u0644\u0645\u0624\u062a\u0645\u0631\u0627\u062a \u0648\u0627\u0644\u0648\u0633\u0627\u0626\u0637 \u0627\u0644\u0633\u0645\u0639\u064a\u0629 \u0648\u0627\u0644\u0628\u0635\u0631\u064a\u0629<\/h1>\n<p>[rev_slider alias=\"\u0645\u0628\u064a\u0639\u0627\u062a\"]<br \/>\n[spacer size=\"20\"]<br \/>\n\u0647\u0644 \u062a\u0628\u062d\u062b \u0639\u0646 \u0623\u0646\u0638\u0645\u0629 \u0627\u0644\u0645\u0624\u062a\u0645\u0631\u0627\u062a \u0648\u0627\u0644\u0648\u0633\u0627\u0626\u0637 \u0623\u0648 \u0647\u0644 \u062a\u062d\u062a\u0627\u062c \u0625\u0644\u0649 \u062a\u0643\u0646\u0648\u0644\u0648\u062c\u064a\u0627 \u0627\u0644\u0635\u0648\u062a \u0623\u0648 \u0627\u0644\u0641\u064a\u062f\u064a\u0648\u061f \u0646\u062d\u0646 \u0634\u0631\u064a\u0643 \u0645\u0628\u064a\u0639\u0627\u062a \u0644\u0644\u0645\u0635\u0646\u0639\u064a\u0646 \u0627\u0644\u0645\u062d\u062a\u0631\u0641\u064a\u0646 \u0627\u0644\u0645\u0639\u0631\u0648\u0641\u064a\u0646 \u0641\u064a \u0647\u0630\u0647 \u0627\u0644\u0645\u062c\u0627\u0644\u0627\u062a. \u064a\u0645\u0643\u0646\u0643 \u0634\u0631\u0627\u0621 \u0623\u0646\u0638\u0645\u0629 \u062a\u0643\u0646\u0648\u0644\u0648\u062c\u064a\u0627 \u0627\u0644\u0635\u0648\u062a \u0648\u0627\u0644\u0635\u0648\u0631\u0629 \u0627\u0644\u0635\u063a\u064a\u0631\u0629 \u0648\u0627\u0644\u0643\u0628\u064a\u0631\u0629 \u0645\u0646\u0627\u060c \u0628\u0627\u0644\u0625\u0636\u0627\u0641\u0629 \u0625\u0644\u0649 \u0627\u0644\u0645\u0643\u0648\u0646\u0627\u062a \u0627\u0644\u0641\u0631\u062f\u064a\u0629 \u0648\u0642\u0637\u0639 \u0627\u0644\u063a\u064a\u0627\u0631 \u0648\u0627\u0644\u0645\u0644\u062d\u0642\u0627\u062a.<br \/>\n[spacer size=\"25\"]<br \/>\n<span class=\"taster\"><a href=\"\/ar\/%d8%a7%d9%84%d8%b4%d8%b1%d9%83%d8%a9-%d8%a7%d9%84%d9%85%d8%b5%d9%86%d8%b9%d8%a9\/\">[v_icon color=\"#a62055\u2033 \u0627\u0644\u062d\u062c\u0645=\"16px\" target=\"_blank\" name=\"moon-arrow-right-2\u2033] \u0641\u0631\u0632 \u062d\u0633\u0628 \u0627\u0644\u0634\u0631\u0643\u0629 \u0627\u0644\u0645\u0635\u0646\u0639\u0629&nbsp;&nbsp;&nbsp;&nbsp;&nbsp;<\/a><\/span> <span class=\"taster\"><a href=\"\/ar\/%d9%85%d8%ac%d9%85%d9%88%d8%b9%d8%a7%d8%aa-%d8%a7%d9%84%d9%85%d9%86%d8%aa%d8%ac%d8%a7%d8%aa\/\">[v_icon color=\"#a62055\u2033 \u0627\u0644\u062d\u062c\u0645=\"16px\" target=\"_blank\" name=\"moon-arrow-right-2\u2033] \u0641\u0631\u0632 \u062d\u0633\u0628 \u0645\u062c\u0645\u0648\u0639\u0629 \u0627\u0644\u0645\u0646\u062a\u062c\u0627\u062a<\/a><\/span><br \/>\n[spacer size=\"25\"]<br \/>\n<a href=\"\/ar\/%d8%a7%d9%84%d8%b4%d8%b1%d9%83%d8%a9-%d8%a7%d9%84%d9%85%d8%b5%d9%86%d8%b9%d8%a9\/\"><img fetchpriority=\"high\" decoding=\"async\" src=\"https:\/\/konferenztechnik.de\/wp-content\/uploads\/2016\/08\/produkte-neu.jpg\" alt=\"\u0627\u0644\u0645\u0646\u062a\u062c\u0627\u062a-\u0627\u0644\u062c\u062f\u064a\u062f\u0629\" width=\"1202\" height=\"905\" class=\"alignnone size-full wp-image-7206\" title=\"\"><\/a><br \/>\n[spacer size=\"10\"]<\/p>\n<p>\u062a\u0642\u0648\u0645 \u0634\u0631\u0643\u0629 PCS \u0628\u0628\u064a\u0639 \u0627\u0644\u062a\u0643\u0646\u0648\u0644\u0648\u062c\u064a\u0627 \u0627\u0644\u0627\u062d\u062a\u0631\u0627\u0641\u064a\u0629 \u0644\u0644\u0627\u0633\u062a\u062e\u062f\u0627\u0645 \u0627\u0644\u062a\u062c\u0627\u0631\u064a \u0628\u0634\u0631\u0648\u0637 \u0645\u062d\u062f\u062b\u0629 \u064a\u0648\u0645\u064a\u0627\u064b\u060c \u0628\u0645\u0627 \u0641\u064a \u0630\u0644\u0643 \u0627\u0644\u0645\u0634\u0648\u0631\u0629 \u0648\u062e\u062f\u0645\u0629 \u0645\u0627 \u0628\u0639\u062f \u0627\u0644\u0628\u064a\u0639. \u0646\u062d\u0646 \u0646\u0642\u062f\u0645 \u0627\u0644\u0645\u0634\u0648\u0631\u0629 \u0627\u0644\u0645\u0633\u062a\u0642\u0644\u0629 \u0639\u0646 \u0627\u0644\u0634\u0631\u0643\u0629 \u0627\u0644\u0645\u0635\u0646\u0639\u0629 \u0648\u064a\u0633\u0639\u062f\u0646\u0627 \u0648\u0636\u0639 \u0646\u0638\u0627\u0645 \u0645\u0635\u0645\u0645 \u062e\u0635\u064a\u0635\u064b\u0627 \u0644\u062a\u0644\u0628\u064a\u0629 \u0627\u062d\u062a\u064a\u0627\u062c\u0627\u062a\u0643 \u0628\u062f\u0642\u0629.<\/p>\n<p>[callout add_button_button=\"no\" button_text=\"Learn More\" button_url=\"#\" button_color=\"#a62055\u2033]<\/p>\n<p>\u0647\u0644 \u062a\u062d\u062a\u0627\u062c \u0625\u0644\u0649 \u0642\u0637\u0639 \u063a\u064a\u0627\u0631 \u0623\u0648 \u0645\u0644\u062d\u0642\u0627\u062a \u0623\u0648 \u0639\u0646\u0627\u0635\u0631 \u0625\u0644\u0643\u062a\u0631\u0648\u0646\u064a\u0629 \u2013 \u0644\u062a\u0642\u0646\u064a\u0629 \u0645\u0646 \u0627\u0644\u0645\u0627\u0636\u064a\u061f \u062a\u062d\u062f\u062b \u0625\u0644\u0649 \u0642\u0633\u0645 \u0627\u0644\u0645\u0628\u064a\u0639\u0627\u062a \u0644\u062f\u064a\u0646\u0627.<br \/>\n<img decoding=\"async\" src=\"\/wp-content\/uploads\/2016\/08\/retro-technik.jpg\" alt=\"\u062a\u0642\u0646\u064a\u0629 \u0631\u064a\u062a\u0631\u0648-\u062a\u0643\u0646\u0648\u0644\u0648\u062c\u064a\" class=\"alignnone size-full wp-image-7183\" title=\"\"><\/p>\n<p>[\/callout]<\/p>\n<div class=\"boxcontainer\">\n<div class=\"box1-2\">\n<h1>\u0627\u0644\u0634\u062e\u0635 \u0627\u0644\u0630\u064a \u064a\u0645\u0643\u0646 \u0627\u0644\u0627\u062a\u0635\u0627\u0644 \u0628\u0647<\/h1>\n<\/div>\n<div class=\"box1-2-order\">\n<h1>\u0631\u0648\u0627\u0628\u0637 \u0623\u062e\u0631\u0649<\/h1>\n<\/div>\n<div class=\"box1-4\">\n<div class=\"box-head\">\u062a\u0643\u0627\u0645\u0644 \u0627\u0644\u0646\u0638\u0627\u0645<\/div>\n<p><img decoding=\"async\" width=\"800\" height=\"533\" src=\"https:\/\/konferenztechnik.de\/wp-content\/uploads\/2013\/08\/pcs-gmbh-andreas-bagattini.jpg\" alt=\"\u0634\u0631\u0643\u0629 PCS GmbH \u0623\u0646\u062f\u0631\u064a\u0627\u0633 \u0628\u0627\u062c\u0627\u062a\u064a\u0646\u064a\" class=\"alignleft size-full wp-image-6340\" title=\"\" srcset=\"https:\/\/konferenztechnik.de\/wp-content\/uploads\/2013\/08\/pcs-gmbh-andreas-bagattini.jpg 800w, https:\/\/konferenztechnik.de\/wp-content\/uploads\/2013\/08\/pcs-gmbh-andreas-bagattini-300x200.jpg 300w, https:\/\/konferenztechnik.de\/wp-content\/uploads\/2013\/08\/pcs-gmbh-andreas-bagattini-768x512.jpg 768w\" sizes=\"(max-width: 800px) 100vw, 800px\" \/><br \/>\n\u0623\u0646\u062f\u0631\u064a\u0627\u0633 \u0628\u0627\u062c\u0627\u062a\u064a\u0646\u064a<br \/>\n\u0625\u062f\u0627\u0631\u0629 \u0627\u0644\u0645\u0634\u0627\u0631\u064a\u0639<br \/>\n\u0647\u0627\u062a\u0641 +49 211 737798 737798 21+<br \/>\n\u0627\u0644\u0628\u0631\u064a\u062f \u0627\u0644\u0625\u0644\u0643\u062a\u0631\u0648\u0646\u064a <a href=\"mailto:vertrieb@konferenztechnik.de\" onclick=\"ga('send', 'event', 'Email-Klick', 'Vertrieb Bagattini');\">\u0627\u0643\u062a\u0628<\/a><br \/>\n\u0631\u0645\u0632 \u0627\u0644\u0627\u0633\u062a\u062c\u0627\u0628\u0629 \u0627\u0644\u0633\u0631\u064a\u0639\u0629 <a href=\"https:\/\/konferenztechnik.de\/wp-content\/uploads\/2013\/08\/qrcode-andreas-bagattini.jpeg\">&amp;#X9B\u061b \u0639\u0631\u0636<\/a><\/div>\n<div class=\"box1-4\">\n<div class=\"box-head\">\u0627\u0644\u0627\u0633\u062a\u0634\u0627\u0631\u0627\u062a \u0648\u0627\u0644\u0645\u0628\u064a\u0639\u0627\u062a<\/div>\n<p><img decoding=\"async\" width=\"800\" height=\"533\" src=\"https:\/\/konferenztechnik.de\/wp-content\/uploads\/2013\/09\/jens_timmermann_pcs-gmbh.jpg\" alt=\"jens_timmermann_pcs_pcs-gmbh\" class=\"alignleft size-full wp-image-2307\" title=\"\" srcset=\"https:\/\/konferenztechnik.de\/wp-content\/uploads\/2013\/09\/jens_timmermann_pcs-gmbh.jpg 800w, https:\/\/konferenztechnik.de\/wp-content\/uploads\/2013\/09\/jens_timmermann_pcs-gmbh-300x200.jpg 300w, https:\/\/konferenztechnik.de\/wp-content\/uploads\/2013\/09\/jens_timmermann_pcs-gmbh-768x512.jpg 768w\" sizes=\"(max-width: 800px) 100vw, 800px\" \/><br \/>\n\u064a\u0646\u0633 \u062a\u064a\u0645\u0631\u0645\u0627\u0646<br \/>\n\u0627\u0633\u062a\u0634\u0627\u0631\u064a \u0627\u0644\u0645\u0634\u0631\u0648\u0639<br \/>\n\u0647\u0627\u062a\u0641 +49 211 737798 737798 20+<br \/>\n\u0627\u0644\u0628\u0631\u064a\u062f \u0627\u0644\u0625\u0644\u0643\u062a\u0631\u0648\u0646\u064a <a href=\"mailto:timmermann@konferenztechnik.de\" onclick=\"ga('send', 'event', 'Email-Klick', 'Vertrieb Timmermann');\">\u0627\u0643\u062a\u0628<\/a><br \/>\n\u0631\u0645\u0632 \u0627\u0644\u0627\u0633\u062a\u062c\u0627\u0628\u0629 \u0627\u0644\u0633\u0631\u064a\u0639\u0629 <a href=\"https:\/\/konferenztechnik.de\/wp-content\/uploads\/2013\/09\/jens_timmermann_qrcode.png\">&amp;#X9B\u061b \u0639\u0631\u0636<\/a><\/div>\n<div class=\"box2-4-2\" style=\"order:1;\" >\n<div class=\"weiterlinks\">\n<ul>\n[list icon=\"moon-arrow-right-2\" \u0627\u0644\u0644\u0648\u0646=\"#a62055\"]<a title=\"\u0627\u0644\u062a\u0648\u0632\u064a\u0639 \u062d\u0633\u0628 \u0645\u062c\u0645\u0648\u0639\u0629 \u0627\u0644\u0645\u0646\u062a\u062c\u0627\u062a\" href=\"\/ar\/%d9%85%d8%ac%d9%85%d9%88%d8%b9%d8%a7%d8%aa-%d8%a7%d9%84%d9%85%d9%86%d8%aa%d8%ac%d8%a7%d8%aa\/\">\u0627\u0644\u062a\u0648\u0632\u064a\u0639 \u062d\u0633\u0628 \u0645\u062c\u0645\u0648\u0639\u0629 \u0627\u0644\u0645\u0646\u062a\u062c\u0627\u062a<\/a>[\/\u0627\u0644\u0642\u0627\u0626\u0645\u0629]<br \/>\n[list icon=\"moon-arrow-right-2\" \u0627\u0644\u0644\u0648\u0646=\"#a62055\"]<a title=\"\u0627\u0644\u062a\u0648\u0632\u064a\u0639 \u062d\u0633\u0628 \u0627\u0644\u0634\u0631\u0643\u0629 \u0627\u0644\u0645\u0635\u0646\u0639\u0629\" href=\"\/ar\/%d8%a7%d9%84%d8%b4%d8%b1%d9%83%d8%a9-%d8%a7%d9%84%d9%85%d8%b5%d9%86%d8%b9%d8%a9\/\">\u0627\u0644\u062a\u0648\u0632\u064a\u0639 \u062d\u0633\u0628 \u0627\u0644\u0634\u0631\u0643\u0629 \u0627\u0644\u0645\u0635\u0646\u0639\u0629<\/a>[\/\u0627\u0644\u0642\u0627\u0626\u0645\u0629]<br \/>\n[list icon=\"moon-arrow-right-2\" \u0627\u0644\u0644\u0648\u0646=\"#a62055\"]<a title=\"\u0627\u0644\u0645\u0646\u062a\u062c\u0627\u062a \u0648\u0627\u0644\u0635\u064a\u0627\u0646\u0629 \u0648\u0627\u0644\u0625\u0635\u0644\u0627\u062d\u0627\u062a \u0627\u0644\u0645\u062e\u0635\u0635\u0629 \u062d\u0633\u0628 \u0627\u0644\u0637\u0644\u0628\" href=\"\/ar\/%d8%a7%d9%84%d8%ae%d8%af%d9%85%d8%a7%d8%aa-2\/%d8%a7%d9%84%d8%b5%d9%8a%d8%a7%d9%86%d8%a9-%d9%88%d8%a7%d9%84%d8%a5%d8%b5%d9%84%d8%a7%d8%ad\/\">\u0627\u0644\u0645\u0646\u062a\u062c\u0627\u062a \u0648\u0627\u0644\u0635\u064a\u0627\u0646\u0629 \u0648\u0627\u0644\u0625\u0635\u0644\u0627\u062d\u0627\u062a \u0627\u0644\u0645\u062e\u0635\u0635\u0629 \u062d\u0633\u0628 \u0627\u0644\u0637\u0644\u0628<\/a>[\/\u0627\u0644\u0642\u0627\u0626\u0645\u0629]<br \/>\n[list icon=\"moon-arrow-right-2\" \u0627\u0644\u0644\u0648\u0646=\"#a62055\"]<a title=\"10 \u0623\u0633\u0628\u0627\u0628 \u0648\u062c\u064a\u0647\u0629 \u0644\u0640 PCS\" href=\"\/ar\/%d9%86%d8%a8%d8%b0%d8%a9-%d8%b9%d9%86%d8%a7\/10-%d8%a3%d8%b3%d8%a8%d8%a7%d8%a8-%d9%88%d8%ac%d9%8a%d9%87%d8%a9-%d9%84%d8%a3%d8%ac%d9%87%d8%b2%d8%a9-%d8%a7%d9%84%d9%83%d9%85%d8%a8%d9%8a%d9%88%d8%aa%d8%b1-%d8%a7%d9%84%d8%b4%d8%ae%d8%b5%d9%8a%d8%a9\/\">10 \u0623\u0633\u0628\u0627\u0628 \u0648\u062c\u064a\u0647\u0629 \u0644\u0640 PCS<\/a>[\/\u0627\u0644\u0642\u0627\u0626\u0645\u0629]<br \/>\n[list icon=\"moon-arrow-right-2\" \u0627\u0644\u0644\u0648\u0646=\"#a62055\"]<a title=\"\u0627\u0644\u0645\u0631\u0627\u062c\u0639\" href=\"\/ar\/%d9%86%d8%a8%d8%b0%d8%a9-%d8%b9%d9%86%d8%a7\/%d8%aa%d8%ab%d8%a8%d9%8a%d8%aa-%d8%a7%d9%84%d9%82%d8%a7%d8%a6%d9%85%d8%a9-%d8%a7%d9%84%d9%85%d8%b1%d8%ac%d8%b9%d9%8a%d8%a9\/\">\u0627\u0644\u0645\u0631\u0627\u062c\u0639 \u0627\u0644\u062a\u062b\u0628\u064a\u062a \u0648\u0627\u0644\u062a\u0643\u0627\u0645\u0644<\/a>[\/\u0627\u0644\u0642\u0627\u0626\u0645\u0629]<br \/>\n[list icon=\"moon-arrow-right-2\" \u0627\u0644\u0644\u0648\u0646=\"#a62055\"]<a title=\"PCS: \u0644\u0645\u062d\u0629 \u0633\u0631\u064a\u0639\u0629 \u0639\u0646 \u062c\u0645\u064a\u0639 \u0627\u0644\u062e\u062f\u0645\u0627\u062a\" href=\"\/ar\/%d8%a7%d9%84%d8%ae%d8%af%d9%85%d8%a7%d8%aa-2\/\">PCS: \u0644\u0645\u062d\u0629 \u0633\u0631\u064a\u0639\u0629 \u0639\u0646 \u062c\u0645\u064a\u0639 \u0627\u0644\u062e\u062f\u0645\u0627\u062a<\/a>[\/\u0627\u0644\u0642\u0627\u0626\u0645\u0629]<\/ul>\n<\/div>\n<\/div>\n<\/div>\n<\/div>","protected":false},"excerpt":{"rendered":"<p>Vertrieb von Konferenz- und AV-Medientechnik [rev_slider alias=&#8220;vertrieb&#8220;] [spacer size=&#8220;20&#8243;] Sie suchen Konferenz- und Mediensysteme oder ben\u00f6tigen Audio- oder Videotechnik? Wir sind Vertriebspartner der namhaften professionellen Hersteller in diesen Bereichen. Kleine und gro\u00dfe Systeme der AV-Technik k\u00f6nnen Sie bei uns genauso beziehen, wie einzelne Komponenten, Ersatzteile und Zubeh\u00f6r. [spacer size=&#8220;25&#8243;] [v_icon color=&#8220;#a62055&#8243; size=&#8220;16px&#8220; target=&#8220;_blank&#8220; name=&#8220;moon-arrow-right-2&#8243;] Nach [&hellip;]<\/p>","protected":false},"author":1,"featured_media":45482,"parent":0,"menu_order":91,"comment_status":"closed","ping_status":"closed","template":"","meta":{"_acf_changed":false,"footnotes":""},"class_list":["post-6727","page","type-page","status-publish","has-post-thumbnail","hentry"],"acf":[],"_links":{"self":[{"href":"https:\/\/konferenztechnik.de\/ar\/wp-json\/wp\/v2\/pages\/6727","targetHints":{"allow":["GET"]}}],"collection":[{"href":"https:\/\/konferenztechnik.de\/ar\/wp-json\/wp\/v2\/pages"}],"about":[{"href":"https:\/\/konferenztechnik.de\/ar\/wp-json\/wp\/v2\/types\/page"}],"author":[{"embeddable":true,"href":"https:\/\/konferenztechnik.de\/ar\/wp-json\/wp\/v2\/users\/1"}],"replies":[{"embeddable":true,"href":"https:\/\/konferenztechnik.de\/ar\/wp-json\/wp\/v2\/comments?post=6727"}],"version-history":[{"count":0,"href":"https:\/\/konferenztechnik.de\/ar\/wp-json\/wp\/v2\/pages\/6727\/revisions"}],"wp:featuredmedia":[{"embeddable":true,"href":"https:\/\/konferenztechnik.de\/ar\/wp-json\/wp\/v2\/media\/45482"}],"wp:attachment":[{"href":"https:\/\/konferenztechnik.de\/ar\/wp-json\/wp\/v2\/media?parent=6727"}],"curies":[{"name":"\u062f\u0628\u0644\u064a\u0648 \u0628\u064a","href":"https:\/\/api.w.org\/{rel}","templated":true}]}}