{"id":7597,"date":"2016-08-25T09:05:19","date_gmt":"2016-08-25T07:05:19","guid":{"rendered":"https:\/\/konferenztechnik.de\/?page_id=7597"},"modified":"2023-09-01T12:12:21","modified_gmt":"2023-09-01T10:12:21","slug":"%d8%b1%d8%aa%d9%8a-2","status":"publish","type":"page","link":"https:\/\/konferenztechnik.de\/ar\/%d8%b1%d8%aa%d9%8a-2\/","title":{"rendered":"RTI"},"content":{"rendered":"<p>[\u062d\u062c\u0645 \u0627\u0644\u0639\u0645\u0648\u062f=\"1-2\" \u0622\u062e\u0631=\"0\"]<\/p>\n<h1>RTI<\/h1>\n<p>[\/\u0627\u0644\u0639\u0645\u0648\u062f]<\/p>\n<p>[\u062d\u062c\u0645 \u0627\u0644\u0639\u0645\u0648\u062f=\"1-2\" \u0622\u062e\u0631=\"1\"]<br \/>\n[\/\u0627\u0644\u0639\u0645\u0648\u062f]<\/p>\n<p>[\u062d\u062c\u0645 \u0627\u0644\u0639\u0645\u0648\u062f=\"1-2\" \u0622\u062e\u0631=\"0\"]<br \/>\n\u0634\u0631\u0643\u0629 RTI \u0647\u064a \u0634\u0631\u0643\u0629 \u0631\u0627\u0626\u062f\u0629 \u0641\u064a \u0645\u062c\u0627\u0644 \u0623\u0646\u0638\u0645\u0629 \u0627\u0644\u062a\u062d\u0643\u0645 \u0627\u0644\u0630\u0643\u064a\u0629 \u0648\u062a\u0642\u062f\u0645 \u0623\u062c\u0647\u0632\u0629 \u0645\u0628\u062a\u0643\u0631\u0629 \u0648\u0645\u062a\u0637\u0648\u0631\u0629 \u0648\u0633\u0647\u0644\u0629 \u0627\u0644\u0627\u0633\u062a\u062e\u062f\u0627\u0645 \u0644\u0644\u0623\u0646\u0638\u0645\u0629 \u0627\u0644\u0625\u0644\u0643\u062a\u0631\u0648\u0646\u064a\u0629 \u0627\u0644\u0645\u062b\u0628\u062a\u0629 \u0628\u0627\u062d\u062a\u0631\u0627\u0641\u064a\u0629. \u0648\u0628\u0641\u0636\u0644 \u062d\u0644\u0648\u0644 RTI\u060c \u064a\u0645\u0643\u0646 \u0627\u0644\u062a\u062d\u0643\u0645 \u0641\u064a \u062a\u0643\u0646\u0648\u0644\u0648\u062c\u064a\u0627 \u0627\u0644\u0648\u0633\u0627\u0626\u0637 \u0648\u0627\u0644\u0625\u0644\u0643\u062a\u0631\u0648\u0646\u064a\u0627\u062a \u0627\u0644\u062a\u0631\u0641\u064a\u0647\u064a\u0629 \u0648\u062a\u0643\u0646\u0648\u0644\u0648\u062c\u064a\u0627 \u0627\u0644\u0645\u0628\u0627\u0646\u064a \u0628\u0633\u0647\u0648\u0644\u0629 \u0648\u064a\u0633\u0631 \u2013 \u0628\u0627\u0633\u062a\u062e\u062f\u0627\u0645 \u0627\u0644\u0647\u0648\u0627\u062a\u0641 \u0627\u0644\u0630\u0643\u064a\u0629 \u0648\u0627\u0644\u0623\u062c\u0647\u0632\u0629 \u0627\u0644\u0644\u0648\u062d\u064a\u0629 \u0627\u0644\u062e\u0627\u0635\u0629 \u0628\u0643 \u0648\u0643\u0630\u0644\u0643 \u0628\u0627\u0633\u062a\u062e\u062f\u0627\u0645 \u0645\u062c\u0645\u0648\u0639\u0629 \u0645\u062a\u0646\u0648\u0639\u0629 \u0645\u0646 \u0627\u0644\u0623\u062c\u0647\u0632\u0629 \u0627\u0644\u0646\u0627\u062c\u062d\u0629 \u0645\u0646 RTI \u0646\u0641\u0633\u0647\u0627.<\/p>\n<p>\u062a\u064f\u0638\u0647\u0631 RTI \u0627\u0644\u0628\u0631\u0627\u0639\u0629 \u0627\u0644\u062d\u0642\u064a\u0642\u064a\u0629 \u0641\u064a \u0627\u0644\u062a\u062d\u0643\u0645 \u0641\u064a \u0627\u0644\u0623\u062c\u0647\u0632\u0629 \u0648\u0627\u0644\u0631\u064a\u0627\u062f\u0629 \u0641\u064a \u0623\u062a\u0645\u062a\u0629 \u0627\u0644\u0646\u0638\u0627\u0645. \u0644\u0627 \u064a\u0648\u062c\u062f \u062c\u0647\u0627\u0632 \u0623\u0648 \u0645\u0648\u0642\u0641 \u0644\u0627 \u064a\u0645\u0643\u0646 \u0627\u0644\u062a\u062d\u0643\u0645 \u0641\u064a\u0647 \u0628\u0634\u0643\u0644 \u0645\u0631\u064a\u062d \u0648\u0645\u0628\u062a\u0643\u0631 \u0644\u0644\u0645\u0633\u062a\u062e\u062f\u0645.<\/p>\n<p>[\/\u0627\u0644\u0639\u0645\u0648\u062f]<\/p>\n<p>[\u062d\u062c\u0645 \u0627\u0644\u0639\u0645\u0648\u062f=\"1-2\" \u0622\u062e\u0631=\"1\"]<br \/>\n<img decoding=\"async\" src=\"https:\/\/konferenztechnik.de\/wp-content\/uploads\/2016\/08\/rti-smarthome.jpg\" alt=\"\" title=\"\"><br \/>\n[\/\u0627\u0644\u0639\u0645\u0648\u062f]<\/p>\n<div class=\"boxcontainer\">\n<div class=\"box1-2\">\n<span class=\"ueberschrift-unterkante\"><\/p>\n<h2>RTI \u2013 \u0625\u0646\u0647 \u062a\u062d\u062a \u0627\u0644\u0633\u064a\u0637\u0631\u0629<\/h2>\n<p><\/span><\/div>\n<div class=\"box1-2\">\n<img decoding=\"async\" src=\"https:\/\/konferenztechnik.de\/wp-content\/uploads\/2016\/04\/logo-rti.jpg\" alt=\"\u0634\u0631\u0643\u0629 RTI - \u0634\u0631\u064a\u0643 PCS\" width=\"140\" height=\"140\" class=\"alignright size-thumbnail wp-image-5632\" title=\"\"><\/div>\n<\/div>\n<div class=\"boxcontainer\">\n<div class=\"box1\">\n<img decoding=\"async\" src=\"https:\/\/konferenztechnik.de\/wp-content\/uploads\/2016\/08\/rti-interfaces.jpg\" alt=\"\" title=\"\"><\/p>\n<h2>\u0648\u0627\u062c\u0647\u0627\u062a VRTI<\/h2>\n<p>\u0623\u062c\u0647\u0632\u0629 \u0627\u0644\u0625\u062f\u062e\u0627\u0644 \u0627\u0644\u0644\u0627\u0633\u0644\u0643\u064a\u0629<br \/>\n\u0623\u062c\u0647\u0632\u0629 \u0627\u0644\u0625\u062f\u062e\u0627\u0644 \u0627\u0644\u0633\u0644\u0643\u064a\u0629<\/p>\n<\/div>\n<div class=\"box1\">\n<p><img decoding=\"async\" src=\"https:\/\/konferenztechnik.de\/wp-content\/uploads\/2016\/08\/rti-byod.jpg\" alt=\"\" title=\"\"><\/p>\n<h2>\u0627\u0644\u0648\u0627\u062c\u0647\u0627\u062a \u0627\u0644\u062f\u0627\u062e\u0644\u064a\u0629 \u0627\u0644\u0630\u0643\u064a\u0629<\/h2>\n<p>\u0627\u0644\u062a\u062d\u0643\u0645 \u0639\u0628\u0631<br \/>\n\u0643\u0645\u0628\u064a\u0648\u062a\u0631 \u0634\u062e\u0635\u064a<br \/>\n\u062c\u0647\u0627\u0632 \u0644\u0648\u062d\u064a<br \/>\n\u0627\u0644\u0647\u0627\u062a\u0641 \u0627\u0644\u0630\u0643\u064a<\/p>\n<\/div>\n<div class=\"box1\">\n<p><img decoding=\"async\" src=\"https:\/\/konferenztechnik.de\/wp-content\/uploads\/2016\/08\/rti-byod.jpg\" alt=\"\" title=\"\"><\/p>\n<h2>\u0645\u0639\u0627\u0644\u062c\u0629 \u0627\u0644\u0625\u0634\u0627\u0631\u0627\u062a<\/h2>\n<p>\u0627\u0644\u062a\u062d\u0643\u0645 \u0641\u064a<br \/>\n\u0623\u062c\u0647\u0632\u0629 \u0627\u0644\u062a\u0644\u0641\u0632\u064a\u0648\u0646 \u0648\u0623\u062c\u0647\u0632\u0629 HiFi<br \/>\n\u062e\u0641\u064a\u0641<br \/>\n\u062a\u0643\u0646\u0648\u0644\u0648\u062c\u064a\u0627 \u0627\u0644\u0633\u064a\u0646\u0645\u0627 \u0627\u0644\u0645\u0646\u0632\u0644\u064a\u0629<br \/>\n\u062e\u0627\u062f\u0645 \u0627\u0644\u0645\u0648\u0633\u064a\u0642\u0649<br \/>\n\u062a\u0643\u0646\u0648\u0644\u0648\u062c\u064a\u0627 \u0627\u0644\u0623\u0645\u0646<br \/>\n\u0627\u0644\u062a\u062f\u0641\u0626\u0629 \u0648\u0627\u0644\u062a\u0647\u0648\u064a\u0629 \u0648\u062a\u0643\u064a\u064a\u0641 \u0627\u0644\u0647\u0648\u0627\u0621<br \/>\n\u0648\u0623\u0643\u062b\u0631 \u0645\u0646 \u0630\u0644\u0643 \u0628\u0643\u062b\u064a\u0631.<\/p>\n<\/div>\n<\/div>\n<p>[callout add_button_button=\"no\" button_text=\"Learn More\" button_url=\"#\" button_color=\"#a62055\u2033]<br \/>\n\u062a\u062d\u0643\u0645 \u062d\u062a\u0649 \u0641\u064a \u0627\u0644\u062a\u0637\u0628\u064a\u0642\u0627\u062a \u0627\u0644\u0645\u0639\u0642\u062f\u0629 \u0628\u0634\u0643\u0644 \u0628\u062f\u064a\u0647\u064a. \u0644\u0627 \u0645\u0634\u0643\u0644\u0629 \u0645\u0639 RTI \u2013\u060c \u0628\u0634\u0631\u0637 \u0627\u0644\u062a\u062e\u0637\u064a\u0637 \u0628\u0639\u0646\u0627\u064a\u0629.<br \/>\n[\/callout]<\/p>\n<div class=\"boxcontainer\">\n<div class=\"box1-2\">\n<h1>\u0627\u0644\u0634\u062e\u0635 \u0627\u0644\u0630\u064a \u064a\u0645\u0643\u0646 \u0627\u0644\u0627\u062a\u0635\u0627\u0644 \u0628\u0647<\/h1>\n<\/div>\n<div class=\"box1-2-order\">\n<h1>\u0631\u0648\u0627\u0628\u0637 \u0623\u062e\u0631\u0649<\/h1>\n<\/div>\n<div class=\"box1-4\">\n<div class=\"box-head\">\u0627\u0644\u062a\u0648\u0632\u064a\u0639 \u0648\u0627\u0644\u0645\u0628\u064a\u0639\u0627\u062a<\/div>\n<p>[\u0645\u0639\u0631\u0651\u0641 \u0627\u0644\u0642\u0637\u0639\u0629 =\"text-133\"]<\/p>\n<\/div>\n<div class=\"box2-4-2\" style=\"order:1;\" >\n<div class=\"weiterlinks\">\n<ul>\n[list icon=\"moon-arrow-right-2\" \u0627\u0644\u0644\u0648\u0646=\"#a62055\"]<a title=\"\u0627\u0644\u062a\u0648\u0632\u064a\u0639 \u062d\u0633\u0628 \u0645\u062c\u0645\u0648\u0639\u0629 \u0627\u0644\u0645\u0646\u062a\u062c\u0627\u062a\" href=\"\/ar\/%d9%85%d8%ac%d9%85%d9%88%d8%b9%d8%a7%d8%aa-%d8%a7%d9%84%d9%85%d9%86%d8%aa%d8%ac%d8%a7%d8%aa\/\">\u0627\u0644\u062a\u0648\u0632\u064a\u0639 \u062d\u0633\u0628 \u0645\u062c\u0645\u0648\u0639\u0629 \u0627\u0644\u0645\u0646\u062a\u062c\u0627\u062a<\/a>[\/\u0627\u0644\u0642\u0627\u0626\u0645\u0629]<br \/>\n[list icon=\"moon-arrow-right-2\" \u0627\u0644\u0644\u0648\u0646=\"#a62055\"]<a title=\"\u0627\u0644\u062a\u0648\u0632\u064a\u0639 \u062d\u0633\u0628 \u0627\u0644\u0634\u0631\u0643\u0629 \u0627\u0644\u0645\u0635\u0646\u0639\u0629\" href=\"\/ar\/%d8%a7%d9%84%d8%b4%d8%b1%d9%83%d8%a9-%d8%a7%d9%84%d9%85%d8%b5%d9%86%d8%b9%d8%a9\/\">\u0627\u0644\u062a\u0648\u0632\u064a\u0639 \u062d\u0633\u0628 \u0627\u0644\u0634\u0631\u0643\u0629 \u0627\u0644\u0645\u0635\u0646\u0639\u0629<\/a>[\/\u0627\u0644\u0642\u0627\u0626\u0645\u0629]<br \/>\n[list icon=\"moon-arrow-right-2\" \u0627\u0644\u0644\u0648\u0646=\"#a62055\"]<a title=\"\u0627\u0644\u0645\u0646\u062a\u062c\u0627\u062a \u0648\u0627\u0644\u0635\u064a\u0627\u0646\u0629 \u0648\u0627\u0644\u0625\u0635\u0644\u0627\u062d\u0627\u062a \u0627\u0644\u0645\u062e\u0635\u0635\u0629 \u062d\u0633\u0628 \u0627\u0644\u0637\u0644\u0628\" href=\"\/ar\/%d8%a7%d9%84%d8%ae%d8%af%d9%85%d8%a7%d8%aa-2\/%d8%a7%d9%84%d8%b5%d9%8a%d8%a7%d9%86%d8%a9-%d9%88%d8%a7%d9%84%d8%a5%d8%b5%d9%84%d8%a7%d8%ad\/\">\u0627\u0644\u0645\u0646\u062a\u062c\u0627\u062a \u0648\u0627\u0644\u0635\u064a\u0627\u0646\u0629 \u0648\u0627\u0644\u0625\u0635\u0644\u0627\u062d\u0627\u062a \u0627\u0644\u0645\u062e\u0635\u0635\u0629 \u062d\u0633\u0628 \u0627\u0644\u0637\u0644\u0628<\/a>[\/\u0627\u0644\u0642\u0627\u0626\u0645\u0629]<br \/>\n[list icon=\"moon-arrow-right-2\" \u0627\u0644\u0644\u0648\u0646=\"#a62055\"]<a title=\"10 \u0623\u0633\u0628\u0627\u0628 \u0648\u062c\u064a\u0647\u0629 \u0644\u0640 PCS\" href=\"\/ar\/%d9%86%d8%a8%d8%b0%d8%a9-%d8%b9%d9%86%d8%a7\/10-%d8%a3%d8%b3%d8%a8%d8%a7%d8%a8-%d9%88%d8%ac%d9%8a%d9%87%d8%a9-%d9%84%d8%a3%d8%ac%d9%87%d8%b2%d8%a9-%d8%a7%d9%84%d9%83%d9%85%d8%a8%d9%8a%d9%88%d8%aa%d8%b1-%d8%a7%d9%84%d8%b4%d8%ae%d8%b5%d9%8a%d8%a9\/\">10 \u0623\u0633\u0628\u0627\u0628 \u0648\u062c\u064a\u0647\u0629 \u0644\u0640 PCS<\/a>[\/\u0627\u0644\u0642\u0627\u0626\u0645\u0629]<br \/>\n[list icon=\"moon-arrow-right-2\" \u0627\u0644\u0644\u0648\u0646=\"#a62055\"]<a title=\"\u0627\u0644\u0645\u0631\u0627\u062c\u0639\" href=\"\/ar\/%d9%86%d8%a8%d8%b0%d8%a9-%d8%b9%d9%86%d8%a7\/%d8%aa%d8%ab%d8%a8%d9%8a%d8%aa-%d8%a7%d9%84%d9%82%d8%a7%d8%a6%d9%85%d8%a9-%d8%a7%d9%84%d9%85%d8%b1%d8%ac%d8%b9%d9%8a%d8%a9\/\">\u0627\u0644\u0645\u0631\u0627\u062c\u0639 \u0627\u0644\u062a\u062b\u0628\u064a\u062a \u0648\u0627\u0644\u062a\u0643\u0627\u0645\u0644<\/a>[\/\u0627\u0644\u0642\u0627\u0626\u0645\u0629]<br \/>\n[list icon=\"moon-arrow-right-2\" \u0627\u0644\u0644\u0648\u0646=\"#a62055\"]<a title=\"PCS: \u0644\u0645\u062d\u0629 \u0633\u0631\u064a\u0639\u0629 \u0639\u0646 \u062c\u0645\u064a\u0639 \u0627\u0644\u062e\u062f\u0645\u0627\u062a\" href=\"\/ar\/%d8%a7%d9%84%d8%ae%d8%af%d9%85%d8%a7%d8%aa-2\/\">PCS: \u0644\u0645\u062d\u0629 \u0633\u0631\u064a\u0639\u0629 \u0639\u0646 \u062c\u0645\u064a\u0639 \u0627\u0644\u062e\u062f\u0645\u0627\u062a<\/a>[\/\u0627\u0644\u0642\u0627\u0626\u0645\u0629]<\/ul>\n<\/div>\n<\/div>\n<\/div>\n<\/div>","protected":false},"excerpt":{"rendered":"<p>[column size=&#8220;1-2&#8243; last=&#8220;0&#8243;] RTI [\/column] [column size=&#8220;1-2&#8243; last=&#8220;1&#8243;] [\/column] [column size=&#8220;1-2&#8243; last=&#8220;0&#8243;] RTI ist ein f\u00fchrender Hersteller f\u00fcr intelligente Steuerungssysteme und bietet innovative, anspruchsvolle und benutzerfreundliche Ger\u00e4te f\u00fcr professionell installierte elektronische Systeme. Mit den L\u00f6sungen von RTI kann Medientechnik, Unterhaltungselektronik und Geb\u00e4udetechnik komfortabel und einfach gesteuert werden \u2013 sowohl mit eigenen Smartphones, Tablets wie auch [&hellip;]<\/p>","protected":false},"author":1,"featured_media":45482,"parent":0,"menu_order":59,"comment_status":"closed","ping_status":"closed","template":"","meta":{"_acf_changed":false,"footnotes":""},"class_list":["post-7597","page","type-page","status-publish","has-post-thumbnail","hentry"],"acf":[],"_links":{"self":[{"href":"https:\/\/konferenztechnik.de\/ar\/wp-json\/wp\/v2\/pages\/7597","targetHints":{"allow":["GET"]}}],"collection":[{"href":"https:\/\/konferenztechnik.de\/ar\/wp-json\/wp\/v2\/pages"}],"about":[{"href":"https:\/\/konferenztechnik.de\/ar\/wp-json\/wp\/v2\/types\/page"}],"author":[{"embeddable":true,"href":"https:\/\/konferenztechnik.de\/ar\/wp-json\/wp\/v2\/users\/1"}],"replies":[{"embeddable":true,"href":"https:\/\/konferenztechnik.de\/ar\/wp-json\/wp\/v2\/comments?post=7597"}],"version-history":[{"count":0,"href":"https:\/\/konferenztechnik.de\/ar\/wp-json\/wp\/v2\/pages\/7597\/revisions"}],"wp:featuredmedia":[{"embeddable":true,"href":"https:\/\/konferenztechnik.de\/ar\/wp-json\/wp\/v2\/media\/45482"}],"wp:attachment":[{"href":"https:\/\/konferenztechnik.de\/ar\/wp-json\/wp\/v2\/media?parent=7597"}],"curies":[{"name":"\u062f\u0628\u0644\u064a\u0648 \u0628\u064a","href":"https:\/\/api.w.org\/{rel}","templated":true}]}}