{"id":8919,"date":"2017-02-08T12:14:52","date_gmt":"2017-02-08T11:14:52","guid":{"rendered":"https:\/\/www.konferenztechnik.de\/?page_id=8919\/"},"modified":"2017-02-08T12:14:52","modified_gmt":"2017-02-08T11:14:52","slug":"%d8%b3%d9%84%d8%b3%d9%84%d8%a9-audipack-silent-series-9300-%d8%a7%d9%84%d8%b5%d8%a7%d9%85%d8%aa%d8%a9-iso-4043-2016","status":"publish","type":"page","link":"https:\/\/konferenztechnik.de\/ar\/%d8%b3%d9%84%d8%b3%d9%84%d8%a9-audipack-silent-series-9300-%d8%a7%d9%84%d8%b5%d8%a7%d9%85%d8%aa%d8%a9-iso-4043-2016\/","title":{"rendered":"Audipack Silent 9300 \u2013 ISO 4043-2016"},"content":{"rendered":"<h1>Audipack Silent 9300 \u2013 ISO 4043:2016<\/h1>\n<p>\u062a\u064f\u0639\u062f \u0645\u0642\u0635\u0648\u0631\u0627\u062a \u0627\u0644\u062a\u0631\u062c\u0645\u0629 \u0627\u0644\u0641\u0648\u0631\u064a\u0629 \u0641\u064a \u0633\u0644\u0633\u0644\u0629 Audipack Silent 9300 \u0623\u0643\u062b\u0631 \u0645\u0642\u0635\u0648\u0631\u0627\u062a \u0627\u0644\u062a\u0631\u062c\u0645\u0629 \u0627\u0644\u0641\u0648\u0631\u064a\u0629 \u0627\u0633\u062a\u062e\u062f\u0627\u0645\u0627\u064b \u0641\u064a \u0627\u0644\u0633\u0648\u0642. \u0648\u0645\u0639 \u0645\u0642\u0635\u0648\u0631\u0629 \u0627\u0644\u062a\u0631\u062c\u0645\u0629 \u0627\u0644\u0641\u0648\u0631\u064a\u0629 \u0627\u0644\u0635\u0627\u0645\u062a\u0629 9300 MKII \u0627\u0644\u062c\u062f\u064a\u062f\u0629\u060c \u0642\u062f\u0645\u062a Audipack \u0646\u0633\u062e\u0629 \u0645\u0646\u0642\u062d\u0629 \u0645\u0646 \u0627\u0644\u0645\u0642\u0635\u0648\u0631\u0627\u062a \u0641\u064a \u0645\u0639\u0631\u0636 ISE 2017 \u0641\u064a \u0623\u0645\u0633\u062a\u0631\u062f\u0627\u0645. \u0648\u0647\u0630\u0627 \u064a\u062a\u0648\u0627\u0641\u0642 \u0645\u0639 <a href=\"https:\/\/konferenztechnik.de\/ar\/%d8%a7%d9%84%d9%85%d8%b9%d8%ac%d9%85\/%d9%85%d9%82%d8%b5%d9%88%d8%b1%d8%a7%d8%aa-%d8%a7%d9%84%d8%aa%d8%b1%d8%ac%d9%85%d8%a9-%d8%a7%d9%84%d8%b4%d9%81%d9%88%d9%8a%d8%a9-%d8%a7%d9%84%d9%85%d8%ad%d9%85%d9%88%d9%84%d8%a9-iso-4043\/\">\u0645\u0639\u064a\u0627\u0631 \u0627\u0644\u0623\u064a\u0632\u0648 4043 ISO 4043<\/a> \u0644\u0645\u0642\u0635\u0648\u0631\u0627\u062a \u0627\u0644\u062a\u0631\u062c\u0645\u0629 \u0627\u0644\u0641\u0648\u0631\u064a\u0629\u060c \u0648\u0627\u0644\u0630\u064a \u064a\u0633\u0631\u064a \u0639\u0644\u0649 \u0627\u0644\u0641\u0648\u0631. \u0648\u064a\u0646\u0635 \u0627\u0644\u0645\u0639\u064a\u0627\u0631\u060c \u0645\u0646 \u0628\u064a\u0646 \u0623\u0645\u0648\u0631 \u0623\u062e\u0631\u0649\u060c \u0639\u0644\u0649 \u0623\u0646 \u0627\u0644\u0645\u0642\u0635\u0648\u0631\u0627\u062a \u064a\u062c\u0628 \u0623\u0646 \u062a\u0643\u0648\u0646 \u0645\u062c\u0647\u0632\u0629 \u0628\u0625\u0636\u0627\u0621\u0629 \u0633\u0642\u0641\u064a\u0629 \u0623\u0648 \u062a\u0648\u0641\u0631 \u062e\u064a\u0627\u0631 \u062a\u062d\u0643\u0645 \u064a\u0642\u064a\u0633 \u062c\u0648\u062f\u0629 \u0627\u0644\u0647\u0648\u0627\u0621 \u062f\u0627\u062e\u0644 \u0627\u0644\u0645\u0642\u0635\u0648\u0631\u0629. \u0648\u064a\u0641\u064a \u062c\u0647\u0627\u0632 Silent 9300 MKII \u0627\u0644\u062c\u062f\u064a\u062f \u0628\u0647\u0630\u0647 \u0627\u0644\u0645\u062a\u0637\u0644\u0628\u0627\u062a. \u0648\u062a\u0634\u0645\u0644 \u0623\u0628\u0631\u0632 \u0645\u0645\u064a\u0632\u0627\u062a \u0645\u0642\u0635\u0648\u0631\u0627\u062a \u0627\u0644\u062a\u0631\u062c\u0645\u0629 \u0627\u0644\u0641\u0648\u0631\u064a\u0629 \u0627\u0644\u062c\u062f\u064a\u062f\u0629 \u0645\u0627 \u064a\u0644\u064a<\/p>\n<ul>\n<li>\u0625\u0636\u0627\u0621\u0629 \u0633\u0642\u0641 LED<\/li>\n<li>\u0642\u064a\u0627\u0633 \u062c\u0648\u062f\u0629 \u0627\u0644\u0647\u0648\u0627\u0621 \u0627\u0644\u0642\u0627\u0628\u0644 \u0644\u0644\u062a\u0639\u062f\u064a\u0644 \u0645\u0639 \u0631\u0633\u0627\u0644\u0629 \u062a\u062d\u0630\u064a\u0631<\/li>\n<li>\u062a\u0647\u0648\u064a\u0629 \u0642\u0648\u064a\u0629<\/li>\n<li>\u0631\u0624\u064a\u0629 \u0645\u062d\u0633\u0651\u0646\u0629 \u0628\u0641\u0636\u0644 \u0627\u0644\u0632\u062c\u0627\u062c \u0627\u0644\u0623\u0645\u0627\u0645\u064a \u0627\u0644\u0623\u0643\u0628\u0631 \u062d\u062c\u0645\u0627\u064b<\/li>\n<li>\u0637\u0644\u0627\u0621 \u0637\u0627\u0648\u0644\u0629 \u0645\u0645\u062a\u0635 \u0644\u0644\u0636\u062c\u064a\u062c<\/li>\n<\/ul>\n<p>[spacer size=\"20\"]<\/p>\n<figure id=\"attachment_8947\" aria-describedby=\"caption-attachment-8947\" style=\"width: 850px\" class=\"wp-caption alignnone\"><img fetchpriority=\"high\" decoding=\"async\" src=\"https:\/\/konferenztechnik.de\/wp-content\/uploads\/2017\/02\/Silent9300.jpg\" alt=\"\" width=\"850\" height=\"490\" class=\"size-full wp-image-8947\" title=\"\" srcset=\"https:\/\/konferenztechnik.de\/wp-content\/uploads\/2017\/02\/Silent9300.jpg 850w, https:\/\/konferenztechnik.de\/wp-content\/uploads\/2017\/02\/Silent9300-300x173.jpg 300w, https:\/\/konferenztechnik.de\/wp-content\/uploads\/2017\/02\/Silent9300-768x443.jpg 768w\" sizes=\"(max-width: 850px) 100vw, 850px\" \/><figcaption id=\"caption-attachment-8947\" class=\"wp-caption-text\">\u0623\u0648\u0644 \u0643\u0634\u0643 \u0645\u0643\u0628\u0631 \u0635\u0648\u062a \u064a\u062a\u0648\u0627\u0641\u0642 \u0645\u0639 \u0645\u0639\u064a\u0627\u0631 ISO 4043:2016 \u0627\u0644\u0630\u064a \u0642\u062f\u0645\u062a\u0647 Audipack \u0641\u064a \u0645\u0639\u0631\u0636 ISE 2017<\/figcaption><\/figure>\n<figure id=\"attachment_8925\" aria-describedby=\"caption-attachment-8925\" style=\"width: 850px\" class=\"wp-caption alignnone\"><img decoding=\"async\" src=\"https:\/\/konferenztechnik.de\/wp-content\/uploads\/2017\/02\/interpreterboth-iso4043-2016.jpg\" alt=\"\" width=\"850\" height=\"502\" class=\"size-full wp-image-8925\" title=\"\" srcset=\"https:\/\/konferenztechnik.de\/wp-content\/uploads\/2017\/02\/interpreterboth-iso4043-2016.jpg 850w, https:\/\/konferenztechnik.de\/wp-content\/uploads\/2017\/02\/interpreterboth-iso4043-2016-300x177.jpg 300w, https:\/\/konferenztechnik.de\/wp-content\/uploads\/2017\/02\/interpreterboth-iso4043-2016-768x454.jpg 768w\" sizes=\"(max-width: 850px) 100vw, 850px\" \/><figcaption id=\"caption-attachment-8925\" class=\"wp-caption-text\">\u0625\u0636\u0627\u0621\u0629 \u0633\u0642\u0641 LED \u0642\u0627\u0628\u0644\u0629 \u0644\u0644\u062a\u0639\u062a\u064a\u0645<\/figcaption><\/figure>\n<figure id=\"attachment_8924\" aria-describedby=\"caption-attachment-8924\" style=\"width: 850px\" class=\"wp-caption alignnone\"><img decoding=\"async\" src=\"https:\/\/konferenztechnik.de\/wp-content\/uploads\/2017\/02\/co2-monitor-interpreterboth.jpg\" alt=\"\" width=\"850\" height=\"590\" class=\"size-full wp-image-8924\" title=\"\" srcset=\"https:\/\/konferenztechnik.de\/wp-content\/uploads\/2017\/02\/co2-monitor-interpreterboth.jpg 850w, https:\/\/konferenztechnik.de\/wp-content\/uploads\/2017\/02\/co2-monitor-interpreterboth-300x208.jpg 300w, https:\/\/konferenztechnik.de\/wp-content\/uploads\/2017\/02\/co2-monitor-interpreterboth-768x533.jpg 768w\" sizes=\"(max-width: 850px) 100vw, 850px\" \/><figcaption id=\"caption-attachment-8924\" class=\"wp-caption-text\">\u0642\u064a\u0627\u0633 \u062c\u0648\u062f\u0629 \u0627\u0644\u0647\u0648\u0627\u0621 \u0645\u0639 \u0631\u0633\u0627\u0644\u0629 \u062a\u062d\u0630\u064a\u0631<\/figcaption><\/figure>\n<figure id=\"attachment_8928\" aria-describedby=\"caption-attachment-8928\" style=\"width: 850px\" class=\"wp-caption alignnone\"><img loading=\"lazy\" decoding=\"async\" src=\"https:\/\/konferenztechnik.de\/wp-content\/uploads\/2017\/02\/Sprecherkabine-Silent9300MKII.jpg\" alt=\"\" width=\"850\" height=\"590\" class=\"size-full wp-image-8928\" title=\"\" srcset=\"https:\/\/konferenztechnik.de\/wp-content\/uploads\/2017\/02\/Sprecherkabine-Silent9300MKII.jpg 850w, https:\/\/konferenztechnik.de\/wp-content\/uploads\/2017\/02\/Sprecherkabine-Silent9300MKII-300x208.jpg 300w, https:\/\/konferenztechnik.de\/wp-content\/uploads\/2017\/02\/Sprecherkabine-Silent9300MKII-768x533.jpg 768w\" sizes=\"(max-width: 850px) 100vw, 850px\" \/><figcaption id=\"caption-attachment-8928\" class=\"wp-caption-text\">\u0645\u0633\u0627\u062d\u0629 \u0641\u064a \u0627\u0644\u0643\u0648\u062e \"\u0627\u0644\u0623\u0635\u063a\u0631\"\u060c \u0643\u0645\u0627 \u064a\u062b\u0628\u062a \u0645\u062f\u064a\u0631\u0646\u0627 \u0627\u0644\u0625\u062f\u0627\u0631\u064a \u064a\u0648\u0631\u063a \u0628\u064a\u0634\u0643\u0627 \u0627\u0644\u0630\u064a \u064a\u0628\u0644\u063a \u0637\u0648\u0644\u0647 \u0645\u062a\u0631\u064a\u0646<\/figcaption><\/figure>\n<p>[spacer size=\"20\"]<br \/>\n[\u0639\u0644\u0627\u0645\u0627\u062a \u0627\u0644\u062a\u0628\u0648\u064a\u0628 style=\"1\"]<br \/>\n[\u0639\u0646\u0648\u0627\u0646 \u0627\u0644\u062a\u0628\u0648\u064a\u0628=\"\u0645\u0642\u0627\u0644\"]<\/p>\n<h2>\u0645\u0642\u0635\u0648\u0631\u0629 \u0627\u0644\u062a\u0631\u062c\u0645\u0629 \u0627\u0644\u0641\u0648\u0631\u064a\u0629 \u0627\u0644\u0635\u0627\u0645\u062a\u0629 9300MKII<\/h2>\n<p>[\u062d\u062c\u0645 \u0627\u0644\u0639\u0645\u0648\u062f=\"2-5\u2033 \u0622\u062e\u0631=\"0\u2033]<\/p>\n<p><img loading=\"lazy\" decoding=\"async\" width=\"548\" height=\"412\" class=\"alignleft size-full wp-image-8937\" src=\"https:\/\/konferenztechnik.de\/wp-content\/uploads\/2017\/02\/audipack-silent9300mkii.jpg\" alt=\"\u0623\u0648\u062f\u064a\u0628\u0627\u0643 \u0635\u0627\u0645\u062a\u0629 9300 MKII\" title=\"\" srcset=\"https:\/\/konferenztechnik.de\/wp-content\/uploads\/2017\/02\/audipack-silent9300mkii.jpg 548w, https:\/\/konferenztechnik.de\/wp-content\/uploads\/2017\/02\/audipack-silent9300mkii-300x226.jpg 300w\" sizes=\"(max-width: 548px) 100vw, 548px\" \/><\/p>\n<p>[\/\u0627\u0644\u0639\u0645\u0648\u062f]<br \/>\n[\u062d\u062c\u0645 \u0627\u0644\u0639\u0645\u0648\u062f=\"3-5\u2033 \u0622\u062e\u0631=\"1\u2033]<br \/>\n\u0625\u0646 \u0645\u0642\u0635\u0648\u0631\u0629 \u0627\u0644\u062a\u0631\u062c\u0645\u0629 \u0627\u0644\u0641\u0648\u0631\u064a\u0629 9300 (MKII) \u0647\u064a \u0627\u0644\u0645\u0639\u064a\u0627\u0631 \u0627\u0644\u062c\u062f\u064a\u062f \u0644\u0644\u0627\u0633\u062a\u062e\u062f\u0627\u0645 \u0627\u0644\u0645\u062a\u0646\u0642\u0644. \u0647\u0630\u0647 \u0627\u0644\u0645\u0642\u0635\u0648\u0631\u0629 \u0627\u0644\u0641\u0648\u0631\u064a\u0629 \u0627\u0644\u0639\u0627\u0632\u0644\u0629 \u0644\u0644\u0635\u0648\u062a<br \/>\n\u062a\u0641\u064a \u0627\u0644\u0645\u0642\u0635\u0648\u0631\u0629 \u0628\u0627\u0644\u0645\u0639\u064a\u0627\u0631 \u0627\u0644\u062f\u0648\u0644\u064a \u0627\u0644\u062c\u062f\u064a\u062f ISO 4043:2016 \u0648\u064a\u0645\u0643\u0646 \u062a\u062c\u0647\u064a\u0632\u0647\u0627 \u0628\u0639\u062f\u062f \u0645\u0646 \u0627\u0644\u0645\u0632\u0627\u064a\u0627 \u0627\u0644\u062a\u0642\u0646\u064a\u0629 \u0645\u062b\u0644 \u0625\u0636\u0627\u0621\u0629 \u0627\u0644\u0633\u0642\u0641 \u0623\u0648 \u062b\u0627\u0646\u064a \u0623\u0643\u0633\u064a\u062f \u0627\u0644\u0643\u0631\u0628\u0648\u0646<sup style=\"font-size:.7em; line-height:2em;\">2<\/sup>-\u062a\u0642\u0646\u064a\u0629 \u0627\u0644\u0642\u064a\u0627\u0633. \u062a\u062a\u0633\u0639 \u0647\u0630\u0647 \u0627\u0644\u0645\u0642\u0635\u0648\u0631\u0629 \u0644\u0627\u062b\u0646\u064a\u0646 \u0645\u0646 \u0627\u0644\u0645\u062a\u0631\u062c\u0645\u064a\u0646 \u0627\u0644\u0641\u0648\u0631\u064a\u064a\u0646 (\u0628\u0623\u0628\u0639\u0627\u062f \u062f\u0627\u062e\u0644\u064a\u0629 \u062a\u0628\u0644\u063a 1.60 \u00d7 1.60 \u0645\u062a\u0631). \u064a\u0645\u0643\u0646 \u062a\u0648\u0633\u064a\u0639 \u0627\u0644\u0645\u0642\u0635\u0648\u0631\u0629 \u0628\u0633\u0647\u0648\u0644\u0629 \u0628\u0627\u0633\u062a\u062e\u062f\u0627\u0645 \u0623\u062c\u0632\u0627\u0621 \u0625\u0636\u0627\u0641\u064a\u0629 \u0648\u0628\u0627\u0644\u062a\u0627\u0644\u064a \u064a\u0645\u0643\u0646 \u0623\u0646 \u062a\u0633\u062a\u0648\u0639\u0628 \u062d\u062a\u0649 \u0623\u0631\u0628\u0639\u0629 \u0623\u0634\u062e\u0627\u0635. \u062a\u062a\u0645\u064a\u0632 \u0627\u0644\u0645\u0642\u0635\u0648\u0631\u0629 \u0628\u062a\u0635\u0645\u064a\u0645 \u0645\u0639\u064a\u0627\u0631\u064a \u0628\u062d\u064a\u062b \u064a\u0645\u0643\u0646 \u0623\u064a\u0636\u0627\u064b \u0648\u0636\u0639 \u0628\u0627\u0628 \u0627\u0644\u0645\u062f\u062e\u0644 \u0628\u0645\u0631\u0648\u0646\u0629. \u0627\u0644\u0644\u0648\u0646 \u0627\u0644\u0642\u064a\u0627\u0633\u064a \u0644\u0644\u0637\u0644\u0627\u0621 \u0627\u0644\u062e\u0627\u0631\u062c\u064a \u0644\u0644\u0645\u0642\u0635\u0648\u0631\u0629 \u0627\u0644\u0635\u0627\u0645\u062a\u0629 9300 \u0647\u0648 \u0627\u0644\u0644\u0648\u0646 \u0627\u0644\u0631\u0645\u0627\u062f\u064a\u060c \u0648\u0644\u0643\u0646 \u064a\u0645\u0643\u0646 \u0623\u064a\u0636\u0627\u064b \u062a\u0648\u0641\u064a\u0631 \u0645\u0642\u0635\u0648\u0631\u0629 \u0627\u0644\u062a\u0631\u062c\u0645\u0629 \u0627\u0644\u0641\u0648\u0631\u064a\u0629 \u0628\u0623\u0644\u0648\u0627\u0646 \u0623\u062e\u0631\u0649.<br \/>\n[\/\u0627\u0644\u0639\u0645\u0648\u062f]<br \/>\n[\/tab]<br \/>\n[\/tabs]<\/p>\n<h2>\u0627\u0644\u0645\u0644\u062d\u0642\u0627\u062a \u0627\u0644\u0627\u062e\u062a\u064a\u0627\u0631\u064a\u0629<\/h2>\n<p>\u064a\u062a\u0648\u0641\u0631 \u0639\u062f\u062f \u0643\u0628\u064a\u0631 \u0645\u0646 \u0627\u0644\u0645\u0644\u062d\u0642\u0627\u062a \u0627\u0644\u0627\u062e\u062a\u064a\u0627\u0631\u064a\u0629 \u0644\u062c\u0645\u064a\u0639 \u0633\u0644\u0627\u0633\u0644 \u0645\u0642\u0635\u0648\u0631\u0627\u062a Audipack \u0644\u0644\u0645\u062a\u0631\u062c\u0645\u064a\u0646 \u0627\u0644\u0641\u0648\u0631\u064a\u064a\u0646. \u0641\u0642\u0637 \u0627\u0633\u0623\u0644\u0646\u0627\u060c \u0648\u0633\u064a\u0633\u0639\u062f\u0646\u0627 \u062a\u0642\u062f\u064a\u0645 \u0627\u0644\u0645\u0634\u0648\u0631\u0629 \u0644\u0643!<\/p>\n<p>[\u062d\u062c\u0645 \u0627\u0644\u0639\u0645\u0648\u062f=\"1-2\" \u0622\u062e\u0631=\"0\"]<\/p>\n<figure id=\"attachment_8951\" aria-describedby=\"caption-attachment-8951\" style=\"width: 548px\" class=\"wp-caption alignleft\"><img loading=\"lazy\" decoding=\"async\" class=\"size-full wp-image-8951\" src=\"https:\/\/konferenztechnik.de\/wp-content\/uploads\/2017\/02\/audipack-podest-fuer-dolmetscherkabine.jpg\" alt=\"\u0645\u0646\u0635\u0629 Audipack \u0644\u0645\u0642\u0635\u0648\u0631\u0627\u062a \u0627\u0644\u0645\u062a\u0631\u062c\u0645\u064a\u0646 \u0627\u0644\u0641\u0648\u0631\u064a\u064a\u0646\" width=\"548\" height=\"412\" title=\"\" srcset=\"https:\/\/konferenztechnik.de\/wp-content\/uploads\/2017\/02\/audipack-podest-fuer-dolmetscherkabine.jpg 548w, https:\/\/konferenztechnik.de\/wp-content\/uploads\/2017\/02\/audipack-podest-fuer-dolmetscherkabine-300x226.jpg 300w\" sizes=\"(max-width: 548px) 100vw, 548px\" \/><figcaption id=\"caption-attachment-8951\" class=\"wp-caption-text\">\u0642\u0627\u0639\u062f\u0629 \u0627\u0644\u062a\u0645\u062b\u0627\u0644 (\u0627\u0644\u0645\u0631\u062c\u0639: P5660)<\/figcaption><\/figure>\n<p>[\/\u0627\u0644\u0639\u0645\u0648\u062f]<\/p>\n<p>[\u062d\u062c\u0645 \u0627\u0644\u0639\u0645\u0648\u062f=\"1-2\" \u0622\u062e\u0631=\"1\"]<\/p>\n<figure id=\"attachment_8950\" aria-describedby=\"caption-attachment-8950\" style=\"width: 548px\" class=\"wp-caption alignleft\"><img loading=\"lazy\" decoding=\"async\" class=\"size-full wp-image-8950\" src=\"https:\/\/konferenztechnik.de\/wp-content\/uploads\/2017\/02\/audipack-flight-case-fuer-dolmetscherkabine.jpg\" alt=\"\u062d\u0642\u064a\u0628\u0629 \u0637\u064a\u0631\u0627\u0646 Audipack \u0644\u0645\u0642\u0635\u0648\u0631\u0627\u062a \u0627\u0644\u0645\u062a\u0631\u062c\u0645\u064a\u0646 \u0627\u0644\u0641\u0648\u0631\u064a\u064a\u0646\" width=\"548\" height=\"412\" title=\"\" srcset=\"https:\/\/konferenztechnik.de\/wp-content\/uploads\/2017\/02\/audipack-flight-case-fuer-dolmetscherkabine.jpg 548w, https:\/\/konferenztechnik.de\/wp-content\/uploads\/2017\/02\/audipack-flight-case-fuer-dolmetscherkabine-300x226.jpg 300w\" sizes=\"(max-width: 548px) 100vw, 548px\" \/><figcaption id=\"caption-attachment-8950\" class=\"wp-caption-text\">\u062d\u0642\u064a\u0628\u0629 \u0627\u0644\u0637\u064a\u0631\u0627\u0646 (\u0627\u0644\u0645\u0631\u062c\u0639: 15645)<\/figcaption><\/figure>\n<p>[\/\u0627\u0644\u0639\u0645\u0648\u062f]<\/p>\n<p>[\u062d\u062c\u0645 \u0627\u0644\u0639\u0645\u0648\u062f=\"1-2\" \u0622\u062e\u0631=\"0\"]<\/p>\n<figure id=\"attachment_8953\" aria-describedby=\"caption-attachment-8953\" style=\"width: 548px\" class=\"wp-caption alignleft\"><img loading=\"lazy\" decoding=\"async\" class=\"size-full wp-image-8953\" src=\"https:\/\/konferenztechnik.de\/wp-content\/uploads\/2017\/02\/audipack-ventilationssystem-fuer-dolmetscherkabine.jpg\" alt=\"\u0646\u0638\u0627\u0645 \u062a\u0647\u0648\u064a\u0629 Audipack \u0644\u0645\u0642\u0635\u0648\u0631\u0627\u062a \u0627\u0644\u0645\u062a\u0631\u062c\u0645\u064a\u0646 \u0627\u0644\u0641\u0648\u0631\u064a\u064a\u0646\" width=\"548\" height=\"412\" title=\"\" srcset=\"https:\/\/konferenztechnik.de\/wp-content\/uploads\/2017\/02\/audipack-ventilationssystem-fuer-dolmetscherkabine.jpg 548w, https:\/\/konferenztechnik.de\/wp-content\/uploads\/2017\/02\/audipack-ventilationssystem-fuer-dolmetscherkabine-300x226.jpg 300w\" sizes=\"(max-width: 548px) 100vw, 548px\" \/><figcaption id=\"caption-attachment-8953\" class=\"wp-caption-text\">\u0646\u0638\u0627\u0645 \u0627\u0644\u062a\u0647\u0648\u064a\u0629 (\u0627\u0644\u0645\u0631\u062c\u0639 P4250)<\/figcaption><\/figure>\n<p>[\/\u0627\u0644\u0639\u0645\u0648\u062f]<\/p>\n<p>[\u062d\u062c\u0645 \u0627\u0644\u0639\u0645\u0648\u062f=\"1-2\" \u0622\u062e\u0631=\"1\"]<\/p>\n<figure id=\"attachment_8952\" aria-describedby=\"caption-attachment-8952\" style=\"width: 548px\" class=\"wp-caption alignleft\"><img loading=\"lazy\" decoding=\"async\" class=\"size-full wp-image-8952\" src=\"https:\/\/konferenztechnik.de\/wp-content\/uploads\/2017\/02\/audipack-transportwagen-fuer-9300-oder-6300.jpg\" alt=\"\u0639\u0631\u0628\u0629 \u0646\u0642\u0644 Audipack \u0644\u0645\u0642\u0635\u0648\u0631\u0627\u062a \u0627\u0644\u0645\u062a\u0631\u062c\u0645\u064a\u0646 \u0627\u0644\u0641\u0648\u0631\u064a\u064a\u0646\" width=\"548\" height=\"412\" title=\"\" srcset=\"https:\/\/konferenztechnik.de\/wp-content\/uploads\/2017\/02\/audipack-transportwagen-fuer-9300-oder-6300.jpg 548w, https:\/\/konferenztechnik.de\/wp-content\/uploads\/2017\/02\/audipack-transportwagen-fuer-9300-oder-6300-300x226.jpg 300w\" sizes=\"(max-width: 548px) 100vw, 548px\" \/><figcaption id=\"caption-attachment-8952\" class=\"wp-caption-text\">\u0639\u0631\u0628\u0629 \u0646\u0642\u0644 (\u0627\u0644\u0645\u0631\u062c\u0639: P1769)<\/figcaption><\/figure>\n<p>[\/\u0627\u0644\u0639\u0645\u0648\u062f]<\/p>\n<p>\u0633\u062a\u062a\u0648\u0641\u0631 \u0633\u0644\u0633\u0644\u0629 \u0633\u0627\u064a\u0644\u0646\u062a 9300 \u0627\u0644\u062c\u062f\u064a\u062f\u0629 \u0627\u0639\u062a\u0628\u0627\u0631\u064b\u0627 \u0645\u0646 \u0631\u0628\u064a\u0639 2017. \u064a\u0645\u0643\u0646\u0643 \u0637\u0644\u0628\u0647\u0627 \u0645\u0633\u0628\u0642\u0627\u064b \u0645\u0646\u0627 \u0623\u0648 \u0637\u0644\u0628 \u0639\u0631\u0636 \u0623\u0633\u0639\u0627\u0631.<\/p>\n<h2>\u0627\u0644\u062a\u0646\u0632\u064a\u0644\u0627\u062a<\/h2>\n<p><a href=\"https:\/\/konferenztechnik.de\/wp-content\/uploads\/2017\/02\/audipack-silent-9300-dolmetscherkabine-manual.pdf\">[\u0623\u064a\u0642\u0648\u0646\u0629 \u0627\u0644\u062e\u062f\u0645\u0629=\"moon-file-down\" \u0627\u0644\u062d\u062c\u0645=\"25\u2033 \u0627\u0644\u0644\u0648\u0646=\"#a62055\u2033 \u0627\u0644\u0639\u0646\u0648\u0627\u0646=\"\u0643\u062a\u064a\u0628 \u0643\u0634\u0643\u0627\u062a \u0627\u0644\u062a\u0631\u062c\u0645\u0629 \u0627\u0644\u0641\u0648\u0631\u064a\u0629 \u0645\u0646 \u0633\u0644\u0633\u0644\u0629 Audipack Silent Series\"]<\/a><a href=\"https:\/\/konferenztechnik.de\/wp-content\/uploads\/2017\/02\/audipack-silent-9300-dolmetscherkabine-manual.pdf\">\u062a\u0646\u0632\u064a\u0644 \u0643\u062a\u064a\u0628 \u0633\u0644\u0633\u0644\u0629 \u0645\u0642\u0635\u0648\u0631\u0627\u062a \u0627\u0644\u062a\u0631\u062c\u0645\u0629 \u0627\u0644\u0641\u0648\u0631\u064a\u0629 \u0627\u0644\u0635\u0627\u0645\u062a\u0629 Audipack Silent Series<\/a>[\/\u0627\u0644\u062e\u062f\u0645\u0629]<\/p>\n<p><a href=\"https:\/\/konferenztechnik.de\/wp-content\/uploads\/2017\/02\/audipack-silent-9300-dolmetscherkabine-assambling-manual.pdf\">[\u0623\u064a\u0642\u0648\u0646\u0629 \u0627\u0644\u062e\u062f\u0645\u0629=\"moon-file-down\" \u0627\u0644\u062d\u062c\u0645=\"25\u2033 \u0627\u0644\u0644\u0648\u0646=\"#a62055\u2033 \u0627\u0644\u0639\u0646\u0648\u0627\u0646=\"\u062a\u0639\u0644\u064a\u0645\u0627\u062a \u0627\u0644\u062a\u062c\u0645\u064a\u0639 \u0633\u0644\u0633\u0644\u0629 \u0645\u0642\u0635\u0648\u0631\u0627\u062a \u0627\u0644\u062a\u0631\u062c\u0645\u0629 \u0627\u0644\u0641\u0648\u0631\u064a\u0629 Audipack Silent series\"]<\/a><a href=\"https:\/\/konferenztechnik.de\/wp-content\/uploads\/2017\/02\/audipack-silent-9300-dolmetscherkabine-assambling-manual.pdf\">\u062a\u0639\u0644\u064a\u0645\u0627\u062a \u0627\u0644\u062a\u062c\u0645\u064a\u0639 \u0633\u0644\u0633\u0644\u0629 \u0645\u0642\u0635\u0648\u0631\u0627\u062a \u0627\u0644\u062a\u0631\u062c\u0645\u0629 \u0627\u0644\u0641\u0648\u0631\u064a\u0629 \u0627\u0644\u0635\u0627\u0645\u062a\u0629 Audipack Silent Series<\/a>[\/\u0627\u0644\u062e\u062f\u0645\u0629]<\/p>\n<p>[spacer size=\"30\"]<\/p>\n<h2>\u0627\u0644\u0634\u062e\u0635 \u0627\u0644\u0630\u064a \u064a\u0645\u0643\u0646 \u0627\u0644\u0627\u062a\u0635\u0627\u0644 \u0628\u0647<\/h2>\n<p>[\u062d\u062c\u0645 \u0627\u0644\u0639\u0645\u0648\u062f=\"1-3\u2033 \u0622\u062e\u0631=\"1\u2033]<\/p>\n<p>[\u0639\u0644\u0627\u0645\u0627\u062a \u0627\u0644\u062a\u0628\u0648\u064a\u0628 style=\"2\"]<br \/>\n[\u0639\u0646\u0648\u0627\u0646 \u0627\u0644\u062a\u0628\u0648\u064a\u0628=\"\u062a\u0643\u0627\u0645\u0644 \u0627\u0644\u0646\u0638\u0627\u0645\"]<img loading=\"lazy\" decoding=\"async\" width=\"800\" height=\"533\" src=\"https:\/\/konferenztechnik.de\/wp-content\/uploads\/2013\/08\/pcs-gmbh-andreas-bagattini.jpg\" alt=\"\u0634\u0631\u0643\u0629 PCS GmbH \u0623\u0646\u062f\u0631\u064a\u0627\u0633 \u0628\u0627\u062c\u0627\u062a\u064a\u0646\u064a\" class=\"alignleft size-full wp-image-6340\" title=\"\" srcset=\"https:\/\/konferenztechnik.de\/wp-content\/uploads\/2013\/08\/pcs-gmbh-andreas-bagattini.jpg 800w, https:\/\/konferenztechnik.de\/wp-content\/uploads\/2013\/08\/pcs-gmbh-andreas-bagattini-300x200.jpg 300w, https:\/\/konferenztechnik.de\/wp-content\/uploads\/2013\/08\/pcs-gmbh-andreas-bagattini-768x512.jpg 768w\" sizes=\"(max-width: 800px) 100vw, 800px\" \/><br \/>\n\u0623\u0646\u062f\u0631\u064a\u0627\u0633 \u0628\u0627\u062c\u0627\u062a\u064a\u0646\u064a<br \/>\n\u0625\u062f\u0627\u0631\u0629 \u0627\u0644\u0645\u0634\u0627\u0631\u064a\u0639<br \/>\n\u0647\u0627\u062a\u0641 +49 211 737798 737798 21+<br \/>\n\u0627\u0644\u0628\u0631\u064a\u062f \u0627\u0644\u0625\u0644\u0643\u062a\u0631\u0648\u0646\u064a <a href=\"mailto:vertrieb@konferenztechnik.de\" onclick=\"ga('send', 'event', 'Email-Klick', 'Vertrieb Bagattini');\">\u0627\u0643\u062a\u0628<\/a><br \/>\n\u0631\u0645\u0632 \u0627\u0644\u0627\u0633\u062a\u062c\u0627\u0628\u0629 \u0627\u0644\u0633\u0631\u064a\u0639\u0629 <a href=\"https:\/\/konferenztechnik.de\/wp-content\/uploads\/2013\/08\/qrcode-andreas-bagattini.jpeg\">&amp;#X9B\u061b \u0639\u0631\u0636<\/a>[\/tab]<br \/>\n[\/tabs]<br \/>\n[\/\u0627\u0644\u0639\u0645\u0648\u062f]<\/p>","protected":false},"excerpt":{"rendered":"<p>Audipack Silent 9300 \u2013 ISO 4043:2016 Die Dolmetscherkabinen der Audipack Silent 9300 Serie sind die am weitesten verbreiteten Dolmetscherkabinen am Markt. Mit der neuen Silent 9300 MKII hat Audipack auf der ISE 2017 in Amsterdam eine \u00fcberarbeitete Version der Kabinen vorgestellt. Diese entspricht der neuen ISO 4043 Norm f\u00fcr Dolmetschkabinen, die ab sofort g\u00fcltig ist. [&hellip;]<\/p>","protected":false},"author":1,"featured_media":45482,"parent":0,"menu_order":0,"comment_status":"closed","ping_status":"closed","template":"page-right-sidebar.php","meta":{"_acf_changed":false,"footnotes":""},"class_list":["post-8919","page","type-page","status-publish","has-post-thumbnail","hentry"],"acf":[],"_links":{"self":[{"href":"https:\/\/konferenztechnik.de\/ar\/wp-json\/wp\/v2\/pages\/8919","targetHints":{"allow":["GET"]}}],"collection":[{"href":"https:\/\/konferenztechnik.de\/ar\/wp-json\/wp\/v2\/pages"}],"about":[{"href":"https:\/\/konferenztechnik.de\/ar\/wp-json\/wp\/v2\/types\/page"}],"author":[{"embeddable":true,"href":"https:\/\/konferenztechnik.de\/ar\/wp-json\/wp\/v2\/users\/1"}],"replies":[{"embeddable":true,"href":"https:\/\/konferenztechnik.de\/ar\/wp-json\/wp\/v2\/comments?post=8919"}],"version-history":[{"count":0,"href":"https:\/\/konferenztechnik.de\/ar\/wp-json\/wp\/v2\/pages\/8919\/revisions"}],"wp:featuredmedia":[{"embeddable":true,"href":"https:\/\/konferenztechnik.de\/ar\/wp-json\/wp\/v2\/media\/45482"}],"wp:attachment":[{"href":"https:\/\/konferenztechnik.de\/ar\/wp-json\/wp\/v2\/media?parent=8919"}],"curies":[{"name":"\u062f\u0628\u0644\u064a\u0648 \u0628\u064a","href":"https:\/\/api.w.org\/{rel}","templated":true}]}}