{"id":1226,"date":"2013-08-23T10:56:17","date_gmt":"2013-08-23T08:56:17","guid":{"rendered":"https:\/\/pcs-miete.de\/?page_id=1226"},"modified":"2023-07-05T15:00:54","modified_gmt":"2023-07-05T13:00:54","slug":"lift-systems","status":"publish","type":"page","link":"https:\/\/konferenztechnik.de\/en\/distribution-conference-and-av-media-technology\/video-technology-2\/lift-systems\/","title":{"rendered":"Lifts for beamers and displays"},"content":{"rendered":"<h1>Lift systems for beamers and displays<\/h1>\n<p>Move your display or touchscreen into position \u2013 quickly, quietly and flexibly at the touch of a button. PCS offers you a variety of lift systems: scissor lifts, hoist lifts and pull lifts. Your video, presentation or images are always visible at the right time at the desired location.<\/p>\n<p>Hidden in walls, floors, ceilings or in furniture, flat screens, monitors or beamers only become visible when they are needed.<\/p>\n<p>We offer individual solutions, perfectly adapted to your needs and premises. Universal interfaces in lifts and brackets allow the mounting of devices of almost all manufacturers, types and sizes.<\/p>\n<p><img fetchpriority=\"high\" decoding=\"async\" class=\"size-full wp-image-1368\" src=\"https:\/\/konferenztechnik.de\/wp-content\/uploads\/2013\/08\/03-beamer-wandsysteme.jpg\" alt=\"Wall systems\" width=\"288\" height=\"198\" title=\"\"> Wall systems<\/p>\n<p><img decoding=\"async\" class=\"size-full wp-image-1369\" src=\"https:\/\/konferenztechnik.de\/wp-content\/uploads\/2013\/08\/04-beamer-einbaulifte.jpg\" alt=\"Installation lifts\" width=\"288\" height=\"198\" title=\"\"> Installation lifts<\/p>\n<p><img decoding=\"async\" class=\"size-full wp-image-1367\" src=\"https:\/\/konferenztechnik.de\/wp-content\/uploads\/2013\/08\/02-beamer-deckenlifte.jpg\" alt=\"Ceiling lifts\" width=\"288\" height=\"198\" title=\"\"> Ceiling lifts<\/p>\n<p>The size of the room does not matter. Applications can be found in training and meeting rooms, lecture halls, schools, hotel conference floors and in the smart home \u2013 as a standalone system or integrated into your media control.<\/p>\n<p>Simply arrange an individual consultation with our specialists.<\/p>","protected":false},"excerpt":{"rendered":"<p>Liftsysteme f\u00fcr Beamer und Displays Bringen Sie Ihr Display oder Ihren Touchscreen mit nur einem Knopfdruck in Position &#8211; schnell, leise und flexibel. Bei PCS stehen Ihnen unterschiedlichen Liftsysteme zur Verf\u00fcgung: Scherenliften, Hublifte und Zuglifte. Ihr Video, Ihre Pr\u00e4sentation oder Ihre Bilder sind somit immer zum richtigen Zeitpunkt gut sichtbar am gew\u00fcnschten Ort. Verborgen in [&hellip;]<\/p>","protected":false},"author":1,"featured_media":45482,"parent":1138,"menu_order":227,"comment_status":"closed","ping_status":"open","template":"","meta":{"_acf_changed":false,"footnotes":""},"class_list":["post-1226","page","type-page","status-publish","has-post-thumbnail","hentry"],"acf":[],"_links":{"self":[{"href":"https:\/\/konferenztechnik.de\/en\/wp-json\/wp\/v2\/pages\/1226","targetHints":{"allow":["GET"]}}],"collection":[{"href":"https:\/\/konferenztechnik.de\/en\/wp-json\/wp\/v2\/pages"}],"about":[{"href":"https:\/\/konferenztechnik.de\/en\/wp-json\/wp\/v2\/types\/page"}],"author":[{"embeddable":true,"href":"https:\/\/konferenztechnik.de\/en\/wp-json\/wp\/v2\/users\/1"}],"replies":[{"embeddable":true,"href":"https:\/\/konferenztechnik.de\/en\/wp-json\/wp\/v2\/comments?post=1226"}],"version-history":[{"count":0,"href":"https:\/\/konferenztechnik.de\/en\/wp-json\/wp\/v2\/pages\/1226\/revisions"}],"up":[{"embeddable":true,"href":"https:\/\/konferenztechnik.de\/en\/wp-json\/wp\/v2\/pages\/1138"}],"wp:featuredmedia":[{"embeddable":true,"href":"https:\/\/konferenztechnik.de\/en\/wp-json\/wp\/v2\/media\/45482"}],"wp:attachment":[{"href":"https:\/\/konferenztechnik.de\/en\/wp-json\/wp\/v2\/media?parent=1226"}],"curies":[{"name":"wp","href":"https:\/\/api.w.org\/{rel}","templated":true}]}}