{"id":1230,"date":"2013-08-23T11:04:32","date_gmt":"2013-08-23T09:04:32","guid":{"rendered":"https:\/\/pcs-miete.de\/?page_id=1230"},"modified":"2023-07-05T14:31:24","modified_gmt":"2023-07-05T12:31:24","slug":"housing","status":"publish","type":"page","link":"https:\/\/konferenztechnik.de\/en\/distribution-conference-and-av-media-technology\/video-technology-2\/housing\/","title":{"rendered":"Housing"},"content":{"rendered":"<h1>Housing<\/h1>\n<h2>Anti-theft housing for projector<\/h2>\n<p><a href=\"https:\/\/konferenztechnik.de\/wp-content\/uploads\/2013\/08\/Audipack_GehaeuseAntidiebstahl.jpg\"><img fetchpriority=\"high\" decoding=\"async\" width=\"792\" height=\"594\" class=\"alignleft size-full wp-image-2428\" src=\"https:\/\/konferenztechnik.de\/wp-content\/uploads\/2013\/08\/Audipack_GehaeuseAntidiebstahl.jpg\" alt=\"Theft inhibiting housing for projector\" title=\"\" srcset=\"https:\/\/konferenztechnik.de\/wp-content\/uploads\/2013\/08\/Audipack_GehaeuseAntidiebstahl.jpg 792w, https:\/\/konferenztechnik.de\/wp-content\/uploads\/2013\/08\/Audipack_GehaeuseAntidiebstahl-300x225.jpg 300w, https:\/\/konferenztechnik.de\/wp-content\/uploads\/2013\/08\/Audipack_GehaeuseAntidiebstahl-768x576.jpg 768w\" sizes=\"(max-width: 792px) 100vw, 792px\" \/><\/a><\/p>\n<p>Anti-theft housing for projectors in open metal structure for indoor and outdoor use. The front of the housing is open and is secured by two anti-theft bars. The rods can be positioned differently to ensure that the projector lens always remains free, depending on the manufacturer. There are also different housing sizes available. The housing is available in gray or white. Other colors are available on request. It is possible to equip the housing with an alarm system.<\/p>\n<h2>Tablet Case TC-IPAD for iPad 1, 2, 3 and 4<\/h2>\n<p><a href=\"https:\/\/konferenztechnik.de\/wp-content\/uploads\/2014\/02\/audipack-ipad-tablet-housing.jpg\"><img decoding=\"async\" width=\"450\" height=\"311\" class=\"alignleft size-full wp-image-4263\" src=\"https:\/\/konferenztechnik.de\/wp-content\/uploads\/2014\/02\/audipack-ipad-tablet-housing.jpg\" alt=\"iPad Tablet Housing\" title=\"\" srcset=\"https:\/\/konferenztechnik.de\/wp-content\/uploads\/2014\/02\/audipack-ipad-tablet-housing.jpg 450w, https:\/\/konferenztechnik.de\/wp-content\/uploads\/2014\/02\/audipack-ipad-tablet-housing-300x207.jpg 300w\" sizes=\"(max-width: 450px) 100vw, 450px\" \/><\/a><\/p>\n<p>The TC-iPad Case, elegantly protects your iPad when it is to be installed or displayed in public places.<br \/>\nThe iPad can be quickly secured in the case and is thus effectively protected against theft. Due to the smart keylock system, no keyholes or screws are visible to the outside. The TC-Case can be used either for wall mounting or in combination with an optionally available stand as a floor stand.<\/p>\n<h2>Audipack Silencer<\/h2>\n<p><a href=\"https:\/\/konferenztechnik.de\/wp-content\/uploads\/2013\/08\/Audipack_Silencer.jpg\"><img decoding=\"async\" width=\"792\" height=\"592\" class=\"alignleft size-full wp-image-2430\" src=\"https:\/\/konferenztechnik.de\/wp-content\/uploads\/2013\/08\/Audipack_Silencer.jpg\" alt=\"Audipack Silencer\" title=\"\" srcset=\"https:\/\/konferenztechnik.de\/wp-content\/uploads\/2013\/08\/Audipack_Silencer.jpg 792w, https:\/\/konferenztechnik.de\/wp-content\/uploads\/2013\/08\/Audipack_Silencer-300x224.jpg 300w, https:\/\/konferenztechnik.de\/wp-content\/uploads\/2013\/08\/Audipack_Silencer-768x574.jpg 768w\" sizes=\"(max-width: 792px) 100vw, 792px\" \/><\/a><\/p>\n<p>Silencers are used to attenuate the operating noise of projectors (e.g. in theaters, museums or opera houses). The Audipack Silencer attenuates the noise with approx. 16 \u2013 20 dBA. The Silencer comes standard with two fans and a projection window in front of the lens. An additional projector mount is not required. The standard dimensions of the housing are approximately 978 mm x 470 mm x 1,054 mm, but special designs can be supplied. The housing is suitable for indoor use only. Standard colors are black, white or gray, special colors are of course possible.<\/p>\n<h2>Screen frame<\/h2>\n<p><a href=\"https:\/\/konferenztechnik.de\/wp-content\/uploads\/2013\/08\/Audipack_PanelRahmen.jpg\"><img loading=\"lazy\" decoding=\"async\" width=\"792\" height=\"594\" class=\"alignleft size-full wp-image-2429\" src=\"https:\/\/konferenztechnik.de\/wp-content\/uploads\/2013\/08\/Audipack_PanelRahmen.jpg\" alt=\"Audipack display frame\" title=\"\" srcset=\"https:\/\/konferenztechnik.de\/wp-content\/uploads\/2013\/08\/Audipack_PanelRahmen.jpg 792w, https:\/\/konferenztechnik.de\/wp-content\/uploads\/2013\/08\/Audipack_PanelRahmen-300x225.jpg 300w, https:\/\/konferenztechnik.de\/wp-content\/uploads\/2013\/08\/Audipack_PanelRahmen-768x576.jpg 768w\" sizes=\"(max-width: 792px) 100vw, 792px\" \/><\/a><\/p>\n<p>Audipack display frames are made for indoor DOOH applications. The display is mounted in the frame and thus gets an attractive appearance, is protected from damage and secured against theft. The display frame has a noble design and is offered in red, white, blue and black as standard. It is also possible to print logos on it. The frame is suitable for installation on the wall and ceiling or can be mounted on a floor stand.<\/p>\n<h2>Audipack Eye-Point Info Systems<\/h2>\n<p><a href=\"https:\/\/konferenztechnik.de\/wp-content\/uploads\/2013\/08\/Audipack_EyePoint.jpg\"><img loading=\"lazy\" decoding=\"async\" width=\"792\" height=\"594\" class=\"alignleft size-full wp-image-2427\" src=\"https:\/\/konferenztechnik.de\/wp-content\/uploads\/2013\/08\/Audipack_EyePoint.jpg\" alt=\"Audipack Eye-Point Info Systems\" title=\"\" srcset=\"https:\/\/konferenztechnik.de\/wp-content\/uploads\/2013\/08\/Audipack_EyePoint.jpg 792w, https:\/\/konferenztechnik.de\/wp-content\/uploads\/2013\/08\/Audipack_EyePoint-300x225.jpg 300w, https:\/\/konferenztechnik.de\/wp-content\/uploads\/2013\/08\/Audipack_EyePoint-768x576.jpg 768w\" sizes=\"(max-width: 792px) 100vw, 792px\" \/><\/a><\/p>\n<p>The Eye-Point is a mobile stand that acts as a housing for flat panel displays. The Eye-Point is a very flexible way to display mobile presentations. It is also ideal as a signpost and\/or guidance system for hotels and conference venues. The Eye-Point acts as an eye-catcher and can be easily integrated into any environment. The flat screen is hidden in the housing and is protected at the same time. The Eye-Point is currently available for screen sizes from 102 to 165 centimeters (40 to 65 inches), in both landscape and portrait formats. It can be selected from a wide range of modern colors and materials. All models feature integrated L&amp;S 5 swivel arm for flat screens as standard, and have plenty of space for installing PCs and other equipment. Due to the universal L&amp;S 5 mounting system, displays of almost all manufacturers and types can be installed in the Eye-Point.<\/p>\n<p>PCS GmbH is the official German distributor of Audipack. With us you get competent advice and fast delivery times.<\/p>\n<p><img loading=\"lazy\" decoding=\"async\" class=\"alignright size-full wp-image-5489\" src=\"https:\/\/konferenztechnik.de\/wp-content\/uploads\/2013\/09\/PCS-GmbH-Audipack-authorized-dealer-small.jpg\" alt=\"PCS GmbH is Audipack authorized dealer\" width=\"200\" height=\"81\" title=\"\"><\/p>","protected":false},"excerpt":{"rendered":"<p>Housing Diebstahl hemmende Geh\u00e4use f\u00fcr Beamer Anti-Diebstahlgeh\u00e4use f\u00fcr Projektoren in offener Metallstruktur f\u00fcr innen und au\u00dfen. Die Vorderseite des Geh\u00e4uses ist offen und wird durch zwei Anti-Diebstahl-St\u00e4be gesichert. Die St\u00e4be k\u00f6nnen verschieden positioniert werden, damit die Projektorlinse je nach Hersteller immer frei bleibt. Es sind au\u00dferdem verschiedene Geh\u00e4usegr\u00f6\u00dfen erh\u00e4ltlich. Das Geh\u00e4use ist in grau oder [&hellip;]<\/p>","protected":false},"author":1,"featured_media":45482,"parent":1138,"menu_order":226,"comment_status":"closed","ping_status":"open","template":"","meta":{"_acf_changed":false,"footnotes":""},"class_list":["post-1230","page","type-page","status-publish","has-post-thumbnail","hentry"],"acf":[],"_links":{"self":[{"href":"https:\/\/konferenztechnik.de\/en\/wp-json\/wp\/v2\/pages\/1230","targetHints":{"allow":["GET"]}}],"collection":[{"href":"https:\/\/konferenztechnik.de\/en\/wp-json\/wp\/v2\/pages"}],"about":[{"href":"https:\/\/konferenztechnik.de\/en\/wp-json\/wp\/v2\/types\/page"}],"author":[{"embeddable":true,"href":"https:\/\/konferenztechnik.de\/en\/wp-json\/wp\/v2\/users\/1"}],"replies":[{"embeddable":true,"href":"https:\/\/konferenztechnik.de\/en\/wp-json\/wp\/v2\/comments?post=1230"}],"version-history":[{"count":0,"href":"https:\/\/konferenztechnik.de\/en\/wp-json\/wp\/v2\/pages\/1230\/revisions"}],"up":[{"embeddable":true,"href":"https:\/\/konferenztechnik.de\/en\/wp-json\/wp\/v2\/pages\/1138"}],"wp:featuredmedia":[{"embeddable":true,"href":"https:\/\/konferenztechnik.de\/en\/wp-json\/wp\/v2\/media\/45482"}],"wp:attachment":[{"href":"https:\/\/konferenztechnik.de\/en\/wp-json\/wp\/v2\/media?parent=1230"}],"curies":[{"name":"wp","href":"https:\/\/api.w.org\/{rel}","templated":true}]}}