{"id":12864,"date":"2018-02-22T14:13:05","date_gmt":"2018-02-22T13:13:05","guid":{"rendered":"https:\/\/www.konferenztechnik.de\/?page_id=12864"},"modified":"2024-12-20T17:54:10","modified_gmt":"2024-12-20T16:54:10","slug":"references","status":"publish","type":"page","link":"https:\/\/konferenztechnik.de\/en\/references\/","title":{"rendered":"credentials"},"content":{"rendered":"<div data-elementor-type=\"wp-page\" data-elementor-id=\"12864\" class=\"elementor elementor-12864\" data-elementor-post-type=\"page\">\n\t\t\t\t<div data-particle_enable=\"false\" data-particle-mobile-disabled=\"false\" class=\"elementor-element elementor-element-6b54d28 e-flex e-con-boxed e-con e-parent\" data-id=\"6b54d28\" data-element_type=\"container\">\n\t\t\t\t\t<div class=\"e-con-inner\">\n\t\t<div data-particle_enable=\"false\" data-particle-mobile-disabled=\"false\" class=\"elementor-element elementor-element-750c93c e-flex e-con-boxed e-con e-child\" data-id=\"750c93c\" data-element_type=\"container\">\n\t\t\t\t\t<div class=\"e-con-inner\">\n\t\t\t\t<div class=\"elementor-element elementor-element-00d6b1e elementor-widget elementor-widget-heading\" data-id=\"00d6b1e\" data-element_type=\"widget\" data-widget_type=\"heading.default\">\n\t\t\t\t<div class=\"elementor-widget-container\">\n\t\t\t\t\t<h1 class=\"elementor-heading-title elementor-size-default\">credentials<\/h1>\t\t\t\t<\/div>\n\t\t\t\t<\/div>\n\t\t\t\t\t<\/div>\n\t\t\t\t<\/div>\n\t\t<div data-particle_enable=\"false\" data-particle-mobile-disabled=\"false\" class=\"elementor-element elementor-element-29ebfdd e-flex e-con-boxed e-con e-child\" data-id=\"29ebfdd\" data-element_type=\"container\">\n\t\t\t\t\t<div class=\"e-con-inner\">\n\t\t<div data-particle_enable=\"false\" data-particle-mobile-disabled=\"false\" class=\"elementor-element elementor-element-e02e7e1 e-flex e-con-boxed e-con e-child\" data-id=\"e02e7e1\" data-element_type=\"container\">\n\t\t\t\t\t<div class=\"e-con-inner\">\n\t\t<div data-particle_enable=\"false\" data-particle-mobile-disabled=\"false\" class=\"elementor-element elementor-element-6effb54 e-con-full e-flex e-con e-child\" data-id=\"6effb54\" data-element_type=\"container\" data-settings=\"{&quot;background_background&quot;:&quot;classic&quot;}\">\n\t\t\t\t<div class=\"elementor-element elementor-element-1de0fb2 elementor-widget elementor-widget-heading\" data-id=\"1de0fb2\" data-element_type=\"widget\" data-widget_type=\"heading.default\">\n\t\t\t\t<div class=\"elementor-widget-container\">\n\t\t\t\t\t<h2 class=\"elementor-heading-title elementor-size-default\">Installation and sale<\/h2>\t\t\t\t<\/div>\n\t\t\t\t<\/div>\n\t\t\t\t<div class=\"elementor-element elementor-element-857935e elementor-widget elementor-widget-text-editor\" data-id=\"857935e\" data-element_type=\"widget\" data-widget_type=\"text-editor.default\">\n\t\t\t\t<div class=\"elementor-widget-container\">\n\t\t\t\t\t\t\t\t\t<ul><li>1. FC Union Berlin e.V.<\/li><li>Adolf W\u00fcrth GmbH &amp; Co. KG Corporate Headquarters K\u00fcnzelsau<\/li><li>Answers GmbH \u2013 Berlin<\/li><li>August Storck KG Berlin<\/li><li>A\u00dcW Allg\u00e4uer \u00dcberlandwerk GmbH Kempten<\/li><li>Ardex GmbH \u2013 Witten<\/li><li>Berlin Cathedral Berlin<\/li><li>Beuth University of Applied Sciences Berlin<\/li><li>Embassy of the United States Berlin<\/li><li>Federal Ministry of Labor and Social Affairs Berlin<\/li><li>Federal Council Berlin<\/li><li>CBC Cologne Broadcasting Center GmbH Cologne<\/li><li>CCH Congress Center Hamburg<\/li><li>CCD Congress Center D\u00fcsseldorf Messe D\u00fcsseldorf<\/li><li>DEGES Deutsche Einheit Fernstra\u00dfenplanungs- und -bau GmbH Berlin<\/li><li>Deutsche Apotheker- und \u00c4rztebank Head Office D\u00fcsseldorf<\/li><li>Deutsche Bank AG Headquarters Frankfurt\/Main<\/li><li>Deutschlandradio Berlin<\/li><li>Ecolab Germany Monheim<\/li><li>European Academy Berlin<\/li><li>Fritz Thyssen Foundation \u2013 German Historical Institute Moscow<\/li><li>Fritz Thyssen Foundation \u2013 House of Fritz Thyssen Foundation \u2013 Cologne<\/li><li>GEA Refrigeration Germany GmbH \u2013 Berlin<\/li><li>Municipality of Burbach<\/li><li>Municipality of Dossenheim<\/li><li>Gerda Henkel Foundation D\u00fcsseldorf<\/li><li>GSK Stockmann &amp; Kollegen Law Firm Location Berlin<\/li><li>Hostel Cologne \u2013 Cologne<\/li><li>Ibero-American Institute Berlin<\/li><li>Istituto Italiano di Cultura (Italian Cultural Institute) Berlin<\/li><li>KfW Bank Berlin location<\/li><li>Komatsu Mining Germany GmbH D\u00fcsseldorf<\/li><li>District Savings Bank Heilbronn<\/li><li>Berlin State Office for Health and Social Affairs (LAGeSo)<\/li><li>District of Oder-Spree<\/li><li>District of Stendal<\/li><li>North Rhine-Westphalia State Parliament<\/li><li>MAN Truck &amp; Bus Deutschland GmbH Berlin<\/li><li>Museum for Communication Berlin<\/li><li>Museum Art Palace D\u00fcsseldorf<\/li><li>Normfest GmbH Velbert<\/li><li>Town Hall Alt Landsberg Brandenburg<\/li><li>Town Hall Falkensee Falkensee<\/li><li>Rauch M\u00f6belwerke GmbH Freudenberg<\/li><li>Robert Schumann Hall D\u00fcsseldorf<\/li><li>Secretariat of the Conference of Ministers of Education in Berlin<\/li><li>Senate Department for Labor, Integration and Women Berlin<\/li><li>Senate Department for Economics, Technology and Research Berlin<\/li><li>City of Mettmann<\/li><li>Vodafone Services Group GmbH \u2013 Ratingen<\/li><li>Weiss-Druck GmbH &amp; Co. KG \u2013 Monschau<\/li><li>WILO AG Dortmund<\/li><li>ZDF Mainz<\/li><li style=\"font-size: 17.6px;\">and many more...<\/li><\/ul>\t\t\t\t\t\t\t\t<\/div>\n\t\t\t\t<\/div>\n\t\t\t\t<\/div>\n\t\t<div data-particle_enable=\"false\" data-particle-mobile-disabled=\"false\" class=\"elementor-element elementor-element-f18b78d e-con-full e-flex e-con e-child\" data-id=\"f18b78d\" data-element_type=\"container\" data-settings=\"{&quot;background_background&quot;:&quot;classic&quot;}\">\n\t\t\t\t<div class=\"elementor-element elementor-element-0e8cbef elementor-widget elementor-widget-heading\" data-id=\"0e8cbef\" data-element_type=\"widget\" data-widget_type=\"heading.default\">\n\t\t\t\t<div class=\"elementor-widget-container\">\n\t\t\t\t\t<h2 class=\"elementor-heading-title elementor-size-default\">Conferences and events<\/h2>\t\t\t\t<\/div>\n\t\t\t\t<\/div>\n\t\t\t\t<div class=\"elementor-element elementor-element-eac4742 elementor-widget elementor-widget-text-editor\" data-id=\"eac4742\" data-element_type=\"widget\" data-widget_type=\"text-editor.default\">\n\t\t\t\t<div class=\"elementor-widget-container\">\n\t\t\t\t\t\t\t\t\t<ul>\n<li>ABB AG<\/li>\n<li>Abbott GmbH &amp; Co. KG<\/li>\n<li>W\u00fcrth Group<\/li>\n<li>BMW Group<\/li>\n<li>B\u00f6rsenverein des deutschen Buchhandels e.V.<\/li>\n<li>Bosch Rexroth AG<\/li>\n<li>USA embassy<\/li>\n<li>BP Oil Marketing<\/li>\n<li>BPW \u2013 Bergische Achsen<\/li>\n<li>Brahms AG<\/li>\n<li>B. Braun Melsungen AG<\/li>\n<li>Federal Association of Interpreters and Translators (BD\u00dc)<\/li>\n<li>Federal Constitutional Court<\/li>\n<li>Daimler AG<\/li>\n<li>Deichmann<\/li>\n<li>DFB \u2013 German Football Association e.V.<\/li>\n<li>Dieter Schwarz Foundation Nonprofit Ltd.<\/li>\n<li>FIFA \u2013 F\u00e9d\u00e9ration Internationale de Football Association<\/li>\n<li>Fritz Thyssen Foundation<\/li>\n<li>Fujifilm<\/li>\n<li>DMG Mori Seiki AG<\/li>\n<li>Drees &amp; Sommer AG<\/li>\n<li>Ecolab Germany GmbH<\/li>\n<li>Ford Werke AG<\/li>\n<li>Free University of Berlin<\/li>\n<li>EASA \u2013 European Aviation Security Agency<\/li>\n<li>GETRAG International GmbH<\/li>\n<li>Chamber of Crafts D\u00fcsseldorf<\/li>\n<li>HeidelbergCement AG<\/li>\n<li>Henry Schein Dental Germany GmbH<\/li>\n<li>Lower Rhine University<\/li>\n<li>Hochtief AG<\/li>\n<li>ICG \u2013 Innovation Congress Ltd.<\/li>\n<li>D\u00fcsseldorf Chamber of Commerce and Industry<\/li>\n<li>Kl\u00f6ckner AG<\/li>\n<li>KPMG<\/li>\n<li>State Parliament NRW<\/li>\n<li>Lidl Service GmbH &amp; Co. KG<\/li>\n<li>LKA D\u00fcsseldorf<\/li>\n<li>LR Health &amp; Beauty Systems GmbH<\/li>\n<li>Lufthansa Cargo AG<\/li>\n<li>Ravensbr\u00fcck Memorial and Remembrance Center<\/li>\n<li>Metro AG<\/li>\n<li>Nachi Europe GmbH<\/li>\n<li>REWE Central AG<\/li>\n<li>Rheinzink GmbH &amp; Co.KG<\/li>\n<li>Sachtleben Chemie GmbH<\/li>\n<li>Santander Bank<\/li>\n<li>SCC EVENTS Ltd.<\/li>\n<li>Sony Europe<\/li>\n<li>Sterling Fluid<\/li>\n<li>Targobank<\/li>\n<li>Telef\u00f3nica Deutschland Holding AG<\/li>\n<li>TEREX<\/li>\n<li>ThyssenKrupp AG<\/li>\n<li>Unilever Germany Holding GmbH<\/li>\n<li>Heidelberg University<\/li>\n<li>Vaillant GmbH<\/li>\n<li>German Cement Works Association<\/li>\n<li>VISTEON Germany GmbH<\/li>\n<li>WINGAS GmbH<\/li><li>and many more...<\/li>\n<\/ul>\t\t\t\t\t\t\t\t<\/div>\n\t\t\t\t<\/div>\n\t\t\t\t<\/div>\n\t\t\t\t\t<\/div>\n\t\t\t\t<\/div>\n\t\t\t\t\t<\/div>\n\t\t\t\t<\/div>\n\t\t\t\t\t<\/div>\n\t\t\t\t<\/div>\n\t\t<div data-particle_enable=\"false\" data-particle-mobile-disabled=\"false\" class=\"elementor-element elementor-element-90c64e1 e-flex e-con-boxed e-con e-parent\" data-id=\"90c64e1\" data-element_type=\"container\">\n\t\t\t\t\t<div class=\"e-con-inner\">\n\t\t\t\t<div class=\"elementor-element elementor-element-3d32499 elementor-widget elementor-widget-shortcode\" data-id=\"3d32499\" data-element_type=\"widget\" data-widget_type=\"shortcode.default\">\n\t\t\t\t<div class=\"elementor-widget-container\">\n\t\t\t\t\t\t\t<div class=\"elementor-shortcode\">\t\t<div data-elementor-type=\"container\" data-elementor-id=\"29227\" class=\"elementor elementor-29227\" data-elementor-post-type=\"elementor_library\">\n\t\t\t\t<div data-particle_enable=\"false\" data-particle-mobile-disabled=\"false\" class=\"elementor-element elementor-element-1149edd e-flex e-con-boxed e-con e-parent\" data-id=\"1149edd\" data-element_type=\"container\">\n\t\t\t\t\t<div class=\"e-con-inner\">\n\t\t\t\t<div class=\"elementor-element elementor-element-637047c7 elementor-icon-list--layout-traditional elementor-list-item-link-full_width elementor-widget elementor-widget-icon-list\" data-id=\"637047c7\" data-element_type=\"widget\" data-widget_type=\"icon-list.default\">\n\t\t\t\t<div class=\"elementor-widget-container\">\n\t\t\t\t\t\t\t<ul class=\"elementor-icon-list-items\">\n\t\t\t\t\t\t\t<li class=\"elementor-icon-list-item\">\n\t\t\t\t\t\t\t\t\t\t\t<a href=\"\/en\/jobs\/\">\n\n\t\t\t\t\t\t\t\t\t\t\t\t<span class=\"elementor-icon-list-icon\">\n\t\t\t\t\t\t\t<svg aria-hidden=\"true\" class=\"e-font-icon-svg e-fas-chevron-right\" viewbox=\"0 0 320 512\" xmlns=\"http:\/\/www.w3.org\/2000\/svg\"><path d=\"M285.476 272.971L91.132 467.314c-9.373 9.373-24.569 9.373-33.941 0l-22.667-22.667c-9.357-9.357-9.375-24.522-.04-33.901L188.505 256 34.484 101.255c-9.335-9.379-9.317-24.544.04-33.901l22.667-22.667c9.373-9.373 24.569-9.373 33.941 0L285.475 239.03c9.373 9.372 9.373 24.568.001 33.941z\"><\/path><\/svg>\t\t\t\t\t\t<\/span>\n\t\t\t\t\t\t\t\t\t\t<span class=\"elementor-icon-list-text\">Jobs<\/span>\n\t\t\t\t\t\t\t\t\t\t\t<\/a>\n\t\t\t\t\t\t\t\t\t<\/li>\n\t\t\t\t\t\t\t\t<li class=\"elementor-icon-list-item\">\n\t\t\t\t\t\t\t\t\t\t\t<a href=\"\/en\/trainings\/\">\n\n\t\t\t\t\t\t\t\t\t\t\t\t<span class=\"elementor-icon-list-icon\">\n\t\t\t\t\t\t\t<svg aria-hidden=\"true\" class=\"e-font-icon-svg e-fas-chevron-right\" viewbox=\"0 0 320 512\" xmlns=\"http:\/\/www.w3.org\/2000\/svg\"><path d=\"M285.476 272.971L91.132 467.314c-9.373 9.373-24.569 9.373-33.941 0l-22.667-22.667c-9.357-9.357-9.375-24.522-.04-33.901L188.505 256 34.484 101.255c-9.335-9.379-9.317-24.544.04-33.901l22.667-22.667c9.373-9.373 24.569-9.373 33.941 0L285.475 239.03c9.373 9.372 9.373 24.568.001 33.941z\"><\/path><\/svg>\t\t\t\t\t\t<\/span>\n\t\t\t\t\t\t\t\t\t\t<span class=\"elementor-icon-list-text\">Training<\/span>\n\t\t\t\t\t\t\t\t\t\t\t<\/a>\n\t\t\t\t\t\t\t\t\t<\/li>\n\t\t\t\t\t\t\t\t<li class=\"elementor-icon-list-item\">\n\t\t\t\t\t\t\t\t\t\t\t<a href=\"\/en\/thatwe\/\">\n\n\t\t\t\t\t\t\t\t\t\t\t\t<span class=\"elementor-icon-list-icon\">\n\t\t\t\t\t\t\t<svg aria-hidden=\"true\" class=\"e-font-icon-svg e-fas-chevron-right\" viewbox=\"0 0 320 512\" xmlns=\"http:\/\/www.w3.org\/2000\/svg\"><path d=\"M285.476 272.971L91.132 467.314c-9.373 9.373-24.569 9.373-33.941 0l-22.667-22.667c-9.357-9.357-9.375-24.522-.04-33.901L188.505 256 34.484 101.255c-9.335-9.379-9.317-24.544.04-33.901l22.667-22.667c9.373-9.373 24.569-9.373 33.941 0L285.475 239.03c9.373 9.372 9.373 24.568.001 33.941z\"><\/path><\/svg>\t\t\t\t\t\t<\/span>\n\t\t\t\t\t\t\t\t\t\t<span class=\"elementor-icon-list-text\">About us<\/span>\n\t\t\t\t\t\t\t\t\t\t\t<\/a>\n\t\t\t\t\t\t\t\t\t<\/li>\n\t\t\t\t\t\t\t\t<li class=\"elementor-icon-list-item\">\n\t\t\t\t\t\t\t\t\t\t\t<a href=\"\/en\/company-profile\/\">\n\n\t\t\t\t\t\t\t\t\t\t\t\t<span class=\"elementor-icon-list-icon\">\n\t\t\t\t\t\t\t<svg aria-hidden=\"true\" class=\"e-font-icon-svg e-fas-chevron-right\" viewbox=\"0 0 320 512\" xmlns=\"http:\/\/www.w3.org\/2000\/svg\"><path d=\"M285.476 272.971L91.132 467.314c-9.373 9.373-24.569 9.373-33.941 0l-22.667-22.667c-9.357-9.357-9.375-24.522-.04-33.901L188.505 256 34.484 101.255c-9.335-9.379-9.317-24.544.04-33.901l22.667-22.667c9.373-9.373 24.569-9.373 33.941 0L285.475 239.03c9.373 9.372 9.373 24.568.001 33.941z\"><\/path><\/svg>\t\t\t\t\t\t<\/span>\n\t\t\t\t\t\t\t\t\t\t<span class=\"elementor-icon-list-text\">Company profile<\/span>\n\t\t\t\t\t\t\t\t\t\t\t<\/a>\n\t\t\t\t\t\t\t\t\t<\/li>\n\t\t\t\t\t\t\t\t<li class=\"elementor-icon-list-item\">\n\t\t\t\t\t\t\t\t\t\t\t<a href=\"\/en\/10-good-reasons-for-pcs\/\">\n\n\t\t\t\t\t\t\t\t\t\t\t\t<span class=\"elementor-icon-list-icon\">\n\t\t\t\t\t\t\t<svg aria-hidden=\"true\" class=\"e-font-icon-svg e-fas-chevron-right\" viewbox=\"0 0 320 512\" xmlns=\"http:\/\/www.w3.org\/2000\/svg\"><path d=\"M285.476 272.971L91.132 467.314c-9.373 9.373-24.569 9.373-33.941 0l-22.667-22.667c-9.357-9.357-9.375-24.522-.04-33.901L188.505 256 34.484 101.255c-9.335-9.379-9.317-24.544.04-33.901l22.667-22.667c9.373-9.373 24.569-9.373 33.941 0L285.475 239.03c9.373 9.372 9.373 24.568.001 33.941z\"><\/path><\/svg>\t\t\t\t\t\t<\/span>\n\t\t\t\t\t\t\t\t\t\t<span class=\"elementor-icon-list-text\">10 good reasons for PCS<\/span>\n\t\t\t\t\t\t\t\t\t\t\t<\/a>\n\t\t\t\t\t\t\t\t\t<\/li>\n\t\t\t\t\t\t\t\t<li class=\"elementor-icon-list-item\">\n\t\t\t\t\t\t\t\t\t\t\t<a href=\"\/en\/vision-sustainability\/\">\n\n\t\t\t\t\t\t\t\t\t\t\t\t<span class=\"elementor-icon-list-icon\">\n\t\t\t\t\t\t\t<svg aria-hidden=\"true\" class=\"e-font-icon-svg e-fas-chevron-right\" viewbox=\"0 0 320 512\" xmlns=\"http:\/\/www.w3.org\/2000\/svg\"><path d=\"M285.476 272.971L91.132 467.314c-9.373 9.373-24.569 9.373-33.941 0l-22.667-22.667c-9.357-9.357-9.375-24.522-.04-33.901L188.505 256 34.484 101.255c-9.335-9.379-9.317-24.544.04-33.901l22.667-22.667c9.373-9.373 24.569-9.373 33.941 0L285.475 239.03c9.373 9.372 9.373 24.568.001 33.941z\"><\/path><\/svg>\t\t\t\t\t\t<\/span>\n\t\t\t\t\t\t\t\t\t\t<span class=\"elementor-icon-list-text\">Vision, sustainability<\/span>\n\t\t\t\t\t\t\t\t\t\t\t<\/a>\n\t\t\t\t\t\t\t\t\t<\/li>\n\t\t\t\t\t\t\t\t<li class=\"elementor-icon-list-item\">\n\t\t\t\t\t\t\t\t\t\t\t<a href=\"\/en\/diversity\/\">\n\n\t\t\t\t\t\t\t\t\t\t\t\t<span class=\"elementor-icon-list-icon\">\n\t\t\t\t\t\t\t<svg aria-hidden=\"true\" class=\"e-font-icon-svg e-fas-chevron-right\" viewbox=\"0 0 320 512\" xmlns=\"http:\/\/www.w3.org\/2000\/svg\"><path d=\"M285.476 272.971L91.132 467.314c-9.373 9.373-24.569 9.373-33.941 0l-22.667-22.667c-9.357-9.357-9.375-24.522-.04-33.901L188.505 256 34.484 101.255c-9.335-9.379-9.317-24.544.04-33.901l22.667-22.667c9.373-9.373 24.569-9.373 33.941 0L285.475 239.03c9.373 9.372 9.373 24.568.001 33.941z\"><\/path><\/svg>\t\t\t\t\t\t<\/span>\n\t\t\t\t\t\t\t\t\t\t<span class=\"elementor-icon-list-text\">Variety and diversity<\/span>\n\t\t\t\t\t\t\t\t\t\t\t<\/a>\n\t\t\t\t\t\t\t\t\t<\/li>\n\t\t\t\t\t\t\t\t<li class=\"elementor-icon-list-item\">\n\t\t\t\t\t\t\t\t\t\t\t<a href=\"\/en\/references\/\">\n\n\t\t\t\t\t\t\t\t\t\t\t\t<span class=\"elementor-icon-list-icon\">\n\t\t\t\t\t\t\t<svg aria-hidden=\"true\" class=\"e-font-icon-svg e-fas-chevron-right\" viewbox=\"0 0 320 512\" xmlns=\"http:\/\/www.w3.org\/2000\/svg\"><path d=\"M285.476 272.971L91.132 467.314c-9.373 9.373-24.569 9.373-33.941 0l-22.667-22.667c-9.357-9.357-9.375-24.522-.04-33.901L188.505 256 34.484 101.255c-9.335-9.379-9.317-24.544.04-33.901l22.667-22.667c9.373-9.373 24.569-9.373 33.941 0L285.475 239.03c9.373 9.372 9.373 24.568.001 33.941z\"><\/path><\/svg>\t\t\t\t\t\t<\/span>\n\t\t\t\t\t\t\t\t\t\t<span class=\"elementor-icon-list-text\">Projects, references<\/span>\n\t\t\t\t\t\t\t\t\t\t\t<\/a>\n\t\t\t\t\t\t\t\t\t<\/li>\n\t\t\t\t\t\t\t\t<li class=\"elementor-icon-list-item\">\n\t\t\t\t\t\t\t\t\t\t\t<a href=\"\/en\/customer-testimonials\/\">\n\n\t\t\t\t\t\t\t\t\t\t\t\t<span class=\"elementor-icon-list-icon\">\n\t\t\t\t\t\t\t<svg aria-hidden=\"true\" class=\"e-font-icon-svg e-fas-chevron-right\" viewbox=\"0 0 320 512\" xmlns=\"http:\/\/www.w3.org\/2000\/svg\"><path d=\"M285.476 272.971L91.132 467.314c-9.373 9.373-24.569 9.373-33.941 0l-22.667-22.667c-9.357-9.357-9.375-24.522-.04-33.901L188.505 256 34.484 101.255c-9.335-9.379-9.317-24.544.04-33.901l22.667-22.667c9.373-9.373 24.569-9.373 33.941 0L285.475 239.03c9.373 9.372 9.373 24.568.001 33.941z\"><\/path><\/svg>\t\t\t\t\t\t<\/span>\n\t\t\t\t\t\t\t\t\t\t<span class=\"elementor-icon-list-text\">Customer testimonials<\/span>\n\t\t\t\t\t\t\t\t\t\t\t<\/a>\n\t\t\t\t\t\t\t\t\t<\/li>\n\t\t\t\t\t\t\t\t<li class=\"elementor-icon-list-item\">\n\t\t\t\t\t\t\t\t\t\t\t<a href=\"\/en\/news\/\">\n\n\t\t\t\t\t\t\t\t\t\t\t\t<span class=\"elementor-icon-list-icon\">\n\t\t\t\t\t\t\t<svg aria-hidden=\"true\" class=\"e-font-icon-svg e-fas-chevron-right\" viewbox=\"0 0 320 512\" xmlns=\"http:\/\/www.w3.org\/2000\/svg\"><path d=\"M285.476 272.971L91.132 467.314c-9.373 9.373-24.569 9.373-33.941 0l-22.667-22.667c-9.357-9.357-9.375-24.522-.04-33.901L188.505 256 34.484 101.255c-9.335-9.379-9.317-24.544.04-33.901l22.667-22.667c9.373-9.373 24.569-9.373 33.941 0L285.475 239.03c9.373 9.372 9.373 24.568.001 33.941z\"><\/path><\/svg>\t\t\t\t\t\t<\/span>\n\t\t\t\t\t\t\t\t\t\t<span class=\"elementor-icon-list-text\">News<\/span>\n\t\t\t\t\t\t\t\t\t\t\t<\/a>\n\t\t\t\t\t\t\t\t\t<\/li>\n\t\t\t\t\t\t<\/ul>\n\t\t\t\t\t\t<\/div>\n\t\t\t\t<\/div>\n\t\t\t\t\t<\/div>\n\t\t\t\t<\/div>\n\t\t\t\t<\/div>\n\t\t<\/div>\n\t\t\t\t\t\t<\/div>\n\t\t\t\t<\/div>\n\t\t\t\t\t<\/div>\n\t\t\t\t<\/div>\n\t\t\t\t<\/div>","protected":false},"excerpt":{"rendered":"<p>References Installation and Sales 1. FC Union Berlin e.V. Adolf W\u00fcrth GmbH &amp; Co. KG Corporate Headquarters K\u00fcnzelsau Answers GmbH \u2013 Berlin August Storck KG Berlin A\u00dcW Allg\u00e4uer \u00dcberlandwerk GmbH Kempten Ardex GmbH \u2013 Witten Berlin Cathedral Berlin Beuth University of Applied Sciences Berlin United States Embassy Berlin Federal Ministry of Labor and Social Affairs Berlin Federal Council Berlin [...]<\/p>","protected":false},"author":1,"featured_media":45482,"parent":0,"menu_order":0,"comment_status":"closed","ping_status":"closed","template":"","meta":{"_acf_changed":false,"footnotes":""},"class_list":["post-12864","page","type-page","status-publish","has-post-thumbnail","hentry"],"acf":[],"_links":{"self":[{"href":"https:\/\/konferenztechnik.de\/en\/wp-json\/wp\/v2\/pages\/12864","targetHints":{"allow":["GET"]}}],"collection":[{"href":"https:\/\/konferenztechnik.de\/en\/wp-json\/wp\/v2\/pages"}],"about":[{"href":"https:\/\/konferenztechnik.de\/en\/wp-json\/wp\/v2\/types\/page"}],"author":[{"embeddable":true,"href":"https:\/\/konferenztechnik.de\/en\/wp-json\/wp\/v2\/users\/1"}],"replies":[{"embeddable":true,"href":"https:\/\/konferenztechnik.de\/en\/wp-json\/wp\/v2\/comments?post=12864"}],"version-history":[{"count":0,"href":"https:\/\/konferenztechnik.de\/en\/wp-json\/wp\/v2\/pages\/12864\/revisions"}],"wp:featuredmedia":[{"embeddable":true,"href":"https:\/\/konferenztechnik.de\/en\/wp-json\/wp\/v2\/media\/45482"}],"wp:attachment":[{"href":"https:\/\/konferenztechnik.de\/en\/wp-json\/wp\/v2\/media?parent=12864"}],"curies":[{"name":"wp","href":"https:\/\/api.w.org\/{rel}","templated":true}]}}