{"id":13067,"date":"2018-05-03T09:28:17","date_gmt":"2018-05-03T08:28:17","guid":{"rendered":"https:\/\/www.konferenztechnik.de\/?page_id=13067"},"modified":"2023-09-01T13:12:43","modified_gmt":"2023-09-01T11:12:43","slug":"mipro-guide-purchase","status":"publish","type":"page","link":"https:\/\/konferenztechnik.de\/en\/mipro-guide-purchase\/","title":{"rendered":"Buy Mipro guide system"},"content":{"rendered":"<h1>Buy Mipro guide system<\/h1>\n<div class=\"call-action-slider-img\">\n<img decoding=\"async\" src=\"https:\/\/konferenztechnik.de\/wp-content\/uploads\/2018\/05\/mipro-tour-guide-kaufen.jpg\" alt=\"Buy Mipro guide system\" class=\"alignnone size-full wp-image-12201\" title=\"\"><br \/>\n<button class=\"bbtn popmake-12226\">Request a quote &#x9B;<\/button><\/div>\n<h2>MTG-100R receiver<\/h2>\n<p>[spacer size=\"10\u2033]<\/p>\n<p>The world's smallest and lightest chest-pocket sized receiver. Rugged, durable and easy to use.<\/p>\n<p>1: Volume control (adjustable in 20 steps)<\/p>\n<p>2: On\/off switch (press and hold for 2 sec.<br \/>\nhold to switch on or off).<\/p>\n<p>3: LCD display (display for channel, reception strength,<br \/>\nVolume and battery status)<\/p>\n<p>4: Channel selector switch (16 channels)<\/p>\n<p>5: Infrared sensor (for automatic channel<br \/>\nSynchronization in the charging station)<\/p>\n<p>6: Charging contacts (for automatic charging<br \/>\nof the batteries in the charging station)<\/p>\n<p>Digital encryption for secure signal transmission<br \/>\nprotects against unauthorized listeners.<br \/>\nThe digital true diversity technology prevents<br \/>\nDropouts and increases the reception area. Through<br \/>\na constant digital transmission does not occur any<br \/>\nsignal attenuation due to the distance.<br \/>\nCrystal clear sound and very good speech intelligibility.<br \/>\nAuto shut-off function reduced<br \/>\npower consumption in standby mode and extends<br \/>\nthus the total operating time.<\/p>\n<hr style=\"background-color:#999999; margin-bottom:30px;\">\n<div class=\"call-action-slider-img\">\n<img decoding=\"async\" src=\"https:\/\/konferenztechnik.de\/wp-content\/uploads\/2018\/05\/mipro-personenfuehrungsanlage-kaufen.jpg\" alt=\"Buy Mipro people guidance system\" class=\"alignnone size-full wp-image-12201\" title=\"\"><\/p>\n<\/div>\n<h2>MTG-100T \/ MTG-100Ta pocket transmitter<\/h2>\n<p>[spacer size=\"10\u2033]<\/p>\n<p>Ultra compact, ultra lightweight and chest-pocket sized, the MTG-100 delivers crystal clear sound in the license-free ISM band 863-865 MHz. Up to 16 pre-programmed interference-free channels can be assigned to different visitor groups without interfering with each other.<\/p>\n<p>MTG100T: with Li-Ion battery (45 x 84 x 21 mm, 65g)<\/p>\n<p>MTG100Ta: with AA batteries (45 x 84 x 28 mm, 72g)<\/p>\n<hr style=\"background-color:#999999; margin-bottom:30px;\">\n<div class=\"call-action-slider-img\">\n<img decoding=\"async\" src=\"https:\/\/konferenztechnik.de\/wp-content\/uploads\/2018\/05\/mipro-handsender-MTG-100Ha.jpg\" alt=\"Mipro Handheld Microphone PFA\" class=\"alignnone size-full wp-image-12201\" title=\"\"><\/p>\n<\/div>\n<h2>Handheld transmitter MTG-100Ha<\/h2>\n<p>[spacer size=\"10\u2033]<\/p>\n<p>Crystal clear sound and very good speech intelligibility. Robust, durable and easy to use. Interference resistant to Bluetooth, WLAN and 2.4 GHz radio transmissions.<\/p>\n<p>1: Backlit LCD display<\/p>\n<p>2: Battery compartment<\/p>\n<hr style=\"background-color:#999999; margin-bottom:30px;\">\n<div class=\"call-action-slider-img\">\n<img decoding=\"async\" src=\"https:\/\/konferenztechnik.de\/wp-content\/uploads\/2018\/05\/mipro-sender-pfa.jpg\" alt=\"Mipro transmitter PFA\" class=\"alignnone size-full wp-image-12201\" title=\"\"><\/p>\n<\/div>\n<h2>Stationary digital transmitter MTS-100<\/h2>\n<p>[spacer size=\"10\u2033]<\/p>\n<p>The MTS-100 stationary transmitter can be used as a transmitting station to the MTG-100R and MTG-100Ra receivers. External audio sources such as a wired microphone, CD\/MP3 player or audio mixer can be easily connected via an XLR\/6.35 mm combo jack.<\/p>\n<p>1: Audio signal display (shows the input level<br \/>\nof the audio signal)<\/p>\n<p>2: Transmit signal display (shows the level of the<br \/>\nRF transmit signal)<\/p>\n<p>3: Transmitter module (modular, interchangeable<br \/>\nTransmitter module with 16 pre-programmed channels)<\/p>\n<hr style=\"background-color:#999999; margin-bottom:30px;\">\n<div class=\"call-action-slider-img\">\n<img decoding=\"async\" src=\"https:\/\/konferenztechnik.de\/wp-content\/uploads\/2018\/05\/mipro-ladekoffer.jpg\" alt=\"Mipro charging case\" class=\"alignnone size-full wp-image-12201\" title=\"\"><\/p>\n<\/div>\n<h2>Charging and transport case MTG-100C-12 \/ MTG-100C-28<\/h2>\n<p>[spacer size=\"10\u2033]<\/p>\n<p>Fast charge in less than 4 hours;<br \/>\nLED charge level indicator for each compartment (red: charging; green: charged);<br \/>\nACT\u2122 (Automatic Channel Targeting) button provides precise and fast frequency synchronization between the transmitter and all receivers;<br \/>\nInternal switching power supply 100-240V AC.<\/p>\n<p>MTG-100C-12 (for 12 receivers)<\/p>\n<p>MTG-100C-28 (for 28 receivers)<\/p>\n<hr style=\"background-color:#999999; margin-bottom:30px;\">\n<div class=\"call-action-slider-img\">\n<img decoding=\"async\" src=\"https:\/\/konferenztechnik.de\/wp-content\/uploads\/2018\/05\/MTG-100C4-Ladestation.jpg\" alt=\"Mipro charging station installation people guidance system\" class=\"alignnone size-full wp-image-12201\" title=\"\"><\/p>\n<\/div>\n<h2>MTG-100C4 charging station<\/h2>\n<p>[spacer size=\"10\u2033]<\/p>\n<p>4-fold charging station for MTG-100 transmitter\/receiver;<br \/>\nFast charge in less than 4 hours;<br \/>\nLED charge level indicator for each compartment (red: charging; green: charged);<br \/>\nConnection for 8V\/0.75A DC power supply.<\/p>\n<p>Modular expandable, suitable for fixed installation and rack mounting (4 module available as MTG-100C-16).<\/p>\n<hr style=\"background-color:#999999; margin-bottom:30px;\">\n<div class=\"call-action-slider-img\">\n<img decoding=\"async\" src=\"https:\/\/konferenztechnik.de\/wp-content\/uploads\/2018\/05\/mipro-mikrofone-kopfhoerer.jpg\" alt=\"Mipro Microphones Headphones Accessories\" class=\"alignnone size-full wp-image-12201\" title=\"\"><\/p>\n<\/div>\n<h2>Microphones, headphones, accessories<\/h2>\n<p>[spacer size=\"10\u2033]<\/p>\n<p>Wide range of microphones \u2013 both plug and neckband (each omnidirectional or cardioid), furthermore induction loops, earphones, stereo headphones...<\/p>\n<p>Modular expandable, suitable for fixed installation and rack mounting (4 module available as MTG-100C-16).<\/p>\n<hr style=\"background-color:#999999; margin-bottom:30px;\">\n<div class=\"call-action-slider-img\">\n<img decoding=\"async\" src=\"https:\/\/konferenztechnik.de\/wp-content\/uploads\/2018\/05\/mipro-fuehrungsanlage.jpg\" alt=\"Buy Mipro guide system\" class=\"alignnone size-full wp-image-12201\" title=\"\"><br \/>\n<button class=\"bbtn popmake-12226\">Request a quote &#x9B;<\/button><\/div>\n<div style=\"background-color:#f2f2f2; width:100%; display:block; margin-bottom:40px;\">\n<div style=\"text-align:center; width:100%; padding:left:10px; padding-top:18px;\"><img decoding=\"async\" src=\"https:\/\/konferenztechnik.de\/wp-content\/uploads\/2018\/05\/bewerten-happy.png\" alt=\"\" width=\"142\" height=\"42\" class=\"aligncenter size-full wp-image-13128\" title=\"\"><\/div>\n<div style=\"text-align:left; padding:10px;\">Fits like a glove! Take advantage of our consulting service. We will be happy to work with you to determine which guideway system in which configuration meets your requirements.<\/div>\n<\/div>\n<div class=\"callouthoch\">\n[callout add_button=\"no\" button_text=\"Learn More\" button_url=\"#\" button_color=\"#a62055\u2033]<br \/>\nThis is how you can reach us directly by phone:<br \/>\n[v_icon color=\"#a62055\u2033 size=\"20px\" target=\"_blank\" name=\"moon-phone-2\u2033] +49 211 737798 20<br \/>\n[\/callout]<\/div>\n<div class=\"callouthoch\">\n[callout add_button=\"no\" button_text=\"Learn More\" button_url=\"#\" button_color=\"#a62055\u2033]<br \/>\nFeel free to send inquiries via email to:<br \/>\n[v_icon color=\"#a62055\u2033 size=\"20px\" target=\"_blank\" name=\"moon-envelop-2\u2033] <a href=\"mailto:vertrieb@konferenztechnik.de\" onclick=\"ga('send', 'event', 'Email-Klick', 'F\u00fchrungsanlagen kaufen  Vertrieb');\"> vertrieb@konferenztechnik.de<\/a><br \/>\n[\/callout]<\/div>\n<p>[spacer size=\"10\u2033]<\/p>\n<div class=\"weiterlinks\" style=\"background-color:#ffffff;\">\n<h1>Related links<\/h1>\n<p>[list icon=\"moon-arrow-right-2\u2033 color=\"#a62055\u2033]<a title=\"Support of multilingual events\" href=\"\/en\/people-guide-buying\/\">Overview page people guidance systems<\/a>[\/list]<br \/>\n[list icon=\"moon-arrow-right-2\u2033 color=\"#a62055\u2033]<a title=\"Support of multilingual events\" href=\"\/en\/beyerdynamic-unite-communication-system\/\">Soon available: Beyerdynamic Unite guide system<\/a>[\/list]<br \/>\n[list icon=\"moon-arrow-right-2\u2033 color=\"#a62055\u2033]<a title=\"Support of multilingual events\" href=\"\/en\/conference-technology-buying\/\">Sales conference technology<\/a>[\/list]<br \/>\n[list icon=\"moon-arrow-right-2\u2033 color=\"#a62055\u2033]<a title=\"credentials\" href=\"\/en\/installation-and-integration-of-conferencing-technology-and-media-systems\/\">Installation of conference and media technology<\/a>[\/list]<br \/>\n[list icon=\"moon-arrow-right-2\u2033 color=\"#a62055\u2033]<a title=\"Training and service for interpreters\" href=\"\/en\/training-and-service-for-interpreters-2\/\">Training and service for interpreters<\/a>[\/list]<br \/>\n[list icon=\"moon-arrow-right-2\u2033 color=\"#a62055\u2033]<a title=\"10 good reasons for PCS\" href=\"\/en\/about-us-en\/10-good-reasons-for-pcs\/\">10 good reasons for PCS<\/a>[\/list]<br \/>\n[list icon=\"moon-arrow-right-2\u2033 color=\"#a62055\u2033]<a title=\"PCS: All services at a glance\" href=\"\/en\/services\/\">PCS: All services at a glance<\/a>[\/list]<\/ul>\n<\/div>\n<\/div>\n<p>[spacer size=\"20\u2033]<\/p>","protected":false},"excerpt":{"rendered":"<p>Mipro F\u00fchrungsanlage kaufen Angebot anfordern &#x9B; Empf\u00e4nger MTG-100R [spacer size=&#8220;10&#8243;] Der weltweit kleinste und leichteste Empf\u00e4nger im Brusttaschenformat. Robust, langlebig und einfach zu bedienen. 1: Lautst\u00e4rkeregelung (in 20 Stufen einstellbar) 2: Ein-\/Ausschalter (dr\u00fccken und 2 Sekunden halten, um ein- oder auszuschalten) 3: LCD-Display (Anzeige f\u00fcr Kanal, Empfangsst\u00e4rke, Lautst\u00e4rke und Batteriestatus) 4: Kanalwahlschalter (16 Kan\u00e4le) 5: [&hellip;]<\/p>","protected":false},"author":1,"featured_media":45482,"parent":0,"menu_order":0,"comment_status":"closed","ping_status":"closed","template":"","meta":{"_acf_changed":false,"footnotes":""},"class_list":["post-13067","page","type-page","status-publish","has-post-thumbnail","hentry"],"acf":[],"_links":{"self":[{"href":"https:\/\/konferenztechnik.de\/en\/wp-json\/wp\/v2\/pages\/13067","targetHints":{"allow":["GET"]}}],"collection":[{"href":"https:\/\/konferenztechnik.de\/en\/wp-json\/wp\/v2\/pages"}],"about":[{"href":"https:\/\/konferenztechnik.de\/en\/wp-json\/wp\/v2\/types\/page"}],"author":[{"embeddable":true,"href":"https:\/\/konferenztechnik.de\/en\/wp-json\/wp\/v2\/users\/1"}],"replies":[{"embeddable":true,"href":"https:\/\/konferenztechnik.de\/en\/wp-json\/wp\/v2\/comments?post=13067"}],"version-history":[{"count":0,"href":"https:\/\/konferenztechnik.de\/en\/wp-json\/wp\/v2\/pages\/13067\/revisions"}],"wp:featuredmedia":[{"embeddable":true,"href":"https:\/\/konferenztechnik.de\/en\/wp-json\/wp\/v2\/media\/45482"}],"wp:attachment":[{"href":"https:\/\/konferenztechnik.de\/en\/wp-json\/wp\/v2\/media?parent=13067"}],"curies":[{"name":"wp","href":"https:\/\/api.w.org\/{rel}","templated":true}]}}