{"id":1389,"date":"2026-05-06T14:04:34","date_gmt":"2026-05-06T12:04:34","guid":{"rendered":"https:\/\/konferenztechnik.de\/?page_id=1389"},"modified":"2026-05-07T16:19:42","modified_gmt":"2026-05-07T14:19:42","slug":"imprint","status":"publish","type":"page","link":"https:\/\/konferenztechnik.de\/en\/imprint\/","title":{"rendered":"Imprint"},"content":{"rendered":"<div data-elementor-type=\"wp-page\" data-elementor-id=\"1389\" class=\"elementor elementor-1389\" data-elementor-post-type=\"page\">\n\t\t\t\t<div data-particle_enable=\"false\" data-particle-mobile-disabled=\"false\" class=\"elementor-element elementor-element-948f719 e-flex e-con-boxed e-con e-parent\" data-id=\"948f719\" data-element_type=\"container\">\n\t\t\t\t\t<div class=\"e-con-inner\">\n\t\t\t\t<div class=\"elementor-element elementor-element-b06e6cd elementor-widget__width-initial elementor-widget elementor-widget-heading\" data-id=\"b06e6cd\" data-element_type=\"widget\" data-widget_type=\"heading.default\">\n\t\t\t\t<div class=\"elementor-widget-container\">\n\t\t\t\t\t<h1 class=\"elementor-heading-title elementor-size-default\">Imprint<\/h1>\t\t\t\t<\/div>\n\t\t\t\t<\/div>\n\t\t\t\t<div class=\"elementor-element elementor-element-d59a44f elementor-widget__width-initial elementor-widget elementor-widget-heading\" data-id=\"d59a44f\" data-element_type=\"widget\" data-widget_type=\"heading.default\">\n\t\t\t\t<div class=\"elementor-widget-container\">\n\t\t\t\t\t<h1 class=\"elementor-heading-title elementor-size-default\">PCS Event &amp; Media Systems GmbH<\/h1>\t\t\t\t<\/div>\n\t\t\t\t<\/div>\n\t\t\t\t<div class=\"elementor-element elementor-element-d31c727 elementor-widget__width-initial elementor-widget elementor-widget-text-editor\" data-id=\"d31c727\" data-element_type=\"widget\" data-widget_type=\"text-editor.default\">\n\t\t\t\t<div class=\"elementor-widget-container\">\n\t\t\t\t\t\t\t\t\t<p style=\"box-sizing: inherit; -webkit-tap-highlight-color: transparent; font-family: inherit; font-size: 14px; font-variant-numeric: inherit; font-variant-east-asian: inherit; font-variant-alternates: inherit; font-variant-position: inherit; font-variant-emoji: inherit; font-stretch: inherit; line-height: inherit; font-optical-sizing: inherit; font-size-adjust: inherit; font-kerning: inherit; font-feature-settings: inherit; font-variation-settings: inherit; font-language-override: inherit; background: none 0% 0% \/ auto repeat scroll padding-box border-box rgba(0, 0, 0, 0);\">PCS Event &amp; Media Systems GmbH is a franchisee in The Cue Group's franchise network.<br \/>Each franchisee is a legally and financially independent business.<\/p><p><b><br \/>Managing Director<\/b><br \/>Mike Bertsch<\/p><p><br \/><strong>Handelsregister:<\/strong><br \/>HRB 112914 <br \/>Local court D\u00fcsseldorf<\/p><p><b><br \/>Address<\/b><br \/>Reisholzer Werftstra\u00dfe 42<br \/>40589 Dusseldorf<br \/>Tel.: +49 211 737798-0<\/p><p>Additional information according to the law on the legal framework for electronic commerce (EGG) in conjunction with \u00a7 6 of the Teleservices Act (TDG):<\/p><p><b><br \/>Internet<\/b><br \/><a href=\"https:\/\/konferenztechnik.de\/en\/\">www.konferenztechnik.de<\/a><\/p><p><b><br \/>e-mail<\/b><br \/><a href=\"mailto:info@konferenztechnik.de\">info@konferenztechnik.de<\/a><\/p><p><b><br \/>Foundation<\/b><br \/>notariell 30.03.2026<\/p><p><b><br \/>legal form<\/b><br \/>GmbH<\/p>\t\t\t\t\t\t\t\t<\/div>\n\t\t\t\t<\/div>\n\t\t\t\t<div class=\"elementor-element elementor-element-92ed11f elementor-widget__width-initial elementor-widget elementor-widget-heading\" data-id=\"92ed11f\" data-element_type=\"widget\" data-widget_type=\"heading.default\">\n\t\t\t\t<div class=\"elementor-widget-container\">\n\t\t\t\t\t<h1 class=\"elementor-heading-title elementor-size-default\">Rights of use<\/h1>\t\t\t\t<\/div>\n\t\t\t\t<\/div>\n\t\t\t\t<div class=\"elementor-element elementor-element-3b4e3b2 elementor-widget__width-initial elementor-widget elementor-widget-text-editor\" data-id=\"3b4e3b2\" data-element_type=\"widget\" data-widget_type=\"text-editor.default\">\n\t\t\t\t<div class=\"elementor-widget-container\">\n\t\t\t\t\t\t\t\t\t<p>Inhalte, Bilder und sonstige Werke auf dieser Website unterliegen dem Urheberrecht oder sonstigen Schutzrechten der PCS Event &amp; Media Systems GmbH oder Dritter. Eine Nutzung, Vervielf\u00e4ltigung oder Verbreitung au\u00dferhalb der gesetzlichen Grenzen bedarf der vorherigen schriftlichen Zustimmung. Bildquellen und Rechteinhaber sind \u2013 soweit erforderlich \u2013 entsprechend gekennzeichnet. Sollten Sie trotz sorgf\u00e4ltiger Pr\u00fcfung einen Rechteversto\u00df feststellen, wenden Sie sich bitte an <a href=\"mailto:info@konferenztechnik.de\">info@konferenztechnik.de<\/a><\/p>\t\t\t\t\t\t\t\t<\/div>\n\t\t\t\t<\/div>\n\t\t\t\t\t<\/div>\n\t\t\t\t<\/div>\n\t\t\t\t<\/div>","protected":false},"excerpt":{"rendered":"<p>Impressum PCS Event &amp; Media Systems GmbH Die PCS Event &amp; Media Systems GmbH ist Franchisenehmer im Franchisenetzwerk von The Cue Group.Jeder Franchisenehmer ist ein rechtlich und wirtschaftlich selbstst\u00e4ndiges Unternehmen. Gesch\u00e4ftsf\u00fchrerMike Bertsch Handelsregister:HRB 112914 Amtsgericht D\u00fcsseldorf AdresseReisholzer Werftstra\u00dfe 4240589 D\u00fcsseldorfTel.: +49 211 737798-0 Zus\u00e4tzliche Informationen gem. Gesetz \u00fcber rechtliche Rahmenbedingungen f\u00fcr den elektronischen Gesch\u00e4ftsverkehr (EGG) [&hellip;]<\/p>","protected":false},"author":1,"featured_media":45482,"parent":0,"menu_order":211,"comment_status":"closed","ping_status":"open","template":"","meta":{"_acf_changed":false,"footnotes":""},"class_list":["post-1389","page","type-page","status-publish","has-post-thumbnail","hentry"],"acf":[],"_links":{"self":[{"href":"https:\/\/konferenztechnik.de\/en\/wp-json\/wp\/v2\/pages\/1389","targetHints":{"allow":["GET"]}}],"collection":[{"href":"https:\/\/konferenztechnik.de\/en\/wp-json\/wp\/v2\/pages"}],"about":[{"href":"https:\/\/konferenztechnik.de\/en\/wp-json\/wp\/v2\/types\/page"}],"author":[{"embeddable":true,"href":"https:\/\/konferenztechnik.de\/en\/wp-json\/wp\/v2\/users\/1"}],"replies":[{"embeddable":true,"href":"https:\/\/konferenztechnik.de\/en\/wp-json\/wp\/v2\/comments?post=1389"}],"version-history":[{"count":24,"href":"https:\/\/konferenztechnik.de\/en\/wp-json\/wp\/v2\/pages\/1389\/revisions"}],"predecessor-version":[{"id":49993,"href":"https:\/\/konferenztechnik.de\/en\/wp-json\/wp\/v2\/pages\/1389\/revisions\/49993"}],"wp:featuredmedia":[{"embeddable":true,"href":"https:\/\/konferenztechnik.de\/en\/wp-json\/wp\/v2\/media\/45482"}],"wp:attachment":[{"href":"https:\/\/konferenztechnik.de\/en\/wp-json\/wp\/v2\/media?parent=1389"}],"curies":[{"name":"wp","href":"https:\/\/api.w.org\/{rel}","templated":true}]}}