{"id":15421,"date":"2020-01-07T14:14:33","date_gmt":"2020-01-07T13:14:33","guid":{"rendered":"https:\/\/www.konferenztechnik.de\/?page_id=15421"},"modified":"2023-08-28T09:31:06","modified_gmt":"2023-08-28T07:31:06","slug":"home-2","status":"publish","type":"page","link":"https:\/\/konferenztechnik.de\/en\/home-2\/","title":{"rendered":"Home"},"content":{"rendered":"<h1>PCS est le supplier de qualit\u00e9 pour la technologie de conf\u00e9rence depuis 1995<\/h1>\n<p>[rev_slider alias=\"home-call-to-action\"]<\/p>\n<p>[spacer size=\"20\u2033]<\/p>\n<p>PCS encadre des conf\u00e9rences et des r\u00e9unions dans le monde entier. Nous sommes votre partenaire de r\u00e9f\u00e9rence pour la location, la vente, l'installation et le support de la technologie de conf\u00e9rence et des m\u00e9dias audiovisuels.<\/p>\n<h2>PCS offre un service complet dans tous les domaines de la technologie de conf\u00e9rence.<\/h2>\n<div class=\"boxcontainer-home\">\n<div class=\"box1\">\n<a href=\"\/fr\/location-de-la-technique-de-conference\/\"><img decoding=\"async\" class=\"alignnone size-full wp-image-1418\" src=\"\/wp-content\/uploads\/2016\/08\/vermietung.jpg\" alt=\"Microphone chain from the conference technology rental pool of PCS GmbH.\" title=\"\"><\/p>\n<h2>Location de la technique de conf\u00e9rence<\/h2>\n<p><\/a><\/p>\n<p>Sur nos quatre sites de Berlin, Munich et D\u00fcsseldorf, vous pouvez louer les derni\u00e8res technologies de conf\u00e9rence et de multim\u00e9dias audiovisuels. Nous proposons une large gamme de fabricants et de syst\u00e8mes,\u00e0 l'entretien irr\u00e9prochable<br \/>\n<a class=\"weiter\" href=\"\/fr\/location-de-la-technique-de-conference\/\">\u203a Plus<\/a><\/p>\n<\/div>\n<div class=\"box2\">\n<p><a href=\"https:\/\/www.konferenztechnik.de\/fr\/installation\/\"><img decoding=\"async\" class=\"alignnone size-full wp-image-1418\" src=\"\/wp-content\/uploads\/2016\/08\/installation.jpg\" alt=\"insta\" title=\"\"><\/p>\n<h2>Installation et int\u00e9gration de la technologie de conf\u00e9rence et des syst\u00e8mes de m\u00e9dias<\/h2>\n<p><\/a><\/p>\n<p>Nous concevons et r\u00e9alisons des projets d'installation de m\u00e9dias AV sophistiqu\u00e9s dans des salles de r\u00e9union, des salles de conf\u00e9rence, des si\u00e8ges sociaux d'entreprises, des salles d'exposition, des mus\u00e9es, des salles de conf\u00e9rence, des \u00e9coles, des h\u00f4tels, des maisons intelligentes...<br \/>\n<a class=\"weiter\" href=\"https:\/\/www.konferenztechnik.de\/fr\/installation\/\">\u203a Plus<\/a><\/p>\n<\/div>\n<div class=\"box3\">\n<p><a href=\"https:\/\/www.konferenztechnik.de\/fr\/service-des-ventes\/\"><img decoding=\"async\" class=\"alignnone size-full wp-image-1418\" src=\"\/wp-content\/uploads\/2016\/08\/vertrieb.jpg\" alt=\"Bosch-CCS-1000-D-new\" title=\"\"><\/p>\n<h2>Vente de technologies de conf\u00e9rence et de multim\u00e9dias audiovisuels<\/h2>\n<p><\/a><\/p>\n<p>PCS distribue les fabricants renomm\u00e9s de technologies audio, vid\u00e9o, de conf\u00e9rence et de m\u00e9dias. Vous pouvez acheter chez nous des syst\u00e8mes complets ainsi que des composants individuels, des pi\u00e8ces de rechange et des accessoires.<br \/>\n<a class=\"weiter\" href=\"https:\/\/www.konferenztechnik.de\/fr\/service-des-ventes\/\">\u203a Plus<\/a><\/p>\n<\/div>\n<div class=\"box4\">\n<p><a href=\"\/fr\/support-technique-pour-les-evenements\/\"><img decoding=\"async\" class=\"alignnone size-full wp-image-1417\" src=\"\/wp-content\/uploads\/2016\/08\/betreuung-events.jpg\" alt=\"International conference with technology from PCS in use.\" title=\"\"><\/p>\n<h2>Assistance technique pour votre \u00e9v\u00e8nement<\/h2>\n<p><\/a><\/p>\n<p>Nous vous offrons le service complet pour votre conf\u00e9rence ou r\u00e9union multilingue. Nous vous fournissons toute la technologie dont vous avez besoin, et nos techniciens qualifi\u00e9s sont l\u00e0 pour vous assister pendant l'\u00e9v\u00e9nement. Benefit from our experience, which we have acquired during more than 20 000 international events.<br \/>\n<a class=\"weiter\" href=\"\/fr\/support-technique-pour-les-evenements\/\">\u203a Plus<\/a><\/p>\n<\/div>\n<div class=\"box5\">\n<p><a href=\"\/fr\/constructions-speciales\/\"><img decoding=\"async\" class=\"alignnone size-full wp-image-1418\" src=\"\/wp-content\/uploads\/2016\/08\/sonderanfertigungen.jpg\" alt=\"A PCS technician performing maintenance in a large conference room\" title=\"\"><\/p>\n<h2>R\u00e9alisations sur mesure, entretien et r\u00e9parations<\/h2>\n<p><\/a><\/p>\n<p>Vous avez besoin de produits sur mesure pour vos syst\u00e8mes ou d'un support apr\u00e8s-vente pour l'entretien et la r\u00e9paration de vos syst\u00e8mes ? Chez PCS, nous traitons toutes les demandes de mani\u00e8re professionnelle, m\u00eame les demandes les plus inhabituelles !<\/p>\n<\/div>\n<div class=\"box6\">\n<a href=\"\/fr\/formation\/\"><img decoding=\"async\" class=\"alignnone size-full wp-image-1418\" src=\"\/wp-content\/uploads\/2016\/08\/schulungen.jpg\" alt=\"View from an interpreting booth during a training course at PCS GmbH.\" title=\"\"><\/p>\n<h2>Formation et service pour les interpr\u00e8tes<\/h2>\n<p><\/a><\/p>\n<p>Nous proposons des formations dans de nombreux domaines de la technologie audio et vid\u00e9o. Nous faisons en sorte que vous et vos collaborateurs soyez en mesure de manipuler la technique install\u00e9e ou nous vous mettons au niveau des normes techniques les plus r\u00e9centes.<\/p>\n<\/div>\n<\/div>\n<p>Nous essayons toujours de satisfaire au maximum les besoins de nos clients. We enter into a relationship with our clients, suppliers and employees based on trust, which guarantees us the success of your project and the basis for our long-term success. Notre \u00e9quipe qualifi\u00e9e se fait un plaisir de r\u00e9pondre \u00e0 votre appel ou votre demande par mail. N'h\u00e9sitez pas \u00e0 vous contacter !<\/p>","protected":false},"excerpt":{"rendered":"<p>PCS est le fournisseur de qualit\u00e9 pour la technologie de conf\u00e9rence depuis 1995 [rev_slider alias=&#8220;home-call-to-action&#8220;] [spacer size=&#8220;20&#8243;] PCS encadre des conf\u00e9rences et des r\u00e9unions dans le monde entier. Nous sommes votre partenaire de r\u00e9f\u00e9rence pour la location, la vente, l&#8217;installation et le support de la technologie de conf\u00e9rence et des m\u00e9dias audiovisuels. PCS offre un [&hellip;]<\/p>","protected":false},"author":1,"featured_media":45482,"parent":0,"menu_order":260,"comment_status":"closed","ping_status":"open","template":"","meta":{"_acf_changed":false,"footnotes":""},"class_list":["post-15421","page","type-page","status-publish","has-post-thumbnail","hentry"],"acf":[],"_links":{"self":[{"href":"https:\/\/konferenztechnik.de\/en\/wp-json\/wp\/v2\/pages\/15421","targetHints":{"allow":["GET"]}}],"collection":[{"href":"https:\/\/konferenztechnik.de\/en\/wp-json\/wp\/v2\/pages"}],"about":[{"href":"https:\/\/konferenztechnik.de\/en\/wp-json\/wp\/v2\/types\/page"}],"author":[{"embeddable":true,"href":"https:\/\/konferenztechnik.de\/en\/wp-json\/wp\/v2\/users\/1"}],"replies":[{"embeddable":true,"href":"https:\/\/konferenztechnik.de\/en\/wp-json\/wp\/v2\/comments?post=15421"}],"version-history":[{"count":0,"href":"https:\/\/konferenztechnik.de\/en\/wp-json\/wp\/v2\/pages\/15421\/revisions"}],"wp:featuredmedia":[{"embeddable":true,"href":"https:\/\/konferenztechnik.de\/en\/wp-json\/wp\/v2\/media\/45482"}],"wp:attachment":[{"href":"https:\/\/konferenztechnik.de\/en\/wp-json\/wp\/v2\/media?parent=15421"}],"curies":[{"name":"wp","href":"https:\/\/api.w.org\/{rel}","templated":true}]}}