{"id":15535,"date":"2020-01-13T14:08:12","date_gmt":"2020-01-13T13:08:12","guid":{"rendered":"https:\/\/www.konferenztechnik.de\/?page_id=15535"},"modified":"2023-08-29T14:47:00","modified_gmt":"2023-08-29T12:47:00","slug":"support-technique-pour-les-evenements","status":"publish","type":"page","link":"https:\/\/konferenztechnik.de\/en\/support-technique-pour-les-evenements\/","title":{"rendered":"Support technique pour les \u00e9v\u00e9nements"},"content":{"rendered":"<div data-elementor-type=\"wp-page\" data-elementor-id=\"15535\" class=\"elementor elementor-15535\" data-elementor-post-type=\"page\">\n\t\t\t\t\t\t<section data-particle_enable=\"false\" data-particle-mobile-disabled=\"false\" class=\"elementor-section elementor-top-section elementor-element elementor-element-360c368b elementor-section-boxed elementor-section-height-default elementor-section-height-default\" data-id=\"360c368b\" data-element_type=\"section\">\n\t\t\t\t\t\t<div class=\"elementor-container elementor-column-gap-default\">\n\t\t\t\t\t<div class=\"elementor-column elementor-col-100 elementor-top-column elementor-element elementor-element-55db409c\" data-id=\"55db409c\" data-element_type=\"column\">\n\t\t\t<div class=\"elementor-widget-wrap elementor-element-populated\">\n\t\t\t\t\t\t<div class=\"elementor-element elementor-element-56d531ba elementor-widget elementor-widget-text-editor\" data-id=\"56d531ba\" data-element_type=\"widget\" data-widget_type=\"text-editor.default\">\n\t\t\t\t<div class=\"elementor-widget-container\">\n\t\t\t\t\t\t\t\t\t<h1>Support technique pour les \u00e9v\u00e9nements<\/h1>\n<p>PCS a d\u00e9but\u00e9 en 1995 comme prestataire techniques dans le domaine de l'interpr\u00e9tation simultan\u00e9e et a since accompagn\u00e9 plus de 20 000 \u00e9v\u00e9nements dans le<\/p>\n<p>Nous travaillons en collaboration avecles interpr\u00e8tes les plus renomm\u00e9s et utilisons une technologie de pointe.<\/p>\n<p>Gr\u00e2ce \u00e0 notre r\u00e9seau de succursales en Allemagne, nous pouvons r\u00e9pondre de mani\u00e8re flexible et rapide \u00e0 vos besoins. Benefitz de notre grande exp\u00e9rience en mati\u00e8re de planification, d'\u00e9quipement et de r\u00e9alisation technique pour votre \u00e9v\u00e9nement.<\/p>\n<p>Peu importe que vous organiziez un conseil d'administration, une conf\u00e9rence, une visite d'usine ou un grand \u00e9v\u00e9nement international, avec PCS vous \u00eates entre de bonnes mains.<\/p>\n<p><br><\/p>\n<p>\n<img decoding=\"async\" src=\"\/wp-content\/uploads\/2016\/08\/event-01.jpg\" alt=\"Support of multilingual events\" title=\"\"><br><\/p>\n<p>\n<img decoding=\"async\" src=\"\/wp-content\/uploads\/2016\/08\/event-02.jpg\" alt=\"Support of multilingual events\" title=\"\"><br><\/p>\n<p>\n<img decoding=\"async\" src=\"\/wp-content\/uploads\/2016\/08\/event-03.jpg\" alt=\"Support of multilingual events\" title=\"\"><br><\/p>\n<p>\n<img decoding=\"async\" src=\"\/wp-content\/uploads\/2016\/08\/event-05.jpg\" alt=\"Support of multilingual events\" title=\"\"><br><\/p>\n<p>\n<img decoding=\"async\" src=\"\/wp-content\/uploads\/2016\/08\/event-04.jpg\" alt=\"Support of multilingual events\" title=\"\"><br><br><\/p>\n<h1><br><\/h1><div class=\"boxcontainer\">\n<div class=\"box1-4-empty\"><\/div>\n<\/div>\t\t\t\t\t\t\t\t<\/div>\n\t\t\t\t<\/div>\n\t\t\t\t\t<\/div>\n\t\t<\/div>\n\t\t\t\t\t<\/div>\n\t\t<\/section>\n\t\t\t\t<\/div>","protected":false},"excerpt":{"rendered":"<p>Support technique pour les \u00e9v\u00e9nements PCS a d\u00e9but\u00e9 en 1995 comme prestataire techniques dans le domaine de l\u2019interpr\u00e9tation simultan\u00e9e et a depuis accompagn\u00e9 plus de 20 000 \u00e9v\u00e9nements dans le monde entier. Nous travaillons en collaboration avecles interpr\u00e8tes les plus renomm\u00e9s et utilisons une technologie de pointe. Gr\u00e2ce \u00e0 notre r\u00e9seau de succursales en Allemagne, [&hellip;]<\/p>","protected":false},"author":1,"featured_media":45482,"parent":0,"menu_order":0,"comment_status":"closed","ping_status":"closed","template":"","meta":{"_acf_changed":false,"footnotes":""},"class_list":["post-15535","page","type-page","status-publish","has-post-thumbnail","hentry"],"acf":[],"_links":{"self":[{"href":"https:\/\/konferenztechnik.de\/en\/wp-json\/wp\/v2\/pages\/15535","targetHints":{"allow":["GET"]}}],"collection":[{"href":"https:\/\/konferenztechnik.de\/en\/wp-json\/wp\/v2\/pages"}],"about":[{"href":"https:\/\/konferenztechnik.de\/en\/wp-json\/wp\/v2\/types\/page"}],"author":[{"embeddable":true,"href":"https:\/\/konferenztechnik.de\/en\/wp-json\/wp\/v2\/users\/1"}],"replies":[{"embeddable":true,"href":"https:\/\/konferenztechnik.de\/en\/wp-json\/wp\/v2\/comments?post=15535"}],"version-history":[{"count":0,"href":"https:\/\/konferenztechnik.de\/en\/wp-json\/wp\/v2\/pages\/15535\/revisions"}],"wp:featuredmedia":[{"embeddable":true,"href":"https:\/\/konferenztechnik.de\/en\/wp-json\/wp\/v2\/media\/45482"}],"wp:attachment":[{"href":"https:\/\/konferenztechnik.de\/en\/wp-json\/wp\/v2\/media?parent=15535"}],"curies":[{"name":"wp","href":"https:\/\/api.w.org\/{rel}","templated":true}]}}