{"id":1565,"date":"2013-08-30T15:12:58","date_gmt":"2013-08-30T13:12:58","guid":{"rendered":"https:\/\/konferenztechnik.de\/?page_id=1565"},"modified":"2013-08-30T15:12:58","modified_gmt":"2013-08-30T13:12:58","slug":"reference-list-installation","status":"publish","type":"page","link":"https:\/\/konferenztechnik.de\/en\/about-us-en\/reference-list-installation\/","title":{"rendered":"Reference list installation"},"content":{"rendered":"<h1>Reference list installation<\/h1>\n<ul>\n<li>1. FC Union Berlin e.V.<\/li>\n<li>Adolf W\u00fcrth GmbH &amp; Co. KG Corporate Headquarters K\u00fcnzelsau<\/li>\n<li>Answers GmbH \u2013 Berlin<\/li>\n<li>August Storck KG Berlin<\/li>\n<li>A\u00dcW Allg\u00e4uer \u00dcberlandwerk GmbH Kempten<\/li>\n<li>Ardex GmbH \u2013 Witten<\/li>\n<li>Berlin Cathedral Berlin<\/li>\n<li>Beuth University of Applied Sciences Berlin<\/li>\n<li>Embassy of the United States Berlin<\/li>\n<li>Federal Ministry of Labor and Social Affairs Berlin<\/li>\n<li>Federal Council Berlin<\/li>\n<li>CBC Cologne Broadcasting Center GmbH Cologne<\/li>\n<li>CCH Congress Center Hamburg<\/li>\n<li>CCD Congress Center D\u00fcsseldorf Messe D\u00fcsseldorf<\/li>\n<li>DEGES Deutsche Einheit Fernstra\u00dfenplanungs- und -bau GmbH Berlin<\/li>\n<li>Deutsche Apotheker- und \u00c4rztebank Head Office D\u00fcsseldorf<\/li>\n<li>Deutsche Bank AG Headquarters Frankfurt\/Main<\/li>\n<li>Deutschlandradio Berlin<\/li>\n<li>Ecolab Germany Monheim<\/li>\n<li>European Academy Berlin<\/li>\n<li>Fritz Thyssen Foundation \u2013 German Historical Institute Moscow<\/li>\n<li>Fritz Thyssen Foundation \u2013 House of Fritz Thyssen Foundation \u2013 Cologne<\/li>\n<li>GEA Refrigeration Germany GmbH \u2013 Berlin<\/li>\n<li>Municipality of Burbach<\/li>\n<li>Municipality of Dossenheim<\/li>\n<li>Gerda Henkel Foundation D\u00fcsseldorf<\/li>\n<li>GSK Stockmann &amp; Kollegen Law Firm Location Berlin<\/li>\n<li>Hostel Cologne \u2013 Cologne<\/li>\n<li>Ibero-American Institute Berlin<\/li>\n<li>Istituto Italiano di Cultura (Italian Cultural Institute) Berlin<\/li>\n<li>KfW Bank Berlin location<\/li>\n<li>Komatsu Mining Germany GmbH D\u00fcsseldorf<\/li>\n<li>District Savings Bank Heilbronn<\/li>\n<li>Berlin State Office for Health and Social Affairs (LAGeSo)<\/li>\n<li>District of Oder-Spree<\/li>\n<li>District of Stendal<\/li>\n<li>MAN Truck &amp; Bus Deutschland GmbH Berlin<\/li>\n<li>Museum for Communication Berlin<\/li>\n<li>Museum Art Palace D\u00fcsseldorf<\/li>\n<li>Normfest GmbH Velbert<\/li>\n<li>Town Hall Alt Landsberg Brandenburg<\/li>\n<li>Town Hall Falkensee Falkensee<\/li>\n<li>Rauch M\u00f6belwerke GmbH Freudenberg<\/li>\n<li>Robert Schumann Hall D\u00fcsseldorf<\/li>\n<li>Secretariat of the Conference of Ministers of Education in Berlin<\/li>\n<li>Senate Department for Labor, Integration and Women Berlin<\/li>\n<li>Senate Department for Economics, Technology and Research Berlin<\/li>\n<li>City of Mettmann<\/li>\n<li>Vodafone Services Group GmbH \u2013 Ratingen<\/li>\n<li>Weiss-Druck GmbH &amp; Co. KG \u2013 Monschau<\/li>\n<li>WILO AG Dortmund<\/li>\n<li>ZDF Mainz<\/li>\n<\/ul>","protected":false},"excerpt":{"rendered":"<p>References Installation and Sales 1. FC Union Berlin e.V. Adolf W\u00fcrth GmbH &amp; Co. KG Corporate Headquarters K\u00fcnzelsau Answers GmbH \u2013 Berlin August Storck KG Berlin A\u00dcW Allg\u00e4uer \u00dcberlandwerk GmbH Kempten Ardex GmbH \u2013 Witten Berlin Cathedral Berlin Beuth University of Applied Sciences Berlin United States Embassy Berlin Federal Ministry of Labor and Social Affairs Berlin Federal Council Berlin [...]<\/p>","protected":false},"author":1,"featured_media":45482,"parent":12,"menu_order":185,"comment_status":"closed","ping_status":"open","template":"page-right-sidebar.php","meta":{"_acf_changed":false,"footnotes":""},"class_list":["post-1565","page","type-page","status-publish","has-post-thumbnail","hentry"],"acf":[],"_links":{"self":[{"href":"https:\/\/konferenztechnik.de\/en\/wp-json\/wp\/v2\/pages\/1565","targetHints":{"allow":["GET"]}}],"collection":[{"href":"https:\/\/konferenztechnik.de\/en\/wp-json\/wp\/v2\/pages"}],"about":[{"href":"https:\/\/konferenztechnik.de\/en\/wp-json\/wp\/v2\/types\/page"}],"author":[{"embeddable":true,"href":"https:\/\/konferenztechnik.de\/en\/wp-json\/wp\/v2\/users\/1"}],"replies":[{"embeddable":true,"href":"https:\/\/konferenztechnik.de\/en\/wp-json\/wp\/v2\/comments?post=1565"}],"version-history":[{"count":0,"href":"https:\/\/konferenztechnik.de\/en\/wp-json\/wp\/v2\/pages\/1565\/revisions"}],"up":[{"embeddable":true,"href":"https:\/\/konferenztechnik.de\/en\/wp-json\/wp\/v2\/pages\/12"}],"wp:featuredmedia":[{"embeddable":true,"href":"https:\/\/konferenztechnik.de\/en\/wp-json\/wp\/v2\/media\/45482"}],"wp:attachment":[{"href":"https:\/\/konferenztechnik.de\/en\/wp-json\/wp\/v2\/media?parent=1565"}],"curies":[{"name":"wp","href":"https:\/\/api.w.org\/{rel}","templated":true}]}}