{"id":17853,"date":"2021-06-14T09:30:57","date_gmt":"2021-06-14T08:30:57","guid":{"rendered":"https:\/\/www.konferenztechnik.de\/?page_id=17853"},"modified":"2023-08-28T15:36:42","modified_gmt":"2023-08-28T13:36:42","slug":"training-professional-event-technology","status":"publish","type":"page","link":"https:\/\/konferenztechnik.de\/en\/training-professional-event-technology\/","title":{"rendered":"Training event technology specialist"},"content":{"rendered":"<h1><b>Training Event Technology Specialist (m\/f\/d)<\/b><\/h1>\n<p><img decoding=\"async\" src=\"https:\/\/konferenztechnik.de\/wp-content\/uploads\/2021\/06\/ausbildung-veranstaltungstechnik-2021-1.jpg\" alt=\"training-event-technician-2021\" class=\"alignleft size-full wp-image-17893\" title=\"\"><br \/>\n[column size=\"3-4\u2033 last=\"0\u2033]<br \/>\n[callout add_button=\"no\" button_text=\"Learn More\" button_url=\"#\" button_color=\"#a62055\u2033]<\/p>\n<h4><strong>All training positions for 2021 have been filled. Thank you for your numerous applications!<\/strong><\/h4>\n<p>[\/callout]<\/p>\n<p>We are offering an apprenticeship as an event technology specialist at our Berlin location for the 2021 training year. You can expect a versatile training in an established company with exciting activities, a great team and fun at work.<\/p>\n<h2><b>About us<\/b><\/h2>\n<p>PCS has been managing conferences, meetings and events since 1995 \u2013 whether classic, digital or hybrid. We successfully implement events with our years of experience. We offer rental, sales, installation and support of conference and AV media technology and are among the market leaders in simultaneous and remote interpreting technology. We operate studios at our locations for interpreters and for the implementation of digital and hybrid events.<\/p>\n<h2><b>Job description<\/b><\/h2>\n<p>The job as an event technology specialist is very versatile. You travel a lot, work in a wide variety of exciting locations and get to know many people. You will also be in charge of events with celebrities, artists and public figures. At events, you are usually part of a large team that successfully implements the event together. The job includes the following activities: you plan the use of technical equipment for and at events, set it up, operate it and oversee the running of conferences and events. You develop technical concepts and select suitable components for event technology. This includes audio, video, lighting and streaming technology. You prepare equipment for customers and assist with shipping and returns. You are the technical contact person for customers and provide technical support before, during and after the event. You have a varied working day with different tasks.<\/p>\n<h2><b>Training contents (excerpt)<\/b><\/h2>\n<p>[list icon=\"moon-checkmark\" color=\"#a62055\u2033]Key areas of focus with us are conference, simultaneous, audio and hybrid event technology[\/list].<br \/>\n[list icon=\"moon-checkmark\" color=\"#a62055\u2033]Setup and breakdown of sound, image, streaming and lighting equipment[\/list].<br \/>\n[list icon=\"moon-checkmark\" color=\"#a62055\u2033]Networking, setting up and commissioning conference and event technology[\/list].<br \/>\n[list icon=\"moon-checkmark\" color=\"#a62055\u2033]Design event engineering systems and operations[\/list].<br \/>\n[list icon=\"moon-checkmark\" color=\"#a62055\u2033]Operate these technical systems at rehearsals and events[\/list].<br \/>\n[list icon=\"moon-checkmark\" color=\"#a62055\u2033]Audio, video and lighting technology[\/list]<br \/>\n[list icon=\"moon-checkmark\" color=\"#a62055\u2033]Plan and execute projects[\/list].<br \/>\n[list icon=\"moon-checkmark\" color=\"#a62055\u2033]Communication leadership in business and with customers[\/list].<\/p>\n<p>[spacer size=\"20\u2033]<\/p>\n<h2><b>Duration of the training<\/b><\/h2>\n<p>Event technology specialist is a recognized training occupation and lasts 3 years.<\/p>\n<h2><b>Your strengths and interests<\/b><\/h2>\n<p>[list icon=\"moon-checkmark\" color=\"#a62055\u2033]You enjoy working in a team[\/list].<br \/>\n[list icon=\"moon-checkmark\" color=\"#a62055\u2033]You are open-minded to new things[\/list].<br \/>\n[list icon=\"moon-checkmark\" color=\"#a62055\u2033]You have a good technical understanding[\/list].<br \/>\n[list icon=\"moon-checkmark\" color=\"#a62055\u2033]You're an organizer[\/list].<br \/>\n[list icon=\"moon-checkmark\" color=\"#a62055\u2033]You have some manual dexterity[\/list].<br \/>\n[list icon=\"moon-checkmark\" color=\"#a62055\u2033]In school, you enjoyed physics, math, computer science, English and German[\/list].<br \/>\n[list icon=\"moon-checkmark\" color=\"#a62055\u2033]You're open to flexible work hours[\/list]<\/p>\n<p>[spacer size=\"20\u2033]<\/p>\n<h2><b>Requirements<\/b><\/h2>\n<p>[list icon=\"moon-checkmark\" color=\"#a62055\u2033]Minimum age 18 years[\/list]<br \/>\n[list icon=\"moon-checkmark\" color=\"#a62055\u2033]High school diploma, very good MSA or work experience in a technical profession[\/list].<br \/>\n[list icon=\"moon-checkmark\" color=\"#a62055\u2033]Class B driver's license or completion in sight[\/list].<\/p>\n<p>[spacer size=\"20\u2033]<\/p>\n<p>If this appeals to you, then apply to us for a training position as an event technology specialist! We offer you a varied training position in a great team in the heart of D\u00fcsseldorf.<\/p>\n<p>Your contact person is Gunnar Hermenau<\/p>\n<p>Please send us your application documents by e-mail to <a href=\"mailto:hermenau@konferenztechnik.de\" onclick=\"ga('send', 'event', 'Email-Klick', 'Kontakt Bewerbung');\"><b>hermenau@konferenztechnik.de<\/b><\/a> to.<\/p>\n<p>If you have any questions, just contact us; we are looking forward to meeting you!<\/p>\n<p>[\/column]<br \/>\n[column size=\"1-4\u2033 last=\"1\u2033]<\/p>\n<div class=\"box1-4\" style=\"margin-bottom: 0!important\">\n<b><span class=\"pcs-color\">Your contact person<\/span><\/b><br \/>\n<img fetchpriority=\"high\" decoding=\"async\" width=\"800\" height=\"533\" src=\"https:\/\/konferenztechnik.de\/wp-content\/uploads\/2013\/09\/gunnar_hermenau_pcs-gmbh.jpg\" alt=\"\" class=\"alignleft size-full wp-image-2301\" title=\"\" srcset=\"https:\/\/konferenztechnik.de\/wp-content\/uploads\/2013\/09\/gunnar_hermenau_pcs-gmbh.jpg 800w, https:\/\/konferenztechnik.de\/wp-content\/uploads\/2013\/09\/gunnar_hermenau_pcs-gmbh-300x200.jpg 300w, https:\/\/konferenztechnik.de\/wp-content\/uploads\/2013\/09\/gunnar_hermenau_pcs-gmbh-768x512.jpg 768w\" sizes=\"(max-width: 800px) 100vw, 800px\" \/><br \/>\n<b>Gunnar Hermenau<\/b><br \/>\nFeel free to call me<br \/>\n<a href=\"tel:+49 30 6959690 14\"><b>030 6959690 14<\/b><\/a><br \/>\nSend application to:<br \/>\n<span class=\"volleansicht\"><a href=\"mailto:hermenau@konferenztechnik.de\" onclick=\"ga('send', 'event', 'Email-Klick', 'Kontakt Beweerbung');\"><b>hermenau@konferenztechnik.de<\/b><\/a><br \/>\n<\/span><br \/>\n<span class=\"mobileansicht\"><a href=\"mailto:hermenau@konferenztechnik.de\" onclick=\"ga('send', 'event', 'Email-Klick', 'Kontakt Bewerbung');\">write<\/a><br \/>\n<\/span><\/p>\n<p>Please send application by e-mail.<\/br><br \/>\nIf you have any questions, just contact me.<\/div>\n<p>[\/column]<\/p>","protected":false},"excerpt":{"rendered":"<p>Ausbildung Fachkraft Veranstaltungstechnik (m\/w\/d) [column size=&#8220;3-4&#8243; last=&#8220;0&#8243;] [callout add_button=&#8220;no&#8220; button_text=&#8220;Learn More&#8220; button_url=&#8220;#&#8220; button_color=&#8220;#a62055&#8243;] Alle Ausbildungspl\u00e4tze f\u00fcr 2021 sind vergeben. Danke f\u00fcr eure zahlreichen Bewerbungen! [\/callout] Wir bieten f\u00fcr das Ausbildungsjahr 2021 eine Ausbildung zur Fachkraft f\u00fcr Veranstaltungstechnik an unserem Standort Berlin an. Dich erwartet eine vielseitige Ausbildung in einem etablierten Unternehmen mit spannenden T\u00e4tigkeiten, einem [&hellip;]<\/p>","protected":false},"author":1,"featured_media":45482,"parent":0,"menu_order":0,"comment_status":"closed","ping_status":"closed","template":"","meta":{"_acf_changed":false,"footnotes":""},"class_list":["post-17853","page","type-page","status-publish","has-post-thumbnail","hentry"],"acf":[],"_links":{"self":[{"href":"https:\/\/konferenztechnik.de\/en\/wp-json\/wp\/v2\/pages\/17853","targetHints":{"allow":["GET"]}}],"collection":[{"href":"https:\/\/konferenztechnik.de\/en\/wp-json\/wp\/v2\/pages"}],"about":[{"href":"https:\/\/konferenztechnik.de\/en\/wp-json\/wp\/v2\/types\/page"}],"author":[{"embeddable":true,"href":"https:\/\/konferenztechnik.de\/en\/wp-json\/wp\/v2\/users\/1"}],"replies":[{"embeddable":true,"href":"https:\/\/konferenztechnik.de\/en\/wp-json\/wp\/v2\/comments?post=17853"}],"version-history":[{"count":0,"href":"https:\/\/konferenztechnik.de\/en\/wp-json\/wp\/v2\/pages\/17853\/revisions"}],"wp:featuredmedia":[{"embeddable":true,"href":"https:\/\/konferenztechnik.de\/en\/wp-json\/wp\/v2\/media\/45482"}],"wp:attachment":[{"href":"https:\/\/konferenztechnik.de\/en\/wp-json\/wp\/v2\/media?parent=17853"}],"curies":[{"name":"wp","href":"https:\/\/api.w.org\/{rel}","templated":true}]}}