{"id":18403,"date":"2021-09-23T15:21:14","date_gmt":"2021-09-23T14:21:14","guid":{"rendered":"https:\/\/www.konferenztechnik.de\/?page_id=18403"},"modified":"2023-07-05T10:49:31","modified_gmt":"2023-07-05T08:49:31","slug":"zoom-events","status":"publish","type":"page","link":"https:\/\/konferenztechnik.de\/en\/zoom-events\/","title":{"rendered":"Zoom Events"},"content":{"rendered":"<div data-elementor-type=\"wp-page\" data-elementor-id=\"18403\" class=\"elementor elementor-18403\" data-elementor-post-type=\"page\">\n\t\t\t\t\t\t<section data-particle_enable=\"false\" data-particle-mobile-disabled=\"false\" class=\"elementor-section elementor-top-section elementor-element elementor-element-6d5079df elementor-section-boxed elementor-section-height-default elementor-section-height-default\" data-id=\"6d5079df\" data-element_type=\"section\">\n\t\t\t\t\t\t<div class=\"elementor-container elementor-column-gap-default\">\n\t\t\t\t\t<div class=\"elementor-column elementor-col-100 elementor-top-column elementor-element elementor-element-748553c3\" data-id=\"748553c3\" data-element_type=\"column\">\n\t\t\t<div class=\"elementor-widget-wrap elementor-element-populated\">\n\t\t\t\t\t\t<div class=\"elementor-element elementor-element-1b99b6e elementor-widget elementor-widget-text-editor\" data-id=\"1b99b6e\" data-element_type=\"widget\" data-widget_type=\"text-editor.default\">\n\t\t\t\t<div class=\"elementor-widget-container\">\n\t\t\t\t\t\t\t\t\t<h1>Zoom Events \u2013 Create, host and manage online events with the Zoom Events platform.<\/h1>\n<img fetchpriority=\"high\" decoding=\"async\" class=\"alignleft size-full wp-image-18533\" src=\"https:\/\/konferenztechnik.de\/wp-content\/uploads\/2021\/09\/zoomevents-deutschland.png\" alt=\"Book Zoom Events in Germany\" width=\"1920\" height=\"865\" title=\"\" srcset=\"https:\/\/konferenztechnik.de\/wp-content\/uploads\/2021\/09\/zoomevents-deutschland.png 1920w, https:\/\/konferenztechnik.de\/wp-content\/uploads\/2021\/09\/zoomevents-deutschland-300x135.png 300w, https:\/\/konferenztechnik.de\/wp-content\/uploads\/2021\/09\/zoomevents-deutschland-1024x461.png 1024w, https:\/\/konferenztechnik.de\/wp-content\/uploads\/2021\/09\/zoomevents-deutschland-768x346.png 768w, https:\/\/konferenztechnik.de\/wp-content\/uploads\/2021\/09\/zoomevents-deutschland-1536x692.png 1536w\" sizes=\"(max-width: 1920px) 100vw, 1920px\" \/>\n\n<img decoding=\"async\" src=\"https:\/\/konferenztechnik.de\/wp-content\/uploads\/2021\/09\/ze-logo-300x43.png\" alt=\"Zoom Events\" width=\"300\" height=\"43\" title=\"\">\n\nThe Zoom Events platform meets the needs to execute customized virtual experiences easily and efficiently.\n\nZoom Events is an all-in-one platform for virtual and hybrid events of various formats and sizes. We support you in planning and creation and ensure data protection-compliant and secure execution with our servers in Germany.\n\nZoom Events offers everything you need to confidently create virtual or hybrid events. Work with our Zoom experts to create and optimize your event. We'll provide you with a DSGVO-compliant infrastructure and advise and support you with Zoom Meetings, Zoom Webinars, and Zoom Events.\n\nTalk to our experts about what's already possible with Zoom Events.\n<div class=\"box1-4\" style=\"margin-bottom: 0!important; margin-top: 0px;\"><b><span class=\"pcs-color\">Consulting and planning<\/span><\/b>\n<img decoding=\"async\" class=\"alignleft size-full wp-image-18690\" src=\"https:\/\/konferenztechnik.de\/wp-content\/uploads\/2021\/11\/Christian-becker-pcs-gmbh-foto-thomas-arendt-1.jpg\" alt=\"Christian Becker - PCS GmbH\" title=\"\"><\/div>\n<div><\/div>\n<div><\/div>\n<div><\/div>\n<div><\/div>\n<div><\/div>\n<div><\/div>\n<div><\/div>\n<div><\/div>\n<div><\/div>\n<div><\/div>\n<div><\/div>\n<div><\/div>\n<div><\/div>\n<div><\/div>\n<div><\/div>\n<div><\/div>\n<div><\/div>\n<div><\/div>\n<div><\/div>\n<div><\/div>\n<div><\/div>\n<div><\/div>\n<div><\/div>\n<div class=\"box1-4\" style=\"margin-bottom: 0!important; margin-top: 0px;\">Just give us a call!\n<a href=\"tel:08007274624\"><b>0800 727 46 24<\/b><\/a>\nOr write an email to:\n<span class=\"volleansicht\"><a href=\"mailto:info@konferenztechnik.de\">info@konferenztechnik.de<\/a>\n<\/span>\n<span class=\"mobileansicht\"><a href=\"mailto:info@konferenztechnik.de\">write<\/a>\n<\/span><\/div>\n<div id=\"newscontainer\">\n<div class=\"newskasten\"><img decoding=\"async\" class=\"alignleft size-medium wp-image-18461\" src=\"https:\/\/konferenztechnik.de\/wp-content\/uploads\/2021\/09\/datensicherheit-300x221.png\" alt=\"Zoom Events - Your data safe with PCS\" width=\"300\" height=\"221\" title=\"\" srcset=\"https:\/\/konferenztechnik.de\/wp-content\/uploads\/2021\/09\/datensicherheit-300x221.png 300w, https:\/\/konferenztechnik.de\/wp-content\/uploads\/2021\/09\/datensicherheit.png 336w\" sizes=\"(max-width: 300px) 100vw, 300px\" \/>\n<h3 class=\"pcs-color\"><strong>Data security<\/strong><\/h3>\nMonitoring and documentation by PCS data protection specialists\n\n<\/div>\n<div class=\"newskasten\"><img loading=\"lazy\" decoding=\"async\" class=\"alignleft size-medium wp-image-18494\" src=\"https:\/\/konferenztechnik.de\/wp-content\/uploads\/2021\/09\/zoom-dsvgo-1-300x221.png\" alt=\"Zoom Events - Data protection compliant, DSGVO\" width=\"300\" height=\"221\" title=\"\" srcset=\"https:\/\/konferenztechnik.de\/wp-content\/uploads\/2021\/09\/zoom-dsvgo-1-300x221.png 300w, https:\/\/konferenztechnik.de\/wp-content\/uploads\/2021\/09\/zoom-dsvgo-1.png 336w\" sizes=\"(max-width: 300px) 100vw, 300px\" \/>\n<h3 class=\"pcs-color\"><strong>Data protection compliant<\/strong><\/h3>\nHost conferences, on German servers in accordance with German and European data protection law\n\n<\/div>\n<div class=\"newskasten\"><img loading=\"lazy\" decoding=\"async\" class=\"alignleft size-medium wp-image-18479\" src=\"https:\/\/konferenztechnik.de\/wp-content\/uploads\/2021\/09\/anmeldung-300x221.png\" alt=\"Zoom Events - Ticketing, Registration\" width=\"300\" height=\"221\" title=\"\" srcset=\"https:\/\/konferenztechnik.de\/wp-content\/uploads\/2021\/09\/anmeldung-300x221.png 300w, https:\/\/konferenztechnik.de\/wp-content\/uploads\/2021\/09\/anmeldung.png 336w\" sizes=\"(max-width: 300px) 100vw, 300px\" \/>\n<h3 class=\"pcs-color\"><strong>Ticketing, registration<\/strong><\/h3>\nVariable, comprehensive logon system integrated\n\n<\/div>\n<div class=\"newskasten\"><img loading=\"lazy\" decoding=\"async\" class=\"alignleft size-medium wp-image-18507\" src=\"https:\/\/konferenztechnik.de\/wp-content\/uploads\/2021\/09\/flexible-300x221.png\" alt=\"Zoom Events - Flexibly scalable\" width=\"300\" height=\"221\" title=\"\">\n<h3 class=\"pcs-color\"><strong>Flexible and scalable<\/strong><\/h3>\nMost different formats and sizes covered\n\n<\/div>\n<div class=\"newskasten\"><img loading=\"lazy\" decoding=\"async\" class=\"alignleft size-medium wp-image-18498\" src=\"https:\/\/konferenztechnik.de\/wp-content\/uploads\/2021\/09\/allinone-300x221.png\" alt=\"Zoom Events - book at PCS konferenztechnik.de\" width=\"300\" height=\"221\" title=\"\">\n<h3 class=\"pcs-color\"><strong>Best quality from one source<\/strong><\/h3>\nOptimal transmission quality and complete event platform\n\n<\/div>\n<\/div>\n<div style=\"background-color: #f7f7f7; padding-left: 20px; padding-right: 20px; padding-top: 30px;\">\n<h3><strong>Registrations and ticket management<\/strong><\/h3>\nEasy registration and ticketing of your attendees is built in. You can set the number of free and paid tickets, allow group purchases, gift options or donations. Registration and ticketing are personalizable.\n<h3><strong>Public and private events<\/strong><\/h3>\nYou can host free and paid events for both public and private events.\n<h3><strong>Variety of event formats<\/strong><\/h3>\nPlan single events, series of events, multiple sessions or parallel meetings. One-day, multi-day and of course with the option to publish recordings after the event. You can generally decide whether you want to make an event available live or on demand.\n<h3><strong>Lobby, landing page, event hub<\/strong><\/h3>\nZoom Events offers an easy way to create a starting point (landing page, event hub) of your event. These can also be public or private and used with custom URLs.\n<h3><strong>Exchange, networking<\/strong><\/h3>\nAll participants can network in a lobby, chat with sponsors and exhibitors, and exchange contact information.\n<h3><strong>Collaboration and collaboration<\/strong><\/h3>\nIntegrate different apps to promote collaboration, such as Miro boards, Trello, Mentimeter, but also Microsoft Teams, Slack or Google Workspace. Zoom itself has announced the development of its own high-quality whiteboard (09\/13\/2021), which will also enable VR collaboration in the future.\n<h3><strong>Multilingual<\/strong><\/h3>\nWe enable multilingual and simultaneous interpreted virtual events with Zoom Events\n<h3><strong>Documentation and evaluation<\/strong><\/h3>\nYou can track and document registrations, attendance, ticket sales, revenue. Zoom Events provides analytics that help you evaluate and improve your events.\n\n<\/div>\n<h2><strong>Organize Zoom Events in compliance with data protection regulations<\/strong><\/h2>\nZoom Events is based on Zoom's reliable video and chat technology. We rate Zoom's technology and infrastructure as the highest quality and most reliable on the market and, with our own Zoom servers in Germany, we offer you DSGVO-compliant virtual and hybrid events, i.e. events conducted strictly in accordance with German data protection law.\n<h2><strong>PCS is Zoom Events provider<\/strong><\/h2>\nUse our extensive Zoom licenses for your events. Our experts support you with setup, hosting and personalization and are available as contact persons for all issues. Of course, we also support you if you already have your own Zoom Events licenses.\n\nGet to know Zoom Events. We offer you an easy and quick start. You can also arrange a demo appointment to get to know the functions and backend.\n\nTalk to our experts about what is already possible with Zoom Events today.\n<h2><b>You might also be interested in<\/b><\/h2>\n<a title=\"Hybrid events\" href=\"\/en\/hybrid-events\/\">Hybrid events<\/a>\n<a title=\"Flexible event concepts\" href=\"\/en\/flexible-event-concepts\/\">Flexible event concepts<\/a>\n<a href=\"https:\/\/konferenztechnik.de\/en\/remote-interpreting-2\/\">Remote Interpreting, Hubs and Studios<\/a>\n\n\n<a href=\"https:\/\/konferenztechnik.de\/en\/videoconference\/\">Video conferencing systems<\/a>\n<a href=\"https:\/\/konferenztechnik.de\/en\/streaming-tech-rent\/\">Rent streaming technology<\/a>\n<a href=\"https:\/\/konferenztechnik.de\/en\/rental-conference-technology\/av-technology-microphones-sound-technology-projectors\/\">Audio, video and transmission technology<\/a>\n<div class=\"box1-4 medium-size-txt\" style=\"margin-bottom: 0!important;\">\n<h2><b><span class=\"pcs-color medium-size-txt\">Your event experts<\/span><\/b><\/h2>\nOur Zoom Events experts will be happy to help you answer your questions, give you advice, prepare a personal quote or individual project planning.\n\n<img loading=\"lazy\" decoding=\"async\" class=\"alignleft size-full wp-image-18120\" src=\"https:\/\/konferenztechnik.de\/wp-content\/uploads\/2021\/08\/Sebastian-Meyer-PCS-GmbH-konferenztechnik-small.jpg\" alt=\"Sebastian Meyer - PCS-GmbH - Project planning\" width=\"150\" height=\"150\" title=\"\">\n<img loading=\"lazy\" decoding=\"async\" class=\"alignleft size-full wp-image-17771\" src=\"https:\/\/konferenztechnik.de\/wp-content\/uploads\/2021\/06\/christian-becker-pcs-gmbh.jpg\" alt=\"Christian Becker - PCS GmbH - Event Planning\" width=\"150\" height=\"150\" title=\"\">\n<img loading=\"lazy\" decoding=\"async\" class=\"alignleft size-full wp-image-17774\" src=\"https:\/\/konferenztechnik.de\/wp-content\/uploads\/2021\/06\/sebastian-gegusch-pcs-gmbh.jpg\" alt=\"Sebastian Gegusch - PCS GmbH - Project Planning\" width=\"150\" height=\"150\" title=\"\">\n\n<span class=\"medium-size-txt\">\nJust give us a call!\n<a href=\"tel:08007274624\"><b>0800 727 46 24<\/b><\/a><\/span>\n\nSend us an email at:\n<span class=\"volleansicht\"><a href=\"mailto:info@konferenztechnik.de\">info@konferenztechnik.de<\/a>\n<\/span>\n<span class=\"mobileansicht\"><a href=\"mailto:info@konferenztechnik.de\">write<\/a>\n<\/span>\n\nChat with us or use our callback service\n<h2>Arrange callback<\/h2>\n<\/div>\t\t\t\t\t\t\t\t<\/div>\n\t\t\t\t<\/div>\n\t\t\t\t\t<\/div>\n\t\t<\/div>\n\t\t\t\t\t<\/div>\n\t\t<\/section>\n\t\t\t\t<\/div>","protected":false},"excerpt":{"rendered":"<p>Zoom Events \u2013 Online-Events erstellen, hosten und verwalten mit der Zoom Events-Plattform Die Zoom Events-Plattform erf\u00fcllt die Bed\u00fcrfnisse, individuelle virtuelle Erlebnisse einfach und effizient durchzuf\u00fchren. Zoom Events ist eine All-in-one-Plattform f\u00fcr virtuelle und hybride Events unterschiedlichster Formate und Gr\u00f6\u00dfenordnungen. Wir unterst\u00fctzen Sie bei der Planung und Erstellung und sorgen mit unseren Servern in Deutschland f\u00fcr [&hellip;]<\/p>","protected":false},"author":1,"featured_media":45482,"parent":0,"menu_order":0,"comment_status":"closed","ping_status":"closed","template":"","meta":{"_acf_changed":false,"footnotes":""},"class_list":["post-18403","page","type-page","status-publish","has-post-thumbnail","hentry"],"acf":[],"_links":{"self":[{"href":"https:\/\/konferenztechnik.de\/en\/wp-json\/wp\/v2\/pages\/18403","targetHints":{"allow":["GET"]}}],"collection":[{"href":"https:\/\/konferenztechnik.de\/en\/wp-json\/wp\/v2\/pages"}],"about":[{"href":"https:\/\/konferenztechnik.de\/en\/wp-json\/wp\/v2\/types\/page"}],"author":[{"embeddable":true,"href":"https:\/\/konferenztechnik.de\/en\/wp-json\/wp\/v2\/users\/1"}],"replies":[{"embeddable":true,"href":"https:\/\/konferenztechnik.de\/en\/wp-json\/wp\/v2\/comments?post=18403"}],"version-history":[{"count":0,"href":"https:\/\/konferenztechnik.de\/en\/wp-json\/wp\/v2\/pages\/18403\/revisions"}],"wp:featuredmedia":[{"embeddable":true,"href":"https:\/\/konferenztechnik.de\/en\/wp-json\/wp\/v2\/media\/45482"}],"wp:attachment":[{"href":"https:\/\/konferenztechnik.de\/en\/wp-json\/wp\/v2\/media?parent=18403"}],"curies":[{"name":"wp","href":"https:\/\/api.w.org\/{rel}","templated":true}]}}