{"id":18772,"date":"2022-01-13T13:17:51","date_gmt":"2022-01-13T12:17:51","guid":{"rendered":"https:\/\/www.konferenztechnik.de\/?page_id=18772"},"modified":"2023-07-05T14:29:08","modified_gmt":"2023-07-05T12:29:08","slug":"interpreting-studios-berlin","status":"publish","type":"page","link":"https:\/\/konferenztechnik.de\/en\/interpreting-studios-berlin\/","title":{"rendered":"Interpreting studios Berlin"},"content":{"rendered":"<h1 class=\"pcs-color\"><b>PCS Interpreting Studios Berlin K\u00f6penicker Stra\u00dfe 154<\/b><\/h1>\n<p><iframe class=\"maps-full\" style=\"border: 0;\" src=\"https:\/\/www.google.com\/maps\/embed?pb=!1m18!1m12!1m3!1d2428.532610250432!2d13.427603016006886!3d52.505699645041084!2m3!1f0!2f0!3f0!3m2!1i1024!2i768!4f13.1!3m3!1m2!1s0x47a84e37d9891a73%3A0xee3a2da62f925ce!2sK%C3%B6penicker%20Str.%20154%2C%2010997%20Berlin!5e0!3m2!1sde!2sde!4v1641994730437!5m2!1sde!2sde\" allowfullscreen=\"allowfullscreen\"><\/iframe><\/p>\n<p>Modern interpreting studios are currently being built at our new location, centrally located, professional and comfortable. With over 50 workstations, this is the largest interpreting hub for simultaneous interpreting in Germany: DSGVO-compliant streaming to conferences, events, broadcast studios, meetings and video conferences.<\/p>\n<p>Our service on site: Individual support by technicians, event coordination, catering, green screen studio, coworking spaces, lounge.<\/p>\n<p><img decoding=\"async\" class=\"alignleft size-full wp-image-18760\" src=\"https:\/\/konferenztechnik.de\/wp-content\/uploads\/2022\/01\/koep-1.jpg\" alt=\"Dolmetsch Hubs - PCS GmbH K\u00f6penicker Stra\u00dfe 154\" title=\"\"><\/p>\n<div class=\"small-text\">\n<h2 class=\"pcs-color\">Address<\/h2>\n<p>K\u00f6penicker Street 154<br \/>\nHouse J<br \/>\n10997 Berlin<br \/>\nTel. <a href=\"\/en\/tel-2+49306959690\/\"><b>+49 30 6959690 0<\/b><\/a><br \/>\n<span class=\"volleansicht\">E-mail: <a href=\"mailto:berlin@konferenztechnik.de\">berlin@konferenztechnik.de<\/a><\/span><br \/>\n<span class=\"mobileansicht\">E-mail: <a href=\"mailto:berlin@konferenztechnik.de\">write<\/a><\/span><\/p>\n<h2 class=\"pcs-color\">Directions to us<\/h2>\n<p>You can reach us best from the stations Ostbahnhof (S-Bahn, Regionalbahn), U Heinrich-Heine-Stra\u00dfe (U-Bahn) or Bethaniendamm (Bus).<\/p>\n<p><b>From East Station<\/b><\/p>\n<ul>\n<li>On foot it is 900m, about 10 minutes.<\/li>\n<li>Take bus 140 in the direction of U Mehringdamm one stop to Bethaniendamm.<\/li>\n<li>Take bus 147 direction U Leopoldplatz one stop to Bethaniendamm.<\/li>\n<li>Alternatively, feel free to use cab, Uber, Freenow, e-scooters or bike sharing.<\/li>\n<\/ul>\n<p><b>From the U station Heinrich Heine Stra\u00dfe (U8)<\/b><\/p>\n<ul>\n<li>On foot it is 1000m, about 12 minutes.<\/li>\n<li>Take the 265 bus in the direction of S Sch\u00f6neweide and make three stops at Bethaniendamm.<\/li>\n<li>Take bus 147 in the direction of S Ostbahnhof and make three stops at Bethaniendamm.<\/li>\n<li>Alternatively, feel free to use cab, Uber, Freenow, e-scooters or bike sharing.<\/li>\n<\/ul>\n<p>Six free parking spaces are available in our courtyard. If these are occupied, you can park free of charge in the surrounding public space.<\/p>\n<p>For bicycles there are hangers to lock in the busy courtyard.<\/p>\n<ul>\n<li>Take the regional express RE7 directly from Terminal 1-2 to Ostbahnhof. From Ostbahnhof you can then get to us as described above.<\/li>\n<li>Take the airport express FEX directly from Terminal 1-2 to Ostkreuz and then one stop by S-Bahn (S 41, S3, S5, S7, RE1) to Ostbahnhof. From Ostbahnhof you can then get to us as described above.<\/li>\n<\/ul>\n<\/div>","protected":false},"excerpt":{"rendered":"<p>PCS Dolmetschstudios Berlin K\u00f6penicker Stra\u00dfe 154 An unserem neuen Standort entstehen aktuell moderne Dolmetschstudios, zentral gelegen, professionell und komfortabel. Mit \u00fcber 50 Arbeitspl\u00e4tzen ist dies der gr\u00f6\u00dfte Dolmetsch-Hub f\u00fcr Simultandolmetschen in Deutschland: DSGVO-konformes Streaming zu Konferenzen, Events, Broadcaststudios, Tagungen und Videokonferenzen. Unser Service vor Ort: Individuelle Betreuung durch Techniker:innen, Eventkoordination, Catering, Greenscreenstudio, Coworking-Spaces, Lounge. Adresse [&hellip;]<\/p>","protected":false},"author":1,"featured_media":45482,"parent":0,"menu_order":0,"comment_status":"closed","ping_status":"closed","template":"","meta":{"_acf_changed":false,"footnotes":""},"class_list":["post-18772","page","type-page","status-publish","has-post-thumbnail","hentry"],"acf":[],"_links":{"self":[{"href":"https:\/\/konferenztechnik.de\/en\/wp-json\/wp\/v2\/pages\/18772","targetHints":{"allow":["GET"]}}],"collection":[{"href":"https:\/\/konferenztechnik.de\/en\/wp-json\/wp\/v2\/pages"}],"about":[{"href":"https:\/\/konferenztechnik.de\/en\/wp-json\/wp\/v2\/types\/page"}],"author":[{"embeddable":true,"href":"https:\/\/konferenztechnik.de\/en\/wp-json\/wp\/v2\/users\/1"}],"replies":[{"embeddable":true,"href":"https:\/\/konferenztechnik.de\/en\/wp-json\/wp\/v2\/comments?post=18772"}],"version-history":[{"count":0,"href":"https:\/\/konferenztechnik.de\/en\/wp-json\/wp\/v2\/pages\/18772\/revisions"}],"wp:featuredmedia":[{"embeddable":true,"href":"https:\/\/konferenztechnik.de\/en\/wp-json\/wp\/v2\/media\/45482"}],"wp:attachment":[{"href":"https:\/\/konferenztechnik.de\/en\/wp-json\/wp\/v2\/media?parent=18772"}],"curies":[{"name":"wp","href":"https:\/\/api.w.org\/{rel}","templated":true}]}}