{"id":189,"date":"2013-06-28T11:30:55","date_gmt":"2013-06-28T09:30:55","guid":{"rendered":"https:\/\/pcs-miete.de\/?page_id=189"},"modified":"2023-09-01T14:06:42","modified_gmt":"2023-09-01T12:06:42","slug":"maintenance-and-repair","status":"publish","type":"page","link":"https:\/\/konferenztechnik.de\/en\/maintenance-and-repair\/","title":{"rendered":"Special designs, maintenance and repairs"},"content":{"rendered":"<h1>Special designs, maintenance and repairs<\/h1>\n<p>[rev_slider custom designs]<br \/>\n[spacer size=\"20\u2033]<\/p>\n<p>In after-sales support, our trained personnel and a well-equipped workshop are available to you for maintenance and repairs.<\/p>\n<p>Special solutions for installations and distribution are also created here. We offer customized, high-quality, multimedia solutions, matching your ideas, visual specifications and corporate design guidelines, planned by us in terms of engineering and expertly implemented.<\/p>\n<p>[column size=\"1-2\u2033 last=\"0\u2033]<br \/>\n<a href=\"https:\/\/konferenztechnik.de\/wp-content\/uploads\/2013\/08\/sonderanfertigung01.jpg\"><img fetchpriority=\"high\" decoding=\"async\" src=\"https:\/\/konferenztechnik.de\/wp-content\/uploads\/2013\/08\/sonderanfertigung01.jpg\" alt=\"special design01\" width=\"470\" height=\"400\" class=\"alignnone size-full wp-image-1610\" title=\"\" srcset=\"https:\/\/konferenztechnik.de\/wp-content\/uploads\/2013\/08\/sonderanfertigung01.jpg 470w, https:\/\/konferenztechnik.de\/wp-content\/uploads\/2013\/08\/sonderanfertigung01-300x255.jpg 300w\" sizes=\"(max-width: 470px) 100vw, 470px\" \/><\/a><br \/>\n[\/column]<\/p>\n<p>[column size=\"1-2\u2033 last=\"1\u2033]<br \/>\n<a href=\"https:\/\/konferenztechnik.de\/wp-content\/uploads\/2013\/08\/sonderanfertigung02.jpg\"><img decoding=\"async\" src=\"https:\/\/konferenztechnik.de\/wp-content\/uploads\/2013\/08\/sonderanfertigung02.jpg\" alt=\"special design02\" width=\"470\" height=\"400\" class=\"alignnone size-full wp-image-1611\" title=\"\" srcset=\"https:\/\/konferenztechnik.de\/wp-content\/uploads\/2013\/08\/sonderanfertigung02.jpg 470w, https:\/\/konferenztechnik.de\/wp-content\/uploads\/2013\/08\/sonderanfertigung02-300x255.jpg 300w\" sizes=\"(max-width: 470px) 100vw, 470px\" \/><\/a><br \/>\n[\/column]<\/p>\n<p>[column size=\"1-2\u2033 last=\"0\u2033]<br \/>\n<a href=\"https:\/\/konferenztechnik.de\/wp-content\/uploads\/2013\/08\/sonderanfertigung03.jpg\"><img decoding=\"async\" src=\"https:\/\/konferenztechnik.de\/wp-content\/uploads\/2013\/08\/sonderanfertigung03.jpg\" alt=\"special design03\" width=\"470\" height=\"400\" class=\"alignnone size-full wp-image-1612\" title=\"\" srcset=\"https:\/\/konferenztechnik.de\/wp-content\/uploads\/2013\/08\/sonderanfertigung03.jpg 470w, https:\/\/konferenztechnik.de\/wp-content\/uploads\/2013\/08\/sonderanfertigung03-300x255.jpg 300w\" sizes=\"(max-width: 470px) 100vw, 470px\" \/><\/a><br \/>\n[\/column]<\/p>\n<p>[column size=\"1-2\u2033 last=\"1\u2033]<br \/>\n<a href=\"https:\/\/konferenztechnik.de\/wp-content\/uploads\/2013\/08\/sonderanfertigung04.jpg\"><img loading=\"lazy\" decoding=\"async\" src=\"https:\/\/konferenztechnik.de\/wp-content\/uploads\/2013\/08\/sonderanfertigung04.jpg\" alt=\"special design04\" width=\"470\" height=\"400\" class=\"alignnone size-full wp-image-1613\" title=\"\" srcset=\"https:\/\/konferenztechnik.de\/wp-content\/uploads\/2013\/08\/sonderanfertigung04.jpg 470w, https:\/\/konferenztechnik.de\/wp-content\/uploads\/2013\/08\/sonderanfertigung04-300x255.jpg 300w\" sizes=\"(max-width: 470px) 100vw, 470px\" \/><\/a><br \/>\n[\/column]<\/p>\n<p>Need a washer for your 1950 conference system or a microphone in your company color? Talk to our custom design and repair department. Here, even the most unusual requests are daily business.<\/p>\n<p>[spacer size=\"30\u2033]<\/p>\n<h1>contact person<\/h1>\n<p>[spacer size=\"20\u2033]<br \/>\n[column size=\"1-2\u2033 last=\"0\u2033]<br \/>\n[tabs style=\"2\u2033]<br \/>\n[tab title=\"Conference accessories, video lifts, maintenance and repair\"]<br \/>\n<img decoding=\"async\" src=\"https:\/\/konferenztechnik.de\/wp-content\/uploads\/2013\/09\/sebastian_spree_pcs-gmbh2.jpg\" alt=\"Sebastian Spree\" class=\"alignleft size-full wp-image-2315\" title=\"\"><\/p>\n<p>Sebastian Spree<br \/>\nProject consultant<br \/>\nTel. +49 211 737798 24<br \/>\ne-mail <a href=\"mailto:spree@konferenztechnik.de\">spree@konferenztechnik.de<\/a><br \/>\nQR code <a href=\"https:\/\/konferenztechnik.de\/wp-content\/uploads\/2013\/09\/sebastian_spree_qrcode.png\">&#x9B; show<\/a><\/p>\n<p>[\/tab]<br \/>\n[\/tabs]<br \/>\n[\/column]<br \/>\n[column size=\"1-2\u2033 last=\"1\u2033]<\/p>\n<div class=\"weiterlinks2\">\n[tabs style=\"2\u2033]<br \/>\n[tab title=\"Related Links\"]<\/p>\n<ul>\n<li>&#x9B; <a href=\"\/en\/about-us-en\/reference-list-installation\/\" title=\"credentials\">References Installation and Integration<\/a><\/li>\n<li>&#x9B; <a href=\"\/en\/about-us-en\/10-good-reasons-for-pcs\/\" title=\"10 good reasons for PCS\">10 good reasons for PCS<\/a><\/li>\n<li>\u203a <a title=\"Distribution of conference and media technology\" href=\"\/en\/services\/sales-conference-and-media-technology\/\">Distribution of conference and media technology<\/a><\/li>\n<\/ul>\n<\/div>\n<p>[\/tab]<br \/>\n[\/tabs]<br \/>\n[\/column]<br \/>\n[spacer size=\"30\u2033]<\/p>","protected":false},"excerpt":{"rendered":"<p>Sonderanfertigungen, Wartungen und Reparaturen [rev_slider sonderanfertigungen] [spacer size=&#8220;20&#8243;] Im After-Sales-Support stehen Ihnen f\u00fcr Wartungen und Reparaturen unser geschultes Personal und eine bestens ausgestattete Werkstatt zur Verf\u00fcgung. Hier entstehen auch Sonderl\u00f6sungen f\u00fcr Installationen und Vertrieb. Wir bieten ma\u00dfgeschneiderte, hochwertige, multimediale L\u00f6sungen, passend zu Ihren Vorstellungen, visuellen Vorgaben und Corporate-Design-Richtlinien, von uns ingenieurtechnisch geplant und fachm\u00e4nnisch umgesetzt. [&hellip;]<\/p>","protected":false},"author":1,"featured_media":45482,"parent":0,"menu_order":245,"comment_status":"closed","ping_status":"open","template":"","meta":{"_acf_changed":false,"footnotes":""},"class_list":["post-189","page","type-page","status-publish","has-post-thumbnail","hentry"],"acf":[],"_links":{"self":[{"href":"https:\/\/konferenztechnik.de\/en\/wp-json\/wp\/v2\/pages\/189","targetHints":{"allow":["GET"]}}],"collection":[{"href":"https:\/\/konferenztechnik.de\/en\/wp-json\/wp\/v2\/pages"}],"about":[{"href":"https:\/\/konferenztechnik.de\/en\/wp-json\/wp\/v2\/types\/page"}],"author":[{"embeddable":true,"href":"https:\/\/konferenztechnik.de\/en\/wp-json\/wp\/v2\/users\/1"}],"replies":[{"embeddable":true,"href":"https:\/\/konferenztechnik.de\/en\/wp-json\/wp\/v2\/comments?post=189"}],"version-history":[{"count":0,"href":"https:\/\/konferenztechnik.de\/en\/wp-json\/wp\/v2\/pages\/189\/revisions"}],"wp:featuredmedia":[{"embeddable":true,"href":"https:\/\/konferenztechnik.de\/en\/wp-json\/wp\/v2\/media\/45482"}],"wp:attachment":[{"href":"https:\/\/konferenztechnik.de\/en\/wp-json\/wp\/v2\/media?parent=189"}],"curies":[{"name":"wp","href":"https:\/\/api.w.org\/{rel}","templated":true}]}}