{"id":18928,"date":"2022-03-30T14:02:02","date_gmt":"2022-03-30T13:02:02","guid":{"rendered":"https:\/\/www.konferenztechnik.de\/?page_id=18928"},"modified":"2023-08-28T15:44:31","modified_gmt":"2023-08-28T13:44:31","slug":"technical-coordination-and-support-interpretation-studios-d-w-m","status":"publish","type":"page","link":"https:\/\/konferenztechnik.de\/en\/career\/technical-coordination-and-support-interpretation-studios-d-w-m\/","title":{"rendered":"Technical coordination and support interpreting studios (d\/w\/m)"},"content":{"rendered":"<h1><b>Technical coordination and support interpreting studios (d\/w\/m)<\/b><\/h1>\n<p>[note color=\"#FFCC00\u2033]<br \/>\n[spacer size=\"20\u2033]<br \/>\nThe position has been filled in the meantime. Thank you for your applications!<br \/>\n[spacer size=\"20\u2033]<br \/>\n[\/note]<br \/>\n[column size=\"3-4\u2033 last=\"0\u2033]<\/p>\n<h2><b>Job Description<\/b><\/h2>\n<p>You are the central (technical) contact person for our Berlin studios with over 50 workstations for simultaneous interpreters. You will be responsible for the technical set-up, coordination and supervision of events in our studios and will take care of the follow-up work and any necessary rebuilding and dismantling work. Depending on the size of the event, you will work in a team with our technicians.<\/p>\n<p>[\/column]<br \/>\n[column size=\"1-4\u2033 last=\"1\u2033]<\/p>\n<div class=\"box1-4\">\n<img fetchpriority=\"high\" decoding=\"async\" width=\"800\" height=\"533\" src=\"https:\/\/konferenztechnik.de\/wp-content\/uploads\/2013\/09\/gunnar_hermenau_pcs-gmbh.jpg\" alt=\"gunnar_hermenau_pcs-gmbh\" class=\"alignleft size-full wp-image-2301\" title=\"\" srcset=\"https:\/\/konferenztechnik.de\/wp-content\/uploads\/2013\/09\/gunnar_hermenau_pcs-gmbh.jpg 800w, https:\/\/konferenztechnik.de\/wp-content\/uploads\/2013\/09\/gunnar_hermenau_pcs-gmbh-300x200.jpg 300w, https:\/\/konferenztechnik.de\/wp-content\/uploads\/2013\/09\/gunnar_hermenau_pcs-gmbh-768x512.jpg 768w\" sizes=\"(max-width: 800px) 100vw, 800px\" \/><br \/>\nPlease send applications to<br \/>\nGunnar Hermenau<br \/>\nTel. <a href=\"tel:+49\" 30 6959690 14\">+49 30 6959690 14<\/a><br \/>\n<span class=\"volleansicht\">e-mail <a href=\"mailto:hermenau@konferenztechnik.de\" onclick=\"ga('send', 'event', 'Email-Klick', 'Kontakt Hermenau');\">write<\/a><br \/>\n<\/span><br \/>\n<span class=\"mobileansicht\">e-mail <a href=\"mailto:hermenau@konferenztechnik.de\" onclick=\"ga('send', 'event', 'Email-Klick', 'Kontakt Hermenau');\">write<\/a><br \/>\n<\/span><\/div>\n<p>[\/column]<\/p>\n<h2><b>Your tasks<\/b><\/h2>\n<ul>\n<li>Set-up, operation and support of all technical equipment in our studios (focus on sound, lighting, image, event IT, interpreting technology)<\/li>\n<li>Preparation and follow-up of events in our studios<\/li>\n<li>Maintenance and servicing of our studio equipment<\/li>\n<li>Technical support before, during and after events<\/li>\n<li>Event coordination of digital events and hybrid events<\/li>\n<li>Set-up, setup, operation of event equipment at on-site events.<\/li>\n<\/ul>\n<p>[spacer size=\"20\u2033]<\/p>\n<h2><b>Your profile<\/b><\/h2>\n<ul>\n<li>Successfully completed training as an event technology specialist in the fields of audio engineering or event engineering or similar training \/ studies or several years of relevant professional experience<\/li>\n<li>Very good knowledge in the areas of audio, video, and interpreting technology as well as event IT<\/li>\n<li>Very good computer skills (PC\/Mac\/operating systems)<\/li>\n<li>Good knowledge of MS Office, MS Teams, Zoom or other video conferencing systems or event platforms<\/li>\n<li>Very good communication skills in German and good in English<\/li>\n<li>You enjoy working in a team and have a high level of organizational and communication skills<\/li>\n<li>You are reliable and keep the overview even in stressful situations<\/li>\n<\/ul>\n<p>[spacer size=\"20\u2033]<\/p>\n<h2><b>We offer<\/b><\/h2>\n<ul>\n<li>A permanent position with fairer pay<\/li>\n<li>A great and motivated team<\/li>\n<li>Flat hierarchies and short decision-making paths<\/li>\n<li>A centrally located, modern workplace<\/li>\n<li>Flexible working hours<\/li>\n<li>Company pension plan and supplementary dental insurance<\/li>\n<li>Job bike<\/li>\n<\/ul>","protected":false},"excerpt":{"rendered":"<p>Technische Koordination und Betreuung Dolmetschstudios (d\/w\/m) [note color=&#8220;#FFCC00&#8243;] [spacer size=&#8220;20&#8243;] Die Stelle ist mittlerweile besetzt. Vielen Dank f\u00fcr Ihre Bewerbungen! [spacer size=&#8220;20&#8243;] [\/note] [column size=&#8220;3-4&#8243; last=&#8220;0&#8243;] Stellenbeschreibung Du bist zentrale (technische) Ansprechperson f\u00fcr unsere Berliner Studios mit \u00fcber 50 Arbeitspl\u00e4tzen f\u00fcr Simultandolmetscher:innen. Du \u00fcbernimmst die technische Einrichtung, die Koordination und Betreuung von Events in unseren [&hellip;]<\/p>","protected":false},"author":1,"featured_media":45482,"parent":5827,"menu_order":0,"comment_status":"closed","ping_status":"closed","template":"","meta":{"_acf_changed":false,"footnotes":""},"class_list":["post-18928","page","type-page","status-publish","has-post-thumbnail","hentry"],"acf":[],"_links":{"self":[{"href":"https:\/\/konferenztechnik.de\/en\/wp-json\/wp\/v2\/pages\/18928","targetHints":{"allow":["GET"]}}],"collection":[{"href":"https:\/\/konferenztechnik.de\/en\/wp-json\/wp\/v2\/pages"}],"about":[{"href":"https:\/\/konferenztechnik.de\/en\/wp-json\/wp\/v2\/types\/page"}],"author":[{"embeddable":true,"href":"https:\/\/konferenztechnik.de\/en\/wp-json\/wp\/v2\/users\/1"}],"replies":[{"embeddable":true,"href":"https:\/\/konferenztechnik.de\/en\/wp-json\/wp\/v2\/comments?post=18928"}],"version-history":[{"count":0,"href":"https:\/\/konferenztechnik.de\/en\/wp-json\/wp\/v2\/pages\/18928\/revisions"}],"up":[{"embeddable":true,"href":"https:\/\/konferenztechnik.de\/en\/wp-json\/wp\/v2\/pages\/5827"}],"wp:featuredmedia":[{"embeddable":true,"href":"https:\/\/konferenztechnik.de\/en\/wp-json\/wp\/v2\/media\/45482"}],"wp:attachment":[{"href":"https:\/\/konferenztechnik.de\/en\/wp-json\/wp\/v2\/media?parent=18928"}],"curies":[{"name":"wp","href":"https:\/\/api.w.org\/{rel}","templated":true}]}}