{"id":2278,"date":"2013-09-20T14:10:18","date_gmt":"2013-09-20T12:10:18","guid":{"rendered":"https:\/\/konferenztechnik.de\/?page_id=2278"},"modified":"2023-07-05T14:29:38","modified_gmt":"2023-07-05T12:29:38","slug":"dynamics-and-effects","status":"publish","type":"page","link":"https:\/\/konferenztechnik.de\/en\/distribution-conference-and-av-media-technology\/audio-technology-microphones-sound-recording-direction-and-play\/dynamics-and-effects\/","title":{"rendered":"Dynamics and effects"},"content":{"rendered":"<h1>Dynamics and effects<\/h1>\n<h2>Nexia<\/h2>\n<p><a href=\"https:\/\/konferenztechnik.de\/wp-content\/uploads\/2013\/09\/Biamp_Nexia_CS_gross.jpg\"><img fetchpriority=\"high\" decoding=\"async\" width=\"603\" height=\"217\" class=\"alignleft size-full wp-image-2408\" src=\"https:\/\/konferenztechnik.de\/wp-content\/uploads\/2013\/09\/Biamp_Nexia_CS_gross.jpg\" alt=\"Nexia\" title=\"\" srcset=\"https:\/\/konferenztechnik.de\/wp-content\/uploads\/2013\/09\/Biamp_Nexia_CS_gross.jpg 603w, https:\/\/konferenztechnik.de\/wp-content\/uploads\/2013\/09\/Biamp_Nexia_CS_gross-300x108.jpg 300w\" sizes=\"(max-width: 603px) 100vw, 603px\" \/><\/a><\/p>\n<p>Nexia is a cost-effective digital audio system that can be freely programmed via a graphical interface. The Nexia series is available in various I\/O configurations, so the right device can be found quickly for any application. Up to four Nexia systems can be audio-coupled via the internal NexLink bus. Nexia is thus used in conference centers, multi-purpose halls, training rooms, the catering industry or anywhere a freely programmable audio system is required.<\/p>\n<h2>Nexia<\/h2>\n<p>The following Nexia types are available:<\/p>\n<ul>\n<li>Nexia CS: For microphone-intensive applications such as conference rooms<\/li>\n<li>Nexia PM: Specially suited for AV applications where both microphones and playback devices are used.<\/li>\n<li>Nexia SP: Ideal for applications where line signals need to be distributed to a larger number of outputs<\/li>\n<li>Nexia TC: Ideal for a wide range of teleconferencing applications<\/li>\n<li>Nexia VC: Ideal for a wide range of video conferencing applications<\/li>\n<\/ul>\n<h2>Sabine FBX-2400<\/h2>\n<p><a href=\"https:\/\/konferenztechnik.de\/wp-content\/uploads\/2013\/09\/Sabine_FBX1200-2400_gross.jpg\"><img decoding=\"async\" width=\"800\" height=\"75\" class=\"alignleft size-full wp-image-2407\" src=\"https:\/\/konferenztechnik.de\/wp-content\/uploads\/2013\/09\/Sabine_FBX1200-2400_gross.jpg\" alt=\"Sabine FBX-2400\" title=\"\" srcset=\"https:\/\/konferenztechnik.de\/wp-content\/uploads\/2013\/09\/Sabine_FBX1200-2400_gross.jpg 800w, https:\/\/konferenztechnik.de\/wp-content\/uploads\/2013\/09\/Sabine_FBX1200-2400_gross-300x28.jpg 300w, https:\/\/konferenztechnik.de\/wp-content\/uploads\/2013\/09\/Sabine_FBX1200-2400_gross-768x72.jpg 768w\" sizes=\"(max-width: 800px) 100vw, 800px\" \/><\/a><\/p>\n<p>With the <em>Sabine Feedback Exterminator<\/em> feedback can be suppressed automatically and reliably. The technology behind this is now in its fifth generation and now works with the new <em>SMARTFilter technology<\/em>.<\/p>\n<h2>Sabine FBX-2400<\/h2>\n<ul>\n<li>up to 12 automatic feedback filters per channel<\/li>\n<li>2 channels<\/li>\n<li>Audio in\/out via XLR<\/li>\n<li>1\/10 and 1\/5 octave switchable depending on application<\/li>\n<li>fixed and dynamic filters<\/li>\n<li>SMART filter technology<\/li>\n<\/ul>","protected":false},"excerpt":{"rendered":"<p>Dynamics und Effekte Nexia Nexia ist ein kosteneffektives digitales Audiosystem, das \u00fcber eine grafische Oberfl\u00e4che frei programmiert werden kann. Die Nexia-Serie ist in verschiedenen I\/O-Konfigurationen erh\u00e4ltlich, so l\u00e4sst sich f\u00fcr jede Anwendung schnell das passende Ger\u00e4t finden. Bis zu vier Nexia Systeme k\u00f6nnen \u00fcber den internen NexLink Bus miteinander audioseitig gekoppelt werden. Nexia kommt so [&hellip;]<\/p>","protected":false},"author":1,"featured_media":45482,"parent":1289,"menu_order":139,"comment_status":"closed","ping_status":"open","template":"","meta":{"_acf_changed":false,"footnotes":""},"class_list":["post-2278","page","type-page","status-publish","has-post-thumbnail","hentry"],"acf":[],"_links":{"self":[{"href":"https:\/\/konferenztechnik.de\/en\/wp-json\/wp\/v2\/pages\/2278","targetHints":{"allow":["GET"]}}],"collection":[{"href":"https:\/\/konferenztechnik.de\/en\/wp-json\/wp\/v2\/pages"}],"about":[{"href":"https:\/\/konferenztechnik.de\/en\/wp-json\/wp\/v2\/types\/page"}],"author":[{"embeddable":true,"href":"https:\/\/konferenztechnik.de\/en\/wp-json\/wp\/v2\/users\/1"}],"replies":[{"embeddable":true,"href":"https:\/\/konferenztechnik.de\/en\/wp-json\/wp\/v2\/comments?post=2278"}],"version-history":[{"count":0,"href":"https:\/\/konferenztechnik.de\/en\/wp-json\/wp\/v2\/pages\/2278\/revisions"}],"up":[{"embeddable":true,"href":"https:\/\/konferenztechnik.de\/en\/wp-json\/wp\/v2\/pages\/1289"}],"wp:featuredmedia":[{"embeddable":true,"href":"https:\/\/konferenztechnik.de\/en\/wp-json\/wp\/v2\/media\/45482"}],"wp:attachment":[{"href":"https:\/\/konferenztechnik.de\/en\/wp-json\/wp\/v2\/media?parent=2278"}],"curies":[{"name":"wp","href":"https:\/\/api.w.org\/{rel}","templated":true}]}}