{"id":24845,"date":"2023-04-18T10:22:58","date_gmt":"2023-04-18T08:22:58","guid":{"rendered":"http:\/\/dev.konferenztechnik.de\/?page_id=24845"},"modified":"2025-12-20T19:21:26","modified_gmt":"2025-12-20T18:21:26","slug":"associations-and-clubs","status":"publish","type":"page","link":"https:\/\/konferenztechnik.de\/en\/associations-and-clubs\/","title":{"rendered":"Associations and clubs"},"content":{"rendered":"<div data-elementor-type=\"wp-page\" data-elementor-id=\"24845\" class=\"elementor elementor-24845\" data-elementor-post-type=\"page\">\n\t\t\t\t<div data-particle_enable=\"false\" data-particle-mobile-disabled=\"false\" class=\"elementor-element elementor-element-d8aba58 e-flex e-con-boxed e-con e-parent\" data-id=\"d8aba58\" data-element_type=\"container\">\n\t\t\t\t\t<div class=\"e-con-inner\">\n\t\t\t\t<div class=\"elementor-element elementor-element-366d4e5 elementor-widget__width-inherit elementor-widget elementor-widget-heading\" data-id=\"366d4e5\" data-element_type=\"widget\" data-widget_type=\"heading.default\">\n\t\t\t\t<div class=\"elementor-widget-container\">\n\t\t\t\t\t<h1 class=\"elementor-heading-title elementor-size-default\">Clubs and associations<\/h1>\t\t\t\t<\/div>\n\t\t\t\t<\/div>\n\t\t\t\t<div class=\"elementor-element elementor-element-e4b6b7a elementor-widget elementor-widget-image\" data-id=\"e4b6b7a\" data-element_type=\"widget\" data-widget_type=\"image.default\">\n\t\t\t\t<div class=\"elementor-widget-container\">\n\t\t\t\t\t\t\t\t\t\t\t\t\t\t\t<img fetchpriority=\"high\" decoding=\"async\" width=\"1300\" height=\"486\" src=\"https:\/\/konferenztechnik.de\/wp-content\/uploads\/2023\/04\/verbaende-vereine-installation.jpg\" class=\"attachment-full size-full wp-image-24846\" alt=\"In a round of participants, some raise their hands, as probably a vote is taking place - here deputizing for our section 1TP10Federations and Associations&quot;\" srcset=\"https:\/\/konferenztechnik.de\/wp-content\/uploads\/2023\/04\/verbaende-vereine-installation.jpg 1300w, https:\/\/konferenztechnik.de\/wp-content\/uploads\/2023\/04\/verbaende-vereine-installation-300x112.jpg 300w, https:\/\/konferenztechnik.de\/wp-content\/uploads\/2023\/04\/verbaende-vereine-installation-1024x383.jpg 1024w, https:\/\/konferenztechnik.de\/wp-content\/uploads\/2023\/04\/verbaende-vereine-installation-768x287.jpg 768w, https:\/\/konferenztechnik.de\/wp-content\/uploads\/2023\/04\/verbaende-vereine-installation-18x7.jpg 18w\" sizes=\"(max-width: 1300px) 100vw, 1300px\" title=\"\">\t\t\t\t\t\t\t\t\t\t\t\t\t\t\t<\/div>\n\t\t\t\t<\/div>\n\t\t\t\t\t<\/div>\n\t\t\t\t<\/div>\n\t\t<div data-particle_enable=\"false\" data-particle-mobile-disabled=\"false\" class=\"elementor-element elementor-element-9deafd4 e-flex e-con-boxed e-con e-parent\" data-id=\"9deafd4\" data-element_type=\"container\">\n\t\t\t\t\t<div class=\"e-con-inner\">\n\t\t\t\t<div class=\"elementor-element elementor-element-66ea8b4 elementor-widget elementor-widget-heading\" data-id=\"66ea8b4\" data-element_type=\"widget\" data-settings=\"{&quot;_animation&quot;:&quot;none&quot;}\" data-widget_type=\"heading.default\">\n\t\t\t\t<div class=\"elementor-widget-container\">\n\t\t\t\t\t<h2 class=\"elementor-heading-title elementor-size-default\">Event and media technology for clubs and associations in Germany <\/h2>\t\t\t\t<\/div>\n\t\t\t\t<\/div>\n\t\t\t\t<div class=\"elementor-element elementor-element-d16fcf6 elementor-widget__width-inherit elementor-widget elementor-widget-text-editor\" data-id=\"d16fcf6\" data-element_type=\"widget\" data-widget_type=\"text-editor.default\">\n\t\t\t\t<div class=\"elementor-widget-container\">\n\t\t\t\t\t\t\t\t\t<p>With over 600,000 clubs and associations, the club system has a significant impact on social life in Germany. These organizations make an important contribution to culture, education, sports, and social engagement. We value this structure and have extensive experience in working with clubs, associations, and institutions.<\/p><p>\u00a0<\/p><p>In event and media technology projects, we support member meetings, conferences, conventions, and public events \u2013 with everything from professional audio and video technology and presentation systems to hybrid and digital event formats.<\/p><p>\u00a0<\/p><p>Working with clubs and associations gives us insights into different organizational structures, decision-making processes, and target groups. Diversity, participation, and transparent communication are key requirements that we support with reliable, user-friendly technology.<\/p><p>\u00a0<\/p><p>As a technical service provider, we enjoy cooperative partnerships and a high level of appreciation. These projects are characterized by clear goals, social relevance, and the demand for reliable, understandable, and sustainable media technology solutions.<\/p>\t\t\t\t\t\t\t\t<\/div>\n\t\t\t\t<\/div>\n\t\t\t\t\t<\/div>\n\t\t\t\t<\/div>\n\t\t<div data-particle_enable=\"false\" data-particle-mobile-disabled=\"false\" class=\"elementor-element elementor-element-455c20b e-flex e-con-boxed e-con e-parent\" data-id=\"455c20b\" data-element_type=\"container\" data-settings=\"{&quot;animation&quot;:&quot;none&quot;}\">\n\t\t\t\t\t<div class=\"e-con-inner\">\n\t\t\t\t<div class=\"elementor-element elementor-element-7734196 elementor-widget elementor-widget-heading\" data-id=\"7734196\" data-element_type=\"widget\" data-settings=\"{&quot;_animation&quot;:&quot;none&quot;}\" data-widget_type=\"heading.default\">\n\t\t\t\t<div class=\"elementor-widget-container\">\n\t\t\t\t\t<h2 class=\"elementor-heading-title elementor-size-default\">Frequent topics<\/h2>\t\t\t\t<\/div>\n\t\t\t\t<\/div>\n\t\t\t\t<div class=\"elementor-element elementor-element-d1cf50a elementor-widget__width-inherit smart-post-list-4-col elementor-widget elementor-widget-eael-post-list\" data-id=\"d1cf50a\" data-element_type=\"widget\" data-settings=\"{&quot;_animation&quot;:&quot;none&quot;}\" data-widget_type=\"eael-post-list.default\">\n\t\t\t\t<div class=\"elementor-widget-container\">\n\t\t\t\t\t<div class=\"eael-post-list-container advanced layout-advanced\"><div class=\"eael-post-list-wrap\"><div class=\"eael-post-list-posts-wrap eael-post-appender eael-post-appender-d1cf50a\"><div class=\"eael-post-list-post\"><div class=\"eael-post-list-post-inner\"><div class=\"eael-post-list-thumbnail\"><a href=\"https:\/\/konferenztechnik.de\/en\/guide-systems-rent-buy-install\/\">\n                <img decoding=\"async\" src=\"https:\/\/konferenztechnik.de\/wp-content\/uploads\/2023\/07\/personenfuehrungsanlage-mieten-kaufen-jpg.webp\" alt=\"Man speaks into microphone, spectator listens with tour guide system during a tour. Rent, buy, lease personal tour systems at PCS.\" title=\"\">\n            <\/a><\/div><div class=\"eael-post-list-content\"><h3 class=\"eael-post-list-title\"><a href=\"https:\/\/konferenztechnik.de\/en\/guide-systems-rent-buy-install\/\" >Passenger guidance systems<\/a><\/h3><p>Tour guide systems, guide systems, whispering systems or PFAs, headphones, microphones, charging units, transport cases, accessories<\/p><a href=\"https:\/\/konferenztechnik.de\/en\/guide-systems-rent-buy-install\/\" class=\"eael-post-elements-readmore-btn\" >\u203a more<\/a><div class=\"boxed-meta\"><\/div><\/div><\/div><\/div><div class=\"eael-post-list-post\"><div class=\"eael-post-list-post-inner\"><div class=\"eael-post-list-thumbnail\"><a href=\"https:\/\/konferenztechnik.de\/en\/conference-room-upgrade-create-ideal-conditions-for-video-conferencing\/\">\n                <img decoding=\"async\" src=\"https:\/\/konferenztechnik.de\/wp-content\/uploads\/2023\/03\/konferenzraum-upgrades.jpg\" alt=\"\" title=\"\">\n            <\/a><\/div><div class=\"eael-post-list-content\"><h3 class=\"eael-post-list-title\"><a href=\"https:\/\/konferenztechnik.de\/en\/conference-room-upgrade-create-ideal-conditions-for-video-conferencing\/\" >Conference room upgrade: Hybrid conference room<\/a><\/h3><p>A video stele, a cube: the video participants as a physical object in space. The...<\/p><a href=\"https:\/\/konferenztechnik.de\/en\/conference-room-upgrade-create-ideal-conditions-for-video-conferencing\/\" class=\"eael-post-elements-readmore-btn\" >\u203a more<\/a><div class=\"boxed-meta\"><\/div><\/div><\/div><\/div><div class=\"eael-post-list-post\"><div class=\"eael-post-list-post-inner\"><div class=\"eael-post-list-thumbnail\"><a href=\"https:\/\/konferenztechnik.de\/en\/pcs-conference-room-bundles-modern-hybrid-conference-rooms-at-favorable-conditions\/\">\n                <img decoding=\"async\" src=\"https:\/\/konferenztechnik.de\/wp-content\/uploads\/2023\/03\/konferenzraum-bundles.jpg\" alt=\"\" title=\"\">\n            <\/a><\/div><div class=\"eael-post-list-content\"><h3 class=\"eael-post-list-title\"><a href=\"https:\/\/konferenztechnik.de\/en\/pcs-conference-room-bundles-modern-hybrid-conference-rooms-at-favorable-conditions\/\" >Conference Room Bundles<\/a><\/h3><p>Interactive, hybrid wireless and flexible meeting rooms from 5.000 EUR<\/p><a href=\"https:\/\/konferenztechnik.de\/en\/pcs-conference-room-bundles-modern-hybrid-conference-rooms-at-favorable-conditions\/\" class=\"eael-post-elements-readmore-btn\" >\u203a more<\/a><div class=\"boxed-meta\"><\/div><\/div><\/div><\/div><div class=\"eael-post-list-post\"><div class=\"eael-post-list-post-inner\"><div class=\"eael-post-list-thumbnail\"><a href=\"https:\/\/konferenztechnik.de\/en\/interactive-displays-whiteboards-flipcharts\/\">\n                <img decoding=\"async\" src=\"https:\/\/konferenztechnik.de\/wp-content\/uploads\/2023\/04\/i3-displays-whiteboards-flipcharts-jpg.webp\" alt=\"2 I3 brand displays on movable tripods\" title=\"\">\n            <\/a><\/div><div class=\"eael-post-list-content\"><h3 class=\"eael-post-list-title\"><a href=\"https:\/\/konferenztechnik.de\/en\/interactive-displays-whiteboards-flipcharts\/\" >Interactive displays, whiteboards, flipcharts<\/a><\/h3><p>Our first choice for touch displays, whiteboards and digital flipcharts is often i3-Technologies.<\/p><a href=\"https:\/\/konferenztechnik.de\/en\/interactive-displays-whiteboards-flipcharts\/\" class=\"eael-post-elements-readmore-btn\" >\u203a more<\/a><div class=\"boxed-meta\"><\/div><\/div><\/div><\/div><div class=\"eael-post-list-post\"><div class=\"eael-post-list-post-inner\"><div class=\"eael-post-list-thumbnail\"><a href=\"https:\/\/konferenztechnik.de\/en\/hybrid-meeting-rooms-for-video-conferencing-2\/\">\n                <img decoding=\"async\" src=\"https:\/\/konferenztechnik.de\/wp-content\/uploads\/2023\/03\/hybride-besprechungsraeume.jpg\" alt=\"\" title=\"\">\n            <\/a><\/div><div class=\"eael-post-list-content\"><h3 class=\"eael-post-list-title\"><a href=\"https:\/\/konferenztechnik.de\/en\/hybrid-meeting-rooms-for-video-conferencing-2\/\" >Hybrid meeting rooms for video conferencing<\/a><\/h3><p>Optimal conditions in the room and for the connected participants and harmonious use...<\/p><a href=\"https:\/\/konferenztechnik.de\/en\/hybrid-meeting-rooms-for-video-conferencing-2\/\" class=\"eael-post-elements-readmore-btn\" >\u203a more<\/a><div class=\"boxed-meta\"><\/div><\/div><\/div><\/div><div class=\"eael-post-list-post\"><div class=\"eael-post-list-post-inner\"><div class=\"eael-post-list-thumbnail\"><a href=\"https:\/\/konferenztechnik.de\/en\/discussion-equipment-stations-rent-buy-install-lease\/\">\n                <img decoding=\"async\" src=\"https:\/\/konferenztechnik.de\/wp-content\/uploads\/2023\/06\/diskussionsanlage-sprechstellen-tischmikrofone.jpg\" alt=\"Table microphone units distributed on a conference table, with gooseneck microphones\" title=\"\">\n            <\/a><\/div><div class=\"eael-post-list-content\"><h3 class=\"eael-post-list-title\"><a href=\"https:\/\/konferenztechnik.de\/en\/discussion-equipment-stations-rent-buy-install-lease\/\" >Discussion systems, microphone units \u2013 rent, buy, install, lease<\/a><\/h3><p>Discussion systems, microphone units \u2013 rent, buy, install, lease<\/p><a href=\"https:\/\/konferenztechnik.de\/en\/discussion-equipment-stations-rent-buy-install-lease\/\" class=\"eael-post-elements-readmore-btn\" >\u203a more<\/a><div class=\"boxed-meta\"><\/div><\/div><\/div><\/div><div class=\"eael-post-list-post\"><div class=\"eael-post-list-post-inner\"><div class=\"eael-post-list-thumbnail\"><a href=\"https:\/\/konferenztechnik.de\/en\/vote-voting-events\/\">\n                <img decoding=\"async\" src=\"https:\/\/konferenztechnik.de\/wp-content\/uploads\/2023\/04\/abstimmen-events.jpg\" alt=\"Reconciliation icon\" title=\"\">\n            <\/a><\/div><div class=\"eael-post-list-content\"><h3 class=\"eael-post-list-title\"><a href=\"https:\/\/konferenztechnik.de\/en\/vote-voting-events\/\" >Vote, Voting<\/a><\/h3><p>Voting machines, online voting, digital voting: roll call votes, non-roll call votes, secret ballots....<\/p><a href=\"https:\/\/konferenztechnik.de\/en\/vote-voting-events\/\" class=\"eael-post-elements-readmore-btn\" >\u203a more<\/a><div class=\"boxed-meta\"><\/div><\/div><\/div><\/div><\/div><\/div>\n\t\t<\/div>\t\t\t\t<\/div>\n\t\t\t\t<\/div>\n\t\t\t\t\t<\/div>\n\t\t\t\t<\/div>\n\t\t<div data-particle_enable=\"false\" data-particle-mobile-disabled=\"false\" class=\"elementor-element elementor-element-eaddbcf e-flex e-con-boxed e-con e-parent\" data-id=\"eaddbcf\" data-element_type=\"container\">\n\t\t\t\t\t<div class=\"e-con-inner\">\n\t\t\t\t<div class=\"elementor-element elementor-element-7fa8348 elementor-widget__width-inherit elementor-widget elementor-widget-heading\" data-id=\"7fa8348\" data-element_type=\"widget\" data-widget_type=\"heading.default\">\n\t\t\t\t<div class=\"elementor-widget-container\">\n\t\t\t\t\t<h2 class=\"elementor-heading-title elementor-size-default\">References: Associations and clubs<\/h2>\t\t\t\t<\/div>\n\t\t\t\t<\/div>\n\t\t\t\t<div class=\"elementor-element elementor-element-28236df elementor-widget__width-inherit elementor-widget elementor-widget-text-editor\" data-id=\"28236df\" data-element_type=\"widget\" data-widget_type=\"text-editor.default\">\n\t\t\t\t<div class=\"elementor-widget-container\">\n\t\t\t\t\t\t\t\t\t<ul><li>Munich District and County Medical Association<\/li><li>Bavarian Riding and Driving Association e.V.<\/li><li>Association of German Architects, Saxony-Anhalt State Association e.V.<\/li><li>Federation of German Industries<\/li><li>Federal Association of the German Spirits Industry and Importers (BSI)<\/li><li>Federal Association of German Banks e.V.<\/li><li>Professional Association of German Nuclear Medicine Physicians e.V.<\/li><li>Federal Association of German Public Sector Banks V\u00d6B<\/li><li>Bundesverband Industrie Kommunikation e.V.<\/li><li>B\u00f6rsenverein des deutschen Buchhandels e.V.<\/li><li>Federal Association of Interpreters and Translators (BD\u00dc)<\/li><li>Caritas Association of the Diocese of Rottenburg-Stuttgart e.V.<\/li><li>German Savings Banks and Giro Association e.V.<\/li><li>German Central Association of Homeopathic Physicians Bavarian Association e.V.<\/li><li>DFB \u2013 German Football Association e.V.<\/li><li>Dieter Schwarz Foundation Nonprofit Ltd.<\/li><li>EUREGIO German-Dutch Special Purpose Association<\/li><li>Fachverband Biogas e.V.<\/li><li>Fritz Thyssen Foundation \u2013 House of Fritz Thyssen Foundation \u2013 Cologne<\/li><li>Gerda Henkel Foundation D\u00fcsseldorf<\/li><li>German Insurance Association (Gesamtverband der Deutschen Versicherungswirtschaft e. V.)<\/li><li>Association of Statutory Health Insurance Physicians Baden-W\u00fcrttemberg<\/li><li>Art Foundation NRW D\u00fcsseldorf<\/li><li>Lesbian and Gay Association LSVD\u00a0<\/li><li>Ravensbr\u00fcck Memorial and Remembrance Center<\/li><li>Naturland Association for Organic Agriculture e.V.<\/li><li>Parit\u00e4tischer Wohlfahrtsverband LV Berlin e.V.\u00a0<\/li><li>Donors' Association for the Promotion of Sciences and Humanities in Germany e.V.<\/li><li>UNITI Bundesverband mittelst\u00e4ndischer Mineral\u00f6lunternehmer e.V.<\/li><li>VDMA e.V. Precision Tools Association<\/li><li>Association of German Dioceses, Secretariat of the German Bishops' Conference<\/li><li>Association of Conference Interpreters VKD<\/li><li>Association of German Forest Nurseries<\/li><li>Association of German Kidney Centers (DN) e.V.<\/li><li>German Cement Works Association<\/li><\/ul>\t\t\t\t\t\t\t\t<\/div>\n\t\t\t\t<\/div>\n\t\t\t\t<div class=\"elementor-element elementor-element-b6366d1 elementor-icon-list--layout-traditional elementor-list-item-link-full_width elementor-widget elementor-widget-icon-list\" data-id=\"b6366d1\" data-element_type=\"widget\" data-widget_type=\"icon-list.default\">\n\t\t\t\t<div class=\"elementor-widget-container\">\n\t\t\t\t\t\t\t<ul class=\"elementor-icon-list-items\">\n\t\t\t\t\t\t\t<li class=\"elementor-icon-list-item\">\n\t\t\t\t\t\t\t\t\t\t\t<a href=\"\/en\/references\/\">\n\n\t\t\t\t\t\t\t\t\t\t\t\t<span class=\"elementor-icon-list-icon\">\n\t\t\t\t\t\t\t<svg aria-hidden=\"true\" class=\"e-font-icon-svg e-fas-chevron-right\" viewbox=\"0 0 320 512\" xmlns=\"http:\/\/www.w3.org\/2000\/svg\"><path d=\"M285.476 272.971L91.132 467.314c-9.373 9.373-24.569 9.373-33.941 0l-22.667-22.667c-9.357-9.357-9.375-24.522-.04-33.901L188.505 256 34.484 101.255c-9.335-9.379-9.317-24.544.04-33.901l22.667-22.667c9.373-9.373 24.569-9.373 33.941 0L285.475 239.03c9.373 9.372 9.373 24.568.001 33.941z\"><\/path><\/svg>\t\t\t\t\t\t<\/span>\n\t\t\t\t\t\t\t\t\t\t<span class=\"elementor-icon-list-text\">More references<\/span>\n\t\t\t\t\t\t\t\t\t\t\t<\/a>\n\t\t\t\t\t\t\t\t\t<\/li>\n\t\t\t\t\t\t<\/ul>\n\t\t\t\t\t\t<\/div>\n\t\t\t\t<\/div>\n\t\t\t\t\t<\/div>\n\t\t\t\t<\/div>\n\t\t<div data-particle_enable=\"false\" data-particle-mobile-disabled=\"false\" class=\"elementor-element elementor-element-567038e e-flex e-con-boxed e-con e-parent\" data-id=\"567038e\" data-element_type=\"container\">\n\t\t\t\t\t<div class=\"e-con-inner\">\n\t\t\t\t<div class=\"elementor-element elementor-element-9635f09 elementor-widget elementor-widget-shortcode\" data-id=\"9635f09\" data-element_type=\"widget\" data-widget_type=\"shortcode.default\">\n\t\t\t\t<div class=\"elementor-widget-container\">\n\t\t\t\t\t\t\t<div class=\"elementor-shortcode\"><\/div>\n\t\t\t\t\t\t<\/div>\n\t\t\t\t<\/div>\n\t\t\t\t\t<\/div>\n\t\t\t\t<\/div>\n\t\t<div data-particle_enable=\"false\" data-particle-mobile-disabled=\"false\" class=\"elementor-element elementor-element-14d115f e-flex e-con-boxed e-con e-parent\" data-id=\"14d115f\" data-element_type=\"container\">\n\t\t\t\t\t<div class=\"e-con-inner\">\n\t\t\t\t<div class=\"elementor-element elementor-element-0f53c4b elementor-widget elementor-widget-shortcode\" data-id=\"0f53c4b\" data-element_type=\"widget\" data-widget_type=\"shortcode.default\">\n\t\t\t\t<div class=\"elementor-widget-container\">\n\t\t\t\t\t\t\t<div class=\"elementor-shortcode\"><\/div>\n\t\t\t\t\t\t<\/div>\n\t\t\t\t<\/div>\n\t\t\t\t\t<\/div>\n\t\t\t\t<\/div>\n\t\t\t\t<\/div>","protected":false},"excerpt":{"rendered":"<p>Vereine und Verb\u00e4nde Veranstaltungs- und Medientechnik f\u00fcr Vereine und Verb\u00e4nde in Deutschland Mit \u00fcber 600.000 Vereinen und Verb\u00e4nden pr\u00e4gt das Vereinswesen ma\u00dfgeblich das gesellschaftliche Leben in Deutschland. Diese Organisationen leisten einen wichtigen Beitrag zu Kultur, Bildung, Sport und sozialem Engagement. Wir sch\u00e4tzen diese Struktur und verf\u00fcgen \u00fcber umfangreiche Erfahrung in der Zusammenarbeit mit Vereinen, Verb\u00e4nden [&hellip;]<\/p>","protected":false},"author":2,"featured_media":45482,"parent":0,"menu_order":0,"comment_status":"closed","ping_status":"closed","template":"","meta":{"_acf_changed":false,"footnotes":""},"class_list":["post-24845","page","type-page","status-publish","has-post-thumbnail","hentry"],"acf":[],"_links":{"self":[{"href":"https:\/\/konferenztechnik.de\/en\/wp-json\/wp\/v2\/pages\/24845","targetHints":{"allow":["GET"]}}],"collection":[{"href":"https:\/\/konferenztechnik.de\/en\/wp-json\/wp\/v2\/pages"}],"about":[{"href":"https:\/\/konferenztechnik.de\/en\/wp-json\/wp\/v2\/types\/page"}],"author":[{"embeddable":true,"href":"https:\/\/konferenztechnik.de\/en\/wp-json\/wp\/v2\/users\/2"}],"replies":[{"embeddable":true,"href":"https:\/\/konferenztechnik.de\/en\/wp-json\/wp\/v2\/comments?post=24845"}],"version-history":[{"count":0,"href":"https:\/\/konferenztechnik.de\/en\/wp-json\/wp\/v2\/pages\/24845\/revisions"}],"wp:featuredmedia":[{"embeddable":true,"href":"https:\/\/konferenztechnik.de\/en\/wp-json\/wp\/v2\/media\/45482"}],"wp:attachment":[{"href":"https:\/\/konferenztechnik.de\/en\/wp-json\/wp\/v2\/media?parent=24845"}],"curies":[{"name":"wp","href":"https:\/\/api.w.org\/{rel}","templated":true}]}}