{"id":3611,"date":"2013-10-24T14:19:31","date_gmt":"2013-10-24T12:19:31","guid":{"rendered":"https:\/\/konferenztechnik.de\/?page_id=3611"},"modified":"2023-09-01T14:06:28","modified_gmt":"2023-09-01T12:06:28","slug":"custom-built-maintenance-and-repairs","status":"publish","type":"page","link":"https:\/\/konferenztechnik.de\/en\/custom-built-maintenance-and-repairs\/","title":{"rendered":"Special designs, maintenance and repairs"},"content":{"rendered":"<h1>Special designs, maintenance and repairs<\/h1>\n<p>[rev_slider custom designs]<br \/>\n[spacer size=\"20\u2033]<\/p>\n<p>In after-sales support, our trained personnel and a well-equipped workshop are available to you for maintenance and repairs.<\/p>\n<p>Special solutions for installations and distribution are also created here. We offer customized, high-quality, multimedia solutions, matching your ideas, visual specifications and corporate design guidelines, planned by us in terms of engineering and expertly implemented.<\/p>\n<p><img decoding=\"async\" src=\"https:\/\/konferenztechnik.de\/wp-content\/uploads\/2016\/10\/sonderanfertigungen-medientechnik.jpg\" alt=\"custom-made media technology\" class=\"alignnone size-full wp-image-8476\" title=\"\"><\/p>\n<p><img decoding=\"async\" src=\"https:\/\/konferenztechnik.de\/wp-content\/uploads\/2016\/10\/medientechnik-sonderanfertigung.jpg\" alt=\"media technology custom design\" class=\"alignnone size-full wp-image-8477\" title=\"\"><\/p>\n<p>[callout add_button=\"no\" button_text=\"Learn More\" button_url=\"#\" button_color=\"#a62055\u2033]<br \/>\nNeed a washer for your 1950 conference system or a microphone in your company color? Talk to our custom design and repair department. Here, even the most unusual requests are daily business.<br \/>\n<img decoding=\"async\" src=\"\/wp-content\/uploads\/2016\/08\/retro-technik.jpg\" alt=\"retro technology\" class=\"alignnone size-full wp-image-7183\" title=\"\"><\/p>\n<p>[\/callout]<\/p>\n<div class=\"boxcontainer\">\n<div class=\"box1-2\">\n<h1>contact person<\/h1>\n<\/div>\n<div class=\"box1-2-order\">\n<h1>Related links<\/h1>\n<\/div>\n<div class=\"box1-4\">\n<div class=\"box-head\">Service and maintenance<\/div>\n<p><img decoding=\"async\" src=\"https:\/\/konferenztechnik.de\/wp-content\/uploads\/2018\/02\/rolandbaur.jpg\" alt=\"Roland Bauer - PCS GmbH\" class=\"alignleft size-full wp-image-12900\" title=\"\"><br \/>\nRoland Baur<br \/>\nProject consultant<br \/>\nTel. +49 211 737798 20<br \/>\n<span class=\"volleansicht\">e-mail <a href=\"mailto:vertrieb@konferenztechnik.de\" onclick=\"ga('send', 'event', 'Email-Klick', 'Kontakt Baur');\">write<\/a><br \/>\n<\/span><br \/>\n<span class=\"mobileansicht\">e-mail <a href=\"mailto:vertrieb@konferenztechnik.de\" onclick=\"ga('send', 'event', 'Email-Klick', 'Kontakt Baur');\">write<\/a><br \/>\n<\/span><\/div>\n<div class=\"box2-4-2\" style=\"order:1;\" >\n<div class=\"weiterlinks\">\n<ul>\n[list icon=\"moon-arrow-right-2\u2033 color=\"#a62055\u2033]<a title=\"Sales by product group\" href=\"\/en\/product-groups\/\">Sales by product group<\/a>[\/list]<br \/>\n[list icon=\"moon-arrow-right-2\u2033 color=\"#a62055\u2033]<a title=\"Distribution by manufacturer\" href=\"\/en\/manufacturer\/\">Distribution by manufacturer<\/a>[\/list]<br \/>\n[list icon=\"moon-arrow-right-2\u2033 color=\"#a62055\u2033]<a title=\"Special designs, maintenance and repairs\" href=\"\/en\/services\/maintenance-and-repair\/\">Special designs, maintenance and repairs<\/a>[\/list]<br \/>\n[list icon=\"moon-arrow-right-2\u2033 color=\"#a62055\u2033]<a title=\"10 good reasons for PCS\" href=\"\/en\/about-us-en\/10-good-reasons-for-pcs\/\">10 good reasons for PCS<\/a>[\/list]<br \/>\n[list icon=\"moon-arrow-right-2\u2033 color=\"#a62055\u2033]<a title=\"credentials\" href=\"\/en\/about-us-en\/reference-list-installation\/\">References Installation and Integration<\/a>[\/list]<br \/>\n[list icon=\"moon-arrow-right-2\u2033 color=\"#a62055\u2033]<a title=\"PCS: All services at a glance\" href=\"\/en\/services\/\">PCS: All services at a glance<\/a>[\/list]<\/ul>\n<\/div>\n<\/div>\n<\/div>\n<\/div>","protected":false},"excerpt":{"rendered":"<p>Sonderanfertigungen, Wartungen und Reparaturen [rev_slider sonderanfertigungen] [spacer size=&#8220;20&#8243;] Im After-Sales-Support stehen Ihnen f\u00fcr Wartungen und Reparaturen unser geschultes Personal und eine bestens ausgestattete Werkstatt zur Verf\u00fcgung. Hier entstehen auch Sonderl\u00f6sungen f\u00fcr Installationen und Vertrieb. Wir bieten ma\u00dfgeschneiderte, hochwertige, multimediale L\u00f6sungen, passend zu Ihren Vorstellungen, visuellen Vorgaben und Corporate-Design-Richtlinien, von uns ingenieurtechnisch geplant und fachm\u00e4nnisch umgesetzt. [&hellip;]<\/p>","protected":false},"author":1,"featured_media":45482,"parent":0,"menu_order":114,"comment_status":"closed","ping_status":"open","template":"","meta":{"_acf_changed":false,"footnotes":""},"class_list":["post-3611","page","type-page","status-publish","has-post-thumbnail","hentry"],"acf":[],"_links":{"self":[{"href":"https:\/\/konferenztechnik.de\/en\/wp-json\/wp\/v2\/pages\/3611","targetHints":{"allow":["GET"]}}],"collection":[{"href":"https:\/\/konferenztechnik.de\/en\/wp-json\/wp\/v2\/pages"}],"about":[{"href":"https:\/\/konferenztechnik.de\/en\/wp-json\/wp\/v2\/types\/page"}],"author":[{"embeddable":true,"href":"https:\/\/konferenztechnik.de\/en\/wp-json\/wp\/v2\/users\/1"}],"replies":[{"embeddable":true,"href":"https:\/\/konferenztechnik.de\/en\/wp-json\/wp\/v2\/comments?post=3611"}],"version-history":[{"count":0,"href":"https:\/\/konferenztechnik.de\/en\/wp-json\/wp\/v2\/pages\/3611\/revisions"}],"wp:featuredmedia":[{"embeddable":true,"href":"https:\/\/konferenztechnik.de\/en\/wp-json\/wp\/v2\/media\/45482"}],"wp:attachment":[{"href":"https:\/\/konferenztechnik.de\/en\/wp-json\/wp\/v2\/media?parent=3611"}],"curies":[{"name":"wp","href":"https:\/\/api.w.org\/{rel}","templated":true}]}}