{"id":6443,"date":"2016-04-07T15:41:05","date_gmt":"2016-04-07T14:41:05","guid":{"rendered":"https:\/\/konferenztechnik.de\/?page_id=6443"},"modified":"2023-09-01T12:08:03","modified_gmt":"2023-09-01T10:08:03","slug":"summer-cable-2","status":"publish","type":"page","link":"https:\/\/konferenztechnik.de\/en\/manufacturer\/summer-cable-2\/","title":{"rendered":"Summer Cable"},"content":{"rendered":"<p>[column size=\"1-2\u2033 last=\"0\u2033]<\/p>\n<h1>Summer Cable<\/h1>\n<p>[\/column]<br \/>\n[column size=\"1-2\u2033 last=\"1\u2033]<img decoding=\"async\" width=\"407\" height=\"74\" src=\"https:\/\/konferenztechnik.de\/wp-content\/uploads\/2016\/04\/logo-sommercable.jpg\" alt=\"Logo summer cable\" class=\"alignright size-full wp-image-6445\" title=\"\" srcset=\"https:\/\/konferenztechnik.de\/wp-content\/uploads\/2016\/04\/logo-sommercable.jpg 407w, https:\/\/konferenztechnik.de\/wp-content\/uploads\/2016\/04\/logo-sommercable-300x55.jpg 300w\" sizes=\"(max-width: 407px) 100vw, 407px\" \/>[\/column]<\/p>\n<p>Sommercable is the specialist for professional cable and connection technology, especially in audio, video, broadcast, studio and media technology.<\/p>\n<p><img fetchpriority=\"high\" decoding=\"async\" width=\"933\" height=\"425\" src=\"https:\/\/konferenztechnik.de\/wp-content\/uploads\/2016\/04\/sommercable-pcs.jpg\" alt=\"Summer cable at PCS\" class=\"alignleft size-full wp-image-6450\" title=\"\" srcset=\"https:\/\/konferenztechnik.de\/wp-content\/uploads\/2016\/04\/sommercable-pcs.jpg 933w, https:\/\/konferenztechnik.de\/wp-content\/uploads\/2016\/04\/sommercable-pcs-300x137.jpg 300w, https:\/\/konferenztechnik.de\/wp-content\/uploads\/2016\/04\/sommercable-pcs-768x350.jpg 768w\" sizes=\"(max-width: 933px) 100vw, 933px\" \/><\/p>\n<p>Sommercable not only offers the perfect cable for every application, but also perfect service, fast delivery times and solutions for individual requests. We also source active components, connector panels, adapters and many problem solvers for fixed installations from Sommercable.<\/p>\n<p>[column size=\"1-2\u2033 last=\"0\u2033]<\/p>\n<h2>Cable<\/h2>\n<p>Yard goods audio<br \/>\nMeter goods instrument<br \/>\nMeter goods Speaker<br \/>\nYard goods video<br \/>\nMeterware Fiber\/LAN\/CAT<br \/>\nMeter goods current\/control<br \/>\nYard goods hybrid\/combined<br \/>\nAudio\/speaker cables<br \/>\nBNC\/video cable<br \/>\nComputer \/ media cable<br \/>\nHiFi &amp; Home<br \/>\nInstrument cable<br \/>\nLoad\/power cable<br \/>\nMultichannel \/ Multicore<br \/>\nMicrophone cable<br \/>\nPatch\/adapter cable<br \/>\nStudio Looms<br \/>\nOther<br \/>\n[\/column]<\/p>\n<p>[column size=\"1-2\u2033 last=\"0\u2033]<\/p>\n<h2>Connector<\/h2>\n<p>Adapter<br \/>\nBNC\/Coax<br \/>\nCinch (RCA)<br \/>\nHiFi<br \/>\nJack\/Jack<br \/>\nLoad\/Power<br \/>\nMultichannel\/Multipin<br \/>\nRJ45\/CAT\/FIBER<br \/>\nSpeaker<br \/>\nXLR<br \/>\nOther<br \/>\nAccessories<br \/>\n[\/column]<\/p>\n<p>[column size=\"1-3\u2033 last=\"1\u2033]<\/p>\n<h2>Distribution systems<\/h2>\n<p>Connector panels 19\u2033<br \/>\nFixed installation<br \/>\nLoad\/Power<br \/>\nMultimedia\/Fiber\/Hybrid<br \/>\nSpeaker<br \/>\nStageboxes<br \/>\nStagereels<br \/>\nStage Multicores<br \/>\nSYSBOXX housing system<br \/>\nSYSBOARD wall offset box<br \/>\nSYSDESK Table top tank<br \/>\nSYSFLOOR floor tank frame<br \/>\nSYSPANEL 1U installation system<br \/>\nSYSWALL Wall Module System<br \/>\nAccessories<br \/>\n[\/column]<\/p>\n<p>[button link=\"https:\/\/konferenztechnik.de\/hersteller\/\" target=\"self\" icon=\"moon-arrow-left-9\u2033 color=\"#a62055\u2033 text=\"light\"]Back[\/button]<\/p>","protected":false},"excerpt":{"rendered":"<p>[column size=&#8220;1-2&#8243; last=&#8220;0&#8243;] Sommer Cable [\/column] [column size=&#8220;1-2&#8243; last=&#8220;1&#8243;][\/column] Sommercable ist der Spezialist f\u00fcr professionelle Kabel- und Anschlusstechnik, insbesondere in Sachen Audio, Video, Broadcast, Studio- und Medientechnik. Sommercable bietet nicht nur f\u00fcr jeden Anwendungsfall das perfekte Kabel, sondern auch perfekten Service, schnelle Lieferzeiten und L\u00f6sungen f\u00fcr individuelle Anfragen. Wir beziehen bei Sommercable au\u00dferdem aktive Komponenten, [&hellip;]<\/p>","protected":false},"author":1,"featured_media":45482,"parent":6152,"menu_order":41,"comment_status":"closed","ping_status":"closed","template":"","meta":{"_acf_changed":false,"footnotes":""},"class_list":["post-6443","page","type-page","status-publish","has-post-thumbnail","hentry"],"acf":[],"_links":{"self":[{"href":"https:\/\/konferenztechnik.de\/en\/wp-json\/wp\/v2\/pages\/6443","targetHints":{"allow":["GET"]}}],"collection":[{"href":"https:\/\/konferenztechnik.de\/en\/wp-json\/wp\/v2\/pages"}],"about":[{"href":"https:\/\/konferenztechnik.de\/en\/wp-json\/wp\/v2\/types\/page"}],"author":[{"embeddable":true,"href":"https:\/\/konferenztechnik.de\/en\/wp-json\/wp\/v2\/users\/1"}],"replies":[{"embeddable":true,"href":"https:\/\/konferenztechnik.de\/en\/wp-json\/wp\/v2\/comments?post=6443"}],"version-history":[{"count":0,"href":"https:\/\/konferenztechnik.de\/en\/wp-json\/wp\/v2\/pages\/6443\/revisions"}],"up":[{"embeddable":true,"href":"https:\/\/konferenztechnik.de\/en\/wp-json\/wp\/v2\/pages\/6152"}],"wp:featuredmedia":[{"embeddable":true,"href":"https:\/\/konferenztechnik.de\/en\/wp-json\/wp\/v2\/media\/45482"}],"wp:attachment":[{"href":"https:\/\/konferenztechnik.de\/en\/wp-json\/wp\/v2\/media?parent=6443"}],"curies":[{"name":"wp","href":"https:\/\/api.w.org\/{rel}","templated":true}]}}