{"id":6818,"date":"2016-08-02T16:20:57","date_gmt":"2016-08-02T14:20:57","guid":{"rendered":"https:\/\/konferenztechnik.de\/?page_id=6818"},"modified":"2023-07-05T15:03:35","modified_gmt":"2023-07-05T13:03:35","slug":"mobileconnect","status":"publish","type":"page","link":"https:\/\/konferenztechnik.de\/en\/mobileconnect\/","title":{"rendered":"MobileConnect"},"content":{"rendered":"<h1>Sennheiser MobileConnect and CinemaConnect<\/h1>\n<p>Sennheiser MobileConnect is the innovative system for barrier-free listening in theaters, operas and musicals. MobileConnect streams audio live via WLAN directly to the personal smartphone. Here, the audio signal is perfectly adapted to one's own hearing needs and then output via headphones or directly to the hearing aid \u2013 Hearing assistance made easy!<\/p>\n<h2>Simple and quick installation, no further fixed costs.<\/h2>\n<p><img fetchpriority=\"high\" decoding=\"async\" class=\"alignleft size-full wp-image-9964\" src=\"https:\/\/konferenztechnik.de\/wp-content\/uploads\/2016\/08\/sennheiser-mobileconnect-szenario.jpg\" alt=\"Sennheiser MobileConnect in use\" width=\"558\" height=\"428\" title=\"\" srcset=\"https:\/\/konferenztechnik.de\/wp-content\/uploads\/2016\/08\/sennheiser-mobileconnect-szenario.jpg 558w, https:\/\/konferenztechnik.de\/wp-content\/uploads\/2016\/08\/sennheiser-mobileconnect-szenario-300x230.jpg 300w\" sizes=\"(max-width: 558px) 100vw, 558px\" \/><\/p>\n<p>Integrates easily into any existing infrastructure and can be installed within a day. Simply connect the existing audio system with the ConnectStation and connect the WLAN access point of the MobileConnect network \u2013 ready. PCS GmbH offers complete order processing from planning the system to installation and integration into your existing environment.<\/p>\n<p>Once installed, MobileConnect incurs no maintenance or operating costs. With the personal cell phone as the end device \u2013 keyword \"Bring Your Own Device\" \u2013 there is no effort for battery handling, device issue or headset hygiene.<\/p>\n<h2>Assistant for your own hearing needs<\/h2>\n<p>The Personal Hearing Assistant, developed in cooperation with the Fraunhofer Institute for Digital Media Technology IDMT, allows particularly intuitive sound adjustment to personal needs. Not only the volume of the received audio signal, but also the speech intelligibility and sound characteristics can be easily adjusted via touch operation.<\/p>\n<p>\u203a <a href=\"https:\/\/www.innovationsforum.fraunhofer.de\/2016\/02\/fraunhofer-und-sennheiser-apps-fuer-massgeschneidertes-klangerlebnis\/\" target=\"_blank\" rel=\"noopener noreferrer\">Further information about the algorithm of the Fraunhofer Institute<\/a><\/p>\n<p><img decoding=\"async\" class=\"alignleft size-full wp-image-9967\" src=\"https:\/\/konferenztechnik.de\/wp-content\/uploads\/2016\/08\/sennheiser-mobileconnect-personal-hearing-idmt.jpg\" alt=\"sennheiser-mobileconnect-personal-hearing-idmt\" width=\"558\" height=\"428\" title=\"\" srcset=\"https:\/\/konferenztechnik.de\/wp-content\/uploads\/2016\/08\/sennheiser-mobileconnect-personal-hearing-idmt.jpg 558w, https:\/\/konferenztechnik.de\/wp-content\/uploads\/2016\/08\/sennheiser-mobileconnect-personal-hearing-idmt-300x230.jpg 300w\" sizes=\"(max-width: 558px) 100vw, 558px\" \/><\/p>\n<h2>A maximum of inclusion<\/h2>\n<p>MobileConnect opens up access to new visitor groups and offers participation in cultural life to all. In addition to hearing assistance, the system is also suitable for audio description or simultaneous interpretation \u2013 and thus reaches larger target groups than systems that are limited purely to hearing assistance.<\/p>\n<p><img decoding=\"async\" class=\"alignleft size-full wp-image-9968\" src=\"https:\/\/konferenztechnik.de\/wp-content\/uploads\/2016\/08\/sennheiser-mobileconnect-barrierefrei.jpg\" alt=\"sennheiser-mobileconnect-accessible\" width=\"558\" height=\"428\" title=\"\" srcset=\"https:\/\/konferenztechnik.de\/wp-content\/uploads\/2016\/08\/sennheiser-mobileconnect-barrierefrei.jpg 558w, https:\/\/konferenztechnik.de\/wp-content\/uploads\/2016\/08\/sennheiser-mobileconnect-barrierefrei-300x230.jpg 300w\" sizes=\"(max-width: 558px) 100vw, 558px\" \/><\/p>\n<h2>Other features of the MobileConnect system<\/h2>\n<p>Low latency audio streaming<br \/>\nTransmission of audio support, audio description and simultaneous interpretation<br \/>\nPersonal hearing assistant<br \/>\nBring Your Own Device (BYOD): no costs for device provisioning and maintenance or employee training<\/p>\n<p><img loading=\"lazy\" decoding=\"async\" width=\"558\" height=\"428\" class=\"alignleft size-full wp-image-9965\" src=\"https:\/\/konferenztechnik.de\/wp-content\/uploads\/2016\/08\/sennheiser-mobileconnect-kopfhoerer.jpg\" alt=\"sennheiser mobileconnect headphones\" title=\"\" srcset=\"https:\/\/konferenztechnik.de\/wp-content\/uploads\/2016\/08\/sennheiser-mobileconnect-kopfhoerer.jpg 558w, https:\/\/konferenztechnik.de\/wp-content\/uploads\/2016\/08\/sennheiser-mobileconnect-kopfhoerer-300x230.jpg 300w\" sizes=\"(max-width: 558px) 100vw, 558px\" \/><\/p>\n<p>Simply contact us if you have any questions about MobileConnect. We will be happy to advise you and help you plan and install the system.<\/p>\n<div class=\"boxcontainer\">\n<div class=\"box1-2\">\n<h1>contact person<\/h1>\n<\/div>\n<div class=\"box1-2-order\">\n<h1>Related links<\/h1>\n<\/div>\n<div class=\"box1-4\">\n<div class=\"box-head\">Distribution and sales<\/div>\n<\/div>\n<div class=\"box2-4-2\" style=\"order: 1;\">\n<div class=\"weiterlinks\"><a title=\"Sales by product group\" href=\"\/en\/product-groups\/\">Sales by product group<\/a><br \/>\n<a title=\"Distribution by manufacturer\" href=\"\/en\/manufacturer\/\">Distribution by manufacturer<\/a><br \/>\n<a title=\"Special designs, maintenance and repairs\" href=\"\/en\/services\/maintenance-and-repair\/\">Special designs, maintenance and repairs<\/a><br \/>\n<a title=\"10 good reasons for PCS\" href=\"\/en\/about-us-en\/10-good-reasons-for-pcs\/\">10 good reasons for PCS<\/a><br \/>\n<a title=\"credentials\" href=\"\/en\/about-us-en\/reference-list-installation\/\">References Installation and Integration<\/a><br \/>\n<a title=\"PCS: All services at a glance\" href=\"\/en\/services\/\">PCS: All services at a glance<\/a><\/p>\n<\/div>\n<\/div>\n<\/div>","protected":false},"excerpt":{"rendered":"<p>Sennheiser MobileConnect und CinemaConnect Sennheiser MobileConnect ist das innovative System f\u00fcr barrierefreies H\u00f6ren in Theater, Oper und Musical. MobileConnect streamt Audio live via WLAN direkt auf das pers\u00f6nliche Smartphone. Hier wird das Audiosignal perfekt an die eigenen H\u00f6rbed\u00fcrfnisse angepasst und dann \u00fcber Kopfh\u00f6rer oder direkt auf das H\u00f6rger\u00e4t ausgegeben &#8211; H\u00f6runterst\u00fctzung einfach gemacht! Einfache und [&hellip;]<\/p>","protected":false},"author":1,"featured_media":45482,"parent":0,"menu_order":75,"comment_status":"closed","ping_status":"closed","template":"","meta":{"_acf_changed":false,"footnotes":""},"class_list":["post-6818","page","type-page","status-publish","has-post-thumbnail","hentry"],"acf":[],"_links":{"self":[{"href":"https:\/\/konferenztechnik.de\/en\/wp-json\/wp\/v2\/pages\/6818","targetHints":{"allow":["GET"]}}],"collection":[{"href":"https:\/\/konferenztechnik.de\/en\/wp-json\/wp\/v2\/pages"}],"about":[{"href":"https:\/\/konferenztechnik.de\/en\/wp-json\/wp\/v2\/types\/page"}],"author":[{"embeddable":true,"href":"https:\/\/konferenztechnik.de\/en\/wp-json\/wp\/v2\/users\/1"}],"replies":[{"embeddable":true,"href":"https:\/\/konferenztechnik.de\/en\/wp-json\/wp\/v2\/comments?post=6818"}],"version-history":[{"count":0,"href":"https:\/\/konferenztechnik.de\/en\/wp-json\/wp\/v2\/pages\/6818\/revisions"}],"wp:featuredmedia":[{"embeddable":true,"href":"https:\/\/konferenztechnik.de\/en\/wp-json\/wp\/v2\/media\/45482"}],"wp:attachment":[{"href":"https:\/\/konferenztechnik.de\/en\/wp-json\/wp\/v2\/media?parent=6818"}],"curies":[{"name":"wp","href":"https:\/\/api.w.org\/{rel}","templated":true}]}}