{"id":9032,"date":"2017-02-14T15:14:06","date_gmt":"2017-02-14T14:14:06","guid":{"rendered":"https:\/\/www.konferenztechnik.de\/?page_id=9032\/"},"modified":"2017-02-14T15:14:06","modified_gmt":"2017-02-14T14:14:06","slug":"event-technology-conference-technology-rent-buy","status":"publish","type":"page","link":"https:\/\/konferenztechnik.de\/en\/event-technology-conference-technology-rent-buy\/","title":{"rendered":"Event &amp; Conference Equipment Rent \/ Buy in Berlin &amp; Munich"},"content":{"rendered":"<h1>Rent and buy event and conference equipment in Berlin and Munich<\/h1>\n<div class=\"call-action-slider-img\">\n<img fetchpriority=\"high\" decoding=\"async\" width=\"1200\" height=\"610\" src=\"https:\/\/konferenztechnik.de\/wp-content\/uploads\/2016\/10\/dolmetscherkabinen-mieten.jpg\" alt=\"Rent conference technology from PCS GmbH\" class=\"alignleft size-full wp-image-8570\" title=\"\" srcset=\"https:\/\/konferenztechnik.de\/wp-content\/uploads\/2016\/10\/dolmetscherkabinen-mieten.jpg 1200w, https:\/\/konferenztechnik.de\/wp-content\/uploads\/2016\/10\/dolmetscherkabinen-mieten-300x153.jpg 300w, https:\/\/konferenztechnik.de\/wp-content\/uploads\/2016\/10\/dolmetscherkabinen-mieten-1024x521.jpg 1024w, https:\/\/konferenztechnik.de\/wp-content\/uploads\/2016\/10\/dolmetscherkabinen-mieten-768x390.jpg 768w\" sizes=\"(max-width: 1200px) 100vw, 1200px\" \/><br \/>\n<button class=\"btn popmake-9771\">Request a quote,<br \/>in one hour<br \/>with you! &#x9B;<\/button>\n<\/div>\n<p>Conference technology and event technology of the highest quality has been offered to you since 1995 by the innovative company PCS Konferenztechnik with its four locations in Berlin, Munich, D\u00fcsseldorf and Heilbronn.<\/p>\n<p>The company is your partner if you want to rent, buy or have professionally installed conference technology. The support includes the complete conference equipment, event technology and AV media technology. Customers are offered full service in all areas of conference equipment and event technology when renting conference technology. The four locations Berlin, Munich, D\u00fcsseldorf and Heilbronn offer a wide range of manufacturers and systems. Of course, the installation and integration of the conference system or event technology is taken into account according to the structural conditions.<\/p>\n<p>Our technicians are happy to work in Berlin, Munich, D\u00fcsseldorf, Heilbronn as well as worldwide. The distribution of the technology and the support of events especially for Berlin, Munich and worldwide is gladly taken over by PCS GmbH. Of course, maintenance, repairs and also special designs belong to the services of the company.<\/p>\n<h2>Conference equipment rental, event equipment rental<\/h2>\n<p>It is possible to rent conference technology as well as media technology, event technology and interpreting technology. The associated support for conference equipment rental is possible through our technicians. The product range starts with a simple microphone and extends to simultaneous interpreting equipment with 32 languages. PCS GmbH will provide you with expert advice to ensure that your event is a success. Discussion systems, interpreting systems, guide systems, TED systems, audio and video technology, as well as audio, video and data streaming can be rented. You can see the technology in detail in Berlin, Munich, D\u00fcsseldorf and Heilbronn.<\/p>\n<h2><strong>Distribution of high-quality conference and AV media technology by PCS GmbH<\/strong><\/h2>\n<p>In addition to renting conference technology, PCS GmbH offers conference and media systems from renowned professional manufacturers for sale. No matter whether it is a small or a large project, we will be happy to deliver the appropriate technology and install it on request. This is possible at our locations in Berlin, Munich, D\u00fcsseldorf or Heilbronn as well as worldwide. Spare parts and accessories also for older devices are gladly delivered.<\/p>\n<h2>Special designs, maintenance and repairs of conference equipment, event technology and related equipment<\/h2>\n<p>A well-equipped workshop and trained specialist personnel are also available to you after the purchase of the conference technology. Special solutions for installation and distribution are gladly developed and manufactured at PCS Professional Conference Systems GmbH according to the requirements. Of course, the complete service of our technicians is guaranteed for rented equipment technology and solutions. At our four locations in Berlin, Munich, D\u00fcsseldorf and Heilbronn we are directly available for you.<\/p>\n<h2>Rent conference equipment and install media systems and event technology<\/h2>\n<p>The spectrum of PCS GmbH's fields of activity is wide. Thus, conference rooms of any kind, company headquarters, showrooms, meeting rooms, exhibitions, museums, lecture halls, stages, theaters, schools, hotels and studios for video conferencing are equipped with high-quality technology, such as a conference system, by PCS Professional Conference Systems GmbH. An intelligent and energy-saving conference system as well as individual installations can be realized. In construction projects, PCS GmbH is usually already involved in the planning phase of the conference system. Building services and system buses are connected to the conference system.<\/p>\n<h2>Support of events as technical service provider worldwide<\/h2>\n<p>PCS Professional Conference Systems GmbH began providing simultaneous interpreting services as early as 1995. In the meantime, more than 20,000 such events have been serviced in Berlin, Munich, D\u00fcsseldorf, Heilbronn as well as worldwide. A top-class range of technology for conference equipment rental as well as renowned interpreters guarantee optimum benefit for the client.<\/p>\n<h2>Training and service for interpreters perfectly implemented<\/h2>\n<p>Professional training of any kind, whether for technicians, interpreting services, speakers and managers, as well as personnel from the theater or the restaurant and hotel industry, guarantee the success factor for later appearances. The training department of PCS GmbH will be happy to provide you with comprehensive advice and support. A pleasant and professional training culture is guaranteed.<\/p>","protected":false},"excerpt":{"rendered":"<p>Veranstaltungstechnik und Konferenztechnik mieten und kaufen in Berlin und M\u00fcnchen Angebot anfordern,in einer Stundebei Ihnen! &#x9B; Konferenztechnik und Veranstaltungstechnik in h\u00f6chster Qualit\u00e4t bietet Ihnen seit 1995 das innovative Unternehmen PCS Konferenztechnik mit seinen vier Standorten Berlin, M\u00fcnchen, D\u00fcsseldorf und Heilbronn. Das Unternehmen ist Ihr Partner, wenn Sie Konferenztechnik mieten, kaufen oder fachgerecht installieren lassen m\u00f6chten. [&hellip;]<\/p>","protected":false},"author":1,"featured_media":45482,"parent":0,"menu_order":0,"comment_status":"closed","ping_status":"closed","template":"page-right-sidebar.php","meta":{"_acf_changed":false,"footnotes":""},"class_list":["post-9032","page","type-page","status-publish","has-post-thumbnail","hentry"],"acf":[],"_links":{"self":[{"href":"https:\/\/konferenztechnik.de\/en\/wp-json\/wp\/v2\/pages\/9032","targetHints":{"allow":["GET"]}}],"collection":[{"href":"https:\/\/konferenztechnik.de\/en\/wp-json\/wp\/v2\/pages"}],"about":[{"href":"https:\/\/konferenztechnik.de\/en\/wp-json\/wp\/v2\/types\/page"}],"author":[{"embeddable":true,"href":"https:\/\/konferenztechnik.de\/en\/wp-json\/wp\/v2\/users\/1"}],"replies":[{"embeddable":true,"href":"https:\/\/konferenztechnik.de\/en\/wp-json\/wp\/v2\/comments?post=9032"}],"version-history":[{"count":0,"href":"https:\/\/konferenztechnik.de\/en\/wp-json\/wp\/v2\/pages\/9032\/revisions"}],"wp:featuredmedia":[{"embeddable":true,"href":"https:\/\/konferenztechnik.de\/en\/wp-json\/wp\/v2\/media\/45482"}],"wp:attachment":[{"href":"https:\/\/konferenztechnik.de\/en\/wp-json\/wp\/v2\/media?parent=9032"}],"curies":[{"name":"wp","href":"https:\/\/api.w.org\/{rel}","templated":true}]}}