{"id":1138,"date":"2013-08-22T11:51:21","date_gmt":"2013-08-22T09:51:21","guid":{"rendered":"https:\/\/pcs-miete.de\/?page_id=1138"},"modified":"2023-07-05T10:51:17","modified_gmt":"2023-07-05T08:51:17","slug":"tecnologia-de-video","status":"publish","type":"page","link":"https:\/\/konferenztechnik.de\/es\/distribucion-de-tecnologia-de-conferencia-y-av-media\/tecnologia-de-video\/","title":{"rendered":"Tecnolog\u00eda de v\u00eddeo"},"content":{"rendered":"<div data-elementor-type=\"wp-page\" data-elementor-id=\"1138\" class=\"elementor elementor-1138\" data-elementor-post-type=\"page\">\n\t\t\t\t\t\t<section data-particle_enable=\"false\" data-particle-mobile-disabled=\"false\" class=\"elementor-section elementor-top-section elementor-element elementor-element-53805b0a elementor-section-boxed elementor-section-height-default elementor-section-height-default\" data-id=\"53805b0a\" data-element_type=\"section\">\n\t\t\t\t\t\t<div class=\"elementor-container elementor-column-gap-default\">\n\t\t\t\t\t<div class=\"elementor-column elementor-col-100 elementor-top-column elementor-element elementor-element-3b4c0ccb\" data-id=\"3b4c0ccb\" data-element_type=\"column\">\n\t\t\t<div class=\"elementor-widget-wrap elementor-element-populated\">\n\t\t\t\t\t\t<div class=\"elementor-element elementor-element-3e5afc49 elementor-widget elementor-widget-text-editor\" data-id=\"3e5afc49\" data-element_type=\"widget\" data-widget_type=\"text-editor.default\">\n\t\t\t\t<div class=\"elementor-widget-container\">\n\t\t\t\t\t\t\t\t\t<h1>Tecnolog\u00eda de v\u00eddeo<\/h1>\n<a href=\"\/es\/distribucion-de-tecnologia-de-conferencia-y-av-media\/tecnologia-de-video\/proyectores\/\"><img fetchpriority=\"high\" decoding=\"async\" class=\"alignleft size-full wp-image-1207\" src=\"https:\/\/konferenztechnik.de\/wp-content\/uploads\/2013\/08\/videotechnik01.jpg\" alt=\"Proyectores en PCS\" width=\"288\" height=\"198\" title=\"\"><\/a><a class=\"weiter\" title=\"Proyectores\" href=\"\/es\/distribucion-de-tecnologia-de-conferencia-y-av-media\/tecnologia-de-video\/proyectores\/\">\nProyectores<\/a>\n\n<a href=\"\/es\/distribucion-de-tecnologia-de-conferencia-y-av-media\/tecnologia-de-video\/pantallas\/\"><img decoding=\"async\" class=\"alignleft size-full wp-image-1208\" src=\"https:\/\/konferenztechnik.de\/wp-content\/uploads\/2013\/08\/videotechnik02.jpg\" alt=\"Pantallas y expositores\" width=\"288\" height=\"198\" title=\"\"><\/a><a href=\"\/es\/distribucion-de-tecnologia-de-conferencia-y-av-media\/tecnologia-de-video\/pantallas\/\">\nPantallas<\/a>\n\n<a href=\"\/es\/distribucion-de-tecnologia-de-conferencia-y-av-media\/tecnologia-de-video\/soportes-para-pantallas-y-proyectores\/\"><img decoding=\"async\" class=\"alignleft size-full wp-image-1209\" src=\"https:\/\/konferenztechnik.de\/wp-content\/uploads\/2013\/08\/videotechnik03.jpg\" alt=\"Soportes para proyectores\" width=\"288\" height=\"198\" title=\"\"><\/a><a href=\"\/es\/distribucion-de-tecnologia-de-conferencia-y-av-media\/tecnologia-de-video\/soportes-para-pantallas-y-proyectores\/\">\nSoportes<\/a>\n\n<a href=\"\/es\/distribucion-de-tecnologia-de-conferencia-y-av-media\/tecnologia-de-video\/sistemas-de-elevacion\/\"><img loading=\"lazy\" decoding=\"async\" class=\"alignnone size-full wp-image-1210\" src=\"https:\/\/konferenztechnik.de\/wp-content\/uploads\/2013\/08\/videotechnik04.jpg\" alt=\"Elevadores para proyectores y proyectores\" width=\"288\" height=\"198\" title=\"\"><\/a><a href=\"\/es\/distribucion-de-tecnologia-de-conferencia-y-av-media\/tecnologia-de-video\/sistemas-de-elevacion\/\">\nSistemas de elevaci\u00f3n<\/a>\n\n<a href=\"\/es\/distribucion-de-tecnologia-de-conferencia-y-av-media\/tecnologia-de-video\/vivienda\/\"><img loading=\"lazy\" decoding=\"async\" class=\"alignnone size-full wp-image-1211\" src=\"https:\/\/konferenztechnik.de\/wp-content\/uploads\/2013\/08\/videotechnik05.jpg\" alt=\"Carcasas para proyectores\" width=\"288\" height=\"198\" title=\"\"><\/a><a href=\"\/es\/distribucion-de-tecnologia-de-conferencia-y-av-media\/tecnologia-de-video\/vivienda\/\">\nCarcasas<\/a>\n\n<a href=\"\/es\/distribucion-de-tecnologia-de-conferencia-y-av-media\/tecnologia-de-video\/sistemas-y-camaras-de-videoconferencia\/\"><img loading=\"lazy\" decoding=\"async\" class=\"alignnone size-full wp-image-1213\" src=\"https:\/\/konferenztechnik.de\/wp-content\/uploads\/2013\/08\/videotechnik07.jpg\" alt=\"Sistemas y c\u00e1maras de videoconferencia\" width=\"288\" height=\"198\" title=\"\"><\/a><a href=\"\/es\/distribucion-de-tecnologia-de-conferencia-y-av-media\/tecnologia-de-video\/sistemas-y-camaras-de-videoconferencia\/\">\nSistemas de videoconferencia\ny c\u00e1maras<\/a>\n\n<a href=\"\/es\/distribucion-de-tecnologia-de-conferencia-y-av-media\/tecnologia-de-video\/visualizador\/\"><img loading=\"lazy\" decoding=\"async\" class=\"alignnone size-full wp-image-1214\" src=\"https:\/\/konferenztechnik.de\/wp-content\/uploads\/2013\/08\/videotechnik08.jpg\" alt=\"Visualizador en PCS\" width=\"288\" height=\"198\" title=\"\"><\/a><a href=\"\/es\/distribucion-de-tecnologia-de-conferencia-y-av-media\/tecnologia-de-video\/visualizador\/\">\nVisualizador<\/a>\n<div class=\"boxcontainer\">\n<div class=\"box1-2\">\n<h1>Persona de contacto<\/h1>\n<\/div>\n<div class=\"box1-2-order\">\n<h1>Otros enlaces<\/h1>\n<\/div>\n<div class=\"box1-4\">\n<div class=\"box-head\">Distribuci\u00f3n y venta<\/div>\n<\/div>\n<div class=\"box2-4-2\" style=\"order: 1;\">\n<div class=\"weiterlinks\"><a title=\"Distribuci\u00f3n por grupos de productos\" href=\"\/es\/grupos-de-productos\/\">Distribuci\u00f3n por grupos de productos<\/a>\n<a title=\"Distribuci\u00f3n por fabricante\" href=\"\/es\/fabricante\/\">Distribuci\u00f3n por fabricante<\/a>\n<a title=\"Productos a medida, mantenimiento y reparaciones\" href=\"\/es\/servicios-2\/mantenimiento-y-reparacion\/\">Productos a medida, mantenimiento y reparaciones<\/a>\n<a title=\"10 buenas razones para el PCS\" href=\"\/es\/quienes-somos\/10-buenas-razones-para-pcs\/\">10 buenas razones para el PCS<\/a>\n<a title=\"Referencias\" href=\"\/es\/quienes-somos\/lista-de-referencias-instalacion\/\">Referencias Instalaci\u00f3n e integraci\u00f3n<\/a>\n<a title=\"PCS: Todos los servicios de un vistazo\" href=\"\/es\/servicios-2\/\">PCS: Todos los servicios de un vistazo<\/a>\n\n<\/div>\n<\/div>\n<\/div>\t\t\t\t\t\t\t\t<\/div>\n\t\t\t\t<\/div>\n\t\t\t\t\t<\/div>\n\t\t<\/div>\n\t\t\t\t\t<\/div>\n\t\t<\/section>\n\t\t\t\t<\/div>","protected":false},"excerpt":{"rendered":"<p>Videotechnik Projektoren Bildschirme Halterungen Liftsysteme Housings Videokonferenzanlagen und Kameras Visualizer Ansprechpartner Weiterf\u00fchrende Links Vertrieb und Verkauf Vertrieb nach Produktgruppen Vertrieb nach Hersteller Sonderanfertigungen, Wartung und Reparaturen 10 gute Gr\u00fcnde f\u00fcr PCS Referenzen Installation und Integration PCS: Alle Leistungen im \u00dcberblick<\/p>","protected":false},"author":1,"featured_media":45482,"parent":3614,"menu_order":231,"comment_status":"closed","ping_status":"open","template":"","meta":{"_acf_changed":false,"footnotes":""},"class_list":["post-1138","page","type-page","status-publish","has-post-thumbnail","hentry"],"acf":[],"_links":{"self":[{"href":"https:\/\/konferenztechnik.de\/es\/wp-json\/wp\/v2\/pages\/1138","targetHints":{"allow":["GET"]}}],"collection":[{"href":"https:\/\/konferenztechnik.de\/es\/wp-json\/wp\/v2\/pages"}],"about":[{"href":"https:\/\/konferenztechnik.de\/es\/wp-json\/wp\/v2\/types\/page"}],"author":[{"embeddable":true,"href":"https:\/\/konferenztechnik.de\/es\/wp-json\/wp\/v2\/users\/1"}],"replies":[{"embeddable":true,"href":"https:\/\/konferenztechnik.de\/es\/wp-json\/wp\/v2\/comments?post=1138"}],"version-history":[{"count":0,"href":"https:\/\/konferenztechnik.de\/es\/wp-json\/wp\/v2\/pages\/1138\/revisions"}],"up":[{"embeddable":true,"href":"https:\/\/konferenztechnik.de\/es\/wp-json\/wp\/v2\/pages\/3614"}],"wp:featuredmedia":[{"embeddable":true,"href":"https:\/\/konferenztechnik.de\/es\/wp-json\/wp\/v2\/media\/45482"}],"wp:attachment":[{"href":"https:\/\/konferenztechnik.de\/es\/wp-json\/wp\/v2\/media?parent=1138"}],"curies":[{"name":"wp","href":"https:\/\/api.w.org\/{rel}","templated":true}]}}