{"id":1219,"date":"2013-08-23T10:29:49","date_gmt":"2013-08-23T08:29:49","guid":{"rendered":"https:\/\/pcs-miete.de\/?page_id=1219"},"modified":"2023-07-05T14:17:33","modified_gmt":"2023-07-05T12:17:33","slug":"pantallas","status":"publish","type":"page","link":"https:\/\/konferenztechnik.de\/es\/distribucion-de-tecnologia-de-conferencia-y-av-media\/tecnologia-de-video\/pantallas\/","title":{"rendered":"Pantallas"},"content":{"rendered":"<h1>Pantallas<\/h1>\n<p>Hoy en d\u00eda, las pantallas son cada vez m\u00e1s grandes, de mayor resoluci\u00f3n, m\u00e1s resistentes a la intemperie, m\u00e1s resistentes a los ara\u00f1azos, m\u00e1s baratas \u2013 y a un ritmo vertiginoso. Aqu\u00ed presentamos una peque\u00f1a selecci\u00f3n de pantallas a modo de ejemplo.<\/p>\n<p>Al menos igual de importantes en este \u00e1mbito son, por supuesto, todas las opciones de montaje, como los soportes de pared, los soportes de techo y los soportes de suelo para las pantallas. Tambi\u00e9n aqu\u00ed tenemos una gran selecci\u00f3n de opciones.<\/p>\n<h2>Pantalla LCD de 52\u2033 con resoluci\u00f3n Full HD<\/h2>\n<p><a href=\"https:\/\/konferenztechnik.de\/wp-content\/uploads\/2013\/09\/Sony_LCD-Display_GXD-L52H1_gross.jpg\"><img fetchpriority=\"high\" decoding=\"async\" width=\"383\" height=\"300\" class=\"alignleft size-full wp-image-2415\" src=\"https:\/\/konferenztechnik.de\/wp-content\/uploads\/2013\/09\/Sony_LCD-Display_GXD-L52H1_gross.jpg\" alt=\" Pantalla LCD Full HD GXDL52H1 de Sony\" title=\"\" srcset=\"https:\/\/konferenztechnik.de\/wp-content\/uploads\/2013\/09\/Sony_LCD-Display_GXD-L52H1_gross.jpg 383w, https:\/\/konferenztechnik.de\/wp-content\/uploads\/2013\/09\/Sony_LCD-Display_GXD-L52H1_gross-300x235.jpg 300w\" sizes=\"(max-width: 383px) 100vw, 383px\" \/><\/a><\/p>\n<p>La primera pantalla LCD Full HD profesional GXDL52H1 de Sony ofrece una calidad de imagen extraordinaria, es extremadamente robusta y, por tanto, especialmente adecuada para un uso continuo. El nuevo sistema de ventilaci\u00f3n sin polvo y sin aberturas en la carcasa garantiza una refrigeraci\u00f3n eficaz, incluso cuando la pantalla se coloca en posici\u00f3n vertical.<\/p>\n<p>Otro punto a favor para una larga vida \u00fatil es el cristal protector estable y resistente a los golpes de la pantalla, que tambi\u00e9n puede soportar fuertes impactos directos.<\/p>\n<p>Por lo tanto, es la opci\u00f3n ideal para una amplia gama de entornos, como centros de transporte, bares, discotecas, tiendas y oficinas. Gracias a su compatibilidad con HDSDI, el dispositivo tambi\u00e9n es adecuado para diversas aplicaciones de radiodifusi\u00f3n y sanitarias.<\/p>\n<h2>Pantalla de plasma Full HD de 50\u2033<\/h2>\n<p><a href=\"https:\/\/konferenztechnik.de\/wp-content\/uploads\/2013\/09\/Panasonic_PlasmaDisplay_TH-50PF10_gross.jpg\"><img decoding=\"async\" width=\"404\" height=\"290\" class=\"alignleft size-full wp-image-2417\" src=\"https:\/\/konferenztechnik.de\/wp-content\/uploads\/2013\/09\/Panasonic_PlasmaDisplay_TH-50PF10_gross.jpg\" alt=\"Pantalla de plasma Full HD TH-50PF10EK de Panasonic\" title=\"\" srcset=\"https:\/\/konferenztechnik.de\/wp-content\/uploads\/2013\/09\/Panasonic_PlasmaDisplay_TH-50PF10_gross.jpg 404w, https:\/\/konferenztechnik.de\/wp-content\/uploads\/2013\/09\/Panasonic_PlasmaDisplay_TH-50PF10_gross-300x215.jpg 300w\" sizes=\"(max-width: 404px) 100vw, 404px\" \/><\/a><\/p>\n<p>La pantalla de plasma Full HD TH-50PF10EK de Panasonic ofrece una resoluci\u00f3n de alta definici\u00f3n (1920 x 1080 p\u00edxeles) y una impresionante relaci\u00f3n de contraste de 10.000:1. Un espacio de color de 68.700 millones de colores y una gran cantidad de nuevas tecnolog\u00edas permiten a las nuevas pantallas ofrecer una presentaci\u00f3n detallada e im\u00e1genes convincentes en todos los entornos y \u00e1mbitos de uso. Las nuevas caracter\u00edsticas tecnol\u00f3gicas incluyen el panel New MACH mejorado y el control autom\u00e1tico del brillo para una mayor luminosidad. La reducci\u00f3n de ruido MPD de alta precisi\u00f3n garantiza im\u00e1genes n\u00edtidas y definidas con secuencias de movimiento r\u00e1pido. La amplia gama de opciones de interfaz modular tambi\u00e9n le ofrece la m\u00e1xima capacidad de integraci\u00f3n. Las tarjetas de conexi\u00f3n para todos los formatos y se\u00f1ales disponibles actualmente pueden alojarse directamente en la carcasa, en las ranuras multifunci\u00f3n de las pantallas, para ahorrar espacio.<\/p>\n<h2>Soportes y fijaciones para pantallas<\/h2>\n<p><a href=\"https:\/\/konferenztechnik.de\/wp-content\/uploads\/2013\/09\/Audipack_Bodenstaender_Serie-700_gross.jpg\"><img decoding=\"async\" width=\"780\" height=\"585\" class=\"alignleft size-full wp-image-2416\" src=\"https:\/\/konferenztechnik.de\/wp-content\/uploads\/2013\/09\/Audipack_Bodenstaender_Serie-700_gross.jpg\" alt=\"Soporte de suelo Audipack serie 700\" title=\"\" srcset=\"https:\/\/konferenztechnik.de\/wp-content\/uploads\/2013\/09\/Audipack_Bodenstaender_Serie-700_gross.jpg 780w, https:\/\/konferenztechnik.de\/wp-content\/uploads\/2013\/09\/Audipack_Bodenstaender_Serie-700_gross-300x225.jpg 300w, https:\/\/konferenztechnik.de\/wp-content\/uploads\/2013\/09\/Audipack_Bodenstaender_Serie-700_gross-768x576.jpg 768w\" sizes=\"(max-width: 780px) 100vw, 780px\" \/><\/a><\/p>\n<p>Tenemos una soluci\u00f3n adecuada para cada tipo de soporte de pantalla, ya sea desde el suelo, la pared o el techo. Disponemos de productos de la empresa holandesa Audipack, de la que somos distribuidores oficiales especializados en Alemania.<\/p>\n<p>La imagen muestra un soporte de suelo de la serie 700. Pero elija usted mismo entre una gran variedad de pr\u00e1cticos y elegantes soportes:<\/p>\n<p><a href=\"\/es\/distribucion-de-tecnologia-de-conferencia-y-av-media\/tecnologia-de-video\/soportes-para-pantallas-y-proyectores\/\">\u203a Enlace a los soportes<\/a><\/p>","protected":false},"excerpt":{"rendered":"<p>Pantallas Hoy en d\u00eda, las pantallas son cada vez m\u00e1s grandes, de mayor resoluci\u00f3n, m\u00e1s resistentes a la intemperie, m\u00e1s resistentes a los ara\u00f1azos, m\u00e1s baratas \u2013 y a un ritmo vertiginoso. Aqu\u00ed presentamos una peque\u00f1a selecci\u00f3n de pantallas a modo de ejemplo. Al menos igual de importantes en este \u00e1mbito son, por supuesto, todas las opciones de montaje, como los soportes de pared, los soportes de techo y los soportes de suelo para las pantallas. Tambi\u00e9n tenemos una gran selecci\u00f3n de [...]<\/p>","protected":false},"author":1,"featured_media":45482,"parent":1138,"menu_order":229,"comment_status":"closed","ping_status":"open","template":"","meta":{"_acf_changed":false,"footnotes":""},"class_list":["post-1219","page","type-page","status-publish","has-post-thumbnail","hentry"],"acf":[],"_links":{"self":[{"href":"https:\/\/konferenztechnik.de\/es\/wp-json\/wp\/v2\/pages\/1219","targetHints":{"allow":["GET"]}}],"collection":[{"href":"https:\/\/konferenztechnik.de\/es\/wp-json\/wp\/v2\/pages"}],"about":[{"href":"https:\/\/konferenztechnik.de\/es\/wp-json\/wp\/v2\/types\/page"}],"author":[{"embeddable":true,"href":"https:\/\/konferenztechnik.de\/es\/wp-json\/wp\/v2\/users\/1"}],"replies":[{"embeddable":true,"href":"https:\/\/konferenztechnik.de\/es\/wp-json\/wp\/v2\/comments?post=1219"}],"version-history":[{"count":0,"href":"https:\/\/konferenztechnik.de\/es\/wp-json\/wp\/v2\/pages\/1219\/revisions"}],"up":[{"embeddable":true,"href":"https:\/\/konferenztechnik.de\/es\/wp-json\/wp\/v2\/pages\/1138"}],"wp:featuredmedia":[{"embeddable":true,"href":"https:\/\/konferenztechnik.de\/es\/wp-json\/wp\/v2\/media\/45482"}],"wp:attachment":[{"href":"https:\/\/konferenztechnik.de\/es\/wp-json\/wp\/v2\/media?parent=1219"}],"curies":[{"name":"wp","href":"https:\/\/api.w.org\/{rel}","templated":true}]}}