{"id":1226,"date":"2013-08-23T10:56:17","date_gmt":"2013-08-23T08:56:17","guid":{"rendered":"https:\/\/pcs-miete.de\/?page_id=1226"},"modified":"2023-07-05T15:00:54","modified_gmt":"2023-07-05T13:00:54","slug":"sistemas-de-elevacion","status":"publish","type":"page","link":"https:\/\/konferenztechnik.de\/es\/distribucion-de-tecnologia-de-conferencia-y-av-media\/tecnologia-de-video\/sistemas-de-elevacion\/","title":{"rendered":"Elevadores para proyectores y pantallas"},"content":{"rendered":"<h1>Sistemas de elevaci\u00f3n para proyectores y pantallas<\/h1>\n<p>Coloque su pantalla o pantalla t\u00e1ctil en posici\u00f3n con s\u00f3lo pulsar un bot\u00f3n \u2013 de forma r\u00e1pida, silenciosa y flexible. PCS le ofrece varios sistemas de elevaci\u00f3n: elevadores de tijera, elevadores de polipasto y elevadores de tracci\u00f3n. As\u00ed, sus v\u00eddeos, presentaciones o im\u00e1genes estar\u00e1n siempre bien visibles en el lugar deseado y en el momento adecuado.<\/p>\n<p>Ocultas en paredes, suelos, techos o muebles, las pantallas planas, monitores o proyectores s\u00f3lo se hacen visibles cuando se necesitan.<\/p>\n<p>Le ofrecemos soluciones personalizadas, perfectamente adaptadas a sus necesidades e instalaciones. Las interfaces universales para ascensores y soportes permiten instalar dispositivos de casi todos los fabricantes, tipos y tama\u00f1os.<\/p>\n<p><img fetchpriority=\"high\" decoding=\"async\" class=\"size-full wp-image-1368\" src=\"https:\/\/konferenztechnik.de\/wp-content\/uploads\/2013\/08\/03-beamer-wandsysteme.jpg\" alt=\"Sistemas murales\" width=\"288\" height=\"198\" title=\"\"> Sistemas murales<\/p>\n<p><img decoding=\"async\" class=\"size-full wp-image-1369\" src=\"https:\/\/konferenztechnik.de\/wp-content\/uploads\/2013\/08\/04-beamer-einbaulifte.jpg\" alt=\"Ascensores incorporados\" width=\"288\" height=\"198\" title=\"\"> Ascensores incorporados<\/p>\n<p><img decoding=\"async\" class=\"size-full wp-image-1367\" src=\"https:\/\/konferenztechnik.de\/wp-content\/uploads\/2013\/08\/02-beamer-deckenlifte.jpg\" alt=\"Elevadores de techo\" width=\"288\" height=\"198\" title=\"\"> Elevadores de techo<\/p>\n<p>El tama\u00f1o de la sala es irrelevante. Las aplicaciones pueden encontrarse en salas de formaci\u00f3n y reuniones, aulas, escuelas, salas de conferencias de hoteles y en el hogar inteligente \u2013 como sistema independiente o integrado en su sistema de control multimedia.<\/p>\n<p>S\u00f3lo tiene que concertar una consulta personalizada con nuestros especialistas.<\/p>","protected":false},"excerpt":{"rendered":"<p>Liftsysteme f\u00fcr Beamer und Displays Bringen Sie Ihr Display oder Ihren Touchscreen mit nur einem Knopfdruck in Position &#8211; schnell, leise und flexibel. Bei PCS stehen Ihnen unterschiedlichen Liftsysteme zur Verf\u00fcgung: Scherenliften, Hublifte und Zuglifte. Ihr Video, Ihre Pr\u00e4sentation oder Ihre Bilder sind somit immer zum richtigen Zeitpunkt gut sichtbar am gew\u00fcnschten Ort. Verborgen in [&hellip;]<\/p>","protected":false},"author":1,"featured_media":45482,"parent":1138,"menu_order":227,"comment_status":"closed","ping_status":"open","template":"","meta":{"_acf_changed":false,"footnotes":""},"class_list":["post-1226","page","type-page","status-publish","has-post-thumbnail","hentry"],"acf":[],"_links":{"self":[{"href":"https:\/\/konferenztechnik.de\/es\/wp-json\/wp\/v2\/pages\/1226","targetHints":{"allow":["GET"]}}],"collection":[{"href":"https:\/\/konferenztechnik.de\/es\/wp-json\/wp\/v2\/pages"}],"about":[{"href":"https:\/\/konferenztechnik.de\/es\/wp-json\/wp\/v2\/types\/page"}],"author":[{"embeddable":true,"href":"https:\/\/konferenztechnik.de\/es\/wp-json\/wp\/v2\/users\/1"}],"replies":[{"embeddable":true,"href":"https:\/\/konferenztechnik.de\/es\/wp-json\/wp\/v2\/comments?post=1226"}],"version-history":[{"count":0,"href":"https:\/\/konferenztechnik.de\/es\/wp-json\/wp\/v2\/pages\/1226\/revisions"}],"up":[{"embeddable":true,"href":"https:\/\/konferenztechnik.de\/es\/wp-json\/wp\/v2\/pages\/1138"}],"wp:featuredmedia":[{"embeddable":true,"href":"https:\/\/konferenztechnik.de\/es\/wp-json\/wp\/v2\/media\/45482"}],"wp:attachment":[{"href":"https:\/\/konferenztechnik.de\/es\/wp-json\/wp\/v2\/media?parent=1226"}],"curies":[{"name":"wp","href":"https:\/\/api.w.org\/{rel}","templated":true}]}}