{"id":1230,"date":"2013-08-23T11:04:32","date_gmt":"2013-08-23T09:04:32","guid":{"rendered":"https:\/\/pcs-miete.de\/?page_id=1230"},"modified":"2023-07-05T14:31:24","modified_gmt":"2023-07-05T12:31:24","slug":"vivienda","status":"publish","type":"page","link":"https:\/\/konferenztechnik.de\/es\/distribucion-de-tecnologia-de-conferencia-y-av-media\/tecnologia-de-video\/vivienda\/","title":{"rendered":"Vivienda"},"content":{"rendered":"<h1>Vivienda<\/h1>\n<h2>Carcasas antirrobo para proyectores<\/h2>\n<p><a href=\"https:\/\/konferenztechnik.de\/wp-content\/uploads\/2013\/08\/Audipack_GehaeuseAntidiebstahl.jpg\"><img fetchpriority=\"high\" decoding=\"async\" width=\"792\" height=\"594\" class=\"alignleft size-full wp-image-2428\" src=\"https:\/\/konferenztechnik.de\/wp-content\/uploads\/2013\/08\/Audipack_GehaeuseAntidiebstahl.jpg\" alt=\"Carcasa antirrobo para proyectores\" title=\"\" srcset=\"https:\/\/konferenztechnik.de\/wp-content\/uploads\/2013\/08\/Audipack_GehaeuseAntidiebstahl.jpg 792w, https:\/\/konferenztechnik.de\/wp-content\/uploads\/2013\/08\/Audipack_GehaeuseAntidiebstahl-300x225.jpg 300w, https:\/\/konferenztechnik.de\/wp-content\/uploads\/2013\/08\/Audipack_GehaeuseAntidiebstahl-768x576.jpg 768w\" sizes=\"(max-width: 792px) 100vw, 792px\" \/><\/a><\/p>\n<p>Carcasa antirrobo para proyectores con estructura met\u00e1lica abierta para uso en interiores y exteriores. La parte delantera de la carcasa es abierta y est\u00e1 asegurada por dos barras antirrobo. Las barras pueden colocarse de forma diferente para que la lente del proyector permanezca siempre libre, seg\u00fan el fabricante. Tambi\u00e9n hay disponibles varios tama\u00f1os de carcasa. La carcasa est\u00e1 disponible en gris o blanco. Otros colores est\u00e1n disponibles bajo pedido. Es posible equipar la carcasa con un sistema de alarma.<\/p>\n<h2>Funda TC-IPAD para iPad 1, 2, 3 y 4<\/h2>\n<p><a href=\"https:\/\/konferenztechnik.de\/wp-content\/uploads\/2014\/02\/audipack-ipad-tablet-housing.jpg\"><img decoding=\"async\" width=\"450\" height=\"311\" class=\"alignleft size-full wp-image-4263\" src=\"https:\/\/konferenztechnik.de\/wp-content\/uploads\/2014\/02\/audipack-ipad-tablet-housing.jpg\" alt=\"Carcasa para iPad Tablet\" title=\"\" srcset=\"https:\/\/konferenztechnik.de\/wp-content\/uploads\/2014\/02\/audipack-ipad-tablet-housing.jpg 450w, https:\/\/konferenztechnik.de\/wp-content\/uploads\/2014\/02\/audipack-ipad-tablet-housing-300x207.jpg 300w\" sizes=\"(max-width: 450px) 100vw, 450px\" \/><\/a><\/p>\n<p>La funda TC-iPad Case protege con elegancia su iPad cuando va a instalarse o exponerse en lugares p\u00fablicos.<br \/>\nEl iPad puede asegurarse r\u00e1pidamente en la funda y queda as\u00ed protegido eficazmente contra el robo. Gracias al sistema Smart Keylock, desde el exterior no se ve ning\u00fan ojo de cerradura ni tornillo. La TC-Case se puede utilizar para montaje en pared o en combinaci\u00f3n con un soporte opcional como soporte de suelo.<\/p>\n<h2>Silenciador Audipack<\/h2>\n<p><a href=\"https:\/\/konferenztechnik.de\/wp-content\/uploads\/2013\/08\/Audipack_Silencer.jpg\"><img decoding=\"async\" width=\"792\" height=\"592\" class=\"alignleft size-full wp-image-2430\" src=\"https:\/\/konferenztechnik.de\/wp-content\/uploads\/2013\/08\/Audipack_Silencer.jpg\" alt=\"Silenciador Audipack\" title=\"\" srcset=\"https:\/\/konferenztechnik.de\/wp-content\/uploads\/2013\/08\/Audipack_Silencer.jpg 792w, https:\/\/konferenztechnik.de\/wp-content\/uploads\/2013\/08\/Audipack_Silencer-300x224.jpg 300w, https:\/\/konferenztechnik.de\/wp-content\/uploads\/2013\/08\/Audipack_Silencer-768x574.jpg 768w\" sizes=\"(max-width: 792px) 100vw, 792px\" \/><\/a><\/p>\n<p>Los silenciadores se utilizan para amortiguar el ruido de funcionamiento de los proyectores (por ejemplo, en teatros, museos o teatros de \u00f3pera). El Silenciador Audipack amortigua el ruido con aprox. 16 \u2013 20 dBA. El Silenciador se suministra de serie con dos ventiladores y una ventana de proyecci\u00f3n delante del objetivo. No es necesario un soporte adicional para el proyector. Las dimensiones est\u00e1ndar de la carcasa son aprox. 978 mm x 470 mm x 1.054 mm, pero tambi\u00e9n se pueden suministrar versiones personalizadas. La carcasa s\u00f3lo es apta para uso en interiores. Los colores est\u00e1ndar son el negro, el blanco y el gris; por supuesto, tambi\u00e9n son posibles colores especiales.<\/p>\n<h2>Marco de pantalla<\/h2>\n<p><a href=\"https:\/\/konferenztechnik.de\/wp-content\/uploads\/2013\/08\/Audipack_PanelRahmen.jpg\"><img loading=\"lazy\" decoding=\"async\" width=\"792\" height=\"594\" class=\"alignleft size-full wp-image-2429\" src=\"https:\/\/konferenztechnik.de\/wp-content\/uploads\/2013\/08\/Audipack_PanelRahmen.jpg\" alt=\"Marco expositor Audipack\" title=\"\" srcset=\"https:\/\/konferenztechnik.de\/wp-content\/uploads\/2013\/08\/Audipack_PanelRahmen.jpg 792w, https:\/\/konferenztechnik.de\/wp-content\/uploads\/2013\/08\/Audipack_PanelRahmen-300x225.jpg 300w, https:\/\/konferenztechnik.de\/wp-content\/uploads\/2013\/08\/Audipack_PanelRahmen-768x576.jpg 768w\" sizes=\"(max-width: 792px) 100vw, 792px\" \/><\/a><\/p>\n<p>Los marcos para expositores Audipack est\u00e1n pensados para aplicaciones DOOH en interiores. La pantalla se monta en el marco, lo que le da un aspecto atractivo, la protege de da\u00f1os y la protege de robos. El marco tiene un dise\u00f1o elegante y est\u00e1 disponible de serie en rojo, blanco, azul y negro. Tambi\u00e9n es posible imprimir logotipos. El marco es adecuado para su instalaci\u00f3n en paredes y techos o puede montarse sobre un soporte de suelo.<\/p>\n<h2>Sistemas de informaci\u00f3n Audipack Eye-Point<\/h2>\n<p><a href=\"https:\/\/konferenztechnik.de\/wp-content\/uploads\/2013\/08\/Audipack_EyePoint.jpg\"><img loading=\"lazy\" decoding=\"async\" width=\"792\" height=\"594\" class=\"alignleft size-full wp-image-2427\" src=\"https:\/\/konferenztechnik.de\/wp-content\/uploads\/2013\/08\/Audipack_EyePoint.jpg\" alt=\"Sistemas de informaci\u00f3n Audipack Eye-Point\" title=\"\" srcset=\"https:\/\/konferenztechnik.de\/wp-content\/uploads\/2013\/08\/Audipack_EyePoint.jpg 792w, https:\/\/konferenztechnik.de\/wp-content\/uploads\/2013\/08\/Audipack_EyePoint-300x225.jpg 300w, https:\/\/konferenztechnik.de\/wp-content\/uploads\/2013\/08\/Audipack_EyePoint-768x576.jpg 768w\" sizes=\"(max-width: 792px) 100vw, 792px\" \/><\/a><\/p>\n<p>El Eye-Point es un soporte m\u00f3vil que act\u00faa como carcasa para pantallas planas. El Eye-Point es una forma muy flexible de mostrar presentaciones m\u00f3viles. Tambi\u00e9n es ideal como se\u00f1alizador y\/o sistema de orientaci\u00f3n para hoteles y centros de conferencias. El Eye-Point atrae todas las miradas y se integra f\u00e1cilmente en cualquier entorno. La pantalla plana se oculta en la carcasa y queda protegida al mismo tiempo. El Eye-Point est\u00e1 disponible actualmente para pantallas de 102 a 165 cent\u00edmetros (40 a 65 pulgadas), tanto en formato horizontal como vertical. Puede elegirse entre una amplia gama de modernos colores y materiales. Todos los modelos llevan integrado de serie un brazo giratorio L&amp;S 5 para pantallas planas, y mucho espacio para instalar PC y otros equipos. Gracias al sistema de montaje universal L&amp;S 5, en el Eye-Point pueden instalarse pantallas de casi todos los fabricantes y tipos.<\/p>\n<p>PCS GmbH es el distribuidor oficial alem\u00e1n de Audipack. Le ofrecemos asesoramiento experto y plazos de entrega r\u00e1pidos.<\/p>\n<p><img loading=\"lazy\" decoding=\"async\" class=\"alignright size-full wp-image-5489\" src=\"https:\/\/konferenztechnik.de\/wp-content\/uploads\/2013\/09\/PCS-GmbH-Audipack-authorized-dealer-small.jpg\" alt=\"PCS GmbH es un distribuidor autorizado de Audipack\" width=\"200\" height=\"81\" title=\"\"><\/p>","protected":false},"excerpt":{"rendered":"<p>Housing Diebstahl hemmende Geh\u00e4use f\u00fcr Beamer Anti-Diebstahlgeh\u00e4use f\u00fcr Projektoren in offener Metallstruktur f\u00fcr innen und au\u00dfen. Die Vorderseite des Geh\u00e4uses ist offen und wird durch zwei Anti-Diebstahl-St\u00e4be gesichert. Die St\u00e4be k\u00f6nnen verschieden positioniert werden, damit die Projektorlinse je nach Hersteller immer frei bleibt. Es sind au\u00dferdem verschiedene Geh\u00e4usegr\u00f6\u00dfen erh\u00e4ltlich. Das Geh\u00e4use ist in grau oder [&hellip;]<\/p>","protected":false},"author":1,"featured_media":45482,"parent":1138,"menu_order":226,"comment_status":"closed","ping_status":"open","template":"","meta":{"_acf_changed":false,"footnotes":""},"class_list":["post-1230","page","type-page","status-publish","has-post-thumbnail","hentry"],"acf":[],"_links":{"self":[{"href":"https:\/\/konferenztechnik.de\/es\/wp-json\/wp\/v2\/pages\/1230","targetHints":{"allow":["GET"]}}],"collection":[{"href":"https:\/\/konferenztechnik.de\/es\/wp-json\/wp\/v2\/pages"}],"about":[{"href":"https:\/\/konferenztechnik.de\/es\/wp-json\/wp\/v2\/types\/page"}],"author":[{"embeddable":true,"href":"https:\/\/konferenztechnik.de\/es\/wp-json\/wp\/v2\/users\/1"}],"replies":[{"embeddable":true,"href":"https:\/\/konferenztechnik.de\/es\/wp-json\/wp\/v2\/comments?post=1230"}],"version-history":[{"count":0,"href":"https:\/\/konferenztechnik.de\/es\/wp-json\/wp\/v2\/pages\/1230\/revisions"}],"up":[{"embeddable":true,"href":"https:\/\/konferenztechnik.de\/es\/wp-json\/wp\/v2\/pages\/1138"}],"wp:featuredmedia":[{"embeddable":true,"href":"https:\/\/konferenztechnik.de\/es\/wp-json\/wp\/v2\/media\/45482"}],"wp:attachment":[{"href":"https:\/\/konferenztechnik.de\/es\/wp-json\/wp\/v2\/media?parent=1230"}],"curies":[{"name":"wp","href":"https:\/\/api.w.org\/{rel}","templated":true}]}}