{"id":1242,"date":"2013-08-23T11:24:29","date_gmt":"2013-08-23T09:24:29","guid":{"rendered":"https:\/\/pcs-miete.de\/?page_id=1242"},"modified":"2023-07-05T10:53:31","modified_gmt":"2023-07-05T08:53:31","slug":"sistemas-y-camaras-de-videoconferencia","status":"publish","type":"page","link":"https:\/\/konferenztechnik.de\/es\/distribucion-de-tecnologia-de-conferencia-y-av-media\/tecnologia-de-video\/sistemas-y-camaras-de-videoconferencia\/","title":{"rendered":"Sistemas y c\u00e1maras de videoconferencia"},"content":{"rendered":"<div data-elementor-type=\"wp-page\" data-elementor-id=\"1242\" class=\"elementor elementor-1242\" data-elementor-post-type=\"page\">\n\t\t\t\t\t\t<section data-particle_enable=\"false\" data-particle-mobile-disabled=\"false\" class=\"elementor-section elementor-top-section elementor-element elementor-element-46c728b7 elementor-section-boxed elementor-section-height-default elementor-section-height-default\" data-id=\"46c728b7\" data-element_type=\"section\">\n\t\t\t\t\t\t<div class=\"elementor-container elementor-column-gap-default\">\n\t\t\t\t\t<div class=\"elementor-column elementor-col-100 elementor-top-column elementor-element elementor-element-11c45f1c\" data-id=\"11c45f1c\" data-element_type=\"column\">\n\t\t\t<div class=\"elementor-widget-wrap elementor-element-populated\">\n\t\t\t\t\t\t<div class=\"elementor-element elementor-element-11a61641 elementor-widget elementor-widget-text-editor\" data-id=\"11a61641\" data-element_type=\"widget\" data-widget_type=\"text-editor.default\">\n\t\t\t\t<div class=\"elementor-widget-container\">\n\t\t\t\t\t\t\t\t\t<h1>Sistemas y c\u00e1maras de videoconferencia<\/h1>\nLos sistemas de videoconferencia est\u00e1n experimentando un verdadero auge. Se pueden ahorrar enormes gastos de viaje en reuniones y peque\u00f1as conferencias de todo tipo. La compra merece la pena sobre todo para reuniones peri\u00f3dicas de personal en empresas con varias sucursales en Alemania y el extranjero. Otro uso t\u00edpico es el de los bufetes de abogados, que pueden celebrar reuniones peri\u00f3dicas con sus clientes sin tener que gastar su valioso tiempo en un avi\u00f3n o un tren. Al mismo tiempo, el medio ambiente tambi\u00e9n se ahorra considerablemente. Adem\u00e1s, mientras que antes hab\u00eda que desembolsar sumas de seis cifras para adquirir un sistema de videoconferencia, ahora estos sistemas son cada vez m\u00e1s asequibles.\n<h2>Sistema de videoconferencia PCS-XG80 de Sony<\/h2>\n<a href=\"https:\/\/konferenztechnik.de\/wp-content\/uploads\/2013\/09\/Sony_Videokonferenzanlage_PCS-XG80_gross.jpg\"><img fetchpriority=\"high\" decoding=\"async\" width=\"800\" height=\"627\" class=\"alignleft size-full wp-image-2641\" src=\"https:\/\/konferenztechnik.de\/wp-content\/uploads\/2013\/09\/Sony_Videokonferenzanlage_PCS-XG80_gross.jpg\" alt=\"Sony_Video_Conferencing_PCS-XG80_large\" title=\"\" srcset=\"https:\/\/konferenztechnik.de\/wp-content\/uploads\/2013\/09\/Sony_Videokonferenzanlage_PCS-XG80_gross.jpg 800w, https:\/\/konferenztechnik.de\/wp-content\/uploads\/2013\/09\/Sony_Videokonferenzanlage_PCS-XG80_gross-300x235.jpg 300w, https:\/\/konferenztechnik.de\/wp-content\/uploads\/2013\/09\/Sony_Videokonferenzanlage_PCS-XG80_gross-768x602.jpg 768w\" sizes=\"(max-width: 800px) 100vw, 800px\" \/><\/a>\n\nEl sistema de videoconferencia de Sony ofrece im\u00e1genes HD de primera calidad y gran nitidez con resoluci\u00f3n 1080i y una excelente calidad de sonido para una comunicaci\u00f3n clara. El sistema de videoconferencia se conecta a las l\u00edneas telef\u00f3nicas RDSI o (ahora es est\u00e1ndar) a la red inform\u00e1tica de la empresa (con su propia direcci\u00f3n IP). Esto permite una transmisi\u00f3n r\u00e1pida y segura (porque est\u00e1 encriptada) a trav\u00e9s de Internet. La instalaci\u00f3n no es complicada y el funcionamiento es sencillo. Estaremos encantados de ayudarle a usted o a sus administradores a integrar el sistema en su red local (LAN).\t\t\t\t\t\t\t\t<\/div>\n\t\t\t\t<\/div>\n\t\t\t\t\t<\/div>\n\t\t<\/div>\n\t\t\t\t\t<\/div>\n\t\t<\/section>\n\t\t\t\t<\/div>","protected":false},"excerpt":{"rendered":"<p>Videokonferenzanlagen und Kameras Videokonferenzsysteme erleben zurzeit einen regelrechten Boom. F\u00fcr Meetings und kleinere Konferenzen jeglicher Art k\u00f6nnen hier enorme Reisekosten eingespart werden. Gerade bei regelm\u00e4\u00dfigen Mitarbeiterbesprechungen von Firmen mit mehreren Niederlassungen im In- und Ausland lohnt sich die Anschaffung. Ein weiterer typischer Einsatz ist in Anwaltskanzleien, die regelm\u00e4\u00dfige Sitzungen mit ihren Kunden abhalten k\u00f6nnen, ohne [&hellip;]<\/p>","protected":false},"author":1,"featured_media":45482,"parent":1138,"menu_order":223,"comment_status":"closed","ping_status":"open","template":"","meta":{"_acf_changed":false,"footnotes":""},"class_list":["post-1242","page","type-page","status-publish","has-post-thumbnail","hentry"],"acf":[],"_links":{"self":[{"href":"https:\/\/konferenztechnik.de\/es\/wp-json\/wp\/v2\/pages\/1242","targetHints":{"allow":["GET"]}}],"collection":[{"href":"https:\/\/konferenztechnik.de\/es\/wp-json\/wp\/v2\/pages"}],"about":[{"href":"https:\/\/konferenztechnik.de\/es\/wp-json\/wp\/v2\/types\/page"}],"author":[{"embeddable":true,"href":"https:\/\/konferenztechnik.de\/es\/wp-json\/wp\/v2\/users\/1"}],"replies":[{"embeddable":true,"href":"https:\/\/konferenztechnik.de\/es\/wp-json\/wp\/v2\/comments?post=1242"}],"version-history":[{"count":0,"href":"https:\/\/konferenztechnik.de\/es\/wp-json\/wp\/v2\/pages\/1242\/revisions"}],"up":[{"embeddable":true,"href":"https:\/\/konferenztechnik.de\/es\/wp-json\/wp\/v2\/pages\/1138"}],"wp:featuredmedia":[{"embeddable":true,"href":"https:\/\/konferenztechnik.de\/es\/wp-json\/wp\/v2\/media\/45482"}],"wp:attachment":[{"href":"https:\/\/konferenztechnik.de\/es\/wp-json\/wp\/v2\/media?parent=1242"}],"curies":[{"name":"wp","href":"https:\/\/api.w.org\/{rel}","templated":true}]}}