{"id":1245,"date":"2013-08-23T11:26:53","date_gmt":"2013-08-23T09:26:53","guid":{"rendered":"https:\/\/pcs-miete.de\/?page_id=1245"},"modified":"2023-07-05T10:48:18","modified_gmt":"2023-07-05T08:48:18","slug":"visualizador","status":"publish","type":"page","link":"https:\/\/konferenztechnik.de\/es\/distribucion-de-tecnologia-de-conferencia-y-av-media\/tecnologia-de-video\/visualizador\/","title":{"rendered":"Visualizador"},"content":{"rendered":"<div data-elementor-type=\"wp-page\" data-elementor-id=\"1245\" class=\"elementor elementor-1245\" data-elementor-post-type=\"page\">\n\t\t\t\t\t\t<section data-particle_enable=\"false\" data-particle-mobile-disabled=\"false\" class=\"elementor-section elementor-top-section elementor-element elementor-element-ff88ff4 elementor-section-boxed elementor-section-height-default elementor-section-height-default\" data-id=\"ff88ff4\" data-element_type=\"section\">\n\t\t\t\t\t\t<div class=\"elementor-container elementor-column-gap-default\">\n\t\t\t\t\t<div class=\"elementor-column elementor-col-100 elementor-top-column elementor-element elementor-element-7892d15b\" data-id=\"7892d15b\" data-element_type=\"column\">\n\t\t\t<div class=\"elementor-widget-wrap elementor-element-populated\">\n\t\t\t\t\t\t<div class=\"elementor-element elementor-element-255320ba elementor-widget elementor-widget-text-editor\" data-id=\"255320ba\" data-element_type=\"widget\" data-widget_type=\"text-editor.default\">\n\t\t\t\t<div class=\"elementor-widget-container\">\n\t\t\t\t\t\t\t\t\t<h1>Visualizador<\/h1>\n\u00bfQu\u00e9 es un visualizador?\nUn visualizador puede recoger r\u00e1pida y f\u00e1cilmente cualquier tipo de plantilla (libros, fotos, objetos tridimensionales, etc.) y proporcionar una imagen de alta resoluci\u00f3n para proyectores, monitores, pizarras digitales o sistemas de videoconferencia.\nLas aplicaciones t\u00edpicas de los visualizadores son cursos de formaci\u00f3n, reuniones, conferencias, seminarios y presentaciones de productos. Tambi\u00e9n en presentaciones de pruebas en tribunales, diversas aplicaciones m\u00e9dicas (telemedicina, telepatolog\u00eda, im\u00e1genes de rayos X, etc.).\n<h2>Visualizador de sobremesa \u2013 VZ-9plus\u00b3<\/h2>\n<a href=\"https:\/\/konferenztechnik.de\/wp-content\/uploads\/2013\/09\/wolfvison_desktop_visualizer_vz9plus.jpg\"><img fetchpriority=\"high\" decoding=\"async\" width=\"357\" height=\"436\" src=\"https:\/\/konferenztechnik.de\/wp-content\/uploads\/2013\/09\/wolfvison_desktop_visualizer_vz9plus.jpg\" alt=\"Visualizador de sobremesa - VZ-9plus\u00b3\" class=\"alignleft size-full wp-image-2626\" title=\"\" srcset=\"https:\/\/konferenztechnik.de\/wp-content\/uploads\/2013\/09\/wolfvison_desktop_visualizer_vz9plus.jpg 357w, https:\/\/konferenztechnik.de\/wp-content\/uploads\/2013\/09\/wolfvison_desktop_visualizer_vz9plus-246x300.jpg 246w\" sizes=\"(max-width: 357px) 100vw, 357px\" \/><\/a>\n\nEl visualizador VZ-9plus\u00b3 es el visualizador port\u00e1til de gama alta de WolfVision. Supera a la serie de visualizadores VZ-8:\n<ul>\n \t<li>Funciones a\u00fan m\u00e1s \u00fatiles y exclusivas<\/li>\n \t<li>a\u00fan m\u00e1s f\u00e1cil de usar (posicionamiento m\u00e1s sencillo de los objetos)<\/li>\n \t<li>Mejor calidad de imagen<\/li>\n<\/ul>\nLa tercera generaci\u00f3n de la VZ-9plus\u00b3 impresiona con una carcasa completamente redise\u00f1ada: nueva, moderna y elegante.\n<h2>Visualizador de techo VZ-C12\u00b3 \/ VZ-C32\u00b3<\/h2>\n<a href=\"https:\/\/konferenztechnik.de\/wp-content\/uploads\/2013\/09\/wolfvision_deckenvisualizer_vz-c12.jpg\"><img decoding=\"async\" width=\"600\" height=\"514\" src=\"https:\/\/konferenztechnik.de\/wp-content\/uploads\/2013\/09\/wolfvision_deckenvisualizer_vz-c12.jpg\" alt=\"Visualizador de techo VZ-C12\u00b3 \/ VZ-C32\u00b3 \" class=\"alignleft size-full wp-image-2625\" title=\"\" srcset=\"https:\/\/konferenztechnik.de\/wp-content\/uploads\/2013\/09\/wolfvision_deckenvisualizer_vz-c12.jpg 600w, https:\/\/konferenztechnik.de\/wp-content\/uploads\/2013\/09\/wolfvision_deckenvisualizer_vz-c12-300x257.jpg 300w\" sizes=\"(max-width: 600px) 100vw, 600px\" \/><\/a>\n\nUn visualizador de techo puede montarse en el techo como un proyector o empotrarse en un falso techo. No hay ning\u00fan dispositivo sobre la mesa o el atril y nada obstruye la visi\u00f3n entre el orador y el p\u00fablico.\n<h2>Visualizador de techo VZ-C12\u00b3 \/ VZ-C32\u00b3<\/h2>\nOtras ventajas son\n<ul>\n \t<li>el Visualizador puede ocultarse completamente en un falso techo<\/li>\n \t<li>Dispositivo instalado permanentemente que dif\u00edcilmente puede ser robado<\/li>\n \t<li>Sin cables de la mesa al dispositivo<\/li>\n \t<li>Los objetos pueden ser a\u00fan m\u00e1s grandes y m\u00e1s altos<\/li>\n<\/ul>\nLas caracter\u00edsticas, el dise\u00f1o y las conexiones del VZ-C32\u00b3 son id\u00e9nticos a los del visualizador de techo VZ-C12\u00b3. La gran diferencia es la c\u00e1mara integrada:\n<ul>\n \t<li>VZ-C12\u00b3 = 1 c\u00e1mara CCD SXGA\/WXGA\/720p HD<\/li>\n \t<li>VZ-C32\u00b3 = c\u00e1mara HD de 3 CCD SXGA\/WXGA\/720p<\/li>\n<\/ul>\nLa c\u00e1mara de 3 CCD de la VZ-C32\u00b3 supera a la de la VZ-C12\u00b3 en cuanto a fidelidad crom\u00e1tica y resoluci\u00f3n. Esto se nota especialmente con originales muy detallados y multicolores.\t\t\t\t\t\t\t\t<\/div>\n\t\t\t\t<\/div>\n\t\t\t\t\t<\/div>\n\t\t<\/div>\n\t\t\t\t\t<\/div>\n\t\t<\/section>\n\t\t\t\t<\/div>","protected":false},"excerpt":{"rendered":"<p>\u00bfQu\u00e9 es un visualizador?\nUn visualizador puede recoger r\u00e1pida y f\u00e1cilmente cualquier tipo de plantilla (libros, fotos, objetos tridimensionales, etc.) y proporcionar una imagen de alta resoluci\u00f3n para proyectores, monitores, pizarras digitales o sistemas de videoconferencia.\nLas aplicaciones t\u00edpicas de los visualizadores son cursos de formaci\u00f3n, reuniones, conferencias, seminarios y presentaciones de productos. Tambi\u00e9n en presentaciones de pruebas en tribunales, diversas aplicaciones m\u00e9dicas (telemedicina, telepatolog\u00eda, im\u00e1genes de rayos X, etc.).<\/p>","protected":false},"author":1,"featured_media":45482,"parent":1138,"menu_order":221,"comment_status":"closed","ping_status":"open","template":"","meta":{"_acf_changed":false,"footnotes":""},"class_list":["post-1245","page","type-page","status-publish","has-post-thumbnail","hentry"],"acf":[],"_links":{"self":[{"href":"https:\/\/konferenztechnik.de\/es\/wp-json\/wp\/v2\/pages\/1245","targetHints":{"allow":["GET"]}}],"collection":[{"href":"https:\/\/konferenztechnik.de\/es\/wp-json\/wp\/v2\/pages"}],"about":[{"href":"https:\/\/konferenztechnik.de\/es\/wp-json\/wp\/v2\/types\/page"}],"author":[{"embeddable":true,"href":"https:\/\/konferenztechnik.de\/es\/wp-json\/wp\/v2\/users\/1"}],"replies":[{"embeddable":true,"href":"https:\/\/konferenztechnik.de\/es\/wp-json\/wp\/v2\/comments?post=1245"}],"version-history":[{"count":0,"href":"https:\/\/konferenztechnik.de\/es\/wp-json\/wp\/v2\/pages\/1245\/revisions"}],"up":[{"embeddable":true,"href":"https:\/\/konferenztechnik.de\/es\/wp-json\/wp\/v2\/pages\/1138"}],"wp:featuredmedia":[{"embeddable":true,"href":"https:\/\/konferenztechnik.de\/es\/wp-json\/wp\/v2\/media\/45482"}],"wp:attachment":[{"href":"https:\/\/konferenztechnik.de\/es\/wp-json\/wp\/v2\/media?parent=1245"}],"curies":[{"name":"wp","href":"https:\/\/api.w.org\/{rel}","templated":true}]}}