{"id":12605,"date":"2018-02-08T09:14:51","date_gmt":"2018-02-08T08:14:51","guid":{"rendered":"https:\/\/www.konferenztechnik.de\/?page_id=12605"},"modified":"2023-09-01T13:14:47","modified_gmt":"2023-09-01T11:14:47","slug":"sistema-de-guiado-digital-beyerdynamic-unite","status":"publish","type":"page","link":"https:\/\/konferenztechnik.de\/es\/sistema-de-guiado-digital-beyerdynamic-unite\/","title":{"rendered":"Sistema de gu\u00eda digital UNITE de Beyerdynamic"},"content":{"rendered":"<h1>Beyerdynamic UNITE sistema de gu\u00eda digital \u2013 datos t\u00e9cnicos<\/h1>\n<p><img decoding=\"async\" src=\"https:\/\/konferenztechnik.de\/wp-content\/uploads\/2018\/02\/beyerdynamic-unite-digital-wireless.jpg\" alt=\"Sistema de gu\u00eda UNITE de Beyerdynamic\" class=\"alignleft size-full wp-image-12467\" title=\"\"><\/p>\n<p>[spacer size=\"30\u2033]<\/p>\n<h2>Unite RP-T<\/h2>\n<p><img decoding=\"async\" src=\"https:\/\/konferenztechnik.de\/wp-content\/uploads\/2018\/02\/Unite-RP-T.jpg\" alt=\"Receptor Beyerdynamic UNITE RP-T\" width=\"850\" class=\"alignnone size-full wp-image-12615\" title=\"\"><\/p>\n<p>Receptor de bolsillo con funci\u00f3n talkback<br \/>\n[list icon=\"moon-checkmark\" colour=\"#a62055\u2033] Bater\u00eda de litio reemplazable[\/list]<br \/>\n[list icon=\"moon-checkmark\" colour=\"#a62055\u2033] M\u00e1s de 20 horas de funcionamiento[\/list]<br \/>\n[list icon=\"moon-checkmark\" colour=\"#a62055\u2033] Contactos de carga y opci\u00f3n de carga USB[\/list]<br \/>\n[list icon=\"moon-checkmark\" colour=\"#a62055\u2033] Auriculares \/ cascos[\/list]<br \/>\n[list icon=\"moon-checkmark\" colour=\"#a62055\u2033] Collar de inducci\u00f3n para personas con discapacidad auditiva[\/list]<br \/>\n[list icon=\"moon-checkmark\" colour=\"#a62055\u2033] Micr\u00f3fono interno[\/list]<br \/>\n[list icon=\"moon-checkmark\" colour=\"#a62055\u2033] Talkback[\/list]<\/p>\n<p>[spacer size=\"30\u2033]<\/p>\n<h2>Unite HT<\/h2>\n<p><img decoding=\"async\" src=\"https:\/\/konferenztechnik.de\/wp-content\/uploads\/2018\/02\/Unite-Handsender-TH.jpg\" alt=\"Transmisor de mano Beyerdynamic UNITE HT\" width=\"850\" class=\"alignnone size-full wp-image-12615\" title=\"\"><\/p>\n<p>Transmisor de mano<br \/>\n[list icon=\"moon-checkmark\" colour=\"#a62055\u2033] Bater\u00eda de litio reemplazable[\/list]<br \/>\n[list icon=\"moon-checkmark\" colour=\"#a62055\u2033] M\u00e1s de 15 horas de funcionamiento[\/list]<br \/>\n[list icon=\"moon-checkmark\" colour=\"#a62055\u2033] Contactos de carga y opci\u00f3n de carga USB[\/list]<br \/>\n[list icon=\"moon-checkmark\" colour=\"#a62055\u2033] Bluetooth[\/list]<br \/>\n[list icon=\"moon-checkmark\" colour=\"#a62055\u2033] Protecci\u00f3n antivuelco y Lenyard[\/list]<\/p>\n<p>Funciones:<br \/>\n[list icon=\"moon-checkmark\" colour=\"#a62055\u2033] Mudo\/Poder[\/list]<br \/>\n[list icon=\"moon-checkmark\" colour=\"#a62055\u2033] Men\u00fa\/Set[\/list]<br \/>\n[list icon=\"moon-checkmark\" colour=\"#a62055\u2033] Men\u00fa\/Canal +\/-[\/list]<\/p>\n<p>[spacer size=\"30\u2033]<\/p>\n<h2>Unite TP<\/h2>\n<p><img decoding=\"async\" src=\"https:\/\/konferenztechnik.de\/wp-content\/uploads\/2018\/02\/Beyerdynamic-Unite-TP-Taschensender.jpg\" alt=\"Transmisor de bolsillo Beyerdynamic UNITE TP\" width=\"850\" class=\"alignnone size-full wp-image-12615\" title=\"\"><\/p>\n<p>Transmisor de bolsillo<br \/>\n[list icon=\"moon-checkmark\" colour=\"#a62055\u2033] Bater\u00eda de litio reemplazable[\/list]<br \/>\n[list icon=\"moon-checkmark\" colour=\"#a62055\u2033] M\u00e1s de 15 horas de funcionamiento[\/list]<br \/>\n[list icon=\"moon-checkmark\" colour=\"#a62055\u2033] Contactos de carga y opci\u00f3n de carga USB[\/list]<br \/>\n[list icon=\"moon-checkmark\" colour=\"#a62055\u2033] Conexiones de micr\u00f3fono y auriculares (TQG \/mini XLR)[\/list]<br \/>\n[list icon=\"moon-checkmark\" colour=\"#a62055\u2033] Micr\u00f3fono interno[\/list]<br \/>\n[list icon=\"moon-checkmark\" colour=\"#a62055\u2033] Entradas de audio[\/list]<br \/>\n[list icon=\"moon-checkmark\" colour=\"#a62055\u2033] Line-In[\/list]<br \/>\n[list icon=\"moon-checkmark\" colour=\"#a62055\u2033] Bluetooth[\/list]<br \/>\n[list icon=\"moon-checkmark\" colour=\"#a62055\u2033] USB[\/list]<\/p>\n<p>[spacer size=\"30\u2033]<\/p>\n<h2>Unite RP<\/h2>\n<p><img decoding=\"async\" src=\"https:\/\/konferenztechnik.de\/wp-content\/uploads\/2018\/02\/Beyerdynamic-Unite-RP-Empfaenger.jpg\" alt=\"Receptor de petaca Beyerdynamic UNITE RP\" width=\"850\" class=\"alignnone size-full wp-image-12615\" title=\"\"><\/p>\n<p>Receptor de bolsillo<br \/>\n[list icon=\"moon-checkmark\" colour=\"#a62055\u2033] Bater\u00eda de litio reemplazable[\/list]<br \/>\n[list icon=\"moon-checkmark\" colour=\"#a62055\u2033] M\u00e1s de 20 horas de funcionamiento[\/list]<br \/>\n[list icon=\"moon-checkmark\" colour=\"#a62055\u2033] Contactos de carga y opci\u00f3n de carga USB[\/list]<br \/>\n[list icon=\"moon-checkmark\" colour=\"#a62055\u2033] Auriculares[\/list]<br \/>\n[list icon=\"moon-checkmark\" colour=\"#a62055\u2033] Collar de inducci\u00f3n para personas con discapacidad auditiva[\/list]<\/p>\n<p>[spacer size=\"30\u2033]<\/p>\n<h2>UNITE CC-24P<\/h2>\n<p><img decoding=\"async\" src=\"https:\/\/konferenztechnik.de\/wp-content\/uploads\/2018\/02\/Unite-CC-24P.jpg\" alt=\"Estuche de carga Beyerdynamic UNITE CC-24P\" width=\"850\" class=\"alignnone size-full wp-image-12615\" title=\"\"><\/p>\n<p>Malet\u00edn de transporte y carga<br \/>\n[list icon=\"moon-checkmark\" colour=\"#a62055\u2033] Malet\u00edn de carga y transporte para 24 receptores[\/list]<br \/>\n[list icon=\"moon-checkmark\" colour=\"#a62055\u2033] Conexi\u00f3n de alimentaci\u00f3n (IEC)[\/list]<br \/>\n[list icon=\"moon-checkmark\" colour=\"#a62055\u2033] Conexi\u00f3n Ethernet (para actualizaciones de firmware, emparejamiento)[\/list]<br \/>\n[list icon=\"moon-checkmark\" colour=\"#a62055\u2033] Compartimento para micr\u00f3fono de mano[\/list]<br \/>\n[list icon=\"moon-checkmark\" colour=\"#a62055\u2033] Port\u00e1til[\/list]<\/p>\n<p>Funciones:<br \/>\n[list icon=\"moon-checkmark\" colour=\"#a62055\u2033] Interruptor de emparejamiento[\/list]<br \/>\n[list icon=\"moon-checkmark\" colour=\"#a62055\u2033] Interruptor de reinicio (para IP)[\/list]<br \/>\n[list icon=\"moon-checkmark\" colour=\"#a62055\u2033] Restablecer contrase\u00f1a[\/list]<\/p>\n<p>[spacer size=\"30\u2033]<\/p>\n<h2>Todas las funciones del sistema UNITE de un vistazo<\/h2>\n<div id=\"newscontainer\">\n<div class=\"newskasten\">\n<img decoding=\"async\" width=\"83\" height=\"83\" src=\"https:\/\/konferenztechnik.de\/wp-content\/uploads\/2018\/02\/Schnittstellen-fuer-Toneinspielungen.png\" alt=\"Interfaces para grabaciones sonoras\" class=\"size-full wp-image-12474\" title=\"\"><br \/>\n[clear]<br \/>\nInterfaces para grabaciones sonoras<\/div>\n<div class=\"newskasten\">\n<img decoding=\"async\" width=\"83\" height=\"83\" src=\"https:\/\/konferenztechnik.de\/wp-content\/uploads\/2018\/02\/Automatic-Level-Control.png\" alt=\"Control autom\u00e1tico de nivel y supresi\u00f3n de ruido\" class=\"alignleft size-full wp-image-12463\" title=\"\"><br \/>\n[clear]<br \/>\nControl autom\u00e1tico de nivel y supresi\u00f3n de ruido<\/div>\n<div class=\"newskasten\">\n<img decoding=\"async\" width=\"83\" height=\"83\" src=\"https:\/\/konferenztechnik.de\/wp-content\/uploads\/2018\/02\/gleichzeitig-sprechen.png\" alt=\"Tres pueden hablar al mismo tiempo\" class=\"size-full wp-image-12471\" title=\"\"><br \/>\n[clear]<br \/>\nHasta tres altavoces al mismo tiempo<\/div>\n<div class=\"newskasten\">\n<img loading=\"lazy\" decoding=\"async\" width=\"83\" height=\"83\" src=\"https:\/\/konferenztechnik.de\/wp-content\/uploads\/2018\/02\/biderektionale-uebertragung-1.png\" alt=\"Comunicaci\u00f3n bidireccional\" class=\"alignleft size-full wp-image-12477\" title=\"\"><br \/>\n[clear]<br \/>\nComunicaci\u00f3n bidireccional<\/div>\n<div class=\"newskasten\">\n<img loading=\"lazy\" decoding=\"async\" width=\"83\" height=\"83\" src=\"https:\/\/konferenztechnik.de\/wp-content\/uploads\/2018\/02\/dect.png\" alt=\"Beyerdynamic UNITE DECT est\u00e1ndar\" class=\"alignleft size-full wp-image-12470\" title=\"\"><br \/>\n[clear]<br \/>\nNorma DECT<\/div>\n<div class=\"newskasten\">\n<img loading=\"lazy\" decoding=\"async\" src=\"https:\/\/konferenztechnik.de\/wp-content\/uploads\/2018\/02\/Abhoersicher.png\" alt=\"Sistema de gu\u00eda a prueba de golpes\" width=\"83\" height=\"83\" class=\"alignleft size-full wp-image-12460\" title=\"\"><br \/>\n[clear]<br \/>\nA prueba de escuchas gracias al cifrado AES de 256 bits de \u00faltima generaci\u00f3n<\/div>\n<div class=\"newskasten\">\n<img decoding=\"async\" src=\"https:\/\/konferenztechnik.de\/wp-content\/uploads\/2018\/02\/Hohe-Reichweite.png\" alt=\"Gama alta\" class=\"alignleft size-full wp-image-12477\" title=\"\"><br \/>\n[clear]<br \/>\nGama alta<\/div>\n<div class=\"newskasten\">\n<img decoding=\"async\" src=\"https:\/\/konferenztechnik.de\/wp-content\/uploads\/2018\/02\/AktiveGeraeuschuunterdrueckung.png\" alt=\"Cancelaci\u00f3n activa del ruido\" class=\"alignleft size-full wp-image-12470\" title=\"\"><br \/>\n[clear]<br \/>\nCancelaci\u00f3n activa del ruido<\/div>\n<div class=\"newskasten\">\n<img loading=\"lazy\" decoding=\"async\" src=\"https:\/\/konferenztechnik.de\/wp-content\/uploads\/2018\/02\/AutomatischesFrequenz-undStoerungsmanagement.png\" alt=\"Gesti\u00f3n autom\u00e1tica de frecuencias y aver\u00edas\" width=\"83\" height=\"83\" class=\"alignleft size-full wp-image-12460\" title=\"\"><br \/>\n[clear]<br \/>\nFrecuencia autom\u00e1tica y<br \/>\nGesti\u00f3n de aver\u00edas<\/div>\n<div class=\"newskasten\">\n<img decoding=\"async\" src=\"https:\/\/konferenztechnik.de\/wp-content\/uploads\/2018\/02\/Barrierefreiheit-fuer-Schwerhoerige.png\" alt=\"Accesibilidad para las personas con discapacidad auditiva\" class=\"alignleft size-full wp-image-12477\" title=\"\"><br \/>\n[clear]<br \/>\nAccesibilidad<br \/>\npara personas con discapacidad auditiva<\/div>\n<div class=\"newskasten\">\n<img decoding=\"async\" src=\"https:\/\/konferenztechnik.de\/wp-content\/uploads\/2018\/02\/Lange-Betriebszeiten.png\" alt=\"Largos periodos de funcionamiento\" class=\"alignleft size-full wp-image-12470\" title=\"\"><br \/>\n[clear]<br \/>\nLargo<br \/>\nHoras de funcionamiento<\/div>\n<div class=\"newskasten\">\n<img loading=\"lazy\" decoding=\"async\" src=\"https:\/\/konferenztechnik.de\/wp-content\/uploads\/2018\/02\/32-Gruppen-Gleichzeitig.png\" alt=\"32 Grupos simult\u00e1neos\" width=\"83\" height=\"83\" class=\"alignleft size-full wp-image-12460\" title=\"\"><br \/>\n[clear]<br \/>\nHasta 32 grupos<br \/>\nal mismo tiempo<\/div>\n<\/div>\n<p>[clear]<\/p>\n<h2>Accesorios<\/h2>\n<p><img decoding=\"async\" src=\"https:\/\/konferenztechnik.de\/wp-content\/uploads\/2018\/02\/DT-287-Unite.jpg\" alt=\"DT 287 UNITE 80 Ohm, auricular\" width=\"850\" class=\"alignnone size-full wp-image-12615\" title=\"\"><\/p>\n<p>DT 287 UNITE 80 Ohm, auricular<br \/>\nCombinaci\u00f3n de un o\u00eddo\/audici\u00f3n\/altavoz con micr\u00f3fono de condensador (cardioide) y articulaci\u00f3n giratoria<br \/>\n[spacer size=\"10\u2033]<br \/>\n[list icon=\"moon-checkmark\" colour=\"#a62055\u2033] Auriculares cerrados[\/list]<br \/>\n[list icon=\"moon-checkmark\" colour=\"#a62055\u2033] Versi\u00f3n especial con micr\u00f3fono alimentado directamente[\/list]<br \/>\n[list icon=\"moon-checkmark\" colour=\"#a62055\u2033] Conexi\u00f3n de 6 clavijas, solo funcional con K109.25 u otros cables de la serie DT 109[\/list]<br \/>\n[list icon=\"moon-checkmark\" colour=\"#a62055\u2033] Almohadillas blandas y circumaurales, pr\u00e1ctico sistema de clic para cambiar las almohadillas[\/list].<\/p>\n<p>[spacer size=\"30\u2033]<\/p>\n<p><img decoding=\"async\" src=\"https:\/\/konferenztechnik.de\/wp-content\/uploads\/2018\/02\/TG-H56.jpg\" alt=\"DT 287 UNITE 80 Ohm, auricular\" width=\"850\" class=\"alignnone size-full wp-image-12615\" title=\"\"><br \/>\nTG H56, micr\u00f3fono de condensador de diadema (omnidireccional)<br \/>\nF\u00e1cil manejo, sonido natural y un ajuste \u00f3ptimo \u2013: las caracter\u00edsticas del micr\u00f3fono de diadema TG H56 se pueden resumir de forma sencilla. Ya sea en el escenario, en musicales, teatro o para presentadores: el TG H56 impresiona por su sonido equilibrado y su aspecto discreto.<\/p>\n<p>Gracias al cable desmontable, al mecanismo ajustable en el cuello y a los ganchos giratorios para las orejas, el TG H56 ofrece la m\u00e1xima flexibilidad y se adapta a casi cualquier forma de cabeza, incluso a la de los ni\u00f1os. Junto con la facilidad de colocaci\u00f3n gracias a la caracter\u00edstica omnidireccional, los TG H56 son los mejores auriculares para todos.<br \/>\n[spacer size=\"10\u2033]<\/p>\n<p>[list icon=\"moon-checkmark\" colour=\"#a62055\u2033] sonido natural[\/list]<\/p>\n<p>[list icon=\"moon-checkmark\" colour=\"#a62055\u2033] Caracter\u00edstica omnidireccional[\/list]<\/p>\n<p>[list icon=\"moon-checkmark\" colour=\"#a62055\u2033] sin efecto de proximidad debido a la caracter\u00edstica omnidireccional[\/list]<\/p>\n<p>[list icon=\"moon-checkmark\" colour=\"#a62055\u2033] c\u00e1psula peque\u00f1a \u00f8 3mm[\/list]<\/p>\n<p>[list icon=\"moon-checkmark\" colour=\"#a62055\u2033] nivel de presi\u00f3n ac\u00fastica m\u00e1x. alto (127 dB)[\/list]<\/p>\n<p>[list icon=\"moon-checkmark\" colour=\"#a62055\u2033] alta SNR, bajo ruido propio[\/list]<\/p>\n<p>[list icon=\"moon-checkmark\" colour=\"#a62055\u2033] mec\u00e1nica de filigrana[\/list]<\/p>\n<p>[list icon=\"moon-checkmark\" colour=\"#a62055\u2033] mecanismo de cuello ajustable[\/list]<\/p>\n<p>[list icon=\"moon-checkmark\" colour=\"#a62055\u2033] ganchos giratorios para colocar la c\u00e1psula a derecha o izquierda[\/list]<\/p>\n<p>[list icon=\"moon-checkmark\" colour=\"#a62055\u2033] Cable desmontable[\/list]<\/p>\n<p>[spacer size=\"30\u2033]<\/p>\n<h2>Comprar Beyerdynamic UNITE \u2013 Disponibilidad<\/h2>\n<p>El sistema UNITE se present\u00f3 en ISE 2018 en febrero de este a\u00f1o y a\u00fan se encuentra en la fase final de pruebas. Informaremos aqu\u00ed en cuanto el sistema est\u00e9 disponible.<\/p>\n<p><a href=\"https:\/\/konferenztechnik.de\/es\/sistema-de-guiado-de-visitantes-beyerdynamic-unite\/\">Beyerdynamic UNITE \u2013 Impresiones desde el ISE<\/a><\/p>\n<p><a href=\"https:\/\/konferenztechnik.de\/es\/sistema-de-comunicacion-beyerdynamic-unite\/\">Presentaci\u00f3n del producto: Beyerdynamic UNITE<\/a><br \/>\n<a href=\"\/es\/comprar-sistema-de-orientacion-personal\/\">Visi\u00f3n general de los sistemas de guiado de pasajeros<\/a><\/p>","protected":false},"excerpt":{"rendered":"<p>Beyerdynamic UNITE digitale F\u00fchrungsanlage \u2013 technische Daten [spacer size=&#8220;30&#8243;] Unite RP-T Taschenempf\u00e4nger mit Talkback-Funktion [list icon=&#8220;moon-checkmark&#8220; color=&#8220;#a62055&#8243;] Austauschbarer Lithium-Akku[\/list] [list icon=&#8220;moon-checkmark&#8220; color=&#8220;#a62055&#8243;] Mehr als 20 Stunden Betriebsdauer[\/list] [list icon=&#8220;moon-checkmark&#8220; color=&#8220;#a62055&#8243;] Ladekontakte &#038; USB-Ladem\u00f6glichkeit[\/list] [list icon=&#8220;moon-checkmark&#8220; color=&#8220;#a62055&#8243;] Kopfh\u00f6rer \/ Headset[\/list] [list icon=&#8220;moon-checkmark&#8220; color=&#8220;#a62055&#8243;] Induktions-Nackenschlaufe f\u00fcr H\u00f6rbehinderte[\/list] [list icon=&#8220;moon-checkmark&#8220; color=&#8220;#a62055&#8243;] Internes Mikrofon[\/list] [list icon=&#8220;moon-checkmark&#8220; color=&#8220;#a62055&#8243;] Talkback[\/list] [spacer [&hellip;]<\/p>","protected":false},"author":1,"featured_media":45482,"parent":0,"menu_order":0,"comment_status":"closed","ping_status":"closed","template":"","meta":{"_acf_changed":false,"footnotes":""},"class_list":["post-12605","page","type-page","status-publish","has-post-thumbnail","hentry"],"acf":[],"_links":{"self":[{"href":"https:\/\/konferenztechnik.de\/es\/wp-json\/wp\/v2\/pages\/12605","targetHints":{"allow":["GET"]}}],"collection":[{"href":"https:\/\/konferenztechnik.de\/es\/wp-json\/wp\/v2\/pages"}],"about":[{"href":"https:\/\/konferenztechnik.de\/es\/wp-json\/wp\/v2\/types\/page"}],"author":[{"embeddable":true,"href":"https:\/\/konferenztechnik.de\/es\/wp-json\/wp\/v2\/users\/1"}],"replies":[{"embeddable":true,"href":"https:\/\/konferenztechnik.de\/es\/wp-json\/wp\/v2\/comments?post=12605"}],"version-history":[{"count":0,"href":"https:\/\/konferenztechnik.de\/es\/wp-json\/wp\/v2\/pages\/12605\/revisions"}],"wp:featuredmedia":[{"embeddable":true,"href":"https:\/\/konferenztechnik.de\/es\/wp-json\/wp\/v2\/media\/45482"}],"wp:attachment":[{"href":"https:\/\/konferenztechnik.de\/es\/wp-json\/wp\/v2\/media?parent=12605"}],"curies":[{"name":"wp","href":"https:\/\/api.w.org\/{rel}","templated":true}]}}