{"id":1289,"date":"2013-08-23T13:43:12","date_gmt":"2013-08-23T11:43:12","guid":{"rendered":"https:\/\/pcs-miete.de\/?page_id=1289"},"modified":"2023-07-05T14:11:50","modified_gmt":"2023-07-05T12:11:50","slug":"tecnologia-de-audio-microfonos-refuerzo-sonoro-sala-de-control-y-reproduccion","status":"publish","type":"page","link":"https:\/\/konferenztechnik.de\/es\/distribucion-de-tecnologia-de-conferencia-y-av-media\/tecnologia-de-audio-microfonos-refuerzo-sonoro-sala-de-control-y-reproduccion\/","title":{"rendered":"Tecnolog\u00eda de audio: micr\u00f3fonos, refuerzo sonoro, sala de control y reproducci\u00f3n"},"content":{"rendered":"<h1>Tecnolog\u00eda de audio: micr\u00f3fonos, mesas de mezclas, sistema de sonido<\/h1>\n<p><a href=\"\/es\/distribucion-de-tecnologia-de-conferencia-y-av-media\/tecnologia-de-audio-microfonos-refuerzo-sonoro-sala-de-control-y-reproduccion\/microfonos\/\"><img fetchpriority=\"high\" decoding=\"async\" class=\"alignnone size-full wp-image-1208\" alt=\"a1\" src=\"https:\/\/konferenztechnik.de\/wp-content\/uploads\/2013\/08\/a1.jpg\" width=\"288\" height=\"198\" title=\"\"><\/a><a href=\"\/es\/distribucion-de-tecnologia-de-conferencia-y-av-media\/tecnologia-de-audio-microfonos-refuerzo-sonoro-sala-de-control-y-reproduccion\/microfonos\/\"><br \/>\nMicr\u00f3fonos<\/a><\/p>\n<p><a href=\"\/es\/distribucion-de-tecnologia-de-conferencia-y-av-media\/tecnologia-de-audio-microfonos-refuerzo-sonoro-sala-de-control-y-reproduccion\/sistema-de-sonido\/\"><img decoding=\"async\" class=\"alignnone size-full wp-image-1208\" alt=\"Pantallas y expositores\" src=\"https:\/\/konferenztechnik.de\/wp-content\/uploads\/2013\/08\/a2.jpg\" width=\"288\" height=\"198\" title=\"\"><\/a><a href=\"\/es\/distribucion-de-tecnologia-de-conferencia-y-av-media\/tecnologia-de-audio-microfonos-refuerzo-sonoro-sala-de-control-y-reproduccion\/sistema-de-sonido\/\"><br \/>\nSistema de sonido<\/a><\/p>\n<p><a href=\"\/es\/distribucion-de-tecnologia-de-conferencia-y-av-media\/tecnologia-de-audio-microfonos-refuerzo-sonoro-sala-de-control-y-reproduccion\/consolas-mezcladoras\/\"><img decoding=\"async\" class=\"alignnone size-full wp-image-1209\" alt=\"Soportes para proyectores\" src=\"https:\/\/konferenztechnik.de\/wp-content\/uploads\/2013\/08\/a3.jpg\" width=\"288\" height=\"198\" title=\"\"><\/a><a href=\"\/es\/distribucion-de-tecnologia-de-conferencia-y-av-media\/tecnologia-de-audio-microfonos-refuerzo-sonoro-sala-de-control-y-reproduccion\/consolas-mezcladoras\/\"><br \/>\nConsolas de mezcla<\/a><\/p>\n<p><a href=\"\/es\/distribucion-de-tecnologia-de-conferencia-y-av-media\/tecnologia-de-audio-microfonos-refuerzo-sonoro-sala-de-control-y-reproduccion\/dinamica-y-efectos\/\"><img loading=\"lazy\" decoding=\"async\" class=\"alignnone size-full wp-image-1211\" alt=\"Carcasas para proyectores\" src=\"https:\/\/konferenztechnik.de\/wp-content\/uploads\/2013\/08\/a4.jpg\" width=\"288\" height=\"198\" title=\"\"><\/a><a href=\"\/es\/distribucion-de-tecnologia-de-conferencia-y-av-media\/tecnologia-de-audio-microfonos-refuerzo-sonoro-sala-de-control-y-reproduccion\/dinamica-y-efectos\/\"><br \/>\nProcesamiento digital de se\u00f1ales (DSP)<\/a><\/p>\n<p><a href=\"\/es\/distribucion-de-tecnologia-de-conferencia-y-av-media\/registro\/\"><img loading=\"lazy\" decoding=\"async\" src=\"https:\/\/konferenztechnik.de\/wp-content\/uploads\/2013\/08\/audiotechnik-bei-pcs_marantz-mp3-rekorder.jpg\" alt=\"Tecnolog\u00eda de audio en PCS - Grabaci\u00f3n y registro\" width=\"288\" height=\"198\" class=\"alignleft size-full wp-image-3491\" title=\"\"><br \/>\nGrabaci\u00f3n y reproducci\u00f3n<\/a><\/p>\n<div class=\"boxcontainer\">\n<div class=\"box1-2\">\n<h1>Persona de contacto<\/h1>\n<\/div>\n<div class=\"box1-2-order\">\n<h1>Otros enlaces<\/h1>\n<\/div>\n<div class=\"box1-4\">\n<div class=\"box-head\">Distribuci\u00f3n y venta<\/div>\n<\/div>\n<div class=\"box2-4-2\" style=\"order:1;\">\n<div class=\"weiterlinks\">\n<ul>\n<a title=\"Distribuci\u00f3n por grupos de productos\" href=\"\/es\/grupos-de-productos\/\">Distribuci\u00f3n por grupos de productos<\/a><br \/>\n<a title=\"Distribuci\u00f3n por fabricante\" href=\"\/es\/fabricante\/\">Distribuci\u00f3n por fabricante<\/a><br \/>\n<a title=\"Productos a medida, mantenimiento y reparaciones\" href=\"\/es\/servicios-2\/mantenimiento-y-reparacion\/\">Productos a medida, mantenimiento y reparaciones<\/a><br \/>\n<a title=\"10 buenas razones para el PCS\" href=\"\/es\/quienes-somos\/10-buenas-razones-para-pcs\/\">10 buenas razones para el PCS<\/a><br \/>\n<a title=\"Referencias\" href=\"\/es\/quienes-somos\/lista-de-referencias-instalacion\/\">Referencias Instalaci\u00f3n e integraci\u00f3n<\/a><br \/>\n<a title=\"PCS: Todos los servicios de un vistazo\" href=\"\/es\/servicios-2\/\">PCS: Todos los servicios de un vistazo<\/a><\/ul>\n<\/div>\n<\/div>\n<\/div>","protected":false},"excerpt":{"rendered":"<p>Audiotechnik: Mikrofone, Mischpulte, Beschallung Mikrofone Beschallung Mischpulte Digital Signal Processing (DSP) Aufnahme und Wiedergabe Ansprechpartner Weiterf\u00fchrende Links Vertrieb und Verkauf Vertrieb nach Produktgruppen Vertrieb nach Hersteller Sonderanfertigungen, Wartung und Reparaturen 10 gute Gr\u00fcnde f\u00fcr PCS Referenzen Installation und Integration PCS: Alle Leistungen im \u00dcberblick<\/p>","protected":false},"author":1,"featured_media":45482,"parent":3614,"menu_order":219,"comment_status":"closed","ping_status":"open","template":"","meta":{"_acf_changed":false,"footnotes":""},"class_list":["post-1289","page","type-page","status-publish","has-post-thumbnail","hentry"],"acf":[],"_links":{"self":[{"href":"https:\/\/konferenztechnik.de\/es\/wp-json\/wp\/v2\/pages\/1289","targetHints":{"allow":["GET"]}}],"collection":[{"href":"https:\/\/konferenztechnik.de\/es\/wp-json\/wp\/v2\/pages"}],"about":[{"href":"https:\/\/konferenztechnik.de\/es\/wp-json\/wp\/v2\/types\/page"}],"author":[{"embeddable":true,"href":"https:\/\/konferenztechnik.de\/es\/wp-json\/wp\/v2\/users\/1"}],"replies":[{"embeddable":true,"href":"https:\/\/konferenztechnik.de\/es\/wp-json\/wp\/v2\/comments?post=1289"}],"version-history":[{"count":0,"href":"https:\/\/konferenztechnik.de\/es\/wp-json\/wp\/v2\/pages\/1289\/revisions"}],"up":[{"embeddable":true,"href":"https:\/\/konferenztechnik.de\/es\/wp-json\/wp\/v2\/pages\/3614"}],"wp:featuredmedia":[{"embeddable":true,"href":"https:\/\/konferenztechnik.de\/es\/wp-json\/wp\/v2\/media\/45482"}],"wp:attachment":[{"href":"https:\/\/konferenztechnik.de\/es\/wp-json\/wp\/v2\/media?parent=1289"}],"curies":[{"name":"wp","href":"https:\/\/api.w.org\/{rel}","templated":true}]}}